{"id":142450,"date":"2024-12-05T12:12:25","date_gmt":"2024-12-05T11:12:25","guid":{"rendered":"https:\/\/revolutionpadelstore.com\/?post_type=product&#038;p=142450"},"modified":"2026-04-27T14:00:39","modified_gmt":"2026-04-27T12:00:39","slug":"siux-pegasus-revolution-2-pro-1","status":"publish","type":"product","link":"https:\/\/revolutionpadelstore.com\/de\/produkt\/siux-pegasus-revolution-2-pro-1\/","title":{"rendered":"SIUX PEGASUS REVOLUTION 2 PRO"},"content":{"rendered":"<h2> <strong> Siux Pegasus Revolution 2: Eine Hochleistungs -Hybridschaufel <\/ strong> <\/ h2><br \/>\nDie <strong> Siux Pegasus Revolution 2 <\/strong> ist ein innovatives und entworfenes Muster des Musters speziell f\u00fcr fortschrittliche Spieler und Fachkr\u00e4fte, die ihre Leistung auf der Strecke maximieren m\u00f6chten. Sein Design zeichnet sich aus, um Eleganz mit einer h\u00f6heren Leistung zu kombinieren.<\/p>\n<p>Diese Hybridschaufel hat ein <strong> mittelgro\u00dfes Gleichgewicht <\/strong>, was ihm eine gro\u00dfe Vielseitigkeit im Spiel verleiht. Mit einem Gewicht zwischen 355 und 375 Gramm bietet es eine hervorragende Kombination aus Pr\u00e4zision und Kraft in jedem Schlag, was sich perfekt an die Bed\u00fcrfnisse der anspruchsvollsten Spieler anpasst.<\/p>\n<h2> <strong> Durchschnittlicher harter Ber\u00fchrung f\u00fcr ausgewogene Kontrolle und Leistung <\/ strong> <\/ h2><br \/>\nDer Kern von Eva -Gummi von <strong> hoher Qualit\u00e4t garantiert eine ideale Mischung aus Elastizit\u00e4t und Festigkeit und sorgt f\u00fcr das perfekte Gleichgewicht zwischen Kontrolle und Leistung. Gesichter mit <strong> 24K X-Carbon <\/strong> bieten einen halben Touch, der die Leistung in jedem Schlag optimiert. Ihr <strong> 12k <\/strong> tubular ist zu Widerstand und Haltbarkeit, wodurch ein hohes Leistungsniveau \u00fcber einen langen Zeitraum gew\u00e4hrleistet wird.<\/p>\n<h2> <strong> fortschrittliche Technologie f\u00fcr eine bessere Leistung <\/ strong> <\/ h2><br \/>\nDie Schaufel aus hochwertiger Materialien sieht ein helles schwarzes Finish mit violetten Details im Rahmen und im Herzen aus, was ihm eine moderne und raffinierte Note verleiht. Dar\u00fcber hinaus sorgt der <strong> Dual PR Grip <\/strong> in den intensivsten Momenten der Party einen festen und komfortablen Griff. Andererseits hilft die <strong> -Dockout -D\u00e4mpfer <\/strong> integrierte Schwingungen und steigern Komfort und Kontrolle.<\/p>\n<h2> <strong> Eine Schaufel f\u00fcr die anspruchsvollsten Spieler <\/ strong> <\/ h2><br \/>\nKurz gesagt, die <strong> Siux Pegasus Revolution 2 <\/strong> ist eine Schaufel, die f\u00fcr diejenigen entwickelt wurde, die auf der Strecke hervorragende Leistungen erbringen. Das Gleichgewicht zwischen Kontrolle und Strom und deren Konstruktion in Premium -Materialien und seinem attraktiven Design macht es zu einer herausragenden Option f\u00fcr Spieler, die in jedem Spiel eine h\u00f6here Leistung anstreben.<\/p>\n<h2><strong>Siux Pegasus Revolution 2: una pala h\u00edbrida de alto rendimiento<\/strong><\/p>\n","protected":false},"excerpt":{"rendered":"<p>Siux Pegasus Revolution 2, Premium -Qualit\u00e4tspaddelschaufel der Pro -Serie -Reihe. Hybridschaufel f\u00fcr fortschrittliche oder professionelle mittelgro\u00dfe Spieler mit 24 Karat X-Kohlenstoff-Kohlenstoff.<\/p>\n","protected":false},"featured_media":154970,"comment_status":"open","ping_status":"closed","template":"","meta":{"_acf_changed":false,"_joinchat":[]},"acabado":[1079],"balance":[1139],"dureza":[1159],"forma":[1174],"jugador":[1189,1199],"marca":[1304],"nivel-de-juego":[1334],"superficie":[1354],"tipo-de-juego":[1384],"product_brand":[],"product_cat":[299],"product_tag":[],"class_list":{"0":"post-142450","1":"product","2":"type-product","3":"status-publish","4":"has-post-thumbnail","6":"acabado-helligkeit","7":"balance-mittel","8":"dureza-dura-de","9":"forma-hybrid","10":"jugador-mann","11":"jugador-mehrzweck","12":"marca-siux-de","13":"superficie-lisa-de","14":"tipo-de-juego-mehrzweck","15":"product_cat-palas-de-padel-de","17":"first","18":"instock","19":"sale","20":"taxable","21":"shipping-taxable","22":"purchasable","23":"product-type-simple"},"acf":[],"yoast_head":"<!-- This site is optimized with the Yoast SEO plugin v27.5 - https:\/\/yoast.com\/product\/yoast-seo-wordpress\/ -->\n<title>SIUX PEGASUS REVOLUTION 2 PRO - Revolution Padel Store<\/title>\n<meta name=\"description\" content=\"La Siux Pegasus Revolution 2 es una pala de p\u00e1del innovadora y dise\u00f1ada espec\u00edficamente para jugadores avanzados y profesionales que buscan maximizar su desempe\u00f1o en la pista. Su dise\u00f1o destaca por combinar elegancia con una potencia superior.\" \/>\n<meta name=\"robots\" content=\"index, follow, max-snippet:-1, max-image-preview:large, max-video-preview:-1\" \/>\n<link rel=\"canonical\" href=\"https:\/\/revolutionpadelstore.com\/de\/produkt\/siux-pegasus-revolution-2-pro-1\/\" \/>\n<meta property=\"og:locale\" content=\"de_DE\" \/>\n<meta property=\"og:type\" content=\"article\" \/>\n<meta property=\"og:title\" content=\"SIUX PEGASUS REVOLUTION 2 PRO - Revolution Padel Store\" \/>\n<meta property=\"og:description\" content=\"La Siux Pegasus Revolution 2 es una pala de p\u00e1del innovadora y dise\u00f1ada espec\u00edficamente para jugadores avanzados y profesionales que buscan maximizar su desempe\u00f1o en la pista. Su dise\u00f1o destaca por combinar elegancia con una potencia superior.\" \/>\n<meta property=\"og:url\" content=\"https:\/\/revolutionpadelstore.com\/de\/produkt\/siux-pegasus-revolution-2-pro-1\/\" \/>\n<meta property=\"og:site_name\" content=\"Revolution Padel Store\" \/>\n<meta property=\"article:modified_time\" content=\"2026-04-27T12:00:39+00:00\" \/>\n<meta property=\"og:image\" content=\"https:\/\/revolutionpadelstore.com\/wp-content\/uploads\/2024\/12\/109481_siux_pegasus_revolution_2_1500x1500_vista1_c90d.webp\" \/>\n\t<meta property=\"og:image:width\" content=\"1500\" \/>\n\t<meta property=\"og:image:height\" content=\"1500\" \/>\n\t<meta property=\"og:image:type\" content=\"image\/webp\" \/>\n<meta name=\"twitter:card\" content=\"summary_large_image\" \/>\n<meta name=\"twitter:label1\" content=\"Gesch\u00e4tzte Lesezeit\" \/>\n\t<meta name=\"twitter:data1\" content=\"2\u00a0Minuten\" \/>\n<script type=\"application\/ld+json\" class=\"yoast-schema-graph\">{\"@context\":\"https:\\\/\\\/schema.org\",\"@graph\":[{\"@type\":\"WebPage\",\"@id\":\"https:\\\/\\\/revolutionpadelstore.com\\\/de\\\/produkt\\\/siux-pegasus-revolution-2-pro-1\\\/\",\"url\":\"https:\\\/\\\/revolutionpadelstore.com\\\/de\\\/produkt\\\/siux-pegasus-revolution-2-pro-1\\\/\",\"name\":\"SIUX PEGASUS REVOLUTION 2 PRO - Revolution Padel Store\",\"isPartOf\":{\"@id\":\"https:\\\/\\\/revolutionpadelstore.com\\\/de\\\/#website\"},\"primaryImageOfPage\":{\"@id\":\"https:\\\/\\\/revolutionpadelstore.com\\\/de\\\/produkt\\\/siux-pegasus-revolution-2-pro-1\\\/#primaryimage\"},\"image\":{\"@id\":\"https:\\\/\\\/revolutionpadelstore.com\\\/de\\\/produkt\\\/siux-pegasus-revolution-2-pro-1\\\/#primaryimage\"},\"thumbnailUrl\":\"https:\\\/\\\/revolutionpadelstore.com\\\/wp-content\\\/uploads\\\/2024\\\/12\\\/109481_siux_pegasus_revolution_2_1500x1500_vista1_c90d.webp\",\"datePublished\":\"2024-12-05T11:12:25+00:00\",\"dateModified\":\"2026-04-27T12:00:39+00:00\",\"description\":\"La Siux Pegasus Revolution 2 es una pala de p\u00e1del innovadora y dise\u00f1ada espec\u00edficamente para jugadores avanzados y profesionales que buscan maximizar su desempe\u00f1o en la pista. Su dise\u00f1o destaca por combinar elegancia con una potencia superior.\",\"breadcrumb\":{\"@id\":\"https:\\\/\\\/revolutionpadelstore.com\\\/de\\\/produkt\\\/siux-pegasus-revolution-2-pro-1\\\/#breadcrumb\"},\"inLanguage\":\"de\",\"potentialAction\":[{\"@type\":\"ReadAction\",\"target\":[\"https:\\\/\\\/revolutionpadelstore.com\\\/de\\\/produkt\\\/siux-pegasus-revolution-2-pro-1\\\/\"]}]},{\"@type\":\"ImageObject\",\"inLanguage\":\"de\",\"@id\":\"https:\\\/\\\/revolutionpadelstore.com\\\/de\\\/produkt\\\/siux-pegasus-revolution-2-pro-1\\\/#primaryimage\",\"url\":\"https:\\\/\\\/revolutionpadelstore.com\\\/wp-content\\\/uploads\\\/2024\\\/12\\\/109481_siux_pegasus_revolution_2_1500x1500_vista1_c90d.webp\",\"contentUrl\":\"https:\\\/\\\/revolutionpadelstore.com\\\/wp-content\\\/uploads\\\/2024\\\/12\\\/109481_siux_pegasus_revolution_2_1500x1500_vista1_c90d.webp\",\"width\":1500,\"height\":1500},{\"@type\":\"BreadcrumbList\",\"@id\":\"https:\\\/\\\/revolutionpadelstore.com\\\/de\\\/produkt\\\/siux-pegasus-revolution-2-pro-1\\\/#breadcrumb\",\"itemListElement\":[{\"@type\":\"ListItem\",\"position\":1,\"name\":\"Portada\",\"item\":\"https:\\\/\\\/revolutionpadelstore.com\\\/de\\\/\"},{\"@type\":\"ListItem\",\"position\":2,\"name\":\"Shop\",\"item\":\"https:\\\/\\\/revolutionpadelstore.com\\\/de\\\/tienda\\\/\"},{\"@type\":\"ListItem\",\"position\":3,\"name\":\"SIUX PEGASUS REVOLUTION 2 PRO\"}]},{\"@type\":\"WebSite\",\"@id\":\"https:\\\/\\\/revolutionpadelstore.com\\\/de\\\/#website\",\"url\":\"https:\\\/\\\/revolutionpadelstore.com\\\/de\\\/\",\"name\":\"Revolution Padel Store\",\"description\":\"\",\"publisher\":{\"@id\":\"https:\\\/\\\/revolutionpadelstore.com\\\/de\\\/#organization\"},\"potentialAction\":[{\"@type\":\"SearchAction\",\"target\":{\"@type\":\"EntryPoint\",\"urlTemplate\":\"https:\\\/\\\/revolutionpadelstore.com\\\/de\\\/?s={search_term_string}\"},\"query-input\":{\"@type\":\"PropertyValueSpecification\",\"valueRequired\":true,\"valueName\":\"search_term_string\"}}],\"inLanguage\":\"de\"},{\"@type\":\"Organization\",\"@id\":\"https:\\\/\\\/revolutionpadelstore.com\\\/de\\\/#organization\",\"name\":\"Revolution Padel Store\",\"url\":\"https:\\\/\\\/revolutionpadelstore.com\\\/de\\\/\",\"logo\":{\"@type\":\"ImageObject\",\"inLanguage\":\"de\",\"@id\":\"https:\\\/\\\/revolutionpadelstore.com\\\/de\\\/#\\\/schema\\\/logo\\\/image\\\/\",\"url\":\"https:\\\/\\\/revolutionpadelstore.com\\\/wp-content\\\/uploads\\\/2026\\\/02\\\/revolution-padel-store.jpg\",\"contentUrl\":\"https:\\\/\\\/revolutionpadelstore.com\\\/wp-content\\\/uploads\\\/2026\\\/02\\\/revolution-padel-store.jpg\",\"width\":2000,\"height\":2000,\"caption\":\"Revolution Padel Store\"},\"image\":{\"@id\":\"https:\\\/\\\/revolutionpadelstore.com\\\/de\\\/#\\\/schema\\\/logo\\\/image\\\/\"},\"sameAs\":[\"https:\\\/\\\/www.instagram.com\\\/revolutionpadelstore\\\/\"]}]}<\/script>\n<!-- \/ Yoast SEO plugin. -->","yoast_head_json":{"title":"SIUX PEGASUS REVOLUTION 2 PRO - Revolution Padel Store","description":"La Siux Pegasus Revolution 2 es una pala de p\u00e1del innovadora y dise\u00f1ada espec\u00edficamente para jugadores avanzados y profesionales que buscan maximizar su desempe\u00f1o en la pista. Su dise\u00f1o destaca por combinar elegancia con una potencia superior.","robots":{"index":"index","follow":"follow","max-snippet":"max-snippet:-1","max-image-preview":"max-image-preview:large","max-video-preview":"max-video-preview:-1"},"canonical":"https:\/\/revolutionpadelstore.com\/de\/produkt\/siux-pegasus-revolution-2-pro-1\/","og_locale":"de_DE","og_type":"article","og_title":"SIUX PEGASUS REVOLUTION 2 PRO - Revolution Padel Store","og_description":"La Siux Pegasus Revolution 2 es una pala de p\u00e1del innovadora y dise\u00f1ada espec\u00edficamente para jugadores avanzados y profesionales que buscan maximizar su desempe\u00f1o en la pista. Su dise\u00f1o destaca por combinar elegancia con una potencia superior.","og_url":"https:\/\/revolutionpadelstore.com\/de\/produkt\/siux-pegasus-revolution-2-pro-1\/","og_site_name":"Revolution Padel Store","article_modified_time":"2026-04-27T12:00:39+00:00","og_image":[{"width":1500,"height":1500,"url":"https:\/\/revolutionpadelstore.com\/wp-content\/uploads\/2024\/12\/109481_siux_pegasus_revolution_2_1500x1500_vista1_c90d.webp","type":"image\/webp"}],"twitter_card":"summary_large_image","twitter_misc":{"Gesch\u00e4tzte Lesezeit":"2\u00a0Minuten"},"schema":{"@context":"https:\/\/schema.org","@graph":[{"@type":"WebPage","@id":"https:\/\/revolutionpadelstore.com\/de\/produkt\/siux-pegasus-revolution-2-pro-1\/","url":"https:\/\/revolutionpadelstore.com\/de\/produkt\/siux-pegasus-revolution-2-pro-1\/","name":"SIUX PEGASUS REVOLUTION 2 PRO - Revolution Padel Store","isPartOf":{"@id":"https:\/\/revolutionpadelstore.com\/de\/#website"},"primaryImageOfPage":{"@id":"https:\/\/revolutionpadelstore.com\/de\/produkt\/siux-pegasus-revolution-2-pro-1\/#primaryimage"},"image":{"@id":"https:\/\/revolutionpadelstore.com\/de\/produkt\/siux-pegasus-revolution-2-pro-1\/#primaryimage"},"thumbnailUrl":"https:\/\/revolutionpadelstore.com\/wp-content\/uploads\/2024\/12\/109481_siux_pegasus_revolution_2_1500x1500_vista1_c90d.webp","datePublished":"2024-12-05T11:12:25+00:00","dateModified":"2026-04-27T12:00:39+00:00","description":"La Siux Pegasus Revolution 2 es una pala de p\u00e1del innovadora y dise\u00f1ada espec\u00edficamente para jugadores avanzados y profesionales que buscan maximizar su desempe\u00f1o en la pista. Su dise\u00f1o destaca por combinar elegancia con una potencia superior.","breadcrumb":{"@id":"https:\/\/revolutionpadelstore.com\/de\/produkt\/siux-pegasus-revolution-2-pro-1\/#breadcrumb"},"inLanguage":"de","potentialAction":[{"@type":"ReadAction","target":["https:\/\/revolutionpadelstore.com\/de\/produkt\/siux-pegasus-revolution-2-pro-1\/"]}]},{"@type":"ImageObject","inLanguage":"de","@id":"https:\/\/revolutionpadelstore.com\/de\/produkt\/siux-pegasus-revolution-2-pro-1\/#primaryimage","url":"https:\/\/revolutionpadelstore.com\/wp-content\/uploads\/2024\/12\/109481_siux_pegasus_revolution_2_1500x1500_vista1_c90d.webp","contentUrl":"https:\/\/revolutionpadelstore.com\/wp-content\/uploads\/2024\/12\/109481_siux_pegasus_revolution_2_1500x1500_vista1_c90d.webp","width":1500,"height":1500},{"@type":"BreadcrumbList","@id":"https:\/\/revolutionpadelstore.com\/de\/produkt\/siux-pegasus-revolution-2-pro-1\/#breadcrumb","itemListElement":[{"@type":"ListItem","position":1,"name":"Portada","item":"https:\/\/revolutionpadelstore.com\/de\/"},{"@type":"ListItem","position":2,"name":"Shop","item":"https:\/\/revolutionpadelstore.com\/de\/tienda\/"},{"@type":"ListItem","position":3,"name":"SIUX PEGASUS REVOLUTION 2 PRO"}]},{"@type":"WebSite","@id":"https:\/\/revolutionpadelstore.com\/de\/#website","url":"https:\/\/revolutionpadelstore.com\/de\/","name":"Revolution Padel Store","description":"","publisher":{"@id":"https:\/\/revolutionpadelstore.com\/de\/#organization"},"potentialAction":[{"@type":"SearchAction","target":{"@type":"EntryPoint","urlTemplate":"https:\/\/revolutionpadelstore.com\/de\/?s={search_term_string}"},"query-input":{"@type":"PropertyValueSpecification","valueRequired":true,"valueName":"search_term_string"}}],"inLanguage":"de"},{"@type":"Organization","@id":"https:\/\/revolutionpadelstore.com\/de\/#organization","name":"Revolution Padel Store","url":"https:\/\/revolutionpadelstore.com\/de\/","logo":{"@type":"ImageObject","inLanguage":"de","@id":"https:\/\/revolutionpadelstore.com\/de\/#\/schema\/logo\/image\/","url":"https:\/\/revolutionpadelstore.com\/wp-content\/uploads\/2026\/02\/revolution-padel-store.jpg","contentUrl":"https:\/\/revolutionpadelstore.com\/wp-content\/uploads\/2026\/02\/revolution-padel-store.jpg","width":2000,"height":2000,"caption":"Revolution Padel Store"},"image":{"@id":"https:\/\/revolutionpadelstore.com\/de\/#\/schema\/logo\/image\/"},"sameAs":["https:\/\/www.instagram.com\/revolutionpadelstore\/"]}]}},"_links":{"self":[{"href":"https:\/\/revolutionpadelstore.com\/de\/wp-json\/wp\/v2\/product\/142450","targetHints":{"allow":["GET"]}}],"collection":[{"href":"https:\/\/revolutionpadelstore.com\/de\/wp-json\/wp\/v2\/product"}],"about":[{"href":"https:\/\/revolutionpadelstore.com\/de\/wp-json\/wp\/v2\/types\/product"}],"replies":[{"embeddable":true,"href":"https:\/\/revolutionpadelstore.com\/de\/wp-json\/wp\/v2\/comments?post=142450"}],"wp:featuredmedia":[{"embeddable":true,"href":"https:\/\/revolutionpadelstore.com\/de\/wp-json\/wp\/v2\/media\/154970"}],"wp:attachment":[{"href":"https:\/\/revolutionpadelstore.com\/de\/wp-json\/wp\/v2\/media?parent=142450"}],"wp:term":[{"taxonomy":"acabado","embeddable":true,"href":"https:\/\/revolutionpadelstore.com\/de\/wp-json\/wp\/v2\/acabado?post=142450"},{"taxonomy":"balance","embeddable":true,"href":"https:\/\/revolutionpadelstore.com\/de\/wp-json\/wp\/v2\/balance?post=142450"},{"taxonomy":"dureza","embeddable":true,"href":"https:\/\/revolutionpadelstore.com\/de\/wp-json\/wp\/v2\/dureza?post=142450"},{"taxonomy":"forma","embeddable":true,"href":"https:\/\/revolutionpadelstore.com\/de\/wp-json\/wp\/v2\/forma?post=142450"},{"taxonomy":"jugador","embeddable":true,"href":"https:\/\/revolutionpadelstore.com\/de\/wp-json\/wp\/v2\/jugador?post=142450"},{"taxonomy":"marca","embeddable":true,"href":"https:\/\/revolutionpadelstore.com\/de\/wp-json\/wp\/v2\/marca?post=142450"},{"taxonomy":"nivel-de-juego","embeddable":true,"href":"https:\/\/revolutionpadelstore.com\/de\/wp-json\/wp\/v2\/nivel-de-juego?post=142450"},{"taxonomy":"superficie","embeddable":true,"href":"https:\/\/revolutionpadelstore.com\/de\/wp-json\/wp\/v2\/superficie?post=142450"},{"taxonomy":"tipo-de-juego","embeddable":true,"href":"https:\/\/revolutionpadelstore.com\/de\/wp-json\/wp\/v2\/tipo-de-juego?post=142450"},{"taxonomy":"product_brand","embeddable":true,"href":"https:\/\/revolutionpadelstore.com\/de\/wp-json\/wp\/v2\/product_brand?post=142450"},{"taxonomy":"product_cat","embeddable":true,"href":"https:\/\/revolutionpadelstore.com\/de\/wp-json\/wp\/v2\/product_cat?post=142450"},{"taxonomy":"product_tag","embeddable":true,"href":"https:\/\/revolutionpadelstore.com\/de\/wp-json\/wp\/v2\/product_tag?post=142450"}],"curies":[{"name":"wp","href":"https:\/\/api.w.org\/{rel}","templated":true}]}}