{"id":142301,"date":"2024-12-04T23:01:58","date_gmt":"2024-12-04T22:01:58","guid":{"rendered":"https:\/\/revolutionpadelstore.com\/joma-spin-men-2402-blanco-amarillo\/"},"modified":"2026-04-01T06:29:00","modified_gmt":"2026-04-01T04:29:00","slug":"joma-spin-men-2402-blanco-amarillo-1","status":"publish","type":"product","link":"https:\/\/revolutionpadelstore.com\/de\/produkt\/joma-spin-men-2402-blanco-amarillo-1\/","title":{"rendered":"JOMA SPIN MEN 2402 BLANCO AMARILLO"},"content":{"rendered":"<p>Entdecken Sie die <strong> Joma Spin Men 2402 White Yellow 2024 <\/strong>, die sorgf\u00e4ltig mit der Zusammenarbeit von professionellen Paddelspielern entworfen wurden, um Ihnen professionelle Schuhe zu bieten. Diese Schuhe perfekt f\u00fcr Medien- und Wettbewerbstraining sind die ideale Wahl f\u00fcr Spieler mit mittlerem Gewicht, die nach einer beispiellosen Kombination aus Leistung und Komfort suchen.<\/p>\n<p>Mit einem gro\u00dfen letzten bieten die Schuhe eine au\u00dfergew\u00f6hnliche Einstellung, w\u00e4hrend der obere Teil eine Mischung aus leichten und atmungsaktiven Materialien mit VTS -Technologie w\u00e4hrend des gesamten Spiels Frische und Komfort garantiert. Die innovative FlexShield -Technologie und das vollst\u00e4ndige Dual -Dual -Pulsor -D\u00e4mpfungssystem werden bei jedem Schritt Stabilit\u00e4t, Schutz und dynamische Reaktion bieten.<br \/>\n<H3 class=\"Zonadepadel\"> Eigenschaften der Joma Spin Men 2402 Wei\u00df gelbe Schuhe <\/ H3><\/p>\n<ul>\n<li> VTS -Technologie f\u00fcr optimale Atmungsaktivit\u00e4t, halten Sie Ihren Fu\u00df frisch und trocken. <\/li>\n<li> FlexShield -Schutz f\u00fcr eine perfekte Kombination aus Leichtigkeit, Anpassung und Stabilit\u00e4t\n<li> Dual Dual Impulsd\u00e4mpfung mit dichtem Phylon f\u00fcr Stabilit\u00e4t und reaktiver Ball f\u00fcr eine agile Reaktion\n<li> EXO -Z\u00e4hler f\u00fcr \u00fcberlegene Schutz vor externen Auswirkungen\n<li> Gummi -Dadabilit\u00e4t Sole, um Abrieb zu widerstehen und die Haltbarkeit zu garantieren. <\/li>\n<li> Es geh\u00f6rt zur Padel -Schuhkollektion Joma 2024. <\/li>\n<\/ul>\n<p><H3> <span class=\"zonadepadel\"> Wer wird es geleitet?<br \/>\nDie Joma Spin Men 2402-Schuhe richten sich an mittelgro\u00dfe bis hohe Paddelspieler, insbesondere auf die mit mittlerem Gewicht, die sowohl Komfort als auch Leistung sch\u00e4tzen. Mit einem breiten letzten sind sie perfekt f\u00fcr diejenigen, die eine h\u00f6here Anpassung und Unterst\u00fctzung f\u00fcr intensive Spielsitzungen suchen.<br \/>\n<H3> <span class=\"zonadepadel\"> Warum wirst du m\u00f6gen?<br \/>\nSie werden diese Schuhe f\u00fcr ihr innovatives Design lieben, das den Komfort f\u00fcr die Leistung nicht beeintr\u00e4chtigt. Die Kombination von Technologien wie VTS und vollem Doppelpulsor bietet Ihnen ein beispielloses Spielerlebnis und erm\u00f6glicht es Ihnen, sich mit Freiheit und Sicherheit auf der Strecke zu bewegen.<strong>zapatillas Joma Spin Men 2402 white yellow 2024<\/strong><\/p>\n","protected":false},"excerpt":{"rendered":"<p>Erh\u00f6hen Sie Ihr Spiel mit den Joma Spin Men 2402 Schuhen in Wei\u00df und Gelb. Innovatives Design, Komfort und Haltbarkeit f\u00fcr Paddel<\/p>\n","protected":false},"featured_media":142243,"comment_status":"open","ping_status":"closed","template":"","meta":{"_acf_changed":false,"_joinchat":[]},"acabado":[],"balance":[],"dureza":[],"forma":[],"jugador":[1189],"marca":[1224],"nivel-de-juego":[],"superficie":[],"tipo-de-juego":[],"product_brand":[],"product_cat":[831],"product_tag":[],"class_list":{"0":"post-142301","1":"product","2":"type-product","3":"status-publish","4":"has-post-thumbnail","6":"jugador-mann","7":"marca-joma-de","8":"product_cat-turnschuhe","10":"first","11":"outofstock","12":"sale","13":"taxable","14":"shipping-taxable","15":"purchasable","16":"product-type-variable"},"acf":[],"yoast_head":"<!-- This site is optimized with the Yoast SEO plugin v27.3 - https:\/\/yoast.com\/product\/yoast-seo-wordpress\/ -->\n<title>JOMA SPIN MEN 2402 BLANCO AMARILLO - Revolution Padel Store<\/title>\n<meta name=\"description\" content=\"Explora las\u00a0zapatillas Joma Spin Men 2402 white yellow 2024, dise\u00f1adas meticulosamente con la colaboraci\u00f3n de jugadores profesionales de p\u00e1del para ofrecerte un calzado de nivel profesional. Perfectas para entrenamientos medios y competiciones, estas zapatillas son la elecci\u00f3n ideal para jugadores de peso medio-alto que buscan una combinaci\u00f3n sin precedentes de rendimiento y comodidad.\" \/>\n<meta name=\"robots\" content=\"index, follow, max-snippet:-1, max-image-preview:large, max-video-preview:-1\" \/>\n<link rel=\"canonical\" href=\"https:\/\/revolutionpadelstore.com\/de\/produkt\/joma-spin-men-2402-blanco-amarillo-1\/\" \/>\n<meta property=\"og:locale\" content=\"de_DE\" \/>\n<meta property=\"og:type\" content=\"article\" \/>\n<meta property=\"og:title\" content=\"JOMA SPIN MEN 2402 BLANCO AMARILLO - Revolution Padel Store\" \/>\n<meta property=\"og:description\" content=\"Explora las\u00a0zapatillas Joma Spin Men 2402 white yellow 2024, dise\u00f1adas meticulosamente con la colaboraci\u00f3n de jugadores profesionales de p\u00e1del para ofrecerte un calzado de nivel profesional. Perfectas para entrenamientos medios y competiciones, estas zapatillas son la elecci\u00f3n ideal para jugadores de peso medio-alto que buscan una combinaci\u00f3n sin precedentes de rendimiento y comodidad.\" \/>\n<meta property=\"og:url\" content=\"https:\/\/revolutionpadelstore.com\/de\/produkt\/joma-spin-men-2402-blanco-amarillo-1\/\" \/>\n<meta property=\"og:site_name\" content=\"Revolution Padel Store\" \/>\n<meta property=\"article:modified_time\" content=\"2026-04-01T04:29:00+00:00\" \/>\n<meta property=\"og:image\" content=\"https:\/\/revolutionpadelstore.com\/wp-content\/uploads\/2024\/12\/56.png\" \/>\n\t<meta property=\"og:image:width\" content=\"1500\" \/>\n\t<meta property=\"og:image:height\" content=\"1500\" \/>\n\t<meta property=\"og:image:type\" content=\"image\/png\" \/>\n<meta name=\"twitter:card\" content=\"summary_large_image\" \/>\n<meta name=\"twitter:label1\" content=\"Gesch\u00e4tzte Lesezeit\" \/>\n\t<meta name=\"twitter:data1\" content=\"2\u00a0Minuten\" \/>\n<script type=\"application\/ld+json\" class=\"yoast-schema-graph\">{\"@context\":\"https:\\\/\\\/schema.org\",\"@graph\":[{\"@type\":\"WebPage\",\"@id\":\"https:\\\/\\\/revolutionpadelstore.com\\\/de\\\/produkt\\\/joma-spin-men-2402-blanco-amarillo-1\\\/\",\"url\":\"https:\\\/\\\/revolutionpadelstore.com\\\/de\\\/produkt\\\/joma-spin-men-2402-blanco-amarillo-1\\\/\",\"name\":\"JOMA SPIN MEN 2402 BLANCO AMARILLO - Revolution Padel Store\",\"isPartOf\":{\"@id\":\"https:\\\/\\\/revolutionpadelstore.com\\\/de\\\/#website\"},\"primaryImageOfPage\":{\"@id\":\"https:\\\/\\\/revolutionpadelstore.com\\\/de\\\/produkt\\\/joma-spin-men-2402-blanco-amarillo-1\\\/#primaryimage\"},\"image\":{\"@id\":\"https:\\\/\\\/revolutionpadelstore.com\\\/de\\\/produkt\\\/joma-spin-men-2402-blanco-amarillo-1\\\/#primaryimage\"},\"thumbnailUrl\":\"https:\\\/\\\/revolutionpadelstore.com\\\/wp-content\\\/uploads\\\/2024\\\/12\\\/56.png\",\"datePublished\":\"2024-12-04T22:01:58+00:00\",\"dateModified\":\"2026-04-01T04:29:00+00:00\",\"description\":\"Explora las\u00a0zapatillas Joma Spin Men 2402 white yellow 2024, dise\u00f1adas meticulosamente con la colaboraci\u00f3n de jugadores profesionales de p\u00e1del para ofrecerte un calzado de nivel profesional. Perfectas para entrenamientos medios y competiciones, estas zapatillas son la elecci\u00f3n ideal para jugadores de peso medio-alto que buscan una combinaci\u00f3n sin precedentes de rendimiento y comodidad.\",\"breadcrumb\":{\"@id\":\"https:\\\/\\\/revolutionpadelstore.com\\\/de\\\/produkt\\\/joma-spin-men-2402-blanco-amarillo-1\\\/#breadcrumb\"},\"inLanguage\":\"de\",\"potentialAction\":[{\"@type\":\"ReadAction\",\"target\":[\"https:\\\/\\\/revolutionpadelstore.com\\\/de\\\/produkt\\\/joma-spin-men-2402-blanco-amarillo-1\\\/\"]}]},{\"@type\":\"ImageObject\",\"inLanguage\":\"de\",\"@id\":\"https:\\\/\\\/revolutionpadelstore.com\\\/de\\\/produkt\\\/joma-spin-men-2402-blanco-amarillo-1\\\/#primaryimage\",\"url\":\"https:\\\/\\\/revolutionpadelstore.com\\\/wp-content\\\/uploads\\\/2024\\\/12\\\/56.png\",\"contentUrl\":\"https:\\\/\\\/revolutionpadelstore.com\\\/wp-content\\\/uploads\\\/2024\\\/12\\\/56.png\",\"width\":1500,\"height\":1500},{\"@type\":\"BreadcrumbList\",\"@id\":\"https:\\\/\\\/revolutionpadelstore.com\\\/de\\\/produkt\\\/joma-spin-men-2402-blanco-amarillo-1\\\/#breadcrumb\",\"itemListElement\":[{\"@type\":\"ListItem\",\"position\":1,\"name\":\"Portada\",\"item\":\"https:\\\/\\\/revolutionpadelstore.com\\\/de\\\/\"},{\"@type\":\"ListItem\",\"position\":2,\"name\":\"Shop\",\"item\":\"https:\\\/\\\/revolutionpadelstore.com\\\/de\\\/tienda\\\/\"},{\"@type\":\"ListItem\",\"position\":3,\"name\":\"JOMA SPIN MEN 2402 BLANCO AMARILLO\"}]},{\"@type\":\"WebSite\",\"@id\":\"https:\\\/\\\/revolutionpadelstore.com\\\/de\\\/#website\",\"url\":\"https:\\\/\\\/revolutionpadelstore.com\\\/de\\\/\",\"name\":\"Revolution Padel Store\",\"description\":\"\",\"publisher\":{\"@id\":\"https:\\\/\\\/revolutionpadelstore.com\\\/de\\\/#organization\"},\"potentialAction\":[{\"@type\":\"SearchAction\",\"target\":{\"@type\":\"EntryPoint\",\"urlTemplate\":\"https:\\\/\\\/revolutionpadelstore.com\\\/de\\\/?s={search_term_string}\"},\"query-input\":{\"@type\":\"PropertyValueSpecification\",\"valueRequired\":true,\"valueName\":\"search_term_string\"}}],\"inLanguage\":\"de\"},{\"@type\":\"Organization\",\"@id\":\"https:\\\/\\\/revolutionpadelstore.com\\\/de\\\/#organization\",\"name\":\"Revolution Padel Store\",\"url\":\"https:\\\/\\\/revolutionpadelstore.com\\\/de\\\/\",\"logo\":{\"@type\":\"ImageObject\",\"inLanguage\":\"de\",\"@id\":\"https:\\\/\\\/revolutionpadelstore.com\\\/de\\\/#\\\/schema\\\/logo\\\/image\\\/\",\"url\":\"https:\\\/\\\/revolutionpadelstore.com\\\/wp-content\\\/uploads\\\/2026\\\/02\\\/revolution-padel-store.jpg\",\"contentUrl\":\"https:\\\/\\\/revolutionpadelstore.com\\\/wp-content\\\/uploads\\\/2026\\\/02\\\/revolution-padel-store.jpg\",\"width\":2000,\"height\":2000,\"caption\":\"Revolution Padel Store\"},\"image\":{\"@id\":\"https:\\\/\\\/revolutionpadelstore.com\\\/de\\\/#\\\/schema\\\/logo\\\/image\\\/\"},\"sameAs\":[\"https:\\\/\\\/www.instagram.com\\\/revolutionpadelstore\\\/\"]}]}<\/script>\n<!-- \/ Yoast SEO plugin. -->","yoast_head_json":{"title":"JOMA SPIN MEN 2402 BLANCO AMARILLO - Revolution Padel Store","description":"Explora las\u00a0zapatillas Joma Spin Men 2402 white yellow 2024, dise\u00f1adas meticulosamente con la colaboraci\u00f3n de jugadores profesionales de p\u00e1del para ofrecerte un calzado de nivel profesional. Perfectas para entrenamientos medios y competiciones, estas zapatillas son la elecci\u00f3n ideal para jugadores de peso medio-alto que buscan una combinaci\u00f3n sin precedentes de rendimiento y comodidad.","robots":{"index":"index","follow":"follow","max-snippet":"max-snippet:-1","max-image-preview":"max-image-preview:large","max-video-preview":"max-video-preview:-1"},"canonical":"https:\/\/revolutionpadelstore.com\/de\/produkt\/joma-spin-men-2402-blanco-amarillo-1\/","og_locale":"de_DE","og_type":"article","og_title":"JOMA SPIN MEN 2402 BLANCO AMARILLO - Revolution Padel Store","og_description":"Explora las\u00a0zapatillas Joma Spin Men 2402 white yellow 2024, dise\u00f1adas meticulosamente con la colaboraci\u00f3n de jugadores profesionales de p\u00e1del para ofrecerte un calzado de nivel profesional. Perfectas para entrenamientos medios y competiciones, estas zapatillas son la elecci\u00f3n ideal para jugadores de peso medio-alto que buscan una combinaci\u00f3n sin precedentes de rendimiento y comodidad.","og_url":"https:\/\/revolutionpadelstore.com\/de\/produkt\/joma-spin-men-2402-blanco-amarillo-1\/","og_site_name":"Revolution Padel Store","article_modified_time":"2026-04-01T04:29:00+00:00","og_image":[{"width":1500,"height":1500,"url":"https:\/\/revolutionpadelstore.com\/wp-content\/uploads\/2024\/12\/56.png","type":"image\/png"}],"twitter_card":"summary_large_image","twitter_misc":{"Gesch\u00e4tzte Lesezeit":"2\u00a0Minuten"},"schema":{"@context":"https:\/\/schema.org","@graph":[{"@type":"WebPage","@id":"https:\/\/revolutionpadelstore.com\/de\/produkt\/joma-spin-men-2402-blanco-amarillo-1\/","url":"https:\/\/revolutionpadelstore.com\/de\/produkt\/joma-spin-men-2402-blanco-amarillo-1\/","name":"JOMA SPIN MEN 2402 BLANCO AMARILLO - Revolution Padel Store","isPartOf":{"@id":"https:\/\/revolutionpadelstore.com\/de\/#website"},"primaryImageOfPage":{"@id":"https:\/\/revolutionpadelstore.com\/de\/produkt\/joma-spin-men-2402-blanco-amarillo-1\/#primaryimage"},"image":{"@id":"https:\/\/revolutionpadelstore.com\/de\/produkt\/joma-spin-men-2402-blanco-amarillo-1\/#primaryimage"},"thumbnailUrl":"https:\/\/revolutionpadelstore.com\/wp-content\/uploads\/2024\/12\/56.png","datePublished":"2024-12-04T22:01:58+00:00","dateModified":"2026-04-01T04:29:00+00:00","description":"Explora las\u00a0zapatillas Joma Spin Men 2402 white yellow 2024, dise\u00f1adas meticulosamente con la colaboraci\u00f3n de jugadores profesionales de p\u00e1del para ofrecerte un calzado de nivel profesional. Perfectas para entrenamientos medios y competiciones, estas zapatillas son la elecci\u00f3n ideal para jugadores de peso medio-alto que buscan una combinaci\u00f3n sin precedentes de rendimiento y comodidad.","breadcrumb":{"@id":"https:\/\/revolutionpadelstore.com\/de\/produkt\/joma-spin-men-2402-blanco-amarillo-1\/#breadcrumb"},"inLanguage":"de","potentialAction":[{"@type":"ReadAction","target":["https:\/\/revolutionpadelstore.com\/de\/produkt\/joma-spin-men-2402-blanco-amarillo-1\/"]}]},{"@type":"ImageObject","inLanguage":"de","@id":"https:\/\/revolutionpadelstore.com\/de\/produkt\/joma-spin-men-2402-blanco-amarillo-1\/#primaryimage","url":"https:\/\/revolutionpadelstore.com\/wp-content\/uploads\/2024\/12\/56.png","contentUrl":"https:\/\/revolutionpadelstore.com\/wp-content\/uploads\/2024\/12\/56.png","width":1500,"height":1500},{"@type":"BreadcrumbList","@id":"https:\/\/revolutionpadelstore.com\/de\/produkt\/joma-spin-men-2402-blanco-amarillo-1\/#breadcrumb","itemListElement":[{"@type":"ListItem","position":1,"name":"Portada","item":"https:\/\/revolutionpadelstore.com\/de\/"},{"@type":"ListItem","position":2,"name":"Shop","item":"https:\/\/revolutionpadelstore.com\/de\/tienda\/"},{"@type":"ListItem","position":3,"name":"JOMA SPIN MEN 2402 BLANCO AMARILLO"}]},{"@type":"WebSite","@id":"https:\/\/revolutionpadelstore.com\/de\/#website","url":"https:\/\/revolutionpadelstore.com\/de\/","name":"Revolution Padel Store","description":"","publisher":{"@id":"https:\/\/revolutionpadelstore.com\/de\/#organization"},"potentialAction":[{"@type":"SearchAction","target":{"@type":"EntryPoint","urlTemplate":"https:\/\/revolutionpadelstore.com\/de\/?s={search_term_string}"},"query-input":{"@type":"PropertyValueSpecification","valueRequired":true,"valueName":"search_term_string"}}],"inLanguage":"de"},{"@type":"Organization","@id":"https:\/\/revolutionpadelstore.com\/de\/#organization","name":"Revolution Padel Store","url":"https:\/\/revolutionpadelstore.com\/de\/","logo":{"@type":"ImageObject","inLanguage":"de","@id":"https:\/\/revolutionpadelstore.com\/de\/#\/schema\/logo\/image\/","url":"https:\/\/revolutionpadelstore.com\/wp-content\/uploads\/2026\/02\/revolution-padel-store.jpg","contentUrl":"https:\/\/revolutionpadelstore.com\/wp-content\/uploads\/2026\/02\/revolution-padel-store.jpg","width":2000,"height":2000,"caption":"Revolution Padel Store"},"image":{"@id":"https:\/\/revolutionpadelstore.com\/de\/#\/schema\/logo\/image\/"},"sameAs":["https:\/\/www.instagram.com\/revolutionpadelstore\/"]}]}},"_links":{"self":[{"href":"https:\/\/revolutionpadelstore.com\/de\/wp-json\/wp\/v2\/product\/142301","targetHints":{"allow":["GET"]}}],"collection":[{"href":"https:\/\/revolutionpadelstore.com\/de\/wp-json\/wp\/v2\/product"}],"about":[{"href":"https:\/\/revolutionpadelstore.com\/de\/wp-json\/wp\/v2\/types\/product"}],"replies":[{"embeddable":true,"href":"https:\/\/revolutionpadelstore.com\/de\/wp-json\/wp\/v2\/comments?post=142301"}],"wp:featuredmedia":[{"embeddable":true,"href":"https:\/\/revolutionpadelstore.com\/de\/wp-json\/wp\/v2\/media\/142243"}],"wp:attachment":[{"href":"https:\/\/revolutionpadelstore.com\/de\/wp-json\/wp\/v2\/media?parent=142301"}],"wp:term":[{"taxonomy":"acabado","embeddable":true,"href":"https:\/\/revolutionpadelstore.com\/de\/wp-json\/wp\/v2\/acabado?post=142301"},{"taxonomy":"balance","embeddable":true,"href":"https:\/\/revolutionpadelstore.com\/de\/wp-json\/wp\/v2\/balance?post=142301"},{"taxonomy":"dureza","embeddable":true,"href":"https:\/\/revolutionpadelstore.com\/de\/wp-json\/wp\/v2\/dureza?post=142301"},{"taxonomy":"forma","embeddable":true,"href":"https:\/\/revolutionpadelstore.com\/de\/wp-json\/wp\/v2\/forma?post=142301"},{"taxonomy":"jugador","embeddable":true,"href":"https:\/\/revolutionpadelstore.com\/de\/wp-json\/wp\/v2\/jugador?post=142301"},{"taxonomy":"marca","embeddable":true,"href":"https:\/\/revolutionpadelstore.com\/de\/wp-json\/wp\/v2\/marca?post=142301"},{"taxonomy":"nivel-de-juego","embeddable":true,"href":"https:\/\/revolutionpadelstore.com\/de\/wp-json\/wp\/v2\/nivel-de-juego?post=142301"},{"taxonomy":"superficie","embeddable":true,"href":"https:\/\/revolutionpadelstore.com\/de\/wp-json\/wp\/v2\/superficie?post=142301"},{"taxonomy":"tipo-de-juego","embeddable":true,"href":"https:\/\/revolutionpadelstore.com\/de\/wp-json\/wp\/v2\/tipo-de-juego?post=142301"},{"taxonomy":"product_brand","embeddable":true,"href":"https:\/\/revolutionpadelstore.com\/de\/wp-json\/wp\/v2\/product_brand?post=142301"},{"taxonomy":"product_cat","embeddable":true,"href":"https:\/\/revolutionpadelstore.com\/de\/wp-json\/wp\/v2\/product_cat?post=142301"},{"taxonomy":"product_tag","embeddable":true,"href":"https:\/\/revolutionpadelstore.com\/de\/wp-json\/wp\/v2\/product_tag?post=142301"}],"curies":[{"name":"wp","href":"https:\/\/api.w.org\/{rel}","templated":true}]}}