{"id":142268,"date":"2024-12-04T22:44:37","date_gmt":"2024-12-04T21:44:37","guid":{"rendered":"https:\/\/revolutionpadelstore.com\/joma-master-1000-lady-24-clay-mujer-blanco\/"},"modified":"2026-04-01T06:30:26","modified_gmt":"2026-04-01T04:30:26","slug":"joma-master-1000-lady-24-clay-mujer-blanco-1","status":"publish","type":"product","link":"https:\/\/revolutionpadelstore.com\/de\/produkt\/joma-master-1000-lady-24-clay-mujer-blanco-1\/","title":{"rendered":"JOMA MASTER 1000 LADY 24 CLAY MUJER BLANCO"},"content":{"rendered":"<p>Tennisschuhe in gepeitschter und paddelner Boden. Empfohlenes Frauenmodell f\u00fcr Niederfrequenztraining (2-3 Tage pro Woche). Diese Schuhe bieten sehr gute D\u00e4mpfung, Schutz und Komfort.<\/p>\n<p>Der Schnitt dieser Paddelschuhe ist so konzipiert, dass sie die beste Bel\u00fcftung, Einstellung und Komfort bietet. Es besteht haupts\u00e4chlich aus synthetischem Material PU flexibel und resistent mit Perforationen des VTS -Systems in strategischen Bereichen, um eine Schwei\u00dfbel\u00fcftung zu erm\u00f6glichen. Ein Teil des Kn\u00f6chels und der Zunge in Nylon, um die Einstellung und Unterst\u00fctzung zu verbessern, zus\u00e4tzlich zu den perfekten Passform Cordonera.<\/p>\n<p>Die Mittelsohle ist mit leichtem und flexibles Phylon gebaut, das die Auswirkungen absorbiert, wobei auf der Seite eine gr\u00f6\u00dfere H\u00f6he der Schutztechnologie angewendet wird<\/p>\n<p>Die Gummi -Sohle von Spike oder Ton -Haltbarkeit wird f\u00fcr geschlagenes Land oder auf Paddel -Tennis geplant. Es liefert den notwendigen Griff auf rutschige Oberfl\u00e4chen, da es den Sandsand ausstrahlt. Es hat eine hervorragende Traktion, wenn Sie sich bewegen. Sie stoppen oder \u00e4ndern die Richtung. Sie k\u00f6nnen die Spur ohne Schwierigkeiten hinunterrutschen.<\/p>\n","protected":false},"excerpt":{"rendered":"<p>Tennisschuhe in gepeitschter und paddelner Boden. Empfohlenes Frauenmodell f\u00fcr Niederfrequenztraining (2-3 Tage pro Woche). Diese Schuhe bieten sehr gute D\u00e4mpfung, Schutz und Komfort.<\/p>\n","protected":false},"featured_media":142249,"comment_status":"open","ping_status":"closed","template":"","meta":{"_acf_changed":false,"_joinchat":[]},"acabado":[],"balance":[],"dureza":[],"forma":[],"jugador":[1194],"marca":[1224],"nivel-de-juego":[],"superficie":[],"tipo-de-juego":[],"product_brand":[],"product_cat":[831],"product_tag":[],"class_list":{"0":"post-142268","1":"product","2":"type-product","3":"status-publish","4":"has-post-thumbnail","6":"jugador-frau","7":"marca-joma-de","8":"product_cat-turnschuhe","10":"first","11":"outofstock","12":"sale","13":"taxable","14":"shipping-taxable","15":"purchasable","16":"product-type-variable"},"acf":[],"yoast_head":"<!-- This site is optimized with the Yoast SEO plugin v27.3 - https:\/\/yoast.com\/product\/yoast-seo-wordpress\/ -->\n<title>JOMA MASTER 1000 LADY 24 CLAY MUJER BLANCO - Revolution Padel Store<\/title>\n<meta name=\"description\" content=\"Zapatillas de tenis en tierra batida y p\u00e1del. Modelo de mujer recomendado para entrenamientos de baja frecuencia (2-3 d\u00edas por semana). Estas zapatillas aportan muy buena amortiguaci\u00f3n, protecci\u00f3n y comodidad.\" \/>\n<meta name=\"robots\" content=\"index, follow, max-snippet:-1, max-image-preview:large, max-video-preview:-1\" \/>\n<link rel=\"canonical\" href=\"https:\/\/revolutionpadelstore.com\/de\/produkt\/joma-master-1000-lady-24-clay-mujer-blanco-1\/\" \/>\n<meta property=\"og:locale\" content=\"de_DE\" \/>\n<meta property=\"og:type\" content=\"article\" \/>\n<meta property=\"og:title\" content=\"JOMA MASTER 1000 LADY 24 CLAY MUJER BLANCO - Revolution Padel Store\" \/>\n<meta property=\"og:description\" content=\"Zapatillas de tenis en tierra batida y p\u00e1del. Modelo de mujer recomendado para entrenamientos de baja frecuencia (2-3 d\u00edas por semana). Estas zapatillas aportan muy buena amortiguaci\u00f3n, protecci\u00f3n y comodidad.\" \/>\n<meta property=\"og:url\" content=\"https:\/\/revolutionpadelstore.com\/de\/produkt\/joma-master-1000-lady-24-clay-mujer-blanco-1\/\" \/>\n<meta property=\"og:site_name\" content=\"Revolution Padel Store\" \/>\n<meta property=\"article:modified_time\" content=\"2026-04-01T04:30:26+00:00\" \/>\n<meta property=\"og:image\" content=\"https:\/\/revolutionpadelstore.com\/wp-content\/uploads\/2024\/12\/57.png\" \/>\n\t<meta property=\"og:image:width\" content=\"1500\" \/>\n\t<meta property=\"og:image:height\" content=\"1500\" \/>\n\t<meta property=\"og:image:type\" content=\"image\/png\" \/>\n<meta name=\"twitter:card\" content=\"summary_large_image\" \/>\n<meta name=\"twitter:label1\" content=\"Gesch\u00e4tzte Lesezeit\" \/>\n\t<meta name=\"twitter:data1\" content=\"1\u00a0Minute\" \/>\n<script type=\"application\/ld+json\" class=\"yoast-schema-graph\">{\"@context\":\"https:\\\/\\\/schema.org\",\"@graph\":[{\"@type\":\"WebPage\",\"@id\":\"https:\\\/\\\/revolutionpadelstore.com\\\/de\\\/produkt\\\/joma-master-1000-lady-24-clay-mujer-blanco-1\\\/\",\"url\":\"https:\\\/\\\/revolutionpadelstore.com\\\/de\\\/produkt\\\/joma-master-1000-lady-24-clay-mujer-blanco-1\\\/\",\"name\":\"JOMA MASTER 1000 LADY 24 CLAY MUJER BLANCO - Revolution Padel Store\",\"isPartOf\":{\"@id\":\"https:\\\/\\\/revolutionpadelstore.com\\\/de\\\/#website\"},\"primaryImageOfPage\":{\"@id\":\"https:\\\/\\\/revolutionpadelstore.com\\\/de\\\/produkt\\\/joma-master-1000-lady-24-clay-mujer-blanco-1\\\/#primaryimage\"},\"image\":{\"@id\":\"https:\\\/\\\/revolutionpadelstore.com\\\/de\\\/produkt\\\/joma-master-1000-lady-24-clay-mujer-blanco-1\\\/#primaryimage\"},\"thumbnailUrl\":\"https:\\\/\\\/revolutionpadelstore.com\\\/wp-content\\\/uploads\\\/2024\\\/12\\\/57.png\",\"datePublished\":\"2024-12-04T21:44:37+00:00\",\"dateModified\":\"2026-04-01T04:30:26+00:00\",\"description\":\"Zapatillas de tenis en tierra batida y p\u00e1del. Modelo de mujer recomendado para entrenamientos de baja frecuencia (2-3 d\u00edas por semana). Estas zapatillas aportan muy buena amortiguaci\u00f3n, protecci\u00f3n y comodidad.\",\"breadcrumb\":{\"@id\":\"https:\\\/\\\/revolutionpadelstore.com\\\/de\\\/produkt\\\/joma-master-1000-lady-24-clay-mujer-blanco-1\\\/#breadcrumb\"},\"inLanguage\":\"de\",\"potentialAction\":[{\"@type\":\"ReadAction\",\"target\":[\"https:\\\/\\\/revolutionpadelstore.com\\\/de\\\/produkt\\\/joma-master-1000-lady-24-clay-mujer-blanco-1\\\/\"]}]},{\"@type\":\"ImageObject\",\"inLanguage\":\"de\",\"@id\":\"https:\\\/\\\/revolutionpadelstore.com\\\/de\\\/produkt\\\/joma-master-1000-lady-24-clay-mujer-blanco-1\\\/#primaryimage\",\"url\":\"https:\\\/\\\/revolutionpadelstore.com\\\/wp-content\\\/uploads\\\/2024\\\/12\\\/57.png\",\"contentUrl\":\"https:\\\/\\\/revolutionpadelstore.com\\\/wp-content\\\/uploads\\\/2024\\\/12\\\/57.png\",\"width\":1500,\"height\":1500},{\"@type\":\"BreadcrumbList\",\"@id\":\"https:\\\/\\\/revolutionpadelstore.com\\\/de\\\/produkt\\\/joma-master-1000-lady-24-clay-mujer-blanco-1\\\/#breadcrumb\",\"itemListElement\":[{\"@type\":\"ListItem\",\"position\":1,\"name\":\"Portada\",\"item\":\"https:\\\/\\\/revolutionpadelstore.com\\\/de\\\/\"},{\"@type\":\"ListItem\",\"position\":2,\"name\":\"Shop\",\"item\":\"https:\\\/\\\/revolutionpadelstore.com\\\/de\\\/tienda\\\/\"},{\"@type\":\"ListItem\",\"position\":3,\"name\":\"JOMA MASTER 1000 LADY 24 CLAY MUJER BLANCO\"}]},{\"@type\":\"WebSite\",\"@id\":\"https:\\\/\\\/revolutionpadelstore.com\\\/de\\\/#website\",\"url\":\"https:\\\/\\\/revolutionpadelstore.com\\\/de\\\/\",\"name\":\"Revolution Padel Store\",\"description\":\"\",\"publisher\":{\"@id\":\"https:\\\/\\\/revolutionpadelstore.com\\\/de\\\/#organization\"},\"potentialAction\":[{\"@type\":\"SearchAction\",\"target\":{\"@type\":\"EntryPoint\",\"urlTemplate\":\"https:\\\/\\\/revolutionpadelstore.com\\\/de\\\/?s={search_term_string}\"},\"query-input\":{\"@type\":\"PropertyValueSpecification\",\"valueRequired\":true,\"valueName\":\"search_term_string\"}}],\"inLanguage\":\"de\"},{\"@type\":\"Organization\",\"@id\":\"https:\\\/\\\/revolutionpadelstore.com\\\/de\\\/#organization\",\"name\":\"Revolution Padel Store\",\"url\":\"https:\\\/\\\/revolutionpadelstore.com\\\/de\\\/\",\"logo\":{\"@type\":\"ImageObject\",\"inLanguage\":\"de\",\"@id\":\"https:\\\/\\\/revolutionpadelstore.com\\\/de\\\/#\\\/schema\\\/logo\\\/image\\\/\",\"url\":\"https:\\\/\\\/revolutionpadelstore.com\\\/wp-content\\\/uploads\\\/2026\\\/02\\\/revolution-padel-store.jpg\",\"contentUrl\":\"https:\\\/\\\/revolutionpadelstore.com\\\/wp-content\\\/uploads\\\/2026\\\/02\\\/revolution-padel-store.jpg\",\"width\":2000,\"height\":2000,\"caption\":\"Revolution Padel Store\"},\"image\":{\"@id\":\"https:\\\/\\\/revolutionpadelstore.com\\\/de\\\/#\\\/schema\\\/logo\\\/image\\\/\"},\"sameAs\":[\"https:\\\/\\\/www.instagram.com\\\/revolutionpadelstore\\\/\"]}]}<\/script>\n<!-- \/ Yoast SEO plugin. -->","yoast_head_json":{"title":"JOMA MASTER 1000 LADY 24 CLAY MUJER BLANCO - Revolution Padel Store","description":"Zapatillas de tenis en tierra batida y p\u00e1del. Modelo de mujer recomendado para entrenamientos de baja frecuencia (2-3 d\u00edas por semana). Estas zapatillas aportan muy buena amortiguaci\u00f3n, protecci\u00f3n y comodidad.","robots":{"index":"index","follow":"follow","max-snippet":"max-snippet:-1","max-image-preview":"max-image-preview:large","max-video-preview":"max-video-preview:-1"},"canonical":"https:\/\/revolutionpadelstore.com\/de\/produkt\/joma-master-1000-lady-24-clay-mujer-blanco-1\/","og_locale":"de_DE","og_type":"article","og_title":"JOMA MASTER 1000 LADY 24 CLAY MUJER BLANCO - Revolution Padel Store","og_description":"Zapatillas de tenis en tierra batida y p\u00e1del. Modelo de mujer recomendado para entrenamientos de baja frecuencia (2-3 d\u00edas por semana). Estas zapatillas aportan muy buena amortiguaci\u00f3n, protecci\u00f3n y comodidad.","og_url":"https:\/\/revolutionpadelstore.com\/de\/produkt\/joma-master-1000-lady-24-clay-mujer-blanco-1\/","og_site_name":"Revolution Padel Store","article_modified_time":"2026-04-01T04:30:26+00:00","og_image":[{"width":1500,"height":1500,"url":"https:\/\/revolutionpadelstore.com\/wp-content\/uploads\/2024\/12\/57.png","type":"image\/png"}],"twitter_card":"summary_large_image","twitter_misc":{"Gesch\u00e4tzte Lesezeit":"1\u00a0Minute"},"schema":{"@context":"https:\/\/schema.org","@graph":[{"@type":"WebPage","@id":"https:\/\/revolutionpadelstore.com\/de\/produkt\/joma-master-1000-lady-24-clay-mujer-blanco-1\/","url":"https:\/\/revolutionpadelstore.com\/de\/produkt\/joma-master-1000-lady-24-clay-mujer-blanco-1\/","name":"JOMA MASTER 1000 LADY 24 CLAY MUJER BLANCO - Revolution Padel Store","isPartOf":{"@id":"https:\/\/revolutionpadelstore.com\/de\/#website"},"primaryImageOfPage":{"@id":"https:\/\/revolutionpadelstore.com\/de\/produkt\/joma-master-1000-lady-24-clay-mujer-blanco-1\/#primaryimage"},"image":{"@id":"https:\/\/revolutionpadelstore.com\/de\/produkt\/joma-master-1000-lady-24-clay-mujer-blanco-1\/#primaryimage"},"thumbnailUrl":"https:\/\/revolutionpadelstore.com\/wp-content\/uploads\/2024\/12\/57.png","datePublished":"2024-12-04T21:44:37+00:00","dateModified":"2026-04-01T04:30:26+00:00","description":"Zapatillas de tenis en tierra batida y p\u00e1del. Modelo de mujer recomendado para entrenamientos de baja frecuencia (2-3 d\u00edas por semana). Estas zapatillas aportan muy buena amortiguaci\u00f3n, protecci\u00f3n y comodidad.","breadcrumb":{"@id":"https:\/\/revolutionpadelstore.com\/de\/produkt\/joma-master-1000-lady-24-clay-mujer-blanco-1\/#breadcrumb"},"inLanguage":"de","potentialAction":[{"@type":"ReadAction","target":["https:\/\/revolutionpadelstore.com\/de\/produkt\/joma-master-1000-lady-24-clay-mujer-blanco-1\/"]}]},{"@type":"ImageObject","inLanguage":"de","@id":"https:\/\/revolutionpadelstore.com\/de\/produkt\/joma-master-1000-lady-24-clay-mujer-blanco-1\/#primaryimage","url":"https:\/\/revolutionpadelstore.com\/wp-content\/uploads\/2024\/12\/57.png","contentUrl":"https:\/\/revolutionpadelstore.com\/wp-content\/uploads\/2024\/12\/57.png","width":1500,"height":1500},{"@type":"BreadcrumbList","@id":"https:\/\/revolutionpadelstore.com\/de\/produkt\/joma-master-1000-lady-24-clay-mujer-blanco-1\/#breadcrumb","itemListElement":[{"@type":"ListItem","position":1,"name":"Portada","item":"https:\/\/revolutionpadelstore.com\/de\/"},{"@type":"ListItem","position":2,"name":"Shop","item":"https:\/\/revolutionpadelstore.com\/de\/tienda\/"},{"@type":"ListItem","position":3,"name":"JOMA MASTER 1000 LADY 24 CLAY MUJER BLANCO"}]},{"@type":"WebSite","@id":"https:\/\/revolutionpadelstore.com\/de\/#website","url":"https:\/\/revolutionpadelstore.com\/de\/","name":"Revolution Padel Store","description":"","publisher":{"@id":"https:\/\/revolutionpadelstore.com\/de\/#organization"},"potentialAction":[{"@type":"SearchAction","target":{"@type":"EntryPoint","urlTemplate":"https:\/\/revolutionpadelstore.com\/de\/?s={search_term_string}"},"query-input":{"@type":"PropertyValueSpecification","valueRequired":true,"valueName":"search_term_string"}}],"inLanguage":"de"},{"@type":"Organization","@id":"https:\/\/revolutionpadelstore.com\/de\/#organization","name":"Revolution Padel Store","url":"https:\/\/revolutionpadelstore.com\/de\/","logo":{"@type":"ImageObject","inLanguage":"de","@id":"https:\/\/revolutionpadelstore.com\/de\/#\/schema\/logo\/image\/","url":"https:\/\/revolutionpadelstore.com\/wp-content\/uploads\/2026\/02\/revolution-padel-store.jpg","contentUrl":"https:\/\/revolutionpadelstore.com\/wp-content\/uploads\/2026\/02\/revolution-padel-store.jpg","width":2000,"height":2000,"caption":"Revolution Padel Store"},"image":{"@id":"https:\/\/revolutionpadelstore.com\/de\/#\/schema\/logo\/image\/"},"sameAs":["https:\/\/www.instagram.com\/revolutionpadelstore\/"]}]}},"_links":{"self":[{"href":"https:\/\/revolutionpadelstore.com\/de\/wp-json\/wp\/v2\/product\/142268","targetHints":{"allow":["GET"]}}],"collection":[{"href":"https:\/\/revolutionpadelstore.com\/de\/wp-json\/wp\/v2\/product"}],"about":[{"href":"https:\/\/revolutionpadelstore.com\/de\/wp-json\/wp\/v2\/types\/product"}],"replies":[{"embeddable":true,"href":"https:\/\/revolutionpadelstore.com\/de\/wp-json\/wp\/v2\/comments?post=142268"}],"wp:featuredmedia":[{"embeddable":true,"href":"https:\/\/revolutionpadelstore.com\/de\/wp-json\/wp\/v2\/media\/142249"}],"wp:attachment":[{"href":"https:\/\/revolutionpadelstore.com\/de\/wp-json\/wp\/v2\/media?parent=142268"}],"wp:term":[{"taxonomy":"acabado","embeddable":true,"href":"https:\/\/revolutionpadelstore.com\/de\/wp-json\/wp\/v2\/acabado?post=142268"},{"taxonomy":"balance","embeddable":true,"href":"https:\/\/revolutionpadelstore.com\/de\/wp-json\/wp\/v2\/balance?post=142268"},{"taxonomy":"dureza","embeddable":true,"href":"https:\/\/revolutionpadelstore.com\/de\/wp-json\/wp\/v2\/dureza?post=142268"},{"taxonomy":"forma","embeddable":true,"href":"https:\/\/revolutionpadelstore.com\/de\/wp-json\/wp\/v2\/forma?post=142268"},{"taxonomy":"jugador","embeddable":true,"href":"https:\/\/revolutionpadelstore.com\/de\/wp-json\/wp\/v2\/jugador?post=142268"},{"taxonomy":"marca","embeddable":true,"href":"https:\/\/revolutionpadelstore.com\/de\/wp-json\/wp\/v2\/marca?post=142268"},{"taxonomy":"nivel-de-juego","embeddable":true,"href":"https:\/\/revolutionpadelstore.com\/de\/wp-json\/wp\/v2\/nivel-de-juego?post=142268"},{"taxonomy":"superficie","embeddable":true,"href":"https:\/\/revolutionpadelstore.com\/de\/wp-json\/wp\/v2\/superficie?post=142268"},{"taxonomy":"tipo-de-juego","embeddable":true,"href":"https:\/\/revolutionpadelstore.com\/de\/wp-json\/wp\/v2\/tipo-de-juego?post=142268"},{"taxonomy":"product_brand","embeddable":true,"href":"https:\/\/revolutionpadelstore.com\/de\/wp-json\/wp\/v2\/product_brand?post=142268"},{"taxonomy":"product_cat","embeddable":true,"href":"https:\/\/revolutionpadelstore.com\/de\/wp-json\/wp\/v2\/product_cat?post=142268"},{"taxonomy":"product_tag","embeddable":true,"href":"https:\/\/revolutionpadelstore.com\/de\/wp-json\/wp\/v2\/product_tag?post=142268"}],"curies":[{"name":"wp","href":"https:\/\/api.w.org\/{rel}","templated":true}]}}