{"id":14057,"date":"2024-03-21T14:35:21","date_gmt":"2024-03-21T13:35:21","guid":{"rendered":"https:\/\/revolutionpadelstore.com\/rs-padel-pro-edition-simon-vasquez\/"},"modified":"2026-04-08T14:55:45","modified_gmt":"2026-04-08T12:55:45","slug":"rs-padel-pro-edition-simon-vasquez-1","status":"publish","type":"product","link":"https:\/\/revolutionpadelstore.com\/de\/produkt\/rs-padel-pro-edition-simon-vasquez-1\/","title":{"rendered":"RS PADEL PRO EDITION SIMON VASQUEZ"},"content":{"rendered":"<p>Kaufen Sie den RS Padel Pro Edition Simon Vasquez Padelschl\u00e4ger im Revolution Padel Store und genie\u00dfen Sie ein einzigartiges Spielerlebnis. Dieser Padelschl\u00e4ger ist perfekt f\u00fcr fortgeschrittene erwachsene Spieler, die einen offensiven und kraftvollen Spielstil suchen. Mit einer hohen Balance und einem breiten Sweetspot sind Sie in der Lage, kraftvolle Schl\u00e4ge und solide, pr\u00e4zise Angriffe auszuf\u00fchren.<\/p>\n<p>Die doppelte parallele Struktur der L\u00f6cher macht diesen Schl\u00e4ger leicht und wendig, sodass Sie die besten Schl\u00e4ge finden und den Ball problemlos platzieren k\u00f6nnen. Dar\u00fcber hinaus verleihen ihm das rautenf\u00f6rmige Design und die matten Schwarz- und Silberfarben ein elegantes und modernes Aussehen.<\/p>\n<p>Aber nicht nur sein Design zeichnet ihn aus, der RS \u200b\u200bPadel Pro Edition Simon Vasquez Padelschl\u00e4ger verf\u00fcgt auch \u00fcber hochwertige technische Eigenschaften. Sein hochfester Carbonrahmen garantiert eine lange Lebensdauer, w\u00e4hrend die Schlagfl\u00e4chen aus 12K-Carbon mit rauer Oberfl\u00e4che es Ihnen erm\u00f6glichen, verschiedene Arten von Schl\u00e4gen mit gro\u00dfer Effektivit\u00e4t auszuf\u00fchren.<\/p>\n<p>Der EVA Soft-Gummikern sorgt f\u00fcr ein angenehmes, vibrationsfreies Schlaggef\u00fchl, w\u00e4hrend die Verarbeitung mit soliden Carbonverst\u00e4rkungen Ihnen dabei hilft, schnelle und pr\u00e4zise W\u00fcrfe zu erzielen. Dar\u00fcber hinaus verf\u00fcgt der Schl\u00e4gerhals \u00fcber zwei dreieckige L\u00f6cher, um Ihren Spielen mit h\u00f6herem Drehmoment mehr Aerodynamik zu verleihen.<\/p>\n<p>Warten Sie nicht l\u00e4nger und kaufen Sie den RS Padel Pro Edition Simon Vasquez Padelschl\u00e4ger im Revolution Padel Store, dem auf hochwertige Padelprodukte spezialisierten Gesch\u00e4ft. Mit diesem Schl\u00e4ger k\u00f6nnen Sie Ihr Spiel auf die n\u00e4chste Stufe bringen und ein einzigartiges Erlebnis auf dem Platz genie\u00dfen. Sie werden es nicht bereuen!<\/p>\n","protected":false},"excerpt":{"rendered":"<p>Entdecken Sie den RS Padel Pro Edition Simon Vasquez Padelschl\u00e4ger im Revolution Padel Store. Entwickelt f\u00fcr fortgeschrittene Spieler und mit hochwertigen technischen Features.<\/p>\n","protected":false},"featured_media":31136,"comment_status":"open","ping_status":"closed","template":"","meta":{"_acf_changed":false,"_joinchat":[]},"acabado":[1089],"balance":[1134],"dureza":[1154],"forma":[1174],"jugador":[1189,1199],"marca":[1309],"nivel-de-juego":[1334],"superficie":[1359],"tipo-de-juego":[1389],"product_brand":[],"product_cat":[299],"product_tag":[],"class_list":{"0":"post-14057","1":"product","2":"type-product","3":"status-publish","4":"has-post-thumbnail","6":"acabado-3d-entlasten","7":"balance-hoch","8":"dureza-media-de","9":"forma-hybrid","10":"jugador-mann","11":"jugador-mehrzweck","12":"marca-rs-padel-de","13":"superficie-rugosa-de","14":"tipo-de-juego-avanzado-competicion-de","15":"product_cat-palas-de-padel-de","17":"first","18":"onbackorder","19":"sale","20":"taxable","21":"shipping-taxable","22":"purchasable","23":"product-type-simple"},"acf":[],"yoast_head":"<!-- This site is optimized with the Yoast SEO plugin v27.4 - https:\/\/yoast.com\/product\/yoast-seo-wordpress\/ -->\n<title>RS PADEL PRO EDITION SIMON VASQUEZ - Revolution Padel Store<\/title>\n<meta name=\"description\" content=\"La pala de p\u00e1del RS Padel Pro Edition Simon Vasquez permite el desarrollo de un juego ofensivo y potente. La empu\u00f1adura asegura un gran agarre y da estabilidad a los jugadores.\" \/>\n<meta name=\"robots\" content=\"index, follow, max-snippet:-1, max-image-preview:large, max-video-preview:-1\" \/>\n<link rel=\"canonical\" href=\"https:\/\/revolutionpadelstore.com\/de\/produkt\/rs-padel-pro-edition-simon-vasquez-1\/\" \/>\n<meta property=\"og:locale\" content=\"de_DE\" \/>\n<meta property=\"og:type\" content=\"article\" \/>\n<meta property=\"og:title\" content=\"RS PADEL PRO EDITION SIMON VASQUEZ - Revolution Padel Store\" \/>\n<meta property=\"og:description\" content=\"La pala de p\u00e1del RS Padel Pro Edition Simon Vasquez permite el desarrollo de un juego ofensivo y potente. La empu\u00f1adura asegura un gran agarre y da estabilidad a los jugadores.\" \/>\n<meta property=\"og:url\" content=\"https:\/\/revolutionpadelstore.com\/de\/produkt\/rs-padel-pro-edition-simon-vasquez-1\/\" \/>\n<meta property=\"og:site_name\" content=\"Revolution Padel Store\" \/>\n<meta property=\"article:modified_time\" content=\"2026-04-08T12:55:45+00:00\" \/>\n<meta property=\"og:image\" content=\"https:\/\/revolutionpadelstore.com\/wp-content\/uploads\/2024\/03\/SIMON_VASQUEZ_1000_1000_5786.webp\" \/>\n\t<meta property=\"og:image:width\" content=\"1000\" \/>\n\t<meta property=\"og:image:height\" content=\"1000\" \/>\n\t<meta property=\"og:image:type\" content=\"image\/webp\" \/>\n<meta name=\"twitter:card\" content=\"summary_large_image\" \/>\n<meta name=\"twitter:label1\" content=\"Gesch\u00e4tzte Lesezeit\" \/>\n\t<meta name=\"twitter:data1\" content=\"2\u00a0Minuten\" \/>\n<script type=\"application\/ld+json\" class=\"yoast-schema-graph\">{\"@context\":\"https:\\\/\\\/schema.org\",\"@graph\":[{\"@type\":\"WebPage\",\"@id\":\"https:\\\/\\\/revolutionpadelstore.com\\\/de\\\/produkt\\\/rs-padel-pro-edition-simon-vasquez-1\\\/\",\"url\":\"https:\\\/\\\/revolutionpadelstore.com\\\/de\\\/produkt\\\/rs-padel-pro-edition-simon-vasquez-1\\\/\",\"name\":\"RS PADEL PRO EDITION SIMON VASQUEZ - Revolution Padel Store\",\"isPartOf\":{\"@id\":\"https:\\\/\\\/revolutionpadelstore.com\\\/de\\\/#website\"},\"primaryImageOfPage\":{\"@id\":\"https:\\\/\\\/revolutionpadelstore.com\\\/de\\\/produkt\\\/rs-padel-pro-edition-simon-vasquez-1\\\/#primaryimage\"},\"image\":{\"@id\":\"https:\\\/\\\/revolutionpadelstore.com\\\/de\\\/produkt\\\/rs-padel-pro-edition-simon-vasquez-1\\\/#primaryimage\"},\"thumbnailUrl\":\"https:\\\/\\\/revolutionpadelstore.com\\\/wp-content\\\/uploads\\\/2024\\\/03\\\/SIMON_VASQUEZ_1000_1000_5786.webp\",\"datePublished\":\"2024-03-21T13:35:21+00:00\",\"dateModified\":\"2026-04-08T12:55:45+00:00\",\"description\":\"La pala de p\u00e1del RS Padel Pro Edition Simon Vasquez permite el desarrollo de un juego ofensivo y potente. La empu\u00f1adura asegura un gran agarre y da estabilidad a los jugadores.\",\"breadcrumb\":{\"@id\":\"https:\\\/\\\/revolutionpadelstore.com\\\/de\\\/produkt\\\/rs-padel-pro-edition-simon-vasquez-1\\\/#breadcrumb\"},\"inLanguage\":\"de\",\"potentialAction\":[{\"@type\":\"ReadAction\",\"target\":[\"https:\\\/\\\/revolutionpadelstore.com\\\/de\\\/produkt\\\/rs-padel-pro-edition-simon-vasquez-1\\\/\"]}]},{\"@type\":\"ImageObject\",\"inLanguage\":\"de\",\"@id\":\"https:\\\/\\\/revolutionpadelstore.com\\\/de\\\/produkt\\\/rs-padel-pro-edition-simon-vasquez-1\\\/#primaryimage\",\"url\":\"https:\\\/\\\/revolutionpadelstore.com\\\/wp-content\\\/uploads\\\/2024\\\/03\\\/SIMON_VASQUEZ_1000_1000_5786.webp\",\"contentUrl\":\"https:\\\/\\\/revolutionpadelstore.com\\\/wp-content\\\/uploads\\\/2024\\\/03\\\/SIMON_VASQUEZ_1000_1000_5786.webp\",\"width\":1000,\"height\":1000},{\"@type\":\"BreadcrumbList\",\"@id\":\"https:\\\/\\\/revolutionpadelstore.com\\\/de\\\/produkt\\\/rs-padel-pro-edition-simon-vasquez-1\\\/#breadcrumb\",\"itemListElement\":[{\"@type\":\"ListItem\",\"position\":1,\"name\":\"Portada\",\"item\":\"https:\\\/\\\/revolutionpadelstore.com\\\/de\\\/\"},{\"@type\":\"ListItem\",\"position\":2,\"name\":\"Shop\",\"item\":\"https:\\\/\\\/revolutionpadelstore.com\\\/de\\\/tienda\\\/\"},{\"@type\":\"ListItem\",\"position\":3,\"name\":\"RS PADEL PRO EDITION SIMON VASQUEZ\"}]},{\"@type\":\"WebSite\",\"@id\":\"https:\\\/\\\/revolutionpadelstore.com\\\/de\\\/#website\",\"url\":\"https:\\\/\\\/revolutionpadelstore.com\\\/de\\\/\",\"name\":\"Revolution Padel Store\",\"description\":\"\",\"publisher\":{\"@id\":\"https:\\\/\\\/revolutionpadelstore.com\\\/de\\\/#organization\"},\"potentialAction\":[{\"@type\":\"SearchAction\",\"target\":{\"@type\":\"EntryPoint\",\"urlTemplate\":\"https:\\\/\\\/revolutionpadelstore.com\\\/de\\\/?s={search_term_string}\"},\"query-input\":{\"@type\":\"PropertyValueSpecification\",\"valueRequired\":true,\"valueName\":\"search_term_string\"}}],\"inLanguage\":\"de\"},{\"@type\":\"Organization\",\"@id\":\"https:\\\/\\\/revolutionpadelstore.com\\\/de\\\/#organization\",\"name\":\"Revolution Padel Store\",\"url\":\"https:\\\/\\\/revolutionpadelstore.com\\\/de\\\/\",\"logo\":{\"@type\":\"ImageObject\",\"inLanguage\":\"de\",\"@id\":\"https:\\\/\\\/revolutionpadelstore.com\\\/de\\\/#\\\/schema\\\/logo\\\/image\\\/\",\"url\":\"https:\\\/\\\/revolutionpadelstore.com\\\/wp-content\\\/uploads\\\/2026\\\/02\\\/revolution-padel-store.jpg\",\"contentUrl\":\"https:\\\/\\\/revolutionpadelstore.com\\\/wp-content\\\/uploads\\\/2026\\\/02\\\/revolution-padel-store.jpg\",\"width\":2000,\"height\":2000,\"caption\":\"Revolution Padel Store\"},\"image\":{\"@id\":\"https:\\\/\\\/revolutionpadelstore.com\\\/de\\\/#\\\/schema\\\/logo\\\/image\\\/\"},\"sameAs\":[\"https:\\\/\\\/www.instagram.com\\\/revolutionpadelstore\\\/\"]}]}<\/script>\n<!-- \/ Yoast SEO plugin. -->","yoast_head_json":{"title":"RS PADEL PRO EDITION SIMON VASQUEZ - Revolution Padel Store","description":"La pala de p\u00e1del RS Padel Pro Edition Simon Vasquez permite el desarrollo de un juego ofensivo y potente. La empu\u00f1adura asegura un gran agarre y da estabilidad a los jugadores.","robots":{"index":"index","follow":"follow","max-snippet":"max-snippet:-1","max-image-preview":"max-image-preview:large","max-video-preview":"max-video-preview:-1"},"canonical":"https:\/\/revolutionpadelstore.com\/de\/produkt\/rs-padel-pro-edition-simon-vasquez-1\/","og_locale":"de_DE","og_type":"article","og_title":"RS PADEL PRO EDITION SIMON VASQUEZ - Revolution Padel Store","og_description":"La pala de p\u00e1del RS Padel Pro Edition Simon Vasquez permite el desarrollo de un juego ofensivo y potente. La empu\u00f1adura asegura un gran agarre y da estabilidad a los jugadores.","og_url":"https:\/\/revolutionpadelstore.com\/de\/produkt\/rs-padel-pro-edition-simon-vasquez-1\/","og_site_name":"Revolution Padel Store","article_modified_time":"2026-04-08T12:55:45+00:00","og_image":[{"width":1000,"height":1000,"url":"https:\/\/revolutionpadelstore.com\/wp-content\/uploads\/2024\/03\/SIMON_VASQUEZ_1000_1000_5786.webp","type":"image\/webp"}],"twitter_card":"summary_large_image","twitter_misc":{"Gesch\u00e4tzte Lesezeit":"2\u00a0Minuten"},"schema":{"@context":"https:\/\/schema.org","@graph":[{"@type":"WebPage","@id":"https:\/\/revolutionpadelstore.com\/de\/produkt\/rs-padel-pro-edition-simon-vasquez-1\/","url":"https:\/\/revolutionpadelstore.com\/de\/produkt\/rs-padel-pro-edition-simon-vasquez-1\/","name":"RS PADEL PRO EDITION SIMON VASQUEZ - Revolution Padel Store","isPartOf":{"@id":"https:\/\/revolutionpadelstore.com\/de\/#website"},"primaryImageOfPage":{"@id":"https:\/\/revolutionpadelstore.com\/de\/produkt\/rs-padel-pro-edition-simon-vasquez-1\/#primaryimage"},"image":{"@id":"https:\/\/revolutionpadelstore.com\/de\/produkt\/rs-padel-pro-edition-simon-vasquez-1\/#primaryimage"},"thumbnailUrl":"https:\/\/revolutionpadelstore.com\/wp-content\/uploads\/2024\/03\/SIMON_VASQUEZ_1000_1000_5786.webp","datePublished":"2024-03-21T13:35:21+00:00","dateModified":"2026-04-08T12:55:45+00:00","description":"La pala de p\u00e1del RS Padel Pro Edition Simon Vasquez permite el desarrollo de un juego ofensivo y potente. La empu\u00f1adura asegura un gran agarre y da estabilidad a los jugadores.","breadcrumb":{"@id":"https:\/\/revolutionpadelstore.com\/de\/produkt\/rs-padel-pro-edition-simon-vasquez-1\/#breadcrumb"},"inLanguage":"de","potentialAction":[{"@type":"ReadAction","target":["https:\/\/revolutionpadelstore.com\/de\/produkt\/rs-padel-pro-edition-simon-vasquez-1\/"]}]},{"@type":"ImageObject","inLanguage":"de","@id":"https:\/\/revolutionpadelstore.com\/de\/produkt\/rs-padel-pro-edition-simon-vasquez-1\/#primaryimage","url":"https:\/\/revolutionpadelstore.com\/wp-content\/uploads\/2024\/03\/SIMON_VASQUEZ_1000_1000_5786.webp","contentUrl":"https:\/\/revolutionpadelstore.com\/wp-content\/uploads\/2024\/03\/SIMON_VASQUEZ_1000_1000_5786.webp","width":1000,"height":1000},{"@type":"BreadcrumbList","@id":"https:\/\/revolutionpadelstore.com\/de\/produkt\/rs-padel-pro-edition-simon-vasquez-1\/#breadcrumb","itemListElement":[{"@type":"ListItem","position":1,"name":"Portada","item":"https:\/\/revolutionpadelstore.com\/de\/"},{"@type":"ListItem","position":2,"name":"Shop","item":"https:\/\/revolutionpadelstore.com\/de\/tienda\/"},{"@type":"ListItem","position":3,"name":"RS PADEL PRO EDITION SIMON VASQUEZ"}]},{"@type":"WebSite","@id":"https:\/\/revolutionpadelstore.com\/de\/#website","url":"https:\/\/revolutionpadelstore.com\/de\/","name":"Revolution Padel Store","description":"","publisher":{"@id":"https:\/\/revolutionpadelstore.com\/de\/#organization"},"potentialAction":[{"@type":"SearchAction","target":{"@type":"EntryPoint","urlTemplate":"https:\/\/revolutionpadelstore.com\/de\/?s={search_term_string}"},"query-input":{"@type":"PropertyValueSpecification","valueRequired":true,"valueName":"search_term_string"}}],"inLanguage":"de"},{"@type":"Organization","@id":"https:\/\/revolutionpadelstore.com\/de\/#organization","name":"Revolution Padel Store","url":"https:\/\/revolutionpadelstore.com\/de\/","logo":{"@type":"ImageObject","inLanguage":"de","@id":"https:\/\/revolutionpadelstore.com\/de\/#\/schema\/logo\/image\/","url":"https:\/\/revolutionpadelstore.com\/wp-content\/uploads\/2026\/02\/revolution-padel-store.jpg","contentUrl":"https:\/\/revolutionpadelstore.com\/wp-content\/uploads\/2026\/02\/revolution-padel-store.jpg","width":2000,"height":2000,"caption":"Revolution Padel Store"},"image":{"@id":"https:\/\/revolutionpadelstore.com\/de\/#\/schema\/logo\/image\/"},"sameAs":["https:\/\/www.instagram.com\/revolutionpadelstore\/"]}]}},"_links":{"self":[{"href":"https:\/\/revolutionpadelstore.com\/de\/wp-json\/wp\/v2\/product\/14057","targetHints":{"allow":["GET"]}}],"collection":[{"href":"https:\/\/revolutionpadelstore.com\/de\/wp-json\/wp\/v2\/product"}],"about":[{"href":"https:\/\/revolutionpadelstore.com\/de\/wp-json\/wp\/v2\/types\/product"}],"replies":[{"embeddable":true,"href":"https:\/\/revolutionpadelstore.com\/de\/wp-json\/wp\/v2\/comments?post=14057"}],"wp:featuredmedia":[{"embeddable":true,"href":"https:\/\/revolutionpadelstore.com\/de\/wp-json\/wp\/v2\/media\/31136"}],"wp:attachment":[{"href":"https:\/\/revolutionpadelstore.com\/de\/wp-json\/wp\/v2\/media?parent=14057"}],"wp:term":[{"taxonomy":"acabado","embeddable":true,"href":"https:\/\/revolutionpadelstore.com\/de\/wp-json\/wp\/v2\/acabado?post=14057"},{"taxonomy":"balance","embeddable":true,"href":"https:\/\/revolutionpadelstore.com\/de\/wp-json\/wp\/v2\/balance?post=14057"},{"taxonomy":"dureza","embeddable":true,"href":"https:\/\/revolutionpadelstore.com\/de\/wp-json\/wp\/v2\/dureza?post=14057"},{"taxonomy":"forma","embeddable":true,"href":"https:\/\/revolutionpadelstore.com\/de\/wp-json\/wp\/v2\/forma?post=14057"},{"taxonomy":"jugador","embeddable":true,"href":"https:\/\/revolutionpadelstore.com\/de\/wp-json\/wp\/v2\/jugador?post=14057"},{"taxonomy":"marca","embeddable":true,"href":"https:\/\/revolutionpadelstore.com\/de\/wp-json\/wp\/v2\/marca?post=14057"},{"taxonomy":"nivel-de-juego","embeddable":true,"href":"https:\/\/revolutionpadelstore.com\/de\/wp-json\/wp\/v2\/nivel-de-juego?post=14057"},{"taxonomy":"superficie","embeddable":true,"href":"https:\/\/revolutionpadelstore.com\/de\/wp-json\/wp\/v2\/superficie?post=14057"},{"taxonomy":"tipo-de-juego","embeddable":true,"href":"https:\/\/revolutionpadelstore.com\/de\/wp-json\/wp\/v2\/tipo-de-juego?post=14057"},{"taxonomy":"product_brand","embeddable":true,"href":"https:\/\/revolutionpadelstore.com\/de\/wp-json\/wp\/v2\/product_brand?post=14057"},{"taxonomy":"product_cat","embeddable":true,"href":"https:\/\/revolutionpadelstore.com\/de\/wp-json\/wp\/v2\/product_cat?post=14057"},{"taxonomy":"product_tag","embeddable":true,"href":"https:\/\/revolutionpadelstore.com\/de\/wp-json\/wp\/v2\/product_tag?post=14057"}],"curies":[{"name":"wp","href":"https:\/\/api.w.org\/{rel}","templated":true}]}}