{"id":13991,"date":"2024-04-22T15:24:39","date_gmt":"2024-04-22T13:24:39","guid":{"rendered":"https:\/\/revolutionpadelstore.com\/rs-prime-edition-2-0-mujer\/"},"modified":"2026-04-08T11:57:20","modified_gmt":"2026-04-08T09:57:20","slug":"rs-prime-edition-2-0-mujer-1","status":"publish","type":"product","link":"https:\/\/revolutionpadelstore.com\/de\/produkt\/rs-prime-edition-2-0-mujer-1\/","title":{"rendered":"RS PRIME EDITION 2.0 MUJER"},"content":{"rendered":"<p>Wenn Sie auf der Suche nach einem hochwertigen Padelschl\u00e4ger mit exklusivem Design sind, d\u00fcrfen Sie den <strong>RS Prime Edition 2.0 Padelschl\u00e4ger f\u00fcr Damen im Revolution Padel Store<\/strong> nicht verpassen. Dieser Padelschl\u00e4ger wurde mit den besten Materialien und Technologien entwickelt, um sowohl in der Verteidigung als auch im Angriff ein optimales Spiel zu erm\u00f6glichen. Dar\u00fcber hinaus macht ihn sein elegantes Design zu einem einzigartigen St\u00fcck auf dem Platz.<\/p>\n<p> Der <strong>Padelschl\u00e4ger RS \u200b\u200bPrime Edition 2.0 91017 f\u00fcr Damen<\/strong> empfiehlt sich besonders f\u00fcr Spielerinnen mit mittlerem bis fortgeschrittenem K\u00f6nnen, die ihr Spiel verbessern m\u00f6chten. Dank seiner Tropfenform und mittleren Balance bietet dieser Schl\u00e4ger gro\u00dfe Vielseitigkeit in Bezug auf Intensit\u00e4t und Kontrolle.<\/p>\n<p> Was sein Design angeht, zeichnet sich dieser Schl\u00e4ger durch Modernit\u00e4t und Weiblichkeit aus. Mit einem wei\u00dfen Hintergrund am Griff und einem dunklen Design auf der restlichen Oberfl\u00e4che verf\u00fcgt dieser Schl\u00e4ger \u00fcber Details und Aufschriften in Hellrosa, darunter das Markenlogo.<\/p>\n<p> Aber nicht nur sein Design ist au\u00dfergew\u00f6hnlich, es verf\u00fcgt auch \u00fcber hochwertige technische Eigenschaften. Sein Carbonrahmen und die 3K-Carbonfl\u00e4chen garantieren Festigkeit und Haltbarkeit, w\u00e4hrend sein weicher EVA-Gummikern f\u00fcr einen bequemen Griff und bessere Ballausschl\u00e4ge sorgt. Dar\u00fcber hinaus erm\u00f6glichen die sandige Oberfl\u00e4che und die kreisf\u00f6rmigen Perforationen eine bessere Kontrolle des Spins des Balls.<\/p>\n<p> Warten Sie nicht l\u00e4nger und holen Sie sich jetzt den <strong>RS Prime Edition 2.0 Padelschl\u00e4ger f\u00fcr Damen im Revolution Padel Store<\/strong>, dem auf Padel-Sportartikel spezialisierten Gesch\u00e4ft. Lassen Sie Ihre Rivalen auf dem Platz mit diesem unglaublichen Padelschl\u00e4ger beneiden!<\/p>\n","protected":false},"excerpt":{"rendered":"<p>Entdecken Sie den RS Prime Edition 2.0 Padelschl\u00e4ger f\u00fcr Damen im Revolution Padel Store. Elegantes Design und erweiterte Funktionen.<\/p>\n","protected":false},"featured_media":7005,"comment_status":"closed","ping_status":"open","template":"","meta":{"_acf_changed":false,"_joinchat":[]},"acabado":[],"balance":[],"dureza":[],"forma":[],"jugador":[1194],"marca":[1309],"nivel-de-juego":[],"superficie":[],"tipo-de-juego":[],"product_brand":[],"product_cat":[299],"product_tag":[],"class_list":{"0":"post-13991","1":"product","2":"type-product","3":"status-publish","4":"has-post-thumbnail","6":"jugador-frau","7":"marca-rs-padel-de","8":"product_cat-palas-de-padel-de","10":"first","11":"instock","12":"sale","13":"taxable","14":"shipping-taxable","15":"purchasable","16":"product-type-simple"},"acf":[],"yoast_head":"<!-- This site is optimized with the Yoast SEO plugin v27.4 - https:\/\/yoast.com\/product\/yoast-seo-wordpress\/ -->\n<title>RS PRIME EDITION 2.0 MUJER - Revolution Padel Store<\/title>\n<meta name=\"description\" content=\"Descubre la pala de p\u00e1del RS Prime Edition 2.0 para mujer en Revolution Padel Store. Dise\u00f1o elegante y caracter\u00edsticas avanzadas.\" \/>\n<meta name=\"robots\" content=\"index, follow, max-snippet:-1, max-image-preview:large, max-video-preview:-1\" \/>\n<link rel=\"canonical\" href=\"https:\/\/revolutionpadelstore.com\/de\/produkt\/rs-prime-edition-2-0-mujer-1\/\" \/>\n<meta property=\"og:locale\" content=\"de_DE\" \/>\n<meta property=\"og:type\" content=\"article\" \/>\n<meta property=\"og:title\" content=\"RS PRIME EDITION 2.0 MUJER - Revolution Padel Store\" \/>\n<meta property=\"og:description\" content=\"Descubre la pala de p\u00e1del RS Prime Edition 2.0 para mujer en Revolution Padel Store. Dise\u00f1o elegante y caracter\u00edsticas avanzadas.\" \/>\n<meta property=\"og:url\" content=\"https:\/\/revolutionpadelstore.com\/de\/produkt\/rs-prime-edition-2-0-mujer-1\/\" \/>\n<meta property=\"og:site_name\" content=\"Revolution Padel Store\" \/>\n<meta property=\"article:modified_time\" content=\"2026-04-08T09:57:20+00:00\" \/>\n<meta property=\"og:image\" content=\"https:\/\/revolutionpadelstore.com\/wp-content\/uploads\/2024\/04\/28434-P-2-4.jpg\" \/>\n\t<meta property=\"og:image:width\" content=\"1000\" \/>\n\t<meta property=\"og:image:height\" content=\"1000\" \/>\n\t<meta property=\"og:image:type\" content=\"image\/png\" \/>\n<meta name=\"twitter:card\" content=\"summary_large_image\" \/>\n<meta name=\"twitter:label1\" content=\"Gesch\u00e4tzte Lesezeit\" \/>\n\t<meta name=\"twitter:data1\" content=\"1\u00a0Minute\" \/>\n<script type=\"application\/ld+json\" class=\"yoast-schema-graph\">{\"@context\":\"https:\\\/\\\/schema.org\",\"@graph\":[{\"@type\":\"WebPage\",\"@id\":\"https:\\\/\\\/revolutionpadelstore.com\\\/de\\\/produkt\\\/rs-prime-edition-2-0-mujer-1\\\/\",\"url\":\"https:\\\/\\\/revolutionpadelstore.com\\\/de\\\/produkt\\\/rs-prime-edition-2-0-mujer-1\\\/\",\"name\":\"RS PRIME EDITION 2.0 MUJER - Revolution Padel Store\",\"isPartOf\":{\"@id\":\"https:\\\/\\\/revolutionpadelstore.com\\\/de\\\/#website\"},\"primaryImageOfPage\":{\"@id\":\"https:\\\/\\\/revolutionpadelstore.com\\\/de\\\/produkt\\\/rs-prime-edition-2-0-mujer-1\\\/#primaryimage\"},\"image\":{\"@id\":\"https:\\\/\\\/revolutionpadelstore.com\\\/de\\\/produkt\\\/rs-prime-edition-2-0-mujer-1\\\/#primaryimage\"},\"thumbnailUrl\":\"https:\\\/\\\/revolutionpadelstore.com\\\/wp-content\\\/uploads\\\/2024\\\/04\\\/28434-P-2-4.jpg\",\"datePublished\":\"2024-04-22T13:24:39+00:00\",\"dateModified\":\"2026-04-08T09:57:20+00:00\",\"description\":\"Descubre la pala de p\u00e1del RS Prime Edition 2.0 para mujer en Revolution Padel Store. Dise\u00f1o elegante y caracter\u00edsticas avanzadas.\",\"breadcrumb\":{\"@id\":\"https:\\\/\\\/revolutionpadelstore.com\\\/de\\\/produkt\\\/rs-prime-edition-2-0-mujer-1\\\/#breadcrumb\"},\"inLanguage\":\"de\",\"potentialAction\":[{\"@type\":\"ReadAction\",\"target\":[\"https:\\\/\\\/revolutionpadelstore.com\\\/de\\\/produkt\\\/rs-prime-edition-2-0-mujer-1\\\/\"]}]},{\"@type\":\"ImageObject\",\"inLanguage\":\"de\",\"@id\":\"https:\\\/\\\/revolutionpadelstore.com\\\/de\\\/produkt\\\/rs-prime-edition-2-0-mujer-1\\\/#primaryimage\",\"url\":\"https:\\\/\\\/revolutionpadelstore.com\\\/wp-content\\\/uploads\\\/2024\\\/04\\\/28434-P-2-4.jpg\",\"contentUrl\":\"https:\\\/\\\/revolutionpadelstore.com\\\/wp-content\\\/uploads\\\/2024\\\/04\\\/28434-P-2-4.jpg\",\"width\":1000,\"height\":1000},{\"@type\":\"BreadcrumbList\",\"@id\":\"https:\\\/\\\/revolutionpadelstore.com\\\/de\\\/produkt\\\/rs-prime-edition-2-0-mujer-1\\\/#breadcrumb\",\"itemListElement\":[{\"@type\":\"ListItem\",\"position\":1,\"name\":\"Portada\",\"item\":\"https:\\\/\\\/revolutionpadelstore.com\\\/de\\\/\"},{\"@type\":\"ListItem\",\"position\":2,\"name\":\"Shop\",\"item\":\"https:\\\/\\\/revolutionpadelstore.com\\\/de\\\/tienda\\\/\"},{\"@type\":\"ListItem\",\"position\":3,\"name\":\"RS PRIME EDITION 2.0 MUJER\"}]},{\"@type\":\"WebSite\",\"@id\":\"https:\\\/\\\/revolutionpadelstore.com\\\/de\\\/#website\",\"url\":\"https:\\\/\\\/revolutionpadelstore.com\\\/de\\\/\",\"name\":\"Revolution Padel Store\",\"description\":\"\",\"publisher\":{\"@id\":\"https:\\\/\\\/revolutionpadelstore.com\\\/de\\\/#organization\"},\"potentialAction\":[{\"@type\":\"SearchAction\",\"target\":{\"@type\":\"EntryPoint\",\"urlTemplate\":\"https:\\\/\\\/revolutionpadelstore.com\\\/de\\\/?s={search_term_string}\"},\"query-input\":{\"@type\":\"PropertyValueSpecification\",\"valueRequired\":true,\"valueName\":\"search_term_string\"}}],\"inLanguage\":\"de\"},{\"@type\":\"Organization\",\"@id\":\"https:\\\/\\\/revolutionpadelstore.com\\\/de\\\/#organization\",\"name\":\"Revolution Padel Store\",\"url\":\"https:\\\/\\\/revolutionpadelstore.com\\\/de\\\/\",\"logo\":{\"@type\":\"ImageObject\",\"inLanguage\":\"de\",\"@id\":\"https:\\\/\\\/revolutionpadelstore.com\\\/de\\\/#\\\/schema\\\/logo\\\/image\\\/\",\"url\":\"https:\\\/\\\/revolutionpadelstore.com\\\/wp-content\\\/uploads\\\/2026\\\/02\\\/revolution-padel-store.jpg\",\"contentUrl\":\"https:\\\/\\\/revolutionpadelstore.com\\\/wp-content\\\/uploads\\\/2026\\\/02\\\/revolution-padel-store.jpg\",\"width\":2000,\"height\":2000,\"caption\":\"Revolution Padel Store\"},\"image\":{\"@id\":\"https:\\\/\\\/revolutionpadelstore.com\\\/de\\\/#\\\/schema\\\/logo\\\/image\\\/\"},\"sameAs\":[\"https:\\\/\\\/www.instagram.com\\\/revolutionpadelstore\\\/\"]}]}<\/script>\n<!-- \/ Yoast SEO plugin. -->","yoast_head_json":{"title":"RS PRIME EDITION 2.0 MUJER - Revolution Padel Store","description":"Descubre la pala de p\u00e1del RS Prime Edition 2.0 para mujer en Revolution Padel Store. Dise\u00f1o elegante y caracter\u00edsticas avanzadas.","robots":{"index":"index","follow":"follow","max-snippet":"max-snippet:-1","max-image-preview":"max-image-preview:large","max-video-preview":"max-video-preview:-1"},"canonical":"https:\/\/revolutionpadelstore.com\/de\/produkt\/rs-prime-edition-2-0-mujer-1\/","og_locale":"de_DE","og_type":"article","og_title":"RS PRIME EDITION 2.0 MUJER - Revolution Padel Store","og_description":"Descubre la pala de p\u00e1del RS Prime Edition 2.0 para mujer en Revolution Padel Store. Dise\u00f1o elegante y caracter\u00edsticas avanzadas.","og_url":"https:\/\/revolutionpadelstore.com\/de\/produkt\/rs-prime-edition-2-0-mujer-1\/","og_site_name":"Revolution Padel Store","article_modified_time":"2026-04-08T09:57:20+00:00","og_image":[{"width":1000,"height":1000,"url":"https:\/\/revolutionpadelstore.com\/wp-content\/uploads\/2024\/04\/28434-P-2-4.jpg","type":"image\/png"}],"twitter_card":"summary_large_image","twitter_misc":{"Gesch\u00e4tzte Lesezeit":"1\u00a0Minute"},"schema":{"@context":"https:\/\/schema.org","@graph":[{"@type":"WebPage","@id":"https:\/\/revolutionpadelstore.com\/de\/produkt\/rs-prime-edition-2-0-mujer-1\/","url":"https:\/\/revolutionpadelstore.com\/de\/produkt\/rs-prime-edition-2-0-mujer-1\/","name":"RS PRIME EDITION 2.0 MUJER - Revolution Padel Store","isPartOf":{"@id":"https:\/\/revolutionpadelstore.com\/de\/#website"},"primaryImageOfPage":{"@id":"https:\/\/revolutionpadelstore.com\/de\/produkt\/rs-prime-edition-2-0-mujer-1\/#primaryimage"},"image":{"@id":"https:\/\/revolutionpadelstore.com\/de\/produkt\/rs-prime-edition-2-0-mujer-1\/#primaryimage"},"thumbnailUrl":"https:\/\/revolutionpadelstore.com\/wp-content\/uploads\/2024\/04\/28434-P-2-4.jpg","datePublished":"2024-04-22T13:24:39+00:00","dateModified":"2026-04-08T09:57:20+00:00","description":"Descubre la pala de p\u00e1del RS Prime Edition 2.0 para mujer en Revolution Padel Store. Dise\u00f1o elegante y caracter\u00edsticas avanzadas.","breadcrumb":{"@id":"https:\/\/revolutionpadelstore.com\/de\/produkt\/rs-prime-edition-2-0-mujer-1\/#breadcrumb"},"inLanguage":"de","potentialAction":[{"@type":"ReadAction","target":["https:\/\/revolutionpadelstore.com\/de\/produkt\/rs-prime-edition-2-0-mujer-1\/"]}]},{"@type":"ImageObject","inLanguage":"de","@id":"https:\/\/revolutionpadelstore.com\/de\/produkt\/rs-prime-edition-2-0-mujer-1\/#primaryimage","url":"https:\/\/revolutionpadelstore.com\/wp-content\/uploads\/2024\/04\/28434-P-2-4.jpg","contentUrl":"https:\/\/revolutionpadelstore.com\/wp-content\/uploads\/2024\/04\/28434-P-2-4.jpg","width":1000,"height":1000},{"@type":"BreadcrumbList","@id":"https:\/\/revolutionpadelstore.com\/de\/produkt\/rs-prime-edition-2-0-mujer-1\/#breadcrumb","itemListElement":[{"@type":"ListItem","position":1,"name":"Portada","item":"https:\/\/revolutionpadelstore.com\/de\/"},{"@type":"ListItem","position":2,"name":"Shop","item":"https:\/\/revolutionpadelstore.com\/de\/tienda\/"},{"@type":"ListItem","position":3,"name":"RS PRIME EDITION 2.0 MUJER"}]},{"@type":"WebSite","@id":"https:\/\/revolutionpadelstore.com\/de\/#website","url":"https:\/\/revolutionpadelstore.com\/de\/","name":"Revolution Padel Store","description":"","publisher":{"@id":"https:\/\/revolutionpadelstore.com\/de\/#organization"},"potentialAction":[{"@type":"SearchAction","target":{"@type":"EntryPoint","urlTemplate":"https:\/\/revolutionpadelstore.com\/de\/?s={search_term_string}"},"query-input":{"@type":"PropertyValueSpecification","valueRequired":true,"valueName":"search_term_string"}}],"inLanguage":"de"},{"@type":"Organization","@id":"https:\/\/revolutionpadelstore.com\/de\/#organization","name":"Revolution Padel Store","url":"https:\/\/revolutionpadelstore.com\/de\/","logo":{"@type":"ImageObject","inLanguage":"de","@id":"https:\/\/revolutionpadelstore.com\/de\/#\/schema\/logo\/image\/","url":"https:\/\/revolutionpadelstore.com\/wp-content\/uploads\/2026\/02\/revolution-padel-store.jpg","contentUrl":"https:\/\/revolutionpadelstore.com\/wp-content\/uploads\/2026\/02\/revolution-padel-store.jpg","width":2000,"height":2000,"caption":"Revolution Padel Store"},"image":{"@id":"https:\/\/revolutionpadelstore.com\/de\/#\/schema\/logo\/image\/"},"sameAs":["https:\/\/www.instagram.com\/revolutionpadelstore\/"]}]}},"_links":{"self":[{"href":"https:\/\/revolutionpadelstore.com\/de\/wp-json\/wp\/v2\/product\/13991","targetHints":{"allow":["GET"]}}],"collection":[{"href":"https:\/\/revolutionpadelstore.com\/de\/wp-json\/wp\/v2\/product"}],"about":[{"href":"https:\/\/revolutionpadelstore.com\/de\/wp-json\/wp\/v2\/types\/product"}],"replies":[{"embeddable":true,"href":"https:\/\/revolutionpadelstore.com\/de\/wp-json\/wp\/v2\/comments?post=13991"}],"wp:featuredmedia":[{"embeddable":true,"href":"https:\/\/revolutionpadelstore.com\/de\/wp-json\/wp\/v2\/media\/7005"}],"wp:attachment":[{"href":"https:\/\/revolutionpadelstore.com\/de\/wp-json\/wp\/v2\/media?parent=13991"}],"wp:term":[{"taxonomy":"acabado","embeddable":true,"href":"https:\/\/revolutionpadelstore.com\/de\/wp-json\/wp\/v2\/acabado?post=13991"},{"taxonomy":"balance","embeddable":true,"href":"https:\/\/revolutionpadelstore.com\/de\/wp-json\/wp\/v2\/balance?post=13991"},{"taxonomy":"dureza","embeddable":true,"href":"https:\/\/revolutionpadelstore.com\/de\/wp-json\/wp\/v2\/dureza?post=13991"},{"taxonomy":"forma","embeddable":true,"href":"https:\/\/revolutionpadelstore.com\/de\/wp-json\/wp\/v2\/forma?post=13991"},{"taxonomy":"jugador","embeddable":true,"href":"https:\/\/revolutionpadelstore.com\/de\/wp-json\/wp\/v2\/jugador?post=13991"},{"taxonomy":"marca","embeddable":true,"href":"https:\/\/revolutionpadelstore.com\/de\/wp-json\/wp\/v2\/marca?post=13991"},{"taxonomy":"nivel-de-juego","embeddable":true,"href":"https:\/\/revolutionpadelstore.com\/de\/wp-json\/wp\/v2\/nivel-de-juego?post=13991"},{"taxonomy":"superficie","embeddable":true,"href":"https:\/\/revolutionpadelstore.com\/de\/wp-json\/wp\/v2\/superficie?post=13991"},{"taxonomy":"tipo-de-juego","embeddable":true,"href":"https:\/\/revolutionpadelstore.com\/de\/wp-json\/wp\/v2\/tipo-de-juego?post=13991"},{"taxonomy":"product_brand","embeddable":true,"href":"https:\/\/revolutionpadelstore.com\/de\/wp-json\/wp\/v2\/product_brand?post=13991"},{"taxonomy":"product_cat","embeddable":true,"href":"https:\/\/revolutionpadelstore.com\/de\/wp-json\/wp\/v2\/product_cat?post=13991"},{"taxonomy":"product_tag","embeddable":true,"href":"https:\/\/revolutionpadelstore.com\/de\/wp-json\/wp\/v2\/product_tag?post=13991"}],"curies":[{"name":"wp","href":"https:\/\/api.w.org\/{rel}","templated":true}]}}