{"id":13956,"date":"2024-04-22T15:24:45","date_gmt":"2024-04-22T13:24:45","guid":{"rendered":"https:\/\/revolutionpadelstore.com\/siux-black-carbon-revolution-3k\/"},"modified":"2026-04-08T11:55:38","modified_gmt":"2026-04-08T09:55:38","slug":"siux-black-carbon-revolution-3k-1","status":"publish","type":"product","link":"https:\/\/revolutionpadelstore.com\/de\/produkt\/siux-black-carbon-revolution-3k-1\/","title":{"rendered":"SIUX BLACK CARBON REVOLUTION 3K"},"content":{"rendered":"<p>Entdecken Sie den perfekten Padelschl\u00e4ger f\u00fcr fortgeschrittene Spieler im Revolution Padel Store: Siux Black Carbon Revolution 3K. Dieser unglaubliche Schl\u00e4ger hat ein elegantes schwarzes Design und wei\u00dfe und gelbe Details, die ihn in seinem Stil einzigartig machen. Im Revolution Padel Store finden Sie die beste Auswahl an hochwertigen Padelschl\u00e4gern, und der Siux Black Carbon Revolution 3K bildet da keine Ausnahme.<\/p>\n<p> Der Siux Black Carbon Revolution 3K-Schl\u00e4ger ist die perfekte Wahl f\u00fcr Spieler auf fortgeschrittenem oder mittlerem Niveau, die einen Schl\u00e4ger suchen, der ihnen Komfort, Leistung und hervorragendes Handling auf dem Platz bietet. Seine runde Form und der breite Sweetspot erm\u00f6glichen Ihnen eine bessere Verteidigung und ein perfektes Gleichgewicht zwischen St\u00e4rke und Kontrolle.<\/p>\n<p> Dar\u00fcber hinaus sorgt der weiche EHR-EVA-Gummi f\u00fcr unvergleichliche Empfindungen und hohen Komfort bei jedem Schlag. Seine Fusionsstruktur aus Kohlenstoff und Glasfaser macht ihn widerstandsf\u00e4hig und langlebig, ideal, um den heftigsten Schl\u00e4gen standzuhalten.<\/p>\n<p> Der Siux Black Carbon Revolution 3K-Schl\u00e4ger verf\u00fcgt au\u00dferdem \u00fcber einzigartige Eigenschaften, wie seine raue Oberfl\u00e4che, die Ihnen einen besseren Halt am Ball erm\u00f6glicht, sein geringes Gewicht von 355 g, das Ihnen eine gr\u00f6\u00dfere Anpassungsf\u00e4higkeit bietet, und seine Graphen-Technologie, die ihm das gewisse Extra verleiht St\u00e4rke f\u00fcr deine Schl\u00e4ge.<\/p>\n<p> Im Revolution Padel Store legen wir Wert darauf, Ihnen nur das Beste zu bieten. Deshalb verf\u00fcgt der Siux Black Carbon Revolution 3K auch \u00fcber vier Shockout-Antivibrationselemente, die Ihren Komfort bei jedem Aufprall verbessern und Ihnen mehr Stabilit\u00e4t auf dem Platz verleihen.<\/p>\n<p> Warten Sie nicht l\u00e4nger und kommen Sie zum Revolution Padel Store, um den perfekten Padelschl\u00e4ger f\u00fcr Sie zu entdecken: Siux Black Carbon Revolution 3K. Sie werden es nicht bereuen, es in Ihrem Training und bei Wettk\u00e4mpfen ausprobiert zu haben!<\/p>\n","protected":false},"excerpt":{"rendered":"<p>und verf\u00fcgt \u00fcber eine gro\u00dfe Auswahl an Padelschl\u00e4gern<\/p>\n<p> \u201eEntdecken Sie den Siux Black Carbon Revolution 3K-Schl\u00e4ger im Revolution Padel Store. Ideal f\u00fcr fortgeschrittene oder fortgeschrittene Spieler, mit elegantem Design und leistungsstarken Funktionen.<\/p>\n","protected":false},"featured_media":161224,"comment_status":"closed","ping_status":"closed","template":"","meta":{"_acf_changed":false,"_joinchat":[]},"acabado":[],"balance":[],"dureza":[],"forma":[],"jugador":[1189,1199],"marca":[1304],"nivel-de-juego":[],"superficie":[],"tipo-de-juego":[],"product_brand":[],"product_cat":[299],"product_tag":[],"class_list":{"0":"post-13956","1":"product","2":"type-product","3":"status-publish","4":"has-post-thumbnail","6":"jugador-mann","7":"jugador-mehrzweck","8":"marca-siux-de","9":"product_cat-palas-de-padel-de","11":"first","12":"instock","13":"sale","14":"taxable","15":"shipping-taxable","16":"purchasable","17":"product-type-simple"},"acf":[],"yoast_head":"<!-- This site is optimized with the Yoast SEO plugin v27.4 - https:\/\/yoast.com\/product\/yoast-seo-wordpress\/ -->\n<title>SIUX BLACK CARBON REVOLUTION 3K - Revolution Padel Store<\/title>\n<meta name=\"description\" content=\"y cuenta con una amplia selecci\u00f3n de palas de p\u00e1del &quot;Descubre la pala Siux Black Carbon Revolution 3K en Revolution Padel Store. Ideal para jugadores avanzados o intermedios, con dise\u00f1o elegante y caracter\u00edsticas de alto rendimiento.\" \/>\n<meta name=\"robots\" content=\"index, follow, max-snippet:-1, max-image-preview:large, max-video-preview:-1\" \/>\n<link rel=\"canonical\" href=\"https:\/\/revolutionpadelstore.com\/de\/produkt\/siux-black-carbon-revolution-3k-1\/\" \/>\n<meta property=\"og:locale\" content=\"de_DE\" \/>\n<meta property=\"og:type\" content=\"article\" \/>\n<meta property=\"og:title\" content=\"SIUX BLACK CARBON REVOLUTION 3K - Revolution Padel Store\" \/>\n<meta property=\"og:description\" content=\"y cuenta con una amplia selecci\u00f3n de palas de p\u00e1del &quot;Descubre la pala Siux Black Carbon Revolution 3K en Revolution Padel Store. Ideal para jugadores avanzados o intermedios, con dise\u00f1o elegante y caracter\u00edsticas de alto rendimiento.\" \/>\n<meta property=\"og:url\" content=\"https:\/\/revolutionpadelstore.com\/de\/produkt\/siux-black-carbon-revolution-3k-1\/\" \/>\n<meta property=\"og:site_name\" content=\"Revolution Padel Store\" \/>\n<meta property=\"article:modified_time\" content=\"2026-04-08T09:55:38+00:00\" \/>\n<meta property=\"og:image\" content=\"https:\/\/revolutionpadelstore.com\/wp-content\/uploads\/2024\/04\/24395-P-0-4.png\" \/>\n\t<meta property=\"og:image:width\" content=\"1500\" \/>\n\t<meta property=\"og:image:height\" content=\"1500\" \/>\n\t<meta property=\"og:image:type\" content=\"image\/png\" \/>\n<meta name=\"twitter:card\" content=\"summary_large_image\" \/>\n<meta name=\"twitter:label1\" content=\"Gesch\u00e4tzte Lesezeit\" \/>\n\t<meta name=\"twitter:data1\" content=\"2\u00a0Minuten\" \/>\n<script type=\"application\/ld+json\" class=\"yoast-schema-graph\">{\"@context\":\"https:\\\/\\\/schema.org\",\"@graph\":[{\"@type\":\"WebPage\",\"@id\":\"https:\\\/\\\/revolutionpadelstore.com\\\/de\\\/produkt\\\/siux-black-carbon-revolution-3k-1\\\/\",\"url\":\"https:\\\/\\\/revolutionpadelstore.com\\\/de\\\/produkt\\\/siux-black-carbon-revolution-3k-1\\\/\",\"name\":\"SIUX BLACK CARBON REVOLUTION 3K - Revolution Padel Store\",\"isPartOf\":{\"@id\":\"https:\\\/\\\/revolutionpadelstore.com\\\/de\\\/#website\"},\"primaryImageOfPage\":{\"@id\":\"https:\\\/\\\/revolutionpadelstore.com\\\/de\\\/produkt\\\/siux-black-carbon-revolution-3k-1\\\/#primaryimage\"},\"image\":{\"@id\":\"https:\\\/\\\/revolutionpadelstore.com\\\/de\\\/produkt\\\/siux-black-carbon-revolution-3k-1\\\/#primaryimage\"},\"thumbnailUrl\":\"https:\\\/\\\/revolutionpadelstore.com\\\/wp-content\\\/uploads\\\/2024\\\/04\\\/24395-P-0-4.png\",\"datePublished\":\"2024-04-22T13:24:45+00:00\",\"dateModified\":\"2026-04-08T09:55:38+00:00\",\"description\":\"y cuenta con una amplia selecci\u00f3n de palas de p\u00e1del \\\"Descubre la pala Siux Black Carbon Revolution 3K en Revolution Padel Store. Ideal para jugadores avanzados o intermedios, con dise\u00f1o elegante y caracter\u00edsticas de alto rendimiento.\",\"breadcrumb\":{\"@id\":\"https:\\\/\\\/revolutionpadelstore.com\\\/de\\\/produkt\\\/siux-black-carbon-revolution-3k-1\\\/#breadcrumb\"},\"inLanguage\":\"de\",\"potentialAction\":[{\"@type\":\"ReadAction\",\"target\":[\"https:\\\/\\\/revolutionpadelstore.com\\\/de\\\/produkt\\\/siux-black-carbon-revolution-3k-1\\\/\"]}]},{\"@type\":\"ImageObject\",\"inLanguage\":\"de\",\"@id\":\"https:\\\/\\\/revolutionpadelstore.com\\\/de\\\/produkt\\\/siux-black-carbon-revolution-3k-1\\\/#primaryimage\",\"url\":\"https:\\\/\\\/revolutionpadelstore.com\\\/wp-content\\\/uploads\\\/2024\\\/04\\\/24395-P-0-4.png\",\"contentUrl\":\"https:\\\/\\\/revolutionpadelstore.com\\\/wp-content\\\/uploads\\\/2024\\\/04\\\/24395-P-0-4.png\",\"width\":1500,\"height\":1500},{\"@type\":\"BreadcrumbList\",\"@id\":\"https:\\\/\\\/revolutionpadelstore.com\\\/de\\\/produkt\\\/siux-black-carbon-revolution-3k-1\\\/#breadcrumb\",\"itemListElement\":[{\"@type\":\"ListItem\",\"position\":1,\"name\":\"Portada\",\"item\":\"https:\\\/\\\/revolutionpadelstore.com\\\/de\\\/\"},{\"@type\":\"ListItem\",\"position\":2,\"name\":\"Shop\",\"item\":\"https:\\\/\\\/revolutionpadelstore.com\\\/de\\\/tienda\\\/\"},{\"@type\":\"ListItem\",\"position\":3,\"name\":\"SIUX BLACK CARBON REVOLUTION 3K\"}]},{\"@type\":\"WebSite\",\"@id\":\"https:\\\/\\\/revolutionpadelstore.com\\\/de\\\/#website\",\"url\":\"https:\\\/\\\/revolutionpadelstore.com\\\/de\\\/\",\"name\":\"Revolution Padel Store\",\"description\":\"\",\"publisher\":{\"@id\":\"https:\\\/\\\/revolutionpadelstore.com\\\/de\\\/#organization\"},\"potentialAction\":[{\"@type\":\"SearchAction\",\"target\":{\"@type\":\"EntryPoint\",\"urlTemplate\":\"https:\\\/\\\/revolutionpadelstore.com\\\/de\\\/?s={search_term_string}\"},\"query-input\":{\"@type\":\"PropertyValueSpecification\",\"valueRequired\":true,\"valueName\":\"search_term_string\"}}],\"inLanguage\":\"de\"},{\"@type\":\"Organization\",\"@id\":\"https:\\\/\\\/revolutionpadelstore.com\\\/de\\\/#organization\",\"name\":\"Revolution Padel Store\",\"url\":\"https:\\\/\\\/revolutionpadelstore.com\\\/de\\\/\",\"logo\":{\"@type\":\"ImageObject\",\"inLanguage\":\"de\",\"@id\":\"https:\\\/\\\/revolutionpadelstore.com\\\/de\\\/#\\\/schema\\\/logo\\\/image\\\/\",\"url\":\"https:\\\/\\\/revolutionpadelstore.com\\\/wp-content\\\/uploads\\\/2026\\\/02\\\/revolution-padel-store.jpg\",\"contentUrl\":\"https:\\\/\\\/revolutionpadelstore.com\\\/wp-content\\\/uploads\\\/2026\\\/02\\\/revolution-padel-store.jpg\",\"width\":2000,\"height\":2000,\"caption\":\"Revolution Padel Store\"},\"image\":{\"@id\":\"https:\\\/\\\/revolutionpadelstore.com\\\/de\\\/#\\\/schema\\\/logo\\\/image\\\/\"},\"sameAs\":[\"https:\\\/\\\/www.instagram.com\\\/revolutionpadelstore\\\/\"]}]}<\/script>\n<!-- \/ Yoast SEO plugin. -->","yoast_head_json":{"title":"SIUX BLACK CARBON REVOLUTION 3K - Revolution Padel Store","description":"y cuenta con una amplia selecci\u00f3n de palas de p\u00e1del \"Descubre la pala Siux Black Carbon Revolution 3K en Revolution Padel Store. Ideal para jugadores avanzados o intermedios, con dise\u00f1o elegante y caracter\u00edsticas de alto rendimiento.","robots":{"index":"index","follow":"follow","max-snippet":"max-snippet:-1","max-image-preview":"max-image-preview:large","max-video-preview":"max-video-preview:-1"},"canonical":"https:\/\/revolutionpadelstore.com\/de\/produkt\/siux-black-carbon-revolution-3k-1\/","og_locale":"de_DE","og_type":"article","og_title":"SIUX BLACK CARBON REVOLUTION 3K - Revolution Padel Store","og_description":"y cuenta con una amplia selecci\u00f3n de palas de p\u00e1del \"Descubre la pala Siux Black Carbon Revolution 3K en Revolution Padel Store. Ideal para jugadores avanzados o intermedios, con dise\u00f1o elegante y caracter\u00edsticas de alto rendimiento.","og_url":"https:\/\/revolutionpadelstore.com\/de\/produkt\/siux-black-carbon-revolution-3k-1\/","og_site_name":"Revolution Padel Store","article_modified_time":"2026-04-08T09:55:38+00:00","og_image":[{"width":1500,"height":1500,"url":"https:\/\/revolutionpadelstore.com\/wp-content\/uploads\/2024\/04\/24395-P-0-4.png","type":"image\/png"}],"twitter_card":"summary_large_image","twitter_misc":{"Gesch\u00e4tzte Lesezeit":"2\u00a0Minuten"},"schema":{"@context":"https:\/\/schema.org","@graph":[{"@type":"WebPage","@id":"https:\/\/revolutionpadelstore.com\/de\/produkt\/siux-black-carbon-revolution-3k-1\/","url":"https:\/\/revolutionpadelstore.com\/de\/produkt\/siux-black-carbon-revolution-3k-1\/","name":"SIUX BLACK CARBON REVOLUTION 3K - Revolution Padel Store","isPartOf":{"@id":"https:\/\/revolutionpadelstore.com\/de\/#website"},"primaryImageOfPage":{"@id":"https:\/\/revolutionpadelstore.com\/de\/produkt\/siux-black-carbon-revolution-3k-1\/#primaryimage"},"image":{"@id":"https:\/\/revolutionpadelstore.com\/de\/produkt\/siux-black-carbon-revolution-3k-1\/#primaryimage"},"thumbnailUrl":"https:\/\/revolutionpadelstore.com\/wp-content\/uploads\/2024\/04\/24395-P-0-4.png","datePublished":"2024-04-22T13:24:45+00:00","dateModified":"2026-04-08T09:55:38+00:00","description":"y cuenta con una amplia selecci\u00f3n de palas de p\u00e1del \"Descubre la pala Siux Black Carbon Revolution 3K en Revolution Padel Store. Ideal para jugadores avanzados o intermedios, con dise\u00f1o elegante y caracter\u00edsticas de alto rendimiento.","breadcrumb":{"@id":"https:\/\/revolutionpadelstore.com\/de\/produkt\/siux-black-carbon-revolution-3k-1\/#breadcrumb"},"inLanguage":"de","potentialAction":[{"@type":"ReadAction","target":["https:\/\/revolutionpadelstore.com\/de\/produkt\/siux-black-carbon-revolution-3k-1\/"]}]},{"@type":"ImageObject","inLanguage":"de","@id":"https:\/\/revolutionpadelstore.com\/de\/produkt\/siux-black-carbon-revolution-3k-1\/#primaryimage","url":"https:\/\/revolutionpadelstore.com\/wp-content\/uploads\/2024\/04\/24395-P-0-4.png","contentUrl":"https:\/\/revolutionpadelstore.com\/wp-content\/uploads\/2024\/04\/24395-P-0-4.png","width":1500,"height":1500},{"@type":"BreadcrumbList","@id":"https:\/\/revolutionpadelstore.com\/de\/produkt\/siux-black-carbon-revolution-3k-1\/#breadcrumb","itemListElement":[{"@type":"ListItem","position":1,"name":"Portada","item":"https:\/\/revolutionpadelstore.com\/de\/"},{"@type":"ListItem","position":2,"name":"Shop","item":"https:\/\/revolutionpadelstore.com\/de\/tienda\/"},{"@type":"ListItem","position":3,"name":"SIUX BLACK CARBON REVOLUTION 3K"}]},{"@type":"WebSite","@id":"https:\/\/revolutionpadelstore.com\/de\/#website","url":"https:\/\/revolutionpadelstore.com\/de\/","name":"Revolution Padel Store","description":"","publisher":{"@id":"https:\/\/revolutionpadelstore.com\/de\/#organization"},"potentialAction":[{"@type":"SearchAction","target":{"@type":"EntryPoint","urlTemplate":"https:\/\/revolutionpadelstore.com\/de\/?s={search_term_string}"},"query-input":{"@type":"PropertyValueSpecification","valueRequired":true,"valueName":"search_term_string"}}],"inLanguage":"de"},{"@type":"Organization","@id":"https:\/\/revolutionpadelstore.com\/de\/#organization","name":"Revolution Padel Store","url":"https:\/\/revolutionpadelstore.com\/de\/","logo":{"@type":"ImageObject","inLanguage":"de","@id":"https:\/\/revolutionpadelstore.com\/de\/#\/schema\/logo\/image\/","url":"https:\/\/revolutionpadelstore.com\/wp-content\/uploads\/2026\/02\/revolution-padel-store.jpg","contentUrl":"https:\/\/revolutionpadelstore.com\/wp-content\/uploads\/2026\/02\/revolution-padel-store.jpg","width":2000,"height":2000,"caption":"Revolution Padel Store"},"image":{"@id":"https:\/\/revolutionpadelstore.com\/de\/#\/schema\/logo\/image\/"},"sameAs":["https:\/\/www.instagram.com\/revolutionpadelstore\/"]}]}},"_links":{"self":[{"href":"https:\/\/revolutionpadelstore.com\/de\/wp-json\/wp\/v2\/product\/13956","targetHints":{"allow":["GET"]}}],"collection":[{"href":"https:\/\/revolutionpadelstore.com\/de\/wp-json\/wp\/v2\/product"}],"about":[{"href":"https:\/\/revolutionpadelstore.com\/de\/wp-json\/wp\/v2\/types\/product"}],"replies":[{"embeddable":true,"href":"https:\/\/revolutionpadelstore.com\/de\/wp-json\/wp\/v2\/comments?post=13956"}],"wp:featuredmedia":[{"embeddable":true,"href":"https:\/\/revolutionpadelstore.com\/de\/wp-json\/wp\/v2\/media\/161224"}],"wp:attachment":[{"href":"https:\/\/revolutionpadelstore.com\/de\/wp-json\/wp\/v2\/media?parent=13956"}],"wp:term":[{"taxonomy":"acabado","embeddable":true,"href":"https:\/\/revolutionpadelstore.com\/de\/wp-json\/wp\/v2\/acabado?post=13956"},{"taxonomy":"balance","embeddable":true,"href":"https:\/\/revolutionpadelstore.com\/de\/wp-json\/wp\/v2\/balance?post=13956"},{"taxonomy":"dureza","embeddable":true,"href":"https:\/\/revolutionpadelstore.com\/de\/wp-json\/wp\/v2\/dureza?post=13956"},{"taxonomy":"forma","embeddable":true,"href":"https:\/\/revolutionpadelstore.com\/de\/wp-json\/wp\/v2\/forma?post=13956"},{"taxonomy":"jugador","embeddable":true,"href":"https:\/\/revolutionpadelstore.com\/de\/wp-json\/wp\/v2\/jugador?post=13956"},{"taxonomy":"marca","embeddable":true,"href":"https:\/\/revolutionpadelstore.com\/de\/wp-json\/wp\/v2\/marca?post=13956"},{"taxonomy":"nivel-de-juego","embeddable":true,"href":"https:\/\/revolutionpadelstore.com\/de\/wp-json\/wp\/v2\/nivel-de-juego?post=13956"},{"taxonomy":"superficie","embeddable":true,"href":"https:\/\/revolutionpadelstore.com\/de\/wp-json\/wp\/v2\/superficie?post=13956"},{"taxonomy":"tipo-de-juego","embeddable":true,"href":"https:\/\/revolutionpadelstore.com\/de\/wp-json\/wp\/v2\/tipo-de-juego?post=13956"},{"taxonomy":"product_brand","embeddable":true,"href":"https:\/\/revolutionpadelstore.com\/de\/wp-json\/wp\/v2\/product_brand?post=13956"},{"taxonomy":"product_cat","embeddable":true,"href":"https:\/\/revolutionpadelstore.com\/de\/wp-json\/wp\/v2\/product_cat?post=13956"},{"taxonomy":"product_tag","embeddable":true,"href":"https:\/\/revolutionpadelstore.com\/de\/wp-json\/wp\/v2\/product_tag?post=13956"}],"curies":[{"name":"wp","href":"https:\/\/api.w.org\/{rel}","templated":true}]}}