{"id":13876,"date":"2024-04-22T15:24:54","date_gmt":"2024-04-22T13:24:54","guid":{"rendered":"https:\/\/revolutionpadelstore.com\/softee-speed-3-0-royal-power-2024\/"},"modified":"2026-04-08T11:54:15","modified_gmt":"2026-04-08T09:54:15","slug":"softee-speed-3-0-royal-power-2024-1","status":"publish","type":"product","link":"https:\/\/revolutionpadelstore.com\/de\/produkt\/softee-speed-3-0-royal-power-2024-1\/","title":{"rendered":"SOFTEE SPEED 3.0 ROYAL POWER 2024"},"content":{"rendered":"<p>Sind Sie auf der Suche nach einem Schl\u00e4ger, der Sie auf dem Platz hervorstechen l\u00e4sst und Ihnen eine au\u00dfergew\u00f6hnliche Leistung bietet? Im Revolution Padel Store haben wir die perfekte L\u00f6sung f\u00fcr Sie: den Schl\u00e4ger SOFTEE SPEED 3.0 ROYAL POWER 2024. Mit seinem modernen und gewagten Design wird dieser Schl\u00e4ger zu Ihrem besten Verb\u00fcndeten in jedem Spiel.<\/p>\n<p> Der Schl\u00e4ger SOFTEE SPEED 3.0 ROYAL POWER 2024 ist eine \u00fcberarbeitete Version seines Vorg\u00e4ngermodells, jedoch mit einem erneuerten Design f\u00fcr diese Saison. Leicht, handlich und mit einem beneidenswerten Design ist dieser Schl\u00e4ger perfekt f\u00fcr jeden Spielstil.<\/p>\n<p> Aber es ist nicht nur ein wundersch\u00f6ner Schl\u00e4ger, er ist auch f\u00fcr fortgeschrittene Spieler konzipiert, die bei jedem Schlag Kraft und Pr\u00e4zision suchen. Mit seinem sechseckigen Relief garantiert dieser Schl\u00e4ger maximale Kraft bei jedem Schlag, ohne Einbu\u00dfen bei der Pr\u00e4zision. Seine Tropfenform und mittlere Balance machen es ideal f\u00fcr anspruchsvolle Spieler.<\/p>\n<p> Welche weiteren Eigenschaften hat der Schl\u00e4ger SOFTEE SPEED 3.0 ROYAL POWER 2024? Sein EVA Soft S8-Gummikern sorgt f\u00fcr eine hervorragende Ballausgabe, w\u00e4hrend das 3K-Carbon auf den Schlagfl\u00e4chen ihn leichter und handlicher macht. Dar\u00fcber hinaus machen ihn sein Rahmen aus 100 % Carbon und sein gl\u00e4nzendes und raues 3D-Finish zu einem Schl\u00e4ger von h\u00f6chster Qualit\u00e4t.<\/p>\n<p> Wir im Revolution Padel Store wissen, dass fortgeschrittene Spieler das Beste suchen. Deshalb bieten wir Ihnen den Schl\u00e4ger SOFTEE SPEED 3.0 ROYAL POWER 2024 an. Mit blauen Details, die ihm einen gewagten und modernen Stil verleihen, ist dieser Schl\u00e4ger die perfekte Wahl f\u00fcr diejenigen, die es wollen Seien Sie der Beste auf der Strecke.<\/p>\n<p> Z\u00f6gern Sie nicht, holen Sie sich jetzt den Schl\u00e4ger SOFTEE SPEED 3.0 ROYAL POWER 2024 im Revolution Padel Store und werden Sie zum Rivalen, den es in dieser Saison zu schlagen gilt. Sie werden es nicht bereuen!<\/p>\n","protected":false},"excerpt":{"rendered":"<p>Entdecken Sie den neuen Padelschl\u00e4ger Softee Speed \u200b\u200b\u200b\u200b3.0 Royal Power 2024 im Revolution Padel Store. Modernes Design und Funktionen f\u00fcr fortgeschrittene Spieler.<\/p>\n","protected":false},"featured_media":7201,"comment_status":"closed","ping_status":"open","template":"","meta":{"_acf_changed":false,"_joinchat":[]},"acabado":[],"balance":[],"dureza":[],"forma":[],"jugador":[1189,1199],"marca":[1244],"nivel-de-juego":[],"superficie":[],"tipo-de-juego":[],"product_brand":[],"product_cat":[299],"product_tag":[],"class_list":{"0":"post-13876","1":"product","2":"type-product","3":"status-publish","4":"has-post-thumbnail","6":"jugador-mann","7":"jugador-mehrzweck","8":"marca-softee-de","9":"product_cat-palas-de-padel-de","11":"first","12":"instock","13":"sale","14":"taxable","15":"shipping-taxable","16":"purchasable","17":"product-type-simple"},"acf":[],"yoast_head":"<!-- This site is optimized with the Yoast SEO plugin v27.5 - https:\/\/yoast.com\/product\/yoast-seo-wordpress\/ -->\n<title>SOFTEE SPEED 3.0 ROYAL POWER 2024 - Revolution Padel Store<\/title>\n<meta name=\"description\" content=\"Descubre la nueva pala Softee Speed 3.0 Royal Power 2024 en Revolution Padel Store. Dise\u00f1o moderno y prestaciones para jugadores avanzados.\" \/>\n<meta name=\"robots\" content=\"index, follow, max-snippet:-1, max-image-preview:large, max-video-preview:-1\" \/>\n<link rel=\"canonical\" href=\"https:\/\/revolutionpadelstore.com\/de\/produkt\/softee-speed-3-0-royal-power-2024-1\/\" \/>\n<meta property=\"og:locale\" content=\"de_DE\" \/>\n<meta property=\"og:type\" content=\"article\" \/>\n<meta property=\"og:title\" content=\"SOFTEE SPEED 3.0 ROYAL POWER 2024 - Revolution Padel Store\" \/>\n<meta property=\"og:description\" content=\"Descubre la nueva pala Softee Speed 3.0 Royal Power 2024 en Revolution Padel Store. Dise\u00f1o moderno y prestaciones para jugadores avanzados.\" \/>\n<meta property=\"og:url\" content=\"https:\/\/revolutionpadelstore.com\/de\/produkt\/softee-speed-3-0-royal-power-2024-1\/\" \/>\n<meta property=\"og:site_name\" content=\"Revolution Padel Store\" \/>\n<meta property=\"article:modified_time\" content=\"2026-04-08T09:54:15+00:00\" \/>\n<meta property=\"og:image\" content=\"https:\/\/revolutionpadelstore.com\/wp-content\/uploads\/2024\/04\/112487-P-0-4.jpg\" \/>\n\t<meta property=\"og:image:width\" content=\"1000\" \/>\n\t<meta property=\"og:image:height\" content=\"1000\" \/>\n\t<meta property=\"og:image:type\" content=\"image\/png\" \/>\n<meta name=\"twitter:card\" content=\"summary_large_image\" \/>\n<meta name=\"twitter:label1\" content=\"Gesch\u00e4tzte Lesezeit\" \/>\n\t<meta name=\"twitter:data1\" content=\"2\u00a0Minuten\" \/>\n<script type=\"application\/ld+json\" class=\"yoast-schema-graph\">{\"@context\":\"https:\\\/\\\/schema.org\",\"@graph\":[{\"@type\":\"WebPage\",\"@id\":\"https:\\\/\\\/revolutionpadelstore.com\\\/de\\\/produkt\\\/softee-speed-3-0-royal-power-2024-1\\\/\",\"url\":\"https:\\\/\\\/revolutionpadelstore.com\\\/de\\\/produkt\\\/softee-speed-3-0-royal-power-2024-1\\\/\",\"name\":\"SOFTEE SPEED 3.0 ROYAL POWER 2024 - Revolution Padel Store\",\"isPartOf\":{\"@id\":\"https:\\\/\\\/revolutionpadelstore.com\\\/de\\\/#website\"},\"primaryImageOfPage\":{\"@id\":\"https:\\\/\\\/revolutionpadelstore.com\\\/de\\\/produkt\\\/softee-speed-3-0-royal-power-2024-1\\\/#primaryimage\"},\"image\":{\"@id\":\"https:\\\/\\\/revolutionpadelstore.com\\\/de\\\/produkt\\\/softee-speed-3-0-royal-power-2024-1\\\/#primaryimage\"},\"thumbnailUrl\":\"https:\\\/\\\/revolutionpadelstore.com\\\/wp-content\\\/uploads\\\/2024\\\/04\\\/112487-P-0-4.jpg\",\"datePublished\":\"2024-04-22T13:24:54+00:00\",\"dateModified\":\"2026-04-08T09:54:15+00:00\",\"description\":\"Descubre la nueva pala Softee Speed 3.0 Royal Power 2024 en Revolution Padel Store. Dise\u00f1o moderno y prestaciones para jugadores avanzados.\",\"breadcrumb\":{\"@id\":\"https:\\\/\\\/revolutionpadelstore.com\\\/de\\\/produkt\\\/softee-speed-3-0-royal-power-2024-1\\\/#breadcrumb\"},\"inLanguage\":\"de\",\"potentialAction\":[{\"@type\":\"ReadAction\",\"target\":[\"https:\\\/\\\/revolutionpadelstore.com\\\/de\\\/produkt\\\/softee-speed-3-0-royal-power-2024-1\\\/\"]}]},{\"@type\":\"ImageObject\",\"inLanguage\":\"de\",\"@id\":\"https:\\\/\\\/revolutionpadelstore.com\\\/de\\\/produkt\\\/softee-speed-3-0-royal-power-2024-1\\\/#primaryimage\",\"url\":\"https:\\\/\\\/revolutionpadelstore.com\\\/wp-content\\\/uploads\\\/2024\\\/04\\\/112487-P-0-4.jpg\",\"contentUrl\":\"https:\\\/\\\/revolutionpadelstore.com\\\/wp-content\\\/uploads\\\/2024\\\/04\\\/112487-P-0-4.jpg\",\"width\":1000,\"height\":1000},{\"@type\":\"BreadcrumbList\",\"@id\":\"https:\\\/\\\/revolutionpadelstore.com\\\/de\\\/produkt\\\/softee-speed-3-0-royal-power-2024-1\\\/#breadcrumb\",\"itemListElement\":[{\"@type\":\"ListItem\",\"position\":1,\"name\":\"Portada\",\"item\":\"https:\\\/\\\/revolutionpadelstore.com\\\/de\\\/\"},{\"@type\":\"ListItem\",\"position\":2,\"name\":\"Shop\",\"item\":\"https:\\\/\\\/revolutionpadelstore.com\\\/de\\\/tienda\\\/\"},{\"@type\":\"ListItem\",\"position\":3,\"name\":\"SOFTEE SPEED 3.0 ROYAL POWER 2024\"}]},{\"@type\":\"WebSite\",\"@id\":\"https:\\\/\\\/revolutionpadelstore.com\\\/de\\\/#website\",\"url\":\"https:\\\/\\\/revolutionpadelstore.com\\\/de\\\/\",\"name\":\"Revolution Padel Store\",\"description\":\"\",\"publisher\":{\"@id\":\"https:\\\/\\\/revolutionpadelstore.com\\\/de\\\/#organization\"},\"potentialAction\":[{\"@type\":\"SearchAction\",\"target\":{\"@type\":\"EntryPoint\",\"urlTemplate\":\"https:\\\/\\\/revolutionpadelstore.com\\\/de\\\/?s={search_term_string}\"},\"query-input\":{\"@type\":\"PropertyValueSpecification\",\"valueRequired\":true,\"valueName\":\"search_term_string\"}}],\"inLanguage\":\"de\"},{\"@type\":\"Organization\",\"@id\":\"https:\\\/\\\/revolutionpadelstore.com\\\/de\\\/#organization\",\"name\":\"Revolution Padel Store\",\"url\":\"https:\\\/\\\/revolutionpadelstore.com\\\/de\\\/\",\"logo\":{\"@type\":\"ImageObject\",\"inLanguage\":\"de\",\"@id\":\"https:\\\/\\\/revolutionpadelstore.com\\\/de\\\/#\\\/schema\\\/logo\\\/image\\\/\",\"url\":\"https:\\\/\\\/revolutionpadelstore.com\\\/wp-content\\\/uploads\\\/2026\\\/02\\\/revolution-padel-store.jpg\",\"contentUrl\":\"https:\\\/\\\/revolutionpadelstore.com\\\/wp-content\\\/uploads\\\/2026\\\/02\\\/revolution-padel-store.jpg\",\"width\":2000,\"height\":2000,\"caption\":\"Revolution Padel Store\"},\"image\":{\"@id\":\"https:\\\/\\\/revolutionpadelstore.com\\\/de\\\/#\\\/schema\\\/logo\\\/image\\\/\"},\"sameAs\":[\"https:\\\/\\\/www.instagram.com\\\/revolutionpadelstore\\\/\"]}]}<\/script>\n<!-- \/ Yoast SEO plugin. -->","yoast_head_json":{"title":"SOFTEE SPEED 3.0 ROYAL POWER 2024 - Revolution Padel Store","description":"Descubre la nueva pala Softee Speed 3.0 Royal Power 2024 en Revolution Padel Store. Dise\u00f1o moderno y prestaciones para jugadores avanzados.","robots":{"index":"index","follow":"follow","max-snippet":"max-snippet:-1","max-image-preview":"max-image-preview:large","max-video-preview":"max-video-preview:-1"},"canonical":"https:\/\/revolutionpadelstore.com\/de\/produkt\/softee-speed-3-0-royal-power-2024-1\/","og_locale":"de_DE","og_type":"article","og_title":"SOFTEE SPEED 3.0 ROYAL POWER 2024 - Revolution Padel Store","og_description":"Descubre la nueva pala Softee Speed 3.0 Royal Power 2024 en Revolution Padel Store. Dise\u00f1o moderno y prestaciones para jugadores avanzados.","og_url":"https:\/\/revolutionpadelstore.com\/de\/produkt\/softee-speed-3-0-royal-power-2024-1\/","og_site_name":"Revolution Padel Store","article_modified_time":"2026-04-08T09:54:15+00:00","og_image":[{"width":1000,"height":1000,"url":"https:\/\/revolutionpadelstore.com\/wp-content\/uploads\/2024\/04\/112487-P-0-4.jpg","type":"image\/png"}],"twitter_card":"summary_large_image","twitter_misc":{"Gesch\u00e4tzte Lesezeit":"2\u00a0Minuten"},"schema":{"@context":"https:\/\/schema.org","@graph":[{"@type":"WebPage","@id":"https:\/\/revolutionpadelstore.com\/de\/produkt\/softee-speed-3-0-royal-power-2024-1\/","url":"https:\/\/revolutionpadelstore.com\/de\/produkt\/softee-speed-3-0-royal-power-2024-1\/","name":"SOFTEE SPEED 3.0 ROYAL POWER 2024 - Revolution Padel Store","isPartOf":{"@id":"https:\/\/revolutionpadelstore.com\/de\/#website"},"primaryImageOfPage":{"@id":"https:\/\/revolutionpadelstore.com\/de\/produkt\/softee-speed-3-0-royal-power-2024-1\/#primaryimage"},"image":{"@id":"https:\/\/revolutionpadelstore.com\/de\/produkt\/softee-speed-3-0-royal-power-2024-1\/#primaryimage"},"thumbnailUrl":"https:\/\/revolutionpadelstore.com\/wp-content\/uploads\/2024\/04\/112487-P-0-4.jpg","datePublished":"2024-04-22T13:24:54+00:00","dateModified":"2026-04-08T09:54:15+00:00","description":"Descubre la nueva pala Softee Speed 3.0 Royal Power 2024 en Revolution Padel Store. Dise\u00f1o moderno y prestaciones para jugadores avanzados.","breadcrumb":{"@id":"https:\/\/revolutionpadelstore.com\/de\/produkt\/softee-speed-3-0-royal-power-2024-1\/#breadcrumb"},"inLanguage":"de","potentialAction":[{"@type":"ReadAction","target":["https:\/\/revolutionpadelstore.com\/de\/produkt\/softee-speed-3-0-royal-power-2024-1\/"]}]},{"@type":"ImageObject","inLanguage":"de","@id":"https:\/\/revolutionpadelstore.com\/de\/produkt\/softee-speed-3-0-royal-power-2024-1\/#primaryimage","url":"https:\/\/revolutionpadelstore.com\/wp-content\/uploads\/2024\/04\/112487-P-0-4.jpg","contentUrl":"https:\/\/revolutionpadelstore.com\/wp-content\/uploads\/2024\/04\/112487-P-0-4.jpg","width":1000,"height":1000},{"@type":"BreadcrumbList","@id":"https:\/\/revolutionpadelstore.com\/de\/produkt\/softee-speed-3-0-royal-power-2024-1\/#breadcrumb","itemListElement":[{"@type":"ListItem","position":1,"name":"Portada","item":"https:\/\/revolutionpadelstore.com\/de\/"},{"@type":"ListItem","position":2,"name":"Shop","item":"https:\/\/revolutionpadelstore.com\/de\/tienda\/"},{"@type":"ListItem","position":3,"name":"SOFTEE SPEED 3.0 ROYAL POWER 2024"}]},{"@type":"WebSite","@id":"https:\/\/revolutionpadelstore.com\/de\/#website","url":"https:\/\/revolutionpadelstore.com\/de\/","name":"Revolution Padel Store","description":"","publisher":{"@id":"https:\/\/revolutionpadelstore.com\/de\/#organization"},"potentialAction":[{"@type":"SearchAction","target":{"@type":"EntryPoint","urlTemplate":"https:\/\/revolutionpadelstore.com\/de\/?s={search_term_string}"},"query-input":{"@type":"PropertyValueSpecification","valueRequired":true,"valueName":"search_term_string"}}],"inLanguage":"de"},{"@type":"Organization","@id":"https:\/\/revolutionpadelstore.com\/de\/#organization","name":"Revolution Padel Store","url":"https:\/\/revolutionpadelstore.com\/de\/","logo":{"@type":"ImageObject","inLanguage":"de","@id":"https:\/\/revolutionpadelstore.com\/de\/#\/schema\/logo\/image\/","url":"https:\/\/revolutionpadelstore.com\/wp-content\/uploads\/2026\/02\/revolution-padel-store.jpg","contentUrl":"https:\/\/revolutionpadelstore.com\/wp-content\/uploads\/2026\/02\/revolution-padel-store.jpg","width":2000,"height":2000,"caption":"Revolution Padel Store"},"image":{"@id":"https:\/\/revolutionpadelstore.com\/de\/#\/schema\/logo\/image\/"},"sameAs":["https:\/\/www.instagram.com\/revolutionpadelstore\/"]}]}},"_links":{"self":[{"href":"https:\/\/revolutionpadelstore.com\/de\/wp-json\/wp\/v2\/product\/13876","targetHints":{"allow":["GET"]}}],"collection":[{"href":"https:\/\/revolutionpadelstore.com\/de\/wp-json\/wp\/v2\/product"}],"about":[{"href":"https:\/\/revolutionpadelstore.com\/de\/wp-json\/wp\/v2\/types\/product"}],"replies":[{"embeddable":true,"href":"https:\/\/revolutionpadelstore.com\/de\/wp-json\/wp\/v2\/comments?post=13876"}],"wp:featuredmedia":[{"embeddable":true,"href":"https:\/\/revolutionpadelstore.com\/de\/wp-json\/wp\/v2\/media\/7201"}],"wp:attachment":[{"href":"https:\/\/revolutionpadelstore.com\/de\/wp-json\/wp\/v2\/media?parent=13876"}],"wp:term":[{"taxonomy":"acabado","embeddable":true,"href":"https:\/\/revolutionpadelstore.com\/de\/wp-json\/wp\/v2\/acabado?post=13876"},{"taxonomy":"balance","embeddable":true,"href":"https:\/\/revolutionpadelstore.com\/de\/wp-json\/wp\/v2\/balance?post=13876"},{"taxonomy":"dureza","embeddable":true,"href":"https:\/\/revolutionpadelstore.com\/de\/wp-json\/wp\/v2\/dureza?post=13876"},{"taxonomy":"forma","embeddable":true,"href":"https:\/\/revolutionpadelstore.com\/de\/wp-json\/wp\/v2\/forma?post=13876"},{"taxonomy":"jugador","embeddable":true,"href":"https:\/\/revolutionpadelstore.com\/de\/wp-json\/wp\/v2\/jugador?post=13876"},{"taxonomy":"marca","embeddable":true,"href":"https:\/\/revolutionpadelstore.com\/de\/wp-json\/wp\/v2\/marca?post=13876"},{"taxonomy":"nivel-de-juego","embeddable":true,"href":"https:\/\/revolutionpadelstore.com\/de\/wp-json\/wp\/v2\/nivel-de-juego?post=13876"},{"taxonomy":"superficie","embeddable":true,"href":"https:\/\/revolutionpadelstore.com\/de\/wp-json\/wp\/v2\/superficie?post=13876"},{"taxonomy":"tipo-de-juego","embeddable":true,"href":"https:\/\/revolutionpadelstore.com\/de\/wp-json\/wp\/v2\/tipo-de-juego?post=13876"},{"taxonomy":"product_brand","embeddable":true,"href":"https:\/\/revolutionpadelstore.com\/de\/wp-json\/wp\/v2\/product_brand?post=13876"},{"taxonomy":"product_cat","embeddable":true,"href":"https:\/\/revolutionpadelstore.com\/de\/wp-json\/wp\/v2\/product_cat?post=13876"},{"taxonomy":"product_tag","embeddable":true,"href":"https:\/\/revolutionpadelstore.com\/de\/wp-json\/wp\/v2\/product_tag?post=13876"}],"curies":[{"name":"wp","href":"https:\/\/api.w.org\/{rel}","templated":true}]}}