{"id":13871,"date":"2024-04-22T15:24:54","date_gmt":"2024-04-22T13:24:54","guid":{"rendered":"https:\/\/revolutionpadelstore.com\/pala-softee-speed-3-0-woman-power-2024\/"},"modified":"2026-04-08T11:54:41","modified_gmt":"2026-04-08T09:54:41","slug":"pala-softee-speed-3-0-woman-power-2024-1","status":"publish","type":"product","link":"https:\/\/revolutionpadelstore.com\/de\/produkt\/pala-softee-speed-3-0-woman-power-2024-1\/","title":{"rendered":"PALA SOFTEE SPEED 3.0 WOMAN POWER 2024"},"content":{"rendered":"<p>Im Revolution Padel Store finden Sie den perfekten Schl\u00e4ger, um Ihr Spiel zu verbessern: den SOFTEE SPEED 3.0 WOMAN POWER 2024 RACKET. Mit einem modernen und attraktiven Design wird dieser Schl\u00e4ger zu Ihrem besten Verb\u00fcndeten auf dem Platz. Sein sechseckiges Relief sorgt f\u00fcr au\u00dfergew\u00f6hnliche Pr\u00e4zision bei jedem Schlag, w\u00e4hrend seine Tropfenform und mittlere Balance sich Ihrem Spielstil anpassen. <\/p>\n<p> Dieser Schl\u00e4ger besteht aus hochwertigen Materialien wie weichem S8-EVA-Gummi im Kern und 3K-Carbon auf den Schlagfl\u00e4chen und bietet Ihnen eine kraftvolle Ballabgabe und ein au\u00dfergew\u00f6hnliches Handling. Dar\u00fcber hinaus verleiht ihm die gl\u00e4nzende und raue 3D-Oberfl\u00e4che einen Hauch von einzigartigem Stil. <\/p>\n<p> Der SOFTEE SPEED 3.0 WOMAN POWER 2024 RACKET wurde f\u00fcr Spitzenspielerinnen entwickelt, die mit kraftvollen und aggressiven Schl\u00e4gen auf dem Platz hervorstechen m\u00f6chten. Im Revolution Padel Store wissen wir, dass jeder Spieler einzigartig ist und deshalb bieten wir Ihnen diesen Schl\u00e4ger an, der an Ihr Spiel angepasst werden kann. Mit einem Gewicht von 350\u2013360 Gramm k\u00f6nnen Sie sich leicht bewegen und jeden Punkt kontrollieren. <\/p>\n<p> Warten Sie nicht l\u00e4nger und holen Sie sich den SOFTEE SPEED 3.0 WOMAN POWER 2024 RACKET im Revolution Padel Store. Mit unseren maximalen Funktionen und modernem Design werden Sie in jedem Spiel der unangefochtene Protagonist sein. Geben Sie sich nicht mit weniger zufrieden und spielen Sie auf h\u00f6chstem Niveau mit dem perfekten Padelschl\u00e4ger f\u00fcr Sie!<\/p>\n","protected":false},"excerpt":{"rendered":"<p>Entdecken Sie den Softee Speed \u200b\u200b\u200b\u200b3.0 Woman Power 2024 Schl\u00e4ger im Revolution Padel Store. Attraktives Design und maximale Leistung auf der Rennstrecke.<\/p>\n","protected":false},"featured_media":7207,"comment_status":"closed","ping_status":"open","template":"","meta":{"_acf_changed":false,"_joinchat":[]},"acabado":[],"balance":[],"dureza":[],"forma":[],"jugador":[1189,1199],"marca":[1244],"nivel-de-juego":[],"superficie":[],"tipo-de-juego":[],"product_brand":[],"product_cat":[299],"product_tag":[],"class_list":{"0":"post-13871","1":"product","2":"type-product","3":"status-publish","4":"has-post-thumbnail","6":"jugador-mann","7":"jugador-mehrzweck","8":"marca-softee-de","9":"product_cat-palas-de-padel-de","11":"first","12":"instock","13":"sale","14":"taxable","15":"shipping-taxable","16":"purchasable","17":"product-type-simple"},"acf":[],"yoast_head":"<!-- This site is optimized with the Yoast SEO plugin v27.4 - https:\/\/yoast.com\/product\/yoast-seo-wordpress\/ -->\n<title>PALA SOFTEE SPEED 3.0 WOMAN POWER 2024 - Revolution Padel Store<\/title>\n<meta name=\"description\" content=\"Descubre la pala Softee Speed 3.0 Woman Power 2024 en Revolution Padel Store. Dise\u00f1o atractivo y m\u00e1ximo rendimiento en la pista.\" \/>\n<meta name=\"robots\" content=\"index, follow, max-snippet:-1, max-image-preview:large, max-video-preview:-1\" \/>\n<link rel=\"canonical\" href=\"https:\/\/revolutionpadelstore.com\/de\/produkt\/pala-softee-speed-3-0-woman-power-2024-1\/\" \/>\n<meta property=\"og:locale\" content=\"de_DE\" \/>\n<meta property=\"og:type\" content=\"article\" \/>\n<meta property=\"og:title\" content=\"PALA SOFTEE SPEED 3.0 WOMAN POWER 2024 - Revolution Padel Store\" \/>\n<meta property=\"og:description\" content=\"Descubre la pala Softee Speed 3.0 Woman Power 2024 en Revolution Padel Store. Dise\u00f1o atractivo y m\u00e1ximo rendimiento en la pista.\" \/>\n<meta property=\"og:url\" content=\"https:\/\/revolutionpadelstore.com\/de\/produkt\/pala-softee-speed-3-0-woman-power-2024-1\/\" \/>\n<meta property=\"og:site_name\" content=\"Revolution Padel Store\" \/>\n<meta property=\"article:modified_time\" content=\"2026-04-08T09:54:41+00:00\" \/>\n<meta property=\"og:image\" content=\"https:\/\/revolutionpadelstore.com\/wp-content\/uploads\/2024\/04\/112488-P-0-4.jpg\" \/>\n\t<meta property=\"og:image:width\" content=\"1000\" \/>\n\t<meta property=\"og:image:height\" content=\"1000\" \/>\n\t<meta property=\"og:image:type\" content=\"image\/png\" \/>\n<meta name=\"twitter:card\" content=\"summary_large_image\" \/>\n<meta name=\"twitter:label1\" content=\"Gesch\u00e4tzte Lesezeit\" \/>\n\t<meta name=\"twitter:data1\" content=\"1\u00a0Minute\" \/>\n<script type=\"application\/ld+json\" class=\"yoast-schema-graph\">{\"@context\":\"https:\\\/\\\/schema.org\",\"@graph\":[{\"@type\":\"WebPage\",\"@id\":\"https:\\\/\\\/revolutionpadelstore.com\\\/de\\\/produkt\\\/pala-softee-speed-3-0-woman-power-2024-1\\\/\",\"url\":\"https:\\\/\\\/revolutionpadelstore.com\\\/de\\\/produkt\\\/pala-softee-speed-3-0-woman-power-2024-1\\\/\",\"name\":\"PALA SOFTEE SPEED 3.0 WOMAN POWER 2024 - Revolution Padel Store\",\"isPartOf\":{\"@id\":\"https:\\\/\\\/revolutionpadelstore.com\\\/de\\\/#website\"},\"primaryImageOfPage\":{\"@id\":\"https:\\\/\\\/revolutionpadelstore.com\\\/de\\\/produkt\\\/pala-softee-speed-3-0-woman-power-2024-1\\\/#primaryimage\"},\"image\":{\"@id\":\"https:\\\/\\\/revolutionpadelstore.com\\\/de\\\/produkt\\\/pala-softee-speed-3-0-woman-power-2024-1\\\/#primaryimage\"},\"thumbnailUrl\":\"https:\\\/\\\/revolutionpadelstore.com\\\/wp-content\\\/uploads\\\/2024\\\/04\\\/112488-P-0-4.jpg\",\"datePublished\":\"2024-04-22T13:24:54+00:00\",\"dateModified\":\"2026-04-08T09:54:41+00:00\",\"description\":\"Descubre la pala Softee Speed 3.0 Woman Power 2024 en Revolution Padel Store. Dise\u00f1o atractivo y m\u00e1ximo rendimiento en la pista.\",\"breadcrumb\":{\"@id\":\"https:\\\/\\\/revolutionpadelstore.com\\\/de\\\/produkt\\\/pala-softee-speed-3-0-woman-power-2024-1\\\/#breadcrumb\"},\"inLanguage\":\"de\",\"potentialAction\":[{\"@type\":\"ReadAction\",\"target\":[\"https:\\\/\\\/revolutionpadelstore.com\\\/de\\\/produkt\\\/pala-softee-speed-3-0-woman-power-2024-1\\\/\"]}]},{\"@type\":\"ImageObject\",\"inLanguage\":\"de\",\"@id\":\"https:\\\/\\\/revolutionpadelstore.com\\\/de\\\/produkt\\\/pala-softee-speed-3-0-woman-power-2024-1\\\/#primaryimage\",\"url\":\"https:\\\/\\\/revolutionpadelstore.com\\\/wp-content\\\/uploads\\\/2024\\\/04\\\/112488-P-0-4.jpg\",\"contentUrl\":\"https:\\\/\\\/revolutionpadelstore.com\\\/wp-content\\\/uploads\\\/2024\\\/04\\\/112488-P-0-4.jpg\",\"width\":1000,\"height\":1000},{\"@type\":\"BreadcrumbList\",\"@id\":\"https:\\\/\\\/revolutionpadelstore.com\\\/de\\\/produkt\\\/pala-softee-speed-3-0-woman-power-2024-1\\\/#breadcrumb\",\"itemListElement\":[{\"@type\":\"ListItem\",\"position\":1,\"name\":\"Portada\",\"item\":\"https:\\\/\\\/revolutionpadelstore.com\\\/de\\\/\"},{\"@type\":\"ListItem\",\"position\":2,\"name\":\"Shop\",\"item\":\"https:\\\/\\\/revolutionpadelstore.com\\\/de\\\/tienda\\\/\"},{\"@type\":\"ListItem\",\"position\":3,\"name\":\"PALA SOFTEE SPEED 3.0 WOMAN POWER 2024\"}]},{\"@type\":\"WebSite\",\"@id\":\"https:\\\/\\\/revolutionpadelstore.com\\\/de\\\/#website\",\"url\":\"https:\\\/\\\/revolutionpadelstore.com\\\/de\\\/\",\"name\":\"Revolution Padel Store\",\"description\":\"\",\"publisher\":{\"@id\":\"https:\\\/\\\/revolutionpadelstore.com\\\/de\\\/#organization\"},\"potentialAction\":[{\"@type\":\"SearchAction\",\"target\":{\"@type\":\"EntryPoint\",\"urlTemplate\":\"https:\\\/\\\/revolutionpadelstore.com\\\/de\\\/?s={search_term_string}\"},\"query-input\":{\"@type\":\"PropertyValueSpecification\",\"valueRequired\":true,\"valueName\":\"search_term_string\"}}],\"inLanguage\":\"de\"},{\"@type\":\"Organization\",\"@id\":\"https:\\\/\\\/revolutionpadelstore.com\\\/de\\\/#organization\",\"name\":\"Revolution Padel Store\",\"url\":\"https:\\\/\\\/revolutionpadelstore.com\\\/de\\\/\",\"logo\":{\"@type\":\"ImageObject\",\"inLanguage\":\"de\",\"@id\":\"https:\\\/\\\/revolutionpadelstore.com\\\/de\\\/#\\\/schema\\\/logo\\\/image\\\/\",\"url\":\"https:\\\/\\\/revolutionpadelstore.com\\\/wp-content\\\/uploads\\\/2026\\\/02\\\/revolution-padel-store.jpg\",\"contentUrl\":\"https:\\\/\\\/revolutionpadelstore.com\\\/wp-content\\\/uploads\\\/2026\\\/02\\\/revolution-padel-store.jpg\",\"width\":2000,\"height\":2000,\"caption\":\"Revolution Padel Store\"},\"image\":{\"@id\":\"https:\\\/\\\/revolutionpadelstore.com\\\/de\\\/#\\\/schema\\\/logo\\\/image\\\/\"},\"sameAs\":[\"https:\\\/\\\/www.instagram.com\\\/revolutionpadelstore\\\/\"]}]}<\/script>\n<!-- \/ Yoast SEO plugin. -->","yoast_head_json":{"title":"PALA SOFTEE SPEED 3.0 WOMAN POWER 2024 - Revolution Padel Store","description":"Descubre la pala Softee Speed 3.0 Woman Power 2024 en Revolution Padel Store. Dise\u00f1o atractivo y m\u00e1ximo rendimiento en la pista.","robots":{"index":"index","follow":"follow","max-snippet":"max-snippet:-1","max-image-preview":"max-image-preview:large","max-video-preview":"max-video-preview:-1"},"canonical":"https:\/\/revolutionpadelstore.com\/de\/produkt\/pala-softee-speed-3-0-woman-power-2024-1\/","og_locale":"de_DE","og_type":"article","og_title":"PALA SOFTEE SPEED 3.0 WOMAN POWER 2024 - Revolution Padel Store","og_description":"Descubre la pala Softee Speed 3.0 Woman Power 2024 en Revolution Padel Store. Dise\u00f1o atractivo y m\u00e1ximo rendimiento en la pista.","og_url":"https:\/\/revolutionpadelstore.com\/de\/produkt\/pala-softee-speed-3-0-woman-power-2024-1\/","og_site_name":"Revolution Padel Store","article_modified_time":"2026-04-08T09:54:41+00:00","og_image":[{"width":1000,"height":1000,"url":"https:\/\/revolutionpadelstore.com\/wp-content\/uploads\/2024\/04\/112488-P-0-4.jpg","type":"image\/png"}],"twitter_card":"summary_large_image","twitter_misc":{"Gesch\u00e4tzte Lesezeit":"1\u00a0Minute"},"schema":{"@context":"https:\/\/schema.org","@graph":[{"@type":"WebPage","@id":"https:\/\/revolutionpadelstore.com\/de\/produkt\/pala-softee-speed-3-0-woman-power-2024-1\/","url":"https:\/\/revolutionpadelstore.com\/de\/produkt\/pala-softee-speed-3-0-woman-power-2024-1\/","name":"PALA SOFTEE SPEED 3.0 WOMAN POWER 2024 - Revolution Padel Store","isPartOf":{"@id":"https:\/\/revolutionpadelstore.com\/de\/#website"},"primaryImageOfPage":{"@id":"https:\/\/revolutionpadelstore.com\/de\/produkt\/pala-softee-speed-3-0-woman-power-2024-1\/#primaryimage"},"image":{"@id":"https:\/\/revolutionpadelstore.com\/de\/produkt\/pala-softee-speed-3-0-woman-power-2024-1\/#primaryimage"},"thumbnailUrl":"https:\/\/revolutionpadelstore.com\/wp-content\/uploads\/2024\/04\/112488-P-0-4.jpg","datePublished":"2024-04-22T13:24:54+00:00","dateModified":"2026-04-08T09:54:41+00:00","description":"Descubre la pala Softee Speed 3.0 Woman Power 2024 en Revolution Padel Store. Dise\u00f1o atractivo y m\u00e1ximo rendimiento en la pista.","breadcrumb":{"@id":"https:\/\/revolutionpadelstore.com\/de\/produkt\/pala-softee-speed-3-0-woman-power-2024-1\/#breadcrumb"},"inLanguage":"de","potentialAction":[{"@type":"ReadAction","target":["https:\/\/revolutionpadelstore.com\/de\/produkt\/pala-softee-speed-3-0-woman-power-2024-1\/"]}]},{"@type":"ImageObject","inLanguage":"de","@id":"https:\/\/revolutionpadelstore.com\/de\/produkt\/pala-softee-speed-3-0-woman-power-2024-1\/#primaryimage","url":"https:\/\/revolutionpadelstore.com\/wp-content\/uploads\/2024\/04\/112488-P-0-4.jpg","contentUrl":"https:\/\/revolutionpadelstore.com\/wp-content\/uploads\/2024\/04\/112488-P-0-4.jpg","width":1000,"height":1000},{"@type":"BreadcrumbList","@id":"https:\/\/revolutionpadelstore.com\/de\/produkt\/pala-softee-speed-3-0-woman-power-2024-1\/#breadcrumb","itemListElement":[{"@type":"ListItem","position":1,"name":"Portada","item":"https:\/\/revolutionpadelstore.com\/de\/"},{"@type":"ListItem","position":2,"name":"Shop","item":"https:\/\/revolutionpadelstore.com\/de\/tienda\/"},{"@type":"ListItem","position":3,"name":"PALA SOFTEE SPEED 3.0 WOMAN POWER 2024"}]},{"@type":"WebSite","@id":"https:\/\/revolutionpadelstore.com\/de\/#website","url":"https:\/\/revolutionpadelstore.com\/de\/","name":"Revolution Padel Store","description":"","publisher":{"@id":"https:\/\/revolutionpadelstore.com\/de\/#organization"},"potentialAction":[{"@type":"SearchAction","target":{"@type":"EntryPoint","urlTemplate":"https:\/\/revolutionpadelstore.com\/de\/?s={search_term_string}"},"query-input":{"@type":"PropertyValueSpecification","valueRequired":true,"valueName":"search_term_string"}}],"inLanguage":"de"},{"@type":"Organization","@id":"https:\/\/revolutionpadelstore.com\/de\/#organization","name":"Revolution Padel Store","url":"https:\/\/revolutionpadelstore.com\/de\/","logo":{"@type":"ImageObject","inLanguage":"de","@id":"https:\/\/revolutionpadelstore.com\/de\/#\/schema\/logo\/image\/","url":"https:\/\/revolutionpadelstore.com\/wp-content\/uploads\/2026\/02\/revolution-padel-store.jpg","contentUrl":"https:\/\/revolutionpadelstore.com\/wp-content\/uploads\/2026\/02\/revolution-padel-store.jpg","width":2000,"height":2000,"caption":"Revolution Padel Store"},"image":{"@id":"https:\/\/revolutionpadelstore.com\/de\/#\/schema\/logo\/image\/"},"sameAs":["https:\/\/www.instagram.com\/revolutionpadelstore\/"]}]}},"_links":{"self":[{"href":"https:\/\/revolutionpadelstore.com\/de\/wp-json\/wp\/v2\/product\/13871","targetHints":{"allow":["GET"]}}],"collection":[{"href":"https:\/\/revolutionpadelstore.com\/de\/wp-json\/wp\/v2\/product"}],"about":[{"href":"https:\/\/revolutionpadelstore.com\/de\/wp-json\/wp\/v2\/types\/product"}],"replies":[{"embeddable":true,"href":"https:\/\/revolutionpadelstore.com\/de\/wp-json\/wp\/v2\/comments?post=13871"}],"wp:featuredmedia":[{"embeddable":true,"href":"https:\/\/revolutionpadelstore.com\/de\/wp-json\/wp\/v2\/media\/7207"}],"wp:attachment":[{"href":"https:\/\/revolutionpadelstore.com\/de\/wp-json\/wp\/v2\/media?parent=13871"}],"wp:term":[{"taxonomy":"acabado","embeddable":true,"href":"https:\/\/revolutionpadelstore.com\/de\/wp-json\/wp\/v2\/acabado?post=13871"},{"taxonomy":"balance","embeddable":true,"href":"https:\/\/revolutionpadelstore.com\/de\/wp-json\/wp\/v2\/balance?post=13871"},{"taxonomy":"dureza","embeddable":true,"href":"https:\/\/revolutionpadelstore.com\/de\/wp-json\/wp\/v2\/dureza?post=13871"},{"taxonomy":"forma","embeddable":true,"href":"https:\/\/revolutionpadelstore.com\/de\/wp-json\/wp\/v2\/forma?post=13871"},{"taxonomy":"jugador","embeddable":true,"href":"https:\/\/revolutionpadelstore.com\/de\/wp-json\/wp\/v2\/jugador?post=13871"},{"taxonomy":"marca","embeddable":true,"href":"https:\/\/revolutionpadelstore.com\/de\/wp-json\/wp\/v2\/marca?post=13871"},{"taxonomy":"nivel-de-juego","embeddable":true,"href":"https:\/\/revolutionpadelstore.com\/de\/wp-json\/wp\/v2\/nivel-de-juego?post=13871"},{"taxonomy":"superficie","embeddable":true,"href":"https:\/\/revolutionpadelstore.com\/de\/wp-json\/wp\/v2\/superficie?post=13871"},{"taxonomy":"tipo-de-juego","embeddable":true,"href":"https:\/\/revolutionpadelstore.com\/de\/wp-json\/wp\/v2\/tipo-de-juego?post=13871"},{"taxonomy":"product_brand","embeddable":true,"href":"https:\/\/revolutionpadelstore.com\/de\/wp-json\/wp\/v2\/product_brand?post=13871"},{"taxonomy":"product_cat","embeddable":true,"href":"https:\/\/revolutionpadelstore.com\/de\/wp-json\/wp\/v2\/product_cat?post=13871"},{"taxonomy":"product_tag","embeddable":true,"href":"https:\/\/revolutionpadelstore.com\/de\/wp-json\/wp\/v2\/product_tag?post=13871"}],"curies":[{"name":"wp","href":"https:\/\/api.w.org\/{rel}","templated":true}]}}