{"id":13816,"date":"2024-04-22T15:25:05","date_gmt":"2024-04-22T13:25:05","guid":{"rendered":"https:\/\/revolutionpadelstore.com\/starvie-metheora-dual-2024\/"},"modified":"2026-04-08T11:53:18","modified_gmt":"2026-04-08T09:53:18","slug":"starvie-metheora-dual-2024-1","status":"publish","type":"product","link":"https:\/\/revolutionpadelstore.com\/de\/produkt\/starvie-metheora-dual-2024-1\/","title":{"rendered":"STARVIE METHEORA DUAL 2024"},"content":{"rendered":"<p>Im Revolution Padel Store finden Sie die beste Auswahl an Padelschl\u00e4gern auf dem Markt, darunter den Starvie Metheora Dual 2024 Padelschl\u00e4ger. Dieser Schl\u00e4ger aus der Starvie Universo-Reihe und seine Kollektion 2024 ist ein wahres Juwel f\u00fcr Liebhaber dieser Art Sport. Mit einem tadellosen Design und un\u00fcbertroffener Leistung ist der Starvie Metheora Dual 2024 der perfekte Schl\u00e4ger f\u00fcr fortgeschrittene Spieler, die Qualit\u00e4t und Vielseitigkeit auf dem Platz suchen.<\/p>\n<p> Dieser Schl\u00e4ger wird zu 100 % in der Stadt Guadalajara in Spanien hergestellt und von den besten Experten unter Verwendung hochwertiger Materialien und fortschrittlicher Technologien hergestellt. Mit einem runden Format und einem Kern mit doppelter Dichte erm\u00f6glicht Ihnen der Starvie Metheora Dual 2024 vielseitige Schl\u00e4ge und neue Spielerlebnisse.<\/p>\n<p> Dieser Schl\u00e4ger wurde f\u00fcr fortgeschrittene Spieler entwickelt und verf\u00fcgt \u00fcber eine optimierte Mitte, die Ihnen bei jedem Schlag eine au\u00dfergew\u00f6hnliche Kontrolle bietet. Dar\u00fcber hinaus erm\u00f6glicht der Dual-Density-Gummikern mit unterschiedlichen Dichten im Au\u00dfen- und Innengummi die Kontrolle langsamer Schl\u00e4ge und verleiht schnelleren Schl\u00e4gen Explosivit\u00e4t.<\/p>\n<p> Die bei der Herstellung dieses Schl\u00e4gers verwendeten Materialien sind von h\u00f6chster Qualit\u00e4t. Seine flachen und r\u00f6hrenf\u00f6rmigen Teile bestehen aus 3K-Kohlefaser, was ihm mehr Festigkeit und Haltbarkeit verleiht. Dar\u00fcber hinaus garantiert die raue Oberfl\u00e4che mit Full-Plane-Effect-Technologie Stabilit\u00e4t, Haltbarkeit und Wirkung bei jedem Schlag.<\/p>\n<p> Aber das ist noch nicht alles, der Starvie Metheora Dual 2024 verf\u00fcgt auch \u00fcber exklusive Starvie-Technologien, wie den Noeme Inside Anti-Shock-Griff und das Star Balance-System im Herzen des Schl\u00e4gers, die Ihnen ein ausgewogenes und komfortables Handling auf dem Platz erm\u00f6glichen.<\/p>\n<p> Im Revolution Padel Store wissen wir, dass die anspruchsvollsten Padelspieler das Beste suchen, deshalb bieten wir in unserem Katalog den Schl\u00e4ger Starvie Metheora Dual 2024 an. \u00dcberlegen Sie nicht l\u00e4nger und kaufen Sie dieses hier<\/p>\n","protected":false},"excerpt":{"rendered":"<p>Entdecken Sie den fortschrittlichen Padelschl\u00e4ger Starvie Metheora Dual 2024 im Revolution Padel Store, der f\u00fcr fortgeschrittene Spieler entwickelt und in Spanien hergestellt wird.<\/p>\n","protected":false},"featured_media":7273,"comment_status":"closed","ping_status":"open","template":"","meta":{"_acf_changed":false,"_joinchat":[]},"acabado":[],"balance":[],"dureza":[],"forma":[],"jugador":[1189,1199],"marca":[1289],"nivel-de-juego":[],"superficie":[],"tipo-de-juego":[],"product_brand":[],"product_cat":[299],"product_tag":[],"class_list":{"0":"post-13816","1":"product","2":"type-product","3":"status-publish","4":"has-post-thumbnail","6":"jugador-mann","7":"jugador-mehrzweck","8":"marca-starvie-de","9":"product_cat-palas-de-padel-de","11":"first","12":"instock","13":"sale","14":"taxable","15":"shipping-taxable","16":"purchasable","17":"product-type-simple"},"acf":[],"yoast_head":"<!-- This site is optimized with the Yoast SEO plugin v27.4 - https:\/\/yoast.com\/product\/yoast-seo-wordpress\/ -->\n<title>STARVIE METHEORA DUAL 2024 - Revolution Padel Store<\/title>\n<meta name=\"description\" content=\"Descubre la avanzada pala de p\u00e1del Starvie Metheora Dual 2024 en Revolution Padel Store, dise\u00f1ada para jugadores avanzados y fabricada en Espa\u00f1a.\" \/>\n<meta name=\"robots\" content=\"index, follow, max-snippet:-1, max-image-preview:large, max-video-preview:-1\" \/>\n<link rel=\"canonical\" href=\"https:\/\/revolutionpadelstore.com\/de\/produkt\/starvie-metheora-dual-2024-1\/\" \/>\n<meta property=\"og:locale\" content=\"de_DE\" \/>\n<meta property=\"og:type\" content=\"article\" \/>\n<meta property=\"og:title\" content=\"STARVIE METHEORA DUAL 2024 - Revolution Padel Store\" \/>\n<meta property=\"og:description\" content=\"Descubre la avanzada pala de p\u00e1del Starvie Metheora Dual 2024 en Revolution Padel Store, dise\u00f1ada para jugadores avanzados y fabricada en Espa\u00f1a.\" \/>\n<meta property=\"og:url\" content=\"https:\/\/revolutionpadelstore.com\/de\/produkt\/starvie-metheora-dual-2024-1\/\" \/>\n<meta property=\"og:site_name\" content=\"Revolution Padel Store\" \/>\n<meta property=\"article:modified_time\" content=\"2026-04-08T09:53:18+00:00\" \/>\n<meta property=\"og:image\" content=\"https:\/\/revolutionpadelstore.com\/wp-content\/uploads\/2024\/04\/112018-P-0-4.jpg\" \/>\n\t<meta property=\"og:image:width\" content=\"1500\" \/>\n\t<meta property=\"og:image:height\" content=\"1500\" \/>\n\t<meta property=\"og:image:type\" content=\"image\/png\" \/>\n<meta name=\"twitter:card\" content=\"summary_large_image\" \/>\n<meta name=\"twitter:label1\" content=\"Gesch\u00e4tzte Lesezeit\" \/>\n\t<meta name=\"twitter:data1\" content=\"2\u00a0Minuten\" \/>\n<script type=\"application\/ld+json\" class=\"yoast-schema-graph\">{\"@context\":\"https:\\\/\\\/schema.org\",\"@graph\":[{\"@type\":\"WebPage\",\"@id\":\"https:\\\/\\\/revolutionpadelstore.com\\\/de\\\/produkt\\\/starvie-metheora-dual-2024-1\\\/\",\"url\":\"https:\\\/\\\/revolutionpadelstore.com\\\/de\\\/produkt\\\/starvie-metheora-dual-2024-1\\\/\",\"name\":\"STARVIE METHEORA DUAL 2024 - Revolution Padel Store\",\"isPartOf\":{\"@id\":\"https:\\\/\\\/revolutionpadelstore.com\\\/de\\\/#website\"},\"primaryImageOfPage\":{\"@id\":\"https:\\\/\\\/revolutionpadelstore.com\\\/de\\\/produkt\\\/starvie-metheora-dual-2024-1\\\/#primaryimage\"},\"image\":{\"@id\":\"https:\\\/\\\/revolutionpadelstore.com\\\/de\\\/produkt\\\/starvie-metheora-dual-2024-1\\\/#primaryimage\"},\"thumbnailUrl\":\"https:\\\/\\\/revolutionpadelstore.com\\\/wp-content\\\/uploads\\\/2024\\\/04\\\/112018-P-0-4.jpg\",\"datePublished\":\"2024-04-22T13:25:05+00:00\",\"dateModified\":\"2026-04-08T09:53:18+00:00\",\"description\":\"Descubre la avanzada pala de p\u00e1del Starvie Metheora Dual 2024 en Revolution Padel Store, dise\u00f1ada para jugadores avanzados y fabricada en Espa\u00f1a.\",\"breadcrumb\":{\"@id\":\"https:\\\/\\\/revolutionpadelstore.com\\\/de\\\/produkt\\\/starvie-metheora-dual-2024-1\\\/#breadcrumb\"},\"inLanguage\":\"de\",\"potentialAction\":[{\"@type\":\"ReadAction\",\"target\":[\"https:\\\/\\\/revolutionpadelstore.com\\\/de\\\/produkt\\\/starvie-metheora-dual-2024-1\\\/\"]}]},{\"@type\":\"ImageObject\",\"inLanguage\":\"de\",\"@id\":\"https:\\\/\\\/revolutionpadelstore.com\\\/de\\\/produkt\\\/starvie-metheora-dual-2024-1\\\/#primaryimage\",\"url\":\"https:\\\/\\\/revolutionpadelstore.com\\\/wp-content\\\/uploads\\\/2024\\\/04\\\/112018-P-0-4.jpg\",\"contentUrl\":\"https:\\\/\\\/revolutionpadelstore.com\\\/wp-content\\\/uploads\\\/2024\\\/04\\\/112018-P-0-4.jpg\",\"width\":1500,\"height\":1500},{\"@type\":\"BreadcrumbList\",\"@id\":\"https:\\\/\\\/revolutionpadelstore.com\\\/de\\\/produkt\\\/starvie-metheora-dual-2024-1\\\/#breadcrumb\",\"itemListElement\":[{\"@type\":\"ListItem\",\"position\":1,\"name\":\"Portada\",\"item\":\"https:\\\/\\\/revolutionpadelstore.com\\\/de\\\/\"},{\"@type\":\"ListItem\",\"position\":2,\"name\":\"Shop\",\"item\":\"https:\\\/\\\/revolutionpadelstore.com\\\/de\\\/tienda\\\/\"},{\"@type\":\"ListItem\",\"position\":3,\"name\":\"STARVIE METHEORA DUAL 2024\"}]},{\"@type\":\"WebSite\",\"@id\":\"https:\\\/\\\/revolutionpadelstore.com\\\/de\\\/#website\",\"url\":\"https:\\\/\\\/revolutionpadelstore.com\\\/de\\\/\",\"name\":\"Revolution Padel Store\",\"description\":\"\",\"publisher\":{\"@id\":\"https:\\\/\\\/revolutionpadelstore.com\\\/de\\\/#organization\"},\"potentialAction\":[{\"@type\":\"SearchAction\",\"target\":{\"@type\":\"EntryPoint\",\"urlTemplate\":\"https:\\\/\\\/revolutionpadelstore.com\\\/de\\\/?s={search_term_string}\"},\"query-input\":{\"@type\":\"PropertyValueSpecification\",\"valueRequired\":true,\"valueName\":\"search_term_string\"}}],\"inLanguage\":\"de\"},{\"@type\":\"Organization\",\"@id\":\"https:\\\/\\\/revolutionpadelstore.com\\\/de\\\/#organization\",\"name\":\"Revolution Padel Store\",\"url\":\"https:\\\/\\\/revolutionpadelstore.com\\\/de\\\/\",\"logo\":{\"@type\":\"ImageObject\",\"inLanguage\":\"de\",\"@id\":\"https:\\\/\\\/revolutionpadelstore.com\\\/de\\\/#\\\/schema\\\/logo\\\/image\\\/\",\"url\":\"https:\\\/\\\/revolutionpadelstore.com\\\/wp-content\\\/uploads\\\/2026\\\/02\\\/revolution-padel-store.jpg\",\"contentUrl\":\"https:\\\/\\\/revolutionpadelstore.com\\\/wp-content\\\/uploads\\\/2026\\\/02\\\/revolution-padel-store.jpg\",\"width\":2000,\"height\":2000,\"caption\":\"Revolution Padel Store\"},\"image\":{\"@id\":\"https:\\\/\\\/revolutionpadelstore.com\\\/de\\\/#\\\/schema\\\/logo\\\/image\\\/\"},\"sameAs\":[\"https:\\\/\\\/www.instagram.com\\\/revolutionpadelstore\\\/\"]}]}<\/script>\n<!-- \/ Yoast SEO plugin. -->","yoast_head_json":{"title":"STARVIE METHEORA DUAL 2024 - Revolution Padel Store","description":"Descubre la avanzada pala de p\u00e1del Starvie Metheora Dual 2024 en Revolution Padel Store, dise\u00f1ada para jugadores avanzados y fabricada en Espa\u00f1a.","robots":{"index":"index","follow":"follow","max-snippet":"max-snippet:-1","max-image-preview":"max-image-preview:large","max-video-preview":"max-video-preview:-1"},"canonical":"https:\/\/revolutionpadelstore.com\/de\/produkt\/starvie-metheora-dual-2024-1\/","og_locale":"de_DE","og_type":"article","og_title":"STARVIE METHEORA DUAL 2024 - Revolution Padel Store","og_description":"Descubre la avanzada pala de p\u00e1del Starvie Metheora Dual 2024 en Revolution Padel Store, dise\u00f1ada para jugadores avanzados y fabricada en Espa\u00f1a.","og_url":"https:\/\/revolutionpadelstore.com\/de\/produkt\/starvie-metheora-dual-2024-1\/","og_site_name":"Revolution Padel Store","article_modified_time":"2026-04-08T09:53:18+00:00","og_image":[{"width":1500,"height":1500,"url":"https:\/\/revolutionpadelstore.com\/wp-content\/uploads\/2024\/04\/112018-P-0-4.jpg","type":"image\/png"}],"twitter_card":"summary_large_image","twitter_misc":{"Gesch\u00e4tzte Lesezeit":"2\u00a0Minuten"},"schema":{"@context":"https:\/\/schema.org","@graph":[{"@type":"WebPage","@id":"https:\/\/revolutionpadelstore.com\/de\/produkt\/starvie-metheora-dual-2024-1\/","url":"https:\/\/revolutionpadelstore.com\/de\/produkt\/starvie-metheora-dual-2024-1\/","name":"STARVIE METHEORA DUAL 2024 - Revolution Padel Store","isPartOf":{"@id":"https:\/\/revolutionpadelstore.com\/de\/#website"},"primaryImageOfPage":{"@id":"https:\/\/revolutionpadelstore.com\/de\/produkt\/starvie-metheora-dual-2024-1\/#primaryimage"},"image":{"@id":"https:\/\/revolutionpadelstore.com\/de\/produkt\/starvie-metheora-dual-2024-1\/#primaryimage"},"thumbnailUrl":"https:\/\/revolutionpadelstore.com\/wp-content\/uploads\/2024\/04\/112018-P-0-4.jpg","datePublished":"2024-04-22T13:25:05+00:00","dateModified":"2026-04-08T09:53:18+00:00","description":"Descubre la avanzada pala de p\u00e1del Starvie Metheora Dual 2024 en Revolution Padel Store, dise\u00f1ada para jugadores avanzados y fabricada en Espa\u00f1a.","breadcrumb":{"@id":"https:\/\/revolutionpadelstore.com\/de\/produkt\/starvie-metheora-dual-2024-1\/#breadcrumb"},"inLanguage":"de","potentialAction":[{"@type":"ReadAction","target":["https:\/\/revolutionpadelstore.com\/de\/produkt\/starvie-metheora-dual-2024-1\/"]}]},{"@type":"ImageObject","inLanguage":"de","@id":"https:\/\/revolutionpadelstore.com\/de\/produkt\/starvie-metheora-dual-2024-1\/#primaryimage","url":"https:\/\/revolutionpadelstore.com\/wp-content\/uploads\/2024\/04\/112018-P-0-4.jpg","contentUrl":"https:\/\/revolutionpadelstore.com\/wp-content\/uploads\/2024\/04\/112018-P-0-4.jpg","width":1500,"height":1500},{"@type":"BreadcrumbList","@id":"https:\/\/revolutionpadelstore.com\/de\/produkt\/starvie-metheora-dual-2024-1\/#breadcrumb","itemListElement":[{"@type":"ListItem","position":1,"name":"Portada","item":"https:\/\/revolutionpadelstore.com\/de\/"},{"@type":"ListItem","position":2,"name":"Shop","item":"https:\/\/revolutionpadelstore.com\/de\/tienda\/"},{"@type":"ListItem","position":3,"name":"STARVIE METHEORA DUAL 2024"}]},{"@type":"WebSite","@id":"https:\/\/revolutionpadelstore.com\/de\/#website","url":"https:\/\/revolutionpadelstore.com\/de\/","name":"Revolution Padel Store","description":"","publisher":{"@id":"https:\/\/revolutionpadelstore.com\/de\/#organization"},"potentialAction":[{"@type":"SearchAction","target":{"@type":"EntryPoint","urlTemplate":"https:\/\/revolutionpadelstore.com\/de\/?s={search_term_string}"},"query-input":{"@type":"PropertyValueSpecification","valueRequired":true,"valueName":"search_term_string"}}],"inLanguage":"de"},{"@type":"Organization","@id":"https:\/\/revolutionpadelstore.com\/de\/#organization","name":"Revolution Padel Store","url":"https:\/\/revolutionpadelstore.com\/de\/","logo":{"@type":"ImageObject","inLanguage":"de","@id":"https:\/\/revolutionpadelstore.com\/de\/#\/schema\/logo\/image\/","url":"https:\/\/revolutionpadelstore.com\/wp-content\/uploads\/2026\/02\/revolution-padel-store.jpg","contentUrl":"https:\/\/revolutionpadelstore.com\/wp-content\/uploads\/2026\/02\/revolution-padel-store.jpg","width":2000,"height":2000,"caption":"Revolution Padel Store"},"image":{"@id":"https:\/\/revolutionpadelstore.com\/de\/#\/schema\/logo\/image\/"},"sameAs":["https:\/\/www.instagram.com\/revolutionpadelstore\/"]}]}},"_links":{"self":[{"href":"https:\/\/revolutionpadelstore.com\/de\/wp-json\/wp\/v2\/product\/13816","targetHints":{"allow":["GET"]}}],"collection":[{"href":"https:\/\/revolutionpadelstore.com\/de\/wp-json\/wp\/v2\/product"}],"about":[{"href":"https:\/\/revolutionpadelstore.com\/de\/wp-json\/wp\/v2\/types\/product"}],"replies":[{"embeddable":true,"href":"https:\/\/revolutionpadelstore.com\/de\/wp-json\/wp\/v2\/comments?post=13816"}],"wp:featuredmedia":[{"embeddable":true,"href":"https:\/\/revolutionpadelstore.com\/de\/wp-json\/wp\/v2\/media\/7273"}],"wp:attachment":[{"href":"https:\/\/revolutionpadelstore.com\/de\/wp-json\/wp\/v2\/media?parent=13816"}],"wp:term":[{"taxonomy":"acabado","embeddable":true,"href":"https:\/\/revolutionpadelstore.com\/de\/wp-json\/wp\/v2\/acabado?post=13816"},{"taxonomy":"balance","embeddable":true,"href":"https:\/\/revolutionpadelstore.com\/de\/wp-json\/wp\/v2\/balance?post=13816"},{"taxonomy":"dureza","embeddable":true,"href":"https:\/\/revolutionpadelstore.com\/de\/wp-json\/wp\/v2\/dureza?post=13816"},{"taxonomy":"forma","embeddable":true,"href":"https:\/\/revolutionpadelstore.com\/de\/wp-json\/wp\/v2\/forma?post=13816"},{"taxonomy":"jugador","embeddable":true,"href":"https:\/\/revolutionpadelstore.com\/de\/wp-json\/wp\/v2\/jugador?post=13816"},{"taxonomy":"marca","embeddable":true,"href":"https:\/\/revolutionpadelstore.com\/de\/wp-json\/wp\/v2\/marca?post=13816"},{"taxonomy":"nivel-de-juego","embeddable":true,"href":"https:\/\/revolutionpadelstore.com\/de\/wp-json\/wp\/v2\/nivel-de-juego?post=13816"},{"taxonomy":"superficie","embeddable":true,"href":"https:\/\/revolutionpadelstore.com\/de\/wp-json\/wp\/v2\/superficie?post=13816"},{"taxonomy":"tipo-de-juego","embeddable":true,"href":"https:\/\/revolutionpadelstore.com\/de\/wp-json\/wp\/v2\/tipo-de-juego?post=13816"},{"taxonomy":"product_brand","embeddable":true,"href":"https:\/\/revolutionpadelstore.com\/de\/wp-json\/wp\/v2\/product_brand?post=13816"},{"taxonomy":"product_cat","embeddable":true,"href":"https:\/\/revolutionpadelstore.com\/de\/wp-json\/wp\/v2\/product_cat?post=13816"},{"taxonomy":"product_tag","embeddable":true,"href":"https:\/\/revolutionpadelstore.com\/de\/wp-json\/wp\/v2\/product_tag?post=13816"}],"curies":[{"name":"wp","href":"https:\/\/api.w.org\/{rel}","templated":true}]}}