{"id":13701,"date":"2024-04-22T15:25:24","date_gmt":"2024-04-22T13:25:24","guid":{"rendered":"https:\/\/revolutionpadelstore.com\/vibor-a-yarara-elite-24k\/"},"modified":"2026-04-01T08:15:01","modified_gmt":"2026-04-01T06:15:01","slug":"vibor-a-yarara-elite-24k-6","status":"publish","type":"product","link":"https:\/\/revolutionpadelstore.com\/de\/produkt\/vibor-a-yarara-elite-24k-6\/","title":{"rendered":"VIBOR-A YARARA ELITE 24K"},"content":{"rendered":"<p>Entdecken Sie die Vielseitigkeit des Vibor-a Yarara Elite 24K-Schl\u00e4gers im Revolution Padel Store. In unserem Shop finden Sie die beste Auswahl an Produkten, damit Sie Ihren Lieblingssport in vollen Z\u00fcgen genie\u00dfen k\u00f6nnen. Und unter ihnen sticht das unglaubliche Modell Vibor-a Yarara Elite 24K 2024 hervor, ein Schl\u00e4ger, der Ihnen in jedem Spiel ein einzigartiges Erlebnis bieten soll.<\/p>\n<p> Mit seiner Diamant- oder Tropfenform mit mittlerer bis hoher Ausgewogenheit bietet der Vibor-a Yarara Elite 24K einen optimierten und breiten Sweetspot, der Ihnen bei jedem Schlag zus\u00e4tzliche Kraft verleiht. Dar\u00fcber hinaus erm\u00f6glicht Ihnen sein Gewicht von 360\u2013370 Gramm eine agile und uneingeschr\u00e4nkte Bewegung auf dem Platz.<\/p>\n<p> Dieser Schl\u00e4ger ist ideal f\u00fcr fortgeschrittene Spieler, da er sorgf\u00e4ltig entwickelt wurde, um in jedem Spiel eine au\u00dfergew\u00f6hnliche Leistung zu bieten. Sein perfektes Gleichgewicht zwischen Kraft und Kontrolle erm\u00f6glicht es Ihnen, in jedem Spiel hervorzustechen, und seine Vielseitigkeit macht Sie auf dem Platz unaufhaltsam.<\/p>\n<p> Der Vibor-a Yarara Elite 24K besteht aus hochwertigen Materialien, wie zum Beispiel seinem EVA-Gummikern, der St\u00f6\u00dfe d\u00e4mpft und hervorragende Kontrolle bietet. Dar\u00fcber hinaus sorgt seine r\u00f6hrenf\u00f6rmige Carbonkonstruktion f\u00fcr Widerstandsf\u00e4higkeit, Stabilit\u00e4t und Pr\u00e4zision bei jedem Schlag. Und nicht zu vergessen sind die 24K-Carbon-Schlagfl\u00e4chen, die ihm eine hohe Widerstandsf\u00e4higkeit und Haltbarkeit verleihen, sowie ein 3D-Glanzfinish, mit dem Sie bei Ihren Aufnahmen Effekte erzielen k\u00f6nnen.<\/p>\n<p> Warten Sie nicht l\u00e4nger und holen Sie sich jetzt den Vibor-a Yarara Elite 24K Padelschl\u00e4ger im Revolution Padel Store. Heben Sie sich auf dem Platz mit diesem Tropfenmodell und mittlerer Balance hervor, ideal f\u00fcr engagierte Spieler, die Vielseitigkeit suchen. Beherrsche den Platz mit dem Vibor-a Yarara Elite 24K!<\/p>\n","protected":false},"excerpt":{"rendered":"<p>Entdecken Sie den Vibor-A Yarara Elite 24K Padelschl\u00e4ger im Revolution Padel Store. Perfekte Balance zwischen Kraft und Kontrolle f\u00fcr fortgeschrittene Spieler.<\/p>\n","protected":false},"featured_media":35904,"comment_status":"closed","ping_status":"closed","template":"","meta":{"_acf_changed":false,"_joinchat":[]},"acabado":[],"balance":[],"dureza":[],"forma":[],"jugador":[1189,1199],"marca":[1249],"nivel-de-juego":[],"superficie":[],"tipo-de-juego":[],"product_brand":[],"product_cat":[299],"product_tag":[],"class_list":{"0":"post-13701","1":"product","2":"type-product","3":"status-publish","4":"has-post-thumbnail","6":"jugador-mann","7":"jugador-mehrzweck","8":"marca-vibor-a-de","9":"product_cat-palas-de-padel-de","11":"first","12":"instock","13":"sale","14":"taxable","15":"shipping-taxable","16":"purchasable","17":"product-type-simple"},"acf":[],"yoast_head":"<!-- This site is optimized with the Yoast SEO plugin v27.3 - https:\/\/yoast.com\/product\/yoast-seo-wordpress\/ -->\n<title>VIBOR-A YARARA ELITE 24K - Revolution Padel Store<\/title>\n<meta name=\"description\" content=\"Descubre la pala Vibor-A Yarara Elite 24K en Revolution Padel Store. Equilibrio perfecto entre potencia y control para jugadores avanzados.\" \/>\n<meta name=\"robots\" content=\"index, follow, max-snippet:-1, max-image-preview:large, max-video-preview:-1\" \/>\n<link rel=\"canonical\" href=\"https:\/\/revolutionpadelstore.com\/de\/produkt\/vibor-a-yarara-elite-24k-6\/\" \/>\n<meta property=\"og:locale\" content=\"de_DE\" \/>\n<meta property=\"og:type\" content=\"article\" \/>\n<meta property=\"og:title\" content=\"VIBOR-A YARARA ELITE 24K - Revolution Padel Store\" \/>\n<meta property=\"og:description\" content=\"Descubre la pala Vibor-A Yarara Elite 24K en Revolution Padel Store. Equilibrio perfecto entre potencia y control para jugadores avanzados.\" \/>\n<meta property=\"og:url\" content=\"https:\/\/revolutionpadelstore.com\/de\/produkt\/vibor-a-yarara-elite-24k-6\/\" \/>\n<meta property=\"og:site_name\" content=\"Revolution Padel Store\" \/>\n<meta property=\"article:modified_time\" content=\"2026-04-01T06:15:01+00:00\" \/>\n<meta property=\"og:image\" content=\"https:\/\/revolutionpadelstore.com\/wp-content\/uploads\/2024\/04\/111916-P-0-4.jpg\" \/>\n\t<meta property=\"og:image:width\" content=\"1000\" \/>\n\t<meta property=\"og:image:height\" content=\"1000\" \/>\n\t<meta property=\"og:image:type\" content=\"image\/png\" \/>\n<meta name=\"twitter:card\" content=\"summary_large_image\" \/>\n<meta name=\"twitter:label1\" content=\"Gesch\u00e4tzte Lesezeit\" \/>\n\t<meta name=\"twitter:data1\" content=\"1\u00a0Minute\" \/>\n<script type=\"application\/ld+json\" class=\"yoast-schema-graph\">{\"@context\":\"https:\\\/\\\/schema.org\",\"@graph\":[{\"@type\":\"WebPage\",\"@id\":\"https:\\\/\\\/revolutionpadelstore.com\\\/de\\\/produkt\\\/vibor-a-yarara-elite-24k-6\\\/\",\"url\":\"https:\\\/\\\/revolutionpadelstore.com\\\/de\\\/produkt\\\/vibor-a-yarara-elite-24k-6\\\/\",\"name\":\"VIBOR-A YARARA ELITE 24K - Revolution Padel Store\",\"isPartOf\":{\"@id\":\"https:\\\/\\\/revolutionpadelstore.com\\\/de\\\/#website\"},\"primaryImageOfPage\":{\"@id\":\"https:\\\/\\\/revolutionpadelstore.com\\\/de\\\/produkt\\\/vibor-a-yarara-elite-24k-6\\\/#primaryimage\"},\"image\":{\"@id\":\"https:\\\/\\\/revolutionpadelstore.com\\\/de\\\/produkt\\\/vibor-a-yarara-elite-24k-6\\\/#primaryimage\"},\"thumbnailUrl\":\"https:\\\/\\\/revolutionpadelstore.com\\\/wp-content\\\/uploads\\\/2024\\\/04\\\/111916-P-0-4.jpg\",\"datePublished\":\"2024-04-22T13:25:24+00:00\",\"dateModified\":\"2026-04-01T06:15:01+00:00\",\"description\":\"Descubre la pala Vibor-A Yarara Elite 24K en Revolution Padel Store. Equilibrio perfecto entre potencia y control para jugadores avanzados.\",\"breadcrumb\":{\"@id\":\"https:\\\/\\\/revolutionpadelstore.com\\\/de\\\/produkt\\\/vibor-a-yarara-elite-24k-6\\\/#breadcrumb\"},\"inLanguage\":\"de\",\"potentialAction\":[{\"@type\":\"ReadAction\",\"target\":[\"https:\\\/\\\/revolutionpadelstore.com\\\/de\\\/produkt\\\/vibor-a-yarara-elite-24k-6\\\/\"]}]},{\"@type\":\"ImageObject\",\"inLanguage\":\"de\",\"@id\":\"https:\\\/\\\/revolutionpadelstore.com\\\/de\\\/produkt\\\/vibor-a-yarara-elite-24k-6\\\/#primaryimage\",\"url\":\"https:\\\/\\\/revolutionpadelstore.com\\\/wp-content\\\/uploads\\\/2024\\\/04\\\/111916-P-0-4.jpg\",\"contentUrl\":\"https:\\\/\\\/revolutionpadelstore.com\\\/wp-content\\\/uploads\\\/2024\\\/04\\\/111916-P-0-4.jpg\",\"width\":1000,\"height\":1000},{\"@type\":\"BreadcrumbList\",\"@id\":\"https:\\\/\\\/revolutionpadelstore.com\\\/de\\\/produkt\\\/vibor-a-yarara-elite-24k-6\\\/#breadcrumb\",\"itemListElement\":[{\"@type\":\"ListItem\",\"position\":1,\"name\":\"Portada\",\"item\":\"https:\\\/\\\/revolutionpadelstore.com\\\/de\\\/\"},{\"@type\":\"ListItem\",\"position\":2,\"name\":\"Shop\",\"item\":\"https:\\\/\\\/revolutionpadelstore.com\\\/de\\\/tienda\\\/\"},{\"@type\":\"ListItem\",\"position\":3,\"name\":\"VIBOR-A YARARA ELITE 24K\"}]},{\"@type\":\"WebSite\",\"@id\":\"https:\\\/\\\/revolutionpadelstore.com\\\/de\\\/#website\",\"url\":\"https:\\\/\\\/revolutionpadelstore.com\\\/de\\\/\",\"name\":\"Revolution Padel Store\",\"description\":\"\",\"publisher\":{\"@id\":\"https:\\\/\\\/revolutionpadelstore.com\\\/de\\\/#organization\"},\"potentialAction\":[{\"@type\":\"SearchAction\",\"target\":{\"@type\":\"EntryPoint\",\"urlTemplate\":\"https:\\\/\\\/revolutionpadelstore.com\\\/de\\\/?s={search_term_string}\"},\"query-input\":{\"@type\":\"PropertyValueSpecification\",\"valueRequired\":true,\"valueName\":\"search_term_string\"}}],\"inLanguage\":\"de\"},{\"@type\":\"Organization\",\"@id\":\"https:\\\/\\\/revolutionpadelstore.com\\\/de\\\/#organization\",\"name\":\"Revolution Padel Store\",\"url\":\"https:\\\/\\\/revolutionpadelstore.com\\\/de\\\/\",\"logo\":{\"@type\":\"ImageObject\",\"inLanguage\":\"de\",\"@id\":\"https:\\\/\\\/revolutionpadelstore.com\\\/de\\\/#\\\/schema\\\/logo\\\/image\\\/\",\"url\":\"https:\\\/\\\/revolutionpadelstore.com\\\/wp-content\\\/uploads\\\/2026\\\/02\\\/revolution-padel-store.jpg\",\"contentUrl\":\"https:\\\/\\\/revolutionpadelstore.com\\\/wp-content\\\/uploads\\\/2026\\\/02\\\/revolution-padel-store.jpg\",\"width\":2000,\"height\":2000,\"caption\":\"Revolution Padel Store\"},\"image\":{\"@id\":\"https:\\\/\\\/revolutionpadelstore.com\\\/de\\\/#\\\/schema\\\/logo\\\/image\\\/\"},\"sameAs\":[\"https:\\\/\\\/www.instagram.com\\\/revolutionpadelstore\\\/\"]}]}<\/script>\n<!-- \/ Yoast SEO plugin. -->","yoast_head_json":{"title":"VIBOR-A YARARA ELITE 24K - Revolution Padel Store","description":"Descubre la pala Vibor-A Yarara Elite 24K en Revolution Padel Store. Equilibrio perfecto entre potencia y control para jugadores avanzados.","robots":{"index":"index","follow":"follow","max-snippet":"max-snippet:-1","max-image-preview":"max-image-preview:large","max-video-preview":"max-video-preview:-1"},"canonical":"https:\/\/revolutionpadelstore.com\/de\/produkt\/vibor-a-yarara-elite-24k-6\/","og_locale":"de_DE","og_type":"article","og_title":"VIBOR-A YARARA ELITE 24K - Revolution Padel Store","og_description":"Descubre la pala Vibor-A Yarara Elite 24K en Revolution Padel Store. Equilibrio perfecto entre potencia y control para jugadores avanzados.","og_url":"https:\/\/revolutionpadelstore.com\/de\/produkt\/vibor-a-yarara-elite-24k-6\/","og_site_name":"Revolution Padel Store","article_modified_time":"2026-04-01T06:15:01+00:00","og_image":[{"width":1000,"height":1000,"url":"https:\/\/revolutionpadelstore.com\/wp-content\/uploads\/2024\/04\/111916-P-0-4.jpg","type":"image\/png"}],"twitter_card":"summary_large_image","twitter_misc":{"Gesch\u00e4tzte Lesezeit":"1\u00a0Minute"},"schema":{"@context":"https:\/\/schema.org","@graph":[{"@type":"WebPage","@id":"https:\/\/revolutionpadelstore.com\/de\/produkt\/vibor-a-yarara-elite-24k-6\/","url":"https:\/\/revolutionpadelstore.com\/de\/produkt\/vibor-a-yarara-elite-24k-6\/","name":"VIBOR-A YARARA ELITE 24K - Revolution Padel Store","isPartOf":{"@id":"https:\/\/revolutionpadelstore.com\/de\/#website"},"primaryImageOfPage":{"@id":"https:\/\/revolutionpadelstore.com\/de\/produkt\/vibor-a-yarara-elite-24k-6\/#primaryimage"},"image":{"@id":"https:\/\/revolutionpadelstore.com\/de\/produkt\/vibor-a-yarara-elite-24k-6\/#primaryimage"},"thumbnailUrl":"https:\/\/revolutionpadelstore.com\/wp-content\/uploads\/2024\/04\/111916-P-0-4.jpg","datePublished":"2024-04-22T13:25:24+00:00","dateModified":"2026-04-01T06:15:01+00:00","description":"Descubre la pala Vibor-A Yarara Elite 24K en Revolution Padel Store. Equilibrio perfecto entre potencia y control para jugadores avanzados.","breadcrumb":{"@id":"https:\/\/revolutionpadelstore.com\/de\/produkt\/vibor-a-yarara-elite-24k-6\/#breadcrumb"},"inLanguage":"de","potentialAction":[{"@type":"ReadAction","target":["https:\/\/revolutionpadelstore.com\/de\/produkt\/vibor-a-yarara-elite-24k-6\/"]}]},{"@type":"ImageObject","inLanguage":"de","@id":"https:\/\/revolutionpadelstore.com\/de\/produkt\/vibor-a-yarara-elite-24k-6\/#primaryimage","url":"https:\/\/revolutionpadelstore.com\/wp-content\/uploads\/2024\/04\/111916-P-0-4.jpg","contentUrl":"https:\/\/revolutionpadelstore.com\/wp-content\/uploads\/2024\/04\/111916-P-0-4.jpg","width":1000,"height":1000},{"@type":"BreadcrumbList","@id":"https:\/\/revolutionpadelstore.com\/de\/produkt\/vibor-a-yarara-elite-24k-6\/#breadcrumb","itemListElement":[{"@type":"ListItem","position":1,"name":"Portada","item":"https:\/\/revolutionpadelstore.com\/de\/"},{"@type":"ListItem","position":2,"name":"Shop","item":"https:\/\/revolutionpadelstore.com\/de\/tienda\/"},{"@type":"ListItem","position":3,"name":"VIBOR-A YARARA ELITE 24K"}]},{"@type":"WebSite","@id":"https:\/\/revolutionpadelstore.com\/de\/#website","url":"https:\/\/revolutionpadelstore.com\/de\/","name":"Revolution Padel Store","description":"","publisher":{"@id":"https:\/\/revolutionpadelstore.com\/de\/#organization"},"potentialAction":[{"@type":"SearchAction","target":{"@type":"EntryPoint","urlTemplate":"https:\/\/revolutionpadelstore.com\/de\/?s={search_term_string}"},"query-input":{"@type":"PropertyValueSpecification","valueRequired":true,"valueName":"search_term_string"}}],"inLanguage":"de"},{"@type":"Organization","@id":"https:\/\/revolutionpadelstore.com\/de\/#organization","name":"Revolution Padel Store","url":"https:\/\/revolutionpadelstore.com\/de\/","logo":{"@type":"ImageObject","inLanguage":"de","@id":"https:\/\/revolutionpadelstore.com\/de\/#\/schema\/logo\/image\/","url":"https:\/\/revolutionpadelstore.com\/wp-content\/uploads\/2026\/02\/revolution-padel-store.jpg","contentUrl":"https:\/\/revolutionpadelstore.com\/wp-content\/uploads\/2026\/02\/revolution-padel-store.jpg","width":2000,"height":2000,"caption":"Revolution Padel Store"},"image":{"@id":"https:\/\/revolutionpadelstore.com\/de\/#\/schema\/logo\/image\/"},"sameAs":["https:\/\/www.instagram.com\/revolutionpadelstore\/"]}]}},"_links":{"self":[{"href":"https:\/\/revolutionpadelstore.com\/de\/wp-json\/wp\/v2\/product\/13701","targetHints":{"allow":["GET"]}}],"collection":[{"href":"https:\/\/revolutionpadelstore.com\/de\/wp-json\/wp\/v2\/product"}],"about":[{"href":"https:\/\/revolutionpadelstore.com\/de\/wp-json\/wp\/v2\/types\/product"}],"replies":[{"embeddable":true,"href":"https:\/\/revolutionpadelstore.com\/de\/wp-json\/wp\/v2\/comments?post=13701"}],"wp:featuredmedia":[{"embeddable":true,"href":"https:\/\/revolutionpadelstore.com\/de\/wp-json\/wp\/v2\/media\/35904"}],"wp:attachment":[{"href":"https:\/\/revolutionpadelstore.com\/de\/wp-json\/wp\/v2\/media?parent=13701"}],"wp:term":[{"taxonomy":"acabado","embeddable":true,"href":"https:\/\/revolutionpadelstore.com\/de\/wp-json\/wp\/v2\/acabado?post=13701"},{"taxonomy":"balance","embeddable":true,"href":"https:\/\/revolutionpadelstore.com\/de\/wp-json\/wp\/v2\/balance?post=13701"},{"taxonomy":"dureza","embeddable":true,"href":"https:\/\/revolutionpadelstore.com\/de\/wp-json\/wp\/v2\/dureza?post=13701"},{"taxonomy":"forma","embeddable":true,"href":"https:\/\/revolutionpadelstore.com\/de\/wp-json\/wp\/v2\/forma?post=13701"},{"taxonomy":"jugador","embeddable":true,"href":"https:\/\/revolutionpadelstore.com\/de\/wp-json\/wp\/v2\/jugador?post=13701"},{"taxonomy":"marca","embeddable":true,"href":"https:\/\/revolutionpadelstore.com\/de\/wp-json\/wp\/v2\/marca?post=13701"},{"taxonomy":"nivel-de-juego","embeddable":true,"href":"https:\/\/revolutionpadelstore.com\/de\/wp-json\/wp\/v2\/nivel-de-juego?post=13701"},{"taxonomy":"superficie","embeddable":true,"href":"https:\/\/revolutionpadelstore.com\/de\/wp-json\/wp\/v2\/superficie?post=13701"},{"taxonomy":"tipo-de-juego","embeddable":true,"href":"https:\/\/revolutionpadelstore.com\/de\/wp-json\/wp\/v2\/tipo-de-juego?post=13701"},{"taxonomy":"product_brand","embeddable":true,"href":"https:\/\/revolutionpadelstore.com\/de\/wp-json\/wp\/v2\/product_brand?post=13701"},{"taxonomy":"product_cat","embeddable":true,"href":"https:\/\/revolutionpadelstore.com\/de\/wp-json\/wp\/v2\/product_cat?post=13701"},{"taxonomy":"product_tag","embeddable":true,"href":"https:\/\/revolutionpadelstore.com\/de\/wp-json\/wp\/v2\/product_tag?post=13701"}],"curies":[{"name":"wp","href":"https:\/\/api.w.org\/{rel}","templated":true}]}}