{"id":13686,"date":"2024-04-22T15:25:24","date_gmt":"2024-04-22T13:25:24","guid":{"rendered":"https:\/\/revolutionpadelstore.com\/vibor-a-black-mamba-xtreme-3k-2024\/"},"modified":"2026-04-08T11:37:49","modified_gmt":"2026-04-08T09:37:49","slug":"vibor-a-black-mamba-xtreme-3k-2024-1","status":"publish","type":"product","link":"https:\/\/revolutionpadelstore.com\/de\/produkt\/vibor-a-black-mamba-xtreme-3k-2024-1\/","title":{"rendered":"VIBOR-A BLACK MAMBA XTREME 3K 2024"},"content":{"rendered":"<p>Kaufen Sie den Schl\u00e4ger Vibor-A Black Mamba Xtreme 3K 2024 im Revolution Padel Store und entdecken Sie einen der besten Padelschl\u00e4ger auf dem Markt. Mit seinem Diamantformat und seinem exklusiven Design zum 10-j\u00e4hrigen Jubil\u00e4um bietet Ihnen dieser Schl\u00e4ger aus der Vibor-a-Kollektion 2024 ein vielseitiges und kraftvolles Spiel. Im Revolution Padel Store k\u00f6nnen Sie es kaufen und seine Vorteile auf dem Platz genie\u00dfen.<\/p>\n<p> Der Vibor-A Black Mamba Xtreme 3K 2024 ist ein Padelschl\u00e4ger f\u00fcr fortgeschrittene Spieler, die Kraft und Kontrolle bei ihren Schl\u00e4gen suchen. Sein Diamantformat und die mittlere Balance erm\u00f6glichen Ihnen ein vielseitiges Spiel auf dem Platz. Dar\u00fcber hinaus garantieren seine hochwertigen Materialien wie 3K-Carbon in den Ebenen und der Rahmen aus 100 % Carbon Widerstandsf\u00e4higkeit und Langlebigkeit.<\/p>\n<p> Bei P\u00e1del Nuestro finden Sie jetzt den Vibor-A Black Mamba Xtreme 3K 2024, einen Schl\u00e4ger, der sich nicht nur durch seine Leistung, sondern auch durch sein exklusives Design auszeichnet. Sein wei\u00dfer Griff, das gelbe Logo und der Rahmen sowie schwarze Details wie das Kreuz im Herzen machen ihn zu einem einzigartigen Schl\u00e4ger in seinem Stil.<\/p>\n<p> Warten Sie nicht l\u00e4nger und kaufen Sie den Vibor-A Black Mamba Xtreme 3K 2024 im Revolution Padel Store, dem auf Padel spezialisierten Gesch\u00e4ft, in dem Sie die besten Marken und qualitativ hochwertigen Produkte finden. Holen Sie es sich und sp\u00fcren Sie die Kraft und Kontrolle bei jedem Schlag!<\/p>\n","protected":false},"excerpt":{"rendered":"<p>Entdecken Sie den leistungsstarken und vielseitigen Padelschl\u00e4ger Vibor-A Black Mamba Xtreme 3K 2024 im Revolution Padel Store.<\/p>\n","protected":false},"featured_media":35844,"comment_status":"closed","ping_status":"closed","template":"","meta":{"_acf_changed":false,"_joinchat":[]},"acabado":[],"balance":[],"dureza":[],"forma":[],"jugador":[1189,1199],"marca":[1249],"nivel-de-juego":[],"superficie":[],"tipo-de-juego":[],"product_brand":[],"product_cat":[299],"product_tag":[],"class_list":{"0":"post-13686","1":"product","2":"type-product","3":"status-publish","4":"has-post-thumbnail","6":"jugador-mann","7":"jugador-mehrzweck","8":"marca-vibor-a-de","9":"product_cat-palas-de-padel-de","11":"first","12":"instock","13":"sale","14":"taxable","15":"shipping-taxable","16":"purchasable","17":"product-type-simple"},"acf":[],"yoast_head":"<!-- This site is optimized with the Yoast SEO plugin v27.4 - https:\/\/yoast.com\/product\/yoast-seo-wordpress\/ -->\n<title>VIBOR-A BLACK MAMBA XTREME 3K 2024 - Revolution Padel Store<\/title>\n<meta name=\"description\" content=\"Descubre la potente y vers\u00e1til pala de p\u00e1del Vibor-A Black Mamba Xtreme 3K 2024 en Revolution Padel Store&quot;.\" \/>\n<meta name=\"robots\" content=\"index, follow, max-snippet:-1, max-image-preview:large, max-video-preview:-1\" \/>\n<link rel=\"canonical\" href=\"https:\/\/revolutionpadelstore.com\/de\/produkt\/vibor-a-black-mamba-xtreme-3k-2024-1\/\" \/>\n<meta property=\"og:locale\" content=\"de_DE\" \/>\n<meta property=\"og:type\" content=\"article\" \/>\n<meta property=\"og:title\" content=\"VIBOR-A BLACK MAMBA XTREME 3K 2024 - Revolution Padel Store\" \/>\n<meta property=\"og:description\" content=\"Descubre la potente y vers\u00e1til pala de p\u00e1del Vibor-A Black Mamba Xtreme 3K 2024 en Revolution Padel Store&quot;.\" \/>\n<meta property=\"og:url\" content=\"https:\/\/revolutionpadelstore.com\/de\/produkt\/vibor-a-black-mamba-xtreme-3k-2024-1\/\" \/>\n<meta property=\"og:site_name\" content=\"Revolution Padel Store\" \/>\n<meta property=\"article:modified_time\" content=\"2026-04-08T09:37:49+00:00\" \/>\n<meta property=\"og:image\" content=\"https:\/\/revolutionpadelstore.com\/wp-content\/uploads\/2024\/04\/111908-P-0-4.jpg\" \/>\n\t<meta property=\"og:image:width\" content=\"1000\" \/>\n\t<meta property=\"og:image:height\" content=\"1000\" \/>\n\t<meta property=\"og:image:type\" content=\"image\/png\" \/>\n<meta name=\"twitter:card\" content=\"summary_large_image\" \/>\n<meta name=\"twitter:label1\" content=\"Gesch\u00e4tzte Lesezeit\" \/>\n\t<meta name=\"twitter:data1\" content=\"1\u00a0Minute\" \/>\n<script type=\"application\/ld+json\" class=\"yoast-schema-graph\">{\"@context\":\"https:\\\/\\\/schema.org\",\"@graph\":[{\"@type\":\"WebPage\",\"@id\":\"https:\\\/\\\/revolutionpadelstore.com\\\/de\\\/produkt\\\/vibor-a-black-mamba-xtreme-3k-2024-1\\\/\",\"url\":\"https:\\\/\\\/revolutionpadelstore.com\\\/de\\\/produkt\\\/vibor-a-black-mamba-xtreme-3k-2024-1\\\/\",\"name\":\"VIBOR-A BLACK MAMBA XTREME 3K 2024 - Revolution Padel Store\",\"isPartOf\":{\"@id\":\"https:\\\/\\\/revolutionpadelstore.com\\\/de\\\/#website\"},\"primaryImageOfPage\":{\"@id\":\"https:\\\/\\\/revolutionpadelstore.com\\\/de\\\/produkt\\\/vibor-a-black-mamba-xtreme-3k-2024-1\\\/#primaryimage\"},\"image\":{\"@id\":\"https:\\\/\\\/revolutionpadelstore.com\\\/de\\\/produkt\\\/vibor-a-black-mamba-xtreme-3k-2024-1\\\/#primaryimage\"},\"thumbnailUrl\":\"https:\\\/\\\/revolutionpadelstore.com\\\/wp-content\\\/uploads\\\/2024\\\/04\\\/111908-P-0-4.jpg\",\"datePublished\":\"2024-04-22T13:25:24+00:00\",\"dateModified\":\"2026-04-08T09:37:49+00:00\",\"description\":\"Descubre la potente y vers\u00e1til pala de p\u00e1del Vibor-A Black Mamba Xtreme 3K 2024 en Revolution Padel Store\\\".\",\"breadcrumb\":{\"@id\":\"https:\\\/\\\/revolutionpadelstore.com\\\/de\\\/produkt\\\/vibor-a-black-mamba-xtreme-3k-2024-1\\\/#breadcrumb\"},\"inLanguage\":\"de\",\"potentialAction\":[{\"@type\":\"ReadAction\",\"target\":[\"https:\\\/\\\/revolutionpadelstore.com\\\/de\\\/produkt\\\/vibor-a-black-mamba-xtreme-3k-2024-1\\\/\"]}]},{\"@type\":\"ImageObject\",\"inLanguage\":\"de\",\"@id\":\"https:\\\/\\\/revolutionpadelstore.com\\\/de\\\/produkt\\\/vibor-a-black-mamba-xtreme-3k-2024-1\\\/#primaryimage\",\"url\":\"https:\\\/\\\/revolutionpadelstore.com\\\/wp-content\\\/uploads\\\/2024\\\/04\\\/111908-P-0-4.jpg\",\"contentUrl\":\"https:\\\/\\\/revolutionpadelstore.com\\\/wp-content\\\/uploads\\\/2024\\\/04\\\/111908-P-0-4.jpg\",\"width\":1000,\"height\":1000},{\"@type\":\"BreadcrumbList\",\"@id\":\"https:\\\/\\\/revolutionpadelstore.com\\\/de\\\/produkt\\\/vibor-a-black-mamba-xtreme-3k-2024-1\\\/#breadcrumb\",\"itemListElement\":[{\"@type\":\"ListItem\",\"position\":1,\"name\":\"Portada\",\"item\":\"https:\\\/\\\/revolutionpadelstore.com\\\/de\\\/\"},{\"@type\":\"ListItem\",\"position\":2,\"name\":\"Shop\",\"item\":\"https:\\\/\\\/revolutionpadelstore.com\\\/de\\\/tienda\\\/\"},{\"@type\":\"ListItem\",\"position\":3,\"name\":\"VIBOR-A BLACK MAMBA XTREME 3K 2024\"}]},{\"@type\":\"WebSite\",\"@id\":\"https:\\\/\\\/revolutionpadelstore.com\\\/de\\\/#website\",\"url\":\"https:\\\/\\\/revolutionpadelstore.com\\\/de\\\/\",\"name\":\"Revolution Padel Store\",\"description\":\"\",\"publisher\":{\"@id\":\"https:\\\/\\\/revolutionpadelstore.com\\\/de\\\/#organization\"},\"potentialAction\":[{\"@type\":\"SearchAction\",\"target\":{\"@type\":\"EntryPoint\",\"urlTemplate\":\"https:\\\/\\\/revolutionpadelstore.com\\\/de\\\/?s={search_term_string}\"},\"query-input\":{\"@type\":\"PropertyValueSpecification\",\"valueRequired\":true,\"valueName\":\"search_term_string\"}}],\"inLanguage\":\"de\"},{\"@type\":\"Organization\",\"@id\":\"https:\\\/\\\/revolutionpadelstore.com\\\/de\\\/#organization\",\"name\":\"Revolution Padel Store\",\"url\":\"https:\\\/\\\/revolutionpadelstore.com\\\/de\\\/\",\"logo\":{\"@type\":\"ImageObject\",\"inLanguage\":\"de\",\"@id\":\"https:\\\/\\\/revolutionpadelstore.com\\\/de\\\/#\\\/schema\\\/logo\\\/image\\\/\",\"url\":\"https:\\\/\\\/revolutionpadelstore.com\\\/wp-content\\\/uploads\\\/2026\\\/02\\\/revolution-padel-store.jpg\",\"contentUrl\":\"https:\\\/\\\/revolutionpadelstore.com\\\/wp-content\\\/uploads\\\/2026\\\/02\\\/revolution-padel-store.jpg\",\"width\":2000,\"height\":2000,\"caption\":\"Revolution Padel Store\"},\"image\":{\"@id\":\"https:\\\/\\\/revolutionpadelstore.com\\\/de\\\/#\\\/schema\\\/logo\\\/image\\\/\"},\"sameAs\":[\"https:\\\/\\\/www.instagram.com\\\/revolutionpadelstore\\\/\"]}]}<\/script>\n<!-- \/ Yoast SEO plugin. -->","yoast_head_json":{"title":"VIBOR-A BLACK MAMBA XTREME 3K 2024 - Revolution Padel Store","description":"Descubre la potente y vers\u00e1til pala de p\u00e1del Vibor-A Black Mamba Xtreme 3K 2024 en Revolution Padel Store\".","robots":{"index":"index","follow":"follow","max-snippet":"max-snippet:-1","max-image-preview":"max-image-preview:large","max-video-preview":"max-video-preview:-1"},"canonical":"https:\/\/revolutionpadelstore.com\/de\/produkt\/vibor-a-black-mamba-xtreme-3k-2024-1\/","og_locale":"de_DE","og_type":"article","og_title":"VIBOR-A BLACK MAMBA XTREME 3K 2024 - Revolution Padel Store","og_description":"Descubre la potente y vers\u00e1til pala de p\u00e1del Vibor-A Black Mamba Xtreme 3K 2024 en Revolution Padel Store\".","og_url":"https:\/\/revolutionpadelstore.com\/de\/produkt\/vibor-a-black-mamba-xtreme-3k-2024-1\/","og_site_name":"Revolution Padel Store","article_modified_time":"2026-04-08T09:37:49+00:00","og_image":[{"width":1000,"height":1000,"url":"https:\/\/revolutionpadelstore.com\/wp-content\/uploads\/2024\/04\/111908-P-0-4.jpg","type":"image\/png"}],"twitter_card":"summary_large_image","twitter_misc":{"Gesch\u00e4tzte Lesezeit":"1\u00a0Minute"},"schema":{"@context":"https:\/\/schema.org","@graph":[{"@type":"WebPage","@id":"https:\/\/revolutionpadelstore.com\/de\/produkt\/vibor-a-black-mamba-xtreme-3k-2024-1\/","url":"https:\/\/revolutionpadelstore.com\/de\/produkt\/vibor-a-black-mamba-xtreme-3k-2024-1\/","name":"VIBOR-A BLACK MAMBA XTREME 3K 2024 - Revolution Padel Store","isPartOf":{"@id":"https:\/\/revolutionpadelstore.com\/de\/#website"},"primaryImageOfPage":{"@id":"https:\/\/revolutionpadelstore.com\/de\/produkt\/vibor-a-black-mamba-xtreme-3k-2024-1\/#primaryimage"},"image":{"@id":"https:\/\/revolutionpadelstore.com\/de\/produkt\/vibor-a-black-mamba-xtreme-3k-2024-1\/#primaryimage"},"thumbnailUrl":"https:\/\/revolutionpadelstore.com\/wp-content\/uploads\/2024\/04\/111908-P-0-4.jpg","datePublished":"2024-04-22T13:25:24+00:00","dateModified":"2026-04-08T09:37:49+00:00","description":"Descubre la potente y vers\u00e1til pala de p\u00e1del Vibor-A Black Mamba Xtreme 3K 2024 en Revolution Padel Store\".","breadcrumb":{"@id":"https:\/\/revolutionpadelstore.com\/de\/produkt\/vibor-a-black-mamba-xtreme-3k-2024-1\/#breadcrumb"},"inLanguage":"de","potentialAction":[{"@type":"ReadAction","target":["https:\/\/revolutionpadelstore.com\/de\/produkt\/vibor-a-black-mamba-xtreme-3k-2024-1\/"]}]},{"@type":"ImageObject","inLanguage":"de","@id":"https:\/\/revolutionpadelstore.com\/de\/produkt\/vibor-a-black-mamba-xtreme-3k-2024-1\/#primaryimage","url":"https:\/\/revolutionpadelstore.com\/wp-content\/uploads\/2024\/04\/111908-P-0-4.jpg","contentUrl":"https:\/\/revolutionpadelstore.com\/wp-content\/uploads\/2024\/04\/111908-P-0-4.jpg","width":1000,"height":1000},{"@type":"BreadcrumbList","@id":"https:\/\/revolutionpadelstore.com\/de\/produkt\/vibor-a-black-mamba-xtreme-3k-2024-1\/#breadcrumb","itemListElement":[{"@type":"ListItem","position":1,"name":"Portada","item":"https:\/\/revolutionpadelstore.com\/de\/"},{"@type":"ListItem","position":2,"name":"Shop","item":"https:\/\/revolutionpadelstore.com\/de\/tienda\/"},{"@type":"ListItem","position":3,"name":"VIBOR-A BLACK MAMBA XTREME 3K 2024"}]},{"@type":"WebSite","@id":"https:\/\/revolutionpadelstore.com\/de\/#website","url":"https:\/\/revolutionpadelstore.com\/de\/","name":"Revolution Padel Store","description":"","publisher":{"@id":"https:\/\/revolutionpadelstore.com\/de\/#organization"},"potentialAction":[{"@type":"SearchAction","target":{"@type":"EntryPoint","urlTemplate":"https:\/\/revolutionpadelstore.com\/de\/?s={search_term_string}"},"query-input":{"@type":"PropertyValueSpecification","valueRequired":true,"valueName":"search_term_string"}}],"inLanguage":"de"},{"@type":"Organization","@id":"https:\/\/revolutionpadelstore.com\/de\/#organization","name":"Revolution Padel Store","url":"https:\/\/revolutionpadelstore.com\/de\/","logo":{"@type":"ImageObject","inLanguage":"de","@id":"https:\/\/revolutionpadelstore.com\/de\/#\/schema\/logo\/image\/","url":"https:\/\/revolutionpadelstore.com\/wp-content\/uploads\/2026\/02\/revolution-padel-store.jpg","contentUrl":"https:\/\/revolutionpadelstore.com\/wp-content\/uploads\/2026\/02\/revolution-padel-store.jpg","width":2000,"height":2000,"caption":"Revolution Padel Store"},"image":{"@id":"https:\/\/revolutionpadelstore.com\/de\/#\/schema\/logo\/image\/"},"sameAs":["https:\/\/www.instagram.com\/revolutionpadelstore\/"]}]}},"_links":{"self":[{"href":"https:\/\/revolutionpadelstore.com\/de\/wp-json\/wp\/v2\/product\/13686","targetHints":{"allow":["GET"]}}],"collection":[{"href":"https:\/\/revolutionpadelstore.com\/de\/wp-json\/wp\/v2\/product"}],"about":[{"href":"https:\/\/revolutionpadelstore.com\/de\/wp-json\/wp\/v2\/types\/product"}],"replies":[{"embeddable":true,"href":"https:\/\/revolutionpadelstore.com\/de\/wp-json\/wp\/v2\/comments?post=13686"}],"wp:featuredmedia":[{"embeddable":true,"href":"https:\/\/revolutionpadelstore.com\/de\/wp-json\/wp\/v2\/media\/35844"}],"wp:attachment":[{"href":"https:\/\/revolutionpadelstore.com\/de\/wp-json\/wp\/v2\/media?parent=13686"}],"wp:term":[{"taxonomy":"acabado","embeddable":true,"href":"https:\/\/revolutionpadelstore.com\/de\/wp-json\/wp\/v2\/acabado?post=13686"},{"taxonomy":"balance","embeddable":true,"href":"https:\/\/revolutionpadelstore.com\/de\/wp-json\/wp\/v2\/balance?post=13686"},{"taxonomy":"dureza","embeddable":true,"href":"https:\/\/revolutionpadelstore.com\/de\/wp-json\/wp\/v2\/dureza?post=13686"},{"taxonomy":"forma","embeddable":true,"href":"https:\/\/revolutionpadelstore.com\/de\/wp-json\/wp\/v2\/forma?post=13686"},{"taxonomy":"jugador","embeddable":true,"href":"https:\/\/revolutionpadelstore.com\/de\/wp-json\/wp\/v2\/jugador?post=13686"},{"taxonomy":"marca","embeddable":true,"href":"https:\/\/revolutionpadelstore.com\/de\/wp-json\/wp\/v2\/marca?post=13686"},{"taxonomy":"nivel-de-juego","embeddable":true,"href":"https:\/\/revolutionpadelstore.com\/de\/wp-json\/wp\/v2\/nivel-de-juego?post=13686"},{"taxonomy":"superficie","embeddable":true,"href":"https:\/\/revolutionpadelstore.com\/de\/wp-json\/wp\/v2\/superficie?post=13686"},{"taxonomy":"tipo-de-juego","embeddable":true,"href":"https:\/\/revolutionpadelstore.com\/de\/wp-json\/wp\/v2\/tipo-de-juego?post=13686"},{"taxonomy":"product_brand","embeddable":true,"href":"https:\/\/revolutionpadelstore.com\/de\/wp-json\/wp\/v2\/product_brand?post=13686"},{"taxonomy":"product_cat","embeddable":true,"href":"https:\/\/revolutionpadelstore.com\/de\/wp-json\/wp\/v2\/product_cat?post=13686"},{"taxonomy":"product_tag","embeddable":true,"href":"https:\/\/revolutionpadelstore.com\/de\/wp-json\/wp\/v2\/product_tag?post=13686"}],"curies":[{"name":"wp","href":"https:\/\/api.w.org\/{rel}","templated":true}]}}