{"id":13661,"date":"2024-04-22T15:25:28","date_gmt":"2024-04-22T13:25:28","guid":{"rendered":"https:\/\/revolutionpadelstore.com\/vibor-a-king-cobra-liquid-edition-2023\/"},"modified":"2026-04-08T11:30:44","modified_gmt":"2026-04-08T09:30:44","slug":"vibor-a-king-cobra-liquid-edition-2023-1","status":"publish","type":"product","link":"https:\/\/revolutionpadelstore.com\/de\/produkt\/vibor-a-king-cobra-liquid-edition-2023-1\/","title":{"rendered":"VIBOR-A KING COBRA LIQUID EDITION 2023"},"content":{"rendered":"<p>Im Revolution Padel Store, Ihrem vertrauensw\u00fcrdigen Gesch\u00e4ft, das Sie mit dem Besten aus der Welt des Padelsports ausstattet, pr\u00e4sentieren wir den Schl\u00e4ger Vibor-A King Cobra Liquid 2023. Mit einer perfekten Balance zwischen Kontrolle und Kraft wird dieser Schl\u00e4ger zum perfekten Verb\u00fcndeten um Ihr Spiel auf die n\u00e4chste Stufe zu bringen.<\/p>\n<p> Der neue Vibor-A King Cobra Liquid zeichnet sich durch seine Tropfenform aus, die zu mehr Kraft und weniger k\u00f6rperlichem Aufwand f\u00fchrt, um Schl\u00e4ge mit gr\u00f6\u00dferer Geschwindigkeit und Schlagkraft zu erzielen. Seine mittlere Balance und sein breiter Sweetspot sorgen f\u00fcr au\u00dfergew\u00f6hnliche Pr\u00e4zision, selbst bei den schwierigsten Schl\u00e4gen.<\/p>\n<p> Aber das ist noch nicht alles, dieser Schl\u00e4ger zeichnet sich auch durch seine Widerstandsf\u00e4higkeit und Haltbarkeit aus, dank des 12K-Carbons in seiner Oberfl\u00e4che und seinem Rahmen, was ihm eine un\u00fcbertroffene Steifigkeit verleiht. Im Inneren sorgt das EVA-Soft-Gummi f\u00fcr einen weichen Griff, gro\u00dfartigen R\u00fcckprall und Stabilit\u00e4t beim Schlagen.<\/p>\n<p> Dar\u00fcber hinaus erm\u00f6glicht die raue Oberfl\u00e4che eine gr\u00f6\u00dfere Wirkung Ihrer Schl\u00e4ge, was ihn zu einem vielseitigen, leistungsstarken und vielseitigen Schl\u00e4ger macht. Mit einem vereinfachten Design, aber mit der gleichen Aggressivit\u00e4t, die dieses Vibor-A-Modell auszeichnet, ist der Schl\u00e4ger Vibor-A King Cobra Liquid 2023 ideal f\u00fcr fortgeschrittene Spieler, die ihre F\u00e4higkeiten auf dem Platz optimal nutzen m\u00f6chten.<\/p>\n<p> Warten Sie nicht l\u00e4nger und kaufen Sie den Schl\u00e4ger Vibor-A King Cobra Liquid 2023 im Revolution Padel Store, wo Sie die besten Produkte zur Verbesserung Ihres Spiels finden. Kontrolle und Power in einem einzigen St\u00fcck, nur im Revolution Padel Store.<\/p>\n","protected":false},"excerpt":{"rendered":"<p>Entdecken Sie den Schl\u00e4ger \u201eVIBOR-A KING COBRA LIQUID EDITION 2023\u201c im Revolution Padel Store, ideal f\u00fcr fortgeschrittene Spieler. Balance, Kraft und Widerstand in einer einzigen Klinge.<\/p>\n","protected":false},"featured_media":7433,"comment_status":"closed","ping_status":"open","template":"","meta":{"_acf_changed":false,"_joinchat":[]},"acabado":[],"balance":[],"dureza":[],"forma":[],"jugador":[1189,1199],"marca":[1249],"nivel-de-juego":[],"superficie":[],"tipo-de-juego":[],"product_brand":[],"product_cat":[299],"product_tag":[],"class_list":{"0":"post-13661","1":"product","2":"type-product","3":"status-publish","4":"has-post-thumbnail","6":"jugador-mann","7":"jugador-mehrzweck","8":"marca-vibor-a-de","9":"product_cat-palas-de-padel-de","11":"first","12":"instock","13":"sale","14":"taxable","15":"shipping-taxable","16":"purchasable","17":"product-type-simple"},"acf":[],"yoast_head":"<!-- This site is optimized with the Yoast SEO plugin v27.4 - https:\/\/yoast.com\/product\/yoast-seo-wordpress\/ -->\n<title>VIBOR-A KING COBRA LIQUID EDITION 2023 - Revolution Padel Store<\/title>\n<meta name=\"description\" content=\"Descubre la pala &quot;VIBOR-A KING COBRA LIQUID EDITION 2023&quot; en Revolution Padel Store, ideal para jugadores avanzados. Equilibrio, potencia y resistencia en una sola pala.\" \/>\n<meta name=\"robots\" content=\"index, follow, max-snippet:-1, max-image-preview:large, max-video-preview:-1\" \/>\n<link rel=\"canonical\" href=\"https:\/\/revolutionpadelstore.com\/de\/produkt\/vibor-a-king-cobra-liquid-edition-2023-1\/\" \/>\n<meta property=\"og:locale\" content=\"de_DE\" \/>\n<meta property=\"og:type\" content=\"article\" \/>\n<meta property=\"og:title\" content=\"VIBOR-A KING COBRA LIQUID EDITION 2023 - Revolution Padel Store\" \/>\n<meta property=\"og:description\" content=\"Descubre la pala &quot;VIBOR-A KING COBRA LIQUID EDITION 2023&quot; en Revolution Padel Store, ideal para jugadores avanzados. Equilibrio, potencia y resistencia en una sola pala.\" \/>\n<meta property=\"og:url\" content=\"https:\/\/revolutionpadelstore.com\/de\/produkt\/vibor-a-king-cobra-liquid-edition-2023-1\/\" \/>\n<meta property=\"og:site_name\" content=\"Revolution Padel Store\" \/>\n<meta property=\"article:modified_time\" content=\"2026-04-08T09:30:44+00:00\" \/>\n<meta property=\"og:image\" content=\"https:\/\/revolutionpadelstore.com\/wp-content\/uploads\/2024\/04\/105294-P-0-4.jpg\" \/>\n\t<meta property=\"og:image:width\" content=\"1000\" \/>\n\t<meta property=\"og:image:height\" content=\"1000\" \/>\n\t<meta property=\"og:image:type\" content=\"image\/png\" \/>\n<meta name=\"twitter:card\" content=\"summary_large_image\" \/>\n<meta name=\"twitter:label1\" content=\"Gesch\u00e4tzte Lesezeit\" \/>\n\t<meta name=\"twitter:data1\" content=\"1\u00a0Minute\" \/>\n<script type=\"application\/ld+json\" class=\"yoast-schema-graph\">{\"@context\":\"https:\\\/\\\/schema.org\",\"@graph\":[{\"@type\":\"WebPage\",\"@id\":\"https:\\\/\\\/revolutionpadelstore.com\\\/de\\\/produkt\\\/vibor-a-king-cobra-liquid-edition-2023-1\\\/\",\"url\":\"https:\\\/\\\/revolutionpadelstore.com\\\/de\\\/produkt\\\/vibor-a-king-cobra-liquid-edition-2023-1\\\/\",\"name\":\"VIBOR-A KING COBRA LIQUID EDITION 2023 - Revolution Padel Store\",\"isPartOf\":{\"@id\":\"https:\\\/\\\/revolutionpadelstore.com\\\/de\\\/#website\"},\"primaryImageOfPage\":{\"@id\":\"https:\\\/\\\/revolutionpadelstore.com\\\/de\\\/produkt\\\/vibor-a-king-cobra-liquid-edition-2023-1\\\/#primaryimage\"},\"image\":{\"@id\":\"https:\\\/\\\/revolutionpadelstore.com\\\/de\\\/produkt\\\/vibor-a-king-cobra-liquid-edition-2023-1\\\/#primaryimage\"},\"thumbnailUrl\":\"https:\\\/\\\/revolutionpadelstore.com\\\/wp-content\\\/uploads\\\/2024\\\/04\\\/105294-P-0-4.jpg\",\"datePublished\":\"2024-04-22T13:25:28+00:00\",\"dateModified\":\"2026-04-08T09:30:44+00:00\",\"description\":\"Descubre la pala \\\"VIBOR-A KING COBRA LIQUID EDITION 2023\\\" en Revolution Padel Store, ideal para jugadores avanzados. Equilibrio, potencia y resistencia en una sola pala.\",\"breadcrumb\":{\"@id\":\"https:\\\/\\\/revolutionpadelstore.com\\\/de\\\/produkt\\\/vibor-a-king-cobra-liquid-edition-2023-1\\\/#breadcrumb\"},\"inLanguage\":\"de\",\"potentialAction\":[{\"@type\":\"ReadAction\",\"target\":[\"https:\\\/\\\/revolutionpadelstore.com\\\/de\\\/produkt\\\/vibor-a-king-cobra-liquid-edition-2023-1\\\/\"]}]},{\"@type\":\"ImageObject\",\"inLanguage\":\"de\",\"@id\":\"https:\\\/\\\/revolutionpadelstore.com\\\/de\\\/produkt\\\/vibor-a-king-cobra-liquid-edition-2023-1\\\/#primaryimage\",\"url\":\"https:\\\/\\\/revolutionpadelstore.com\\\/wp-content\\\/uploads\\\/2024\\\/04\\\/105294-P-0-4.jpg\",\"contentUrl\":\"https:\\\/\\\/revolutionpadelstore.com\\\/wp-content\\\/uploads\\\/2024\\\/04\\\/105294-P-0-4.jpg\",\"width\":1000,\"height\":1000},{\"@type\":\"BreadcrumbList\",\"@id\":\"https:\\\/\\\/revolutionpadelstore.com\\\/de\\\/produkt\\\/vibor-a-king-cobra-liquid-edition-2023-1\\\/#breadcrumb\",\"itemListElement\":[{\"@type\":\"ListItem\",\"position\":1,\"name\":\"Portada\",\"item\":\"https:\\\/\\\/revolutionpadelstore.com\\\/de\\\/\"},{\"@type\":\"ListItem\",\"position\":2,\"name\":\"Shop\",\"item\":\"https:\\\/\\\/revolutionpadelstore.com\\\/de\\\/tienda\\\/\"},{\"@type\":\"ListItem\",\"position\":3,\"name\":\"VIBOR-A KING COBRA LIQUID EDITION 2023\"}]},{\"@type\":\"WebSite\",\"@id\":\"https:\\\/\\\/revolutionpadelstore.com\\\/de\\\/#website\",\"url\":\"https:\\\/\\\/revolutionpadelstore.com\\\/de\\\/\",\"name\":\"Revolution Padel Store\",\"description\":\"\",\"publisher\":{\"@id\":\"https:\\\/\\\/revolutionpadelstore.com\\\/de\\\/#organization\"},\"potentialAction\":[{\"@type\":\"SearchAction\",\"target\":{\"@type\":\"EntryPoint\",\"urlTemplate\":\"https:\\\/\\\/revolutionpadelstore.com\\\/de\\\/?s={search_term_string}\"},\"query-input\":{\"@type\":\"PropertyValueSpecification\",\"valueRequired\":true,\"valueName\":\"search_term_string\"}}],\"inLanguage\":\"de\"},{\"@type\":\"Organization\",\"@id\":\"https:\\\/\\\/revolutionpadelstore.com\\\/de\\\/#organization\",\"name\":\"Revolution Padel Store\",\"url\":\"https:\\\/\\\/revolutionpadelstore.com\\\/de\\\/\",\"logo\":{\"@type\":\"ImageObject\",\"inLanguage\":\"de\",\"@id\":\"https:\\\/\\\/revolutionpadelstore.com\\\/de\\\/#\\\/schema\\\/logo\\\/image\\\/\",\"url\":\"https:\\\/\\\/revolutionpadelstore.com\\\/wp-content\\\/uploads\\\/2026\\\/02\\\/revolution-padel-store.jpg\",\"contentUrl\":\"https:\\\/\\\/revolutionpadelstore.com\\\/wp-content\\\/uploads\\\/2026\\\/02\\\/revolution-padel-store.jpg\",\"width\":2000,\"height\":2000,\"caption\":\"Revolution Padel Store\"},\"image\":{\"@id\":\"https:\\\/\\\/revolutionpadelstore.com\\\/de\\\/#\\\/schema\\\/logo\\\/image\\\/\"},\"sameAs\":[\"https:\\\/\\\/www.instagram.com\\\/revolutionpadelstore\\\/\"]}]}<\/script>\n<!-- \/ Yoast SEO plugin. -->","yoast_head_json":{"title":"VIBOR-A KING COBRA LIQUID EDITION 2023 - Revolution Padel Store","description":"Descubre la pala \"VIBOR-A KING COBRA LIQUID EDITION 2023\" en Revolution Padel Store, ideal para jugadores avanzados. Equilibrio, potencia y resistencia en una sola pala.","robots":{"index":"index","follow":"follow","max-snippet":"max-snippet:-1","max-image-preview":"max-image-preview:large","max-video-preview":"max-video-preview:-1"},"canonical":"https:\/\/revolutionpadelstore.com\/de\/produkt\/vibor-a-king-cobra-liquid-edition-2023-1\/","og_locale":"de_DE","og_type":"article","og_title":"VIBOR-A KING COBRA LIQUID EDITION 2023 - Revolution Padel Store","og_description":"Descubre la pala \"VIBOR-A KING COBRA LIQUID EDITION 2023\" en Revolution Padel Store, ideal para jugadores avanzados. Equilibrio, potencia y resistencia en una sola pala.","og_url":"https:\/\/revolutionpadelstore.com\/de\/produkt\/vibor-a-king-cobra-liquid-edition-2023-1\/","og_site_name":"Revolution Padel Store","article_modified_time":"2026-04-08T09:30:44+00:00","og_image":[{"width":1000,"height":1000,"url":"https:\/\/revolutionpadelstore.com\/wp-content\/uploads\/2024\/04\/105294-P-0-4.jpg","type":"image\/png"}],"twitter_card":"summary_large_image","twitter_misc":{"Gesch\u00e4tzte Lesezeit":"1\u00a0Minute"},"schema":{"@context":"https:\/\/schema.org","@graph":[{"@type":"WebPage","@id":"https:\/\/revolutionpadelstore.com\/de\/produkt\/vibor-a-king-cobra-liquid-edition-2023-1\/","url":"https:\/\/revolutionpadelstore.com\/de\/produkt\/vibor-a-king-cobra-liquid-edition-2023-1\/","name":"VIBOR-A KING COBRA LIQUID EDITION 2023 - Revolution Padel Store","isPartOf":{"@id":"https:\/\/revolutionpadelstore.com\/de\/#website"},"primaryImageOfPage":{"@id":"https:\/\/revolutionpadelstore.com\/de\/produkt\/vibor-a-king-cobra-liquid-edition-2023-1\/#primaryimage"},"image":{"@id":"https:\/\/revolutionpadelstore.com\/de\/produkt\/vibor-a-king-cobra-liquid-edition-2023-1\/#primaryimage"},"thumbnailUrl":"https:\/\/revolutionpadelstore.com\/wp-content\/uploads\/2024\/04\/105294-P-0-4.jpg","datePublished":"2024-04-22T13:25:28+00:00","dateModified":"2026-04-08T09:30:44+00:00","description":"Descubre la pala \"VIBOR-A KING COBRA LIQUID EDITION 2023\" en Revolution Padel Store, ideal para jugadores avanzados. Equilibrio, potencia y resistencia en una sola pala.","breadcrumb":{"@id":"https:\/\/revolutionpadelstore.com\/de\/produkt\/vibor-a-king-cobra-liquid-edition-2023-1\/#breadcrumb"},"inLanguage":"de","potentialAction":[{"@type":"ReadAction","target":["https:\/\/revolutionpadelstore.com\/de\/produkt\/vibor-a-king-cobra-liquid-edition-2023-1\/"]}]},{"@type":"ImageObject","inLanguage":"de","@id":"https:\/\/revolutionpadelstore.com\/de\/produkt\/vibor-a-king-cobra-liquid-edition-2023-1\/#primaryimage","url":"https:\/\/revolutionpadelstore.com\/wp-content\/uploads\/2024\/04\/105294-P-0-4.jpg","contentUrl":"https:\/\/revolutionpadelstore.com\/wp-content\/uploads\/2024\/04\/105294-P-0-4.jpg","width":1000,"height":1000},{"@type":"BreadcrumbList","@id":"https:\/\/revolutionpadelstore.com\/de\/produkt\/vibor-a-king-cobra-liquid-edition-2023-1\/#breadcrumb","itemListElement":[{"@type":"ListItem","position":1,"name":"Portada","item":"https:\/\/revolutionpadelstore.com\/de\/"},{"@type":"ListItem","position":2,"name":"Shop","item":"https:\/\/revolutionpadelstore.com\/de\/tienda\/"},{"@type":"ListItem","position":3,"name":"VIBOR-A KING COBRA LIQUID EDITION 2023"}]},{"@type":"WebSite","@id":"https:\/\/revolutionpadelstore.com\/de\/#website","url":"https:\/\/revolutionpadelstore.com\/de\/","name":"Revolution Padel Store","description":"","publisher":{"@id":"https:\/\/revolutionpadelstore.com\/de\/#organization"},"potentialAction":[{"@type":"SearchAction","target":{"@type":"EntryPoint","urlTemplate":"https:\/\/revolutionpadelstore.com\/de\/?s={search_term_string}"},"query-input":{"@type":"PropertyValueSpecification","valueRequired":true,"valueName":"search_term_string"}}],"inLanguage":"de"},{"@type":"Organization","@id":"https:\/\/revolutionpadelstore.com\/de\/#organization","name":"Revolution Padel Store","url":"https:\/\/revolutionpadelstore.com\/de\/","logo":{"@type":"ImageObject","inLanguage":"de","@id":"https:\/\/revolutionpadelstore.com\/de\/#\/schema\/logo\/image\/","url":"https:\/\/revolutionpadelstore.com\/wp-content\/uploads\/2026\/02\/revolution-padel-store.jpg","contentUrl":"https:\/\/revolutionpadelstore.com\/wp-content\/uploads\/2026\/02\/revolution-padel-store.jpg","width":2000,"height":2000,"caption":"Revolution Padel Store"},"image":{"@id":"https:\/\/revolutionpadelstore.com\/de\/#\/schema\/logo\/image\/"},"sameAs":["https:\/\/www.instagram.com\/revolutionpadelstore\/"]}]}},"_links":{"self":[{"href":"https:\/\/revolutionpadelstore.com\/de\/wp-json\/wp\/v2\/product\/13661","targetHints":{"allow":["GET"]}}],"collection":[{"href":"https:\/\/revolutionpadelstore.com\/de\/wp-json\/wp\/v2\/product"}],"about":[{"href":"https:\/\/revolutionpadelstore.com\/de\/wp-json\/wp\/v2\/types\/product"}],"replies":[{"embeddable":true,"href":"https:\/\/revolutionpadelstore.com\/de\/wp-json\/wp\/v2\/comments?post=13661"}],"wp:featuredmedia":[{"embeddable":true,"href":"https:\/\/revolutionpadelstore.com\/de\/wp-json\/wp\/v2\/media\/7433"}],"wp:attachment":[{"href":"https:\/\/revolutionpadelstore.com\/de\/wp-json\/wp\/v2\/media?parent=13661"}],"wp:term":[{"taxonomy":"acabado","embeddable":true,"href":"https:\/\/revolutionpadelstore.com\/de\/wp-json\/wp\/v2\/acabado?post=13661"},{"taxonomy":"balance","embeddable":true,"href":"https:\/\/revolutionpadelstore.com\/de\/wp-json\/wp\/v2\/balance?post=13661"},{"taxonomy":"dureza","embeddable":true,"href":"https:\/\/revolutionpadelstore.com\/de\/wp-json\/wp\/v2\/dureza?post=13661"},{"taxonomy":"forma","embeddable":true,"href":"https:\/\/revolutionpadelstore.com\/de\/wp-json\/wp\/v2\/forma?post=13661"},{"taxonomy":"jugador","embeddable":true,"href":"https:\/\/revolutionpadelstore.com\/de\/wp-json\/wp\/v2\/jugador?post=13661"},{"taxonomy":"marca","embeddable":true,"href":"https:\/\/revolutionpadelstore.com\/de\/wp-json\/wp\/v2\/marca?post=13661"},{"taxonomy":"nivel-de-juego","embeddable":true,"href":"https:\/\/revolutionpadelstore.com\/de\/wp-json\/wp\/v2\/nivel-de-juego?post=13661"},{"taxonomy":"superficie","embeddable":true,"href":"https:\/\/revolutionpadelstore.com\/de\/wp-json\/wp\/v2\/superficie?post=13661"},{"taxonomy":"tipo-de-juego","embeddable":true,"href":"https:\/\/revolutionpadelstore.com\/de\/wp-json\/wp\/v2\/tipo-de-juego?post=13661"},{"taxonomy":"product_brand","embeddable":true,"href":"https:\/\/revolutionpadelstore.com\/de\/wp-json\/wp\/v2\/product_brand?post=13661"},{"taxonomy":"product_cat","embeddable":true,"href":"https:\/\/revolutionpadelstore.com\/de\/wp-json\/wp\/v2\/product_cat?post=13661"},{"taxonomy":"product_tag","embeddable":true,"href":"https:\/\/revolutionpadelstore.com\/de\/wp-json\/wp\/v2\/product_tag?post=13661"}],"curies":[{"name":"wp","href":"https:\/\/api.w.org\/{rel}","templated":true}]}}