{"id":13656,"date":"2024-04-22T15:25:28","date_gmt":"2024-04-22T13:25:28","guid":{"rendered":"https:\/\/revolutionpadelstore.com\/vibor-a-taipan-liquid-edition-2023\/"},"modified":"2026-04-08T11:31:08","modified_gmt":"2026-04-08T09:31:08","slug":"vibor-a-taipan-liquid-edition-2023-1","status":"publish","type":"product","link":"https:\/\/revolutionpadelstore.com\/de\/produkt\/vibor-a-taipan-liquid-edition-2023-1\/","title":{"rendered":"VIBOR-A TAIPAN LIQUID EDITION 2023"},"content":{"rendered":"<p>Erringen Sie den Sieg mit dem Padelschl\u00e4ger VIBOR-A TAIPAN LIQUID EDITION 2023 von Revolution Padel Store. In unserem Shop finden Sie die beste Auswahl an Produkten f\u00fcr Padel-Liebhaber, darunter den unglaublichen High-End-Schl\u00e4ger Vibor-a Taipan Liquid Edition 2023. Dieser Schl\u00e4ger wurde f\u00fcr Spieler mit hohem technischen Niveau entwickelt und bietet ein vielseitiges Spiel, das Ihnen dies erm\u00f6glicht Kontrolliere das Spielfeld und \u00fcberrasche mit kraftvollen und pr\u00e4zisen Schl\u00e4gen.<\/p>\n<p> Mit einem tropfenf\u00f6rmigen K\u00f6rper und mittlerer Balance begleitet Sie der Vibor-a Taipan Liquid Edition 2023 bei jeder Bewegung und erm\u00f6glicht Ihnen kraftvolle Schl\u00e4ge und die Arbeit an Ihrem Spiel mit tadelloser Pr\u00e4zision. Seine widerstandsf\u00e4hige 12K-Carbonstruktur macht ihn ideal f\u00fcr den Dauereinsatz und seine raue Oberfl\u00e4che sorgt f\u00fcr einen besseren Halt, um die Auswirkungen des Balls zu kontrollieren.<\/p>\n<p> Aber das ist noch nicht alles: Der Schl\u00e4ger verf\u00fcgt \u00fcber einen weichen EVA-Gummikern, der Ihnen bei jedem Schlag ein angenehmes Gef\u00fchl vermittelt und die H\u00e4rte der Oberfl\u00e4chen durch einen effizienten R\u00fcckprall ausgleicht. Mit einem Standardgewicht von 360 bis 375 Gramm und einem 38-mm-Profil ist dieser Schl\u00e4ger perfekt f\u00fcr alle, die Geschwindigkeit und Power auf dem Platz suchen.<\/p>\n<p> Im Revolution Padel Store sind wir stolz darauf, qualitativ hochwertige Produkte anzubieten, und die Vibor-a Taipan Liquid Edition 2023 bildet da keine Ausnahme. Mit seinem Design in Schwarz, Wei\u00df und Rot in mattem Finish sticht dieser Schl\u00e4ger nicht nur auf dem Platz hervor, sondern garantiert Ihnen auch ein hervorragendes Spielerlebnis.<\/p>\n<p> Verschwenden Sie keine Zeit mehr und holen Sie sich den Padelschl\u00e4ger Vibor-a Taipan Liquid Edition 2023 im Revolution Padel Store. Werden Sie zum gef\u00fcrchtetsten und angesehensten Spieler auf dem Platz!<\/p>\n","protected":false},"excerpt":{"rendered":"<p>Entdecken Sie den Padelschl\u00e4ger VIBOR-A TAIPAN LIQUID EDITION 2023 im Revolution Padel Store. Spitzentechnologie und Leistung f\u00fcr fortgeschrittene Spieler.<\/p>\n","protected":false},"featured_media":7439,"comment_status":"closed","ping_status":"open","template":"","meta":{"_acf_changed":false,"_joinchat":[]},"acabado":[],"balance":[],"dureza":[],"forma":[],"jugador":[1189,1199],"marca":[1249],"nivel-de-juego":[],"superficie":[],"tipo-de-juego":[],"product_brand":[],"product_cat":[299],"product_tag":[],"class_list":{"0":"post-13656","1":"product","2":"type-product","3":"status-publish","4":"has-post-thumbnail","6":"jugador-mann","7":"jugador-mehrzweck","8":"marca-vibor-a-de","9":"product_cat-palas-de-padel-de","11":"first","12":"instock","13":"sale","14":"taxable","15":"shipping-taxable","16":"purchasable","17":"product-type-simple"},"acf":[],"yoast_head":"<!-- This site is optimized with the Yoast SEO plugin v27.4 - https:\/\/yoast.com\/product\/yoast-seo-wordpress\/ -->\n<title>VIBOR-A TAIPAN LIQUID EDITION 2023 - Revolution Padel Store<\/title>\n<meta name=\"description\" content=\"Descubre la pala de p\u00e1del VIBOR-A TAIPAN LIQUID EDITION 2023 en Revolution Padel Store. Alta tecnolog\u00eda y rendimiento para jugadores avanzados.\" \/>\n<meta name=\"robots\" content=\"index, follow, max-snippet:-1, max-image-preview:large, max-video-preview:-1\" \/>\n<link rel=\"canonical\" href=\"https:\/\/revolutionpadelstore.com\/de\/produkt\/vibor-a-taipan-liquid-edition-2023-1\/\" \/>\n<meta property=\"og:locale\" content=\"de_DE\" \/>\n<meta property=\"og:type\" content=\"article\" \/>\n<meta property=\"og:title\" content=\"VIBOR-A TAIPAN LIQUID EDITION 2023 - Revolution Padel Store\" \/>\n<meta property=\"og:description\" content=\"Descubre la pala de p\u00e1del VIBOR-A TAIPAN LIQUID EDITION 2023 en Revolution Padel Store. Alta tecnolog\u00eda y rendimiento para jugadores avanzados.\" \/>\n<meta property=\"og:url\" content=\"https:\/\/revolutionpadelstore.com\/de\/produkt\/vibor-a-taipan-liquid-edition-2023-1\/\" \/>\n<meta property=\"og:site_name\" content=\"Revolution Padel Store\" \/>\n<meta property=\"article:modified_time\" content=\"2026-04-08T09:31:08+00:00\" \/>\n<meta property=\"og:image\" content=\"https:\/\/revolutionpadelstore.com\/wp-content\/uploads\/2024\/04\/105296-P-0-4.jpg\" \/>\n\t<meta property=\"og:image:width\" content=\"1000\" \/>\n\t<meta property=\"og:image:height\" content=\"1000\" \/>\n\t<meta property=\"og:image:type\" content=\"image\/png\" \/>\n<meta name=\"twitter:card\" content=\"summary_large_image\" \/>\n<meta name=\"twitter:label1\" content=\"Gesch\u00e4tzte Lesezeit\" \/>\n\t<meta name=\"twitter:data1\" content=\"1\u00a0Minute\" \/>\n<script type=\"application\/ld+json\" class=\"yoast-schema-graph\">{\"@context\":\"https:\\\/\\\/schema.org\",\"@graph\":[{\"@type\":\"WebPage\",\"@id\":\"https:\\\/\\\/revolutionpadelstore.com\\\/de\\\/produkt\\\/vibor-a-taipan-liquid-edition-2023-1\\\/\",\"url\":\"https:\\\/\\\/revolutionpadelstore.com\\\/de\\\/produkt\\\/vibor-a-taipan-liquid-edition-2023-1\\\/\",\"name\":\"VIBOR-A TAIPAN LIQUID EDITION 2023 - Revolution Padel Store\",\"isPartOf\":{\"@id\":\"https:\\\/\\\/revolutionpadelstore.com\\\/de\\\/#website\"},\"primaryImageOfPage\":{\"@id\":\"https:\\\/\\\/revolutionpadelstore.com\\\/de\\\/produkt\\\/vibor-a-taipan-liquid-edition-2023-1\\\/#primaryimage\"},\"image\":{\"@id\":\"https:\\\/\\\/revolutionpadelstore.com\\\/de\\\/produkt\\\/vibor-a-taipan-liquid-edition-2023-1\\\/#primaryimage\"},\"thumbnailUrl\":\"https:\\\/\\\/revolutionpadelstore.com\\\/wp-content\\\/uploads\\\/2024\\\/04\\\/105296-P-0-4.jpg\",\"datePublished\":\"2024-04-22T13:25:28+00:00\",\"dateModified\":\"2026-04-08T09:31:08+00:00\",\"description\":\"Descubre la pala de p\u00e1del VIBOR-A TAIPAN LIQUID EDITION 2023 en Revolution Padel Store. Alta tecnolog\u00eda y rendimiento para jugadores avanzados.\",\"breadcrumb\":{\"@id\":\"https:\\\/\\\/revolutionpadelstore.com\\\/de\\\/produkt\\\/vibor-a-taipan-liquid-edition-2023-1\\\/#breadcrumb\"},\"inLanguage\":\"de\",\"potentialAction\":[{\"@type\":\"ReadAction\",\"target\":[\"https:\\\/\\\/revolutionpadelstore.com\\\/de\\\/produkt\\\/vibor-a-taipan-liquid-edition-2023-1\\\/\"]}]},{\"@type\":\"ImageObject\",\"inLanguage\":\"de\",\"@id\":\"https:\\\/\\\/revolutionpadelstore.com\\\/de\\\/produkt\\\/vibor-a-taipan-liquid-edition-2023-1\\\/#primaryimage\",\"url\":\"https:\\\/\\\/revolutionpadelstore.com\\\/wp-content\\\/uploads\\\/2024\\\/04\\\/105296-P-0-4.jpg\",\"contentUrl\":\"https:\\\/\\\/revolutionpadelstore.com\\\/wp-content\\\/uploads\\\/2024\\\/04\\\/105296-P-0-4.jpg\",\"width\":1000,\"height\":1000},{\"@type\":\"BreadcrumbList\",\"@id\":\"https:\\\/\\\/revolutionpadelstore.com\\\/de\\\/produkt\\\/vibor-a-taipan-liquid-edition-2023-1\\\/#breadcrumb\",\"itemListElement\":[{\"@type\":\"ListItem\",\"position\":1,\"name\":\"Portada\",\"item\":\"https:\\\/\\\/revolutionpadelstore.com\\\/de\\\/\"},{\"@type\":\"ListItem\",\"position\":2,\"name\":\"Shop\",\"item\":\"https:\\\/\\\/revolutionpadelstore.com\\\/de\\\/tienda\\\/\"},{\"@type\":\"ListItem\",\"position\":3,\"name\":\"VIBOR-A TAIPAN LIQUID EDITION 2023\"}]},{\"@type\":\"WebSite\",\"@id\":\"https:\\\/\\\/revolutionpadelstore.com\\\/de\\\/#website\",\"url\":\"https:\\\/\\\/revolutionpadelstore.com\\\/de\\\/\",\"name\":\"Revolution Padel Store\",\"description\":\"\",\"publisher\":{\"@id\":\"https:\\\/\\\/revolutionpadelstore.com\\\/de\\\/#organization\"},\"potentialAction\":[{\"@type\":\"SearchAction\",\"target\":{\"@type\":\"EntryPoint\",\"urlTemplate\":\"https:\\\/\\\/revolutionpadelstore.com\\\/de\\\/?s={search_term_string}\"},\"query-input\":{\"@type\":\"PropertyValueSpecification\",\"valueRequired\":true,\"valueName\":\"search_term_string\"}}],\"inLanguage\":\"de\"},{\"@type\":\"Organization\",\"@id\":\"https:\\\/\\\/revolutionpadelstore.com\\\/de\\\/#organization\",\"name\":\"Revolution Padel Store\",\"url\":\"https:\\\/\\\/revolutionpadelstore.com\\\/de\\\/\",\"logo\":{\"@type\":\"ImageObject\",\"inLanguage\":\"de\",\"@id\":\"https:\\\/\\\/revolutionpadelstore.com\\\/de\\\/#\\\/schema\\\/logo\\\/image\\\/\",\"url\":\"https:\\\/\\\/revolutionpadelstore.com\\\/wp-content\\\/uploads\\\/2026\\\/02\\\/revolution-padel-store.jpg\",\"contentUrl\":\"https:\\\/\\\/revolutionpadelstore.com\\\/wp-content\\\/uploads\\\/2026\\\/02\\\/revolution-padel-store.jpg\",\"width\":2000,\"height\":2000,\"caption\":\"Revolution Padel Store\"},\"image\":{\"@id\":\"https:\\\/\\\/revolutionpadelstore.com\\\/de\\\/#\\\/schema\\\/logo\\\/image\\\/\"},\"sameAs\":[\"https:\\\/\\\/www.instagram.com\\\/revolutionpadelstore\\\/\"]}]}<\/script>\n<!-- \/ Yoast SEO plugin. -->","yoast_head_json":{"title":"VIBOR-A TAIPAN LIQUID EDITION 2023 - Revolution Padel Store","description":"Descubre la pala de p\u00e1del VIBOR-A TAIPAN LIQUID EDITION 2023 en Revolution Padel Store. Alta tecnolog\u00eda y rendimiento para jugadores avanzados.","robots":{"index":"index","follow":"follow","max-snippet":"max-snippet:-1","max-image-preview":"max-image-preview:large","max-video-preview":"max-video-preview:-1"},"canonical":"https:\/\/revolutionpadelstore.com\/de\/produkt\/vibor-a-taipan-liquid-edition-2023-1\/","og_locale":"de_DE","og_type":"article","og_title":"VIBOR-A TAIPAN LIQUID EDITION 2023 - Revolution Padel Store","og_description":"Descubre la pala de p\u00e1del VIBOR-A TAIPAN LIQUID EDITION 2023 en Revolution Padel Store. Alta tecnolog\u00eda y rendimiento para jugadores avanzados.","og_url":"https:\/\/revolutionpadelstore.com\/de\/produkt\/vibor-a-taipan-liquid-edition-2023-1\/","og_site_name":"Revolution Padel Store","article_modified_time":"2026-04-08T09:31:08+00:00","og_image":[{"width":1000,"height":1000,"url":"https:\/\/revolutionpadelstore.com\/wp-content\/uploads\/2024\/04\/105296-P-0-4.jpg","type":"image\/png"}],"twitter_card":"summary_large_image","twitter_misc":{"Gesch\u00e4tzte Lesezeit":"1\u00a0Minute"},"schema":{"@context":"https:\/\/schema.org","@graph":[{"@type":"WebPage","@id":"https:\/\/revolutionpadelstore.com\/de\/produkt\/vibor-a-taipan-liquid-edition-2023-1\/","url":"https:\/\/revolutionpadelstore.com\/de\/produkt\/vibor-a-taipan-liquid-edition-2023-1\/","name":"VIBOR-A TAIPAN LIQUID EDITION 2023 - Revolution Padel Store","isPartOf":{"@id":"https:\/\/revolutionpadelstore.com\/de\/#website"},"primaryImageOfPage":{"@id":"https:\/\/revolutionpadelstore.com\/de\/produkt\/vibor-a-taipan-liquid-edition-2023-1\/#primaryimage"},"image":{"@id":"https:\/\/revolutionpadelstore.com\/de\/produkt\/vibor-a-taipan-liquid-edition-2023-1\/#primaryimage"},"thumbnailUrl":"https:\/\/revolutionpadelstore.com\/wp-content\/uploads\/2024\/04\/105296-P-0-4.jpg","datePublished":"2024-04-22T13:25:28+00:00","dateModified":"2026-04-08T09:31:08+00:00","description":"Descubre la pala de p\u00e1del VIBOR-A TAIPAN LIQUID EDITION 2023 en Revolution Padel Store. Alta tecnolog\u00eda y rendimiento para jugadores avanzados.","breadcrumb":{"@id":"https:\/\/revolutionpadelstore.com\/de\/produkt\/vibor-a-taipan-liquid-edition-2023-1\/#breadcrumb"},"inLanguage":"de","potentialAction":[{"@type":"ReadAction","target":["https:\/\/revolutionpadelstore.com\/de\/produkt\/vibor-a-taipan-liquid-edition-2023-1\/"]}]},{"@type":"ImageObject","inLanguage":"de","@id":"https:\/\/revolutionpadelstore.com\/de\/produkt\/vibor-a-taipan-liquid-edition-2023-1\/#primaryimage","url":"https:\/\/revolutionpadelstore.com\/wp-content\/uploads\/2024\/04\/105296-P-0-4.jpg","contentUrl":"https:\/\/revolutionpadelstore.com\/wp-content\/uploads\/2024\/04\/105296-P-0-4.jpg","width":1000,"height":1000},{"@type":"BreadcrumbList","@id":"https:\/\/revolutionpadelstore.com\/de\/produkt\/vibor-a-taipan-liquid-edition-2023-1\/#breadcrumb","itemListElement":[{"@type":"ListItem","position":1,"name":"Portada","item":"https:\/\/revolutionpadelstore.com\/de\/"},{"@type":"ListItem","position":2,"name":"Shop","item":"https:\/\/revolutionpadelstore.com\/de\/tienda\/"},{"@type":"ListItem","position":3,"name":"VIBOR-A TAIPAN LIQUID EDITION 2023"}]},{"@type":"WebSite","@id":"https:\/\/revolutionpadelstore.com\/de\/#website","url":"https:\/\/revolutionpadelstore.com\/de\/","name":"Revolution Padel Store","description":"","publisher":{"@id":"https:\/\/revolutionpadelstore.com\/de\/#organization"},"potentialAction":[{"@type":"SearchAction","target":{"@type":"EntryPoint","urlTemplate":"https:\/\/revolutionpadelstore.com\/de\/?s={search_term_string}"},"query-input":{"@type":"PropertyValueSpecification","valueRequired":true,"valueName":"search_term_string"}}],"inLanguage":"de"},{"@type":"Organization","@id":"https:\/\/revolutionpadelstore.com\/de\/#organization","name":"Revolution Padel Store","url":"https:\/\/revolutionpadelstore.com\/de\/","logo":{"@type":"ImageObject","inLanguage":"de","@id":"https:\/\/revolutionpadelstore.com\/de\/#\/schema\/logo\/image\/","url":"https:\/\/revolutionpadelstore.com\/wp-content\/uploads\/2026\/02\/revolution-padel-store.jpg","contentUrl":"https:\/\/revolutionpadelstore.com\/wp-content\/uploads\/2026\/02\/revolution-padel-store.jpg","width":2000,"height":2000,"caption":"Revolution Padel Store"},"image":{"@id":"https:\/\/revolutionpadelstore.com\/de\/#\/schema\/logo\/image\/"},"sameAs":["https:\/\/www.instagram.com\/revolutionpadelstore\/"]}]}},"_links":{"self":[{"href":"https:\/\/revolutionpadelstore.com\/de\/wp-json\/wp\/v2\/product\/13656","targetHints":{"allow":["GET"]}}],"collection":[{"href":"https:\/\/revolutionpadelstore.com\/de\/wp-json\/wp\/v2\/product"}],"about":[{"href":"https:\/\/revolutionpadelstore.com\/de\/wp-json\/wp\/v2\/types\/product"}],"replies":[{"embeddable":true,"href":"https:\/\/revolutionpadelstore.com\/de\/wp-json\/wp\/v2\/comments?post=13656"}],"wp:featuredmedia":[{"embeddable":true,"href":"https:\/\/revolutionpadelstore.com\/de\/wp-json\/wp\/v2\/media\/7439"}],"wp:attachment":[{"href":"https:\/\/revolutionpadelstore.com\/de\/wp-json\/wp\/v2\/media?parent=13656"}],"wp:term":[{"taxonomy":"acabado","embeddable":true,"href":"https:\/\/revolutionpadelstore.com\/de\/wp-json\/wp\/v2\/acabado?post=13656"},{"taxonomy":"balance","embeddable":true,"href":"https:\/\/revolutionpadelstore.com\/de\/wp-json\/wp\/v2\/balance?post=13656"},{"taxonomy":"dureza","embeddable":true,"href":"https:\/\/revolutionpadelstore.com\/de\/wp-json\/wp\/v2\/dureza?post=13656"},{"taxonomy":"forma","embeddable":true,"href":"https:\/\/revolutionpadelstore.com\/de\/wp-json\/wp\/v2\/forma?post=13656"},{"taxonomy":"jugador","embeddable":true,"href":"https:\/\/revolutionpadelstore.com\/de\/wp-json\/wp\/v2\/jugador?post=13656"},{"taxonomy":"marca","embeddable":true,"href":"https:\/\/revolutionpadelstore.com\/de\/wp-json\/wp\/v2\/marca?post=13656"},{"taxonomy":"nivel-de-juego","embeddable":true,"href":"https:\/\/revolutionpadelstore.com\/de\/wp-json\/wp\/v2\/nivel-de-juego?post=13656"},{"taxonomy":"superficie","embeddable":true,"href":"https:\/\/revolutionpadelstore.com\/de\/wp-json\/wp\/v2\/superficie?post=13656"},{"taxonomy":"tipo-de-juego","embeddable":true,"href":"https:\/\/revolutionpadelstore.com\/de\/wp-json\/wp\/v2\/tipo-de-juego?post=13656"},{"taxonomy":"product_brand","embeddable":true,"href":"https:\/\/revolutionpadelstore.com\/de\/wp-json\/wp\/v2\/product_brand?post=13656"},{"taxonomy":"product_cat","embeddable":true,"href":"https:\/\/revolutionpadelstore.com\/de\/wp-json\/wp\/v2\/product_cat?post=13656"},{"taxonomy":"product_tag","embeddable":true,"href":"https:\/\/revolutionpadelstore.com\/de\/wp-json\/wp\/v2\/product_tag?post=13656"}],"curies":[{"name":"wp","href":"https:\/\/api.w.org\/{rel}","templated":true}]}}