{"id":13541,"date":"2024-04-22T15:25:40","date_gmt":"2024-04-22T13:25:40","guid":{"rendered":"https:\/\/revolutionpadelstore.com\/paletero-siux-pro-tour-max-azul\/"},"modified":"2025-05-16T01:04:31","modified_gmt":"2025-05-15T23:04:31","slug":"paletero-siux-pro-tour-max-azul","status":"publish","type":"product","link":"https:\/\/revolutionpadelstore.com\/de\/produkt\/paletero-siux-pro-tour-max-azul\/","title":{"rendered":"PALETERO SIUX PRO TOUR MAX AZUL"},"content":{"rendered":"<p>Kaufen Sie die blaue Padel-Tasche Siux Pro Tour Max im Revolution Padel Store: das perfekte Zubeh\u00f6r, um Ihre Padel-Ausr\u00fcstung bequem und stilvoll aufzubewahren und zu transportieren. In unserem Shop Revolution Padel Store finden Sie die blaue Padel-Tasche Siux Pro Tour Max, ein unverzichtbares Accessoire f\u00fcr alle Padel-Liebhaber.<\/p>\n<p> Diese Padelschl\u00e4gertasche ist sowohl f\u00fcr M\u00e4nner als auch f\u00fcr Frauen ideal, da sie aus hochwertigen synthetischen Materialien wie widerstandsf\u00e4higem Polyester gefertigt ist, was auch bei intensiver Nutzung eine lange Haltbarkeit garantiert.<\/p>\n<p> Einer der Hauptvorteile dieser Padelschl\u00e4gertasche ist ihr gro\u00dfer Innenraum mit speziellen F\u00e4chern, in denen Sie Ihre gesamte Padelausr\u00fcstung ordentlich organisieren und aufbewahren k\u00f6nnen. Im Mittelteil finden Sie ausreichend Platz f\u00fcr Ihre pers\u00f6nlichen Gegenst\u00e4nde, w\u00e4hrend an den Seiten Rei\u00dfverschlusstaschen f\u00fcr erg\u00e4nzende Accessoires vorhanden sind.<\/p>\n<p> Dar\u00fcber hinaus verf\u00fcgt es oben \u00fcber eine praktische Rei\u00dfverschlusstasche, perfekt f\u00fcr die Aufbewahrung kleinerer pers\u00f6nlicher Gegenst\u00e4nde wie Schl\u00fcssel, Geldb\u00f6rse oder Handy. Und um das Tragen noch komfortabler zu gestalten, verf\u00fcgt es \u00fcber zwei verstellbare und gepolsterte Tr\u00e4ger, die im Schulterbereich platziert sind, sowie eine gepolsterte R\u00fcckseite f\u00fcr mehr Komfort.<\/p>\n<p> Warten Sie nicht l\u00e4nger und kaufen Sie die blaue Padel-Tasche Siux Pro Tour Max jetzt im Revolution Padel Store, Ihrem vertrauensw\u00fcrdigen Gesch\u00e4ft f\u00fcr Padel-Artikel. Mit ihrer schwarzen Basis und den blauen Details ist diese Padelschl\u00e4gertasche nicht nur funktional, sondern zeichnet sich auch durch ihren modernen Stil und Design aus. Holen Sie es sich und nehmen Sie Ihre Padel-Ausr\u00fcstung bequem und stilvoll \u00fcberall hin mit!<\/p>\n","protected":false},"excerpt":{"rendered":"<p>Entdecken Sie die blaue Padel-Tasche Siux Pro Tour Max im Revolution Padel Store, ideal f\u00fcr die ordentliche Aufbewahrung Ihrer Padel-Ausr\u00fcstung.<\/p>\n","protected":false},"featured_media":35324,"comment_status":"closed","ping_status":"closed","template":"","meta":{"_acf_changed":false,"_joinchat":[]},"acabado":[],"balance":[],"dureza":[],"forma":[],"jugador":[],"marca":[1304],"nivel-de-juego":[],"superficie":[],"tipo-de-juego":[],"product_brand":[],"product_cat":[358],"product_tag":[],"class_list":{"0":"post-13541","1":"product","2":"type-product","3":"status-publish","4":"has-post-thumbnail","6":"marca-siux-de","7":"product_cat-schlagertaschen-und-rucksacke","9":"first","10":"outofstock","11":"sale","12":"taxable","13":"shipping-taxable","14":"purchasable","15":"product-type-simple"},"acf":[],"yoast_head":"<!-- This site is optimized with the Yoast SEO plugin v27.4 - https:\/\/yoast.com\/product\/yoast-seo-wordpress\/ -->\n<title>PALETERO SIUX PRO TOUR MAX AZUL - Revolution Padel Store<\/title>\n<meta name=\"description\" content=\"Descubre el paletero Siux Pro Tour Max azul en Revolution Padel Store, ideal para guardar tu equipo de p\u00e1del de forma ordenada.\" \/>\n<meta name=\"robots\" content=\"index, follow, max-snippet:-1, max-image-preview:large, max-video-preview:-1\" \/>\n<link rel=\"canonical\" href=\"https:\/\/revolutionpadelstore.com\/de\/produkt\/paletero-siux-pro-tour-max-azul\/\" \/>\n<meta property=\"og:locale\" content=\"de_DE\" \/>\n<meta property=\"og:type\" content=\"article\" \/>\n<meta property=\"og:title\" content=\"PALETERO SIUX PRO TOUR MAX AZUL - Revolution Padel Store\" \/>\n<meta property=\"og:description\" content=\"Descubre el paletero Siux Pro Tour Max azul en Revolution Padel Store, ideal para guardar tu equipo de p\u00e1del de forma ordenada.\" \/>\n<meta property=\"og:url\" content=\"https:\/\/revolutionpadelstore.com\/de\/produkt\/paletero-siux-pro-tour-max-azul\/\" \/>\n<meta property=\"og:site_name\" content=\"Revolution Padel Store\" \/>\n<meta property=\"article:modified_time\" content=\"2025-05-15T23:04:31+00:00\" \/>\n<meta property=\"og:image\" content=\"https:\/\/revolutionpadelstore.com\/wp-content\/uploads\/2024\/04\/23440-P-0-4.jpg\" \/>\n\t<meta property=\"og:image:width\" content=\"1200\" \/>\n\t<meta property=\"og:image:height\" content=\"1200\" \/>\n\t<meta property=\"og:image:type\" content=\"image\/png\" \/>\n<meta name=\"twitter:card\" content=\"summary_large_image\" \/>\n<meta name=\"twitter:label1\" content=\"Gesch\u00e4tzte Lesezeit\" \/>\n\t<meta name=\"twitter:data1\" content=\"1\u00a0Minute\" \/>\n<script type=\"application\/ld+json\" class=\"yoast-schema-graph\">{\"@context\":\"https:\\\/\\\/schema.org\",\"@graph\":[{\"@type\":\"WebPage\",\"@id\":\"https:\\\/\\\/revolutionpadelstore.com\\\/de\\\/produkt\\\/paletero-siux-pro-tour-max-azul\\\/\",\"url\":\"https:\\\/\\\/revolutionpadelstore.com\\\/de\\\/produkt\\\/paletero-siux-pro-tour-max-azul\\\/\",\"name\":\"PALETERO SIUX PRO TOUR MAX AZUL - Revolution Padel Store\",\"isPartOf\":{\"@id\":\"https:\\\/\\\/revolutionpadelstore.com\\\/de\\\/#website\"},\"primaryImageOfPage\":{\"@id\":\"https:\\\/\\\/revolutionpadelstore.com\\\/de\\\/produkt\\\/paletero-siux-pro-tour-max-azul\\\/#primaryimage\"},\"image\":{\"@id\":\"https:\\\/\\\/revolutionpadelstore.com\\\/de\\\/produkt\\\/paletero-siux-pro-tour-max-azul\\\/#primaryimage\"},\"thumbnailUrl\":\"https:\\\/\\\/revolutionpadelstore.com\\\/wp-content\\\/uploads\\\/2024\\\/04\\\/23440-P-0-4.jpg\",\"datePublished\":\"2024-04-22T13:25:40+00:00\",\"dateModified\":\"2025-05-15T23:04:31+00:00\",\"description\":\"Descubre el paletero Siux Pro Tour Max azul en Revolution Padel Store, ideal para guardar tu equipo de p\u00e1del de forma ordenada.\",\"breadcrumb\":{\"@id\":\"https:\\\/\\\/revolutionpadelstore.com\\\/de\\\/produkt\\\/paletero-siux-pro-tour-max-azul\\\/#breadcrumb\"},\"inLanguage\":\"de\",\"potentialAction\":[{\"@type\":\"ReadAction\",\"target\":[\"https:\\\/\\\/revolutionpadelstore.com\\\/de\\\/produkt\\\/paletero-siux-pro-tour-max-azul\\\/\"]}]},{\"@type\":\"ImageObject\",\"inLanguage\":\"de\",\"@id\":\"https:\\\/\\\/revolutionpadelstore.com\\\/de\\\/produkt\\\/paletero-siux-pro-tour-max-azul\\\/#primaryimage\",\"url\":\"https:\\\/\\\/revolutionpadelstore.com\\\/wp-content\\\/uploads\\\/2024\\\/04\\\/23440-P-0-4.jpg\",\"contentUrl\":\"https:\\\/\\\/revolutionpadelstore.com\\\/wp-content\\\/uploads\\\/2024\\\/04\\\/23440-P-0-4.jpg\",\"width\":1200,\"height\":1200},{\"@type\":\"BreadcrumbList\",\"@id\":\"https:\\\/\\\/revolutionpadelstore.com\\\/de\\\/produkt\\\/paletero-siux-pro-tour-max-azul\\\/#breadcrumb\",\"itemListElement\":[{\"@type\":\"ListItem\",\"position\":1,\"name\":\"Portada\",\"item\":\"https:\\\/\\\/revolutionpadelstore.com\\\/de\\\/\"},{\"@type\":\"ListItem\",\"position\":2,\"name\":\"Shop\",\"item\":\"https:\\\/\\\/revolutionpadelstore.com\\\/de\\\/tienda\\\/\"},{\"@type\":\"ListItem\",\"position\":3,\"name\":\"PALETERO SIUX PRO TOUR MAX AZUL\"}]},{\"@type\":\"WebSite\",\"@id\":\"https:\\\/\\\/revolutionpadelstore.com\\\/de\\\/#website\",\"url\":\"https:\\\/\\\/revolutionpadelstore.com\\\/de\\\/\",\"name\":\"Revolution Padel Store\",\"description\":\"\",\"publisher\":{\"@id\":\"https:\\\/\\\/revolutionpadelstore.com\\\/de\\\/#organization\"},\"potentialAction\":[{\"@type\":\"SearchAction\",\"target\":{\"@type\":\"EntryPoint\",\"urlTemplate\":\"https:\\\/\\\/revolutionpadelstore.com\\\/de\\\/?s={search_term_string}\"},\"query-input\":{\"@type\":\"PropertyValueSpecification\",\"valueRequired\":true,\"valueName\":\"search_term_string\"}}],\"inLanguage\":\"de\"},{\"@type\":\"Organization\",\"@id\":\"https:\\\/\\\/revolutionpadelstore.com\\\/de\\\/#organization\",\"name\":\"Revolution Padel Store\",\"url\":\"https:\\\/\\\/revolutionpadelstore.com\\\/de\\\/\",\"logo\":{\"@type\":\"ImageObject\",\"inLanguage\":\"de\",\"@id\":\"https:\\\/\\\/revolutionpadelstore.com\\\/de\\\/#\\\/schema\\\/logo\\\/image\\\/\",\"url\":\"https:\\\/\\\/revolutionpadelstore.com\\\/wp-content\\\/uploads\\\/2026\\\/02\\\/revolution-padel-store.jpg\",\"contentUrl\":\"https:\\\/\\\/revolutionpadelstore.com\\\/wp-content\\\/uploads\\\/2026\\\/02\\\/revolution-padel-store.jpg\",\"width\":2000,\"height\":2000,\"caption\":\"Revolution Padel Store\"},\"image\":{\"@id\":\"https:\\\/\\\/revolutionpadelstore.com\\\/de\\\/#\\\/schema\\\/logo\\\/image\\\/\"},\"sameAs\":[\"https:\\\/\\\/www.instagram.com\\\/revolutionpadelstore\\\/\"]}]}<\/script>\n<!-- \/ Yoast SEO plugin. -->","yoast_head_json":{"title":"PALETERO SIUX PRO TOUR MAX AZUL - Revolution Padel Store","description":"Descubre el paletero Siux Pro Tour Max azul en Revolution Padel Store, ideal para guardar tu equipo de p\u00e1del de forma ordenada.","robots":{"index":"index","follow":"follow","max-snippet":"max-snippet:-1","max-image-preview":"max-image-preview:large","max-video-preview":"max-video-preview:-1"},"canonical":"https:\/\/revolutionpadelstore.com\/de\/produkt\/paletero-siux-pro-tour-max-azul\/","og_locale":"de_DE","og_type":"article","og_title":"PALETERO SIUX PRO TOUR MAX AZUL - Revolution Padel Store","og_description":"Descubre el paletero Siux Pro Tour Max azul en Revolution Padel Store, ideal para guardar tu equipo de p\u00e1del de forma ordenada.","og_url":"https:\/\/revolutionpadelstore.com\/de\/produkt\/paletero-siux-pro-tour-max-azul\/","og_site_name":"Revolution Padel Store","article_modified_time":"2025-05-15T23:04:31+00:00","og_image":[{"width":1200,"height":1200,"url":"https:\/\/revolutionpadelstore.com\/wp-content\/uploads\/2024\/04\/23440-P-0-4.jpg","type":"image\/png"}],"twitter_card":"summary_large_image","twitter_misc":{"Gesch\u00e4tzte Lesezeit":"1\u00a0Minute"},"schema":{"@context":"https:\/\/schema.org","@graph":[{"@type":"WebPage","@id":"https:\/\/revolutionpadelstore.com\/de\/produkt\/paletero-siux-pro-tour-max-azul\/","url":"https:\/\/revolutionpadelstore.com\/de\/produkt\/paletero-siux-pro-tour-max-azul\/","name":"PALETERO SIUX PRO TOUR MAX AZUL - Revolution Padel Store","isPartOf":{"@id":"https:\/\/revolutionpadelstore.com\/de\/#website"},"primaryImageOfPage":{"@id":"https:\/\/revolutionpadelstore.com\/de\/produkt\/paletero-siux-pro-tour-max-azul\/#primaryimage"},"image":{"@id":"https:\/\/revolutionpadelstore.com\/de\/produkt\/paletero-siux-pro-tour-max-azul\/#primaryimage"},"thumbnailUrl":"https:\/\/revolutionpadelstore.com\/wp-content\/uploads\/2024\/04\/23440-P-0-4.jpg","datePublished":"2024-04-22T13:25:40+00:00","dateModified":"2025-05-15T23:04:31+00:00","description":"Descubre el paletero Siux Pro Tour Max azul en Revolution Padel Store, ideal para guardar tu equipo de p\u00e1del de forma ordenada.","breadcrumb":{"@id":"https:\/\/revolutionpadelstore.com\/de\/produkt\/paletero-siux-pro-tour-max-azul\/#breadcrumb"},"inLanguage":"de","potentialAction":[{"@type":"ReadAction","target":["https:\/\/revolutionpadelstore.com\/de\/produkt\/paletero-siux-pro-tour-max-azul\/"]}]},{"@type":"ImageObject","inLanguage":"de","@id":"https:\/\/revolutionpadelstore.com\/de\/produkt\/paletero-siux-pro-tour-max-azul\/#primaryimage","url":"https:\/\/revolutionpadelstore.com\/wp-content\/uploads\/2024\/04\/23440-P-0-4.jpg","contentUrl":"https:\/\/revolutionpadelstore.com\/wp-content\/uploads\/2024\/04\/23440-P-0-4.jpg","width":1200,"height":1200},{"@type":"BreadcrumbList","@id":"https:\/\/revolutionpadelstore.com\/de\/produkt\/paletero-siux-pro-tour-max-azul\/#breadcrumb","itemListElement":[{"@type":"ListItem","position":1,"name":"Portada","item":"https:\/\/revolutionpadelstore.com\/de\/"},{"@type":"ListItem","position":2,"name":"Shop","item":"https:\/\/revolutionpadelstore.com\/de\/tienda\/"},{"@type":"ListItem","position":3,"name":"PALETERO SIUX PRO TOUR MAX AZUL"}]},{"@type":"WebSite","@id":"https:\/\/revolutionpadelstore.com\/de\/#website","url":"https:\/\/revolutionpadelstore.com\/de\/","name":"Revolution Padel Store","description":"","publisher":{"@id":"https:\/\/revolutionpadelstore.com\/de\/#organization"},"potentialAction":[{"@type":"SearchAction","target":{"@type":"EntryPoint","urlTemplate":"https:\/\/revolutionpadelstore.com\/de\/?s={search_term_string}"},"query-input":{"@type":"PropertyValueSpecification","valueRequired":true,"valueName":"search_term_string"}}],"inLanguage":"de"},{"@type":"Organization","@id":"https:\/\/revolutionpadelstore.com\/de\/#organization","name":"Revolution Padel Store","url":"https:\/\/revolutionpadelstore.com\/de\/","logo":{"@type":"ImageObject","inLanguage":"de","@id":"https:\/\/revolutionpadelstore.com\/de\/#\/schema\/logo\/image\/","url":"https:\/\/revolutionpadelstore.com\/wp-content\/uploads\/2026\/02\/revolution-padel-store.jpg","contentUrl":"https:\/\/revolutionpadelstore.com\/wp-content\/uploads\/2026\/02\/revolution-padel-store.jpg","width":2000,"height":2000,"caption":"Revolution Padel Store"},"image":{"@id":"https:\/\/revolutionpadelstore.com\/de\/#\/schema\/logo\/image\/"},"sameAs":["https:\/\/www.instagram.com\/revolutionpadelstore\/"]}]}},"_links":{"self":[{"href":"https:\/\/revolutionpadelstore.com\/de\/wp-json\/wp\/v2\/product\/13541","targetHints":{"allow":["GET"]}}],"collection":[{"href":"https:\/\/revolutionpadelstore.com\/de\/wp-json\/wp\/v2\/product"}],"about":[{"href":"https:\/\/revolutionpadelstore.com\/de\/wp-json\/wp\/v2\/types\/product"}],"replies":[{"embeddable":true,"href":"https:\/\/revolutionpadelstore.com\/de\/wp-json\/wp\/v2\/comments?post=13541"}],"wp:featuredmedia":[{"embeddable":true,"href":"https:\/\/revolutionpadelstore.com\/de\/wp-json\/wp\/v2\/media\/35324"}],"wp:attachment":[{"href":"https:\/\/revolutionpadelstore.com\/de\/wp-json\/wp\/v2\/media?parent=13541"}],"wp:term":[{"taxonomy":"acabado","embeddable":true,"href":"https:\/\/revolutionpadelstore.com\/de\/wp-json\/wp\/v2\/acabado?post=13541"},{"taxonomy":"balance","embeddable":true,"href":"https:\/\/revolutionpadelstore.com\/de\/wp-json\/wp\/v2\/balance?post=13541"},{"taxonomy":"dureza","embeddable":true,"href":"https:\/\/revolutionpadelstore.com\/de\/wp-json\/wp\/v2\/dureza?post=13541"},{"taxonomy":"forma","embeddable":true,"href":"https:\/\/revolutionpadelstore.com\/de\/wp-json\/wp\/v2\/forma?post=13541"},{"taxonomy":"jugador","embeddable":true,"href":"https:\/\/revolutionpadelstore.com\/de\/wp-json\/wp\/v2\/jugador?post=13541"},{"taxonomy":"marca","embeddable":true,"href":"https:\/\/revolutionpadelstore.com\/de\/wp-json\/wp\/v2\/marca?post=13541"},{"taxonomy":"nivel-de-juego","embeddable":true,"href":"https:\/\/revolutionpadelstore.com\/de\/wp-json\/wp\/v2\/nivel-de-juego?post=13541"},{"taxonomy":"superficie","embeddable":true,"href":"https:\/\/revolutionpadelstore.com\/de\/wp-json\/wp\/v2\/superficie?post=13541"},{"taxonomy":"tipo-de-juego","embeddable":true,"href":"https:\/\/revolutionpadelstore.com\/de\/wp-json\/wp\/v2\/tipo-de-juego?post=13541"},{"taxonomy":"product_brand","embeddable":true,"href":"https:\/\/revolutionpadelstore.com\/de\/wp-json\/wp\/v2\/product_brand?post=13541"},{"taxonomy":"product_cat","embeddable":true,"href":"https:\/\/revolutionpadelstore.com\/de\/wp-json\/wp\/v2\/product_cat?post=13541"},{"taxonomy":"product_tag","embeddable":true,"href":"https:\/\/revolutionpadelstore.com\/de\/wp-json\/wp\/v2\/product_tag?post=13541"}],"curies":[{"name":"wp","href":"https:\/\/api.w.org\/{rel}","templated":true}]}}