{"id":130025,"date":"2024-11-28T20:45:56","date_gmt":"2024-11-28T19:45:56","guid":{"rendered":"https:\/\/revolutionpadelstore.com\/asics-gel-resolution-9-clay-rosa-mujer\/"},"modified":"2026-04-08T09:55:04","modified_gmt":"2026-04-08T07:55:04","slug":"asics-gel-resolution-9-clay-rosa-mujer-1","status":"publish","type":"product","link":"https:\/\/revolutionpadelstore.com\/de\/produkt\/asics-gel-resolution-9-clay-rosa-mujer-1\/","title":{"rendered":"ASICS GEL RESOLUTION 9 CLAY ROSA MUJER"},"content":{"rendered":"<p><H2> ASICS Gel-Aufl\u00f6sung 9 Clay Frau Ros Ros<br \/>\nASICS Clay 9 Clay Gel -Sneakers sind f\u00fcr aktive Frauen ausgelegt, die nach komfortablen, leichten und hervorragenden Unterst\u00fctzung, Stabilit\u00e4t und D\u00e4mpfung suchen. Dieses Modell soll weiche, schnelle und stabile \u00dcberg\u00e4nge bieten, sodass die gesamte Spur leicht abdecken kann.<\/p>\n<p>Die Sohle, vollst\u00e4ndig und mit einem Spitzenmuster, verbessert den Griff und vermeidet die Ansammlung von Sand, was die Traktion optimiert. Es ist ideal f\u00fcr geschlagene und paddelnde Bodenspuren und besteht aus Ahaplus -Gummi, einem haltbaren Material, das den Verschlei\u00dffestigkeit erh\u00f6ht und die Leichtigkeit aufrechterh\u00e4lt.<\/p>\n<p>Zu den Technologien der L\u00f6sung 9 ASICS geh\u00f6ren:<\/p>\n<p> <strong> -Dynawrap <\/strong>, was eine feste und komfortable Unterst\u00fctzung bei lateralen Verschiebungen bietet und die Stabilit\u00e4t verbessert.<br \/>\n<P> <strong> -DynaFit <\/strong> oben garantiert eine perfekte Anpassung am Fu\u00df<\/p>\n<p> <strong> -Puard <\/strong> auf dem Zeh, was gef\u00e4hrdete Bereiche verst\u00e4rkt und die Haltbarkeit erh\u00f6ht, indem sie dem Verschlei\u00df aufgrund von Abrieb widerstehen.<\/p>\n<p> <strong> -Dynawall <\/strong>, was die Stabilit\u00e4t in lateralen Bewegungen verbessert und schnelle Verschiebungen vom Boden der Spur erleichtert.<\/p>\n<p> <strong> -Dhe Gel p&gt;<\/p>\n","protected":false},"excerpt":{"rendered":"<p>Padelschuhe f\u00fcr Frauen mit Spike -Sohle aus Gummi -Aharplus f\u00fcr mehr Verschlei\u00dffestigkeit und Beweglichkeit. Sto\u00dfd\u00e4mpfer und weiche \u00dcberg\u00e4nge.<\/p>\n","protected":false},"featured_media":129982,"comment_status":"open","ping_status":"closed","template":"","meta":{"_acf_changed":false,"_joinchat":[]},"acabado":[],"balance":[],"dureza":[],"forma":[],"jugador":[1194],"marca":[1324],"nivel-de-juego":[],"superficie":[],"tipo-de-juego":[],"product_brand":[],"product_cat":[831],"product_tag":[],"class_list":{"0":"post-130025","1":"product","2":"type-product","3":"status-publish","4":"has-post-thumbnail","6":"jugador-frau","7":"marca-asics-de","8":"product_cat-turnschuhe","10":"first","11":"outofstock","12":"sale","13":"taxable","14":"shipping-taxable","15":"purchasable","16":"product-type-variable"},"acf":[],"yoast_head":"<!-- This site is optimized with the Yoast SEO plugin v27.4 - https:\/\/yoast.com\/product\/yoast-seo-wordpress\/ -->\n<title>ASICS GEL RESOLUTION 9 CLAY ROSA MUJER - Revolution Padel Store<\/title>\n<meta name=\"description\" content=\"Las zapatillas Gel Resolution 9 Clay de Asics est\u00e1n dise\u00f1adas para mujeres activas que buscan un calzado c\u00f3modo, ligero y con excelente sujeci\u00f3n, estabilidad y amortiguaci\u00f3n. Este modelo est\u00e1 pensado para ofrecer transiciones suaves, r\u00e1pidas y estables, permitiendo cubrir toda la pista con facilidad.\" \/>\n<meta name=\"robots\" content=\"index, follow, max-snippet:-1, max-image-preview:large, max-video-preview:-1\" \/>\n<link rel=\"canonical\" href=\"https:\/\/revolutionpadelstore.com\/de\/produkt\/asics-gel-resolution-9-clay-rosa-mujer-1\/\" \/>\n<meta property=\"og:locale\" content=\"de_DE\" \/>\n<meta property=\"og:type\" content=\"article\" \/>\n<meta property=\"og:title\" content=\"ASICS GEL RESOLUTION 9 CLAY ROSA MUJER - Revolution Padel Store\" \/>\n<meta property=\"og:description\" content=\"Las zapatillas Gel Resolution 9 Clay de Asics est\u00e1n dise\u00f1adas para mujeres activas que buscan un calzado c\u00f3modo, ligero y con excelente sujeci\u00f3n, estabilidad y amortiguaci\u00f3n. Este modelo est\u00e1 pensado para ofrecer transiciones suaves, r\u00e1pidas y estables, permitiendo cubrir toda la pista con facilidad.\" \/>\n<meta property=\"og:url\" content=\"https:\/\/revolutionpadelstore.com\/de\/produkt\/asics-gel-resolution-9-clay-rosa-mujer-1\/\" \/>\n<meta property=\"og:site_name\" content=\"Revolution Padel Store\" \/>\n<meta property=\"article:modified_time\" content=\"2026-04-08T07:55:04+00:00\" \/>\n<meta property=\"og:image\" content=\"https:\/\/revolutionpadelstore.com\/wp-content\/uploads\/2024\/11\/112831_zapatillas_asics_gel_resolution_9_clay_1042a224_701_mujer_1500x1500_1_ff29.webp\" \/>\n\t<meta property=\"og:image:width\" content=\"1500\" \/>\n\t<meta property=\"og:image:height\" content=\"1500\" \/>\n\t<meta property=\"og:image:type\" content=\"image\/webp\" \/>\n<meta name=\"twitter:card\" content=\"summary_large_image\" \/>\n<meta name=\"twitter:label1\" content=\"Gesch\u00e4tzte Lesezeit\" \/>\n\t<meta name=\"twitter:data1\" content=\"2\u00a0Minuten\" \/>\n<script type=\"application\/ld+json\" class=\"yoast-schema-graph\">{\"@context\":\"https:\\\/\\\/schema.org\",\"@graph\":[{\"@type\":\"WebPage\",\"@id\":\"https:\\\/\\\/revolutionpadelstore.com\\\/de\\\/produkt\\\/asics-gel-resolution-9-clay-rosa-mujer-1\\\/\",\"url\":\"https:\\\/\\\/revolutionpadelstore.com\\\/de\\\/produkt\\\/asics-gel-resolution-9-clay-rosa-mujer-1\\\/\",\"name\":\"ASICS GEL RESOLUTION 9 CLAY ROSA MUJER - Revolution Padel Store\",\"isPartOf\":{\"@id\":\"https:\\\/\\\/revolutionpadelstore.com\\\/de\\\/#website\"},\"primaryImageOfPage\":{\"@id\":\"https:\\\/\\\/revolutionpadelstore.com\\\/de\\\/produkt\\\/asics-gel-resolution-9-clay-rosa-mujer-1\\\/#primaryimage\"},\"image\":{\"@id\":\"https:\\\/\\\/revolutionpadelstore.com\\\/de\\\/produkt\\\/asics-gel-resolution-9-clay-rosa-mujer-1\\\/#primaryimage\"},\"thumbnailUrl\":\"https:\\\/\\\/revolutionpadelstore.com\\\/wp-content\\\/uploads\\\/2024\\\/11\\\/112831_zapatillas_asics_gel_resolution_9_clay_1042a224_701_mujer_1500x1500_1_ff29.webp\",\"datePublished\":\"2024-11-28T19:45:56+00:00\",\"dateModified\":\"2026-04-08T07:55:04+00:00\",\"description\":\"Las zapatillas Gel Resolution 9 Clay de Asics est\u00e1n dise\u00f1adas para mujeres activas que buscan un calzado c\u00f3modo, ligero y con excelente sujeci\u00f3n, estabilidad y amortiguaci\u00f3n. Este modelo est\u00e1 pensado para ofrecer transiciones suaves, r\u00e1pidas y estables, permitiendo cubrir toda la pista con facilidad.\",\"breadcrumb\":{\"@id\":\"https:\\\/\\\/revolutionpadelstore.com\\\/de\\\/produkt\\\/asics-gel-resolution-9-clay-rosa-mujer-1\\\/#breadcrumb\"},\"inLanguage\":\"de\",\"potentialAction\":[{\"@type\":\"ReadAction\",\"target\":[\"https:\\\/\\\/revolutionpadelstore.com\\\/de\\\/produkt\\\/asics-gel-resolution-9-clay-rosa-mujer-1\\\/\"]}]},{\"@type\":\"ImageObject\",\"inLanguage\":\"de\",\"@id\":\"https:\\\/\\\/revolutionpadelstore.com\\\/de\\\/produkt\\\/asics-gel-resolution-9-clay-rosa-mujer-1\\\/#primaryimage\",\"url\":\"https:\\\/\\\/revolutionpadelstore.com\\\/wp-content\\\/uploads\\\/2024\\\/11\\\/112831_zapatillas_asics_gel_resolution_9_clay_1042a224_701_mujer_1500x1500_1_ff29.webp\",\"contentUrl\":\"https:\\\/\\\/revolutionpadelstore.com\\\/wp-content\\\/uploads\\\/2024\\\/11\\\/112831_zapatillas_asics_gel_resolution_9_clay_1042a224_701_mujer_1500x1500_1_ff29.webp\",\"width\":1500,\"height\":1500},{\"@type\":\"BreadcrumbList\",\"@id\":\"https:\\\/\\\/revolutionpadelstore.com\\\/de\\\/produkt\\\/asics-gel-resolution-9-clay-rosa-mujer-1\\\/#breadcrumb\",\"itemListElement\":[{\"@type\":\"ListItem\",\"position\":1,\"name\":\"Portada\",\"item\":\"https:\\\/\\\/revolutionpadelstore.com\\\/de\\\/\"},{\"@type\":\"ListItem\",\"position\":2,\"name\":\"Shop\",\"item\":\"https:\\\/\\\/revolutionpadelstore.com\\\/de\\\/tienda\\\/\"},{\"@type\":\"ListItem\",\"position\":3,\"name\":\"ASICS GEL RESOLUTION 9 CLAY ROSA MUJER\"}]},{\"@type\":\"WebSite\",\"@id\":\"https:\\\/\\\/revolutionpadelstore.com\\\/de\\\/#website\",\"url\":\"https:\\\/\\\/revolutionpadelstore.com\\\/de\\\/\",\"name\":\"Revolution Padel Store\",\"description\":\"\",\"publisher\":{\"@id\":\"https:\\\/\\\/revolutionpadelstore.com\\\/de\\\/#organization\"},\"potentialAction\":[{\"@type\":\"SearchAction\",\"target\":{\"@type\":\"EntryPoint\",\"urlTemplate\":\"https:\\\/\\\/revolutionpadelstore.com\\\/de\\\/?s={search_term_string}\"},\"query-input\":{\"@type\":\"PropertyValueSpecification\",\"valueRequired\":true,\"valueName\":\"search_term_string\"}}],\"inLanguage\":\"de\"},{\"@type\":\"Organization\",\"@id\":\"https:\\\/\\\/revolutionpadelstore.com\\\/de\\\/#organization\",\"name\":\"Revolution Padel Store\",\"url\":\"https:\\\/\\\/revolutionpadelstore.com\\\/de\\\/\",\"logo\":{\"@type\":\"ImageObject\",\"inLanguage\":\"de\",\"@id\":\"https:\\\/\\\/revolutionpadelstore.com\\\/de\\\/#\\\/schema\\\/logo\\\/image\\\/\",\"url\":\"https:\\\/\\\/revolutionpadelstore.com\\\/wp-content\\\/uploads\\\/2026\\\/02\\\/revolution-padel-store.jpg\",\"contentUrl\":\"https:\\\/\\\/revolutionpadelstore.com\\\/wp-content\\\/uploads\\\/2026\\\/02\\\/revolution-padel-store.jpg\",\"width\":2000,\"height\":2000,\"caption\":\"Revolution Padel Store\"},\"image\":{\"@id\":\"https:\\\/\\\/revolutionpadelstore.com\\\/de\\\/#\\\/schema\\\/logo\\\/image\\\/\"},\"sameAs\":[\"https:\\\/\\\/www.instagram.com\\\/revolutionpadelstore\\\/\"]}]}<\/script>\n<!-- \/ Yoast SEO plugin. -->","yoast_head_json":{"title":"ASICS GEL RESOLUTION 9 CLAY ROSA MUJER - Revolution Padel Store","description":"Las zapatillas Gel Resolution 9 Clay de Asics est\u00e1n dise\u00f1adas para mujeres activas que buscan un calzado c\u00f3modo, ligero y con excelente sujeci\u00f3n, estabilidad y amortiguaci\u00f3n. Este modelo est\u00e1 pensado para ofrecer transiciones suaves, r\u00e1pidas y estables, permitiendo cubrir toda la pista con facilidad.","robots":{"index":"index","follow":"follow","max-snippet":"max-snippet:-1","max-image-preview":"max-image-preview:large","max-video-preview":"max-video-preview:-1"},"canonical":"https:\/\/revolutionpadelstore.com\/de\/produkt\/asics-gel-resolution-9-clay-rosa-mujer-1\/","og_locale":"de_DE","og_type":"article","og_title":"ASICS GEL RESOLUTION 9 CLAY ROSA MUJER - Revolution Padel Store","og_description":"Las zapatillas Gel Resolution 9 Clay de Asics est\u00e1n dise\u00f1adas para mujeres activas que buscan un calzado c\u00f3modo, ligero y con excelente sujeci\u00f3n, estabilidad y amortiguaci\u00f3n. Este modelo est\u00e1 pensado para ofrecer transiciones suaves, r\u00e1pidas y estables, permitiendo cubrir toda la pista con facilidad.","og_url":"https:\/\/revolutionpadelstore.com\/de\/produkt\/asics-gel-resolution-9-clay-rosa-mujer-1\/","og_site_name":"Revolution Padel Store","article_modified_time":"2026-04-08T07:55:04+00:00","og_image":[{"width":1500,"height":1500,"url":"https:\/\/revolutionpadelstore.com\/wp-content\/uploads\/2024\/11\/112831_zapatillas_asics_gel_resolution_9_clay_1042a224_701_mujer_1500x1500_1_ff29.webp","type":"image\/webp"}],"twitter_card":"summary_large_image","twitter_misc":{"Gesch\u00e4tzte Lesezeit":"2\u00a0Minuten"},"schema":{"@context":"https:\/\/schema.org","@graph":[{"@type":"WebPage","@id":"https:\/\/revolutionpadelstore.com\/de\/produkt\/asics-gel-resolution-9-clay-rosa-mujer-1\/","url":"https:\/\/revolutionpadelstore.com\/de\/produkt\/asics-gel-resolution-9-clay-rosa-mujer-1\/","name":"ASICS GEL RESOLUTION 9 CLAY ROSA MUJER - Revolution Padel Store","isPartOf":{"@id":"https:\/\/revolutionpadelstore.com\/de\/#website"},"primaryImageOfPage":{"@id":"https:\/\/revolutionpadelstore.com\/de\/produkt\/asics-gel-resolution-9-clay-rosa-mujer-1\/#primaryimage"},"image":{"@id":"https:\/\/revolutionpadelstore.com\/de\/produkt\/asics-gel-resolution-9-clay-rosa-mujer-1\/#primaryimage"},"thumbnailUrl":"https:\/\/revolutionpadelstore.com\/wp-content\/uploads\/2024\/11\/112831_zapatillas_asics_gel_resolution_9_clay_1042a224_701_mujer_1500x1500_1_ff29.webp","datePublished":"2024-11-28T19:45:56+00:00","dateModified":"2026-04-08T07:55:04+00:00","description":"Las zapatillas Gel Resolution 9 Clay de Asics est\u00e1n dise\u00f1adas para mujeres activas que buscan un calzado c\u00f3modo, ligero y con excelente sujeci\u00f3n, estabilidad y amortiguaci\u00f3n. Este modelo est\u00e1 pensado para ofrecer transiciones suaves, r\u00e1pidas y estables, permitiendo cubrir toda la pista con facilidad.","breadcrumb":{"@id":"https:\/\/revolutionpadelstore.com\/de\/produkt\/asics-gel-resolution-9-clay-rosa-mujer-1\/#breadcrumb"},"inLanguage":"de","potentialAction":[{"@type":"ReadAction","target":["https:\/\/revolutionpadelstore.com\/de\/produkt\/asics-gel-resolution-9-clay-rosa-mujer-1\/"]}]},{"@type":"ImageObject","inLanguage":"de","@id":"https:\/\/revolutionpadelstore.com\/de\/produkt\/asics-gel-resolution-9-clay-rosa-mujer-1\/#primaryimage","url":"https:\/\/revolutionpadelstore.com\/wp-content\/uploads\/2024\/11\/112831_zapatillas_asics_gel_resolution_9_clay_1042a224_701_mujer_1500x1500_1_ff29.webp","contentUrl":"https:\/\/revolutionpadelstore.com\/wp-content\/uploads\/2024\/11\/112831_zapatillas_asics_gel_resolution_9_clay_1042a224_701_mujer_1500x1500_1_ff29.webp","width":1500,"height":1500},{"@type":"BreadcrumbList","@id":"https:\/\/revolutionpadelstore.com\/de\/produkt\/asics-gel-resolution-9-clay-rosa-mujer-1\/#breadcrumb","itemListElement":[{"@type":"ListItem","position":1,"name":"Portada","item":"https:\/\/revolutionpadelstore.com\/de\/"},{"@type":"ListItem","position":2,"name":"Shop","item":"https:\/\/revolutionpadelstore.com\/de\/tienda\/"},{"@type":"ListItem","position":3,"name":"ASICS GEL RESOLUTION 9 CLAY ROSA MUJER"}]},{"@type":"WebSite","@id":"https:\/\/revolutionpadelstore.com\/de\/#website","url":"https:\/\/revolutionpadelstore.com\/de\/","name":"Revolution Padel Store","description":"","publisher":{"@id":"https:\/\/revolutionpadelstore.com\/de\/#organization"},"potentialAction":[{"@type":"SearchAction","target":{"@type":"EntryPoint","urlTemplate":"https:\/\/revolutionpadelstore.com\/de\/?s={search_term_string}"},"query-input":{"@type":"PropertyValueSpecification","valueRequired":true,"valueName":"search_term_string"}}],"inLanguage":"de"},{"@type":"Organization","@id":"https:\/\/revolutionpadelstore.com\/de\/#organization","name":"Revolution Padel Store","url":"https:\/\/revolutionpadelstore.com\/de\/","logo":{"@type":"ImageObject","inLanguage":"de","@id":"https:\/\/revolutionpadelstore.com\/de\/#\/schema\/logo\/image\/","url":"https:\/\/revolutionpadelstore.com\/wp-content\/uploads\/2026\/02\/revolution-padel-store.jpg","contentUrl":"https:\/\/revolutionpadelstore.com\/wp-content\/uploads\/2026\/02\/revolution-padel-store.jpg","width":2000,"height":2000,"caption":"Revolution Padel Store"},"image":{"@id":"https:\/\/revolutionpadelstore.com\/de\/#\/schema\/logo\/image\/"},"sameAs":["https:\/\/www.instagram.com\/revolutionpadelstore\/"]}]}},"_links":{"self":[{"href":"https:\/\/revolutionpadelstore.com\/de\/wp-json\/wp\/v2\/product\/130025","targetHints":{"allow":["GET"]}}],"collection":[{"href":"https:\/\/revolutionpadelstore.com\/de\/wp-json\/wp\/v2\/product"}],"about":[{"href":"https:\/\/revolutionpadelstore.com\/de\/wp-json\/wp\/v2\/types\/product"}],"replies":[{"embeddable":true,"href":"https:\/\/revolutionpadelstore.com\/de\/wp-json\/wp\/v2\/comments?post=130025"}],"wp:featuredmedia":[{"embeddable":true,"href":"https:\/\/revolutionpadelstore.com\/de\/wp-json\/wp\/v2\/media\/129982"}],"wp:attachment":[{"href":"https:\/\/revolutionpadelstore.com\/de\/wp-json\/wp\/v2\/media?parent=130025"}],"wp:term":[{"taxonomy":"acabado","embeddable":true,"href":"https:\/\/revolutionpadelstore.com\/de\/wp-json\/wp\/v2\/acabado?post=130025"},{"taxonomy":"balance","embeddable":true,"href":"https:\/\/revolutionpadelstore.com\/de\/wp-json\/wp\/v2\/balance?post=130025"},{"taxonomy":"dureza","embeddable":true,"href":"https:\/\/revolutionpadelstore.com\/de\/wp-json\/wp\/v2\/dureza?post=130025"},{"taxonomy":"forma","embeddable":true,"href":"https:\/\/revolutionpadelstore.com\/de\/wp-json\/wp\/v2\/forma?post=130025"},{"taxonomy":"jugador","embeddable":true,"href":"https:\/\/revolutionpadelstore.com\/de\/wp-json\/wp\/v2\/jugador?post=130025"},{"taxonomy":"marca","embeddable":true,"href":"https:\/\/revolutionpadelstore.com\/de\/wp-json\/wp\/v2\/marca?post=130025"},{"taxonomy":"nivel-de-juego","embeddable":true,"href":"https:\/\/revolutionpadelstore.com\/de\/wp-json\/wp\/v2\/nivel-de-juego?post=130025"},{"taxonomy":"superficie","embeddable":true,"href":"https:\/\/revolutionpadelstore.com\/de\/wp-json\/wp\/v2\/superficie?post=130025"},{"taxonomy":"tipo-de-juego","embeddable":true,"href":"https:\/\/revolutionpadelstore.com\/de\/wp-json\/wp\/v2\/tipo-de-juego?post=130025"},{"taxonomy":"product_brand","embeddable":true,"href":"https:\/\/revolutionpadelstore.com\/de\/wp-json\/wp\/v2\/product_brand?post=130025"},{"taxonomy":"product_cat","embeddable":true,"href":"https:\/\/revolutionpadelstore.com\/de\/wp-json\/wp\/v2\/product_cat?post=130025"},{"taxonomy":"product_tag","embeddable":true,"href":"https:\/\/revolutionpadelstore.com\/de\/wp-json\/wp\/v2\/product_tag?post=130025"}],"curies":[{"name":"wp","href":"https:\/\/api.w.org\/{rel}","templated":true}]}}