{"id":129947,"date":"2024-11-28T20:38:45","date_gmt":"2024-11-28T19:38:45","guid":{"rendered":"https:\/\/revolutionpadelstore.com\/asics-gel-resolution-9-padel\/"},"modified":"2026-04-08T09:56:40","modified_gmt":"2026-04-08T07:56:40","slug":"asics-gel-resolution-9-padel-5","status":"publish","type":"product","link":"https:\/\/revolutionpadelstore.com\/de\/produkt\/asics-gel-resolution-9-padel-5\/","title":{"rendered":"ASICS GEL RESOLUTION 9 PADEL"},"content":{"rendered":"<h2> ASICS Gel-Aufl\u00f6sung 9 Frauenpadel, guter Griff und Vielseitigkeit <\/ H2><br \/>\nDie Gel -Aufl\u00f6sung 9 Padel Asics Padel -Turnschuhe in Malva sind speziell f\u00fcr Sportlerinnen konzipiert, die in jedem Spiel nach Agilit\u00e4t, Bewegungsfreiheit und hervorragendes D\u00e4mpfung suchen. Sie sind ideal f\u00fcr Spieler, die es vorziehen, das Spiel vom Ende der Strecke aus zu kontrollieren, und bieten gro\u00dfe Stabilit\u00e4t und Komfort.<\/p>\n<p>Die Sohle verf\u00fcgt \u00fcber ein Party -Design, das gro\u00dfe Stabilit\u00e4t in den Landungen bietet und mit Aharplus Gummi hergestellt wird, einem hochschleppenden Material, das die Haltbarkeit von Schuhen erh\u00f6ht. Sein gemischtes Muster sorgt f\u00fcr einen perfekten Griff auf verschiedene Oberfl\u00e4chen, w\u00e4hrend Rotationspunkte weichere, stabile und sichere Kurven bevorzugen.<\/p>\n<p>Dank fortschrittlicher Technologien bietet Gel -Aufl\u00f6sung 9 Padel in allen Arten von Oberfl\u00e4chen herausragende Leistung. Die Dynawall -Technologie in der Zwischensohle verbessert die Stabilit\u00e4t in lateralen Bewegungen, sodass Sie beide Seiten der Strecke leicht abdecken k\u00f6nnen. Dar\u00fcber hinaus verst\u00e4rkt die Dynawrap -Technologie die \u00d6sen und bietet eine gr\u00f6\u00dfere Unterst\u00fctzung bei schnellen \u00dcberg\u00e4ngen, w\u00e4hrend der PGuard die Haltbarkeit von Zehen und Ferse verbessert. Der obere, flexible Teil dank DynaFit und der Gel -Technologie in der Mittelsohle sorgen f\u00fcr eine au\u00dfergew\u00f6hnliche Auswirkung und weichere und komfortable Schritte.<\/p>\n<h2>Asics Gel-Resolution 9 Padel Mujer, buen agarre y versatilidad<\/h2>\n","protected":false},"excerpt":{"rendered":"<p>Padelschuhe f\u00fcr Frauen Asics Gel Aufl\u00f6sung 9 Padel Malva mit gemischten Sohle und Rotationspunkten f\u00fcr weiche und stabile Kurven. Verbesserte Traktion auf verschiedenen Oberfl\u00e4chen.<\/p>\n","protected":false},"featured_media":129904,"comment_status":"open","ping_status":"closed","template":"","meta":{"_acf_changed":false,"_joinchat":[]},"acabado":[],"balance":[],"dureza":[],"forma":[],"jugador":[1194],"marca":[1324],"nivel-de-juego":[],"superficie":[],"tipo-de-juego":[],"product_brand":[],"product_cat":[831],"product_tag":[],"class_list":{"0":"post-129947","1":"product","2":"type-product","3":"status-publish","4":"has-post-thumbnail","6":"jugador-frau","7":"marca-asics-de","8":"product_cat-turnschuhe","10":"first","11":"outofstock","12":"sale","13":"taxable","14":"shipping-taxable","15":"purchasable","16":"product-type-variable"},"acf":[],"yoast_head":"<!-- This site is optimized with the Yoast SEO plugin v27.4 - https:\/\/yoast.com\/product\/yoast-seo-wordpress\/ -->\n<title>ASICS GEL RESOLUTION 9 PADEL - Revolution Padel Store<\/title>\n<meta name=\"description\" content=\"Las zapatillas de p\u00e1del Gel Resolution 9 Padel de Asics en color malva est\u00e1n dise\u00f1adas especialmente para mujeres deportistas que buscan agilidad, libertad de movimiento y una excelente amortiguaci\u00f3n en cada jugada. Son ideales para jugadoras que prefieren controlar el juego desde el fondo de la pista, ofreciendo una gran estabilidad y confort.\" \/>\n<meta name=\"robots\" content=\"index, follow, max-snippet:-1, max-image-preview:large, max-video-preview:-1\" \/>\n<link rel=\"canonical\" href=\"https:\/\/revolutionpadelstore.com\/de\/produkt\/asics-gel-resolution-9-padel-5\/\" \/>\n<meta property=\"og:locale\" content=\"de_DE\" \/>\n<meta property=\"og:type\" content=\"article\" \/>\n<meta property=\"og:title\" content=\"ASICS GEL RESOLUTION 9 PADEL - Revolution Padel Store\" \/>\n<meta property=\"og:description\" content=\"Las zapatillas de p\u00e1del Gel Resolution 9 Padel de Asics en color malva est\u00e1n dise\u00f1adas especialmente para mujeres deportistas que buscan agilidad, libertad de movimiento y una excelente amortiguaci\u00f3n en cada jugada. Son ideales para jugadoras que prefieren controlar el juego desde el fondo de la pista, ofreciendo una gran estabilidad y confort.\" \/>\n<meta property=\"og:url\" content=\"https:\/\/revolutionpadelstore.com\/de\/produkt\/asics-gel-resolution-9-padel-5\/\" \/>\n<meta property=\"og:site_name\" content=\"Revolution Padel Store\" \/>\n<meta property=\"article:modified_time\" content=\"2026-04-08T07:56:40+00:00\" \/>\n<meta property=\"og:image\" content=\"https:\/\/revolutionpadelstore.com\/wp-content\/uploads\/2024\/11\/112836_zapatillas_asics_gel_resolution_9_padel_1042a245_500_mujer_1500x1500_1_7688.webp\" \/>\n\t<meta property=\"og:image:width\" content=\"1500\" \/>\n\t<meta property=\"og:image:height\" content=\"1500\" \/>\n\t<meta property=\"og:image:type\" content=\"image\/webp\" \/>\n<meta name=\"twitter:card\" content=\"summary_large_image\" \/>\n<meta name=\"twitter:label1\" content=\"Gesch\u00e4tzte Lesezeit\" \/>\n\t<meta name=\"twitter:data1\" content=\"1\u00a0Minute\" \/>\n<script type=\"application\/ld+json\" class=\"yoast-schema-graph\">{\"@context\":\"https:\\\/\\\/schema.org\",\"@graph\":[{\"@type\":\"WebPage\",\"@id\":\"https:\\\/\\\/revolutionpadelstore.com\\\/de\\\/produkt\\\/asics-gel-resolution-9-padel-5\\\/\",\"url\":\"https:\\\/\\\/revolutionpadelstore.com\\\/de\\\/produkt\\\/asics-gel-resolution-9-padel-5\\\/\",\"name\":\"ASICS GEL RESOLUTION 9 PADEL - Revolution Padel Store\",\"isPartOf\":{\"@id\":\"https:\\\/\\\/revolutionpadelstore.com\\\/de\\\/#website\"},\"primaryImageOfPage\":{\"@id\":\"https:\\\/\\\/revolutionpadelstore.com\\\/de\\\/produkt\\\/asics-gel-resolution-9-padel-5\\\/#primaryimage\"},\"image\":{\"@id\":\"https:\\\/\\\/revolutionpadelstore.com\\\/de\\\/produkt\\\/asics-gel-resolution-9-padel-5\\\/#primaryimage\"},\"thumbnailUrl\":\"https:\\\/\\\/revolutionpadelstore.com\\\/wp-content\\\/uploads\\\/2024\\\/11\\\/112836_zapatillas_asics_gel_resolution_9_padel_1042a245_500_mujer_1500x1500_1_7688.webp\",\"datePublished\":\"2024-11-28T19:38:45+00:00\",\"dateModified\":\"2026-04-08T07:56:40+00:00\",\"description\":\"Las zapatillas de p\u00e1del Gel Resolution 9 Padel de Asics en color malva est\u00e1n dise\u00f1adas especialmente para mujeres deportistas que buscan agilidad, libertad de movimiento y una excelente amortiguaci\u00f3n en cada jugada. Son ideales para jugadoras que prefieren controlar el juego desde el fondo de la pista, ofreciendo una gran estabilidad y confort.\",\"breadcrumb\":{\"@id\":\"https:\\\/\\\/revolutionpadelstore.com\\\/de\\\/produkt\\\/asics-gel-resolution-9-padel-5\\\/#breadcrumb\"},\"inLanguage\":\"de\",\"potentialAction\":[{\"@type\":\"ReadAction\",\"target\":[\"https:\\\/\\\/revolutionpadelstore.com\\\/de\\\/produkt\\\/asics-gel-resolution-9-padel-5\\\/\"]}]},{\"@type\":\"ImageObject\",\"inLanguage\":\"de\",\"@id\":\"https:\\\/\\\/revolutionpadelstore.com\\\/de\\\/produkt\\\/asics-gel-resolution-9-padel-5\\\/#primaryimage\",\"url\":\"https:\\\/\\\/revolutionpadelstore.com\\\/wp-content\\\/uploads\\\/2024\\\/11\\\/112836_zapatillas_asics_gel_resolution_9_padel_1042a245_500_mujer_1500x1500_1_7688.webp\",\"contentUrl\":\"https:\\\/\\\/revolutionpadelstore.com\\\/wp-content\\\/uploads\\\/2024\\\/11\\\/112836_zapatillas_asics_gel_resolution_9_padel_1042a245_500_mujer_1500x1500_1_7688.webp\",\"width\":1500,\"height\":1500},{\"@type\":\"BreadcrumbList\",\"@id\":\"https:\\\/\\\/revolutionpadelstore.com\\\/de\\\/produkt\\\/asics-gel-resolution-9-padel-5\\\/#breadcrumb\",\"itemListElement\":[{\"@type\":\"ListItem\",\"position\":1,\"name\":\"Portada\",\"item\":\"https:\\\/\\\/revolutionpadelstore.com\\\/de\\\/\"},{\"@type\":\"ListItem\",\"position\":2,\"name\":\"Shop\",\"item\":\"https:\\\/\\\/revolutionpadelstore.com\\\/de\\\/tienda\\\/\"},{\"@type\":\"ListItem\",\"position\":3,\"name\":\"ASICS GEL RESOLUTION 9 PADEL\"}]},{\"@type\":\"WebSite\",\"@id\":\"https:\\\/\\\/revolutionpadelstore.com\\\/de\\\/#website\",\"url\":\"https:\\\/\\\/revolutionpadelstore.com\\\/de\\\/\",\"name\":\"Revolution Padel Store\",\"description\":\"\",\"publisher\":{\"@id\":\"https:\\\/\\\/revolutionpadelstore.com\\\/de\\\/#organization\"},\"potentialAction\":[{\"@type\":\"SearchAction\",\"target\":{\"@type\":\"EntryPoint\",\"urlTemplate\":\"https:\\\/\\\/revolutionpadelstore.com\\\/de\\\/?s={search_term_string}\"},\"query-input\":{\"@type\":\"PropertyValueSpecification\",\"valueRequired\":true,\"valueName\":\"search_term_string\"}}],\"inLanguage\":\"de\"},{\"@type\":\"Organization\",\"@id\":\"https:\\\/\\\/revolutionpadelstore.com\\\/de\\\/#organization\",\"name\":\"Revolution Padel Store\",\"url\":\"https:\\\/\\\/revolutionpadelstore.com\\\/de\\\/\",\"logo\":{\"@type\":\"ImageObject\",\"inLanguage\":\"de\",\"@id\":\"https:\\\/\\\/revolutionpadelstore.com\\\/de\\\/#\\\/schema\\\/logo\\\/image\\\/\",\"url\":\"https:\\\/\\\/revolutionpadelstore.com\\\/wp-content\\\/uploads\\\/2026\\\/02\\\/revolution-padel-store.jpg\",\"contentUrl\":\"https:\\\/\\\/revolutionpadelstore.com\\\/wp-content\\\/uploads\\\/2026\\\/02\\\/revolution-padel-store.jpg\",\"width\":2000,\"height\":2000,\"caption\":\"Revolution Padel Store\"},\"image\":{\"@id\":\"https:\\\/\\\/revolutionpadelstore.com\\\/de\\\/#\\\/schema\\\/logo\\\/image\\\/\"},\"sameAs\":[\"https:\\\/\\\/www.instagram.com\\\/revolutionpadelstore\\\/\"]}]}<\/script>\n<!-- \/ Yoast SEO plugin. -->","yoast_head_json":{"title":"ASICS GEL RESOLUTION 9 PADEL - Revolution Padel Store","description":"Las zapatillas de p\u00e1del Gel Resolution 9 Padel de Asics en color malva est\u00e1n dise\u00f1adas especialmente para mujeres deportistas que buscan agilidad, libertad de movimiento y una excelente amortiguaci\u00f3n en cada jugada. Son ideales para jugadoras que prefieren controlar el juego desde el fondo de la pista, ofreciendo una gran estabilidad y confort.","robots":{"index":"index","follow":"follow","max-snippet":"max-snippet:-1","max-image-preview":"max-image-preview:large","max-video-preview":"max-video-preview:-1"},"canonical":"https:\/\/revolutionpadelstore.com\/de\/produkt\/asics-gel-resolution-9-padel-5\/","og_locale":"de_DE","og_type":"article","og_title":"ASICS GEL RESOLUTION 9 PADEL - Revolution Padel Store","og_description":"Las zapatillas de p\u00e1del Gel Resolution 9 Padel de Asics en color malva est\u00e1n dise\u00f1adas especialmente para mujeres deportistas que buscan agilidad, libertad de movimiento y una excelente amortiguaci\u00f3n en cada jugada. Son ideales para jugadoras que prefieren controlar el juego desde el fondo de la pista, ofreciendo una gran estabilidad y confort.","og_url":"https:\/\/revolutionpadelstore.com\/de\/produkt\/asics-gel-resolution-9-padel-5\/","og_site_name":"Revolution Padel Store","article_modified_time":"2026-04-08T07:56:40+00:00","og_image":[{"width":1500,"height":1500,"url":"https:\/\/revolutionpadelstore.com\/wp-content\/uploads\/2024\/11\/112836_zapatillas_asics_gel_resolution_9_padel_1042a245_500_mujer_1500x1500_1_7688.webp","type":"image\/webp"}],"twitter_card":"summary_large_image","twitter_misc":{"Gesch\u00e4tzte Lesezeit":"1\u00a0Minute"},"schema":{"@context":"https:\/\/schema.org","@graph":[{"@type":"WebPage","@id":"https:\/\/revolutionpadelstore.com\/de\/produkt\/asics-gel-resolution-9-padel-5\/","url":"https:\/\/revolutionpadelstore.com\/de\/produkt\/asics-gel-resolution-9-padel-5\/","name":"ASICS GEL RESOLUTION 9 PADEL - Revolution Padel Store","isPartOf":{"@id":"https:\/\/revolutionpadelstore.com\/de\/#website"},"primaryImageOfPage":{"@id":"https:\/\/revolutionpadelstore.com\/de\/produkt\/asics-gel-resolution-9-padel-5\/#primaryimage"},"image":{"@id":"https:\/\/revolutionpadelstore.com\/de\/produkt\/asics-gel-resolution-9-padel-5\/#primaryimage"},"thumbnailUrl":"https:\/\/revolutionpadelstore.com\/wp-content\/uploads\/2024\/11\/112836_zapatillas_asics_gel_resolution_9_padel_1042a245_500_mujer_1500x1500_1_7688.webp","datePublished":"2024-11-28T19:38:45+00:00","dateModified":"2026-04-08T07:56:40+00:00","description":"Las zapatillas de p\u00e1del Gel Resolution 9 Padel de Asics en color malva est\u00e1n dise\u00f1adas especialmente para mujeres deportistas que buscan agilidad, libertad de movimiento y una excelente amortiguaci\u00f3n en cada jugada. Son ideales para jugadoras que prefieren controlar el juego desde el fondo de la pista, ofreciendo una gran estabilidad y confort.","breadcrumb":{"@id":"https:\/\/revolutionpadelstore.com\/de\/produkt\/asics-gel-resolution-9-padel-5\/#breadcrumb"},"inLanguage":"de","potentialAction":[{"@type":"ReadAction","target":["https:\/\/revolutionpadelstore.com\/de\/produkt\/asics-gel-resolution-9-padel-5\/"]}]},{"@type":"ImageObject","inLanguage":"de","@id":"https:\/\/revolutionpadelstore.com\/de\/produkt\/asics-gel-resolution-9-padel-5\/#primaryimage","url":"https:\/\/revolutionpadelstore.com\/wp-content\/uploads\/2024\/11\/112836_zapatillas_asics_gel_resolution_9_padel_1042a245_500_mujer_1500x1500_1_7688.webp","contentUrl":"https:\/\/revolutionpadelstore.com\/wp-content\/uploads\/2024\/11\/112836_zapatillas_asics_gel_resolution_9_padel_1042a245_500_mujer_1500x1500_1_7688.webp","width":1500,"height":1500},{"@type":"BreadcrumbList","@id":"https:\/\/revolutionpadelstore.com\/de\/produkt\/asics-gel-resolution-9-padel-5\/#breadcrumb","itemListElement":[{"@type":"ListItem","position":1,"name":"Portada","item":"https:\/\/revolutionpadelstore.com\/de\/"},{"@type":"ListItem","position":2,"name":"Shop","item":"https:\/\/revolutionpadelstore.com\/de\/tienda\/"},{"@type":"ListItem","position":3,"name":"ASICS GEL RESOLUTION 9 PADEL"}]},{"@type":"WebSite","@id":"https:\/\/revolutionpadelstore.com\/de\/#website","url":"https:\/\/revolutionpadelstore.com\/de\/","name":"Revolution Padel Store","description":"","publisher":{"@id":"https:\/\/revolutionpadelstore.com\/de\/#organization"},"potentialAction":[{"@type":"SearchAction","target":{"@type":"EntryPoint","urlTemplate":"https:\/\/revolutionpadelstore.com\/de\/?s={search_term_string}"},"query-input":{"@type":"PropertyValueSpecification","valueRequired":true,"valueName":"search_term_string"}}],"inLanguage":"de"},{"@type":"Organization","@id":"https:\/\/revolutionpadelstore.com\/de\/#organization","name":"Revolution Padel Store","url":"https:\/\/revolutionpadelstore.com\/de\/","logo":{"@type":"ImageObject","inLanguage":"de","@id":"https:\/\/revolutionpadelstore.com\/de\/#\/schema\/logo\/image\/","url":"https:\/\/revolutionpadelstore.com\/wp-content\/uploads\/2026\/02\/revolution-padel-store.jpg","contentUrl":"https:\/\/revolutionpadelstore.com\/wp-content\/uploads\/2026\/02\/revolution-padel-store.jpg","width":2000,"height":2000,"caption":"Revolution Padel Store"},"image":{"@id":"https:\/\/revolutionpadelstore.com\/de\/#\/schema\/logo\/image\/"},"sameAs":["https:\/\/www.instagram.com\/revolutionpadelstore\/"]}]}},"_links":{"self":[{"href":"https:\/\/revolutionpadelstore.com\/de\/wp-json\/wp\/v2\/product\/129947","targetHints":{"allow":["GET"]}}],"collection":[{"href":"https:\/\/revolutionpadelstore.com\/de\/wp-json\/wp\/v2\/product"}],"about":[{"href":"https:\/\/revolutionpadelstore.com\/de\/wp-json\/wp\/v2\/types\/product"}],"replies":[{"embeddable":true,"href":"https:\/\/revolutionpadelstore.com\/de\/wp-json\/wp\/v2\/comments?post=129947"}],"wp:featuredmedia":[{"embeddable":true,"href":"https:\/\/revolutionpadelstore.com\/de\/wp-json\/wp\/v2\/media\/129904"}],"wp:attachment":[{"href":"https:\/\/revolutionpadelstore.com\/de\/wp-json\/wp\/v2\/media?parent=129947"}],"wp:term":[{"taxonomy":"acabado","embeddable":true,"href":"https:\/\/revolutionpadelstore.com\/de\/wp-json\/wp\/v2\/acabado?post=129947"},{"taxonomy":"balance","embeddable":true,"href":"https:\/\/revolutionpadelstore.com\/de\/wp-json\/wp\/v2\/balance?post=129947"},{"taxonomy":"dureza","embeddable":true,"href":"https:\/\/revolutionpadelstore.com\/de\/wp-json\/wp\/v2\/dureza?post=129947"},{"taxonomy":"forma","embeddable":true,"href":"https:\/\/revolutionpadelstore.com\/de\/wp-json\/wp\/v2\/forma?post=129947"},{"taxonomy":"jugador","embeddable":true,"href":"https:\/\/revolutionpadelstore.com\/de\/wp-json\/wp\/v2\/jugador?post=129947"},{"taxonomy":"marca","embeddable":true,"href":"https:\/\/revolutionpadelstore.com\/de\/wp-json\/wp\/v2\/marca?post=129947"},{"taxonomy":"nivel-de-juego","embeddable":true,"href":"https:\/\/revolutionpadelstore.com\/de\/wp-json\/wp\/v2\/nivel-de-juego?post=129947"},{"taxonomy":"superficie","embeddable":true,"href":"https:\/\/revolutionpadelstore.com\/de\/wp-json\/wp\/v2\/superficie?post=129947"},{"taxonomy":"tipo-de-juego","embeddable":true,"href":"https:\/\/revolutionpadelstore.com\/de\/wp-json\/wp\/v2\/tipo-de-juego?post=129947"},{"taxonomy":"product_brand","embeddable":true,"href":"https:\/\/revolutionpadelstore.com\/de\/wp-json\/wp\/v2\/product_brand?post=129947"},{"taxonomy":"product_cat","embeddable":true,"href":"https:\/\/revolutionpadelstore.com\/de\/wp-json\/wp\/v2\/product_cat?post=129947"},{"taxonomy":"product_tag","embeddable":true,"href":"https:\/\/revolutionpadelstore.com\/de\/wp-json\/wp\/v2\/product_tag?post=129947"}],"curies":[{"name":"wp","href":"https:\/\/api.w.org\/{rel}","templated":true}]}}