{"id":129872,"date":"2024-11-28T20:30:12","date_gmt":"2024-11-28T19:30:12","guid":{"rendered":"https:\/\/revolutionpadelstore.com\/asics-solution-speed-ff-3-clay\/"},"modified":"2026-04-08T09:58:12","modified_gmt":"2026-04-08T07:58:12","slug":"asics-solution-speed-ff-3-clay-1","status":"publish","type":"product","link":"https:\/\/revolutionpadelstore.com\/de\/produkt\/asics-solution-speed-ff-3-clay-1\/","title":{"rendered":"ASICS SOLUTION SPEED FF 3 CLAY"},"content":{"rendered":"<h2> ASICS -L\u00f6sung Geschwindigkeit FF 3 Ton Orange Frau <\/H2><br \/>\nPadel -Schuhe f\u00fcr Frauen ASICS L\u00f6sung Geschwindigkeit FF 3 Ton leere und orange sind speziell f\u00fcr eine h\u00f6here Leistung auf hartn\u00e4ckigem und paddelnem Boden ausgelegt und bieten zu jeder Zeit eine hervorragende Polsterung und maximale Reaktivit\u00e4t. Dank der lateralen TPU -Eins\u00e4tze, die ihre Fu\u00df fest und gut positioniert halten, haben sie zus\u00e4tzliche Unterst\u00fctzung.<\/p>\n<p>Die Sohle mit Spike -Muster verhindert die Ansammlung von Sand und garantiert einen optimalen Griff, verbessert die Traktion und erm\u00f6glicht agile und weiche Bewegungen auf der Strecke. Dar\u00fcber hinaus wird die Sohle aus Ahar Gummi hergestellt, einem abh\u00e4ngigen Material, das die Haltbarkeit des Schuhs erh\u00f6ht.<\/p>\n<p>Der obere Teil ist mit einem atmungsaktiven und widerstandsf\u00e4higen Netz gebaut, das eine gute Anpassung gew\u00e4hrleistet, ohne den Komfort oder die Bel\u00fcftung zu beeintr\u00e4chtigen. Mediauela kombiniert Flytefoam -Technologie und 3D -Raumkonstruktion und passt sich perfekt an den weiblichen Fu\u00df an, um eine leichte und effektive D\u00e4mpfung in jeder Bewegung zu bieten.<\/p>\n<p>Sein modernes und elegantes Design mit Details in orangefarbenen T\u00f6nen auf einem weichen Ziel l\u00e4sst Sie sowohl auf als auch neben der Strecke abheben.<\/p>\n<h2>Asics Solution Speed FF 3 Clay Naranja Mujer<\/h2>\n","protected":false},"excerpt":{"rendered":"<p>Padelschuhe f\u00fcr Frauen ASICS L\u00f6sung Geschwindigkeit FF 3 Ton mit Spike Sohle aus Ahaplus Gummi f\u00fcr optimale Verschlei\u00dffestigkeit. Gute D\u00e4mpfung in Landungen.<\/p>\n","protected":false},"featured_media":129830,"comment_status":"open","ping_status":"closed","template":"","meta":{"_acf_changed":false,"_joinchat":[]},"acabado":[],"balance":[],"dureza":[],"forma":[],"jugador":[1194],"marca":[1324],"nivel-de-juego":[],"superficie":[],"tipo-de-juego":[],"product_brand":[],"product_cat":[831],"product_tag":[],"class_list":{"0":"post-129872","1":"product","2":"type-product","3":"status-publish","4":"has-post-thumbnail","6":"jugador-frau","7":"marca-asics-de","8":"product_cat-turnschuhe","10":"first","11":"outofstock","12":"sale","13":"taxable","14":"shipping-taxable","15":"purchasable","16":"product-type-variable"},"acf":[],"yoast_head":"<!-- This site is optimized with the Yoast SEO plugin v27.4 - https:\/\/yoast.com\/product\/yoast-seo-wordpress\/ -->\n<title>ASICS SOLUTION SPEED FF 3 CLAY - Revolution Padel Store<\/title>\n<meta name=\"description\" content=\"Las zapatillas de p\u00e1del para mujer Asics Solution Speed FF 3 Clay en blanco y naranja est\u00e1n especialmente dise\u00f1adas para ofrecer un rendimiento superior en pistas de tierra batida y p\u00e1del, proporcionando una excelente amortiguaci\u00f3n y m\u00e1xima reactividad en todo momento. Cuentan con soporte adicional gracias a las inserciones laterales de TPU termoselladas, que mantienen el pie firme y bien posicionado.\" \/>\n<meta name=\"robots\" content=\"index, follow, max-snippet:-1, max-image-preview:large, max-video-preview:-1\" \/>\n<link rel=\"canonical\" href=\"https:\/\/revolutionpadelstore.com\/de\/produkt\/asics-solution-speed-ff-3-clay-1\/\" \/>\n<meta property=\"og:locale\" content=\"de_DE\" \/>\n<meta property=\"og:type\" content=\"article\" \/>\n<meta property=\"og:title\" content=\"ASICS SOLUTION SPEED FF 3 CLAY - Revolution Padel Store\" \/>\n<meta property=\"og:description\" content=\"Las zapatillas de p\u00e1del para mujer Asics Solution Speed FF 3 Clay en blanco y naranja est\u00e1n especialmente dise\u00f1adas para ofrecer un rendimiento superior en pistas de tierra batida y p\u00e1del, proporcionando una excelente amortiguaci\u00f3n y m\u00e1xima reactividad en todo momento. Cuentan con soporte adicional gracias a las inserciones laterales de TPU termoselladas, que mantienen el pie firme y bien posicionado.\" \/>\n<meta property=\"og:url\" content=\"https:\/\/revolutionpadelstore.com\/de\/produkt\/asics-solution-speed-ff-3-clay-1\/\" \/>\n<meta property=\"og:site_name\" content=\"Revolution Padel Store\" \/>\n<meta property=\"article:modified_time\" content=\"2026-04-08T07:58:12+00:00\" \/>\n<meta property=\"og:image\" content=\"https:\/\/revolutionpadelstore.com\/wp-content\/uploads\/2024\/11\/112839_zapatillas_asics_solution_speed_ff_3_clay_1042a248_102_mujer_1500x1500_1_c722.webp\" \/>\n\t<meta property=\"og:image:width\" content=\"1500\" \/>\n\t<meta property=\"og:image:height\" content=\"1500\" \/>\n\t<meta property=\"og:image:type\" content=\"image\/webp\" \/>\n<meta name=\"twitter:card\" content=\"summary_large_image\" \/>\n<meta name=\"twitter:label1\" content=\"Gesch\u00e4tzte Lesezeit\" \/>\n\t<meta name=\"twitter:data1\" content=\"1\u00a0Minute\" \/>\n<script type=\"application\/ld+json\" class=\"yoast-schema-graph\">{\"@context\":\"https:\\\/\\\/schema.org\",\"@graph\":[{\"@type\":\"WebPage\",\"@id\":\"https:\\\/\\\/revolutionpadelstore.com\\\/de\\\/produkt\\\/asics-solution-speed-ff-3-clay-1\\\/\",\"url\":\"https:\\\/\\\/revolutionpadelstore.com\\\/de\\\/produkt\\\/asics-solution-speed-ff-3-clay-1\\\/\",\"name\":\"ASICS SOLUTION SPEED FF 3 CLAY - Revolution Padel Store\",\"isPartOf\":{\"@id\":\"https:\\\/\\\/revolutionpadelstore.com\\\/de\\\/#website\"},\"primaryImageOfPage\":{\"@id\":\"https:\\\/\\\/revolutionpadelstore.com\\\/de\\\/produkt\\\/asics-solution-speed-ff-3-clay-1\\\/#primaryimage\"},\"image\":{\"@id\":\"https:\\\/\\\/revolutionpadelstore.com\\\/de\\\/produkt\\\/asics-solution-speed-ff-3-clay-1\\\/#primaryimage\"},\"thumbnailUrl\":\"https:\\\/\\\/revolutionpadelstore.com\\\/wp-content\\\/uploads\\\/2024\\\/11\\\/112839_zapatillas_asics_solution_speed_ff_3_clay_1042a248_102_mujer_1500x1500_1_c722.webp\",\"datePublished\":\"2024-11-28T19:30:12+00:00\",\"dateModified\":\"2026-04-08T07:58:12+00:00\",\"description\":\"Las zapatillas de p\u00e1del para mujer Asics Solution Speed FF 3 Clay en blanco y naranja est\u00e1n especialmente dise\u00f1adas para ofrecer un rendimiento superior en pistas de tierra batida y p\u00e1del, proporcionando una excelente amortiguaci\u00f3n y m\u00e1xima reactividad en todo momento. Cuentan con soporte adicional gracias a las inserciones laterales de TPU termoselladas, que mantienen el pie firme y bien posicionado.\",\"breadcrumb\":{\"@id\":\"https:\\\/\\\/revolutionpadelstore.com\\\/de\\\/produkt\\\/asics-solution-speed-ff-3-clay-1\\\/#breadcrumb\"},\"inLanguage\":\"de\",\"potentialAction\":[{\"@type\":\"ReadAction\",\"target\":[\"https:\\\/\\\/revolutionpadelstore.com\\\/de\\\/produkt\\\/asics-solution-speed-ff-3-clay-1\\\/\"]}]},{\"@type\":\"ImageObject\",\"inLanguage\":\"de\",\"@id\":\"https:\\\/\\\/revolutionpadelstore.com\\\/de\\\/produkt\\\/asics-solution-speed-ff-3-clay-1\\\/#primaryimage\",\"url\":\"https:\\\/\\\/revolutionpadelstore.com\\\/wp-content\\\/uploads\\\/2024\\\/11\\\/112839_zapatillas_asics_solution_speed_ff_3_clay_1042a248_102_mujer_1500x1500_1_c722.webp\",\"contentUrl\":\"https:\\\/\\\/revolutionpadelstore.com\\\/wp-content\\\/uploads\\\/2024\\\/11\\\/112839_zapatillas_asics_solution_speed_ff_3_clay_1042a248_102_mujer_1500x1500_1_c722.webp\",\"width\":1500,\"height\":1500},{\"@type\":\"BreadcrumbList\",\"@id\":\"https:\\\/\\\/revolutionpadelstore.com\\\/de\\\/produkt\\\/asics-solution-speed-ff-3-clay-1\\\/#breadcrumb\",\"itemListElement\":[{\"@type\":\"ListItem\",\"position\":1,\"name\":\"Portada\",\"item\":\"https:\\\/\\\/revolutionpadelstore.com\\\/de\\\/\"},{\"@type\":\"ListItem\",\"position\":2,\"name\":\"Shop\",\"item\":\"https:\\\/\\\/revolutionpadelstore.com\\\/de\\\/tienda\\\/\"},{\"@type\":\"ListItem\",\"position\":3,\"name\":\"ASICS SOLUTION SPEED FF 3 CLAY\"}]},{\"@type\":\"WebSite\",\"@id\":\"https:\\\/\\\/revolutionpadelstore.com\\\/de\\\/#website\",\"url\":\"https:\\\/\\\/revolutionpadelstore.com\\\/de\\\/\",\"name\":\"Revolution Padel Store\",\"description\":\"\",\"publisher\":{\"@id\":\"https:\\\/\\\/revolutionpadelstore.com\\\/de\\\/#organization\"},\"potentialAction\":[{\"@type\":\"SearchAction\",\"target\":{\"@type\":\"EntryPoint\",\"urlTemplate\":\"https:\\\/\\\/revolutionpadelstore.com\\\/de\\\/?s={search_term_string}\"},\"query-input\":{\"@type\":\"PropertyValueSpecification\",\"valueRequired\":true,\"valueName\":\"search_term_string\"}}],\"inLanguage\":\"de\"},{\"@type\":\"Organization\",\"@id\":\"https:\\\/\\\/revolutionpadelstore.com\\\/de\\\/#organization\",\"name\":\"Revolution Padel Store\",\"url\":\"https:\\\/\\\/revolutionpadelstore.com\\\/de\\\/\",\"logo\":{\"@type\":\"ImageObject\",\"inLanguage\":\"de\",\"@id\":\"https:\\\/\\\/revolutionpadelstore.com\\\/de\\\/#\\\/schema\\\/logo\\\/image\\\/\",\"url\":\"https:\\\/\\\/revolutionpadelstore.com\\\/wp-content\\\/uploads\\\/2026\\\/02\\\/revolution-padel-store.jpg\",\"contentUrl\":\"https:\\\/\\\/revolutionpadelstore.com\\\/wp-content\\\/uploads\\\/2026\\\/02\\\/revolution-padel-store.jpg\",\"width\":2000,\"height\":2000,\"caption\":\"Revolution Padel Store\"},\"image\":{\"@id\":\"https:\\\/\\\/revolutionpadelstore.com\\\/de\\\/#\\\/schema\\\/logo\\\/image\\\/\"},\"sameAs\":[\"https:\\\/\\\/www.instagram.com\\\/revolutionpadelstore\\\/\"]}]}<\/script>\n<!-- \/ Yoast SEO plugin. -->","yoast_head_json":{"title":"ASICS SOLUTION SPEED FF 3 CLAY - Revolution Padel Store","description":"Las zapatillas de p\u00e1del para mujer Asics Solution Speed FF 3 Clay en blanco y naranja est\u00e1n especialmente dise\u00f1adas para ofrecer un rendimiento superior en pistas de tierra batida y p\u00e1del, proporcionando una excelente amortiguaci\u00f3n y m\u00e1xima reactividad en todo momento. Cuentan con soporte adicional gracias a las inserciones laterales de TPU termoselladas, que mantienen el pie firme y bien posicionado.","robots":{"index":"index","follow":"follow","max-snippet":"max-snippet:-1","max-image-preview":"max-image-preview:large","max-video-preview":"max-video-preview:-1"},"canonical":"https:\/\/revolutionpadelstore.com\/de\/produkt\/asics-solution-speed-ff-3-clay-1\/","og_locale":"de_DE","og_type":"article","og_title":"ASICS SOLUTION SPEED FF 3 CLAY - Revolution Padel Store","og_description":"Las zapatillas de p\u00e1del para mujer Asics Solution Speed FF 3 Clay en blanco y naranja est\u00e1n especialmente dise\u00f1adas para ofrecer un rendimiento superior en pistas de tierra batida y p\u00e1del, proporcionando una excelente amortiguaci\u00f3n y m\u00e1xima reactividad en todo momento. Cuentan con soporte adicional gracias a las inserciones laterales de TPU termoselladas, que mantienen el pie firme y bien posicionado.","og_url":"https:\/\/revolutionpadelstore.com\/de\/produkt\/asics-solution-speed-ff-3-clay-1\/","og_site_name":"Revolution Padel Store","article_modified_time":"2026-04-08T07:58:12+00:00","og_image":[{"width":1500,"height":1500,"url":"https:\/\/revolutionpadelstore.com\/wp-content\/uploads\/2024\/11\/112839_zapatillas_asics_solution_speed_ff_3_clay_1042a248_102_mujer_1500x1500_1_c722.webp","type":"image\/webp"}],"twitter_card":"summary_large_image","twitter_misc":{"Gesch\u00e4tzte Lesezeit":"1\u00a0Minute"},"schema":{"@context":"https:\/\/schema.org","@graph":[{"@type":"WebPage","@id":"https:\/\/revolutionpadelstore.com\/de\/produkt\/asics-solution-speed-ff-3-clay-1\/","url":"https:\/\/revolutionpadelstore.com\/de\/produkt\/asics-solution-speed-ff-3-clay-1\/","name":"ASICS SOLUTION SPEED FF 3 CLAY - Revolution Padel Store","isPartOf":{"@id":"https:\/\/revolutionpadelstore.com\/de\/#website"},"primaryImageOfPage":{"@id":"https:\/\/revolutionpadelstore.com\/de\/produkt\/asics-solution-speed-ff-3-clay-1\/#primaryimage"},"image":{"@id":"https:\/\/revolutionpadelstore.com\/de\/produkt\/asics-solution-speed-ff-3-clay-1\/#primaryimage"},"thumbnailUrl":"https:\/\/revolutionpadelstore.com\/wp-content\/uploads\/2024\/11\/112839_zapatillas_asics_solution_speed_ff_3_clay_1042a248_102_mujer_1500x1500_1_c722.webp","datePublished":"2024-11-28T19:30:12+00:00","dateModified":"2026-04-08T07:58:12+00:00","description":"Las zapatillas de p\u00e1del para mujer Asics Solution Speed FF 3 Clay en blanco y naranja est\u00e1n especialmente dise\u00f1adas para ofrecer un rendimiento superior en pistas de tierra batida y p\u00e1del, proporcionando una excelente amortiguaci\u00f3n y m\u00e1xima reactividad en todo momento. Cuentan con soporte adicional gracias a las inserciones laterales de TPU termoselladas, que mantienen el pie firme y bien posicionado.","breadcrumb":{"@id":"https:\/\/revolutionpadelstore.com\/de\/produkt\/asics-solution-speed-ff-3-clay-1\/#breadcrumb"},"inLanguage":"de","potentialAction":[{"@type":"ReadAction","target":["https:\/\/revolutionpadelstore.com\/de\/produkt\/asics-solution-speed-ff-3-clay-1\/"]}]},{"@type":"ImageObject","inLanguage":"de","@id":"https:\/\/revolutionpadelstore.com\/de\/produkt\/asics-solution-speed-ff-3-clay-1\/#primaryimage","url":"https:\/\/revolutionpadelstore.com\/wp-content\/uploads\/2024\/11\/112839_zapatillas_asics_solution_speed_ff_3_clay_1042a248_102_mujer_1500x1500_1_c722.webp","contentUrl":"https:\/\/revolutionpadelstore.com\/wp-content\/uploads\/2024\/11\/112839_zapatillas_asics_solution_speed_ff_3_clay_1042a248_102_mujer_1500x1500_1_c722.webp","width":1500,"height":1500},{"@type":"BreadcrumbList","@id":"https:\/\/revolutionpadelstore.com\/de\/produkt\/asics-solution-speed-ff-3-clay-1\/#breadcrumb","itemListElement":[{"@type":"ListItem","position":1,"name":"Portada","item":"https:\/\/revolutionpadelstore.com\/de\/"},{"@type":"ListItem","position":2,"name":"Shop","item":"https:\/\/revolutionpadelstore.com\/de\/tienda\/"},{"@type":"ListItem","position":3,"name":"ASICS SOLUTION SPEED FF 3 CLAY"}]},{"@type":"WebSite","@id":"https:\/\/revolutionpadelstore.com\/de\/#website","url":"https:\/\/revolutionpadelstore.com\/de\/","name":"Revolution Padel Store","description":"","publisher":{"@id":"https:\/\/revolutionpadelstore.com\/de\/#organization"},"potentialAction":[{"@type":"SearchAction","target":{"@type":"EntryPoint","urlTemplate":"https:\/\/revolutionpadelstore.com\/de\/?s={search_term_string}"},"query-input":{"@type":"PropertyValueSpecification","valueRequired":true,"valueName":"search_term_string"}}],"inLanguage":"de"},{"@type":"Organization","@id":"https:\/\/revolutionpadelstore.com\/de\/#organization","name":"Revolution Padel Store","url":"https:\/\/revolutionpadelstore.com\/de\/","logo":{"@type":"ImageObject","inLanguage":"de","@id":"https:\/\/revolutionpadelstore.com\/de\/#\/schema\/logo\/image\/","url":"https:\/\/revolutionpadelstore.com\/wp-content\/uploads\/2026\/02\/revolution-padel-store.jpg","contentUrl":"https:\/\/revolutionpadelstore.com\/wp-content\/uploads\/2026\/02\/revolution-padel-store.jpg","width":2000,"height":2000,"caption":"Revolution Padel Store"},"image":{"@id":"https:\/\/revolutionpadelstore.com\/de\/#\/schema\/logo\/image\/"},"sameAs":["https:\/\/www.instagram.com\/revolutionpadelstore\/"]}]}},"_links":{"self":[{"href":"https:\/\/revolutionpadelstore.com\/de\/wp-json\/wp\/v2\/product\/129872","targetHints":{"allow":["GET"]}}],"collection":[{"href":"https:\/\/revolutionpadelstore.com\/de\/wp-json\/wp\/v2\/product"}],"about":[{"href":"https:\/\/revolutionpadelstore.com\/de\/wp-json\/wp\/v2\/types\/product"}],"replies":[{"embeddable":true,"href":"https:\/\/revolutionpadelstore.com\/de\/wp-json\/wp\/v2\/comments?post=129872"}],"wp:featuredmedia":[{"embeddable":true,"href":"https:\/\/revolutionpadelstore.com\/de\/wp-json\/wp\/v2\/media\/129830"}],"wp:attachment":[{"href":"https:\/\/revolutionpadelstore.com\/de\/wp-json\/wp\/v2\/media?parent=129872"}],"wp:term":[{"taxonomy":"acabado","embeddable":true,"href":"https:\/\/revolutionpadelstore.com\/de\/wp-json\/wp\/v2\/acabado?post=129872"},{"taxonomy":"balance","embeddable":true,"href":"https:\/\/revolutionpadelstore.com\/de\/wp-json\/wp\/v2\/balance?post=129872"},{"taxonomy":"dureza","embeddable":true,"href":"https:\/\/revolutionpadelstore.com\/de\/wp-json\/wp\/v2\/dureza?post=129872"},{"taxonomy":"forma","embeddable":true,"href":"https:\/\/revolutionpadelstore.com\/de\/wp-json\/wp\/v2\/forma?post=129872"},{"taxonomy":"jugador","embeddable":true,"href":"https:\/\/revolutionpadelstore.com\/de\/wp-json\/wp\/v2\/jugador?post=129872"},{"taxonomy":"marca","embeddable":true,"href":"https:\/\/revolutionpadelstore.com\/de\/wp-json\/wp\/v2\/marca?post=129872"},{"taxonomy":"nivel-de-juego","embeddable":true,"href":"https:\/\/revolutionpadelstore.com\/de\/wp-json\/wp\/v2\/nivel-de-juego?post=129872"},{"taxonomy":"superficie","embeddable":true,"href":"https:\/\/revolutionpadelstore.com\/de\/wp-json\/wp\/v2\/superficie?post=129872"},{"taxonomy":"tipo-de-juego","embeddable":true,"href":"https:\/\/revolutionpadelstore.com\/de\/wp-json\/wp\/v2\/tipo-de-juego?post=129872"},{"taxonomy":"product_brand","embeddable":true,"href":"https:\/\/revolutionpadelstore.com\/de\/wp-json\/wp\/v2\/product_brand?post=129872"},{"taxonomy":"product_cat","embeddable":true,"href":"https:\/\/revolutionpadelstore.com\/de\/wp-json\/wp\/v2\/product_cat?post=129872"},{"taxonomy":"product_tag","embeddable":true,"href":"https:\/\/revolutionpadelstore.com\/de\/wp-json\/wp\/v2\/product_tag?post=129872"}],"curies":[{"name":"wp","href":"https:\/\/api.w.org\/{rel}","templated":true}]}}