{"id":129609,"date":"2024-11-27T08:40:50","date_gmt":"2024-11-27T07:40:50","guid":{"rendered":"https:\/\/revolutionpadelstore.com\/par-munequeras-adidas-s-azul\/"},"modified":"2026-04-08T10:00:00","modified_gmt":"2026-04-08T08:00:00","slug":"par-munequeras-adidas-s-azul-1","status":"publish","type":"product","link":"https:\/\/revolutionpadelstore.com\/de\/produkt\/par-munequeras-adidas-s-azul-1\/","title":{"rendered":"PAR MU\u00d1EQUERAS ADIDAS S AZUL"},"content":{"rendered":"<h2> par adidas s blau<br \/>\nDas Paar <strong> adidas Puppen s <\/strong> in Blau ist die wesentliche Erg\u00e4nzung f\u00fcr jeden Sportler. Das kurze Design bietet eine komfortable und feste Anpassung, <\/strong>, um sicherzustellen, dass der Schwei\u00df Ihre Leistung nicht beeintr\u00e4chtigt. Hergestellt aus elastischem Gewebe von recyceltem Polyester und Baumwolle bietet eine hohe Kapazit\u00e4t f\u00fcr Absorption und Leichtigkeit und h\u00e4lt Sie jederzeit trocken.<\/p>\n<p>Offiziere des <strong> Ale Gal\u00e1n <\/strong> -Spieler, diese <strong> adidas Short Dolls <\/strong> kombinieren Funktionalit\u00e4t und Stil, mit einem silbernen Logo, das vorne gestickt ist und eine moderne Note verleiht. Sie sind perfekt f\u00fcr diejenigen, die ein wesentliches Accessoire suchen, das auf der Strecke Komfort und Leistung bietet.<\/p>\n<h2>Par Mu\u00f1equeras Adidas S Azul<\/h2>\n","protected":false},"excerpt":{"rendered":"<p>Das Blue Adidas S -Armb\u00e4nder konzipiert an die Bed\u00fcrfnisse aller Art von Spielern und garantieren im gesamten Spiel angenehme Empfindungen. Elastische Einstellung<\/p>\n","protected":false},"featured_media":129586,"comment_status":"open","ping_status":"closed","template":"","meta":{"_acf_changed":false,"_joinchat":[]},"acabado":[],"balance":[],"dureza":[],"forma":[],"jugador":[],"marca":[1229],"nivel-de-juego":[],"superficie":[],"tipo-de-juego":[],"product_brand":[],"product_cat":[558],"product_tag":[],"class_list":{"0":"post-129609","1":"product","2":"type-product","3":"status-publish","4":"has-post-thumbnail","6":"marca-adidas-de","7":"product_cat-zubehor","9":"first","10":"instock","11":"sale","12":"taxable","13":"shipping-taxable","14":"purchasable","15":"product-type-simple"},"acf":[],"yoast_head":"<!-- This site is optimized with the Yoast SEO plugin v27.4 - https:\/\/yoast.com\/product\/yoast-seo-wordpress\/ -->\n<title>PAR MU\u00d1EQUERAS ADIDAS S AZUL - Revolution Padel Store<\/title>\n<meta name=\"description\" content=\"El par de\u00a0Mu\u00f1equeras Adidas S\u00a0en azul es\u00a0el complemento imprescindible para cualquier deportista. Su dise\u00f1o corto proporciona un\u00a0ajuste c\u00f3modo y firme,\u00a0asegurando que el sudor no interfiera en tu rendimiento. Confeccionadas con tejido el\u00e1stico de poli\u00e9ster reciclado y algod\u00f3n, brindan una alta capacidad de absorci\u00f3n y ligereza, manteni\u00e9ndote seco\u00a0en todo momento.\" \/>\n<meta name=\"robots\" content=\"index, follow, max-snippet:-1, max-image-preview:large, max-video-preview:-1\" \/>\n<link rel=\"canonical\" href=\"https:\/\/revolutionpadelstore.com\/de\/produkt\/par-munequeras-adidas-s-azul-1\/\" \/>\n<meta property=\"og:locale\" content=\"de_DE\" \/>\n<meta property=\"og:type\" content=\"article\" \/>\n<meta property=\"og:title\" content=\"PAR MU\u00d1EQUERAS ADIDAS S AZUL - Revolution Padel Store\" \/>\n<meta property=\"og:description\" content=\"El par de\u00a0Mu\u00f1equeras Adidas S\u00a0en azul es\u00a0el complemento imprescindible para cualquier deportista. Su dise\u00f1o corto proporciona un\u00a0ajuste c\u00f3modo y firme,\u00a0asegurando que el sudor no interfiera en tu rendimiento. Confeccionadas con tejido el\u00e1stico de poli\u00e9ster reciclado y algod\u00f3n, brindan una alta capacidad de absorci\u00f3n y ligereza, manteni\u00e9ndote seco\u00a0en todo momento.\" \/>\n<meta property=\"og:url\" content=\"https:\/\/revolutionpadelstore.com\/de\/produkt\/par-munequeras-adidas-s-azul-1\/\" \/>\n<meta property=\"og:site_name\" content=\"Revolution Padel Store\" \/>\n<meta property=\"article:modified_time\" content=\"2026-04-08T08:00:00+00:00\" \/>\n<meta property=\"og:image\" content=\"https:\/\/revolutionpadelstore.com\/wp-content\/uploads\/2024\/11\/32350_par_munequera_adidas_s_aa4wc2s49_1500x1500_1_4257.webp\" \/>\n\t<meta property=\"og:image:width\" content=\"1500\" \/>\n\t<meta property=\"og:image:height\" content=\"1500\" \/>\n\t<meta property=\"og:image:type\" content=\"image\/webp\" \/>\n<meta name=\"twitter:card\" content=\"summary_large_image\" \/>\n<meta name=\"twitter:label1\" content=\"Gesch\u00e4tzte Lesezeit\" \/>\n\t<meta name=\"twitter:data1\" content=\"1\u00a0Minute\" \/>\n<script type=\"application\/ld+json\" class=\"yoast-schema-graph\">{\"@context\":\"https:\\\/\\\/schema.org\",\"@graph\":[{\"@type\":\"WebPage\",\"@id\":\"https:\\\/\\\/revolutionpadelstore.com\\\/de\\\/produkt\\\/par-munequeras-adidas-s-azul-1\\\/\",\"url\":\"https:\\\/\\\/revolutionpadelstore.com\\\/de\\\/produkt\\\/par-munequeras-adidas-s-azul-1\\\/\",\"name\":\"PAR MU\u00d1EQUERAS ADIDAS S AZUL - Revolution Padel Store\",\"isPartOf\":{\"@id\":\"https:\\\/\\\/revolutionpadelstore.com\\\/de\\\/#website\"},\"primaryImageOfPage\":{\"@id\":\"https:\\\/\\\/revolutionpadelstore.com\\\/de\\\/produkt\\\/par-munequeras-adidas-s-azul-1\\\/#primaryimage\"},\"image\":{\"@id\":\"https:\\\/\\\/revolutionpadelstore.com\\\/de\\\/produkt\\\/par-munequeras-adidas-s-azul-1\\\/#primaryimage\"},\"thumbnailUrl\":\"https:\\\/\\\/revolutionpadelstore.com\\\/wp-content\\\/uploads\\\/2024\\\/11\\\/32350_par_munequera_adidas_s_aa4wc2s49_1500x1500_1_4257.webp\",\"datePublished\":\"2024-11-27T07:40:50+00:00\",\"dateModified\":\"2026-04-08T08:00:00+00:00\",\"description\":\"El par de\u00a0Mu\u00f1equeras Adidas S\u00a0en azul es\u00a0el complemento imprescindible para cualquier deportista. Su dise\u00f1o corto proporciona un\u00a0ajuste c\u00f3modo y firme,\u00a0asegurando que el sudor no interfiera en tu rendimiento. Confeccionadas con tejido el\u00e1stico de poli\u00e9ster reciclado y algod\u00f3n, brindan una alta capacidad de absorci\u00f3n y ligereza, manteni\u00e9ndote seco\u00a0en todo momento.\",\"breadcrumb\":{\"@id\":\"https:\\\/\\\/revolutionpadelstore.com\\\/de\\\/produkt\\\/par-munequeras-adidas-s-azul-1\\\/#breadcrumb\"},\"inLanguage\":\"de\",\"potentialAction\":[{\"@type\":\"ReadAction\",\"target\":[\"https:\\\/\\\/revolutionpadelstore.com\\\/de\\\/produkt\\\/par-munequeras-adidas-s-azul-1\\\/\"]}]},{\"@type\":\"ImageObject\",\"inLanguage\":\"de\",\"@id\":\"https:\\\/\\\/revolutionpadelstore.com\\\/de\\\/produkt\\\/par-munequeras-adidas-s-azul-1\\\/#primaryimage\",\"url\":\"https:\\\/\\\/revolutionpadelstore.com\\\/wp-content\\\/uploads\\\/2024\\\/11\\\/32350_par_munequera_adidas_s_aa4wc2s49_1500x1500_1_4257.webp\",\"contentUrl\":\"https:\\\/\\\/revolutionpadelstore.com\\\/wp-content\\\/uploads\\\/2024\\\/11\\\/32350_par_munequera_adidas_s_aa4wc2s49_1500x1500_1_4257.webp\",\"width\":1500,\"height\":1500},{\"@type\":\"BreadcrumbList\",\"@id\":\"https:\\\/\\\/revolutionpadelstore.com\\\/de\\\/produkt\\\/par-munequeras-adidas-s-azul-1\\\/#breadcrumb\",\"itemListElement\":[{\"@type\":\"ListItem\",\"position\":1,\"name\":\"Portada\",\"item\":\"https:\\\/\\\/revolutionpadelstore.com\\\/de\\\/\"},{\"@type\":\"ListItem\",\"position\":2,\"name\":\"Shop\",\"item\":\"https:\\\/\\\/revolutionpadelstore.com\\\/de\\\/tienda\\\/\"},{\"@type\":\"ListItem\",\"position\":3,\"name\":\"PAR MU\u00d1EQUERAS ADIDAS S AZUL\"}]},{\"@type\":\"WebSite\",\"@id\":\"https:\\\/\\\/revolutionpadelstore.com\\\/de\\\/#website\",\"url\":\"https:\\\/\\\/revolutionpadelstore.com\\\/de\\\/\",\"name\":\"Revolution Padel Store\",\"description\":\"\",\"publisher\":{\"@id\":\"https:\\\/\\\/revolutionpadelstore.com\\\/de\\\/#organization\"},\"potentialAction\":[{\"@type\":\"SearchAction\",\"target\":{\"@type\":\"EntryPoint\",\"urlTemplate\":\"https:\\\/\\\/revolutionpadelstore.com\\\/de\\\/?s={search_term_string}\"},\"query-input\":{\"@type\":\"PropertyValueSpecification\",\"valueRequired\":true,\"valueName\":\"search_term_string\"}}],\"inLanguage\":\"de\"},{\"@type\":\"Organization\",\"@id\":\"https:\\\/\\\/revolutionpadelstore.com\\\/de\\\/#organization\",\"name\":\"Revolution Padel Store\",\"url\":\"https:\\\/\\\/revolutionpadelstore.com\\\/de\\\/\",\"logo\":{\"@type\":\"ImageObject\",\"inLanguage\":\"de\",\"@id\":\"https:\\\/\\\/revolutionpadelstore.com\\\/de\\\/#\\\/schema\\\/logo\\\/image\\\/\",\"url\":\"https:\\\/\\\/revolutionpadelstore.com\\\/wp-content\\\/uploads\\\/2026\\\/02\\\/revolution-padel-store.jpg\",\"contentUrl\":\"https:\\\/\\\/revolutionpadelstore.com\\\/wp-content\\\/uploads\\\/2026\\\/02\\\/revolution-padel-store.jpg\",\"width\":2000,\"height\":2000,\"caption\":\"Revolution Padel Store\"},\"image\":{\"@id\":\"https:\\\/\\\/revolutionpadelstore.com\\\/de\\\/#\\\/schema\\\/logo\\\/image\\\/\"},\"sameAs\":[\"https:\\\/\\\/www.instagram.com\\\/revolutionpadelstore\\\/\"]}]}<\/script>\n<!-- \/ Yoast SEO plugin. -->","yoast_head_json":{"title":"PAR MU\u00d1EQUERAS ADIDAS S AZUL - Revolution Padel Store","description":"El par de\u00a0Mu\u00f1equeras Adidas S\u00a0en azul es\u00a0el complemento imprescindible para cualquier deportista. Su dise\u00f1o corto proporciona un\u00a0ajuste c\u00f3modo y firme,\u00a0asegurando que el sudor no interfiera en tu rendimiento. Confeccionadas con tejido el\u00e1stico de poli\u00e9ster reciclado y algod\u00f3n, brindan una alta capacidad de absorci\u00f3n y ligereza, manteni\u00e9ndote seco\u00a0en todo momento.","robots":{"index":"index","follow":"follow","max-snippet":"max-snippet:-1","max-image-preview":"max-image-preview:large","max-video-preview":"max-video-preview:-1"},"canonical":"https:\/\/revolutionpadelstore.com\/de\/produkt\/par-munequeras-adidas-s-azul-1\/","og_locale":"de_DE","og_type":"article","og_title":"PAR MU\u00d1EQUERAS ADIDAS S AZUL - Revolution Padel Store","og_description":"El par de\u00a0Mu\u00f1equeras Adidas S\u00a0en azul es\u00a0el complemento imprescindible para cualquier deportista. Su dise\u00f1o corto proporciona un\u00a0ajuste c\u00f3modo y firme,\u00a0asegurando que el sudor no interfiera en tu rendimiento. Confeccionadas con tejido el\u00e1stico de poli\u00e9ster reciclado y algod\u00f3n, brindan una alta capacidad de absorci\u00f3n y ligereza, manteni\u00e9ndote seco\u00a0en todo momento.","og_url":"https:\/\/revolutionpadelstore.com\/de\/produkt\/par-munequeras-adidas-s-azul-1\/","og_site_name":"Revolution Padel Store","article_modified_time":"2026-04-08T08:00:00+00:00","og_image":[{"width":1500,"height":1500,"url":"https:\/\/revolutionpadelstore.com\/wp-content\/uploads\/2024\/11\/32350_par_munequera_adidas_s_aa4wc2s49_1500x1500_1_4257.webp","type":"image\/webp"}],"twitter_card":"summary_large_image","twitter_misc":{"Gesch\u00e4tzte Lesezeit":"1\u00a0Minute"},"schema":{"@context":"https:\/\/schema.org","@graph":[{"@type":"WebPage","@id":"https:\/\/revolutionpadelstore.com\/de\/produkt\/par-munequeras-adidas-s-azul-1\/","url":"https:\/\/revolutionpadelstore.com\/de\/produkt\/par-munequeras-adidas-s-azul-1\/","name":"PAR MU\u00d1EQUERAS ADIDAS S AZUL - Revolution Padel Store","isPartOf":{"@id":"https:\/\/revolutionpadelstore.com\/de\/#website"},"primaryImageOfPage":{"@id":"https:\/\/revolutionpadelstore.com\/de\/produkt\/par-munequeras-adidas-s-azul-1\/#primaryimage"},"image":{"@id":"https:\/\/revolutionpadelstore.com\/de\/produkt\/par-munequeras-adidas-s-azul-1\/#primaryimage"},"thumbnailUrl":"https:\/\/revolutionpadelstore.com\/wp-content\/uploads\/2024\/11\/32350_par_munequera_adidas_s_aa4wc2s49_1500x1500_1_4257.webp","datePublished":"2024-11-27T07:40:50+00:00","dateModified":"2026-04-08T08:00:00+00:00","description":"El par de\u00a0Mu\u00f1equeras Adidas S\u00a0en azul es\u00a0el complemento imprescindible para cualquier deportista. Su dise\u00f1o corto proporciona un\u00a0ajuste c\u00f3modo y firme,\u00a0asegurando que el sudor no interfiera en tu rendimiento. Confeccionadas con tejido el\u00e1stico de poli\u00e9ster reciclado y algod\u00f3n, brindan una alta capacidad de absorci\u00f3n y ligereza, manteni\u00e9ndote seco\u00a0en todo momento.","breadcrumb":{"@id":"https:\/\/revolutionpadelstore.com\/de\/produkt\/par-munequeras-adidas-s-azul-1\/#breadcrumb"},"inLanguage":"de","potentialAction":[{"@type":"ReadAction","target":["https:\/\/revolutionpadelstore.com\/de\/produkt\/par-munequeras-adidas-s-azul-1\/"]}]},{"@type":"ImageObject","inLanguage":"de","@id":"https:\/\/revolutionpadelstore.com\/de\/produkt\/par-munequeras-adidas-s-azul-1\/#primaryimage","url":"https:\/\/revolutionpadelstore.com\/wp-content\/uploads\/2024\/11\/32350_par_munequera_adidas_s_aa4wc2s49_1500x1500_1_4257.webp","contentUrl":"https:\/\/revolutionpadelstore.com\/wp-content\/uploads\/2024\/11\/32350_par_munequera_adidas_s_aa4wc2s49_1500x1500_1_4257.webp","width":1500,"height":1500},{"@type":"BreadcrumbList","@id":"https:\/\/revolutionpadelstore.com\/de\/produkt\/par-munequeras-adidas-s-azul-1\/#breadcrumb","itemListElement":[{"@type":"ListItem","position":1,"name":"Portada","item":"https:\/\/revolutionpadelstore.com\/de\/"},{"@type":"ListItem","position":2,"name":"Shop","item":"https:\/\/revolutionpadelstore.com\/de\/tienda\/"},{"@type":"ListItem","position":3,"name":"PAR MU\u00d1EQUERAS ADIDAS S AZUL"}]},{"@type":"WebSite","@id":"https:\/\/revolutionpadelstore.com\/de\/#website","url":"https:\/\/revolutionpadelstore.com\/de\/","name":"Revolution Padel Store","description":"","publisher":{"@id":"https:\/\/revolutionpadelstore.com\/de\/#organization"},"potentialAction":[{"@type":"SearchAction","target":{"@type":"EntryPoint","urlTemplate":"https:\/\/revolutionpadelstore.com\/de\/?s={search_term_string}"},"query-input":{"@type":"PropertyValueSpecification","valueRequired":true,"valueName":"search_term_string"}}],"inLanguage":"de"},{"@type":"Organization","@id":"https:\/\/revolutionpadelstore.com\/de\/#organization","name":"Revolution Padel Store","url":"https:\/\/revolutionpadelstore.com\/de\/","logo":{"@type":"ImageObject","inLanguage":"de","@id":"https:\/\/revolutionpadelstore.com\/de\/#\/schema\/logo\/image\/","url":"https:\/\/revolutionpadelstore.com\/wp-content\/uploads\/2026\/02\/revolution-padel-store.jpg","contentUrl":"https:\/\/revolutionpadelstore.com\/wp-content\/uploads\/2026\/02\/revolution-padel-store.jpg","width":2000,"height":2000,"caption":"Revolution Padel Store"},"image":{"@id":"https:\/\/revolutionpadelstore.com\/de\/#\/schema\/logo\/image\/"},"sameAs":["https:\/\/www.instagram.com\/revolutionpadelstore\/"]}]}},"_links":{"self":[{"href":"https:\/\/revolutionpadelstore.com\/de\/wp-json\/wp\/v2\/product\/129609","targetHints":{"allow":["GET"]}}],"collection":[{"href":"https:\/\/revolutionpadelstore.com\/de\/wp-json\/wp\/v2\/product"}],"about":[{"href":"https:\/\/revolutionpadelstore.com\/de\/wp-json\/wp\/v2\/types\/product"}],"replies":[{"embeddable":true,"href":"https:\/\/revolutionpadelstore.com\/de\/wp-json\/wp\/v2\/comments?post=129609"}],"wp:featuredmedia":[{"embeddable":true,"href":"https:\/\/revolutionpadelstore.com\/de\/wp-json\/wp\/v2\/media\/129586"}],"wp:attachment":[{"href":"https:\/\/revolutionpadelstore.com\/de\/wp-json\/wp\/v2\/media?parent=129609"}],"wp:term":[{"taxonomy":"acabado","embeddable":true,"href":"https:\/\/revolutionpadelstore.com\/de\/wp-json\/wp\/v2\/acabado?post=129609"},{"taxonomy":"balance","embeddable":true,"href":"https:\/\/revolutionpadelstore.com\/de\/wp-json\/wp\/v2\/balance?post=129609"},{"taxonomy":"dureza","embeddable":true,"href":"https:\/\/revolutionpadelstore.com\/de\/wp-json\/wp\/v2\/dureza?post=129609"},{"taxonomy":"forma","embeddable":true,"href":"https:\/\/revolutionpadelstore.com\/de\/wp-json\/wp\/v2\/forma?post=129609"},{"taxonomy":"jugador","embeddable":true,"href":"https:\/\/revolutionpadelstore.com\/de\/wp-json\/wp\/v2\/jugador?post=129609"},{"taxonomy":"marca","embeddable":true,"href":"https:\/\/revolutionpadelstore.com\/de\/wp-json\/wp\/v2\/marca?post=129609"},{"taxonomy":"nivel-de-juego","embeddable":true,"href":"https:\/\/revolutionpadelstore.com\/de\/wp-json\/wp\/v2\/nivel-de-juego?post=129609"},{"taxonomy":"superficie","embeddable":true,"href":"https:\/\/revolutionpadelstore.com\/de\/wp-json\/wp\/v2\/superficie?post=129609"},{"taxonomy":"tipo-de-juego","embeddable":true,"href":"https:\/\/revolutionpadelstore.com\/de\/wp-json\/wp\/v2\/tipo-de-juego?post=129609"},{"taxonomy":"product_brand","embeddable":true,"href":"https:\/\/revolutionpadelstore.com\/de\/wp-json\/wp\/v2\/product_brand?post=129609"},{"taxonomy":"product_cat","embeddable":true,"href":"https:\/\/revolutionpadelstore.com\/de\/wp-json\/wp\/v2\/product_cat?post=129609"},{"taxonomy":"product_tag","embeddable":true,"href":"https:\/\/revolutionpadelstore.com\/de\/wp-json\/wp\/v2\/product_tag?post=129609"}],"curies":[{"name":"wp","href":"https:\/\/api.w.org\/{rel}","templated":true}]}}