{"id":129524,"date":"2024-11-27T08:27:12","date_gmt":"2024-11-27T07:27:12","guid":{"rendered":"https:\/\/revolutionpadelstore.com\/par-munequera-adidas-larga-rojo\/"},"modified":"2026-04-08T10:01:29","modified_gmt":"2026-04-08T08:01:29","slug":"par-munequera-adidas-larga-rojo-1","status":"publish","type":"product","link":"https:\/\/revolutionpadelstore.com\/de\/produkt\/par-munequera-adidas-larga-rojo-1\/","title":{"rendered":"PAR MU\u00d1EQUERA ADIDAS LARGA ROJO"},"content":{"rendered":"<h2> TARM adidas Red Long Wasserscheide<br \/>\nDie <strong> adidas langen Puppen in Rot <\/strong> kombinieren Funktionalit\u00e4t und Stil. Diese Puppen mit 74% recyceltem Polyester, 23% Baumwolle und 3% Elastan hergestellt und sind weich, elastisch und sehr komfortabel. Sie sind so konzipiert, dass Sie Schwei\u00df effizient absorbieren, und erm\u00f6glichen es Ihnen, sich auf Ihr Training ohne Ablenkungen zu konzentrieren.<\/p>\n<p>Das graue Sticker Adidas -Logo sticht auf dem roten Hintergrund ab und bietet eine charakteristische und sportliche Ber\u00fchrung. Dieses Accessoire ist ideal f\u00fcr diejenigen, die ein Gleichgewicht zwischen Leistung und Stil suchen, entweder im Fitnessstudio, auf dem Platz oder bei t\u00e4glichen Aktivit\u00e4ten.<\/p>\n<h2>Par Mu\u00f1equera Adidas Larga Rojo<\/h2>\n","protected":false},"excerpt":{"rendered":"<p>Lange Adidas in roten Puppen, bestehend aus recyceltem Polyester, Baumwolle und Elastan. Sie absorbieren Schwei\u00df, bieten Komfort und haben ein wei\u00dfes gestickeltes Logo, das sich auf dem Boden f\u00e4llt.<\/p>\n","protected":false},"featured_media":129501,"comment_status":"open","ping_status":"closed","template":"","meta":{"_acf_changed":false,"_joinchat":[]},"acabado":[],"balance":[],"dureza":[],"forma":[],"jugador":[],"marca":[1229],"nivel-de-juego":[],"superficie":[],"tipo-de-juego":[],"product_brand":[],"product_cat":[558],"product_tag":[],"class_list":{"0":"post-129524","1":"product","2":"type-product","3":"status-publish","4":"has-post-thumbnail","6":"marca-adidas-de","7":"product_cat-zubehor","9":"first","10":"instock","11":"sale","12":"taxable","13":"shipping-taxable","14":"purchasable","15":"product-type-simple"},"acf":[],"yoast_head":"<!-- This site is optimized with the Yoast SEO plugin v27.4 - https:\/\/yoast.com\/product\/yoast-seo-wordpress\/ -->\n<title>PAR MU\u00d1EQUERA ADIDAS LARGA ROJO - Revolution Padel Store<\/title>\n<meta name=\"description\" content=\"Las\u00a0mu\u00f1equeras largas Adidas en color rojo\u00a0combinan funcionalidad y estilo. Fabricadas con un 74% de poli\u00e9ster reciclado, 23% de algod\u00f3n y 3% de elast\u00e1n, estas mu\u00f1equeras son suaves, el\u00e1sticas y muy c\u00f3modas. Dise\u00f1adas para absorber el sudor de manera eficiente, permiten que te concentres en tu entrenamiento sin distracciones.\" \/>\n<meta name=\"robots\" content=\"index, follow, max-snippet:-1, max-image-preview:large, max-video-preview:-1\" \/>\n<link rel=\"canonical\" href=\"https:\/\/revolutionpadelstore.com\/de\/produkt\/par-munequera-adidas-larga-rojo-1\/\" \/>\n<meta property=\"og:locale\" content=\"de_DE\" \/>\n<meta property=\"og:type\" content=\"article\" \/>\n<meta property=\"og:title\" content=\"PAR MU\u00d1EQUERA ADIDAS LARGA ROJO - Revolution Padel Store\" \/>\n<meta property=\"og:description\" content=\"Las\u00a0mu\u00f1equeras largas Adidas en color rojo\u00a0combinan funcionalidad y estilo. Fabricadas con un 74% de poli\u00e9ster reciclado, 23% de algod\u00f3n y 3% de elast\u00e1n, estas mu\u00f1equeras son suaves, el\u00e1sticas y muy c\u00f3modas. Dise\u00f1adas para absorber el sudor de manera eficiente, permiten que te concentres en tu entrenamiento sin distracciones.\" \/>\n<meta property=\"og:url\" content=\"https:\/\/revolutionpadelstore.com\/de\/produkt\/par-munequera-adidas-larga-rojo-1\/\" \/>\n<meta property=\"og:site_name\" content=\"Revolution Padel Store\" \/>\n<meta property=\"article:modified_time\" content=\"2026-04-08T08:01:29+00:00\" \/>\n<meta property=\"og:image\" content=\"https:\/\/revolutionpadelstore.com\/wp-content\/uploads\/2024\/11\/32353_par_munequera_adidas_l_aa4wc5l50_1500x1500_1_a2c3.webp\" \/>\n\t<meta property=\"og:image:width\" content=\"1500\" \/>\n\t<meta property=\"og:image:height\" content=\"1500\" \/>\n\t<meta property=\"og:image:type\" content=\"image\/webp\" \/>\n<meta name=\"twitter:card\" content=\"summary_large_image\" \/>\n<meta name=\"twitter:label1\" content=\"Gesch\u00e4tzte Lesezeit\" \/>\n\t<meta name=\"twitter:data1\" content=\"1\u00a0Minute\" \/>\n<script type=\"application\/ld+json\" class=\"yoast-schema-graph\">{\"@context\":\"https:\\\/\\\/schema.org\",\"@graph\":[{\"@type\":\"WebPage\",\"@id\":\"https:\\\/\\\/revolutionpadelstore.com\\\/de\\\/produkt\\\/par-munequera-adidas-larga-rojo-1\\\/\",\"url\":\"https:\\\/\\\/revolutionpadelstore.com\\\/de\\\/produkt\\\/par-munequera-adidas-larga-rojo-1\\\/\",\"name\":\"PAR MU\u00d1EQUERA ADIDAS LARGA ROJO - Revolution Padel Store\",\"isPartOf\":{\"@id\":\"https:\\\/\\\/revolutionpadelstore.com\\\/de\\\/#website\"},\"primaryImageOfPage\":{\"@id\":\"https:\\\/\\\/revolutionpadelstore.com\\\/de\\\/produkt\\\/par-munequera-adidas-larga-rojo-1\\\/#primaryimage\"},\"image\":{\"@id\":\"https:\\\/\\\/revolutionpadelstore.com\\\/de\\\/produkt\\\/par-munequera-adidas-larga-rojo-1\\\/#primaryimage\"},\"thumbnailUrl\":\"https:\\\/\\\/revolutionpadelstore.com\\\/wp-content\\\/uploads\\\/2024\\\/11\\\/32353_par_munequera_adidas_l_aa4wc5l50_1500x1500_1_a2c3.webp\",\"datePublished\":\"2024-11-27T07:27:12+00:00\",\"dateModified\":\"2026-04-08T08:01:29+00:00\",\"description\":\"Las\u00a0mu\u00f1equeras largas Adidas en color rojo\u00a0combinan funcionalidad y estilo. Fabricadas con un 74% de poli\u00e9ster reciclado, 23% de algod\u00f3n y 3% de elast\u00e1n, estas mu\u00f1equeras son suaves, el\u00e1sticas y muy c\u00f3modas. Dise\u00f1adas para absorber el sudor de manera eficiente, permiten que te concentres en tu entrenamiento sin distracciones.\",\"breadcrumb\":{\"@id\":\"https:\\\/\\\/revolutionpadelstore.com\\\/de\\\/produkt\\\/par-munequera-adidas-larga-rojo-1\\\/#breadcrumb\"},\"inLanguage\":\"de\",\"potentialAction\":[{\"@type\":\"ReadAction\",\"target\":[\"https:\\\/\\\/revolutionpadelstore.com\\\/de\\\/produkt\\\/par-munequera-adidas-larga-rojo-1\\\/\"]}]},{\"@type\":\"ImageObject\",\"inLanguage\":\"de\",\"@id\":\"https:\\\/\\\/revolutionpadelstore.com\\\/de\\\/produkt\\\/par-munequera-adidas-larga-rojo-1\\\/#primaryimage\",\"url\":\"https:\\\/\\\/revolutionpadelstore.com\\\/wp-content\\\/uploads\\\/2024\\\/11\\\/32353_par_munequera_adidas_l_aa4wc5l50_1500x1500_1_a2c3.webp\",\"contentUrl\":\"https:\\\/\\\/revolutionpadelstore.com\\\/wp-content\\\/uploads\\\/2024\\\/11\\\/32353_par_munequera_adidas_l_aa4wc5l50_1500x1500_1_a2c3.webp\",\"width\":1500,\"height\":1500},{\"@type\":\"BreadcrumbList\",\"@id\":\"https:\\\/\\\/revolutionpadelstore.com\\\/de\\\/produkt\\\/par-munequera-adidas-larga-rojo-1\\\/#breadcrumb\",\"itemListElement\":[{\"@type\":\"ListItem\",\"position\":1,\"name\":\"Portada\",\"item\":\"https:\\\/\\\/revolutionpadelstore.com\\\/de\\\/\"},{\"@type\":\"ListItem\",\"position\":2,\"name\":\"Shop\",\"item\":\"https:\\\/\\\/revolutionpadelstore.com\\\/de\\\/tienda\\\/\"},{\"@type\":\"ListItem\",\"position\":3,\"name\":\"PAR MU\u00d1EQUERA ADIDAS LARGA ROJO\"}]},{\"@type\":\"WebSite\",\"@id\":\"https:\\\/\\\/revolutionpadelstore.com\\\/de\\\/#website\",\"url\":\"https:\\\/\\\/revolutionpadelstore.com\\\/de\\\/\",\"name\":\"Revolution Padel Store\",\"description\":\"\",\"publisher\":{\"@id\":\"https:\\\/\\\/revolutionpadelstore.com\\\/de\\\/#organization\"},\"potentialAction\":[{\"@type\":\"SearchAction\",\"target\":{\"@type\":\"EntryPoint\",\"urlTemplate\":\"https:\\\/\\\/revolutionpadelstore.com\\\/de\\\/?s={search_term_string}\"},\"query-input\":{\"@type\":\"PropertyValueSpecification\",\"valueRequired\":true,\"valueName\":\"search_term_string\"}}],\"inLanguage\":\"de\"},{\"@type\":\"Organization\",\"@id\":\"https:\\\/\\\/revolutionpadelstore.com\\\/de\\\/#organization\",\"name\":\"Revolution Padel Store\",\"url\":\"https:\\\/\\\/revolutionpadelstore.com\\\/de\\\/\",\"logo\":{\"@type\":\"ImageObject\",\"inLanguage\":\"de\",\"@id\":\"https:\\\/\\\/revolutionpadelstore.com\\\/de\\\/#\\\/schema\\\/logo\\\/image\\\/\",\"url\":\"https:\\\/\\\/revolutionpadelstore.com\\\/wp-content\\\/uploads\\\/2026\\\/02\\\/revolution-padel-store.jpg\",\"contentUrl\":\"https:\\\/\\\/revolutionpadelstore.com\\\/wp-content\\\/uploads\\\/2026\\\/02\\\/revolution-padel-store.jpg\",\"width\":2000,\"height\":2000,\"caption\":\"Revolution Padel Store\"},\"image\":{\"@id\":\"https:\\\/\\\/revolutionpadelstore.com\\\/de\\\/#\\\/schema\\\/logo\\\/image\\\/\"},\"sameAs\":[\"https:\\\/\\\/www.instagram.com\\\/revolutionpadelstore\\\/\"]}]}<\/script>\n<!-- \/ Yoast SEO plugin. -->","yoast_head_json":{"title":"PAR MU\u00d1EQUERA ADIDAS LARGA ROJO - Revolution Padel Store","description":"Las\u00a0mu\u00f1equeras largas Adidas en color rojo\u00a0combinan funcionalidad y estilo. Fabricadas con un 74% de poli\u00e9ster reciclado, 23% de algod\u00f3n y 3% de elast\u00e1n, estas mu\u00f1equeras son suaves, el\u00e1sticas y muy c\u00f3modas. Dise\u00f1adas para absorber el sudor de manera eficiente, permiten que te concentres en tu entrenamiento sin distracciones.","robots":{"index":"index","follow":"follow","max-snippet":"max-snippet:-1","max-image-preview":"max-image-preview:large","max-video-preview":"max-video-preview:-1"},"canonical":"https:\/\/revolutionpadelstore.com\/de\/produkt\/par-munequera-adidas-larga-rojo-1\/","og_locale":"de_DE","og_type":"article","og_title":"PAR MU\u00d1EQUERA ADIDAS LARGA ROJO - Revolution Padel Store","og_description":"Las\u00a0mu\u00f1equeras largas Adidas en color rojo\u00a0combinan funcionalidad y estilo. Fabricadas con un 74% de poli\u00e9ster reciclado, 23% de algod\u00f3n y 3% de elast\u00e1n, estas mu\u00f1equeras son suaves, el\u00e1sticas y muy c\u00f3modas. Dise\u00f1adas para absorber el sudor de manera eficiente, permiten que te concentres en tu entrenamiento sin distracciones.","og_url":"https:\/\/revolutionpadelstore.com\/de\/produkt\/par-munequera-adidas-larga-rojo-1\/","og_site_name":"Revolution Padel Store","article_modified_time":"2026-04-08T08:01:29+00:00","og_image":[{"width":1500,"height":1500,"url":"https:\/\/revolutionpadelstore.com\/wp-content\/uploads\/2024\/11\/32353_par_munequera_adidas_l_aa4wc5l50_1500x1500_1_a2c3.webp","type":"image\/webp"}],"twitter_card":"summary_large_image","twitter_misc":{"Gesch\u00e4tzte Lesezeit":"1\u00a0Minute"},"schema":{"@context":"https:\/\/schema.org","@graph":[{"@type":"WebPage","@id":"https:\/\/revolutionpadelstore.com\/de\/produkt\/par-munequera-adidas-larga-rojo-1\/","url":"https:\/\/revolutionpadelstore.com\/de\/produkt\/par-munequera-adidas-larga-rojo-1\/","name":"PAR MU\u00d1EQUERA ADIDAS LARGA ROJO - Revolution Padel Store","isPartOf":{"@id":"https:\/\/revolutionpadelstore.com\/de\/#website"},"primaryImageOfPage":{"@id":"https:\/\/revolutionpadelstore.com\/de\/produkt\/par-munequera-adidas-larga-rojo-1\/#primaryimage"},"image":{"@id":"https:\/\/revolutionpadelstore.com\/de\/produkt\/par-munequera-adidas-larga-rojo-1\/#primaryimage"},"thumbnailUrl":"https:\/\/revolutionpadelstore.com\/wp-content\/uploads\/2024\/11\/32353_par_munequera_adidas_l_aa4wc5l50_1500x1500_1_a2c3.webp","datePublished":"2024-11-27T07:27:12+00:00","dateModified":"2026-04-08T08:01:29+00:00","description":"Las\u00a0mu\u00f1equeras largas Adidas en color rojo\u00a0combinan funcionalidad y estilo. Fabricadas con un 74% de poli\u00e9ster reciclado, 23% de algod\u00f3n y 3% de elast\u00e1n, estas mu\u00f1equeras son suaves, el\u00e1sticas y muy c\u00f3modas. Dise\u00f1adas para absorber el sudor de manera eficiente, permiten que te concentres en tu entrenamiento sin distracciones.","breadcrumb":{"@id":"https:\/\/revolutionpadelstore.com\/de\/produkt\/par-munequera-adidas-larga-rojo-1\/#breadcrumb"},"inLanguage":"de","potentialAction":[{"@type":"ReadAction","target":["https:\/\/revolutionpadelstore.com\/de\/produkt\/par-munequera-adidas-larga-rojo-1\/"]}]},{"@type":"ImageObject","inLanguage":"de","@id":"https:\/\/revolutionpadelstore.com\/de\/produkt\/par-munequera-adidas-larga-rojo-1\/#primaryimage","url":"https:\/\/revolutionpadelstore.com\/wp-content\/uploads\/2024\/11\/32353_par_munequera_adidas_l_aa4wc5l50_1500x1500_1_a2c3.webp","contentUrl":"https:\/\/revolutionpadelstore.com\/wp-content\/uploads\/2024\/11\/32353_par_munequera_adidas_l_aa4wc5l50_1500x1500_1_a2c3.webp","width":1500,"height":1500},{"@type":"BreadcrumbList","@id":"https:\/\/revolutionpadelstore.com\/de\/produkt\/par-munequera-adidas-larga-rojo-1\/#breadcrumb","itemListElement":[{"@type":"ListItem","position":1,"name":"Portada","item":"https:\/\/revolutionpadelstore.com\/de\/"},{"@type":"ListItem","position":2,"name":"Shop","item":"https:\/\/revolutionpadelstore.com\/de\/tienda\/"},{"@type":"ListItem","position":3,"name":"PAR MU\u00d1EQUERA ADIDAS LARGA ROJO"}]},{"@type":"WebSite","@id":"https:\/\/revolutionpadelstore.com\/de\/#website","url":"https:\/\/revolutionpadelstore.com\/de\/","name":"Revolution Padel Store","description":"","publisher":{"@id":"https:\/\/revolutionpadelstore.com\/de\/#organization"},"potentialAction":[{"@type":"SearchAction","target":{"@type":"EntryPoint","urlTemplate":"https:\/\/revolutionpadelstore.com\/de\/?s={search_term_string}"},"query-input":{"@type":"PropertyValueSpecification","valueRequired":true,"valueName":"search_term_string"}}],"inLanguage":"de"},{"@type":"Organization","@id":"https:\/\/revolutionpadelstore.com\/de\/#organization","name":"Revolution Padel Store","url":"https:\/\/revolutionpadelstore.com\/de\/","logo":{"@type":"ImageObject","inLanguage":"de","@id":"https:\/\/revolutionpadelstore.com\/de\/#\/schema\/logo\/image\/","url":"https:\/\/revolutionpadelstore.com\/wp-content\/uploads\/2026\/02\/revolution-padel-store.jpg","contentUrl":"https:\/\/revolutionpadelstore.com\/wp-content\/uploads\/2026\/02\/revolution-padel-store.jpg","width":2000,"height":2000,"caption":"Revolution Padel Store"},"image":{"@id":"https:\/\/revolutionpadelstore.com\/de\/#\/schema\/logo\/image\/"},"sameAs":["https:\/\/www.instagram.com\/revolutionpadelstore\/"]}]}},"_links":{"self":[{"href":"https:\/\/revolutionpadelstore.com\/de\/wp-json\/wp\/v2\/product\/129524","targetHints":{"allow":["GET"]}}],"collection":[{"href":"https:\/\/revolutionpadelstore.com\/de\/wp-json\/wp\/v2\/product"}],"about":[{"href":"https:\/\/revolutionpadelstore.com\/de\/wp-json\/wp\/v2\/types\/product"}],"replies":[{"embeddable":true,"href":"https:\/\/revolutionpadelstore.com\/de\/wp-json\/wp\/v2\/comments?post=129524"}],"wp:featuredmedia":[{"embeddable":true,"href":"https:\/\/revolutionpadelstore.com\/de\/wp-json\/wp\/v2\/media\/129501"}],"wp:attachment":[{"href":"https:\/\/revolutionpadelstore.com\/de\/wp-json\/wp\/v2\/media?parent=129524"}],"wp:term":[{"taxonomy":"acabado","embeddable":true,"href":"https:\/\/revolutionpadelstore.com\/de\/wp-json\/wp\/v2\/acabado?post=129524"},{"taxonomy":"balance","embeddable":true,"href":"https:\/\/revolutionpadelstore.com\/de\/wp-json\/wp\/v2\/balance?post=129524"},{"taxonomy":"dureza","embeddable":true,"href":"https:\/\/revolutionpadelstore.com\/de\/wp-json\/wp\/v2\/dureza?post=129524"},{"taxonomy":"forma","embeddable":true,"href":"https:\/\/revolutionpadelstore.com\/de\/wp-json\/wp\/v2\/forma?post=129524"},{"taxonomy":"jugador","embeddable":true,"href":"https:\/\/revolutionpadelstore.com\/de\/wp-json\/wp\/v2\/jugador?post=129524"},{"taxonomy":"marca","embeddable":true,"href":"https:\/\/revolutionpadelstore.com\/de\/wp-json\/wp\/v2\/marca?post=129524"},{"taxonomy":"nivel-de-juego","embeddable":true,"href":"https:\/\/revolutionpadelstore.com\/de\/wp-json\/wp\/v2\/nivel-de-juego?post=129524"},{"taxonomy":"superficie","embeddable":true,"href":"https:\/\/revolutionpadelstore.com\/de\/wp-json\/wp\/v2\/superficie?post=129524"},{"taxonomy":"tipo-de-juego","embeddable":true,"href":"https:\/\/revolutionpadelstore.com\/de\/wp-json\/wp\/v2\/tipo-de-juego?post=129524"},{"taxonomy":"product_brand","embeddable":true,"href":"https:\/\/revolutionpadelstore.com\/de\/wp-json\/wp\/v2\/product_brand?post=129524"},{"taxonomy":"product_cat","embeddable":true,"href":"https:\/\/revolutionpadelstore.com\/de\/wp-json\/wp\/v2\/product_cat?post=129524"},{"taxonomy":"product_tag","embeddable":true,"href":"https:\/\/revolutionpadelstore.com\/de\/wp-json\/wp\/v2\/product_tag?post=129524"}],"curies":[{"name":"wp","href":"https:\/\/api.w.org\/{rel}","templated":true}]}}