{"id":129410,"date":"2024-11-27T07:56:52","date_gmt":"2024-11-27T06:56:52","guid":{"rendered":"https:\/\/revolutionpadelstore.com\/paletero-adidas-multigame-3-3-black\/"},"modified":"2026-04-08T10:03:38","modified_gmt":"2026-04-08T08:03:38","slug":"paletero-adidas-multigame-3-3-black-1","status":"publish","type":"product","link":"https:\/\/revolutionpadelstore.com\/de\/produkt\/paletero-adidas-multigame-3-3-black-1\/","title":{"rendered":"PALETERO ADIDAS MULTIGAME 3.3 BLACK"},"content":{"rendered":"<h2> adidas paletero multigame 3.3 schwarz, komfortabler transport <\/ h2><br \/>\nDas <strong> Paletero adidas multigame 3.3 in schwarz <\/strong> ist die ideale Option f\u00fcr diejenigen Paddelspieler, die nach dem maximalen Komfort in ihrem Weg zur Strecke suchen, da es <strong> gepolsterte Mesh -Gurte und verstellbare Griffe <\/strong>. Es umfasst die Firma des <strong> -Pielers ALE Gal\u00e1n <\/strong>, das dieses adidas -Zubeh\u00f6r aus der <strong> adidas verleiht. <\/strong><\/p>\n<p>Es wird mit <strong> 100%Polyestergewebe <\/strong>, einem leichten und haltbaren Material, hergestellt, das <strong> Verschlei\u00df effektiv widersteht und das Wasser <\/strong> abf\u00e4llt, was das Innere des Rucksacks sch\u00fctzt und die n\u00fctzlichen Erh\u00f6hungen erh\u00f6ht Leben. Dar\u00fcber hinaus hat es Abmessungen von <strong> 56 cm x 35 cm x 29 cm <\/strong> mit Kapazit\u00e4t f\u00fcr 58 l. Sein Design in Schwarz und Rot ist m\u00e4chtig und gewagt.<\/p>\n<h2> tr\u00e4gt alles notwendige <\/ h2><br \/>\nIn dieser Kapazit\u00e4t erm\u00f6glicht Ihnen dieses <strong> adidas paletero <\/strong> Kleidung. W\u00e4hrend die <strong> zwei seitlichen Taschen mit thermischer Isolierung <\/strong> in jeweils zwei Schaufeln gen\u00fcgend Platz f\u00fcr zwei Klingen haben, haben sie insgesamt vier Schaufeln.<\/p>\n<p>Dar\u00fcber hinaus enth\u00e4lt es andere <strong> zwei schmale Seitentaschen <\/strong>, um Ballboote oder Wasserflaschen mit perfekter Einstellung sowie ein <strong> unabh\u00e4ngiger Fach f\u00fcr Schuhe <\/strong> zu speichern, das mit einer Netzpanel hergestellt wird Dies beg\u00fcnstigt optimale Bel\u00fcftung und Atmungsaktivit\u00e4t.<\/p>\n<h2>Paletero Adidas Multigame 3.3 Black, transporte c\u00f3modo<\/h2>\n","protected":false},"excerpt":{"rendered":"<p>Paletero Adidas Multigame 3.3 Schwarz, signiert von Ale Gal\u00e1n, erleichtert den komfortablen Transport Ihrer Ausr\u00fcstung dank seiner gro\u00dfartigen Lagerkapazit\u00e4t. 100%Polyester.<\/p>\n","protected":false},"featured_media":129380,"comment_status":"open","ping_status":"closed","template":"","meta":{"_acf_changed":false,"_joinchat":[]},"acabado":[],"balance":[],"dureza":[],"forma":[],"jugador":[],"marca":[1229],"nivel-de-juego":[],"superficie":[],"tipo-de-juego":[],"product_brand":[],"product_cat":[314],"product_tag":[],"class_list":{"0":"post-129410","1":"product","2":"type-product","3":"status-publish","4":"has-post-thumbnail","6":"marca-adidas-de","7":"product_cat-taschen","9":"first","10":"outofstock","11":"taxable","12":"shipping-taxable","13":"purchasable","14":"product-type-simple"},"acf":[],"yoast_head":"<!-- This site is optimized with the Yoast SEO plugin v27.4 - https:\/\/yoast.com\/product\/yoast-seo-wordpress\/ -->\n<title>PALETERO ADIDAS MULTIGAME 3.3 BLACK - Revolution Padel Store<\/title>\n<meta name=\"description\" content=\"El Paletero Adidas Multigame 3.3 en color negro es la opci\u00f3n ideal para aquellos jugadores de p\u00e1del que busquen el m\u00e1ximo confort en su camino a la pista, ya que incorpora correas de malla acolchadas y asas ajustables. Incluye la firma del jugador Ale Gal\u00e1n, lo que suma exclusividad a este accesorio Adidas.\" \/>\n<meta name=\"robots\" content=\"index, follow, max-snippet:-1, max-image-preview:large, max-video-preview:-1\" \/>\n<link rel=\"canonical\" href=\"https:\/\/revolutionpadelstore.com\/de\/produkt\/paletero-adidas-multigame-3-3-black-1\/\" \/>\n<meta property=\"og:locale\" content=\"de_DE\" \/>\n<meta property=\"og:type\" content=\"article\" \/>\n<meta property=\"og:title\" content=\"PALETERO ADIDAS MULTIGAME 3.3 BLACK - Revolution Padel Store\" \/>\n<meta property=\"og:description\" content=\"El Paletero Adidas Multigame 3.3 en color negro es la opci\u00f3n ideal para aquellos jugadores de p\u00e1del que busquen el m\u00e1ximo confort en su camino a la pista, ya que incorpora correas de malla acolchadas y asas ajustables. Incluye la firma del jugador Ale Gal\u00e1n, lo que suma exclusividad a este accesorio Adidas.\" \/>\n<meta property=\"og:url\" content=\"https:\/\/revolutionpadelstore.com\/de\/produkt\/paletero-adidas-multigame-3-3-black-1\/\" \/>\n<meta property=\"og:site_name\" content=\"Revolution Padel Store\" \/>\n<meta property=\"article:modified_time\" content=\"2026-04-08T08:03:38+00:00\" \/>\n<meta property=\"og:image\" content=\"https:\/\/revolutionpadelstore.com\/wp-content\/uploads\/2024\/11\/110155_padel_webs_padel_y_grupo_paletero_adidas_racketbag_multigame_3_3_black_a_14e4.webp\" \/>\n\t<meta property=\"og:image:width\" content=\"1500\" \/>\n\t<meta property=\"og:image:height\" content=\"1500\" \/>\n\t<meta property=\"og:image:type\" content=\"image\/webp\" \/>\n<meta name=\"twitter:card\" content=\"summary_large_image\" \/>\n<meta name=\"twitter:label1\" content=\"Gesch\u00e4tzte Lesezeit\" \/>\n\t<meta name=\"twitter:data1\" content=\"1\u00a0Minute\" \/>\n<script type=\"application\/ld+json\" class=\"yoast-schema-graph\">{\"@context\":\"https:\\\/\\\/schema.org\",\"@graph\":[{\"@type\":\"WebPage\",\"@id\":\"https:\\\/\\\/revolutionpadelstore.com\\\/de\\\/produkt\\\/paletero-adidas-multigame-3-3-black-1\\\/\",\"url\":\"https:\\\/\\\/revolutionpadelstore.com\\\/de\\\/produkt\\\/paletero-adidas-multigame-3-3-black-1\\\/\",\"name\":\"PALETERO ADIDAS MULTIGAME 3.3 BLACK - Revolution Padel Store\",\"isPartOf\":{\"@id\":\"https:\\\/\\\/revolutionpadelstore.com\\\/de\\\/#website\"},\"primaryImageOfPage\":{\"@id\":\"https:\\\/\\\/revolutionpadelstore.com\\\/de\\\/produkt\\\/paletero-adidas-multigame-3-3-black-1\\\/#primaryimage\"},\"image\":{\"@id\":\"https:\\\/\\\/revolutionpadelstore.com\\\/de\\\/produkt\\\/paletero-adidas-multigame-3-3-black-1\\\/#primaryimage\"},\"thumbnailUrl\":\"https:\\\/\\\/revolutionpadelstore.com\\\/wp-content\\\/uploads\\\/2024\\\/11\\\/110155_padel_webs_padel_y_grupo_paletero_adidas_racketbag_multigame_3_3_black_a_14e4.webp\",\"datePublished\":\"2024-11-27T06:56:52+00:00\",\"dateModified\":\"2026-04-08T08:03:38+00:00\",\"description\":\"El Paletero Adidas Multigame 3.3 en color negro es la opci\u00f3n ideal para aquellos jugadores de p\u00e1del que busquen el m\u00e1ximo confort en su camino a la pista, ya que incorpora correas de malla acolchadas y asas ajustables. Incluye la firma del jugador Ale Gal\u00e1n, lo que suma exclusividad a este accesorio Adidas.\",\"breadcrumb\":{\"@id\":\"https:\\\/\\\/revolutionpadelstore.com\\\/de\\\/produkt\\\/paletero-adidas-multigame-3-3-black-1\\\/#breadcrumb\"},\"inLanguage\":\"de\",\"potentialAction\":[{\"@type\":\"ReadAction\",\"target\":[\"https:\\\/\\\/revolutionpadelstore.com\\\/de\\\/produkt\\\/paletero-adidas-multigame-3-3-black-1\\\/\"]}]},{\"@type\":\"ImageObject\",\"inLanguage\":\"de\",\"@id\":\"https:\\\/\\\/revolutionpadelstore.com\\\/de\\\/produkt\\\/paletero-adidas-multigame-3-3-black-1\\\/#primaryimage\",\"url\":\"https:\\\/\\\/revolutionpadelstore.com\\\/wp-content\\\/uploads\\\/2024\\\/11\\\/110155_padel_webs_padel_y_grupo_paletero_adidas_racketbag_multigame_3_3_black_a_14e4.webp\",\"contentUrl\":\"https:\\\/\\\/revolutionpadelstore.com\\\/wp-content\\\/uploads\\\/2024\\\/11\\\/110155_padel_webs_padel_y_grupo_paletero_adidas_racketbag_multigame_3_3_black_a_14e4.webp\",\"width\":1500,\"height\":1500},{\"@type\":\"BreadcrumbList\",\"@id\":\"https:\\\/\\\/revolutionpadelstore.com\\\/de\\\/produkt\\\/paletero-adidas-multigame-3-3-black-1\\\/#breadcrumb\",\"itemListElement\":[{\"@type\":\"ListItem\",\"position\":1,\"name\":\"Portada\",\"item\":\"https:\\\/\\\/revolutionpadelstore.com\\\/de\\\/\"},{\"@type\":\"ListItem\",\"position\":2,\"name\":\"Shop\",\"item\":\"https:\\\/\\\/revolutionpadelstore.com\\\/de\\\/tienda\\\/\"},{\"@type\":\"ListItem\",\"position\":3,\"name\":\"PALETERO ADIDAS MULTIGAME 3.3 BLACK\"}]},{\"@type\":\"WebSite\",\"@id\":\"https:\\\/\\\/revolutionpadelstore.com\\\/de\\\/#website\",\"url\":\"https:\\\/\\\/revolutionpadelstore.com\\\/de\\\/\",\"name\":\"Revolution Padel Store\",\"description\":\"\",\"publisher\":{\"@id\":\"https:\\\/\\\/revolutionpadelstore.com\\\/de\\\/#organization\"},\"potentialAction\":[{\"@type\":\"SearchAction\",\"target\":{\"@type\":\"EntryPoint\",\"urlTemplate\":\"https:\\\/\\\/revolutionpadelstore.com\\\/de\\\/?s={search_term_string}\"},\"query-input\":{\"@type\":\"PropertyValueSpecification\",\"valueRequired\":true,\"valueName\":\"search_term_string\"}}],\"inLanguage\":\"de\"},{\"@type\":\"Organization\",\"@id\":\"https:\\\/\\\/revolutionpadelstore.com\\\/de\\\/#organization\",\"name\":\"Revolution Padel Store\",\"url\":\"https:\\\/\\\/revolutionpadelstore.com\\\/de\\\/\",\"logo\":{\"@type\":\"ImageObject\",\"inLanguage\":\"de\",\"@id\":\"https:\\\/\\\/revolutionpadelstore.com\\\/de\\\/#\\\/schema\\\/logo\\\/image\\\/\",\"url\":\"https:\\\/\\\/revolutionpadelstore.com\\\/wp-content\\\/uploads\\\/2026\\\/02\\\/revolution-padel-store.jpg\",\"contentUrl\":\"https:\\\/\\\/revolutionpadelstore.com\\\/wp-content\\\/uploads\\\/2026\\\/02\\\/revolution-padel-store.jpg\",\"width\":2000,\"height\":2000,\"caption\":\"Revolution Padel Store\"},\"image\":{\"@id\":\"https:\\\/\\\/revolutionpadelstore.com\\\/de\\\/#\\\/schema\\\/logo\\\/image\\\/\"},\"sameAs\":[\"https:\\\/\\\/www.instagram.com\\\/revolutionpadelstore\\\/\"]}]}<\/script>\n<!-- \/ Yoast SEO plugin. -->","yoast_head_json":{"title":"PALETERO ADIDAS MULTIGAME 3.3 BLACK - Revolution Padel Store","description":"El Paletero Adidas Multigame 3.3 en color negro es la opci\u00f3n ideal para aquellos jugadores de p\u00e1del que busquen el m\u00e1ximo confort en su camino a la pista, ya que incorpora correas de malla acolchadas y asas ajustables. Incluye la firma del jugador Ale Gal\u00e1n, lo que suma exclusividad a este accesorio Adidas.","robots":{"index":"index","follow":"follow","max-snippet":"max-snippet:-1","max-image-preview":"max-image-preview:large","max-video-preview":"max-video-preview:-1"},"canonical":"https:\/\/revolutionpadelstore.com\/de\/produkt\/paletero-adidas-multigame-3-3-black-1\/","og_locale":"de_DE","og_type":"article","og_title":"PALETERO ADIDAS MULTIGAME 3.3 BLACK - Revolution Padel Store","og_description":"El Paletero Adidas Multigame 3.3 en color negro es la opci\u00f3n ideal para aquellos jugadores de p\u00e1del que busquen el m\u00e1ximo confort en su camino a la pista, ya que incorpora correas de malla acolchadas y asas ajustables. Incluye la firma del jugador Ale Gal\u00e1n, lo que suma exclusividad a este accesorio Adidas.","og_url":"https:\/\/revolutionpadelstore.com\/de\/produkt\/paletero-adidas-multigame-3-3-black-1\/","og_site_name":"Revolution Padel Store","article_modified_time":"2026-04-08T08:03:38+00:00","og_image":[{"width":1500,"height":1500,"url":"https:\/\/revolutionpadelstore.com\/wp-content\/uploads\/2024\/11\/110155_padel_webs_padel_y_grupo_paletero_adidas_racketbag_multigame_3_3_black_a_14e4.webp","type":"image\/webp"}],"twitter_card":"summary_large_image","twitter_misc":{"Gesch\u00e4tzte Lesezeit":"1\u00a0Minute"},"schema":{"@context":"https:\/\/schema.org","@graph":[{"@type":"WebPage","@id":"https:\/\/revolutionpadelstore.com\/de\/produkt\/paletero-adidas-multigame-3-3-black-1\/","url":"https:\/\/revolutionpadelstore.com\/de\/produkt\/paletero-adidas-multigame-3-3-black-1\/","name":"PALETERO ADIDAS MULTIGAME 3.3 BLACK - Revolution Padel Store","isPartOf":{"@id":"https:\/\/revolutionpadelstore.com\/de\/#website"},"primaryImageOfPage":{"@id":"https:\/\/revolutionpadelstore.com\/de\/produkt\/paletero-adidas-multigame-3-3-black-1\/#primaryimage"},"image":{"@id":"https:\/\/revolutionpadelstore.com\/de\/produkt\/paletero-adidas-multigame-3-3-black-1\/#primaryimage"},"thumbnailUrl":"https:\/\/revolutionpadelstore.com\/wp-content\/uploads\/2024\/11\/110155_padel_webs_padel_y_grupo_paletero_adidas_racketbag_multigame_3_3_black_a_14e4.webp","datePublished":"2024-11-27T06:56:52+00:00","dateModified":"2026-04-08T08:03:38+00:00","description":"El Paletero Adidas Multigame 3.3 en color negro es la opci\u00f3n ideal para aquellos jugadores de p\u00e1del que busquen el m\u00e1ximo confort en su camino a la pista, ya que incorpora correas de malla acolchadas y asas ajustables. Incluye la firma del jugador Ale Gal\u00e1n, lo que suma exclusividad a este accesorio Adidas.","breadcrumb":{"@id":"https:\/\/revolutionpadelstore.com\/de\/produkt\/paletero-adidas-multigame-3-3-black-1\/#breadcrumb"},"inLanguage":"de","potentialAction":[{"@type":"ReadAction","target":["https:\/\/revolutionpadelstore.com\/de\/produkt\/paletero-adidas-multigame-3-3-black-1\/"]}]},{"@type":"ImageObject","inLanguage":"de","@id":"https:\/\/revolutionpadelstore.com\/de\/produkt\/paletero-adidas-multigame-3-3-black-1\/#primaryimage","url":"https:\/\/revolutionpadelstore.com\/wp-content\/uploads\/2024\/11\/110155_padel_webs_padel_y_grupo_paletero_adidas_racketbag_multigame_3_3_black_a_14e4.webp","contentUrl":"https:\/\/revolutionpadelstore.com\/wp-content\/uploads\/2024\/11\/110155_padel_webs_padel_y_grupo_paletero_adidas_racketbag_multigame_3_3_black_a_14e4.webp","width":1500,"height":1500},{"@type":"BreadcrumbList","@id":"https:\/\/revolutionpadelstore.com\/de\/produkt\/paletero-adidas-multigame-3-3-black-1\/#breadcrumb","itemListElement":[{"@type":"ListItem","position":1,"name":"Portada","item":"https:\/\/revolutionpadelstore.com\/de\/"},{"@type":"ListItem","position":2,"name":"Shop","item":"https:\/\/revolutionpadelstore.com\/de\/tienda\/"},{"@type":"ListItem","position":3,"name":"PALETERO ADIDAS MULTIGAME 3.3 BLACK"}]},{"@type":"WebSite","@id":"https:\/\/revolutionpadelstore.com\/de\/#website","url":"https:\/\/revolutionpadelstore.com\/de\/","name":"Revolution Padel Store","description":"","publisher":{"@id":"https:\/\/revolutionpadelstore.com\/de\/#organization"},"potentialAction":[{"@type":"SearchAction","target":{"@type":"EntryPoint","urlTemplate":"https:\/\/revolutionpadelstore.com\/de\/?s={search_term_string}"},"query-input":{"@type":"PropertyValueSpecification","valueRequired":true,"valueName":"search_term_string"}}],"inLanguage":"de"},{"@type":"Organization","@id":"https:\/\/revolutionpadelstore.com\/de\/#organization","name":"Revolution Padel Store","url":"https:\/\/revolutionpadelstore.com\/de\/","logo":{"@type":"ImageObject","inLanguage":"de","@id":"https:\/\/revolutionpadelstore.com\/de\/#\/schema\/logo\/image\/","url":"https:\/\/revolutionpadelstore.com\/wp-content\/uploads\/2026\/02\/revolution-padel-store.jpg","contentUrl":"https:\/\/revolutionpadelstore.com\/wp-content\/uploads\/2026\/02\/revolution-padel-store.jpg","width":2000,"height":2000,"caption":"Revolution Padel Store"},"image":{"@id":"https:\/\/revolutionpadelstore.com\/de\/#\/schema\/logo\/image\/"},"sameAs":["https:\/\/www.instagram.com\/revolutionpadelstore\/"]}]}},"_links":{"self":[{"href":"https:\/\/revolutionpadelstore.com\/de\/wp-json\/wp\/v2\/product\/129410","targetHints":{"allow":["GET"]}}],"collection":[{"href":"https:\/\/revolutionpadelstore.com\/de\/wp-json\/wp\/v2\/product"}],"about":[{"href":"https:\/\/revolutionpadelstore.com\/de\/wp-json\/wp\/v2\/types\/product"}],"replies":[{"embeddable":true,"href":"https:\/\/revolutionpadelstore.com\/de\/wp-json\/wp\/v2\/comments?post=129410"}],"wp:featuredmedia":[{"embeddable":true,"href":"https:\/\/revolutionpadelstore.com\/de\/wp-json\/wp\/v2\/media\/129380"}],"wp:attachment":[{"href":"https:\/\/revolutionpadelstore.com\/de\/wp-json\/wp\/v2\/media?parent=129410"}],"wp:term":[{"taxonomy":"acabado","embeddable":true,"href":"https:\/\/revolutionpadelstore.com\/de\/wp-json\/wp\/v2\/acabado?post=129410"},{"taxonomy":"balance","embeddable":true,"href":"https:\/\/revolutionpadelstore.com\/de\/wp-json\/wp\/v2\/balance?post=129410"},{"taxonomy":"dureza","embeddable":true,"href":"https:\/\/revolutionpadelstore.com\/de\/wp-json\/wp\/v2\/dureza?post=129410"},{"taxonomy":"forma","embeddable":true,"href":"https:\/\/revolutionpadelstore.com\/de\/wp-json\/wp\/v2\/forma?post=129410"},{"taxonomy":"jugador","embeddable":true,"href":"https:\/\/revolutionpadelstore.com\/de\/wp-json\/wp\/v2\/jugador?post=129410"},{"taxonomy":"marca","embeddable":true,"href":"https:\/\/revolutionpadelstore.com\/de\/wp-json\/wp\/v2\/marca?post=129410"},{"taxonomy":"nivel-de-juego","embeddable":true,"href":"https:\/\/revolutionpadelstore.com\/de\/wp-json\/wp\/v2\/nivel-de-juego?post=129410"},{"taxonomy":"superficie","embeddable":true,"href":"https:\/\/revolutionpadelstore.com\/de\/wp-json\/wp\/v2\/superficie?post=129410"},{"taxonomy":"tipo-de-juego","embeddable":true,"href":"https:\/\/revolutionpadelstore.com\/de\/wp-json\/wp\/v2\/tipo-de-juego?post=129410"},{"taxonomy":"product_brand","embeddable":true,"href":"https:\/\/revolutionpadelstore.com\/de\/wp-json\/wp\/v2\/product_brand?post=129410"},{"taxonomy":"product_cat","embeddable":true,"href":"https:\/\/revolutionpadelstore.com\/de\/wp-json\/wp\/v2\/product_cat?post=129410"},{"taxonomy":"product_tag","embeddable":true,"href":"https:\/\/revolutionpadelstore.com\/de\/wp-json\/wp\/v2\/product_tag?post=129410"}],"curies":[{"name":"wp","href":"https:\/\/api.w.org\/{rel}","templated":true}]}}