{"id":12941,"date":"2024-04-22T15:25:57","date_gmt":"2024-04-22T13:25:57","guid":{"rendered":"https:\/\/revolutionpadelstore.com\/joma-t-smash-2308-tsmas2308p-naranja-fluor\/"},"modified":"2026-04-08T11:28:15","modified_gmt":"2026-04-08T09:28:15","slug":"joma-t-smash-2308-tsmas2308p-naranja-fluor-1","status":"publish","type":"product","link":"https:\/\/revolutionpadelstore.com\/de\/produkt\/joma-t-smash-2308-tsmas2308p-naranja-fluor-1\/","title":{"rendered":"JOMA T.SMASH 2308 TSMAS2308P NARANJA FL\u00daOR"},"content":{"rendered":"<p>Entdecken Sie im Revolution Padel Store die unglaublichen Joma T.Smash 2308 Fluor Orange Padel-Schuhe, die aus hochwertigen und widerstandsf\u00e4higen Materialien hergestellt wurden, um Ihnen optimale Leistung auf dem Platz zu bieten. Diese aus Nylon und Mikrofaser gefertigten Sneaker garantieren au\u00dfergew\u00f6hnliche Haltbarkeit. Dar\u00fcber hinaus sorgen die DURABILITY-Technologie in der Sohle und das FULL DUAL PULSOR-System in der Zwischensohle f\u00fcr mehr Verschlei\u00dffestigkeit und optimale D\u00e4mpfung bei jeder Bewegung.<\/p>\n<p>Aber das ist noch nicht alles: Die Joma T.Smash 2308-Schuhe verf\u00fcgen au\u00dferdem \u00fcber das STABILIS-System, das unangemessene Bewegungen des Fu\u00dfes verhindert, und das VTS-System, das eine ausreichende Bel\u00fcftung Ihrer F\u00fc\u00dfe gew\u00e4hrleistet. Und f\u00fcr mehr Schutz und Komfort sorgen die EXO COUNTER-St\u00fctze und das REACTIVE BALL-Material f\u00fcr eine hervorragende Sto\u00dfd\u00e4mpfung bei jedem Schritt.<\/p>\n<p>Warten Sie nicht l\u00e4nger und kaufen Sie die Joma T.Smash 2308 Fluor Orange Padel-Schuhe mit fortschrittlichen Technologien im Revolution Padel Store, Ihrem vertrauensw\u00fcrdigen Shop f\u00fcr alles rund um Padel. Erleben Sie komfortableres und sichereres Spiel mit diesen unglaublichen Schuhen. Hol sie dir jetzt!<\/p>\n","protected":false},"excerpt":{"rendered":"<p>Entdecken Sie die Joma T.Smash 2308 Fluorescent Orange Padel-Schuhe im Revolution Padel Store mit fortschrittlichen Technologien f\u00fcr mehr Haltbarkeit und Komfort.<\/p>\n","protected":false},"featured_media":33770,"comment_status":"closed","ping_status":"closed","template":"","meta":{"_acf_changed":false,"_joinchat":[]},"acabado":[],"balance":[],"dureza":[],"forma":[],"jugador":[1189],"marca":[1224],"nivel-de-juego":[1334,1339,1344],"superficie":[],"tipo-de-juego":[1369,1374],"product_brand":[],"product_cat":[398],"product_tag":[],"class_list":{"0":"post-12941","1":"product","2":"type-product","3":"status-publish","4":"has-post-thumbnail","6":"jugador-mann","7":"marca-joma-de","8":"tipo-de-juego-kontrolle","9":"tipo-de-juego-leistung","10":"product_cat-herren-sneaker","12":"first","13":"instock","14":"sale","15":"taxable","16":"shipping-taxable","17":"purchasable","18":"product-type-variable","19":"has-default-attributes"},"acf":[],"yoast_head":"<!-- This site is optimized with the Yoast SEO plugin v27.4 - https:\/\/yoast.com\/product\/yoast-seo-wordpress\/ -->\n<title>JOMA T.SMASH 2308 TSMAS2308P NARANJA FL\u00daOR - Revolution Padel Store<\/title>\n<meta name=\"description\" content=\"Descubre las zapatillas de p\u00e1del Joma T.Smash 2308 Naranja Fl\u00faor en Revolution Padel Store, con tecnolog\u00edas avanzadas para mayor durabilidad y comodidad.\" \/>\n<meta name=\"robots\" content=\"index, follow, max-snippet:-1, max-image-preview:large, max-video-preview:-1\" \/>\n<link rel=\"canonical\" href=\"https:\/\/revolutionpadelstore.com\/de\/produkt\/joma-t-smash-2308-tsmas2308p-naranja-fluor-1\/\" \/>\n<meta property=\"og:locale\" content=\"de_DE\" \/>\n<meta property=\"og:type\" content=\"article\" \/>\n<meta property=\"og:title\" content=\"JOMA T.SMASH 2308 TSMAS2308P NARANJA FL\u00daOR - Revolution Padel Store\" \/>\n<meta property=\"og:description\" content=\"Descubre las zapatillas de p\u00e1del Joma T.Smash 2308 Naranja Fl\u00faor en Revolution Padel Store, con tecnolog\u00edas avanzadas para mayor durabilidad y comodidad.\" \/>\n<meta property=\"og:url\" content=\"https:\/\/revolutionpadelstore.com\/de\/produkt\/joma-t-smash-2308-tsmas2308p-naranja-fluor-1\/\" \/>\n<meta property=\"og:site_name\" content=\"Revolution Padel Store\" \/>\n<meta property=\"article:modified_time\" content=\"2026-04-08T09:28:15+00:00\" \/>\n<meta property=\"og:image\" content=\"https:\/\/revolutionpadelstore.com\/wp-content\/uploads\/2024\/04\/C-106569-P-0-4.jpg\" \/>\n\t<meta property=\"og:image:width\" content=\"1500\" \/>\n\t<meta property=\"og:image:height\" content=\"1500\" \/>\n\t<meta property=\"og:image:type\" content=\"image\/png\" \/>\n<meta name=\"twitter:card\" content=\"summary_large_image\" \/>\n<meta name=\"twitter:label1\" content=\"Gesch\u00e4tzte Lesezeit\" \/>\n\t<meta name=\"twitter:data1\" content=\"2\u00a0Minuten\" \/>\n<script type=\"application\/ld+json\" class=\"yoast-schema-graph\">{\"@context\":\"https:\\\/\\\/schema.org\",\"@graph\":[{\"@type\":\"WebPage\",\"@id\":\"https:\\\/\\\/revolutionpadelstore.com\\\/de\\\/produkt\\\/joma-t-smash-2308-tsmas2308p-naranja-fluor-1\\\/\",\"url\":\"https:\\\/\\\/revolutionpadelstore.com\\\/de\\\/produkt\\\/joma-t-smash-2308-tsmas2308p-naranja-fluor-1\\\/\",\"name\":\"JOMA T.SMASH 2308 TSMAS2308P NARANJA FL\u00daOR - Revolution Padel Store\",\"isPartOf\":{\"@id\":\"https:\\\/\\\/revolutionpadelstore.com\\\/de\\\/#website\"},\"primaryImageOfPage\":{\"@id\":\"https:\\\/\\\/revolutionpadelstore.com\\\/de\\\/produkt\\\/joma-t-smash-2308-tsmas2308p-naranja-fluor-1\\\/#primaryimage\"},\"image\":{\"@id\":\"https:\\\/\\\/revolutionpadelstore.com\\\/de\\\/produkt\\\/joma-t-smash-2308-tsmas2308p-naranja-fluor-1\\\/#primaryimage\"},\"thumbnailUrl\":\"https:\\\/\\\/revolutionpadelstore.com\\\/wp-content\\\/uploads\\\/2024\\\/04\\\/C-106569-P-0-4.jpg\",\"datePublished\":\"2024-04-22T13:25:57+00:00\",\"dateModified\":\"2026-04-08T09:28:15+00:00\",\"description\":\"Descubre las zapatillas de p\u00e1del Joma T.Smash 2308 Naranja Fl\u00faor en Revolution Padel Store, con tecnolog\u00edas avanzadas para mayor durabilidad y comodidad.\",\"breadcrumb\":{\"@id\":\"https:\\\/\\\/revolutionpadelstore.com\\\/de\\\/produkt\\\/joma-t-smash-2308-tsmas2308p-naranja-fluor-1\\\/#breadcrumb\"},\"inLanguage\":\"de\",\"potentialAction\":[{\"@type\":\"ReadAction\",\"target\":[\"https:\\\/\\\/revolutionpadelstore.com\\\/de\\\/produkt\\\/joma-t-smash-2308-tsmas2308p-naranja-fluor-1\\\/\"]}]},{\"@type\":\"ImageObject\",\"inLanguage\":\"de\",\"@id\":\"https:\\\/\\\/revolutionpadelstore.com\\\/de\\\/produkt\\\/joma-t-smash-2308-tsmas2308p-naranja-fluor-1\\\/#primaryimage\",\"url\":\"https:\\\/\\\/revolutionpadelstore.com\\\/wp-content\\\/uploads\\\/2024\\\/04\\\/C-106569-P-0-4.jpg\",\"contentUrl\":\"https:\\\/\\\/revolutionpadelstore.com\\\/wp-content\\\/uploads\\\/2024\\\/04\\\/C-106569-P-0-4.jpg\",\"width\":1500,\"height\":1500},{\"@type\":\"BreadcrumbList\",\"@id\":\"https:\\\/\\\/revolutionpadelstore.com\\\/de\\\/produkt\\\/joma-t-smash-2308-tsmas2308p-naranja-fluor-1\\\/#breadcrumb\",\"itemListElement\":[{\"@type\":\"ListItem\",\"position\":1,\"name\":\"Portada\",\"item\":\"https:\\\/\\\/revolutionpadelstore.com\\\/de\\\/\"},{\"@type\":\"ListItem\",\"position\":2,\"name\":\"Shop\",\"item\":\"https:\\\/\\\/revolutionpadelstore.com\\\/de\\\/tienda\\\/\"},{\"@type\":\"ListItem\",\"position\":3,\"name\":\"JOMA T.SMASH 2308 TSMAS2308P NARANJA FL\u00daOR\"}]},{\"@type\":\"WebSite\",\"@id\":\"https:\\\/\\\/revolutionpadelstore.com\\\/de\\\/#website\",\"url\":\"https:\\\/\\\/revolutionpadelstore.com\\\/de\\\/\",\"name\":\"Revolution Padel Store\",\"description\":\"\",\"publisher\":{\"@id\":\"https:\\\/\\\/revolutionpadelstore.com\\\/de\\\/#organization\"},\"potentialAction\":[{\"@type\":\"SearchAction\",\"target\":{\"@type\":\"EntryPoint\",\"urlTemplate\":\"https:\\\/\\\/revolutionpadelstore.com\\\/de\\\/?s={search_term_string}\"},\"query-input\":{\"@type\":\"PropertyValueSpecification\",\"valueRequired\":true,\"valueName\":\"search_term_string\"}}],\"inLanguage\":\"de\"},{\"@type\":\"Organization\",\"@id\":\"https:\\\/\\\/revolutionpadelstore.com\\\/de\\\/#organization\",\"name\":\"Revolution Padel Store\",\"url\":\"https:\\\/\\\/revolutionpadelstore.com\\\/de\\\/\",\"logo\":{\"@type\":\"ImageObject\",\"inLanguage\":\"de\",\"@id\":\"https:\\\/\\\/revolutionpadelstore.com\\\/de\\\/#\\\/schema\\\/logo\\\/image\\\/\",\"url\":\"https:\\\/\\\/revolutionpadelstore.com\\\/wp-content\\\/uploads\\\/2026\\\/02\\\/revolution-padel-store.jpg\",\"contentUrl\":\"https:\\\/\\\/revolutionpadelstore.com\\\/wp-content\\\/uploads\\\/2026\\\/02\\\/revolution-padel-store.jpg\",\"width\":2000,\"height\":2000,\"caption\":\"Revolution Padel Store\"},\"image\":{\"@id\":\"https:\\\/\\\/revolutionpadelstore.com\\\/de\\\/#\\\/schema\\\/logo\\\/image\\\/\"},\"sameAs\":[\"https:\\\/\\\/www.instagram.com\\\/revolutionpadelstore\\\/\"]}]}<\/script>\n<!-- \/ Yoast SEO plugin. -->","yoast_head_json":{"title":"JOMA T.SMASH 2308 TSMAS2308P NARANJA FL\u00daOR - Revolution Padel Store","description":"Descubre las zapatillas de p\u00e1del Joma T.Smash 2308 Naranja Fl\u00faor en Revolution Padel Store, con tecnolog\u00edas avanzadas para mayor durabilidad y comodidad.","robots":{"index":"index","follow":"follow","max-snippet":"max-snippet:-1","max-image-preview":"max-image-preview:large","max-video-preview":"max-video-preview:-1"},"canonical":"https:\/\/revolutionpadelstore.com\/de\/produkt\/joma-t-smash-2308-tsmas2308p-naranja-fluor-1\/","og_locale":"de_DE","og_type":"article","og_title":"JOMA T.SMASH 2308 TSMAS2308P NARANJA FL\u00daOR - Revolution Padel Store","og_description":"Descubre las zapatillas de p\u00e1del Joma T.Smash 2308 Naranja Fl\u00faor en Revolution Padel Store, con tecnolog\u00edas avanzadas para mayor durabilidad y comodidad.","og_url":"https:\/\/revolutionpadelstore.com\/de\/produkt\/joma-t-smash-2308-tsmas2308p-naranja-fluor-1\/","og_site_name":"Revolution Padel Store","article_modified_time":"2026-04-08T09:28:15+00:00","og_image":[{"width":1500,"height":1500,"url":"https:\/\/revolutionpadelstore.com\/wp-content\/uploads\/2024\/04\/C-106569-P-0-4.jpg","type":"image\/png"}],"twitter_card":"summary_large_image","twitter_misc":{"Gesch\u00e4tzte Lesezeit":"2\u00a0Minuten"},"schema":{"@context":"https:\/\/schema.org","@graph":[{"@type":"WebPage","@id":"https:\/\/revolutionpadelstore.com\/de\/produkt\/joma-t-smash-2308-tsmas2308p-naranja-fluor-1\/","url":"https:\/\/revolutionpadelstore.com\/de\/produkt\/joma-t-smash-2308-tsmas2308p-naranja-fluor-1\/","name":"JOMA T.SMASH 2308 TSMAS2308P NARANJA FL\u00daOR - Revolution Padel Store","isPartOf":{"@id":"https:\/\/revolutionpadelstore.com\/de\/#website"},"primaryImageOfPage":{"@id":"https:\/\/revolutionpadelstore.com\/de\/produkt\/joma-t-smash-2308-tsmas2308p-naranja-fluor-1\/#primaryimage"},"image":{"@id":"https:\/\/revolutionpadelstore.com\/de\/produkt\/joma-t-smash-2308-tsmas2308p-naranja-fluor-1\/#primaryimage"},"thumbnailUrl":"https:\/\/revolutionpadelstore.com\/wp-content\/uploads\/2024\/04\/C-106569-P-0-4.jpg","datePublished":"2024-04-22T13:25:57+00:00","dateModified":"2026-04-08T09:28:15+00:00","description":"Descubre las zapatillas de p\u00e1del Joma T.Smash 2308 Naranja Fl\u00faor en Revolution Padel Store, con tecnolog\u00edas avanzadas para mayor durabilidad y comodidad.","breadcrumb":{"@id":"https:\/\/revolutionpadelstore.com\/de\/produkt\/joma-t-smash-2308-tsmas2308p-naranja-fluor-1\/#breadcrumb"},"inLanguage":"de","potentialAction":[{"@type":"ReadAction","target":["https:\/\/revolutionpadelstore.com\/de\/produkt\/joma-t-smash-2308-tsmas2308p-naranja-fluor-1\/"]}]},{"@type":"ImageObject","inLanguage":"de","@id":"https:\/\/revolutionpadelstore.com\/de\/produkt\/joma-t-smash-2308-tsmas2308p-naranja-fluor-1\/#primaryimage","url":"https:\/\/revolutionpadelstore.com\/wp-content\/uploads\/2024\/04\/C-106569-P-0-4.jpg","contentUrl":"https:\/\/revolutionpadelstore.com\/wp-content\/uploads\/2024\/04\/C-106569-P-0-4.jpg","width":1500,"height":1500},{"@type":"BreadcrumbList","@id":"https:\/\/revolutionpadelstore.com\/de\/produkt\/joma-t-smash-2308-tsmas2308p-naranja-fluor-1\/#breadcrumb","itemListElement":[{"@type":"ListItem","position":1,"name":"Portada","item":"https:\/\/revolutionpadelstore.com\/de\/"},{"@type":"ListItem","position":2,"name":"Shop","item":"https:\/\/revolutionpadelstore.com\/de\/tienda\/"},{"@type":"ListItem","position":3,"name":"JOMA T.SMASH 2308 TSMAS2308P NARANJA FL\u00daOR"}]},{"@type":"WebSite","@id":"https:\/\/revolutionpadelstore.com\/de\/#website","url":"https:\/\/revolutionpadelstore.com\/de\/","name":"Revolution Padel Store","description":"","publisher":{"@id":"https:\/\/revolutionpadelstore.com\/de\/#organization"},"potentialAction":[{"@type":"SearchAction","target":{"@type":"EntryPoint","urlTemplate":"https:\/\/revolutionpadelstore.com\/de\/?s={search_term_string}"},"query-input":{"@type":"PropertyValueSpecification","valueRequired":true,"valueName":"search_term_string"}}],"inLanguage":"de"},{"@type":"Organization","@id":"https:\/\/revolutionpadelstore.com\/de\/#organization","name":"Revolution Padel Store","url":"https:\/\/revolutionpadelstore.com\/de\/","logo":{"@type":"ImageObject","inLanguage":"de","@id":"https:\/\/revolutionpadelstore.com\/de\/#\/schema\/logo\/image\/","url":"https:\/\/revolutionpadelstore.com\/wp-content\/uploads\/2026\/02\/revolution-padel-store.jpg","contentUrl":"https:\/\/revolutionpadelstore.com\/wp-content\/uploads\/2026\/02\/revolution-padel-store.jpg","width":2000,"height":2000,"caption":"Revolution Padel Store"},"image":{"@id":"https:\/\/revolutionpadelstore.com\/de\/#\/schema\/logo\/image\/"},"sameAs":["https:\/\/www.instagram.com\/revolutionpadelstore\/"]}]}},"_links":{"self":[{"href":"https:\/\/revolutionpadelstore.com\/de\/wp-json\/wp\/v2\/product\/12941","targetHints":{"allow":["GET"]}}],"collection":[{"href":"https:\/\/revolutionpadelstore.com\/de\/wp-json\/wp\/v2\/product"}],"about":[{"href":"https:\/\/revolutionpadelstore.com\/de\/wp-json\/wp\/v2\/types\/product"}],"replies":[{"embeddable":true,"href":"https:\/\/revolutionpadelstore.com\/de\/wp-json\/wp\/v2\/comments?post=12941"}],"wp:featuredmedia":[{"embeddable":true,"href":"https:\/\/revolutionpadelstore.com\/de\/wp-json\/wp\/v2\/media\/33770"}],"wp:attachment":[{"href":"https:\/\/revolutionpadelstore.com\/de\/wp-json\/wp\/v2\/media?parent=12941"}],"wp:term":[{"taxonomy":"acabado","embeddable":true,"href":"https:\/\/revolutionpadelstore.com\/de\/wp-json\/wp\/v2\/acabado?post=12941"},{"taxonomy":"balance","embeddable":true,"href":"https:\/\/revolutionpadelstore.com\/de\/wp-json\/wp\/v2\/balance?post=12941"},{"taxonomy":"dureza","embeddable":true,"href":"https:\/\/revolutionpadelstore.com\/de\/wp-json\/wp\/v2\/dureza?post=12941"},{"taxonomy":"forma","embeddable":true,"href":"https:\/\/revolutionpadelstore.com\/de\/wp-json\/wp\/v2\/forma?post=12941"},{"taxonomy":"jugador","embeddable":true,"href":"https:\/\/revolutionpadelstore.com\/de\/wp-json\/wp\/v2\/jugador?post=12941"},{"taxonomy":"marca","embeddable":true,"href":"https:\/\/revolutionpadelstore.com\/de\/wp-json\/wp\/v2\/marca?post=12941"},{"taxonomy":"nivel-de-juego","embeddable":true,"href":"https:\/\/revolutionpadelstore.com\/de\/wp-json\/wp\/v2\/nivel-de-juego?post=12941"},{"taxonomy":"superficie","embeddable":true,"href":"https:\/\/revolutionpadelstore.com\/de\/wp-json\/wp\/v2\/superficie?post=12941"},{"taxonomy":"tipo-de-juego","embeddable":true,"href":"https:\/\/revolutionpadelstore.com\/de\/wp-json\/wp\/v2\/tipo-de-juego?post=12941"},{"taxonomy":"product_brand","embeddable":true,"href":"https:\/\/revolutionpadelstore.com\/de\/wp-json\/wp\/v2\/product_brand?post=12941"},{"taxonomy":"product_cat","embeddable":true,"href":"https:\/\/revolutionpadelstore.com\/de\/wp-json\/wp\/v2\/product_cat?post=12941"},{"taxonomy":"product_tag","embeddable":true,"href":"https:\/\/revolutionpadelstore.com\/de\/wp-json\/wp\/v2\/product_tag?post=12941"}],"curies":[{"name":"wp","href":"https:\/\/api.w.org\/{rel}","templated":true}]}}