{"id":129367,"date":"2024-11-27T00:08:18","date_gmt":"2024-11-26T23:08:18","guid":{"rendered":"https:\/\/revolutionpadelstore.com\/paletero-bullpadel-alejandra-salazar-flow-bpp-25006-aguamarina\/"},"modified":"2026-04-08T10:03:59","modified_gmt":"2026-04-08T08:03:59","slug":"paletero-bullpadel-alejandra-salazar-flow-bpp-25006-072-aguamarina-1","status":"publish","type":"product","link":"https:\/\/revolutionpadelstore.com\/de\/produkt\/paletero-bullpadel-alejandra-salazar-flow-bpp-25006-072-aguamarina-1\/","title":{"rendered":"PALETERO BULLPADEL ALEJANDRA SALAZAR FLOW BPP-25006 072 Aguamarina"},"content":{"rendered":"<p><H2> Paletero Bullpadel Alejandra Salazar Flow BPP-25006 Aguamarina <\/ H2><br \/>\nDer Paletero Bullpadel Alejandra Salazar Flow BPP-25006 ist die perfekte Erg\u00e4nzung zu Paddelliebhabern, die nach Stil, Funktionalit\u00e4t und Komfort suchen.<\/p>\n<p>Diese Paletero wurde mit der Zusammenarbeit des professionellen Spielers Alejandra Salazar entwickelt und kombiniert ein attraktives Design mit technischen Eigenschaften, die den Anforderungen der anspruchsvollsten Spieler entsprechen sollen.<\/p>\n<h2> Haupteigenschaften: <\/H2><br \/>\n<strong> Hauptkompartiment <\/strong> breit und leicht zug\u00e4nglich, ideal, um alles zu tragen, was f\u00fcr Ihre \u00dcbereinstimmungen und Ihr Training erforderlich ist. In diesem Fach wird Kleidung, Handt\u00fccher, Accessoires und andere pers\u00f6nliche Objekte aufbewahrt.<\/p>\n<p><strong> Zwei W\u00e4rmeleitkompartimente <\/strong>: Diese Kompartimente sind speziell zum Transport und zum Schutz von bis zu vier Paddelbl\u00e4ttern entwickelt. Sie enthalten die <strong> thermische Schutztechnologie, die die optimale Temperatur der Klingen beibeh\u00e4lt, und sch\u00fctzt sie vor Die thermischen Ver\u00e4nderungen und Verl\u00e4ngerung ihrer Haltbarkeit.<\/p>\n<p><strong> unabh\u00e4ngige und bel\u00fcftete Kompartiment <\/strong>: Ein separater Raum, perfekt f\u00fcr Ladenschuhe oder gebrauchte Kleidung. Dank seines Bel\u00fcftungssystems verhindert es die Ansammlung von Ger\u00fcchen und beh\u00e4lt Ihre organisierten und frischen Gegenst\u00e4nde bei.<\/p>\n<p><strong> Seitentasche mit Au\u00dfenbalg <\/strong>: Eine zus\u00e4tzliche Tasche mit Balg f\u00fcr mehr Kapazit\u00e4t, ideal f\u00fcr kleine Zubeh\u00f6r wie Schl\u00fcssel, Brieftasche, Mobiltelefon oder Ersatzgriff, wodurch ein schneller Zugriff auf die wichtigsten Objekte erm\u00f6glicht wird.<\/p>\n<h2> Design und Komfort: <\/h2>\n<p><strong> einzigartiger Stil <\/strong>: Diese Paletero pr\u00e4sentiert ein modernes und elegantes Design, das dem Stil von Alejandra Salazar treu ist und sich f\u00fcr seine attraktive Kombination von Farben und hochwertigen Oberfl\u00e4chen auszeichnet.<\/p>\n<p><strong> gepolsterte Griffe <\/strong>: Es wird mit verstellbaren und gepolsterten Gurten ausgestattet, die es erm\u00f6glichen, als Rucksack verwendet zu werden, wodurch der Transportkomfort und Leichtigkeit sorgen.<\/p>\n<p><strong> Haltbarkeit <\/strong>: Diese Paletero ist aus resistenten und hochwertigen Materialien hergestellt und widerspricht der intensiven Verwendung von Paddelspielern.<\/p>\n<p>Der <strong> Paletero Bullpadel Alejandra Salazar Flow BPP-25006 <\/strong> f\u00e4llt nicht nur f\u00fcr sein hoch entwickeltes Design, sondern auch f\u00fcr seine Funktionalit\u00e4t und Organisation auf. Es ist perfekt f\u00fcr diejenigen Spieler, die versuchen, ihr Team sicher und bequem zu transportieren und immer den Stil sowohl auf als auch neben der Strecke aufrechtzuerhalten. Ein wesentliches Accessoire f\u00fcr jeden leidenschaftlichen Paddelspieler!<\/p>\n<h2>Paletero Bullpadel Alejandra Salazar Flow BPP-25006 Aguamarina<\/h2>\n","protected":false},"excerpt":{"rendered":"<p>Paletero Bullpadel Alejandra Salazar Flow BPP-25006 Aguamarina Der Paletero Bullpadel Alejandra Salazar Flow BPP-25006 ist die perfekte Erg\u00e4nzung zu Paddelliebhabern, die nach Stil, Funktionalit\u00e4t und Komfort suchen. Diese Paletero wurde mit der Zusammenarbeit des professionellen Spielers Alejandra Salazar entwickelt und kombiniert ein attraktives Design mit technischen Eigenschaften, die den Anforderungen der anspruchsvollsten Spieler entsprechen sollen. [&hellip;]<\/p>\n","protected":false},"featured_media":129338,"comment_status":"open","ping_status":"closed","template":"","meta":{"_acf_changed":false,"_joinchat":[]},"acabado":[],"balance":[],"dureza":[],"forma":[],"jugador":[],"marca":[1254],"nivel-de-juego":[],"superficie":[],"tipo-de-juego":[],"product_brand":[],"product_cat":[314],"product_tag":[],"class_list":{"0":"post-129367","1":"product","2":"type-product","3":"status-publish","4":"has-post-thumbnail","6":"marca-bullpadel-de","7":"product_cat-taschen","9":"first","10":"outofstock","11":"sale","12":"taxable","13":"shipping-taxable","14":"purchasable","15":"product-type-simple"},"acf":[],"yoast_head":"<!-- This site is optimized with the Yoast SEO plugin v27.4 - https:\/\/yoast.com\/product\/yoast-seo-wordpress\/ -->\n<title>PALETERO BULLPADEL ALEJANDRA SALAZAR FLOW BPP-25006 072 Aguamarina - Revolution Padel Store<\/title>\n<meta name=\"description\" content=\"El Paletero Bullpadel Alejandra Salazar Flow BPP-25006 es el complemento perfecto para los amantes del p\u00e1del que buscan estilo, funcionalidad y comodidad.Dise\u00f1ado con la colaboraci\u00f3n de la jugadora profesional Alejandra Salazar, este paletero combina un dise\u00f1o atractivo con caracter\u00edsticas t\u00e9cnicas pensadas para satisfacer las necesidades de los jugadores mas exigentes.\" \/>\n<meta name=\"robots\" content=\"index, follow, max-snippet:-1, max-image-preview:large, max-video-preview:-1\" \/>\n<link rel=\"canonical\" href=\"https:\/\/revolutionpadelstore.com\/de\/produkt\/paletero-bullpadel-alejandra-salazar-flow-bpp-25006-072-aguamarina-1\/\" \/>\n<meta property=\"og:locale\" content=\"de_DE\" \/>\n<meta property=\"og:type\" content=\"article\" \/>\n<meta property=\"og:title\" content=\"PALETERO BULLPADEL ALEJANDRA SALAZAR FLOW BPP-25006 072 Aguamarina - Revolution Padel Store\" \/>\n<meta property=\"og:description\" content=\"El Paletero Bullpadel Alejandra Salazar Flow BPP-25006 es el complemento perfecto para los amantes del p\u00e1del que buscan estilo, funcionalidad y comodidad.Dise\u00f1ado con la colaboraci\u00f3n de la jugadora profesional Alejandra Salazar, este paletero combina un dise\u00f1o atractivo con caracter\u00edsticas t\u00e9cnicas pensadas para satisfacer las necesidades de los jugadores mas exigentes.\" \/>\n<meta property=\"og:url\" content=\"https:\/\/revolutionpadelstore.com\/de\/produkt\/paletero-bullpadel-alejandra-salazar-flow-bpp-25006-072-aguamarina-1\/\" \/>\n<meta property=\"og:site_name\" content=\"Revolution Padel Store\" \/>\n<meta property=\"article:modified_time\" content=\"2026-04-08T08:03:59+00:00\" \/>\n<meta property=\"og:image\" content=\"https:\/\/revolutionpadelstore.com\/wp-content\/uploads\/2024\/11\/paletero-bullpadel-alejandra-salazar-flow-bpp-25006-aguamarina-1100x1100-1.webp\" \/>\n\t<meta property=\"og:image:width\" content=\"1100\" \/>\n\t<meta property=\"og:image:height\" content=\"1100\" \/>\n\t<meta property=\"og:image:type\" content=\"image\/webp\" \/>\n<meta name=\"twitter:card\" content=\"summary_large_image\" \/>\n<meta name=\"twitter:label1\" content=\"Gesch\u00e4tzte Lesezeit\" \/>\n\t<meta name=\"twitter:data1\" content=\"2\u00a0Minuten\" \/>\n<script type=\"application\/ld+json\" class=\"yoast-schema-graph\">{\"@context\":\"https:\\\/\\\/schema.org\",\"@graph\":[{\"@type\":\"WebPage\",\"@id\":\"https:\\\/\\\/revolutionpadelstore.com\\\/de\\\/produkt\\\/paletero-bullpadel-alejandra-salazar-flow-bpp-25006-072-aguamarina-1\\\/\",\"url\":\"https:\\\/\\\/revolutionpadelstore.com\\\/de\\\/produkt\\\/paletero-bullpadel-alejandra-salazar-flow-bpp-25006-072-aguamarina-1\\\/\",\"name\":\"PALETERO BULLPADEL ALEJANDRA SALAZAR FLOW BPP-25006 072 Aguamarina - Revolution Padel Store\",\"isPartOf\":{\"@id\":\"https:\\\/\\\/revolutionpadelstore.com\\\/de\\\/#website\"},\"primaryImageOfPage\":{\"@id\":\"https:\\\/\\\/revolutionpadelstore.com\\\/de\\\/produkt\\\/paletero-bullpadel-alejandra-salazar-flow-bpp-25006-072-aguamarina-1\\\/#primaryimage\"},\"image\":{\"@id\":\"https:\\\/\\\/revolutionpadelstore.com\\\/de\\\/produkt\\\/paletero-bullpadel-alejandra-salazar-flow-bpp-25006-072-aguamarina-1\\\/#primaryimage\"},\"thumbnailUrl\":\"https:\\\/\\\/revolutionpadelstore.com\\\/wp-content\\\/uploads\\\/2024\\\/11\\\/paletero-bullpadel-alejandra-salazar-flow-bpp-25006-aguamarina-1100x1100-1.webp\",\"datePublished\":\"2024-11-26T23:08:18+00:00\",\"dateModified\":\"2026-04-08T08:03:59+00:00\",\"description\":\"El Paletero Bullpadel Alejandra Salazar Flow BPP-25006 es el complemento perfecto para los amantes del p\u00e1del que buscan estilo, funcionalidad y comodidad.Dise\u00f1ado con la colaboraci\u00f3n de la jugadora profesional Alejandra Salazar, este paletero combina un dise\u00f1o atractivo con caracter\u00edsticas t\u00e9cnicas pensadas para satisfacer las necesidades de los jugadores mas exigentes.\",\"breadcrumb\":{\"@id\":\"https:\\\/\\\/revolutionpadelstore.com\\\/de\\\/produkt\\\/paletero-bullpadel-alejandra-salazar-flow-bpp-25006-072-aguamarina-1\\\/#breadcrumb\"},\"inLanguage\":\"de\",\"potentialAction\":[{\"@type\":\"ReadAction\",\"target\":[\"https:\\\/\\\/revolutionpadelstore.com\\\/de\\\/produkt\\\/paletero-bullpadel-alejandra-salazar-flow-bpp-25006-072-aguamarina-1\\\/\"]}]},{\"@type\":\"ImageObject\",\"inLanguage\":\"de\",\"@id\":\"https:\\\/\\\/revolutionpadelstore.com\\\/de\\\/produkt\\\/paletero-bullpadel-alejandra-salazar-flow-bpp-25006-072-aguamarina-1\\\/#primaryimage\",\"url\":\"https:\\\/\\\/revolutionpadelstore.com\\\/wp-content\\\/uploads\\\/2024\\\/11\\\/paletero-bullpadel-alejandra-salazar-flow-bpp-25006-aguamarina-1100x1100-1.webp\",\"contentUrl\":\"https:\\\/\\\/revolutionpadelstore.com\\\/wp-content\\\/uploads\\\/2024\\\/11\\\/paletero-bullpadel-alejandra-salazar-flow-bpp-25006-aguamarina-1100x1100-1.webp\",\"width\":1100,\"height\":1100},{\"@type\":\"BreadcrumbList\",\"@id\":\"https:\\\/\\\/revolutionpadelstore.com\\\/de\\\/produkt\\\/paletero-bullpadel-alejandra-salazar-flow-bpp-25006-072-aguamarina-1\\\/#breadcrumb\",\"itemListElement\":[{\"@type\":\"ListItem\",\"position\":1,\"name\":\"Portada\",\"item\":\"https:\\\/\\\/revolutionpadelstore.com\\\/de\\\/\"},{\"@type\":\"ListItem\",\"position\":2,\"name\":\"Shop\",\"item\":\"https:\\\/\\\/revolutionpadelstore.com\\\/de\\\/tienda\\\/\"},{\"@type\":\"ListItem\",\"position\":3,\"name\":\"PALETERO BULLPADEL ALEJANDRA SALAZAR FLOW BPP-25006 072 Aguamarina\"}]},{\"@type\":\"WebSite\",\"@id\":\"https:\\\/\\\/revolutionpadelstore.com\\\/de\\\/#website\",\"url\":\"https:\\\/\\\/revolutionpadelstore.com\\\/de\\\/\",\"name\":\"Revolution Padel Store\",\"description\":\"\",\"publisher\":{\"@id\":\"https:\\\/\\\/revolutionpadelstore.com\\\/de\\\/#organization\"},\"potentialAction\":[{\"@type\":\"SearchAction\",\"target\":{\"@type\":\"EntryPoint\",\"urlTemplate\":\"https:\\\/\\\/revolutionpadelstore.com\\\/de\\\/?s={search_term_string}\"},\"query-input\":{\"@type\":\"PropertyValueSpecification\",\"valueRequired\":true,\"valueName\":\"search_term_string\"}}],\"inLanguage\":\"de\"},{\"@type\":\"Organization\",\"@id\":\"https:\\\/\\\/revolutionpadelstore.com\\\/de\\\/#organization\",\"name\":\"Revolution Padel Store\",\"url\":\"https:\\\/\\\/revolutionpadelstore.com\\\/de\\\/\",\"logo\":{\"@type\":\"ImageObject\",\"inLanguage\":\"de\",\"@id\":\"https:\\\/\\\/revolutionpadelstore.com\\\/de\\\/#\\\/schema\\\/logo\\\/image\\\/\",\"url\":\"https:\\\/\\\/revolutionpadelstore.com\\\/wp-content\\\/uploads\\\/2026\\\/02\\\/revolution-padel-store.jpg\",\"contentUrl\":\"https:\\\/\\\/revolutionpadelstore.com\\\/wp-content\\\/uploads\\\/2026\\\/02\\\/revolution-padel-store.jpg\",\"width\":2000,\"height\":2000,\"caption\":\"Revolution Padel Store\"},\"image\":{\"@id\":\"https:\\\/\\\/revolutionpadelstore.com\\\/de\\\/#\\\/schema\\\/logo\\\/image\\\/\"},\"sameAs\":[\"https:\\\/\\\/www.instagram.com\\\/revolutionpadelstore\\\/\"]}]}<\/script>\n<!-- \/ Yoast SEO plugin. -->","yoast_head_json":{"title":"PALETERO BULLPADEL ALEJANDRA SALAZAR FLOW BPP-25006 072 Aguamarina - Revolution Padel Store","description":"El Paletero Bullpadel Alejandra Salazar Flow BPP-25006 es el complemento perfecto para los amantes del p\u00e1del que buscan estilo, funcionalidad y comodidad.Dise\u00f1ado con la colaboraci\u00f3n de la jugadora profesional Alejandra Salazar, este paletero combina un dise\u00f1o atractivo con caracter\u00edsticas t\u00e9cnicas pensadas para satisfacer las necesidades de los jugadores mas exigentes.","robots":{"index":"index","follow":"follow","max-snippet":"max-snippet:-1","max-image-preview":"max-image-preview:large","max-video-preview":"max-video-preview:-1"},"canonical":"https:\/\/revolutionpadelstore.com\/de\/produkt\/paletero-bullpadel-alejandra-salazar-flow-bpp-25006-072-aguamarina-1\/","og_locale":"de_DE","og_type":"article","og_title":"PALETERO BULLPADEL ALEJANDRA SALAZAR FLOW BPP-25006 072 Aguamarina - Revolution Padel Store","og_description":"El Paletero Bullpadel Alejandra Salazar Flow BPP-25006 es el complemento perfecto para los amantes del p\u00e1del que buscan estilo, funcionalidad y comodidad.Dise\u00f1ado con la colaboraci\u00f3n de la jugadora profesional Alejandra Salazar, este paletero combina un dise\u00f1o atractivo con caracter\u00edsticas t\u00e9cnicas pensadas para satisfacer las necesidades de los jugadores mas exigentes.","og_url":"https:\/\/revolutionpadelstore.com\/de\/produkt\/paletero-bullpadel-alejandra-salazar-flow-bpp-25006-072-aguamarina-1\/","og_site_name":"Revolution Padel Store","article_modified_time":"2026-04-08T08:03:59+00:00","og_image":[{"width":1100,"height":1100,"url":"https:\/\/revolutionpadelstore.com\/wp-content\/uploads\/2024\/11\/paletero-bullpadel-alejandra-salazar-flow-bpp-25006-aguamarina-1100x1100-1.webp","type":"image\/webp"}],"twitter_card":"summary_large_image","twitter_misc":{"Gesch\u00e4tzte Lesezeit":"2\u00a0Minuten"},"schema":{"@context":"https:\/\/schema.org","@graph":[{"@type":"WebPage","@id":"https:\/\/revolutionpadelstore.com\/de\/produkt\/paletero-bullpadel-alejandra-salazar-flow-bpp-25006-072-aguamarina-1\/","url":"https:\/\/revolutionpadelstore.com\/de\/produkt\/paletero-bullpadel-alejandra-salazar-flow-bpp-25006-072-aguamarina-1\/","name":"PALETERO BULLPADEL ALEJANDRA SALAZAR FLOW BPP-25006 072 Aguamarina - Revolution Padel Store","isPartOf":{"@id":"https:\/\/revolutionpadelstore.com\/de\/#website"},"primaryImageOfPage":{"@id":"https:\/\/revolutionpadelstore.com\/de\/produkt\/paletero-bullpadel-alejandra-salazar-flow-bpp-25006-072-aguamarina-1\/#primaryimage"},"image":{"@id":"https:\/\/revolutionpadelstore.com\/de\/produkt\/paletero-bullpadel-alejandra-salazar-flow-bpp-25006-072-aguamarina-1\/#primaryimage"},"thumbnailUrl":"https:\/\/revolutionpadelstore.com\/wp-content\/uploads\/2024\/11\/paletero-bullpadel-alejandra-salazar-flow-bpp-25006-aguamarina-1100x1100-1.webp","datePublished":"2024-11-26T23:08:18+00:00","dateModified":"2026-04-08T08:03:59+00:00","description":"El Paletero Bullpadel Alejandra Salazar Flow BPP-25006 es el complemento perfecto para los amantes del p\u00e1del que buscan estilo, funcionalidad y comodidad.Dise\u00f1ado con la colaboraci\u00f3n de la jugadora profesional Alejandra Salazar, este paletero combina un dise\u00f1o atractivo con caracter\u00edsticas t\u00e9cnicas pensadas para satisfacer las necesidades de los jugadores mas exigentes.","breadcrumb":{"@id":"https:\/\/revolutionpadelstore.com\/de\/produkt\/paletero-bullpadel-alejandra-salazar-flow-bpp-25006-072-aguamarina-1\/#breadcrumb"},"inLanguage":"de","potentialAction":[{"@type":"ReadAction","target":["https:\/\/revolutionpadelstore.com\/de\/produkt\/paletero-bullpadel-alejandra-salazar-flow-bpp-25006-072-aguamarina-1\/"]}]},{"@type":"ImageObject","inLanguage":"de","@id":"https:\/\/revolutionpadelstore.com\/de\/produkt\/paletero-bullpadel-alejandra-salazar-flow-bpp-25006-072-aguamarina-1\/#primaryimage","url":"https:\/\/revolutionpadelstore.com\/wp-content\/uploads\/2024\/11\/paletero-bullpadel-alejandra-salazar-flow-bpp-25006-aguamarina-1100x1100-1.webp","contentUrl":"https:\/\/revolutionpadelstore.com\/wp-content\/uploads\/2024\/11\/paletero-bullpadel-alejandra-salazar-flow-bpp-25006-aguamarina-1100x1100-1.webp","width":1100,"height":1100},{"@type":"BreadcrumbList","@id":"https:\/\/revolutionpadelstore.com\/de\/produkt\/paletero-bullpadel-alejandra-salazar-flow-bpp-25006-072-aguamarina-1\/#breadcrumb","itemListElement":[{"@type":"ListItem","position":1,"name":"Portada","item":"https:\/\/revolutionpadelstore.com\/de\/"},{"@type":"ListItem","position":2,"name":"Shop","item":"https:\/\/revolutionpadelstore.com\/de\/tienda\/"},{"@type":"ListItem","position":3,"name":"PALETERO BULLPADEL ALEJANDRA SALAZAR FLOW BPP-25006 072 Aguamarina"}]},{"@type":"WebSite","@id":"https:\/\/revolutionpadelstore.com\/de\/#website","url":"https:\/\/revolutionpadelstore.com\/de\/","name":"Revolution Padel Store","description":"","publisher":{"@id":"https:\/\/revolutionpadelstore.com\/de\/#organization"},"potentialAction":[{"@type":"SearchAction","target":{"@type":"EntryPoint","urlTemplate":"https:\/\/revolutionpadelstore.com\/de\/?s={search_term_string}"},"query-input":{"@type":"PropertyValueSpecification","valueRequired":true,"valueName":"search_term_string"}}],"inLanguage":"de"},{"@type":"Organization","@id":"https:\/\/revolutionpadelstore.com\/de\/#organization","name":"Revolution Padel Store","url":"https:\/\/revolutionpadelstore.com\/de\/","logo":{"@type":"ImageObject","inLanguage":"de","@id":"https:\/\/revolutionpadelstore.com\/de\/#\/schema\/logo\/image\/","url":"https:\/\/revolutionpadelstore.com\/wp-content\/uploads\/2026\/02\/revolution-padel-store.jpg","contentUrl":"https:\/\/revolutionpadelstore.com\/wp-content\/uploads\/2026\/02\/revolution-padel-store.jpg","width":2000,"height":2000,"caption":"Revolution Padel Store"},"image":{"@id":"https:\/\/revolutionpadelstore.com\/de\/#\/schema\/logo\/image\/"},"sameAs":["https:\/\/www.instagram.com\/revolutionpadelstore\/"]}]}},"_links":{"self":[{"href":"https:\/\/revolutionpadelstore.com\/de\/wp-json\/wp\/v2\/product\/129367","targetHints":{"allow":["GET"]}}],"collection":[{"href":"https:\/\/revolutionpadelstore.com\/de\/wp-json\/wp\/v2\/product"}],"about":[{"href":"https:\/\/revolutionpadelstore.com\/de\/wp-json\/wp\/v2\/types\/product"}],"replies":[{"embeddable":true,"href":"https:\/\/revolutionpadelstore.com\/de\/wp-json\/wp\/v2\/comments?post=129367"}],"wp:featuredmedia":[{"embeddable":true,"href":"https:\/\/revolutionpadelstore.com\/de\/wp-json\/wp\/v2\/media\/129338"}],"wp:attachment":[{"href":"https:\/\/revolutionpadelstore.com\/de\/wp-json\/wp\/v2\/media?parent=129367"}],"wp:term":[{"taxonomy":"acabado","embeddable":true,"href":"https:\/\/revolutionpadelstore.com\/de\/wp-json\/wp\/v2\/acabado?post=129367"},{"taxonomy":"balance","embeddable":true,"href":"https:\/\/revolutionpadelstore.com\/de\/wp-json\/wp\/v2\/balance?post=129367"},{"taxonomy":"dureza","embeddable":true,"href":"https:\/\/revolutionpadelstore.com\/de\/wp-json\/wp\/v2\/dureza?post=129367"},{"taxonomy":"forma","embeddable":true,"href":"https:\/\/revolutionpadelstore.com\/de\/wp-json\/wp\/v2\/forma?post=129367"},{"taxonomy":"jugador","embeddable":true,"href":"https:\/\/revolutionpadelstore.com\/de\/wp-json\/wp\/v2\/jugador?post=129367"},{"taxonomy":"marca","embeddable":true,"href":"https:\/\/revolutionpadelstore.com\/de\/wp-json\/wp\/v2\/marca?post=129367"},{"taxonomy":"nivel-de-juego","embeddable":true,"href":"https:\/\/revolutionpadelstore.com\/de\/wp-json\/wp\/v2\/nivel-de-juego?post=129367"},{"taxonomy":"superficie","embeddable":true,"href":"https:\/\/revolutionpadelstore.com\/de\/wp-json\/wp\/v2\/superficie?post=129367"},{"taxonomy":"tipo-de-juego","embeddable":true,"href":"https:\/\/revolutionpadelstore.com\/de\/wp-json\/wp\/v2\/tipo-de-juego?post=129367"},{"taxonomy":"product_brand","embeddable":true,"href":"https:\/\/revolutionpadelstore.com\/de\/wp-json\/wp\/v2\/product_brand?post=129367"},{"taxonomy":"product_cat","embeddable":true,"href":"https:\/\/revolutionpadelstore.com\/de\/wp-json\/wp\/v2\/product_cat?post=129367"},{"taxonomy":"product_tag","embeddable":true,"href":"https:\/\/revolutionpadelstore.com\/de\/wp-json\/wp\/v2\/product_tag?post=129367"}],"curies":[{"name":"wp","href":"https:\/\/api.w.org\/{rel}","templated":true}]}}