{"id":129329,"date":"2024-11-26T23:55:50","date_gmt":"2024-11-26T22:55:50","guid":{"rendered":"https:\/\/revolutionpadelstore.com\/129302\/"},"modified":"2026-04-08T10:04:27","modified_gmt":"2026-04-08T08:04:27","slug":"mochila-bullpadel-bpm25021-pearl-012-blanco-mujer-1","status":"publish","type":"product","link":"https:\/\/revolutionpadelstore.com\/de\/produkt\/mochila-bullpadel-bpm25021-pearl-012-blanco-mujer-1\/","title":{"rendered":"MOCHILA BULLPADEL BPM25021 PEARL 012 BLANCO MUJER"},"content":{"rendered":"<h2> Bullpadel BPM25021 Perle White Women<br \/>\nDer <strong> Bullpadel BPM25021 Pearl Bullpadel <\/strong> in White, das unter der exklusiven Firma des Spielers Bea Gonz\u00e1lez erstellt wurde, ist die perfekte Mischung aus Stil und Praktikabilit\u00e4t f\u00fcr die anspruchsvollsten Spieler. Mit einem eleganten Design in wei\u00dfen und blauen T\u00f6nen soll dieser Rucksack eine sichere und organisierte M\u00f6glichkeit bieten, Ihr gesamtes Sportteam zu transportieren.<\/p>\n<p>Es hat ein thermisches Kompartiment, verst\u00e4rkt und gepolstert, ideal, um Ihre Schaufel oder sogar einen Laptop zu sch\u00fctzen. Dar\u00fcber hinaus bietet sein breites Hauptfach gen\u00fcgend Platz f\u00fcr Kleidung, Handt\u00fccher und andere Sportzubeh\u00f6r. Mit Ihrer vorderen Tasche mit Balg k\u00f6nnen Sie schnell und bequem auf Ihre wesentlichen Objekte zugreifen.<\/p>\n<h2> <strong> Komfort und Funktionalit\u00e4t <\/ strong> <\/ h2><br \/>\nDer bullpadel <\/strong> Rucksack f\u00fcr Frauen ist mit einstellbaren Seitengurten ausgestattet, mit denen Sie sein Volumen entsprechend dem \u00e4ndern k\u00f6nnen, was Sie in jedem Moment tragen m\u00fcssen, und immer den maximalen Komfort und die Vielseitigkeit anbieten. Dar\u00fcber hinaus verf\u00fcgt es \u00fcber zwei laterale elastische Taschen, ideal f\u00fcr Wasserflaschen oder kleine Zubeh\u00f6r.<\/p>\n<p>Der Rucksack <strong> Bullpadel Pearl <\/strong> bietet f\u00fcr dynamische Frauen, die sich sowohl auf als auch von der Strecke abheben m\u00f6chten, au\u00dfergew\u00f6hnliche Qualit\u00e4t und passt sich perfekt an die Bed\u00fcrfnisse des Tages oder Ihres Trainings. Mit seiner resistenten Struktur und seinem Design, das von Bea Gonz\u00e1lez &#8216;Spiel inspiriert ist, wird es zu einem wesentlichen Accessoire f\u00fcr diejenigen, die die perfekte Balance zwischen Stil, Funktionalit\u00e4t und Leistung suchen.<\/p>\n<h2>Mochila Bullpadel BPM25021 Pearl Blanco Mujer<\/h2>\n","protected":false},"excerpt":{"rendered":"<p>Bullpadel BPM25021 Perle Wei\u00df f\u00fcr Frauen, mit verst\u00e4rktem und gepolstertem Fach f\u00fcr eine Paddelschaufel. Mit einstellbaren Gurten und elastischen Taschen. Mit der Firma Bea Gonz\u00e1lez.<\/p>\n","protected":false},"featured_media":129306,"comment_status":"open","ping_status":"closed","template":"","meta":{"_acf_changed":false,"_joinchat":[]},"acabado":[],"balance":[],"dureza":[],"forma":[],"jugador":[],"marca":[1254],"nivel-de-juego":[],"superficie":[],"tipo-de-juego":[],"product_brand":[],"product_cat":[314],"product_tag":[],"class_list":{"0":"post-129329","1":"product","2":"type-product","3":"status-publish","4":"has-post-thumbnail","6":"marca-bullpadel-de","7":"product_cat-taschen","9":"first","10":"outofstock","11":"sale","12":"taxable","13":"shipping-taxable","14":"purchasable","15":"product-type-simple"},"acf":[],"yoast_head":"<!-- This site is optimized with the Yoast SEO plugin v27.4 - https:\/\/yoast.com\/product\/yoast-seo-wordpress\/ -->\n<title>MOCHILA BULLPADEL BPM25021 PEARL 012 BLANCO MUJER - Revolution Padel Store<\/title>\n<meta name=\"description\" content=\"La Mochila Bullpadel BPM25021 Pearl en color blanco, dise\u00f1ada con la firma exclusiva de la jugadora Bea Gonz\u00e1lez, es la combinaci\u00f3n perfecta de estilo y funcionalidad para las jugadoras m\u00e1s exigentes. Este modelo tiene un dise\u00f1o elegante en blanco y azul, pensado para facilitar el transporte de todo tu equipo deportivo de manera segura y organizada.\" \/>\n<meta name=\"robots\" content=\"index, follow, max-snippet:-1, max-image-preview:large, max-video-preview:-1\" \/>\n<link rel=\"canonical\" href=\"https:\/\/revolutionpadelstore.com\/de\/produkt\/mochila-bullpadel-bpm25021-pearl-012-blanco-mujer-1\/\" \/>\n<meta property=\"og:locale\" content=\"de_DE\" \/>\n<meta property=\"og:type\" content=\"article\" \/>\n<meta property=\"og:title\" content=\"MOCHILA BULLPADEL BPM25021 PEARL 012 BLANCO MUJER - Revolution Padel Store\" \/>\n<meta property=\"og:description\" content=\"La Mochila Bullpadel BPM25021 Pearl en color blanco, dise\u00f1ada con la firma exclusiva de la jugadora Bea Gonz\u00e1lez, es la combinaci\u00f3n perfecta de estilo y funcionalidad para las jugadoras m\u00e1s exigentes. Este modelo tiene un dise\u00f1o elegante en blanco y azul, pensado para facilitar el transporte de todo tu equipo deportivo de manera segura y organizada.\" \/>\n<meta property=\"og:url\" content=\"https:\/\/revolutionpadelstore.com\/de\/produkt\/mochila-bullpadel-bpm25021-pearl-012-blanco-mujer-1\/\" \/>\n<meta property=\"og:site_name\" content=\"Revolution Padel Store\" \/>\n<meta property=\"article:modified_time\" content=\"2026-04-08T08:04:27+00:00\" \/>\n<meta property=\"og:image\" content=\"https:\/\/revolutionpadelstore.com\/wp-content\/uploads\/2024\/11\/113790-mochila-bullpadel-bpm25021-pearl-474977-mujer-1500x1500-1.webp\" \/>\n\t<meta property=\"og:image:width\" content=\"1500\" \/>\n\t<meta property=\"og:image:height\" content=\"1500\" \/>\n\t<meta property=\"og:image:type\" content=\"image\/webp\" \/>\n<meta name=\"twitter:card\" content=\"summary_large_image\" \/>\n<meta name=\"twitter:label1\" content=\"Gesch\u00e4tzte Lesezeit\" \/>\n\t<meta name=\"twitter:data1\" content=\"1\u00a0Minute\" \/>\n<script type=\"application\/ld+json\" class=\"yoast-schema-graph\">{\"@context\":\"https:\\\/\\\/schema.org\",\"@graph\":[{\"@type\":\"WebPage\",\"@id\":\"https:\\\/\\\/revolutionpadelstore.com\\\/de\\\/produkt\\\/mochila-bullpadel-bpm25021-pearl-012-blanco-mujer-1\\\/\",\"url\":\"https:\\\/\\\/revolutionpadelstore.com\\\/de\\\/produkt\\\/mochila-bullpadel-bpm25021-pearl-012-blanco-mujer-1\\\/\",\"name\":\"MOCHILA BULLPADEL BPM25021 PEARL 012 BLANCO MUJER - Revolution Padel Store\",\"isPartOf\":{\"@id\":\"https:\\\/\\\/revolutionpadelstore.com\\\/de\\\/#website\"},\"primaryImageOfPage\":{\"@id\":\"https:\\\/\\\/revolutionpadelstore.com\\\/de\\\/produkt\\\/mochila-bullpadel-bpm25021-pearl-012-blanco-mujer-1\\\/#primaryimage\"},\"image\":{\"@id\":\"https:\\\/\\\/revolutionpadelstore.com\\\/de\\\/produkt\\\/mochila-bullpadel-bpm25021-pearl-012-blanco-mujer-1\\\/#primaryimage\"},\"thumbnailUrl\":\"https:\\\/\\\/revolutionpadelstore.com\\\/wp-content\\\/uploads\\\/2024\\\/11\\\/113790-mochila-bullpadel-bpm25021-pearl-474977-mujer-1500x1500-1.webp\",\"datePublished\":\"2024-11-26T22:55:50+00:00\",\"dateModified\":\"2026-04-08T08:04:27+00:00\",\"description\":\"La Mochila Bullpadel BPM25021 Pearl en color blanco, dise\u00f1ada con la firma exclusiva de la jugadora Bea Gonz\u00e1lez, es la combinaci\u00f3n perfecta de estilo y funcionalidad para las jugadoras m\u00e1s exigentes. Este modelo tiene un dise\u00f1o elegante en blanco y azul, pensado para facilitar el transporte de todo tu equipo deportivo de manera segura y organizada.\",\"breadcrumb\":{\"@id\":\"https:\\\/\\\/revolutionpadelstore.com\\\/de\\\/produkt\\\/mochila-bullpadel-bpm25021-pearl-012-blanco-mujer-1\\\/#breadcrumb\"},\"inLanguage\":\"de\",\"potentialAction\":[{\"@type\":\"ReadAction\",\"target\":[\"https:\\\/\\\/revolutionpadelstore.com\\\/de\\\/produkt\\\/mochila-bullpadel-bpm25021-pearl-012-blanco-mujer-1\\\/\"]}]},{\"@type\":\"ImageObject\",\"inLanguage\":\"de\",\"@id\":\"https:\\\/\\\/revolutionpadelstore.com\\\/de\\\/produkt\\\/mochila-bullpadel-bpm25021-pearl-012-blanco-mujer-1\\\/#primaryimage\",\"url\":\"https:\\\/\\\/revolutionpadelstore.com\\\/wp-content\\\/uploads\\\/2024\\\/11\\\/113790-mochila-bullpadel-bpm25021-pearl-474977-mujer-1500x1500-1.webp\",\"contentUrl\":\"https:\\\/\\\/revolutionpadelstore.com\\\/wp-content\\\/uploads\\\/2024\\\/11\\\/113790-mochila-bullpadel-bpm25021-pearl-474977-mujer-1500x1500-1.webp\",\"width\":1500,\"height\":1500},{\"@type\":\"BreadcrumbList\",\"@id\":\"https:\\\/\\\/revolutionpadelstore.com\\\/de\\\/produkt\\\/mochila-bullpadel-bpm25021-pearl-012-blanco-mujer-1\\\/#breadcrumb\",\"itemListElement\":[{\"@type\":\"ListItem\",\"position\":1,\"name\":\"Portada\",\"item\":\"https:\\\/\\\/revolutionpadelstore.com\\\/de\\\/\"},{\"@type\":\"ListItem\",\"position\":2,\"name\":\"Shop\",\"item\":\"https:\\\/\\\/revolutionpadelstore.com\\\/de\\\/tienda\\\/\"},{\"@type\":\"ListItem\",\"position\":3,\"name\":\"MOCHILA BULLPADEL BPM25021 PEARL 012 BLANCO MUJER\"}]},{\"@type\":\"WebSite\",\"@id\":\"https:\\\/\\\/revolutionpadelstore.com\\\/de\\\/#website\",\"url\":\"https:\\\/\\\/revolutionpadelstore.com\\\/de\\\/\",\"name\":\"Revolution Padel Store\",\"description\":\"\",\"publisher\":{\"@id\":\"https:\\\/\\\/revolutionpadelstore.com\\\/de\\\/#organization\"},\"potentialAction\":[{\"@type\":\"SearchAction\",\"target\":{\"@type\":\"EntryPoint\",\"urlTemplate\":\"https:\\\/\\\/revolutionpadelstore.com\\\/de\\\/?s={search_term_string}\"},\"query-input\":{\"@type\":\"PropertyValueSpecification\",\"valueRequired\":true,\"valueName\":\"search_term_string\"}}],\"inLanguage\":\"de\"},{\"@type\":\"Organization\",\"@id\":\"https:\\\/\\\/revolutionpadelstore.com\\\/de\\\/#organization\",\"name\":\"Revolution Padel Store\",\"url\":\"https:\\\/\\\/revolutionpadelstore.com\\\/de\\\/\",\"logo\":{\"@type\":\"ImageObject\",\"inLanguage\":\"de\",\"@id\":\"https:\\\/\\\/revolutionpadelstore.com\\\/de\\\/#\\\/schema\\\/logo\\\/image\\\/\",\"url\":\"https:\\\/\\\/revolutionpadelstore.com\\\/wp-content\\\/uploads\\\/2026\\\/02\\\/revolution-padel-store.jpg\",\"contentUrl\":\"https:\\\/\\\/revolutionpadelstore.com\\\/wp-content\\\/uploads\\\/2026\\\/02\\\/revolution-padel-store.jpg\",\"width\":2000,\"height\":2000,\"caption\":\"Revolution Padel Store\"},\"image\":{\"@id\":\"https:\\\/\\\/revolutionpadelstore.com\\\/de\\\/#\\\/schema\\\/logo\\\/image\\\/\"},\"sameAs\":[\"https:\\\/\\\/www.instagram.com\\\/revolutionpadelstore\\\/\"]}]}<\/script>\n<!-- \/ Yoast SEO plugin. -->","yoast_head_json":{"title":"MOCHILA BULLPADEL BPM25021 PEARL 012 BLANCO MUJER - Revolution Padel Store","description":"La Mochila Bullpadel BPM25021 Pearl en color blanco, dise\u00f1ada con la firma exclusiva de la jugadora Bea Gonz\u00e1lez, es la combinaci\u00f3n perfecta de estilo y funcionalidad para las jugadoras m\u00e1s exigentes. Este modelo tiene un dise\u00f1o elegante en blanco y azul, pensado para facilitar el transporte de todo tu equipo deportivo de manera segura y organizada.","robots":{"index":"index","follow":"follow","max-snippet":"max-snippet:-1","max-image-preview":"max-image-preview:large","max-video-preview":"max-video-preview:-1"},"canonical":"https:\/\/revolutionpadelstore.com\/de\/produkt\/mochila-bullpadel-bpm25021-pearl-012-blanco-mujer-1\/","og_locale":"de_DE","og_type":"article","og_title":"MOCHILA BULLPADEL BPM25021 PEARL 012 BLANCO MUJER - Revolution Padel Store","og_description":"La Mochila Bullpadel BPM25021 Pearl en color blanco, dise\u00f1ada con la firma exclusiva de la jugadora Bea Gonz\u00e1lez, es la combinaci\u00f3n perfecta de estilo y funcionalidad para las jugadoras m\u00e1s exigentes. Este modelo tiene un dise\u00f1o elegante en blanco y azul, pensado para facilitar el transporte de todo tu equipo deportivo de manera segura y organizada.","og_url":"https:\/\/revolutionpadelstore.com\/de\/produkt\/mochila-bullpadel-bpm25021-pearl-012-blanco-mujer-1\/","og_site_name":"Revolution Padel Store","article_modified_time":"2026-04-08T08:04:27+00:00","og_image":[{"width":1500,"height":1500,"url":"https:\/\/revolutionpadelstore.com\/wp-content\/uploads\/2024\/11\/113790-mochila-bullpadel-bpm25021-pearl-474977-mujer-1500x1500-1.webp","type":"image\/webp"}],"twitter_card":"summary_large_image","twitter_misc":{"Gesch\u00e4tzte Lesezeit":"1\u00a0Minute"},"schema":{"@context":"https:\/\/schema.org","@graph":[{"@type":"WebPage","@id":"https:\/\/revolutionpadelstore.com\/de\/produkt\/mochila-bullpadel-bpm25021-pearl-012-blanco-mujer-1\/","url":"https:\/\/revolutionpadelstore.com\/de\/produkt\/mochila-bullpadel-bpm25021-pearl-012-blanco-mujer-1\/","name":"MOCHILA BULLPADEL BPM25021 PEARL 012 BLANCO MUJER - Revolution Padel Store","isPartOf":{"@id":"https:\/\/revolutionpadelstore.com\/de\/#website"},"primaryImageOfPage":{"@id":"https:\/\/revolutionpadelstore.com\/de\/produkt\/mochila-bullpadel-bpm25021-pearl-012-blanco-mujer-1\/#primaryimage"},"image":{"@id":"https:\/\/revolutionpadelstore.com\/de\/produkt\/mochila-bullpadel-bpm25021-pearl-012-blanco-mujer-1\/#primaryimage"},"thumbnailUrl":"https:\/\/revolutionpadelstore.com\/wp-content\/uploads\/2024\/11\/113790-mochila-bullpadel-bpm25021-pearl-474977-mujer-1500x1500-1.webp","datePublished":"2024-11-26T22:55:50+00:00","dateModified":"2026-04-08T08:04:27+00:00","description":"La Mochila Bullpadel BPM25021 Pearl en color blanco, dise\u00f1ada con la firma exclusiva de la jugadora Bea Gonz\u00e1lez, es la combinaci\u00f3n perfecta de estilo y funcionalidad para las jugadoras m\u00e1s exigentes. Este modelo tiene un dise\u00f1o elegante en blanco y azul, pensado para facilitar el transporte de todo tu equipo deportivo de manera segura y organizada.","breadcrumb":{"@id":"https:\/\/revolutionpadelstore.com\/de\/produkt\/mochila-bullpadel-bpm25021-pearl-012-blanco-mujer-1\/#breadcrumb"},"inLanguage":"de","potentialAction":[{"@type":"ReadAction","target":["https:\/\/revolutionpadelstore.com\/de\/produkt\/mochila-bullpadel-bpm25021-pearl-012-blanco-mujer-1\/"]}]},{"@type":"ImageObject","inLanguage":"de","@id":"https:\/\/revolutionpadelstore.com\/de\/produkt\/mochila-bullpadel-bpm25021-pearl-012-blanco-mujer-1\/#primaryimage","url":"https:\/\/revolutionpadelstore.com\/wp-content\/uploads\/2024\/11\/113790-mochila-bullpadel-bpm25021-pearl-474977-mujer-1500x1500-1.webp","contentUrl":"https:\/\/revolutionpadelstore.com\/wp-content\/uploads\/2024\/11\/113790-mochila-bullpadel-bpm25021-pearl-474977-mujer-1500x1500-1.webp","width":1500,"height":1500},{"@type":"BreadcrumbList","@id":"https:\/\/revolutionpadelstore.com\/de\/produkt\/mochila-bullpadel-bpm25021-pearl-012-blanco-mujer-1\/#breadcrumb","itemListElement":[{"@type":"ListItem","position":1,"name":"Portada","item":"https:\/\/revolutionpadelstore.com\/de\/"},{"@type":"ListItem","position":2,"name":"Shop","item":"https:\/\/revolutionpadelstore.com\/de\/tienda\/"},{"@type":"ListItem","position":3,"name":"MOCHILA BULLPADEL BPM25021 PEARL 012 BLANCO MUJER"}]},{"@type":"WebSite","@id":"https:\/\/revolutionpadelstore.com\/de\/#website","url":"https:\/\/revolutionpadelstore.com\/de\/","name":"Revolution Padel Store","description":"","publisher":{"@id":"https:\/\/revolutionpadelstore.com\/de\/#organization"},"potentialAction":[{"@type":"SearchAction","target":{"@type":"EntryPoint","urlTemplate":"https:\/\/revolutionpadelstore.com\/de\/?s={search_term_string}"},"query-input":{"@type":"PropertyValueSpecification","valueRequired":true,"valueName":"search_term_string"}}],"inLanguage":"de"},{"@type":"Organization","@id":"https:\/\/revolutionpadelstore.com\/de\/#organization","name":"Revolution Padel Store","url":"https:\/\/revolutionpadelstore.com\/de\/","logo":{"@type":"ImageObject","inLanguage":"de","@id":"https:\/\/revolutionpadelstore.com\/de\/#\/schema\/logo\/image\/","url":"https:\/\/revolutionpadelstore.com\/wp-content\/uploads\/2026\/02\/revolution-padel-store.jpg","contentUrl":"https:\/\/revolutionpadelstore.com\/wp-content\/uploads\/2026\/02\/revolution-padel-store.jpg","width":2000,"height":2000,"caption":"Revolution Padel Store"},"image":{"@id":"https:\/\/revolutionpadelstore.com\/de\/#\/schema\/logo\/image\/"},"sameAs":["https:\/\/www.instagram.com\/revolutionpadelstore\/"]}]}},"_links":{"self":[{"href":"https:\/\/revolutionpadelstore.com\/de\/wp-json\/wp\/v2\/product\/129329","targetHints":{"allow":["GET"]}}],"collection":[{"href":"https:\/\/revolutionpadelstore.com\/de\/wp-json\/wp\/v2\/product"}],"about":[{"href":"https:\/\/revolutionpadelstore.com\/de\/wp-json\/wp\/v2\/types\/product"}],"replies":[{"embeddable":true,"href":"https:\/\/revolutionpadelstore.com\/de\/wp-json\/wp\/v2\/comments?post=129329"}],"wp:featuredmedia":[{"embeddable":true,"href":"https:\/\/revolutionpadelstore.com\/de\/wp-json\/wp\/v2\/media\/129306"}],"wp:attachment":[{"href":"https:\/\/revolutionpadelstore.com\/de\/wp-json\/wp\/v2\/media?parent=129329"}],"wp:term":[{"taxonomy":"acabado","embeddable":true,"href":"https:\/\/revolutionpadelstore.com\/de\/wp-json\/wp\/v2\/acabado?post=129329"},{"taxonomy":"balance","embeddable":true,"href":"https:\/\/revolutionpadelstore.com\/de\/wp-json\/wp\/v2\/balance?post=129329"},{"taxonomy":"dureza","embeddable":true,"href":"https:\/\/revolutionpadelstore.com\/de\/wp-json\/wp\/v2\/dureza?post=129329"},{"taxonomy":"forma","embeddable":true,"href":"https:\/\/revolutionpadelstore.com\/de\/wp-json\/wp\/v2\/forma?post=129329"},{"taxonomy":"jugador","embeddable":true,"href":"https:\/\/revolutionpadelstore.com\/de\/wp-json\/wp\/v2\/jugador?post=129329"},{"taxonomy":"marca","embeddable":true,"href":"https:\/\/revolutionpadelstore.com\/de\/wp-json\/wp\/v2\/marca?post=129329"},{"taxonomy":"nivel-de-juego","embeddable":true,"href":"https:\/\/revolutionpadelstore.com\/de\/wp-json\/wp\/v2\/nivel-de-juego?post=129329"},{"taxonomy":"superficie","embeddable":true,"href":"https:\/\/revolutionpadelstore.com\/de\/wp-json\/wp\/v2\/superficie?post=129329"},{"taxonomy":"tipo-de-juego","embeddable":true,"href":"https:\/\/revolutionpadelstore.com\/de\/wp-json\/wp\/v2\/tipo-de-juego?post=129329"},{"taxonomy":"product_brand","embeddable":true,"href":"https:\/\/revolutionpadelstore.com\/de\/wp-json\/wp\/v2\/product_brand?post=129329"},{"taxonomy":"product_cat","embeddable":true,"href":"https:\/\/revolutionpadelstore.com\/de\/wp-json\/wp\/v2\/product_cat?post=129329"},{"taxonomy":"product_tag","embeddable":true,"href":"https:\/\/revolutionpadelstore.com\/de\/wp-json\/wp\/v2\/product_tag?post=129329"}],"curies":[{"name":"wp","href":"https:\/\/api.w.org\/{rel}","templated":true}]}}