{"id":129299,"date":"2024-11-26T23:46:49","date_gmt":"2024-11-26T22:46:49","guid":{"rendered":"https:\/\/revolutionpadelstore.com\/paletero-bullpadel-juan-tello-vertex-bpp25001-negro\/"},"modified":"2026-04-08T10:04:53","modified_gmt":"2026-04-08T08:04:53","slug":"paletero-bullpadel-juan-tello-vertex-bpp25001-negro-1","status":"publish","type":"product","link":"https:\/\/revolutionpadelstore.com\/de\/produkt\/paletero-bullpadel-juan-tello-vertex-bpp25001-negro-1\/","title":{"rendered":"PALETERO BULLPADEL JUAN TELLO VERTEX BPP25001 NEGRO"},"content":{"rendered":"<p>&lt;Il<br \/>\nDer Bullpadel Paletero Juan Tello Vertex BPP25001 ist das perfekte Zubeh\u00f6r f\u00fcr Paddelspieler, die nach Funktionalit\u00e4t, Kapazit\u00e4t und einem attraktiven Design suchen.<\/p>\n<p>Diese Paletero wurde in Zusammenarbeit mit dem professionellen Spieler Juan Tello entwickelt und bietet eine hervorragende Organisation, um alles, was in jedem Spiel erforderlich ist, mit besonderer Sorgfalt f\u00fcr den Schutz der Schaufeln zu transportieren.<\/p>\n<h2> Haupteigenschaften: <\/H2><br \/>\n<Div class=\"flex max-w-suppl-colUp flex-Grow\"><br \/>\n<Div class=\"min-H-8 Text-Message Flex W-Suppress fliehen data-message-author-role =\"><\/p>\n<div class=\"flex w-full flex-Col Gap-1 emty: zuerst versteckt: pt- [3px]\">&gt;<\/p>\n<div class=\"Markdown Fortsetzung W-Volle Break-Words Dunkel: Prosa-Invert dunkel\">\n<p><strong> Exklusives Design <\/strong>: Mit einem modernen und raffinierten Stil, inspiriert von Juan Tello, enth\u00e4lt er Details, die seine Pers\u00f6nlichkeit und Professionalit\u00e4t in der Welt des Paddels widerspiegeln.<\/p>\n<p><strong> Hauptfach <\/strong>: breit und praktisch, ideal, um Kleidung, Handt\u00fccher, B\u00e4lle und andere wesentliche Accessoires f\u00fcr Paddel -Tennis zu halten.<\/p>\n<p><strong> Zwei W\u00e4rmeleitkompartimente <\/strong>: Mit einer speziellen Beschichtung, die bis zu vier Temperatur\u00e4nderungen sch\u00fctzt und seine Integrit\u00e4t und Leistung in jedem klimatischen Zustand garantiert.<\/p>\n<p><strong> Seitentasche im Freien <\/strong>: Eine kleine leicht zug\u00e4ngliche Nebenpocke, die sich perfekt f\u00fcr pers\u00f6nliche Objekte wie Schl\u00fcssel, Brieftaschen, Mobiltelefon oder kleineres Zubeh\u00f6r aufbewahren kann.<\/p>\n<p><strong> Verstellbare und gepolsterte Griffe <\/strong>: Ergonomische Gurte, mit denen sie als Rucksack transportiert werden k\u00f6nnen und Komfort und ausgewogene Gewichtsverteilung bieten.<\/p>\n<p><strong> resistantes Material <\/strong>: Hergestellt mit hochwertigen Materialien, die eine lange Lebensdauer und Verschlei\u00dffestigkeit und unerw\u00fcnschten Bedingungen gew\u00e4hrleisten.<\/p>\n<p><strong> ungef\u00e4hre Gr\u00f6\u00dfe <\/strong>: ger\u00e4umig, aber kompakt, ideal, um alles zu tragen, was notwendig ist, ohne sperrig zu sein.<\/p>\n<p>Der <strong> Paletero Bullpadel Juan Tello Vertex BPP25001 <\/strong> ist die perfekte Kombination aus Stil, Kapazit\u00e4t und Funktionalit\u00e4t. Mit ihrem sorgf\u00e4ltigen Design und ihren spezialisierten F\u00e4chern ist es ideal, um Spieler zu fordern, die ihre Teams organisiert und gesch\u00fctzt halten m\u00f6chten, w\u00e4hrend sie mit der Unterst\u00fctzung einer f\u00fchrenden Marke wie Bullpadel auf der Strecke abheben.<\/p>\n<p><\/ div><br \/>\n<\/ div><br \/>\n<\/ div><br \/>\n<\/ div><\/p>\n<div class=\"mb-2 flex gap-3 emty: versteckt -ml-2\">\n<Div class=\"Element-Center-Justizit\u00e4ts-Start-Runden-XL P-1 Flex\"> &#8220;&gt;<\/p>\n<div class=\"flex items-center\"> <\/ div><br \/>\n<\/ div><br \/>\n<\/ div><\/p>\n","protected":false},"excerpt":{"rendered":"<p>&lt;Il Der Bullpadel Paletero Juan Tello Vertex BPP25001 ist das perfekte Zubeh\u00f6r f\u00fcr Paddelspieler, die nach Funktionalit\u00e4t, Kapazit\u00e4t und einem attraktiven Design suchen. Diese Paletero wurde in Zusammenarbeit mit dem professionellen Spieler Juan Tello entwickelt und bietet eine hervorragende Organisation, um alles, was in jedem Spiel erforderlich ist, mit besonderer Sorgfalt f\u00fcr den Schutz der [&hellip;]<\/p>\n","protected":false},"featured_media":129270,"comment_status":"open","ping_status":"closed","template":"","meta":{"_acf_changed":false,"_joinchat":[]},"acabado":[],"balance":[],"dureza":[],"forma":[],"jugador":[],"marca":[1254],"nivel-de-juego":[],"superficie":[],"tipo-de-juego":[],"product_brand":[],"product_cat":[314],"product_tag":[],"class_list":{"0":"post-129299","1":"product","2":"type-product","3":"status-publish","4":"has-post-thumbnail","6":"marca-bullpadel-de","7":"product_cat-taschen","9":"first","10":"instock","11":"sale","12":"taxable","13":"shipping-taxable","14":"purchasable","15":"product-type-simple"},"acf":[],"yoast_head":"<!-- This site is optimized with the Yoast SEO plugin v27.4 - https:\/\/yoast.com\/product\/yoast-seo-wordpress\/ -->\n<title>PALETERO BULLPADEL JUAN TELLO VERTEX BPP25001 NEGRO - Revolution Padel Store<\/title>\n<meta name=\"description\" content=\"El Paletero Bullpadel Juan Tello Vertex BPP25001 es la combinacion perfecta de estilo, capacidad y funcionalidad.Con su diseno cuidado y sus compartimentos especificos, es ideal para jugadores exigentes que buscan mantener organizados y protegidos sus equipos mientras destacan en la pista con el respaldo de una marca lider como Bullpadel.\" \/>\n<meta name=\"robots\" content=\"index, follow, max-snippet:-1, max-image-preview:large, max-video-preview:-1\" \/>\n<link rel=\"canonical\" href=\"https:\/\/revolutionpadelstore.com\/de\/produkt\/paletero-bullpadel-juan-tello-vertex-bpp25001-negro-1\/\" \/>\n<meta property=\"og:locale\" content=\"de_DE\" \/>\n<meta property=\"og:type\" content=\"article\" \/>\n<meta property=\"og:title\" content=\"PALETERO BULLPADEL JUAN TELLO VERTEX BPP25001 NEGRO - Revolution Padel Store\" \/>\n<meta property=\"og:description\" content=\"El Paletero Bullpadel Juan Tello Vertex BPP25001 es la combinacion perfecta de estilo, capacidad y funcionalidad.Con su diseno cuidado y sus compartimentos especificos, es ideal para jugadores exigentes que buscan mantener organizados y protegidos sus equipos mientras destacan en la pista con el respaldo de una marca lider como Bullpadel.\" \/>\n<meta property=\"og:url\" content=\"https:\/\/revolutionpadelstore.com\/de\/produkt\/paletero-bullpadel-juan-tello-vertex-bpp25001-negro-1\/\" \/>\n<meta property=\"og:site_name\" content=\"Revolution Padel Store\" \/>\n<meta property=\"article:modified_time\" content=\"2026-04-08T08:04:53+00:00\" \/>\n<meta property=\"og:image\" content=\"https:\/\/revolutionpadelstore.com\/wp-content\/uploads\/2024\/11\/paletero-bullpadel-juan-tello-vertex-bpp25001-negro-1000x1000-1.webp\" \/>\n\t<meta property=\"og:image:width\" content=\"1000\" \/>\n\t<meta property=\"og:image:height\" content=\"1000\" \/>\n\t<meta property=\"og:image:type\" content=\"image\/webp\" \/>\n<meta name=\"twitter:card\" content=\"summary_large_image\" \/>\n<meta name=\"twitter:label1\" content=\"Gesch\u00e4tzte Lesezeit\" \/>\n\t<meta name=\"twitter:data1\" content=\"1\u00a0Minute\" \/>\n<script type=\"application\/ld+json\" class=\"yoast-schema-graph\">{\"@context\":\"https:\\\/\\\/schema.org\",\"@graph\":[{\"@type\":\"WebPage\",\"@id\":\"https:\\\/\\\/revolutionpadelstore.com\\\/de\\\/produkt\\\/paletero-bullpadel-juan-tello-vertex-bpp25001-negro-1\\\/\",\"url\":\"https:\\\/\\\/revolutionpadelstore.com\\\/de\\\/produkt\\\/paletero-bullpadel-juan-tello-vertex-bpp25001-negro-1\\\/\",\"name\":\"PALETERO BULLPADEL JUAN TELLO VERTEX BPP25001 NEGRO - Revolution Padel Store\",\"isPartOf\":{\"@id\":\"https:\\\/\\\/revolutionpadelstore.com\\\/de\\\/#website\"},\"primaryImageOfPage\":{\"@id\":\"https:\\\/\\\/revolutionpadelstore.com\\\/de\\\/produkt\\\/paletero-bullpadel-juan-tello-vertex-bpp25001-negro-1\\\/#primaryimage\"},\"image\":{\"@id\":\"https:\\\/\\\/revolutionpadelstore.com\\\/de\\\/produkt\\\/paletero-bullpadel-juan-tello-vertex-bpp25001-negro-1\\\/#primaryimage\"},\"thumbnailUrl\":\"https:\\\/\\\/revolutionpadelstore.com\\\/wp-content\\\/uploads\\\/2024\\\/11\\\/paletero-bullpadel-juan-tello-vertex-bpp25001-negro-1000x1000-1.webp\",\"datePublished\":\"2024-11-26T22:46:49+00:00\",\"dateModified\":\"2026-04-08T08:04:53+00:00\",\"description\":\"El Paletero Bullpadel Juan Tello Vertex BPP25001 es la combinacion perfecta de estilo, capacidad y funcionalidad.Con su diseno cuidado y sus compartimentos especificos, es ideal para jugadores exigentes que buscan mantener organizados y protegidos sus equipos mientras destacan en la pista con el respaldo de una marca lider como Bullpadel.\",\"breadcrumb\":{\"@id\":\"https:\\\/\\\/revolutionpadelstore.com\\\/de\\\/produkt\\\/paletero-bullpadel-juan-tello-vertex-bpp25001-negro-1\\\/#breadcrumb\"},\"inLanguage\":\"de\",\"potentialAction\":[{\"@type\":\"ReadAction\",\"target\":[\"https:\\\/\\\/revolutionpadelstore.com\\\/de\\\/produkt\\\/paletero-bullpadel-juan-tello-vertex-bpp25001-negro-1\\\/\"]}]},{\"@type\":\"ImageObject\",\"inLanguage\":\"de\",\"@id\":\"https:\\\/\\\/revolutionpadelstore.com\\\/de\\\/produkt\\\/paletero-bullpadel-juan-tello-vertex-bpp25001-negro-1\\\/#primaryimage\",\"url\":\"https:\\\/\\\/revolutionpadelstore.com\\\/wp-content\\\/uploads\\\/2024\\\/11\\\/paletero-bullpadel-juan-tello-vertex-bpp25001-negro-1000x1000-1.webp\",\"contentUrl\":\"https:\\\/\\\/revolutionpadelstore.com\\\/wp-content\\\/uploads\\\/2024\\\/11\\\/paletero-bullpadel-juan-tello-vertex-bpp25001-negro-1000x1000-1.webp\",\"width\":1000,\"height\":1000},{\"@type\":\"BreadcrumbList\",\"@id\":\"https:\\\/\\\/revolutionpadelstore.com\\\/de\\\/produkt\\\/paletero-bullpadel-juan-tello-vertex-bpp25001-negro-1\\\/#breadcrumb\",\"itemListElement\":[{\"@type\":\"ListItem\",\"position\":1,\"name\":\"Portada\",\"item\":\"https:\\\/\\\/revolutionpadelstore.com\\\/de\\\/\"},{\"@type\":\"ListItem\",\"position\":2,\"name\":\"Shop\",\"item\":\"https:\\\/\\\/revolutionpadelstore.com\\\/de\\\/tienda\\\/\"},{\"@type\":\"ListItem\",\"position\":3,\"name\":\"PALETERO BULLPADEL JUAN TELLO VERTEX BPP25001 NEGRO\"}]},{\"@type\":\"WebSite\",\"@id\":\"https:\\\/\\\/revolutionpadelstore.com\\\/de\\\/#website\",\"url\":\"https:\\\/\\\/revolutionpadelstore.com\\\/de\\\/\",\"name\":\"Revolution Padel Store\",\"description\":\"\",\"publisher\":{\"@id\":\"https:\\\/\\\/revolutionpadelstore.com\\\/de\\\/#organization\"},\"potentialAction\":[{\"@type\":\"SearchAction\",\"target\":{\"@type\":\"EntryPoint\",\"urlTemplate\":\"https:\\\/\\\/revolutionpadelstore.com\\\/de\\\/?s={search_term_string}\"},\"query-input\":{\"@type\":\"PropertyValueSpecification\",\"valueRequired\":true,\"valueName\":\"search_term_string\"}}],\"inLanguage\":\"de\"},{\"@type\":\"Organization\",\"@id\":\"https:\\\/\\\/revolutionpadelstore.com\\\/de\\\/#organization\",\"name\":\"Revolution Padel Store\",\"url\":\"https:\\\/\\\/revolutionpadelstore.com\\\/de\\\/\",\"logo\":{\"@type\":\"ImageObject\",\"inLanguage\":\"de\",\"@id\":\"https:\\\/\\\/revolutionpadelstore.com\\\/de\\\/#\\\/schema\\\/logo\\\/image\\\/\",\"url\":\"https:\\\/\\\/revolutionpadelstore.com\\\/wp-content\\\/uploads\\\/2026\\\/02\\\/revolution-padel-store.jpg\",\"contentUrl\":\"https:\\\/\\\/revolutionpadelstore.com\\\/wp-content\\\/uploads\\\/2026\\\/02\\\/revolution-padel-store.jpg\",\"width\":2000,\"height\":2000,\"caption\":\"Revolution Padel Store\"},\"image\":{\"@id\":\"https:\\\/\\\/revolutionpadelstore.com\\\/de\\\/#\\\/schema\\\/logo\\\/image\\\/\"},\"sameAs\":[\"https:\\\/\\\/www.instagram.com\\\/revolutionpadelstore\\\/\"]}]}<\/script>\n<!-- \/ Yoast SEO plugin. -->","yoast_head_json":{"title":"PALETERO BULLPADEL JUAN TELLO VERTEX BPP25001 NEGRO - Revolution Padel Store","description":"El Paletero Bullpadel Juan Tello Vertex BPP25001 es la combinacion perfecta de estilo, capacidad y funcionalidad.Con su diseno cuidado y sus compartimentos especificos, es ideal para jugadores exigentes que buscan mantener organizados y protegidos sus equipos mientras destacan en la pista con el respaldo de una marca lider como Bullpadel.","robots":{"index":"index","follow":"follow","max-snippet":"max-snippet:-1","max-image-preview":"max-image-preview:large","max-video-preview":"max-video-preview:-1"},"canonical":"https:\/\/revolutionpadelstore.com\/de\/produkt\/paletero-bullpadel-juan-tello-vertex-bpp25001-negro-1\/","og_locale":"de_DE","og_type":"article","og_title":"PALETERO BULLPADEL JUAN TELLO VERTEX BPP25001 NEGRO - Revolution Padel Store","og_description":"El Paletero Bullpadel Juan Tello Vertex BPP25001 es la combinacion perfecta de estilo, capacidad y funcionalidad.Con su diseno cuidado y sus compartimentos especificos, es ideal para jugadores exigentes que buscan mantener organizados y protegidos sus equipos mientras destacan en la pista con el respaldo de una marca lider como Bullpadel.","og_url":"https:\/\/revolutionpadelstore.com\/de\/produkt\/paletero-bullpadel-juan-tello-vertex-bpp25001-negro-1\/","og_site_name":"Revolution Padel Store","article_modified_time":"2026-04-08T08:04:53+00:00","og_image":[{"width":1000,"height":1000,"url":"https:\/\/revolutionpadelstore.com\/wp-content\/uploads\/2024\/11\/paletero-bullpadel-juan-tello-vertex-bpp25001-negro-1000x1000-1.webp","type":"image\/webp"}],"twitter_card":"summary_large_image","twitter_misc":{"Gesch\u00e4tzte Lesezeit":"1\u00a0Minute"},"schema":{"@context":"https:\/\/schema.org","@graph":[{"@type":"WebPage","@id":"https:\/\/revolutionpadelstore.com\/de\/produkt\/paletero-bullpadel-juan-tello-vertex-bpp25001-negro-1\/","url":"https:\/\/revolutionpadelstore.com\/de\/produkt\/paletero-bullpadel-juan-tello-vertex-bpp25001-negro-1\/","name":"PALETERO BULLPADEL JUAN TELLO VERTEX BPP25001 NEGRO - Revolution Padel Store","isPartOf":{"@id":"https:\/\/revolutionpadelstore.com\/de\/#website"},"primaryImageOfPage":{"@id":"https:\/\/revolutionpadelstore.com\/de\/produkt\/paletero-bullpadel-juan-tello-vertex-bpp25001-negro-1\/#primaryimage"},"image":{"@id":"https:\/\/revolutionpadelstore.com\/de\/produkt\/paletero-bullpadel-juan-tello-vertex-bpp25001-negro-1\/#primaryimage"},"thumbnailUrl":"https:\/\/revolutionpadelstore.com\/wp-content\/uploads\/2024\/11\/paletero-bullpadel-juan-tello-vertex-bpp25001-negro-1000x1000-1.webp","datePublished":"2024-11-26T22:46:49+00:00","dateModified":"2026-04-08T08:04:53+00:00","description":"El Paletero Bullpadel Juan Tello Vertex BPP25001 es la combinacion perfecta de estilo, capacidad y funcionalidad.Con su diseno cuidado y sus compartimentos especificos, es ideal para jugadores exigentes que buscan mantener organizados y protegidos sus equipos mientras destacan en la pista con el respaldo de una marca lider como Bullpadel.","breadcrumb":{"@id":"https:\/\/revolutionpadelstore.com\/de\/produkt\/paletero-bullpadel-juan-tello-vertex-bpp25001-negro-1\/#breadcrumb"},"inLanguage":"de","potentialAction":[{"@type":"ReadAction","target":["https:\/\/revolutionpadelstore.com\/de\/produkt\/paletero-bullpadel-juan-tello-vertex-bpp25001-negro-1\/"]}]},{"@type":"ImageObject","inLanguage":"de","@id":"https:\/\/revolutionpadelstore.com\/de\/produkt\/paletero-bullpadel-juan-tello-vertex-bpp25001-negro-1\/#primaryimage","url":"https:\/\/revolutionpadelstore.com\/wp-content\/uploads\/2024\/11\/paletero-bullpadel-juan-tello-vertex-bpp25001-negro-1000x1000-1.webp","contentUrl":"https:\/\/revolutionpadelstore.com\/wp-content\/uploads\/2024\/11\/paletero-bullpadel-juan-tello-vertex-bpp25001-negro-1000x1000-1.webp","width":1000,"height":1000},{"@type":"BreadcrumbList","@id":"https:\/\/revolutionpadelstore.com\/de\/produkt\/paletero-bullpadel-juan-tello-vertex-bpp25001-negro-1\/#breadcrumb","itemListElement":[{"@type":"ListItem","position":1,"name":"Portada","item":"https:\/\/revolutionpadelstore.com\/de\/"},{"@type":"ListItem","position":2,"name":"Shop","item":"https:\/\/revolutionpadelstore.com\/de\/tienda\/"},{"@type":"ListItem","position":3,"name":"PALETERO BULLPADEL JUAN TELLO VERTEX BPP25001 NEGRO"}]},{"@type":"WebSite","@id":"https:\/\/revolutionpadelstore.com\/de\/#website","url":"https:\/\/revolutionpadelstore.com\/de\/","name":"Revolution Padel Store","description":"","publisher":{"@id":"https:\/\/revolutionpadelstore.com\/de\/#organization"},"potentialAction":[{"@type":"SearchAction","target":{"@type":"EntryPoint","urlTemplate":"https:\/\/revolutionpadelstore.com\/de\/?s={search_term_string}"},"query-input":{"@type":"PropertyValueSpecification","valueRequired":true,"valueName":"search_term_string"}}],"inLanguage":"de"},{"@type":"Organization","@id":"https:\/\/revolutionpadelstore.com\/de\/#organization","name":"Revolution Padel Store","url":"https:\/\/revolutionpadelstore.com\/de\/","logo":{"@type":"ImageObject","inLanguage":"de","@id":"https:\/\/revolutionpadelstore.com\/de\/#\/schema\/logo\/image\/","url":"https:\/\/revolutionpadelstore.com\/wp-content\/uploads\/2026\/02\/revolution-padel-store.jpg","contentUrl":"https:\/\/revolutionpadelstore.com\/wp-content\/uploads\/2026\/02\/revolution-padel-store.jpg","width":2000,"height":2000,"caption":"Revolution Padel Store"},"image":{"@id":"https:\/\/revolutionpadelstore.com\/de\/#\/schema\/logo\/image\/"},"sameAs":["https:\/\/www.instagram.com\/revolutionpadelstore\/"]}]}},"_links":{"self":[{"href":"https:\/\/revolutionpadelstore.com\/de\/wp-json\/wp\/v2\/product\/129299","targetHints":{"allow":["GET"]}}],"collection":[{"href":"https:\/\/revolutionpadelstore.com\/de\/wp-json\/wp\/v2\/product"}],"about":[{"href":"https:\/\/revolutionpadelstore.com\/de\/wp-json\/wp\/v2\/types\/product"}],"replies":[{"embeddable":true,"href":"https:\/\/revolutionpadelstore.com\/de\/wp-json\/wp\/v2\/comments?post=129299"}],"wp:featuredmedia":[{"embeddable":true,"href":"https:\/\/revolutionpadelstore.com\/de\/wp-json\/wp\/v2\/media\/129270"}],"wp:attachment":[{"href":"https:\/\/revolutionpadelstore.com\/de\/wp-json\/wp\/v2\/media?parent=129299"}],"wp:term":[{"taxonomy":"acabado","embeddable":true,"href":"https:\/\/revolutionpadelstore.com\/de\/wp-json\/wp\/v2\/acabado?post=129299"},{"taxonomy":"balance","embeddable":true,"href":"https:\/\/revolutionpadelstore.com\/de\/wp-json\/wp\/v2\/balance?post=129299"},{"taxonomy":"dureza","embeddable":true,"href":"https:\/\/revolutionpadelstore.com\/de\/wp-json\/wp\/v2\/dureza?post=129299"},{"taxonomy":"forma","embeddable":true,"href":"https:\/\/revolutionpadelstore.com\/de\/wp-json\/wp\/v2\/forma?post=129299"},{"taxonomy":"jugador","embeddable":true,"href":"https:\/\/revolutionpadelstore.com\/de\/wp-json\/wp\/v2\/jugador?post=129299"},{"taxonomy":"marca","embeddable":true,"href":"https:\/\/revolutionpadelstore.com\/de\/wp-json\/wp\/v2\/marca?post=129299"},{"taxonomy":"nivel-de-juego","embeddable":true,"href":"https:\/\/revolutionpadelstore.com\/de\/wp-json\/wp\/v2\/nivel-de-juego?post=129299"},{"taxonomy":"superficie","embeddable":true,"href":"https:\/\/revolutionpadelstore.com\/de\/wp-json\/wp\/v2\/superficie?post=129299"},{"taxonomy":"tipo-de-juego","embeddable":true,"href":"https:\/\/revolutionpadelstore.com\/de\/wp-json\/wp\/v2\/tipo-de-juego?post=129299"},{"taxonomy":"product_brand","embeddable":true,"href":"https:\/\/revolutionpadelstore.com\/de\/wp-json\/wp\/v2\/product_brand?post=129299"},{"taxonomy":"product_cat","embeddable":true,"href":"https:\/\/revolutionpadelstore.com\/de\/wp-json\/wp\/v2\/product_cat?post=129299"},{"taxonomy":"product_tag","embeddable":true,"href":"https:\/\/revolutionpadelstore.com\/de\/wp-json\/wp\/v2\/product_tag?post=129299"}],"curies":[{"name":"wp","href":"https:\/\/api.w.org\/{rel}","templated":true}]}}