{"id":129213,"date":"2024-11-26T13:53:26","date_gmt":"2024-11-26T12:53:26","guid":{"rendered":"https:\/\/revolutionpadelstore.com\/camiseta-head-arturo-coello-2025\/"},"modified":"2026-04-08T10:05:19","modified_gmt":"2026-04-08T08:05:19","slug":"camiseta-head-arturo-coello-2025-1","status":"publish","type":"product","link":"https:\/\/revolutionpadelstore.com\/de\/produkt\/camiseta-head-arturo-coello-2025-1\/","title":{"rendered":"CAMISETA HEAD ARTURO COELLO 2025"},"content":{"rendered":"<h2> <strong> Stil und Leistung in der T-Shirt-Leistung <\/ strong> <\/ h2><br \/>\nDas T-Shirt Performance T-Shirt f\u00fcr M\u00e4nner, inspiriert von Arturo Coellos Stil, verschmilzt Premium-Design und fortschrittliche Technologie. Es besteht aus 100%Polyester -Jacquard -Stoff. Es umfasst die Logos seiner Sponsoren und ist so konzipiert, dass sie in den anspruchsvollsten Spielen frisch bleiben. Seine K\u00f6rperkartierungstechnologie in strategischen Bereichen und Feuchtigkeitstransfermikrofasertechnologie bietet einen erfrischenden Effekt und beschleunigt den materiellen Trocknungsprozess.<\/p>\n<p>Um Komfort und Bewegungsfreiheit zu gew\u00e4hrleisten, verf\u00fcgt das Hemd Nebene\u00f6ffnungen, die eine Reihe von Bewegungen ohne Einschr\u00e4nkungen erleichtern. Dar\u00fcber hinaus pr\u00e4sentiert es eine Jacquard -Mesh -Halskette, einen Riemen am Hals mit dem Kopflogo, Ragl\u00e1n -\u00c4rmeln f\u00fcr mehr Flexibilit\u00e4t und das emblematische Kopf -Wishbone -Logo.<\/p>\n<p><strong> Produktdetails: <\/strong><\/p>\n<p>-Material: Jacquard Polyestergewebe 100%<\/p>\n<p>-Technologie: Microfibra-Feuchtigkeitstransfer f\u00fcr schnelle Trocknen und Frische <\/p>\n<p>-Halskette: Flachgewebe Jacquard Mesh <\/p>\n<p>-L\u00fcftung: K\u00f6rperkartentechnologie in Schl\u00fcsselbereichen <\/p>\n<p>-Halsband: mit der Brand der \u00dcberschrift <\/p>\n<p>-\u00c4rmel: Ragl\u00e1n f\u00fcr mehr Bewegungsfreiheit <\/p>\n<p>-Seiten\u00f6ffnungen: F\u00fcr uneingeschr\u00e4nkte Mobilit\u00e4t <\/p>\n<p>-Geschlecht: Mann <\/p>\n<p>-Farbe: wei\u00df <\/p>\n","protected":false},"excerpt":{"rendered":"<p>Stil und Leistung in der T-Shirt-Leistung Das T-Shirt Performance T-Shirt f\u00fcr M\u00e4nner, inspiriert von Arturo Coellos Stil, verschmilzt Premium-Design und fortschrittliche Technologie. Es besteht aus 100%Polyester -Jacquard -Stoff. Es umfasst die Logos seiner Sponsoren und ist so konzipiert, dass sie in den anspruchsvollsten Spielen frisch bleiben. Seine K\u00f6rperkartierungstechnologie in strategischen Bereichen und Feuchtigkeitstransfermikrofasertechnologie bietet einen [&hellip;]<\/p>\n","protected":false},"featured_media":129222,"comment_status":"open","ping_status":"closed","template":"","meta":{"_acf_changed":false,"_joinchat":[]},"acabado":[],"balance":[],"dureza":[],"forma":[],"jugador":[1189],"marca":[1219],"nivel-de-juego":[],"superficie":[],"tipo-de-juego":[],"product_brand":[],"product_cat":[323],"product_tag":[],"class_list":{"0":"post-129213","1":"product","2":"type-product","3":"status-publish","4":"has-post-thumbnail","6":"jugador-mann","7":"marca-kopf","8":"product_cat-ropa-de","10":"first","11":"outofstock","12":"sale","13":"taxable","14":"shipping-taxable","15":"purchasable","16":"product-type-variable"},"acf":[],"yoast_head":"<!-- This site is optimized with the Yoast SEO plugin v27.4 - https:\/\/yoast.com\/product\/yoast-seo-wordpress\/ -->\n<title>CAMISETA HEAD ARTURO COELLO 2025 - Revolution Padel Store<\/title>\n<meta name=\"description\" content=\"La camiseta PERFORMANCE T-SHIRT para hombre, inspirada en el estilo de Arturo Coello, fusiona dise\u00f1o premium y tecnolog\u00eda avanzada. Elaborada en tejido jacquard de poli\u00e9ster 100%, incluye los logos de sus patrocinadores y est\u00e1 pensada para mantenerte fresco durante los partidos m\u00e1s exigentes. Su tecnolog\u00eda de mapeo corporal en zonas estrat\u00e9gicas y la tecnolog\u00eda Moisture Transfer Microfiber de HEAD proporcionan un efecto refrescante y aceleran el proceso de secado del material.\" \/>\n<meta name=\"robots\" content=\"index, follow, max-snippet:-1, max-image-preview:large, max-video-preview:-1\" \/>\n<link rel=\"canonical\" href=\"https:\/\/revolutionpadelstore.com\/de\/produkt\/camiseta-head-arturo-coello-2025-1\/\" \/>\n<meta property=\"og:locale\" content=\"de_DE\" \/>\n<meta property=\"og:type\" content=\"article\" \/>\n<meta property=\"og:title\" content=\"CAMISETA HEAD ARTURO COELLO 2025 - Revolution Padel Store\" \/>\n<meta property=\"og:description\" content=\"La camiseta PERFORMANCE T-SHIRT para hombre, inspirada en el estilo de Arturo Coello, fusiona dise\u00f1o premium y tecnolog\u00eda avanzada. Elaborada en tejido jacquard de poli\u00e9ster 100%, incluye los logos de sus patrocinadores y est\u00e1 pensada para mantenerte fresco durante los partidos m\u00e1s exigentes. Su tecnolog\u00eda de mapeo corporal en zonas estrat\u00e9gicas y la tecnolog\u00eda Moisture Transfer Microfiber de HEAD proporcionan un efecto refrescante y aceleran el proceso de secado del material.\" \/>\n<meta property=\"og:url\" content=\"https:\/\/revolutionpadelstore.com\/de\/produkt\/camiseta-head-arturo-coello-2025-1\/\" \/>\n<meta property=\"og:site_name\" content=\"Revolution Padel Store\" \/>\n<meta property=\"article:modified_time\" content=\"2026-04-08T08:05:19+00:00\" \/>\n<meta property=\"og:image\" content=\"https:\/\/revolutionpadelstore.com\/wp-content\/uploads\/2024\/11\/camiseta-Coello-2025.png\" \/>\n\t<meta property=\"og:image:width\" content=\"1500\" \/>\n\t<meta property=\"og:image:height\" content=\"1500\" \/>\n\t<meta property=\"og:image:type\" content=\"image\/png\" \/>\n<meta name=\"twitter:card\" content=\"summary_large_image\" \/>\n<meta name=\"twitter:label1\" content=\"Gesch\u00e4tzte Lesezeit\" \/>\n\t<meta name=\"twitter:data1\" content=\"1\u00a0Minute\" \/>\n<script type=\"application\/ld+json\" class=\"yoast-schema-graph\">{\"@context\":\"https:\\\/\\\/schema.org\",\"@graph\":[{\"@type\":\"WebPage\",\"@id\":\"https:\\\/\\\/revolutionpadelstore.com\\\/de\\\/produkt\\\/camiseta-head-arturo-coello-2025-1\\\/\",\"url\":\"https:\\\/\\\/revolutionpadelstore.com\\\/de\\\/produkt\\\/camiseta-head-arturo-coello-2025-1\\\/\",\"name\":\"CAMISETA HEAD ARTURO COELLO 2025 - Revolution Padel Store\",\"isPartOf\":{\"@id\":\"https:\\\/\\\/revolutionpadelstore.com\\\/de\\\/#website\"},\"primaryImageOfPage\":{\"@id\":\"https:\\\/\\\/revolutionpadelstore.com\\\/de\\\/produkt\\\/camiseta-head-arturo-coello-2025-1\\\/#primaryimage\"},\"image\":{\"@id\":\"https:\\\/\\\/revolutionpadelstore.com\\\/de\\\/produkt\\\/camiseta-head-arturo-coello-2025-1\\\/#primaryimage\"},\"thumbnailUrl\":\"https:\\\/\\\/revolutionpadelstore.com\\\/wp-content\\\/uploads\\\/2024\\\/11\\\/camiseta-Coello-2025.png\",\"datePublished\":\"2024-11-26T12:53:26+00:00\",\"dateModified\":\"2026-04-08T08:05:19+00:00\",\"description\":\"La camiseta PERFORMANCE T-SHIRT para hombre, inspirada en el estilo de Arturo Coello, fusiona dise\u00f1o premium y tecnolog\u00eda avanzada. Elaborada en tejido jacquard de poli\u00e9ster 100%, incluye los logos de sus patrocinadores y est\u00e1 pensada para mantenerte fresco durante los partidos m\u00e1s exigentes. Su tecnolog\u00eda de mapeo corporal en zonas estrat\u00e9gicas y la tecnolog\u00eda Moisture Transfer Microfiber de HEAD proporcionan un efecto refrescante y aceleran el proceso de secado del material.\",\"breadcrumb\":{\"@id\":\"https:\\\/\\\/revolutionpadelstore.com\\\/de\\\/produkt\\\/camiseta-head-arturo-coello-2025-1\\\/#breadcrumb\"},\"inLanguage\":\"de\",\"potentialAction\":[{\"@type\":\"ReadAction\",\"target\":[\"https:\\\/\\\/revolutionpadelstore.com\\\/de\\\/produkt\\\/camiseta-head-arturo-coello-2025-1\\\/\"]}]},{\"@type\":\"ImageObject\",\"inLanguage\":\"de\",\"@id\":\"https:\\\/\\\/revolutionpadelstore.com\\\/de\\\/produkt\\\/camiseta-head-arturo-coello-2025-1\\\/#primaryimage\",\"url\":\"https:\\\/\\\/revolutionpadelstore.com\\\/wp-content\\\/uploads\\\/2024\\\/11\\\/camiseta-Coello-2025.png\",\"contentUrl\":\"https:\\\/\\\/revolutionpadelstore.com\\\/wp-content\\\/uploads\\\/2024\\\/11\\\/camiseta-Coello-2025.png\",\"width\":1500,\"height\":1500},{\"@type\":\"BreadcrumbList\",\"@id\":\"https:\\\/\\\/revolutionpadelstore.com\\\/de\\\/produkt\\\/camiseta-head-arturo-coello-2025-1\\\/#breadcrumb\",\"itemListElement\":[{\"@type\":\"ListItem\",\"position\":1,\"name\":\"Portada\",\"item\":\"https:\\\/\\\/revolutionpadelstore.com\\\/de\\\/\"},{\"@type\":\"ListItem\",\"position\":2,\"name\":\"Shop\",\"item\":\"https:\\\/\\\/revolutionpadelstore.com\\\/de\\\/tienda\\\/\"},{\"@type\":\"ListItem\",\"position\":3,\"name\":\"CAMISETA HEAD ARTURO COELLO 2025\"}]},{\"@type\":\"WebSite\",\"@id\":\"https:\\\/\\\/revolutionpadelstore.com\\\/de\\\/#website\",\"url\":\"https:\\\/\\\/revolutionpadelstore.com\\\/de\\\/\",\"name\":\"Revolution Padel Store\",\"description\":\"\",\"publisher\":{\"@id\":\"https:\\\/\\\/revolutionpadelstore.com\\\/de\\\/#organization\"},\"potentialAction\":[{\"@type\":\"SearchAction\",\"target\":{\"@type\":\"EntryPoint\",\"urlTemplate\":\"https:\\\/\\\/revolutionpadelstore.com\\\/de\\\/?s={search_term_string}\"},\"query-input\":{\"@type\":\"PropertyValueSpecification\",\"valueRequired\":true,\"valueName\":\"search_term_string\"}}],\"inLanguage\":\"de\"},{\"@type\":\"Organization\",\"@id\":\"https:\\\/\\\/revolutionpadelstore.com\\\/de\\\/#organization\",\"name\":\"Revolution Padel Store\",\"url\":\"https:\\\/\\\/revolutionpadelstore.com\\\/de\\\/\",\"logo\":{\"@type\":\"ImageObject\",\"inLanguage\":\"de\",\"@id\":\"https:\\\/\\\/revolutionpadelstore.com\\\/de\\\/#\\\/schema\\\/logo\\\/image\\\/\",\"url\":\"https:\\\/\\\/revolutionpadelstore.com\\\/wp-content\\\/uploads\\\/2026\\\/02\\\/revolution-padel-store.jpg\",\"contentUrl\":\"https:\\\/\\\/revolutionpadelstore.com\\\/wp-content\\\/uploads\\\/2026\\\/02\\\/revolution-padel-store.jpg\",\"width\":2000,\"height\":2000,\"caption\":\"Revolution Padel Store\"},\"image\":{\"@id\":\"https:\\\/\\\/revolutionpadelstore.com\\\/de\\\/#\\\/schema\\\/logo\\\/image\\\/\"},\"sameAs\":[\"https:\\\/\\\/www.instagram.com\\\/revolutionpadelstore\\\/\"]}]}<\/script>\n<!-- \/ Yoast SEO plugin. -->","yoast_head_json":{"title":"CAMISETA HEAD ARTURO COELLO 2025 - Revolution Padel Store","description":"La camiseta PERFORMANCE T-SHIRT para hombre, inspirada en el estilo de Arturo Coello, fusiona dise\u00f1o premium y tecnolog\u00eda avanzada. Elaborada en tejido jacquard de poli\u00e9ster 100%, incluye los logos de sus patrocinadores y est\u00e1 pensada para mantenerte fresco durante los partidos m\u00e1s exigentes. Su tecnolog\u00eda de mapeo corporal en zonas estrat\u00e9gicas y la tecnolog\u00eda Moisture Transfer Microfiber de HEAD proporcionan un efecto refrescante y aceleran el proceso de secado del material.","robots":{"index":"index","follow":"follow","max-snippet":"max-snippet:-1","max-image-preview":"max-image-preview:large","max-video-preview":"max-video-preview:-1"},"canonical":"https:\/\/revolutionpadelstore.com\/de\/produkt\/camiseta-head-arturo-coello-2025-1\/","og_locale":"de_DE","og_type":"article","og_title":"CAMISETA HEAD ARTURO COELLO 2025 - Revolution Padel Store","og_description":"La camiseta PERFORMANCE T-SHIRT para hombre, inspirada en el estilo de Arturo Coello, fusiona dise\u00f1o premium y tecnolog\u00eda avanzada. Elaborada en tejido jacquard de poli\u00e9ster 100%, incluye los logos de sus patrocinadores y est\u00e1 pensada para mantenerte fresco durante los partidos m\u00e1s exigentes. Su tecnolog\u00eda de mapeo corporal en zonas estrat\u00e9gicas y la tecnolog\u00eda Moisture Transfer Microfiber de HEAD proporcionan un efecto refrescante y aceleran el proceso de secado del material.","og_url":"https:\/\/revolutionpadelstore.com\/de\/produkt\/camiseta-head-arturo-coello-2025-1\/","og_site_name":"Revolution Padel Store","article_modified_time":"2026-04-08T08:05:19+00:00","og_image":[{"width":1500,"height":1500,"url":"https:\/\/revolutionpadelstore.com\/wp-content\/uploads\/2024\/11\/camiseta-Coello-2025.png","type":"image\/png"}],"twitter_card":"summary_large_image","twitter_misc":{"Gesch\u00e4tzte Lesezeit":"1\u00a0Minute"},"schema":{"@context":"https:\/\/schema.org","@graph":[{"@type":"WebPage","@id":"https:\/\/revolutionpadelstore.com\/de\/produkt\/camiseta-head-arturo-coello-2025-1\/","url":"https:\/\/revolutionpadelstore.com\/de\/produkt\/camiseta-head-arturo-coello-2025-1\/","name":"CAMISETA HEAD ARTURO COELLO 2025 - Revolution Padel Store","isPartOf":{"@id":"https:\/\/revolutionpadelstore.com\/de\/#website"},"primaryImageOfPage":{"@id":"https:\/\/revolutionpadelstore.com\/de\/produkt\/camiseta-head-arturo-coello-2025-1\/#primaryimage"},"image":{"@id":"https:\/\/revolutionpadelstore.com\/de\/produkt\/camiseta-head-arturo-coello-2025-1\/#primaryimage"},"thumbnailUrl":"https:\/\/revolutionpadelstore.com\/wp-content\/uploads\/2024\/11\/camiseta-Coello-2025.png","datePublished":"2024-11-26T12:53:26+00:00","dateModified":"2026-04-08T08:05:19+00:00","description":"La camiseta PERFORMANCE T-SHIRT para hombre, inspirada en el estilo de Arturo Coello, fusiona dise\u00f1o premium y tecnolog\u00eda avanzada. Elaborada en tejido jacquard de poli\u00e9ster 100%, incluye los logos de sus patrocinadores y est\u00e1 pensada para mantenerte fresco durante los partidos m\u00e1s exigentes. Su tecnolog\u00eda de mapeo corporal en zonas estrat\u00e9gicas y la tecnolog\u00eda Moisture Transfer Microfiber de HEAD proporcionan un efecto refrescante y aceleran el proceso de secado del material.","breadcrumb":{"@id":"https:\/\/revolutionpadelstore.com\/de\/produkt\/camiseta-head-arturo-coello-2025-1\/#breadcrumb"},"inLanguage":"de","potentialAction":[{"@type":"ReadAction","target":["https:\/\/revolutionpadelstore.com\/de\/produkt\/camiseta-head-arturo-coello-2025-1\/"]}]},{"@type":"ImageObject","inLanguage":"de","@id":"https:\/\/revolutionpadelstore.com\/de\/produkt\/camiseta-head-arturo-coello-2025-1\/#primaryimage","url":"https:\/\/revolutionpadelstore.com\/wp-content\/uploads\/2024\/11\/camiseta-Coello-2025.png","contentUrl":"https:\/\/revolutionpadelstore.com\/wp-content\/uploads\/2024\/11\/camiseta-Coello-2025.png","width":1500,"height":1500},{"@type":"BreadcrumbList","@id":"https:\/\/revolutionpadelstore.com\/de\/produkt\/camiseta-head-arturo-coello-2025-1\/#breadcrumb","itemListElement":[{"@type":"ListItem","position":1,"name":"Portada","item":"https:\/\/revolutionpadelstore.com\/de\/"},{"@type":"ListItem","position":2,"name":"Shop","item":"https:\/\/revolutionpadelstore.com\/de\/tienda\/"},{"@type":"ListItem","position":3,"name":"CAMISETA HEAD ARTURO COELLO 2025"}]},{"@type":"WebSite","@id":"https:\/\/revolutionpadelstore.com\/de\/#website","url":"https:\/\/revolutionpadelstore.com\/de\/","name":"Revolution Padel Store","description":"","publisher":{"@id":"https:\/\/revolutionpadelstore.com\/de\/#organization"},"potentialAction":[{"@type":"SearchAction","target":{"@type":"EntryPoint","urlTemplate":"https:\/\/revolutionpadelstore.com\/de\/?s={search_term_string}"},"query-input":{"@type":"PropertyValueSpecification","valueRequired":true,"valueName":"search_term_string"}}],"inLanguage":"de"},{"@type":"Organization","@id":"https:\/\/revolutionpadelstore.com\/de\/#organization","name":"Revolution Padel Store","url":"https:\/\/revolutionpadelstore.com\/de\/","logo":{"@type":"ImageObject","inLanguage":"de","@id":"https:\/\/revolutionpadelstore.com\/de\/#\/schema\/logo\/image\/","url":"https:\/\/revolutionpadelstore.com\/wp-content\/uploads\/2026\/02\/revolution-padel-store.jpg","contentUrl":"https:\/\/revolutionpadelstore.com\/wp-content\/uploads\/2026\/02\/revolution-padel-store.jpg","width":2000,"height":2000,"caption":"Revolution Padel Store"},"image":{"@id":"https:\/\/revolutionpadelstore.com\/de\/#\/schema\/logo\/image\/"},"sameAs":["https:\/\/www.instagram.com\/revolutionpadelstore\/"]}]}},"_links":{"self":[{"href":"https:\/\/revolutionpadelstore.com\/de\/wp-json\/wp\/v2\/product\/129213","targetHints":{"allow":["GET"]}}],"collection":[{"href":"https:\/\/revolutionpadelstore.com\/de\/wp-json\/wp\/v2\/product"}],"about":[{"href":"https:\/\/revolutionpadelstore.com\/de\/wp-json\/wp\/v2\/types\/product"}],"replies":[{"embeddable":true,"href":"https:\/\/revolutionpadelstore.com\/de\/wp-json\/wp\/v2\/comments?post=129213"}],"wp:featuredmedia":[{"embeddable":true,"href":"https:\/\/revolutionpadelstore.com\/de\/wp-json\/wp\/v2\/media\/129222"}],"wp:attachment":[{"href":"https:\/\/revolutionpadelstore.com\/de\/wp-json\/wp\/v2\/media?parent=129213"}],"wp:term":[{"taxonomy":"acabado","embeddable":true,"href":"https:\/\/revolutionpadelstore.com\/de\/wp-json\/wp\/v2\/acabado?post=129213"},{"taxonomy":"balance","embeddable":true,"href":"https:\/\/revolutionpadelstore.com\/de\/wp-json\/wp\/v2\/balance?post=129213"},{"taxonomy":"dureza","embeddable":true,"href":"https:\/\/revolutionpadelstore.com\/de\/wp-json\/wp\/v2\/dureza?post=129213"},{"taxonomy":"forma","embeddable":true,"href":"https:\/\/revolutionpadelstore.com\/de\/wp-json\/wp\/v2\/forma?post=129213"},{"taxonomy":"jugador","embeddable":true,"href":"https:\/\/revolutionpadelstore.com\/de\/wp-json\/wp\/v2\/jugador?post=129213"},{"taxonomy":"marca","embeddable":true,"href":"https:\/\/revolutionpadelstore.com\/de\/wp-json\/wp\/v2\/marca?post=129213"},{"taxonomy":"nivel-de-juego","embeddable":true,"href":"https:\/\/revolutionpadelstore.com\/de\/wp-json\/wp\/v2\/nivel-de-juego?post=129213"},{"taxonomy":"superficie","embeddable":true,"href":"https:\/\/revolutionpadelstore.com\/de\/wp-json\/wp\/v2\/superficie?post=129213"},{"taxonomy":"tipo-de-juego","embeddable":true,"href":"https:\/\/revolutionpadelstore.com\/de\/wp-json\/wp\/v2\/tipo-de-juego?post=129213"},{"taxonomy":"product_brand","embeddable":true,"href":"https:\/\/revolutionpadelstore.com\/de\/wp-json\/wp\/v2\/product_brand?post=129213"},{"taxonomy":"product_cat","embeddable":true,"href":"https:\/\/revolutionpadelstore.com\/de\/wp-json\/wp\/v2\/product_cat?post=129213"},{"taxonomy":"product_tag","embeddable":true,"href":"https:\/\/revolutionpadelstore.com\/de\/wp-json\/wp\/v2\/product_tag?post=129213"}],"curies":[{"name":"wp","href":"https:\/\/api.w.org\/{rel}","templated":true}]}}