{"id":129192,"date":"2024-11-26T08:41:42","date_gmt":"2024-11-26T07:41:42","guid":{"rendered":"https:\/\/revolutionpadelstore.com\/mochila-bullpadel-bpm25022-xplo\/"},"modified":"2026-04-08T10:06:36","modified_gmt":"2026-04-08T08:06:36","slug":"mochila-bullpadel-bpm25022-xplo-005-1","status":"publish","type":"product","link":"https:\/\/revolutionpadelstore.com\/de\/produkt\/mochila-bullpadel-bpm25022-xplo-005-1\/","title":{"rendered":"MOCHILA BULLPADEL BPM25022 XPLO 005"},"content":{"rendered":"<h2> Bullpadel Black Rucksack schwarz<br \/>\nDer Bullpadel Black Black Rucksack BPM-25022 ist die perfekte Option f\u00fcr diejenigen, die auf dem Weg zur Paddelspur Schutz, Komfort und Stil suchen. Dieser Rucksack wurde \u00fcber die Leistung von Mart\u00edn di Nenno nachgedacht und bietet Sportlern ein modernes und praktisches Design.<\/p>\n<p>Mit einem thermosfischen und gepolsterten Fach bietet es einen hervorragenden Schutz f\u00fcr Ihre wertvollsten Objekte wie Paddle Blade oder Laptop, um sicherzustellen, dass sie immer in perfektem Zustand sind. Dar\u00fcber hinaus verf\u00fcgt es \u00fcber ein ger\u00e4umiges Hauptfach, in dem Sie Ihr gesamtes Team aufbewahren k\u00f6nnen, einschlie\u00dflich Kleidung, Handtuch und Accessoires wie \u00dcbergriffen. Es verf\u00fcgt au\u00dferdem \u00fcber eine leicht zug\u00e4ngliche Vordertasche f\u00fcr Ihre pers\u00f6nlichen Objekte wie Mobilger\u00e4te oder Schl\u00fcssel.<\/p>\n<p>F\u00fcr einen schnellen und bequemen Zugang w\u00e4hrend des Spiels enth\u00e4lt der Rucksack zwei elastische seitliche Taschen, die ideal f\u00fcr eine Flasche Wasser oder ein Ballboot tragen. Das Design beinhaltet die Signatur von Mart\u00edn di Nenno, die einen besonderen Hauch von Authentizit\u00e4t verleiht.<\/p>\n<p>Die Seitengurte erm\u00f6glichen es, das Volumen des Rucksacks anzupassen und mehr Komfort und Anpassungsf\u00e4higkeit entsprechend der von Ihnen tragen. Mit diesem Modell erhalten Sie nicht nur einen funktionalen Rucksack, sondern auch ein Style -Accessoire, das sich perfekt f\u00fcr Paddle -Liebhaber eignet, die Qualit\u00e4t und Design sch\u00e4tzen. Nehmen Sie die Essenz eines Champions mit diesem Rucksack mit, der Ihnen Leistung und Komfort bietet.<\/p>\n<h2>Mochila Bullpadel XPLO Negro<\/h2>\n","protected":false},"excerpt":{"rendered":"<p>Der Bullpadel Black Rucksack enth\u00e4lt ein Thermoskaststoffverst\u00e4rkungsfach f\u00fcr Ihre Paddelklinge sowie einen Hauptraum, um alles zu tragen, was Sie dank seiner verstellbaren Gurte bequem ben\u00f6tigen.<\/p>\n","protected":false},"featured_media":129169,"comment_status":"open","ping_status":"closed","template":"","meta":{"_acf_changed":false,"_joinchat":[]},"acabado":[],"balance":[],"dureza":[],"forma":[],"jugador":[],"marca":[1254],"nivel-de-juego":[],"superficie":[],"tipo-de-juego":[],"product_brand":[],"product_cat":[314],"product_tag":[],"class_list":{"0":"post-129192","1":"product","2":"type-product","3":"status-publish","4":"has-post-thumbnail","6":"marca-bullpadel-de","7":"product_cat-taschen","9":"first","10":"outofstock","11":"sale","12":"taxable","13":"shipping-taxable","14":"purchasable","15":"product-type-simple"},"acf":[],"yoast_head":"<!-- This site is optimized with the Yoast SEO plugin v27.4 - https:\/\/yoast.com\/product\/yoast-seo-wordpress\/ -->\n<title>MOCHILA BULLPADEL BPM25022 XPLO 005 - Revolution Padel Store<\/title>\n<meta name=\"description\" content=\"Con un compartimento termo reforzado y acolchado, protege tus pertenencias m\u00e1s importantes con eficacia, ya sea una pala de p\u00e1del o un port\u00e1til, manteni\u00e9ndolos seguros y en perfecto estado en todo momento. Esta mochila deportiva de Bullpadel ofrece un amplio compartimento principal para llevar todo tu equipamiento, incluyendo ropa, toalla o accesorios como overgrips. Cuenta, tambi\u00e9n, con un bolsillo en la parte frontal de f\u00e1cil acceso para guardar tus objetos personales como el m\u00f3vil o las llaves.\" \/>\n<meta name=\"robots\" content=\"index, follow, max-snippet:-1, max-image-preview:large, max-video-preview:-1\" \/>\n<link rel=\"canonical\" href=\"https:\/\/revolutionpadelstore.com\/de\/produkt\/mochila-bullpadel-bpm25022-xplo-005-1\/\" \/>\n<meta property=\"og:locale\" content=\"de_DE\" \/>\n<meta property=\"og:type\" content=\"article\" \/>\n<meta property=\"og:title\" content=\"MOCHILA BULLPADEL BPM25022 XPLO 005 - Revolution Padel Store\" \/>\n<meta property=\"og:description\" content=\"Con un compartimento termo reforzado y acolchado, protege tus pertenencias m\u00e1s importantes con eficacia, ya sea una pala de p\u00e1del o un port\u00e1til, manteni\u00e9ndolos seguros y en perfecto estado en todo momento. Esta mochila deportiva de Bullpadel ofrece un amplio compartimento principal para llevar todo tu equipamiento, incluyendo ropa, toalla o accesorios como overgrips. Cuenta, tambi\u00e9n, con un bolsillo en la parte frontal de f\u00e1cil acceso para guardar tus objetos personales como el m\u00f3vil o las llaves.\" \/>\n<meta property=\"og:url\" content=\"https:\/\/revolutionpadelstore.com\/de\/produkt\/mochila-bullpadel-bpm25022-xplo-005-1\/\" \/>\n<meta property=\"og:site_name\" content=\"Revolution Padel Store\" \/>\n<meta property=\"article:modified_time\" content=\"2026-04-08T08:06:36+00:00\" \/>\n<meta property=\"og:image\" content=\"https:\/\/revolutionpadelstore.com\/wp-content\/uploads\/2024\/11\/113792-mochila-bullpadel-bpm25022-xplo-4481681500x1500-1.webp\" \/>\n\t<meta property=\"og:image:width\" content=\"1500\" \/>\n\t<meta property=\"og:image:height\" content=\"1500\" \/>\n\t<meta property=\"og:image:type\" content=\"image\/webp\" \/>\n<meta name=\"twitter:card\" content=\"summary_large_image\" \/>\n<meta name=\"twitter:label1\" content=\"Gesch\u00e4tzte Lesezeit\" \/>\n\t<meta name=\"twitter:data1\" content=\"1\u00a0Minute\" \/>\n<script type=\"application\/ld+json\" class=\"yoast-schema-graph\">{\"@context\":\"https:\\\/\\\/schema.org\",\"@graph\":[{\"@type\":\"WebPage\",\"@id\":\"https:\\\/\\\/revolutionpadelstore.com\\\/de\\\/produkt\\\/mochila-bullpadel-bpm25022-xplo-005-1\\\/\",\"url\":\"https:\\\/\\\/revolutionpadelstore.com\\\/de\\\/produkt\\\/mochila-bullpadel-bpm25022-xplo-005-1\\\/\",\"name\":\"MOCHILA BULLPADEL BPM25022 XPLO 005 - Revolution Padel Store\",\"isPartOf\":{\"@id\":\"https:\\\/\\\/revolutionpadelstore.com\\\/de\\\/#website\"},\"primaryImageOfPage\":{\"@id\":\"https:\\\/\\\/revolutionpadelstore.com\\\/de\\\/produkt\\\/mochila-bullpadel-bpm25022-xplo-005-1\\\/#primaryimage\"},\"image\":{\"@id\":\"https:\\\/\\\/revolutionpadelstore.com\\\/de\\\/produkt\\\/mochila-bullpadel-bpm25022-xplo-005-1\\\/#primaryimage\"},\"thumbnailUrl\":\"https:\\\/\\\/revolutionpadelstore.com\\\/wp-content\\\/uploads\\\/2024\\\/11\\\/113792-mochila-bullpadel-bpm25022-xplo-4481681500x1500-1.webp\",\"datePublished\":\"2024-11-26T07:41:42+00:00\",\"dateModified\":\"2026-04-08T08:06:36+00:00\",\"description\":\"Con un compartimento termo reforzado y acolchado, protege tus pertenencias m\u00e1s importantes con eficacia, ya sea una pala de p\u00e1del o un port\u00e1til, manteni\u00e9ndolos seguros y en perfecto estado en todo momento. Esta mochila deportiva de Bullpadel ofrece un amplio compartimento principal para llevar todo tu equipamiento, incluyendo ropa, toalla o accesorios como overgrips. Cuenta, tambi\u00e9n, con un bolsillo en la parte frontal de f\u00e1cil acceso para guardar tus objetos personales como el m\u00f3vil o las llaves.\",\"breadcrumb\":{\"@id\":\"https:\\\/\\\/revolutionpadelstore.com\\\/de\\\/produkt\\\/mochila-bullpadel-bpm25022-xplo-005-1\\\/#breadcrumb\"},\"inLanguage\":\"de\",\"potentialAction\":[{\"@type\":\"ReadAction\",\"target\":[\"https:\\\/\\\/revolutionpadelstore.com\\\/de\\\/produkt\\\/mochila-bullpadel-bpm25022-xplo-005-1\\\/\"]}]},{\"@type\":\"ImageObject\",\"inLanguage\":\"de\",\"@id\":\"https:\\\/\\\/revolutionpadelstore.com\\\/de\\\/produkt\\\/mochila-bullpadel-bpm25022-xplo-005-1\\\/#primaryimage\",\"url\":\"https:\\\/\\\/revolutionpadelstore.com\\\/wp-content\\\/uploads\\\/2024\\\/11\\\/113792-mochila-bullpadel-bpm25022-xplo-4481681500x1500-1.webp\",\"contentUrl\":\"https:\\\/\\\/revolutionpadelstore.com\\\/wp-content\\\/uploads\\\/2024\\\/11\\\/113792-mochila-bullpadel-bpm25022-xplo-4481681500x1500-1.webp\",\"width\":1500,\"height\":1500},{\"@type\":\"BreadcrumbList\",\"@id\":\"https:\\\/\\\/revolutionpadelstore.com\\\/de\\\/produkt\\\/mochila-bullpadel-bpm25022-xplo-005-1\\\/#breadcrumb\",\"itemListElement\":[{\"@type\":\"ListItem\",\"position\":1,\"name\":\"Portada\",\"item\":\"https:\\\/\\\/revolutionpadelstore.com\\\/de\\\/\"},{\"@type\":\"ListItem\",\"position\":2,\"name\":\"Shop\",\"item\":\"https:\\\/\\\/revolutionpadelstore.com\\\/de\\\/tienda\\\/\"},{\"@type\":\"ListItem\",\"position\":3,\"name\":\"MOCHILA BULLPADEL BPM25022 XPLO 005\"}]},{\"@type\":\"WebSite\",\"@id\":\"https:\\\/\\\/revolutionpadelstore.com\\\/de\\\/#website\",\"url\":\"https:\\\/\\\/revolutionpadelstore.com\\\/de\\\/\",\"name\":\"Revolution Padel Store\",\"description\":\"\",\"publisher\":{\"@id\":\"https:\\\/\\\/revolutionpadelstore.com\\\/de\\\/#organization\"},\"potentialAction\":[{\"@type\":\"SearchAction\",\"target\":{\"@type\":\"EntryPoint\",\"urlTemplate\":\"https:\\\/\\\/revolutionpadelstore.com\\\/de\\\/?s={search_term_string}\"},\"query-input\":{\"@type\":\"PropertyValueSpecification\",\"valueRequired\":true,\"valueName\":\"search_term_string\"}}],\"inLanguage\":\"de\"},{\"@type\":\"Organization\",\"@id\":\"https:\\\/\\\/revolutionpadelstore.com\\\/de\\\/#organization\",\"name\":\"Revolution Padel Store\",\"url\":\"https:\\\/\\\/revolutionpadelstore.com\\\/de\\\/\",\"logo\":{\"@type\":\"ImageObject\",\"inLanguage\":\"de\",\"@id\":\"https:\\\/\\\/revolutionpadelstore.com\\\/de\\\/#\\\/schema\\\/logo\\\/image\\\/\",\"url\":\"https:\\\/\\\/revolutionpadelstore.com\\\/wp-content\\\/uploads\\\/2026\\\/02\\\/revolution-padel-store.jpg\",\"contentUrl\":\"https:\\\/\\\/revolutionpadelstore.com\\\/wp-content\\\/uploads\\\/2026\\\/02\\\/revolution-padel-store.jpg\",\"width\":2000,\"height\":2000,\"caption\":\"Revolution Padel Store\"},\"image\":{\"@id\":\"https:\\\/\\\/revolutionpadelstore.com\\\/de\\\/#\\\/schema\\\/logo\\\/image\\\/\"},\"sameAs\":[\"https:\\\/\\\/www.instagram.com\\\/revolutionpadelstore\\\/\"]}]}<\/script>\n<!-- \/ Yoast SEO plugin. -->","yoast_head_json":{"title":"MOCHILA BULLPADEL BPM25022 XPLO 005 - Revolution Padel Store","description":"Con un compartimento termo reforzado y acolchado, protege tus pertenencias m\u00e1s importantes con eficacia, ya sea una pala de p\u00e1del o un port\u00e1til, manteni\u00e9ndolos seguros y en perfecto estado en todo momento. Esta mochila deportiva de Bullpadel ofrece un amplio compartimento principal para llevar todo tu equipamiento, incluyendo ropa, toalla o accesorios como overgrips. Cuenta, tambi\u00e9n, con un bolsillo en la parte frontal de f\u00e1cil acceso para guardar tus objetos personales como el m\u00f3vil o las llaves.","robots":{"index":"index","follow":"follow","max-snippet":"max-snippet:-1","max-image-preview":"max-image-preview:large","max-video-preview":"max-video-preview:-1"},"canonical":"https:\/\/revolutionpadelstore.com\/de\/produkt\/mochila-bullpadel-bpm25022-xplo-005-1\/","og_locale":"de_DE","og_type":"article","og_title":"MOCHILA BULLPADEL BPM25022 XPLO 005 - Revolution Padel Store","og_description":"Con un compartimento termo reforzado y acolchado, protege tus pertenencias m\u00e1s importantes con eficacia, ya sea una pala de p\u00e1del o un port\u00e1til, manteni\u00e9ndolos seguros y en perfecto estado en todo momento. Esta mochila deportiva de Bullpadel ofrece un amplio compartimento principal para llevar todo tu equipamiento, incluyendo ropa, toalla o accesorios como overgrips. Cuenta, tambi\u00e9n, con un bolsillo en la parte frontal de f\u00e1cil acceso para guardar tus objetos personales como el m\u00f3vil o las llaves.","og_url":"https:\/\/revolutionpadelstore.com\/de\/produkt\/mochila-bullpadel-bpm25022-xplo-005-1\/","og_site_name":"Revolution Padel Store","article_modified_time":"2026-04-08T08:06:36+00:00","og_image":[{"width":1500,"height":1500,"url":"https:\/\/revolutionpadelstore.com\/wp-content\/uploads\/2024\/11\/113792-mochila-bullpadel-bpm25022-xplo-4481681500x1500-1.webp","type":"image\/webp"}],"twitter_card":"summary_large_image","twitter_misc":{"Gesch\u00e4tzte Lesezeit":"1\u00a0Minute"},"schema":{"@context":"https:\/\/schema.org","@graph":[{"@type":"WebPage","@id":"https:\/\/revolutionpadelstore.com\/de\/produkt\/mochila-bullpadel-bpm25022-xplo-005-1\/","url":"https:\/\/revolutionpadelstore.com\/de\/produkt\/mochila-bullpadel-bpm25022-xplo-005-1\/","name":"MOCHILA BULLPADEL BPM25022 XPLO 005 - Revolution Padel Store","isPartOf":{"@id":"https:\/\/revolutionpadelstore.com\/de\/#website"},"primaryImageOfPage":{"@id":"https:\/\/revolutionpadelstore.com\/de\/produkt\/mochila-bullpadel-bpm25022-xplo-005-1\/#primaryimage"},"image":{"@id":"https:\/\/revolutionpadelstore.com\/de\/produkt\/mochila-bullpadel-bpm25022-xplo-005-1\/#primaryimage"},"thumbnailUrl":"https:\/\/revolutionpadelstore.com\/wp-content\/uploads\/2024\/11\/113792-mochila-bullpadel-bpm25022-xplo-4481681500x1500-1.webp","datePublished":"2024-11-26T07:41:42+00:00","dateModified":"2026-04-08T08:06:36+00:00","description":"Con un compartimento termo reforzado y acolchado, protege tus pertenencias m\u00e1s importantes con eficacia, ya sea una pala de p\u00e1del o un port\u00e1til, manteni\u00e9ndolos seguros y en perfecto estado en todo momento. Esta mochila deportiva de Bullpadel ofrece un amplio compartimento principal para llevar todo tu equipamiento, incluyendo ropa, toalla o accesorios como overgrips. Cuenta, tambi\u00e9n, con un bolsillo en la parte frontal de f\u00e1cil acceso para guardar tus objetos personales como el m\u00f3vil o las llaves.","breadcrumb":{"@id":"https:\/\/revolutionpadelstore.com\/de\/produkt\/mochila-bullpadel-bpm25022-xplo-005-1\/#breadcrumb"},"inLanguage":"de","potentialAction":[{"@type":"ReadAction","target":["https:\/\/revolutionpadelstore.com\/de\/produkt\/mochila-bullpadel-bpm25022-xplo-005-1\/"]}]},{"@type":"ImageObject","inLanguage":"de","@id":"https:\/\/revolutionpadelstore.com\/de\/produkt\/mochila-bullpadel-bpm25022-xplo-005-1\/#primaryimage","url":"https:\/\/revolutionpadelstore.com\/wp-content\/uploads\/2024\/11\/113792-mochila-bullpadel-bpm25022-xplo-4481681500x1500-1.webp","contentUrl":"https:\/\/revolutionpadelstore.com\/wp-content\/uploads\/2024\/11\/113792-mochila-bullpadel-bpm25022-xplo-4481681500x1500-1.webp","width":1500,"height":1500},{"@type":"BreadcrumbList","@id":"https:\/\/revolutionpadelstore.com\/de\/produkt\/mochila-bullpadel-bpm25022-xplo-005-1\/#breadcrumb","itemListElement":[{"@type":"ListItem","position":1,"name":"Portada","item":"https:\/\/revolutionpadelstore.com\/de\/"},{"@type":"ListItem","position":2,"name":"Shop","item":"https:\/\/revolutionpadelstore.com\/de\/tienda\/"},{"@type":"ListItem","position":3,"name":"MOCHILA BULLPADEL BPM25022 XPLO 005"}]},{"@type":"WebSite","@id":"https:\/\/revolutionpadelstore.com\/de\/#website","url":"https:\/\/revolutionpadelstore.com\/de\/","name":"Revolution Padel Store","description":"","publisher":{"@id":"https:\/\/revolutionpadelstore.com\/de\/#organization"},"potentialAction":[{"@type":"SearchAction","target":{"@type":"EntryPoint","urlTemplate":"https:\/\/revolutionpadelstore.com\/de\/?s={search_term_string}"},"query-input":{"@type":"PropertyValueSpecification","valueRequired":true,"valueName":"search_term_string"}}],"inLanguage":"de"},{"@type":"Organization","@id":"https:\/\/revolutionpadelstore.com\/de\/#organization","name":"Revolution Padel Store","url":"https:\/\/revolutionpadelstore.com\/de\/","logo":{"@type":"ImageObject","inLanguage":"de","@id":"https:\/\/revolutionpadelstore.com\/de\/#\/schema\/logo\/image\/","url":"https:\/\/revolutionpadelstore.com\/wp-content\/uploads\/2026\/02\/revolution-padel-store.jpg","contentUrl":"https:\/\/revolutionpadelstore.com\/wp-content\/uploads\/2026\/02\/revolution-padel-store.jpg","width":2000,"height":2000,"caption":"Revolution Padel Store"},"image":{"@id":"https:\/\/revolutionpadelstore.com\/de\/#\/schema\/logo\/image\/"},"sameAs":["https:\/\/www.instagram.com\/revolutionpadelstore\/"]}]}},"_links":{"self":[{"href":"https:\/\/revolutionpadelstore.com\/de\/wp-json\/wp\/v2\/product\/129192","targetHints":{"allow":["GET"]}}],"collection":[{"href":"https:\/\/revolutionpadelstore.com\/de\/wp-json\/wp\/v2\/product"}],"about":[{"href":"https:\/\/revolutionpadelstore.com\/de\/wp-json\/wp\/v2\/types\/product"}],"replies":[{"embeddable":true,"href":"https:\/\/revolutionpadelstore.com\/de\/wp-json\/wp\/v2\/comments?post=129192"}],"wp:featuredmedia":[{"embeddable":true,"href":"https:\/\/revolutionpadelstore.com\/de\/wp-json\/wp\/v2\/media\/129169"}],"wp:attachment":[{"href":"https:\/\/revolutionpadelstore.com\/de\/wp-json\/wp\/v2\/media?parent=129192"}],"wp:term":[{"taxonomy":"acabado","embeddable":true,"href":"https:\/\/revolutionpadelstore.com\/de\/wp-json\/wp\/v2\/acabado?post=129192"},{"taxonomy":"balance","embeddable":true,"href":"https:\/\/revolutionpadelstore.com\/de\/wp-json\/wp\/v2\/balance?post=129192"},{"taxonomy":"dureza","embeddable":true,"href":"https:\/\/revolutionpadelstore.com\/de\/wp-json\/wp\/v2\/dureza?post=129192"},{"taxonomy":"forma","embeddable":true,"href":"https:\/\/revolutionpadelstore.com\/de\/wp-json\/wp\/v2\/forma?post=129192"},{"taxonomy":"jugador","embeddable":true,"href":"https:\/\/revolutionpadelstore.com\/de\/wp-json\/wp\/v2\/jugador?post=129192"},{"taxonomy":"marca","embeddable":true,"href":"https:\/\/revolutionpadelstore.com\/de\/wp-json\/wp\/v2\/marca?post=129192"},{"taxonomy":"nivel-de-juego","embeddable":true,"href":"https:\/\/revolutionpadelstore.com\/de\/wp-json\/wp\/v2\/nivel-de-juego?post=129192"},{"taxonomy":"superficie","embeddable":true,"href":"https:\/\/revolutionpadelstore.com\/de\/wp-json\/wp\/v2\/superficie?post=129192"},{"taxonomy":"tipo-de-juego","embeddable":true,"href":"https:\/\/revolutionpadelstore.com\/de\/wp-json\/wp\/v2\/tipo-de-juego?post=129192"},{"taxonomy":"product_brand","embeddable":true,"href":"https:\/\/revolutionpadelstore.com\/de\/wp-json\/wp\/v2\/product_brand?post=129192"},{"taxonomy":"product_cat","embeddable":true,"href":"https:\/\/revolutionpadelstore.com\/de\/wp-json\/wp\/v2\/product_cat?post=129192"},{"taxonomy":"product_tag","embeddable":true,"href":"https:\/\/revolutionpadelstore.com\/de\/wp-json\/wp\/v2\/product_tag?post=129192"}],"curies":[{"name":"wp","href":"https:\/\/api.w.org\/{rel}","templated":true}]}}