{"id":129088,"date":"2024-11-25T23:59:17","date_gmt":"2024-11-25T22:59:17","guid":{"rendered":"https:\/\/revolutionpadelstore.com\/mochila-bullpadel-bpm25001-hack-blanco\/"},"modified":"2026-04-13T14:00:07","modified_gmt":"2026-04-13T12:00:07","slug":"mochila-bullpadel-bpm25001-hack-blanco-1","status":"publish","type":"product","link":"https:\/\/revolutionpadelstore.com\/de\/produkt\/mochila-bullpadel-bpm25001-hack-blanco-1\/","title":{"rendered":"MOCHILA BULLPADEL BPM25001 HACK BLANCO"},"content":{"rendered":"<h2> Bullpadel BPM25001 Wei\u00dfer Hack von Paquito Navarro<br \/>\nDer Bullpadel BPM25001 Technische Rucksack Black and Black Hack ist die perfekte Option f\u00fcr Paddle -Player, die nach einer Kombination aus Funktionalit\u00e4t und Stil suchen. Erstellt, um Paquito Navarro Hack 04 zu erg\u00e4nzen, verf\u00fcgt es \u00fcber ein breites Hauptfach, in dem Sie alles speichern k\u00f6nnen, was Sie ben\u00f6tigen. Dar\u00fcber hinaus verf\u00fcgt es \u00fcber ein thermisches Kompartiment, das f\u00fcr zwei Bl\u00e4tter mit Raum verst\u00e4rkt wird und sie vor m\u00f6glichen Sch\u00e4den und Temperaturschwankungen sch\u00fctzt.<\/p>\n<p>Das intelligente Design umfasst ein bel\u00fcftetes und separates Fach, das ideal f\u00fcr die Aufbewahrung von Kleidung und Schuhen ist, ohne sich um schlechte Ger\u00fcche zu sorgen. Ein herausragendes Detail ist die gepolsterte Tasche, die f\u00fcr sicher und praktische Laptops oder Tabletten ausgelegt ist. Es hat auch eine perfekte Seitenpocke, um das Ballboot zu transportieren.<\/p>\n<p>Der Komfort ist dank seines R\u00fcckens mit Schaum, der Bel\u00fcftung und Unterst\u00fctzung f\u00fcr den R\u00fccken bietet, insbesondere in langen Anwendungszeiten. Der Brustgurt sorgt f\u00fcr eine perfekte Einstellung und vermeidet unangenehme Bewegungen w\u00e4hrend des Umzugs.<\/p>\n<p>Mit seinem Schwarz -Wei\u00df -Design und dem Bullpadel -Logo auf der Vorderseite hat dieser Rucksack einen modernen und eleganten Touch, der ideal f\u00fcr diejenigen, die Leistung suchen, ohne den Stil zu verzichten. Wenn Sie ein komfortables, \u00fcbliches und raffiniertes Design ben\u00f6tigen, ist dies die perfekte Option, um Ihr Paddelzubeh\u00f6r mit Zuversicht zu tragen.<\/p>\n<h2>Mochila Bullpadel Bpm25001 Hack Blanco de Paquito Navarro<\/h2>\n","protected":false},"excerpt":{"rendered":"<p>Bullpadel BPM25001 Wei\u00dfer Hack mit Thermoskasern, bel\u00fcfteten und gepolsterten F\u00e4chern. Ergonomisches Schwarz -Wei\u00df -Design mit frontalem Logo. Perfekt, um Schaufeln, Kleidung und Ger\u00e4te mit Komfort und Stil zu transportieren.<\/p>\n","protected":false},"featured_media":129065,"comment_status":"open","ping_status":"closed","template":"","meta":{"_acf_changed":false,"_joinchat":[]},"acabado":[],"balance":[],"dureza":[],"forma":[],"jugador":[],"marca":[1254],"nivel-de-juego":[],"superficie":[],"tipo-de-juego":[],"product_brand":[],"product_cat":[314],"product_tag":[],"class_list":{"0":"post-129088","1":"product","2":"type-product","3":"status-publish","4":"has-post-thumbnail","6":"marca-bullpadel-de","7":"product_cat-taschen","9":"first","10":"instock","11":"sale","12":"taxable","13":"shipping-taxable","14":"purchasable","15":"product-type-simple"},"acf":[],"yoast_head":"<!-- This site is optimized with the Yoast SEO plugin v27.4 - https:\/\/yoast.com\/product\/yoast-seo-wordpress\/ -->\n<title>MOCHILA BULLPADEL BPM25001 HACK BLANCO - Revolution Padel Store<\/title>\n<meta name=\"description\" content=\"La mochila t\u00e9cnica Bullpadel BPM25001 Hack Blanca y Negra es una excelente elecci\u00f3n para jugadores de p\u00e1del que buscan funcionalidad y estilo. Dise\u00f1ada para complementar la pala Hack 04 de Paquito Navarro, cuenta con un compartimento principal amplio donde puedes guardar todo lo que necesites. Adem\u00e1s, incluye un compartimento thermo reforzado con capacidad para dos palas, protegi\u00e9ndolas de cambios t\u00e9rmicos y posibles da\u00f1os. Su dise\u00f1o inteligente tambi\u00e9n incorpora un espacio separado y ventilado, ideal para transportar ropa y calzado sin preocuparte por los malos olores.\" \/>\n<meta name=\"robots\" content=\"index, follow, max-snippet:-1, max-image-preview:large, max-video-preview:-1\" \/>\n<link rel=\"canonical\" href=\"https:\/\/revolutionpadelstore.com\/de\/produkt\/mochila-bullpadel-bpm25001-hack-blanco-1\/\" \/>\n<meta property=\"og:locale\" content=\"de_DE\" \/>\n<meta property=\"og:type\" content=\"article\" \/>\n<meta property=\"og:title\" content=\"MOCHILA BULLPADEL BPM25001 HACK BLANCO - Revolution Padel Store\" \/>\n<meta property=\"og:description\" content=\"La mochila t\u00e9cnica Bullpadel BPM25001 Hack Blanca y Negra es una excelente elecci\u00f3n para jugadores de p\u00e1del que buscan funcionalidad y estilo. Dise\u00f1ada para complementar la pala Hack 04 de Paquito Navarro, cuenta con un compartimento principal amplio donde puedes guardar todo lo que necesites. Adem\u00e1s, incluye un compartimento thermo reforzado con capacidad para dos palas, protegi\u00e9ndolas de cambios t\u00e9rmicos y posibles da\u00f1os. Su dise\u00f1o inteligente tambi\u00e9n incorpora un espacio separado y ventilado, ideal para transportar ropa y calzado sin preocuparte por los malos olores.\" \/>\n<meta property=\"og:url\" content=\"https:\/\/revolutionpadelstore.com\/de\/produkt\/mochila-bullpadel-bpm25001-hack-blanco-1\/\" \/>\n<meta property=\"og:site_name\" content=\"Revolution Padel Store\" \/>\n<meta property=\"article:modified_time\" content=\"2026-04-13T12:00:07+00:00\" \/>\n<meta property=\"og:image\" content=\"https:\/\/revolutionpadelstore.com\/wp-content\/uploads\/2024\/11\/113782-mochila-bullpadel-bpm25001-hack-448164-1500x1500-1.webp\" \/>\n\t<meta property=\"og:image:width\" content=\"1500\" \/>\n\t<meta property=\"og:image:height\" content=\"1500\" \/>\n\t<meta property=\"og:image:type\" content=\"image\/webp\" \/>\n<meta name=\"twitter:card\" content=\"summary_large_image\" \/>\n<meta name=\"twitter:label1\" content=\"Gesch\u00e4tzte Lesezeit\" \/>\n\t<meta name=\"twitter:data1\" content=\"1\u00a0Minute\" \/>\n<script type=\"application\/ld+json\" class=\"yoast-schema-graph\">{\"@context\":\"https:\\\/\\\/schema.org\",\"@graph\":[{\"@type\":\"WebPage\",\"@id\":\"https:\\\/\\\/revolutionpadelstore.com\\\/de\\\/produkt\\\/mochila-bullpadel-bpm25001-hack-blanco-1\\\/\",\"url\":\"https:\\\/\\\/revolutionpadelstore.com\\\/de\\\/produkt\\\/mochila-bullpadel-bpm25001-hack-blanco-1\\\/\",\"name\":\"MOCHILA BULLPADEL BPM25001 HACK BLANCO - Revolution Padel Store\",\"isPartOf\":{\"@id\":\"https:\\\/\\\/revolutionpadelstore.com\\\/de\\\/#website\"},\"primaryImageOfPage\":{\"@id\":\"https:\\\/\\\/revolutionpadelstore.com\\\/de\\\/produkt\\\/mochila-bullpadel-bpm25001-hack-blanco-1\\\/#primaryimage\"},\"image\":{\"@id\":\"https:\\\/\\\/revolutionpadelstore.com\\\/de\\\/produkt\\\/mochila-bullpadel-bpm25001-hack-blanco-1\\\/#primaryimage\"},\"thumbnailUrl\":\"https:\\\/\\\/revolutionpadelstore.com\\\/wp-content\\\/uploads\\\/2024\\\/11\\\/113782-mochila-bullpadel-bpm25001-hack-448164-1500x1500-1.webp\",\"datePublished\":\"2024-11-25T22:59:17+00:00\",\"dateModified\":\"2026-04-13T12:00:07+00:00\",\"description\":\"La mochila t\u00e9cnica Bullpadel BPM25001 Hack Blanca y Negra es una excelente elecci\u00f3n para jugadores de p\u00e1del que buscan funcionalidad y estilo. Dise\u00f1ada para complementar la pala Hack 04 de Paquito Navarro, cuenta con un compartimento principal amplio donde puedes guardar todo lo que necesites. Adem\u00e1s, incluye un compartimento thermo reforzado con capacidad para dos palas, protegi\u00e9ndolas de cambios t\u00e9rmicos y posibles da\u00f1os. Su dise\u00f1o inteligente tambi\u00e9n incorpora un espacio separado y ventilado, ideal para transportar ropa y calzado sin preocuparte por los malos olores.\",\"breadcrumb\":{\"@id\":\"https:\\\/\\\/revolutionpadelstore.com\\\/de\\\/produkt\\\/mochila-bullpadel-bpm25001-hack-blanco-1\\\/#breadcrumb\"},\"inLanguage\":\"de\",\"potentialAction\":[{\"@type\":\"ReadAction\",\"target\":[\"https:\\\/\\\/revolutionpadelstore.com\\\/de\\\/produkt\\\/mochila-bullpadel-bpm25001-hack-blanco-1\\\/\"]}]},{\"@type\":\"ImageObject\",\"inLanguage\":\"de\",\"@id\":\"https:\\\/\\\/revolutionpadelstore.com\\\/de\\\/produkt\\\/mochila-bullpadel-bpm25001-hack-blanco-1\\\/#primaryimage\",\"url\":\"https:\\\/\\\/revolutionpadelstore.com\\\/wp-content\\\/uploads\\\/2024\\\/11\\\/113782-mochila-bullpadel-bpm25001-hack-448164-1500x1500-1.webp\",\"contentUrl\":\"https:\\\/\\\/revolutionpadelstore.com\\\/wp-content\\\/uploads\\\/2024\\\/11\\\/113782-mochila-bullpadel-bpm25001-hack-448164-1500x1500-1.webp\",\"width\":1500,\"height\":1500},{\"@type\":\"BreadcrumbList\",\"@id\":\"https:\\\/\\\/revolutionpadelstore.com\\\/de\\\/produkt\\\/mochila-bullpadel-bpm25001-hack-blanco-1\\\/#breadcrumb\",\"itemListElement\":[{\"@type\":\"ListItem\",\"position\":1,\"name\":\"Portada\",\"item\":\"https:\\\/\\\/revolutionpadelstore.com\\\/de\\\/\"},{\"@type\":\"ListItem\",\"position\":2,\"name\":\"Shop\",\"item\":\"https:\\\/\\\/revolutionpadelstore.com\\\/de\\\/tienda\\\/\"},{\"@type\":\"ListItem\",\"position\":3,\"name\":\"MOCHILA BULLPADEL BPM25001 HACK BLANCO\"}]},{\"@type\":\"WebSite\",\"@id\":\"https:\\\/\\\/revolutionpadelstore.com\\\/de\\\/#website\",\"url\":\"https:\\\/\\\/revolutionpadelstore.com\\\/de\\\/\",\"name\":\"Revolution Padel Store\",\"description\":\"\",\"publisher\":{\"@id\":\"https:\\\/\\\/revolutionpadelstore.com\\\/de\\\/#organization\"},\"potentialAction\":[{\"@type\":\"SearchAction\",\"target\":{\"@type\":\"EntryPoint\",\"urlTemplate\":\"https:\\\/\\\/revolutionpadelstore.com\\\/de\\\/?s={search_term_string}\"},\"query-input\":{\"@type\":\"PropertyValueSpecification\",\"valueRequired\":true,\"valueName\":\"search_term_string\"}}],\"inLanguage\":\"de\"},{\"@type\":\"Organization\",\"@id\":\"https:\\\/\\\/revolutionpadelstore.com\\\/de\\\/#organization\",\"name\":\"Revolution Padel Store\",\"url\":\"https:\\\/\\\/revolutionpadelstore.com\\\/de\\\/\",\"logo\":{\"@type\":\"ImageObject\",\"inLanguage\":\"de\",\"@id\":\"https:\\\/\\\/revolutionpadelstore.com\\\/de\\\/#\\\/schema\\\/logo\\\/image\\\/\",\"url\":\"https:\\\/\\\/revolutionpadelstore.com\\\/wp-content\\\/uploads\\\/2026\\\/02\\\/revolution-padel-store.jpg\",\"contentUrl\":\"https:\\\/\\\/revolutionpadelstore.com\\\/wp-content\\\/uploads\\\/2026\\\/02\\\/revolution-padel-store.jpg\",\"width\":2000,\"height\":2000,\"caption\":\"Revolution Padel Store\"},\"image\":{\"@id\":\"https:\\\/\\\/revolutionpadelstore.com\\\/de\\\/#\\\/schema\\\/logo\\\/image\\\/\"},\"sameAs\":[\"https:\\\/\\\/www.instagram.com\\\/revolutionpadelstore\\\/\"]}]}<\/script>\n<!-- \/ Yoast SEO plugin. -->","yoast_head_json":{"title":"MOCHILA BULLPADEL BPM25001 HACK BLANCO - Revolution Padel Store","description":"La mochila t\u00e9cnica Bullpadel BPM25001 Hack Blanca y Negra es una excelente elecci\u00f3n para jugadores de p\u00e1del que buscan funcionalidad y estilo. Dise\u00f1ada para complementar la pala Hack 04 de Paquito Navarro, cuenta con un compartimento principal amplio donde puedes guardar todo lo que necesites. Adem\u00e1s, incluye un compartimento thermo reforzado con capacidad para dos palas, protegi\u00e9ndolas de cambios t\u00e9rmicos y posibles da\u00f1os. Su dise\u00f1o inteligente tambi\u00e9n incorpora un espacio separado y ventilado, ideal para transportar ropa y calzado sin preocuparte por los malos olores.","robots":{"index":"index","follow":"follow","max-snippet":"max-snippet:-1","max-image-preview":"max-image-preview:large","max-video-preview":"max-video-preview:-1"},"canonical":"https:\/\/revolutionpadelstore.com\/de\/produkt\/mochila-bullpadel-bpm25001-hack-blanco-1\/","og_locale":"de_DE","og_type":"article","og_title":"MOCHILA BULLPADEL BPM25001 HACK BLANCO - Revolution Padel Store","og_description":"La mochila t\u00e9cnica Bullpadel BPM25001 Hack Blanca y Negra es una excelente elecci\u00f3n para jugadores de p\u00e1del que buscan funcionalidad y estilo. Dise\u00f1ada para complementar la pala Hack 04 de Paquito Navarro, cuenta con un compartimento principal amplio donde puedes guardar todo lo que necesites. Adem\u00e1s, incluye un compartimento thermo reforzado con capacidad para dos palas, protegi\u00e9ndolas de cambios t\u00e9rmicos y posibles da\u00f1os. Su dise\u00f1o inteligente tambi\u00e9n incorpora un espacio separado y ventilado, ideal para transportar ropa y calzado sin preocuparte por los malos olores.","og_url":"https:\/\/revolutionpadelstore.com\/de\/produkt\/mochila-bullpadel-bpm25001-hack-blanco-1\/","og_site_name":"Revolution Padel Store","article_modified_time":"2026-04-13T12:00:07+00:00","og_image":[{"width":1500,"height":1500,"url":"https:\/\/revolutionpadelstore.com\/wp-content\/uploads\/2024\/11\/113782-mochila-bullpadel-bpm25001-hack-448164-1500x1500-1.webp","type":"image\/webp"}],"twitter_card":"summary_large_image","twitter_misc":{"Gesch\u00e4tzte Lesezeit":"1\u00a0Minute"},"schema":{"@context":"https:\/\/schema.org","@graph":[{"@type":"WebPage","@id":"https:\/\/revolutionpadelstore.com\/de\/produkt\/mochila-bullpadel-bpm25001-hack-blanco-1\/","url":"https:\/\/revolutionpadelstore.com\/de\/produkt\/mochila-bullpadel-bpm25001-hack-blanco-1\/","name":"MOCHILA BULLPADEL BPM25001 HACK BLANCO - Revolution Padel Store","isPartOf":{"@id":"https:\/\/revolutionpadelstore.com\/de\/#website"},"primaryImageOfPage":{"@id":"https:\/\/revolutionpadelstore.com\/de\/produkt\/mochila-bullpadel-bpm25001-hack-blanco-1\/#primaryimage"},"image":{"@id":"https:\/\/revolutionpadelstore.com\/de\/produkt\/mochila-bullpadel-bpm25001-hack-blanco-1\/#primaryimage"},"thumbnailUrl":"https:\/\/revolutionpadelstore.com\/wp-content\/uploads\/2024\/11\/113782-mochila-bullpadel-bpm25001-hack-448164-1500x1500-1.webp","datePublished":"2024-11-25T22:59:17+00:00","dateModified":"2026-04-13T12:00:07+00:00","description":"La mochila t\u00e9cnica Bullpadel BPM25001 Hack Blanca y Negra es una excelente elecci\u00f3n para jugadores de p\u00e1del que buscan funcionalidad y estilo. Dise\u00f1ada para complementar la pala Hack 04 de Paquito Navarro, cuenta con un compartimento principal amplio donde puedes guardar todo lo que necesites. Adem\u00e1s, incluye un compartimento thermo reforzado con capacidad para dos palas, protegi\u00e9ndolas de cambios t\u00e9rmicos y posibles da\u00f1os. Su dise\u00f1o inteligente tambi\u00e9n incorpora un espacio separado y ventilado, ideal para transportar ropa y calzado sin preocuparte por los malos olores.","breadcrumb":{"@id":"https:\/\/revolutionpadelstore.com\/de\/produkt\/mochila-bullpadel-bpm25001-hack-blanco-1\/#breadcrumb"},"inLanguage":"de","potentialAction":[{"@type":"ReadAction","target":["https:\/\/revolutionpadelstore.com\/de\/produkt\/mochila-bullpadel-bpm25001-hack-blanco-1\/"]}]},{"@type":"ImageObject","inLanguage":"de","@id":"https:\/\/revolutionpadelstore.com\/de\/produkt\/mochila-bullpadel-bpm25001-hack-blanco-1\/#primaryimage","url":"https:\/\/revolutionpadelstore.com\/wp-content\/uploads\/2024\/11\/113782-mochila-bullpadel-bpm25001-hack-448164-1500x1500-1.webp","contentUrl":"https:\/\/revolutionpadelstore.com\/wp-content\/uploads\/2024\/11\/113782-mochila-bullpadel-bpm25001-hack-448164-1500x1500-1.webp","width":1500,"height":1500},{"@type":"BreadcrumbList","@id":"https:\/\/revolutionpadelstore.com\/de\/produkt\/mochila-bullpadel-bpm25001-hack-blanco-1\/#breadcrumb","itemListElement":[{"@type":"ListItem","position":1,"name":"Portada","item":"https:\/\/revolutionpadelstore.com\/de\/"},{"@type":"ListItem","position":2,"name":"Shop","item":"https:\/\/revolutionpadelstore.com\/de\/tienda\/"},{"@type":"ListItem","position":3,"name":"MOCHILA BULLPADEL BPM25001 HACK BLANCO"}]},{"@type":"WebSite","@id":"https:\/\/revolutionpadelstore.com\/de\/#website","url":"https:\/\/revolutionpadelstore.com\/de\/","name":"Revolution Padel Store","description":"","publisher":{"@id":"https:\/\/revolutionpadelstore.com\/de\/#organization"},"potentialAction":[{"@type":"SearchAction","target":{"@type":"EntryPoint","urlTemplate":"https:\/\/revolutionpadelstore.com\/de\/?s={search_term_string}"},"query-input":{"@type":"PropertyValueSpecification","valueRequired":true,"valueName":"search_term_string"}}],"inLanguage":"de"},{"@type":"Organization","@id":"https:\/\/revolutionpadelstore.com\/de\/#organization","name":"Revolution Padel Store","url":"https:\/\/revolutionpadelstore.com\/de\/","logo":{"@type":"ImageObject","inLanguage":"de","@id":"https:\/\/revolutionpadelstore.com\/de\/#\/schema\/logo\/image\/","url":"https:\/\/revolutionpadelstore.com\/wp-content\/uploads\/2026\/02\/revolution-padel-store.jpg","contentUrl":"https:\/\/revolutionpadelstore.com\/wp-content\/uploads\/2026\/02\/revolution-padel-store.jpg","width":2000,"height":2000,"caption":"Revolution Padel Store"},"image":{"@id":"https:\/\/revolutionpadelstore.com\/de\/#\/schema\/logo\/image\/"},"sameAs":["https:\/\/www.instagram.com\/revolutionpadelstore\/"]}]}},"_links":{"self":[{"href":"https:\/\/revolutionpadelstore.com\/de\/wp-json\/wp\/v2\/product\/129088","targetHints":{"allow":["GET"]}}],"collection":[{"href":"https:\/\/revolutionpadelstore.com\/de\/wp-json\/wp\/v2\/product"}],"about":[{"href":"https:\/\/revolutionpadelstore.com\/de\/wp-json\/wp\/v2\/types\/product"}],"replies":[{"embeddable":true,"href":"https:\/\/revolutionpadelstore.com\/de\/wp-json\/wp\/v2\/comments?post=129088"}],"wp:featuredmedia":[{"embeddable":true,"href":"https:\/\/revolutionpadelstore.com\/de\/wp-json\/wp\/v2\/media\/129065"}],"wp:attachment":[{"href":"https:\/\/revolutionpadelstore.com\/de\/wp-json\/wp\/v2\/media?parent=129088"}],"wp:term":[{"taxonomy":"acabado","embeddable":true,"href":"https:\/\/revolutionpadelstore.com\/de\/wp-json\/wp\/v2\/acabado?post=129088"},{"taxonomy":"balance","embeddable":true,"href":"https:\/\/revolutionpadelstore.com\/de\/wp-json\/wp\/v2\/balance?post=129088"},{"taxonomy":"dureza","embeddable":true,"href":"https:\/\/revolutionpadelstore.com\/de\/wp-json\/wp\/v2\/dureza?post=129088"},{"taxonomy":"forma","embeddable":true,"href":"https:\/\/revolutionpadelstore.com\/de\/wp-json\/wp\/v2\/forma?post=129088"},{"taxonomy":"jugador","embeddable":true,"href":"https:\/\/revolutionpadelstore.com\/de\/wp-json\/wp\/v2\/jugador?post=129088"},{"taxonomy":"marca","embeddable":true,"href":"https:\/\/revolutionpadelstore.com\/de\/wp-json\/wp\/v2\/marca?post=129088"},{"taxonomy":"nivel-de-juego","embeddable":true,"href":"https:\/\/revolutionpadelstore.com\/de\/wp-json\/wp\/v2\/nivel-de-juego?post=129088"},{"taxonomy":"superficie","embeddable":true,"href":"https:\/\/revolutionpadelstore.com\/de\/wp-json\/wp\/v2\/superficie?post=129088"},{"taxonomy":"tipo-de-juego","embeddable":true,"href":"https:\/\/revolutionpadelstore.com\/de\/wp-json\/wp\/v2\/tipo-de-juego?post=129088"},{"taxonomy":"product_brand","embeddable":true,"href":"https:\/\/revolutionpadelstore.com\/de\/wp-json\/wp\/v2\/product_brand?post=129088"},{"taxonomy":"product_cat","embeddable":true,"href":"https:\/\/revolutionpadelstore.com\/de\/wp-json\/wp\/v2\/product_cat?post=129088"},{"taxonomy":"product_tag","embeddable":true,"href":"https:\/\/revolutionpadelstore.com\/de\/wp-json\/wp\/v2\/product_tag?post=129088"}],"curies":[{"name":"wp","href":"https:\/\/api.w.org\/{rel}","templated":true}]}}