{"id":129027,"date":"2024-11-25T23:54:08","date_gmt":"2024-11-25T22:54:08","guid":{"rendered":"https:\/\/revolutionpadelstore.com\/?post_type=product&#038;p=129027"},"modified":"2026-04-08T10:08:11","modified_gmt":"2026-04-08T08:08:11","slug":"mochila-bullpadel-bpm25001-hack-negro-1","status":"publish","type":"product","link":"https:\/\/revolutionpadelstore.com\/de\/produkt\/mochila-bullpadel-bpm25001-hack-negro-1\/","title":{"rendered":"MOCHILA BULLPADEL BPM25001 HACK NEGRO"},"content":{"rendered":"<p>&lt;Il<br \/>\nDer Bullpadel BPM25001 Black Hackpad, Teil der Paquito Navarro -Kollektion, ist eine perfekte Option f\u00fcr Spieler, die ein technisches und leistungsstarkes Zubeh\u00f6r suchen. Dieser Rucksack wurde entwickelt, um die Schaufel von Paquito Navarro zu erg\u00e4nzen, und zeichnet sich sowohl f\u00fcr seine Funktionalit\u00e4t als auch f\u00fcr seine \u00c4sthetik aus. Das Hauptfach bietet ausreichend Platz, um das Wesentliche zu speichern, w\u00e4hrend ihr thermisches Fach mit Kapazit\u00e4t von zwei Klingen sie vor m\u00f6glichen Schl\u00e4gen und extremen Temperaturen sch\u00fctzt.<\/p>\n<p>Dar\u00fcber hinaus enth\u00e4lt es ein bel\u00fcftetes Fach, das ideal f\u00fcr die Aufbewahrung von Kleidung und Schuhen ist, wodurch schlechte Ger\u00fcche vermieden werden, wenn Sie sie vom Rest Ihrer Sachen trennen. Ihre gepolsterte Tasche ist so konzipiert, dass sie Ger\u00e4te wie Laptops oder Tablets tragen, was sie zu einer hervorragenden Option f\u00fcr diejenigen macht, die Sport und das t\u00e4gliche Leben kombinieren. Es hat auch eine praktische Nebenpasche f\u00fcr das Ballboot.<\/p>\n<p>Das ergonomische Design des Rucksacks umfasst einen R\u00fccken mit Schaum f\u00fcr mehr Bel\u00fcftung und Unterst\u00fctzung sowie einen Brustgurt f\u00fcr eine komfortable Einstellung. Mit seinem schwarzen Finish und dem Bullpadel -Logo auf der Vorderseite hat dieser Rucksack einen modernen und professionellen Stil. Es ist die perfekte Kombination aus Praktikabilit\u00e4t und Design, die Sie sowohl in Training als auch in den Wettbewerben begleitet.<\/p>\n<h2>Mochila Bullpadel BPM25001 Hack Negro, colecci\u00f3n de Paquito Navarro<\/h2>\n","protected":false},"excerpt":{"rendered":"<p>Bullpadel BPM25001 Black Hack, breite F\u00e4cher, bel\u00fcftete und thermos verst\u00e4rkte. Ergonomisches Design mit frontalem Logo und Brustgurt. Ideal f\u00fcr Training und Wettbewerbe.<\/p>\n","protected":false},"featured_media":129033,"comment_status":"open","ping_status":"closed","template":"","meta":{"_acf_changed":false,"_joinchat":[]},"acabado":[],"balance":[],"dureza":[],"forma":[],"jugador":[],"marca":[1254],"nivel-de-juego":[],"superficie":[],"tipo-de-juego":[],"product_brand":[],"product_cat":[314],"product_tag":[],"class_list":{"0":"post-129027","1":"product","2":"type-product","3":"status-publish","4":"has-post-thumbnail","6":"marca-bullpadel-de","7":"product_cat-taschen","9":"first","10":"instock","11":"sale","12":"taxable","13":"shipping-taxable","14":"purchasable","15":"product-type-simple"},"acf":[],"yoast_head":"<!-- This site is optimized with the Yoast SEO plugin v27.4 - https:\/\/yoast.com\/product\/yoast-seo-wordpress\/ -->\n<title>MOCHILA BULLPADEL BPM25001 HACK NEGRO - Revolution Padel Store<\/title>\n<meta name=\"description\" content=\"La mochila Bullpadel BPM25001 Hack Negra es una soluci\u00f3n t\u00e9cnica ideal para jugadores exigentes que buscan el m\u00e1ximo rendimiento en sus accesorios. Dise\u00f1ada para ir a juego con la pala Hack 04 de Paquito Navarro, esta mochila es tan pr\u00e1ctica como elegante. Incluye un compartimento principal amplio para guardar todo lo necesario y un compartimento t\u00e9rmico reforzado con capacidad para dos palas. Este espacio protege tus palas de posibles da\u00f1os y de las condiciones t\u00e9rmicas extremas.\" \/>\n<meta name=\"robots\" content=\"index, follow, max-snippet:-1, max-image-preview:large, max-video-preview:-1\" \/>\n<link rel=\"canonical\" href=\"https:\/\/revolutionpadelstore.com\/de\/produkt\/mochila-bullpadel-bpm25001-hack-negro-1\/\" \/>\n<meta property=\"og:locale\" content=\"de_DE\" \/>\n<meta property=\"og:type\" content=\"article\" \/>\n<meta property=\"og:title\" content=\"MOCHILA BULLPADEL BPM25001 HACK NEGRO - Revolution Padel Store\" \/>\n<meta property=\"og:description\" content=\"La mochila Bullpadel BPM25001 Hack Negra es una soluci\u00f3n t\u00e9cnica ideal para jugadores exigentes que buscan el m\u00e1ximo rendimiento en sus accesorios. Dise\u00f1ada para ir a juego con la pala Hack 04 de Paquito Navarro, esta mochila es tan pr\u00e1ctica como elegante. Incluye un compartimento principal amplio para guardar todo lo necesario y un compartimento t\u00e9rmico reforzado con capacidad para dos palas. Este espacio protege tus palas de posibles da\u00f1os y de las condiciones t\u00e9rmicas extremas.\" \/>\n<meta property=\"og:url\" content=\"https:\/\/revolutionpadelstore.com\/de\/produkt\/mochila-bullpadel-bpm25001-hack-negro-1\/\" \/>\n<meta property=\"og:site_name\" content=\"Revolution Padel Store\" \/>\n<meta property=\"article:modified_time\" content=\"2026-04-08T08:08:11+00:00\" \/>\n<meta property=\"og:image\" content=\"https:\/\/revolutionpadelstore.com\/wp-content\/uploads\/2024\/11\/113781-mochila-bullpadel-bpm25001-hack-448163-1500x1500-1-1.webp\" \/>\n\t<meta property=\"og:image:width\" content=\"1500\" \/>\n\t<meta property=\"og:image:height\" content=\"1500\" \/>\n\t<meta property=\"og:image:type\" content=\"image\/webp\" \/>\n<meta name=\"twitter:card\" content=\"summary_large_image\" \/>\n<meta name=\"twitter:label1\" content=\"Gesch\u00e4tzte Lesezeit\" \/>\n\t<meta name=\"twitter:data1\" content=\"1\u00a0Minute\" \/>\n<script type=\"application\/ld+json\" class=\"yoast-schema-graph\">{\"@context\":\"https:\\\/\\\/schema.org\",\"@graph\":[{\"@type\":\"WebPage\",\"@id\":\"https:\\\/\\\/revolutionpadelstore.com\\\/de\\\/produkt\\\/mochila-bullpadel-bpm25001-hack-negro-1\\\/\",\"url\":\"https:\\\/\\\/revolutionpadelstore.com\\\/de\\\/produkt\\\/mochila-bullpadel-bpm25001-hack-negro-1\\\/\",\"name\":\"MOCHILA BULLPADEL BPM25001 HACK NEGRO - Revolution Padel Store\",\"isPartOf\":{\"@id\":\"https:\\\/\\\/revolutionpadelstore.com\\\/de\\\/#website\"},\"primaryImageOfPage\":{\"@id\":\"https:\\\/\\\/revolutionpadelstore.com\\\/de\\\/produkt\\\/mochila-bullpadel-bpm25001-hack-negro-1\\\/#primaryimage\"},\"image\":{\"@id\":\"https:\\\/\\\/revolutionpadelstore.com\\\/de\\\/produkt\\\/mochila-bullpadel-bpm25001-hack-negro-1\\\/#primaryimage\"},\"thumbnailUrl\":\"https:\\\/\\\/revolutionpadelstore.com\\\/wp-content\\\/uploads\\\/2024\\\/11\\\/113781-mochila-bullpadel-bpm25001-hack-448163-1500x1500-1-1.webp\",\"datePublished\":\"2024-11-25T22:54:08+00:00\",\"dateModified\":\"2026-04-08T08:08:11+00:00\",\"description\":\"La mochila Bullpadel BPM25001 Hack Negra es una soluci\u00f3n t\u00e9cnica ideal para jugadores exigentes que buscan el m\u00e1ximo rendimiento en sus accesorios. Dise\u00f1ada para ir a juego con la pala Hack 04 de Paquito Navarro, esta mochila es tan pr\u00e1ctica como elegante. Incluye un compartimento principal amplio para guardar todo lo necesario y un compartimento t\u00e9rmico reforzado con capacidad para dos palas. Este espacio protege tus palas de posibles da\u00f1os y de las condiciones t\u00e9rmicas extremas.\",\"breadcrumb\":{\"@id\":\"https:\\\/\\\/revolutionpadelstore.com\\\/de\\\/produkt\\\/mochila-bullpadel-bpm25001-hack-negro-1\\\/#breadcrumb\"},\"inLanguage\":\"de\",\"potentialAction\":[{\"@type\":\"ReadAction\",\"target\":[\"https:\\\/\\\/revolutionpadelstore.com\\\/de\\\/produkt\\\/mochila-bullpadel-bpm25001-hack-negro-1\\\/\"]}]},{\"@type\":\"ImageObject\",\"inLanguage\":\"de\",\"@id\":\"https:\\\/\\\/revolutionpadelstore.com\\\/de\\\/produkt\\\/mochila-bullpadel-bpm25001-hack-negro-1\\\/#primaryimage\",\"url\":\"https:\\\/\\\/revolutionpadelstore.com\\\/wp-content\\\/uploads\\\/2024\\\/11\\\/113781-mochila-bullpadel-bpm25001-hack-448163-1500x1500-1-1.webp\",\"contentUrl\":\"https:\\\/\\\/revolutionpadelstore.com\\\/wp-content\\\/uploads\\\/2024\\\/11\\\/113781-mochila-bullpadel-bpm25001-hack-448163-1500x1500-1-1.webp\",\"width\":1500,\"height\":1500},{\"@type\":\"BreadcrumbList\",\"@id\":\"https:\\\/\\\/revolutionpadelstore.com\\\/de\\\/produkt\\\/mochila-bullpadel-bpm25001-hack-negro-1\\\/#breadcrumb\",\"itemListElement\":[{\"@type\":\"ListItem\",\"position\":1,\"name\":\"Portada\",\"item\":\"https:\\\/\\\/revolutionpadelstore.com\\\/de\\\/\"},{\"@type\":\"ListItem\",\"position\":2,\"name\":\"Shop\",\"item\":\"https:\\\/\\\/revolutionpadelstore.com\\\/de\\\/tienda\\\/\"},{\"@type\":\"ListItem\",\"position\":3,\"name\":\"MOCHILA BULLPADEL BPM25001 HACK NEGRO\"}]},{\"@type\":\"WebSite\",\"@id\":\"https:\\\/\\\/revolutionpadelstore.com\\\/de\\\/#website\",\"url\":\"https:\\\/\\\/revolutionpadelstore.com\\\/de\\\/\",\"name\":\"Revolution Padel Store\",\"description\":\"\",\"publisher\":{\"@id\":\"https:\\\/\\\/revolutionpadelstore.com\\\/de\\\/#organization\"},\"potentialAction\":[{\"@type\":\"SearchAction\",\"target\":{\"@type\":\"EntryPoint\",\"urlTemplate\":\"https:\\\/\\\/revolutionpadelstore.com\\\/de\\\/?s={search_term_string}\"},\"query-input\":{\"@type\":\"PropertyValueSpecification\",\"valueRequired\":true,\"valueName\":\"search_term_string\"}}],\"inLanguage\":\"de\"},{\"@type\":\"Organization\",\"@id\":\"https:\\\/\\\/revolutionpadelstore.com\\\/de\\\/#organization\",\"name\":\"Revolution Padel Store\",\"url\":\"https:\\\/\\\/revolutionpadelstore.com\\\/de\\\/\",\"logo\":{\"@type\":\"ImageObject\",\"inLanguage\":\"de\",\"@id\":\"https:\\\/\\\/revolutionpadelstore.com\\\/de\\\/#\\\/schema\\\/logo\\\/image\\\/\",\"url\":\"https:\\\/\\\/revolutionpadelstore.com\\\/wp-content\\\/uploads\\\/2026\\\/02\\\/revolution-padel-store.jpg\",\"contentUrl\":\"https:\\\/\\\/revolutionpadelstore.com\\\/wp-content\\\/uploads\\\/2026\\\/02\\\/revolution-padel-store.jpg\",\"width\":2000,\"height\":2000,\"caption\":\"Revolution Padel Store\"},\"image\":{\"@id\":\"https:\\\/\\\/revolutionpadelstore.com\\\/de\\\/#\\\/schema\\\/logo\\\/image\\\/\"},\"sameAs\":[\"https:\\\/\\\/www.instagram.com\\\/revolutionpadelstore\\\/\"]}]}<\/script>\n<!-- \/ Yoast SEO plugin. -->","yoast_head_json":{"title":"MOCHILA BULLPADEL BPM25001 HACK NEGRO - Revolution Padel Store","description":"La mochila Bullpadel BPM25001 Hack Negra es una soluci\u00f3n t\u00e9cnica ideal para jugadores exigentes que buscan el m\u00e1ximo rendimiento en sus accesorios. Dise\u00f1ada para ir a juego con la pala Hack 04 de Paquito Navarro, esta mochila es tan pr\u00e1ctica como elegante. Incluye un compartimento principal amplio para guardar todo lo necesario y un compartimento t\u00e9rmico reforzado con capacidad para dos palas. Este espacio protege tus palas de posibles da\u00f1os y de las condiciones t\u00e9rmicas extremas.","robots":{"index":"index","follow":"follow","max-snippet":"max-snippet:-1","max-image-preview":"max-image-preview:large","max-video-preview":"max-video-preview:-1"},"canonical":"https:\/\/revolutionpadelstore.com\/de\/produkt\/mochila-bullpadel-bpm25001-hack-negro-1\/","og_locale":"de_DE","og_type":"article","og_title":"MOCHILA BULLPADEL BPM25001 HACK NEGRO - Revolution Padel Store","og_description":"La mochila Bullpadel BPM25001 Hack Negra es una soluci\u00f3n t\u00e9cnica ideal para jugadores exigentes que buscan el m\u00e1ximo rendimiento en sus accesorios. Dise\u00f1ada para ir a juego con la pala Hack 04 de Paquito Navarro, esta mochila es tan pr\u00e1ctica como elegante. Incluye un compartimento principal amplio para guardar todo lo necesario y un compartimento t\u00e9rmico reforzado con capacidad para dos palas. Este espacio protege tus palas de posibles da\u00f1os y de las condiciones t\u00e9rmicas extremas.","og_url":"https:\/\/revolutionpadelstore.com\/de\/produkt\/mochila-bullpadel-bpm25001-hack-negro-1\/","og_site_name":"Revolution Padel Store","article_modified_time":"2026-04-08T08:08:11+00:00","og_image":[{"width":1500,"height":1500,"url":"https:\/\/revolutionpadelstore.com\/wp-content\/uploads\/2024\/11\/113781-mochila-bullpadel-bpm25001-hack-448163-1500x1500-1-1.webp","type":"image\/webp"}],"twitter_card":"summary_large_image","twitter_misc":{"Gesch\u00e4tzte Lesezeit":"1\u00a0Minute"},"schema":{"@context":"https:\/\/schema.org","@graph":[{"@type":"WebPage","@id":"https:\/\/revolutionpadelstore.com\/de\/produkt\/mochila-bullpadel-bpm25001-hack-negro-1\/","url":"https:\/\/revolutionpadelstore.com\/de\/produkt\/mochila-bullpadel-bpm25001-hack-negro-1\/","name":"MOCHILA BULLPADEL BPM25001 HACK NEGRO - Revolution Padel Store","isPartOf":{"@id":"https:\/\/revolutionpadelstore.com\/de\/#website"},"primaryImageOfPage":{"@id":"https:\/\/revolutionpadelstore.com\/de\/produkt\/mochila-bullpadel-bpm25001-hack-negro-1\/#primaryimage"},"image":{"@id":"https:\/\/revolutionpadelstore.com\/de\/produkt\/mochila-bullpadel-bpm25001-hack-negro-1\/#primaryimage"},"thumbnailUrl":"https:\/\/revolutionpadelstore.com\/wp-content\/uploads\/2024\/11\/113781-mochila-bullpadel-bpm25001-hack-448163-1500x1500-1-1.webp","datePublished":"2024-11-25T22:54:08+00:00","dateModified":"2026-04-08T08:08:11+00:00","description":"La mochila Bullpadel BPM25001 Hack Negra es una soluci\u00f3n t\u00e9cnica ideal para jugadores exigentes que buscan el m\u00e1ximo rendimiento en sus accesorios. Dise\u00f1ada para ir a juego con la pala Hack 04 de Paquito Navarro, esta mochila es tan pr\u00e1ctica como elegante. Incluye un compartimento principal amplio para guardar todo lo necesario y un compartimento t\u00e9rmico reforzado con capacidad para dos palas. Este espacio protege tus palas de posibles da\u00f1os y de las condiciones t\u00e9rmicas extremas.","breadcrumb":{"@id":"https:\/\/revolutionpadelstore.com\/de\/produkt\/mochila-bullpadel-bpm25001-hack-negro-1\/#breadcrumb"},"inLanguage":"de","potentialAction":[{"@type":"ReadAction","target":["https:\/\/revolutionpadelstore.com\/de\/produkt\/mochila-bullpadel-bpm25001-hack-negro-1\/"]}]},{"@type":"ImageObject","inLanguage":"de","@id":"https:\/\/revolutionpadelstore.com\/de\/produkt\/mochila-bullpadel-bpm25001-hack-negro-1\/#primaryimage","url":"https:\/\/revolutionpadelstore.com\/wp-content\/uploads\/2024\/11\/113781-mochila-bullpadel-bpm25001-hack-448163-1500x1500-1-1.webp","contentUrl":"https:\/\/revolutionpadelstore.com\/wp-content\/uploads\/2024\/11\/113781-mochila-bullpadel-bpm25001-hack-448163-1500x1500-1-1.webp","width":1500,"height":1500},{"@type":"BreadcrumbList","@id":"https:\/\/revolutionpadelstore.com\/de\/produkt\/mochila-bullpadel-bpm25001-hack-negro-1\/#breadcrumb","itemListElement":[{"@type":"ListItem","position":1,"name":"Portada","item":"https:\/\/revolutionpadelstore.com\/de\/"},{"@type":"ListItem","position":2,"name":"Shop","item":"https:\/\/revolutionpadelstore.com\/de\/tienda\/"},{"@type":"ListItem","position":3,"name":"MOCHILA BULLPADEL BPM25001 HACK NEGRO"}]},{"@type":"WebSite","@id":"https:\/\/revolutionpadelstore.com\/de\/#website","url":"https:\/\/revolutionpadelstore.com\/de\/","name":"Revolution Padel Store","description":"","publisher":{"@id":"https:\/\/revolutionpadelstore.com\/de\/#organization"},"potentialAction":[{"@type":"SearchAction","target":{"@type":"EntryPoint","urlTemplate":"https:\/\/revolutionpadelstore.com\/de\/?s={search_term_string}"},"query-input":{"@type":"PropertyValueSpecification","valueRequired":true,"valueName":"search_term_string"}}],"inLanguage":"de"},{"@type":"Organization","@id":"https:\/\/revolutionpadelstore.com\/de\/#organization","name":"Revolution Padel Store","url":"https:\/\/revolutionpadelstore.com\/de\/","logo":{"@type":"ImageObject","inLanguage":"de","@id":"https:\/\/revolutionpadelstore.com\/de\/#\/schema\/logo\/image\/","url":"https:\/\/revolutionpadelstore.com\/wp-content\/uploads\/2026\/02\/revolution-padel-store.jpg","contentUrl":"https:\/\/revolutionpadelstore.com\/wp-content\/uploads\/2026\/02\/revolution-padel-store.jpg","width":2000,"height":2000,"caption":"Revolution Padel Store"},"image":{"@id":"https:\/\/revolutionpadelstore.com\/de\/#\/schema\/logo\/image\/"},"sameAs":["https:\/\/www.instagram.com\/revolutionpadelstore\/"]}]}},"_links":{"self":[{"href":"https:\/\/revolutionpadelstore.com\/de\/wp-json\/wp\/v2\/product\/129027","targetHints":{"allow":["GET"]}}],"collection":[{"href":"https:\/\/revolutionpadelstore.com\/de\/wp-json\/wp\/v2\/product"}],"about":[{"href":"https:\/\/revolutionpadelstore.com\/de\/wp-json\/wp\/v2\/types\/product"}],"replies":[{"embeddable":true,"href":"https:\/\/revolutionpadelstore.com\/de\/wp-json\/wp\/v2\/comments?post=129027"}],"wp:featuredmedia":[{"embeddable":true,"href":"https:\/\/revolutionpadelstore.com\/de\/wp-json\/wp\/v2\/media\/129033"}],"wp:attachment":[{"href":"https:\/\/revolutionpadelstore.com\/de\/wp-json\/wp\/v2\/media?parent=129027"}],"wp:term":[{"taxonomy":"acabado","embeddable":true,"href":"https:\/\/revolutionpadelstore.com\/de\/wp-json\/wp\/v2\/acabado?post=129027"},{"taxonomy":"balance","embeddable":true,"href":"https:\/\/revolutionpadelstore.com\/de\/wp-json\/wp\/v2\/balance?post=129027"},{"taxonomy":"dureza","embeddable":true,"href":"https:\/\/revolutionpadelstore.com\/de\/wp-json\/wp\/v2\/dureza?post=129027"},{"taxonomy":"forma","embeddable":true,"href":"https:\/\/revolutionpadelstore.com\/de\/wp-json\/wp\/v2\/forma?post=129027"},{"taxonomy":"jugador","embeddable":true,"href":"https:\/\/revolutionpadelstore.com\/de\/wp-json\/wp\/v2\/jugador?post=129027"},{"taxonomy":"marca","embeddable":true,"href":"https:\/\/revolutionpadelstore.com\/de\/wp-json\/wp\/v2\/marca?post=129027"},{"taxonomy":"nivel-de-juego","embeddable":true,"href":"https:\/\/revolutionpadelstore.com\/de\/wp-json\/wp\/v2\/nivel-de-juego?post=129027"},{"taxonomy":"superficie","embeddable":true,"href":"https:\/\/revolutionpadelstore.com\/de\/wp-json\/wp\/v2\/superficie?post=129027"},{"taxonomy":"tipo-de-juego","embeddable":true,"href":"https:\/\/revolutionpadelstore.com\/de\/wp-json\/wp\/v2\/tipo-de-juego?post=129027"},{"taxonomy":"product_brand","embeddable":true,"href":"https:\/\/revolutionpadelstore.com\/de\/wp-json\/wp\/v2\/product_brand?post=129027"},{"taxonomy":"product_cat","embeddable":true,"href":"https:\/\/revolutionpadelstore.com\/de\/wp-json\/wp\/v2\/product_cat?post=129027"},{"taxonomy":"product_tag","embeddable":true,"href":"https:\/\/revolutionpadelstore.com\/de\/wp-json\/wp\/v2\/product_tag?post=129027"}],"curies":[{"name":"wp","href":"https:\/\/api.w.org\/{rel}","templated":true}]}}