{"id":128985,"date":"2024-11-20T00:06:14","date_gmt":"2024-11-19T23:06:14","guid":{"rendered":"https:\/\/revolutionpadelstore.com\/mochila-nox-luxury-open-series-negro-marron\/"},"modified":"2026-04-08T10:17:22","modified_gmt":"2026-04-08T08:17:22","slug":"mochila-nox-luxury-open-series-negro-marron-1","status":"publish","type":"product","link":"https:\/\/revolutionpadelstore.com\/de\/produkt\/mochila-nox-luxury-open-series-negro-marron-1\/","title":{"rendered":"MOCHILA NOX LUXURY OPEN SERIES NEGRO MARR\u00d3N"},"content":{"rendered":"<h2> NOX Luxury Backpack Open Serie Black Brown <\/ H2><br \/>\nNox Luxury Open Rucksack -Serie in schwarzen und braunen Farben kombiniert perfekt und Funktionalit\u00e4t, die f\u00fcr diejenigen entwickelt wurden, die ein vielseitiges Accessoire sowohl f\u00fcr die t\u00e4glichen als auch f\u00fcr ihre sportlichen Aktivit\u00e4ten suchen. Dieser Rucksack, der mit hochwertigen technischen Materialien hergestellt wird, reduziert nicht nur das Gewichtsempfindlichkeit, sondern garantiert auch mehr Haltbarkeit und Komfort in seiner Verwendung.<\/p>\n<p>Das breite Design umfasst mehrere F\u00e4cher, darunter eine wichtige, die eine Schaufel oder sogar einen Computer beherbergen kann, und eine andere f\u00fcr Kleidung und Accessoires. Dar\u00fcber hinaus verf\u00fcgt es \u00fcber ein Frontfach mit L\u00fcftungssystem, das ideal zum Sparen von Schuhen und zum Aufrechterhaltung des Restes Ihrer frischen und gut organisierten Gegenst\u00e4nde ist.<\/p>\n<p>Zus\u00e4tzliche F\u00e4cher vorne und Seite sind perfekt f\u00fcr kleine Objekte wie Mobilger\u00e4te, Brillen oder Schl\u00fcssel. Die Gurte und die R\u00fcckenlehne haben eine ergonomische Polsterung, die eine komfortable Einstellung und einen guten Luftstrom gew\u00e4hrleistet. Mit Ma\u00dfnahmen von 500 x 330 x 200 mm und einer Kapazit\u00e4t von 30 Litern passt sich dieser Rucksack an die Bed\u00fcrfnisse sowohl Ihres t\u00e4glichen Routine als auch Ihres Trainings an, was es zu einer perfekten Option f\u00fcr diejenigen macht, die nach Qualit\u00e4t und Design suchen.<\/p>\n<h2>Mochila Nox Luxury Open Series Negro Marr\u00f3n<\/h2>\n","protected":false},"excerpt":{"rendered":"<p>Der Rucksack der Nox Luxury Open Series kombiniert Eleganz und Funktionalit\u00e4t mit fortschrittlichen technischen Materialien, mehreren F\u00e4chern und einem ergonomischen Design, ideal f\u00fcr den t\u00e4glichen Gebrauch und Training.<\/p>\n","protected":false},"featured_media":115978,"comment_status":"open","ping_status":"closed","template":"","meta":{"_acf_changed":false,"_joinchat":[]},"acabado":[],"balance":[],"dureza":[],"forma":[],"jugador":[],"marca":[1259],"nivel-de-juego":[],"superficie":[],"tipo-de-juego":[],"product_brand":[],"product_cat":[314],"product_tag":[],"class_list":{"0":"post-128985","1":"product","2":"type-product","3":"status-publish","4":"has-post-thumbnail","6":"marca-nox-de","7":"product_cat-taschen","9":"first","10":"outofstock","11":"sale","12":"taxable","13":"shipping-taxable","14":"purchasable","15":"product-type-simple"},"acf":[],"yoast_head":"<!-- This site is optimized with the Yoast SEO plugin v27.4 - https:\/\/yoast.com\/product\/yoast-seo-wordpress\/ -->\n<title>MOCHILA NOX LUXURY OPEN SERIES NEGRO MARR\u00d3N - Revolution Padel Store<\/title>\n<meta name=\"description\" content=\"La Mochila Nox Luxury Open Series en colores negro y marr\u00f3n combina a la perfecci\u00f3n estilo y funcionalidad, pensada para quienes buscan un accesorio vers\u00e1til tanto para el d\u00eda a d\u00eda como para sus actividades deportivas. Fabricada con materiales t\u00e9cnicos de alta calidad, esta mochila no solo reduce la sensaci\u00f3n de peso, sino que tambi\u00e9n garantiza una mayor durabilidad y comodidad en su uso.\" \/>\n<meta name=\"robots\" content=\"index, follow, max-snippet:-1, max-image-preview:large, max-video-preview:-1\" \/>\n<link rel=\"canonical\" href=\"https:\/\/revolutionpadelstore.com\/de\/produkt\/mochila-nox-luxury-open-series-negro-marron-1\/\" \/>\n<meta property=\"og:locale\" content=\"de_DE\" \/>\n<meta property=\"og:type\" content=\"article\" \/>\n<meta property=\"og:title\" content=\"MOCHILA NOX LUXURY OPEN SERIES NEGRO MARR\u00d3N - Revolution Padel Store\" \/>\n<meta property=\"og:description\" content=\"La Mochila Nox Luxury Open Series en colores negro y marr\u00f3n combina a la perfecci\u00f3n estilo y funcionalidad, pensada para quienes buscan un accesorio vers\u00e1til tanto para el d\u00eda a d\u00eda como para sus actividades deportivas. Fabricada con materiales t\u00e9cnicos de alta calidad, esta mochila no solo reduce la sensaci\u00f3n de peso, sino que tambi\u00e9n garantiza una mayor durabilidad y comodidad en su uso.\" \/>\n<meta property=\"og:url\" content=\"https:\/\/revolutionpadelstore.com\/de\/produkt\/mochila-nox-luxury-open-series-negro-marron-1\/\" \/>\n<meta property=\"og:site_name\" content=\"Revolution Padel Store\" \/>\n<meta property=\"article:modified_time\" content=\"2026-04-08T08:17:22+00:00\" \/>\n<meta property=\"og:image\" content=\"https:\/\/revolutionpadelstore.com\/wp-content\/uploads\/2024\/11\/113146_mochila_nox_luxury_open_series_mocopenblbr_1500x1500_1_cead.webp\" \/>\n\t<meta property=\"og:image:width\" content=\"1500\" \/>\n\t<meta property=\"og:image:height\" content=\"1500\" \/>\n\t<meta property=\"og:image:type\" content=\"image\/webp\" \/>\n<meta name=\"twitter:card\" content=\"summary_large_image\" \/>\n<meta name=\"twitter:label1\" content=\"Gesch\u00e4tzte Lesezeit\" \/>\n\t<meta name=\"twitter:data1\" content=\"1\u00a0Minute\" \/>\n<script type=\"application\/ld+json\" class=\"yoast-schema-graph\">{\"@context\":\"https:\\\/\\\/schema.org\",\"@graph\":[{\"@type\":\"WebPage\",\"@id\":\"https:\\\/\\\/revolutionpadelstore.com\\\/de\\\/produkt\\\/mochila-nox-luxury-open-series-negro-marron-1\\\/\",\"url\":\"https:\\\/\\\/revolutionpadelstore.com\\\/de\\\/produkt\\\/mochila-nox-luxury-open-series-negro-marron-1\\\/\",\"name\":\"MOCHILA NOX LUXURY OPEN SERIES NEGRO MARR\u00d3N - Revolution Padel Store\",\"isPartOf\":{\"@id\":\"https:\\\/\\\/revolutionpadelstore.com\\\/de\\\/#website\"},\"primaryImageOfPage\":{\"@id\":\"https:\\\/\\\/revolutionpadelstore.com\\\/de\\\/produkt\\\/mochila-nox-luxury-open-series-negro-marron-1\\\/#primaryimage\"},\"image\":{\"@id\":\"https:\\\/\\\/revolutionpadelstore.com\\\/de\\\/produkt\\\/mochila-nox-luxury-open-series-negro-marron-1\\\/#primaryimage\"},\"thumbnailUrl\":\"https:\\\/\\\/revolutionpadelstore.com\\\/wp-content\\\/uploads\\\/2024\\\/11\\\/113146_mochila_nox_luxury_open_series_mocopenblbr_1500x1500_1_cead.webp\",\"datePublished\":\"2024-11-19T23:06:14+00:00\",\"dateModified\":\"2026-04-08T08:17:22+00:00\",\"description\":\"La Mochila Nox Luxury Open Series en colores negro y marr\u00f3n combina a la perfecci\u00f3n estilo y funcionalidad, pensada para quienes buscan un accesorio vers\u00e1til tanto para el d\u00eda a d\u00eda como para sus actividades deportivas. Fabricada con materiales t\u00e9cnicos de alta calidad, esta mochila no solo reduce la sensaci\u00f3n de peso, sino que tambi\u00e9n garantiza una mayor durabilidad y comodidad en su uso.\",\"breadcrumb\":{\"@id\":\"https:\\\/\\\/revolutionpadelstore.com\\\/de\\\/produkt\\\/mochila-nox-luxury-open-series-negro-marron-1\\\/#breadcrumb\"},\"inLanguage\":\"de\",\"potentialAction\":[{\"@type\":\"ReadAction\",\"target\":[\"https:\\\/\\\/revolutionpadelstore.com\\\/de\\\/produkt\\\/mochila-nox-luxury-open-series-negro-marron-1\\\/\"]}]},{\"@type\":\"ImageObject\",\"inLanguage\":\"de\",\"@id\":\"https:\\\/\\\/revolutionpadelstore.com\\\/de\\\/produkt\\\/mochila-nox-luxury-open-series-negro-marron-1\\\/#primaryimage\",\"url\":\"https:\\\/\\\/revolutionpadelstore.com\\\/wp-content\\\/uploads\\\/2024\\\/11\\\/113146_mochila_nox_luxury_open_series_mocopenblbr_1500x1500_1_cead.webp\",\"contentUrl\":\"https:\\\/\\\/revolutionpadelstore.com\\\/wp-content\\\/uploads\\\/2024\\\/11\\\/113146_mochila_nox_luxury_open_series_mocopenblbr_1500x1500_1_cead.webp\",\"width\":1500,\"height\":1500},{\"@type\":\"BreadcrumbList\",\"@id\":\"https:\\\/\\\/revolutionpadelstore.com\\\/de\\\/produkt\\\/mochila-nox-luxury-open-series-negro-marron-1\\\/#breadcrumb\",\"itemListElement\":[{\"@type\":\"ListItem\",\"position\":1,\"name\":\"Portada\",\"item\":\"https:\\\/\\\/revolutionpadelstore.com\\\/de\\\/\"},{\"@type\":\"ListItem\",\"position\":2,\"name\":\"Shop\",\"item\":\"https:\\\/\\\/revolutionpadelstore.com\\\/de\\\/tienda\\\/\"},{\"@type\":\"ListItem\",\"position\":3,\"name\":\"MOCHILA NOX LUXURY OPEN SERIES NEGRO MARR\u00d3N\"}]},{\"@type\":\"WebSite\",\"@id\":\"https:\\\/\\\/revolutionpadelstore.com\\\/de\\\/#website\",\"url\":\"https:\\\/\\\/revolutionpadelstore.com\\\/de\\\/\",\"name\":\"Revolution Padel Store\",\"description\":\"\",\"publisher\":{\"@id\":\"https:\\\/\\\/revolutionpadelstore.com\\\/de\\\/#organization\"},\"potentialAction\":[{\"@type\":\"SearchAction\",\"target\":{\"@type\":\"EntryPoint\",\"urlTemplate\":\"https:\\\/\\\/revolutionpadelstore.com\\\/de\\\/?s={search_term_string}\"},\"query-input\":{\"@type\":\"PropertyValueSpecification\",\"valueRequired\":true,\"valueName\":\"search_term_string\"}}],\"inLanguage\":\"de\"},{\"@type\":\"Organization\",\"@id\":\"https:\\\/\\\/revolutionpadelstore.com\\\/de\\\/#organization\",\"name\":\"Revolution Padel Store\",\"url\":\"https:\\\/\\\/revolutionpadelstore.com\\\/de\\\/\",\"logo\":{\"@type\":\"ImageObject\",\"inLanguage\":\"de\",\"@id\":\"https:\\\/\\\/revolutionpadelstore.com\\\/de\\\/#\\\/schema\\\/logo\\\/image\\\/\",\"url\":\"https:\\\/\\\/revolutionpadelstore.com\\\/wp-content\\\/uploads\\\/2026\\\/02\\\/revolution-padel-store.jpg\",\"contentUrl\":\"https:\\\/\\\/revolutionpadelstore.com\\\/wp-content\\\/uploads\\\/2026\\\/02\\\/revolution-padel-store.jpg\",\"width\":2000,\"height\":2000,\"caption\":\"Revolution Padel Store\"},\"image\":{\"@id\":\"https:\\\/\\\/revolutionpadelstore.com\\\/de\\\/#\\\/schema\\\/logo\\\/image\\\/\"},\"sameAs\":[\"https:\\\/\\\/www.instagram.com\\\/revolutionpadelstore\\\/\"]}]}<\/script>\n<!-- \/ Yoast SEO plugin. -->","yoast_head_json":{"title":"MOCHILA NOX LUXURY OPEN SERIES NEGRO MARR\u00d3N - Revolution Padel Store","description":"La Mochila Nox Luxury Open Series en colores negro y marr\u00f3n combina a la perfecci\u00f3n estilo y funcionalidad, pensada para quienes buscan un accesorio vers\u00e1til tanto para el d\u00eda a d\u00eda como para sus actividades deportivas. Fabricada con materiales t\u00e9cnicos de alta calidad, esta mochila no solo reduce la sensaci\u00f3n de peso, sino que tambi\u00e9n garantiza una mayor durabilidad y comodidad en su uso.","robots":{"index":"index","follow":"follow","max-snippet":"max-snippet:-1","max-image-preview":"max-image-preview:large","max-video-preview":"max-video-preview:-1"},"canonical":"https:\/\/revolutionpadelstore.com\/de\/produkt\/mochila-nox-luxury-open-series-negro-marron-1\/","og_locale":"de_DE","og_type":"article","og_title":"MOCHILA NOX LUXURY OPEN SERIES NEGRO MARR\u00d3N - Revolution Padel Store","og_description":"La Mochila Nox Luxury Open Series en colores negro y marr\u00f3n combina a la perfecci\u00f3n estilo y funcionalidad, pensada para quienes buscan un accesorio vers\u00e1til tanto para el d\u00eda a d\u00eda como para sus actividades deportivas. Fabricada con materiales t\u00e9cnicos de alta calidad, esta mochila no solo reduce la sensaci\u00f3n de peso, sino que tambi\u00e9n garantiza una mayor durabilidad y comodidad en su uso.","og_url":"https:\/\/revolutionpadelstore.com\/de\/produkt\/mochila-nox-luxury-open-series-negro-marron-1\/","og_site_name":"Revolution Padel Store","article_modified_time":"2026-04-08T08:17:22+00:00","og_image":[{"width":1500,"height":1500,"url":"https:\/\/revolutionpadelstore.com\/wp-content\/uploads\/2024\/11\/113146_mochila_nox_luxury_open_series_mocopenblbr_1500x1500_1_cead.webp","type":"image\/webp"}],"twitter_card":"summary_large_image","twitter_misc":{"Gesch\u00e4tzte Lesezeit":"1\u00a0Minute"},"schema":{"@context":"https:\/\/schema.org","@graph":[{"@type":"WebPage","@id":"https:\/\/revolutionpadelstore.com\/de\/produkt\/mochila-nox-luxury-open-series-negro-marron-1\/","url":"https:\/\/revolutionpadelstore.com\/de\/produkt\/mochila-nox-luxury-open-series-negro-marron-1\/","name":"MOCHILA NOX LUXURY OPEN SERIES NEGRO MARR\u00d3N - Revolution Padel Store","isPartOf":{"@id":"https:\/\/revolutionpadelstore.com\/de\/#website"},"primaryImageOfPage":{"@id":"https:\/\/revolutionpadelstore.com\/de\/produkt\/mochila-nox-luxury-open-series-negro-marron-1\/#primaryimage"},"image":{"@id":"https:\/\/revolutionpadelstore.com\/de\/produkt\/mochila-nox-luxury-open-series-negro-marron-1\/#primaryimage"},"thumbnailUrl":"https:\/\/revolutionpadelstore.com\/wp-content\/uploads\/2024\/11\/113146_mochila_nox_luxury_open_series_mocopenblbr_1500x1500_1_cead.webp","datePublished":"2024-11-19T23:06:14+00:00","dateModified":"2026-04-08T08:17:22+00:00","description":"La Mochila Nox Luxury Open Series en colores negro y marr\u00f3n combina a la perfecci\u00f3n estilo y funcionalidad, pensada para quienes buscan un accesorio vers\u00e1til tanto para el d\u00eda a d\u00eda como para sus actividades deportivas. Fabricada con materiales t\u00e9cnicos de alta calidad, esta mochila no solo reduce la sensaci\u00f3n de peso, sino que tambi\u00e9n garantiza una mayor durabilidad y comodidad en su uso.","breadcrumb":{"@id":"https:\/\/revolutionpadelstore.com\/de\/produkt\/mochila-nox-luxury-open-series-negro-marron-1\/#breadcrumb"},"inLanguage":"de","potentialAction":[{"@type":"ReadAction","target":["https:\/\/revolutionpadelstore.com\/de\/produkt\/mochila-nox-luxury-open-series-negro-marron-1\/"]}]},{"@type":"ImageObject","inLanguage":"de","@id":"https:\/\/revolutionpadelstore.com\/de\/produkt\/mochila-nox-luxury-open-series-negro-marron-1\/#primaryimage","url":"https:\/\/revolutionpadelstore.com\/wp-content\/uploads\/2024\/11\/113146_mochila_nox_luxury_open_series_mocopenblbr_1500x1500_1_cead.webp","contentUrl":"https:\/\/revolutionpadelstore.com\/wp-content\/uploads\/2024\/11\/113146_mochila_nox_luxury_open_series_mocopenblbr_1500x1500_1_cead.webp","width":1500,"height":1500},{"@type":"BreadcrumbList","@id":"https:\/\/revolutionpadelstore.com\/de\/produkt\/mochila-nox-luxury-open-series-negro-marron-1\/#breadcrumb","itemListElement":[{"@type":"ListItem","position":1,"name":"Portada","item":"https:\/\/revolutionpadelstore.com\/de\/"},{"@type":"ListItem","position":2,"name":"Shop","item":"https:\/\/revolutionpadelstore.com\/de\/tienda\/"},{"@type":"ListItem","position":3,"name":"MOCHILA NOX LUXURY OPEN SERIES NEGRO MARR\u00d3N"}]},{"@type":"WebSite","@id":"https:\/\/revolutionpadelstore.com\/de\/#website","url":"https:\/\/revolutionpadelstore.com\/de\/","name":"Revolution Padel Store","description":"","publisher":{"@id":"https:\/\/revolutionpadelstore.com\/de\/#organization"},"potentialAction":[{"@type":"SearchAction","target":{"@type":"EntryPoint","urlTemplate":"https:\/\/revolutionpadelstore.com\/de\/?s={search_term_string}"},"query-input":{"@type":"PropertyValueSpecification","valueRequired":true,"valueName":"search_term_string"}}],"inLanguage":"de"},{"@type":"Organization","@id":"https:\/\/revolutionpadelstore.com\/de\/#organization","name":"Revolution Padel Store","url":"https:\/\/revolutionpadelstore.com\/de\/","logo":{"@type":"ImageObject","inLanguage":"de","@id":"https:\/\/revolutionpadelstore.com\/de\/#\/schema\/logo\/image\/","url":"https:\/\/revolutionpadelstore.com\/wp-content\/uploads\/2026\/02\/revolution-padel-store.jpg","contentUrl":"https:\/\/revolutionpadelstore.com\/wp-content\/uploads\/2026\/02\/revolution-padel-store.jpg","width":2000,"height":2000,"caption":"Revolution Padel Store"},"image":{"@id":"https:\/\/revolutionpadelstore.com\/de\/#\/schema\/logo\/image\/"},"sameAs":["https:\/\/www.instagram.com\/revolutionpadelstore\/"]}]}},"_links":{"self":[{"href":"https:\/\/revolutionpadelstore.com\/de\/wp-json\/wp\/v2\/product\/128985","targetHints":{"allow":["GET"]}}],"collection":[{"href":"https:\/\/revolutionpadelstore.com\/de\/wp-json\/wp\/v2\/product"}],"about":[{"href":"https:\/\/revolutionpadelstore.com\/de\/wp-json\/wp\/v2\/types\/product"}],"replies":[{"embeddable":true,"href":"https:\/\/revolutionpadelstore.com\/de\/wp-json\/wp\/v2\/comments?post=128985"}],"wp:featuredmedia":[{"embeddable":true,"href":"https:\/\/revolutionpadelstore.com\/de\/wp-json\/wp\/v2\/media\/115978"}],"wp:attachment":[{"href":"https:\/\/revolutionpadelstore.com\/de\/wp-json\/wp\/v2\/media?parent=128985"}],"wp:term":[{"taxonomy":"acabado","embeddable":true,"href":"https:\/\/revolutionpadelstore.com\/de\/wp-json\/wp\/v2\/acabado?post=128985"},{"taxonomy":"balance","embeddable":true,"href":"https:\/\/revolutionpadelstore.com\/de\/wp-json\/wp\/v2\/balance?post=128985"},{"taxonomy":"dureza","embeddable":true,"href":"https:\/\/revolutionpadelstore.com\/de\/wp-json\/wp\/v2\/dureza?post=128985"},{"taxonomy":"forma","embeddable":true,"href":"https:\/\/revolutionpadelstore.com\/de\/wp-json\/wp\/v2\/forma?post=128985"},{"taxonomy":"jugador","embeddable":true,"href":"https:\/\/revolutionpadelstore.com\/de\/wp-json\/wp\/v2\/jugador?post=128985"},{"taxonomy":"marca","embeddable":true,"href":"https:\/\/revolutionpadelstore.com\/de\/wp-json\/wp\/v2\/marca?post=128985"},{"taxonomy":"nivel-de-juego","embeddable":true,"href":"https:\/\/revolutionpadelstore.com\/de\/wp-json\/wp\/v2\/nivel-de-juego?post=128985"},{"taxonomy":"superficie","embeddable":true,"href":"https:\/\/revolutionpadelstore.com\/de\/wp-json\/wp\/v2\/superficie?post=128985"},{"taxonomy":"tipo-de-juego","embeddable":true,"href":"https:\/\/revolutionpadelstore.com\/de\/wp-json\/wp\/v2\/tipo-de-juego?post=128985"},{"taxonomy":"product_brand","embeddable":true,"href":"https:\/\/revolutionpadelstore.com\/de\/wp-json\/wp\/v2\/product_brand?post=128985"},{"taxonomy":"product_cat","embeddable":true,"href":"https:\/\/revolutionpadelstore.com\/de\/wp-json\/wp\/v2\/product_cat?post=128985"},{"taxonomy":"product_tag","embeddable":true,"href":"https:\/\/revolutionpadelstore.com\/de\/wp-json\/wp\/v2\/product_tag?post=128985"}],"curies":[{"name":"wp","href":"https:\/\/api.w.org\/{rel}","templated":true}]}}