{"id":128980,"date":"2024-11-20T00:29:24","date_gmt":"2024-11-19T23:29:24","guid":{"rendered":"https:\/\/revolutionpadelstore.com\/mochila-nox-luxury-open-series-negro-rojo\/"},"modified":"2026-04-08T10:16:10","modified_gmt":"2026-04-08T08:16:10","slug":"mochila-nox-luxury-open-series-negro-rojo-1","status":"publish","type":"product","link":"https:\/\/revolutionpadelstore.com\/de\/produkt\/mochila-nox-luxury-open-series-negro-rojo-1\/","title":{"rendered":"MOCHILA NOX LUXURY OPEN SERIES NEGRO ROJO"},"content":{"rendered":"<h2> NOX Luxury Backpack Open Serie Black Red <\/H2><br \/>\nDie Nox Luxury Open Rucksack -Serie in Schwarz und Rot ist die ideale Option f\u00fcr diejenigen, die versuchen, Stil und Funktionalit\u00e4t in einem einzigen Accessoire zu kombinieren. Dieser Rucksack stammt aus hochwertigen technischen Materialien und f\u00e4llt auf seinen Widerstand und seine Leichtigkeit auf und bietet Komfort sowohl f\u00fcr den t\u00e4glichen Gebrauch als auch f\u00fcr das Training. Sein Design verf\u00fcgt \u00fcber ausreichend Stauraum mit zwei Hauptf\u00e4chern: eines perfekt f\u00fcr eine Schaufel oder einen Computer und einen, um Ihre Sportausr\u00fcstung und Ihr Zubeh\u00f6r zu speichern.<\/p>\n<p>Beinhaltet ein unabh\u00e4ngiges Frontfach mit Bel\u00fcftungssystem, mit dem die Schuhe frisch und vom Rest Ihrer Habseligkeiten getrennt sind. Dar\u00fcber hinaus sind zus\u00e4tzliche Taschen vorne und Seite ideal, um pers\u00f6nliche Objekte wie Mobilger\u00e4te, Schl\u00fcssel oder Flaschen zu sparen.<\/p>\n<p>Die Gurte und die R\u00fcckenlehne sind ergonomisch mit F\u00fcllung ausgelegt, um eine angenehme Anpassung zu gew\u00e4hrleisten und eine optimale Luftzirkulation zu erm\u00f6glichen. Mit Abmessungen von 500 x 330 x 200 mm und einer Kapazit\u00e4t von 30 Litern passt sich dieser Rucksack an alle Ihre Bed\u00fcrfnisse an und sorgt daf\u00fcr, dass Sie alles, was wesentlich wesentlich ist, auf organisierte Weise mit einem Hauch von Eleganz und Moderne mitnehmen k\u00f6nnen.<\/p>\n<h2>Mochila Nox Luxury Open Series Negro Rojo<\/h2>\n","protected":false},"excerpt":{"rendered":"<p>Die Nox Luxury Open Rucksack -Serie in Schwarz und Rot kombiniert modernes Design, fortschrittliche technische Materialien und vielseitige F\u00e4cher, ideal f\u00fcr den t\u00e4glichen und sportlichen Gebrauch.<\/p>\n","protected":false},"featured_media":116102,"comment_status":"open","ping_status":"closed","template":"","meta":{"_acf_changed":false,"_joinchat":[]},"acabado":[],"balance":[],"dureza":[],"forma":[],"jugador":[],"marca":[1259],"nivel-de-juego":[],"superficie":[],"tipo-de-juego":[],"product_brand":[],"product_cat":[314],"product_tag":[],"class_list":{"0":"post-128980","1":"product","2":"type-product","3":"status-publish","4":"has-post-thumbnail","6":"marca-nox-de","7":"product_cat-taschen","9":"first","10":"outofstock","11":"sale","12":"taxable","13":"shipping-taxable","14":"purchasable","15":"product-type-simple"},"acf":[],"yoast_head":"<!-- This site is optimized with the Yoast SEO plugin v27.4 - https:\/\/yoast.com\/product\/yoast-seo-wordpress\/ -->\n<title>MOCHILA NOX LUXURY OPEN SERIES NEGRO ROJO - Revolution Padel Store<\/title>\n<meta name=\"description\" content=\"La Mochila Nox Luxury Open Series en negro y rojo es la elecci\u00f3n perfecta para quienes buscan estilo y funcionalidad en un solo accesorio. Confeccionada con textiles de alta tecnolog\u00eda, esta mochila se destaca por su resistencia y ligereza, lo que permite un uso c\u00f3modo tanto en el d\u00eda a d\u00eda como en entrenamientos. Su dise\u00f1o ofrece un amplio espacio con dos compartimentos principales: uno ideal para una pala o un ordenador, y otro para llevar tu equipaci\u00f3n deportiva y accesorios.\" \/>\n<meta name=\"robots\" content=\"index, follow, max-snippet:-1, max-image-preview:large, max-video-preview:-1\" \/>\n<link rel=\"canonical\" href=\"https:\/\/revolutionpadelstore.com\/de\/produkt\/mochila-nox-luxury-open-series-negro-rojo-1\/\" \/>\n<meta property=\"og:locale\" content=\"de_DE\" \/>\n<meta property=\"og:type\" content=\"article\" \/>\n<meta property=\"og:title\" content=\"MOCHILA NOX LUXURY OPEN SERIES NEGRO ROJO - Revolution Padel Store\" \/>\n<meta property=\"og:description\" content=\"La Mochila Nox Luxury Open Series en negro y rojo es la elecci\u00f3n perfecta para quienes buscan estilo y funcionalidad en un solo accesorio. Confeccionada con textiles de alta tecnolog\u00eda, esta mochila se destaca por su resistencia y ligereza, lo que permite un uso c\u00f3modo tanto en el d\u00eda a d\u00eda como en entrenamientos. Su dise\u00f1o ofrece un amplio espacio con dos compartimentos principales: uno ideal para una pala o un ordenador, y otro para llevar tu equipaci\u00f3n deportiva y accesorios.\" \/>\n<meta property=\"og:url\" content=\"https:\/\/revolutionpadelstore.com\/de\/produkt\/mochila-nox-luxury-open-series-negro-rojo-1\/\" \/>\n<meta property=\"og:site_name\" content=\"Revolution Padel Store\" \/>\n<meta property=\"article:modified_time\" content=\"2026-04-08T08:16:10+00:00\" \/>\n<meta property=\"og:image\" content=\"https:\/\/revolutionpadelstore.com\/wp-content\/uploads\/2024\/11\/113147_mochila_nox_luxury_open_series_mocopenblre_1500x1500_1_ee47.webp\" \/>\n\t<meta property=\"og:image:width\" content=\"1500\" \/>\n\t<meta property=\"og:image:height\" content=\"1500\" \/>\n\t<meta property=\"og:image:type\" content=\"image\/webp\" \/>\n<meta name=\"twitter:card\" content=\"summary_large_image\" \/>\n<meta name=\"twitter:label1\" content=\"Gesch\u00e4tzte Lesezeit\" \/>\n\t<meta name=\"twitter:data1\" content=\"1\u00a0Minute\" \/>\n<script type=\"application\/ld+json\" class=\"yoast-schema-graph\">{\"@context\":\"https:\\\/\\\/schema.org\",\"@graph\":[{\"@type\":\"WebPage\",\"@id\":\"https:\\\/\\\/revolutionpadelstore.com\\\/de\\\/produkt\\\/mochila-nox-luxury-open-series-negro-rojo-1\\\/\",\"url\":\"https:\\\/\\\/revolutionpadelstore.com\\\/de\\\/produkt\\\/mochila-nox-luxury-open-series-negro-rojo-1\\\/\",\"name\":\"MOCHILA NOX LUXURY OPEN SERIES NEGRO ROJO - Revolution Padel Store\",\"isPartOf\":{\"@id\":\"https:\\\/\\\/revolutionpadelstore.com\\\/de\\\/#website\"},\"primaryImageOfPage\":{\"@id\":\"https:\\\/\\\/revolutionpadelstore.com\\\/de\\\/produkt\\\/mochila-nox-luxury-open-series-negro-rojo-1\\\/#primaryimage\"},\"image\":{\"@id\":\"https:\\\/\\\/revolutionpadelstore.com\\\/de\\\/produkt\\\/mochila-nox-luxury-open-series-negro-rojo-1\\\/#primaryimage\"},\"thumbnailUrl\":\"https:\\\/\\\/revolutionpadelstore.com\\\/wp-content\\\/uploads\\\/2024\\\/11\\\/113147_mochila_nox_luxury_open_series_mocopenblre_1500x1500_1_ee47.webp\",\"datePublished\":\"2024-11-19T23:29:24+00:00\",\"dateModified\":\"2026-04-08T08:16:10+00:00\",\"description\":\"La Mochila Nox Luxury Open Series en negro y rojo es la elecci\u00f3n perfecta para quienes buscan estilo y funcionalidad en un solo accesorio. Confeccionada con textiles de alta tecnolog\u00eda, esta mochila se destaca por su resistencia y ligereza, lo que permite un uso c\u00f3modo tanto en el d\u00eda a d\u00eda como en entrenamientos. Su dise\u00f1o ofrece un amplio espacio con dos compartimentos principales: uno ideal para una pala o un ordenador, y otro para llevar tu equipaci\u00f3n deportiva y accesorios.\",\"breadcrumb\":{\"@id\":\"https:\\\/\\\/revolutionpadelstore.com\\\/de\\\/produkt\\\/mochila-nox-luxury-open-series-negro-rojo-1\\\/#breadcrumb\"},\"inLanguage\":\"de\",\"potentialAction\":[{\"@type\":\"ReadAction\",\"target\":[\"https:\\\/\\\/revolutionpadelstore.com\\\/de\\\/produkt\\\/mochila-nox-luxury-open-series-negro-rojo-1\\\/\"]}]},{\"@type\":\"ImageObject\",\"inLanguage\":\"de\",\"@id\":\"https:\\\/\\\/revolutionpadelstore.com\\\/de\\\/produkt\\\/mochila-nox-luxury-open-series-negro-rojo-1\\\/#primaryimage\",\"url\":\"https:\\\/\\\/revolutionpadelstore.com\\\/wp-content\\\/uploads\\\/2024\\\/11\\\/113147_mochila_nox_luxury_open_series_mocopenblre_1500x1500_1_ee47.webp\",\"contentUrl\":\"https:\\\/\\\/revolutionpadelstore.com\\\/wp-content\\\/uploads\\\/2024\\\/11\\\/113147_mochila_nox_luxury_open_series_mocopenblre_1500x1500_1_ee47.webp\",\"width\":1500,\"height\":1500},{\"@type\":\"BreadcrumbList\",\"@id\":\"https:\\\/\\\/revolutionpadelstore.com\\\/de\\\/produkt\\\/mochila-nox-luxury-open-series-negro-rojo-1\\\/#breadcrumb\",\"itemListElement\":[{\"@type\":\"ListItem\",\"position\":1,\"name\":\"Portada\",\"item\":\"https:\\\/\\\/revolutionpadelstore.com\\\/de\\\/\"},{\"@type\":\"ListItem\",\"position\":2,\"name\":\"Shop\",\"item\":\"https:\\\/\\\/revolutionpadelstore.com\\\/de\\\/tienda\\\/\"},{\"@type\":\"ListItem\",\"position\":3,\"name\":\"MOCHILA NOX LUXURY OPEN SERIES NEGRO ROJO\"}]},{\"@type\":\"WebSite\",\"@id\":\"https:\\\/\\\/revolutionpadelstore.com\\\/de\\\/#website\",\"url\":\"https:\\\/\\\/revolutionpadelstore.com\\\/de\\\/\",\"name\":\"Revolution Padel Store\",\"description\":\"\",\"publisher\":{\"@id\":\"https:\\\/\\\/revolutionpadelstore.com\\\/de\\\/#organization\"},\"potentialAction\":[{\"@type\":\"SearchAction\",\"target\":{\"@type\":\"EntryPoint\",\"urlTemplate\":\"https:\\\/\\\/revolutionpadelstore.com\\\/de\\\/?s={search_term_string}\"},\"query-input\":{\"@type\":\"PropertyValueSpecification\",\"valueRequired\":true,\"valueName\":\"search_term_string\"}}],\"inLanguage\":\"de\"},{\"@type\":\"Organization\",\"@id\":\"https:\\\/\\\/revolutionpadelstore.com\\\/de\\\/#organization\",\"name\":\"Revolution Padel Store\",\"url\":\"https:\\\/\\\/revolutionpadelstore.com\\\/de\\\/\",\"logo\":{\"@type\":\"ImageObject\",\"inLanguage\":\"de\",\"@id\":\"https:\\\/\\\/revolutionpadelstore.com\\\/de\\\/#\\\/schema\\\/logo\\\/image\\\/\",\"url\":\"https:\\\/\\\/revolutionpadelstore.com\\\/wp-content\\\/uploads\\\/2026\\\/02\\\/revolution-padel-store.jpg\",\"contentUrl\":\"https:\\\/\\\/revolutionpadelstore.com\\\/wp-content\\\/uploads\\\/2026\\\/02\\\/revolution-padel-store.jpg\",\"width\":2000,\"height\":2000,\"caption\":\"Revolution Padel Store\"},\"image\":{\"@id\":\"https:\\\/\\\/revolutionpadelstore.com\\\/de\\\/#\\\/schema\\\/logo\\\/image\\\/\"},\"sameAs\":[\"https:\\\/\\\/www.instagram.com\\\/revolutionpadelstore\\\/\"]}]}<\/script>\n<!-- \/ Yoast SEO plugin. -->","yoast_head_json":{"title":"MOCHILA NOX LUXURY OPEN SERIES NEGRO ROJO - Revolution Padel Store","description":"La Mochila Nox Luxury Open Series en negro y rojo es la elecci\u00f3n perfecta para quienes buscan estilo y funcionalidad en un solo accesorio. Confeccionada con textiles de alta tecnolog\u00eda, esta mochila se destaca por su resistencia y ligereza, lo que permite un uso c\u00f3modo tanto en el d\u00eda a d\u00eda como en entrenamientos. Su dise\u00f1o ofrece un amplio espacio con dos compartimentos principales: uno ideal para una pala o un ordenador, y otro para llevar tu equipaci\u00f3n deportiva y accesorios.","robots":{"index":"index","follow":"follow","max-snippet":"max-snippet:-1","max-image-preview":"max-image-preview:large","max-video-preview":"max-video-preview:-1"},"canonical":"https:\/\/revolutionpadelstore.com\/de\/produkt\/mochila-nox-luxury-open-series-negro-rojo-1\/","og_locale":"de_DE","og_type":"article","og_title":"MOCHILA NOX LUXURY OPEN SERIES NEGRO ROJO - Revolution Padel Store","og_description":"La Mochila Nox Luxury Open Series en negro y rojo es la elecci\u00f3n perfecta para quienes buscan estilo y funcionalidad en un solo accesorio. Confeccionada con textiles de alta tecnolog\u00eda, esta mochila se destaca por su resistencia y ligereza, lo que permite un uso c\u00f3modo tanto en el d\u00eda a d\u00eda como en entrenamientos. Su dise\u00f1o ofrece un amplio espacio con dos compartimentos principales: uno ideal para una pala o un ordenador, y otro para llevar tu equipaci\u00f3n deportiva y accesorios.","og_url":"https:\/\/revolutionpadelstore.com\/de\/produkt\/mochila-nox-luxury-open-series-negro-rojo-1\/","og_site_name":"Revolution Padel Store","article_modified_time":"2026-04-08T08:16:10+00:00","og_image":[{"width":1500,"height":1500,"url":"https:\/\/revolutionpadelstore.com\/wp-content\/uploads\/2024\/11\/113147_mochila_nox_luxury_open_series_mocopenblre_1500x1500_1_ee47.webp","type":"image\/webp"}],"twitter_card":"summary_large_image","twitter_misc":{"Gesch\u00e4tzte Lesezeit":"1\u00a0Minute"},"schema":{"@context":"https:\/\/schema.org","@graph":[{"@type":"WebPage","@id":"https:\/\/revolutionpadelstore.com\/de\/produkt\/mochila-nox-luxury-open-series-negro-rojo-1\/","url":"https:\/\/revolutionpadelstore.com\/de\/produkt\/mochila-nox-luxury-open-series-negro-rojo-1\/","name":"MOCHILA NOX LUXURY OPEN SERIES NEGRO ROJO - Revolution Padel Store","isPartOf":{"@id":"https:\/\/revolutionpadelstore.com\/de\/#website"},"primaryImageOfPage":{"@id":"https:\/\/revolutionpadelstore.com\/de\/produkt\/mochila-nox-luxury-open-series-negro-rojo-1\/#primaryimage"},"image":{"@id":"https:\/\/revolutionpadelstore.com\/de\/produkt\/mochila-nox-luxury-open-series-negro-rojo-1\/#primaryimage"},"thumbnailUrl":"https:\/\/revolutionpadelstore.com\/wp-content\/uploads\/2024\/11\/113147_mochila_nox_luxury_open_series_mocopenblre_1500x1500_1_ee47.webp","datePublished":"2024-11-19T23:29:24+00:00","dateModified":"2026-04-08T08:16:10+00:00","description":"La Mochila Nox Luxury Open Series en negro y rojo es la elecci\u00f3n perfecta para quienes buscan estilo y funcionalidad en un solo accesorio. Confeccionada con textiles de alta tecnolog\u00eda, esta mochila se destaca por su resistencia y ligereza, lo que permite un uso c\u00f3modo tanto en el d\u00eda a d\u00eda como en entrenamientos. Su dise\u00f1o ofrece un amplio espacio con dos compartimentos principales: uno ideal para una pala o un ordenador, y otro para llevar tu equipaci\u00f3n deportiva y accesorios.","breadcrumb":{"@id":"https:\/\/revolutionpadelstore.com\/de\/produkt\/mochila-nox-luxury-open-series-negro-rojo-1\/#breadcrumb"},"inLanguage":"de","potentialAction":[{"@type":"ReadAction","target":["https:\/\/revolutionpadelstore.com\/de\/produkt\/mochila-nox-luxury-open-series-negro-rojo-1\/"]}]},{"@type":"ImageObject","inLanguage":"de","@id":"https:\/\/revolutionpadelstore.com\/de\/produkt\/mochila-nox-luxury-open-series-negro-rojo-1\/#primaryimage","url":"https:\/\/revolutionpadelstore.com\/wp-content\/uploads\/2024\/11\/113147_mochila_nox_luxury_open_series_mocopenblre_1500x1500_1_ee47.webp","contentUrl":"https:\/\/revolutionpadelstore.com\/wp-content\/uploads\/2024\/11\/113147_mochila_nox_luxury_open_series_mocopenblre_1500x1500_1_ee47.webp","width":1500,"height":1500},{"@type":"BreadcrumbList","@id":"https:\/\/revolutionpadelstore.com\/de\/produkt\/mochila-nox-luxury-open-series-negro-rojo-1\/#breadcrumb","itemListElement":[{"@type":"ListItem","position":1,"name":"Portada","item":"https:\/\/revolutionpadelstore.com\/de\/"},{"@type":"ListItem","position":2,"name":"Shop","item":"https:\/\/revolutionpadelstore.com\/de\/tienda\/"},{"@type":"ListItem","position":3,"name":"MOCHILA NOX LUXURY OPEN SERIES NEGRO ROJO"}]},{"@type":"WebSite","@id":"https:\/\/revolutionpadelstore.com\/de\/#website","url":"https:\/\/revolutionpadelstore.com\/de\/","name":"Revolution Padel Store","description":"","publisher":{"@id":"https:\/\/revolutionpadelstore.com\/de\/#organization"},"potentialAction":[{"@type":"SearchAction","target":{"@type":"EntryPoint","urlTemplate":"https:\/\/revolutionpadelstore.com\/de\/?s={search_term_string}"},"query-input":{"@type":"PropertyValueSpecification","valueRequired":true,"valueName":"search_term_string"}}],"inLanguage":"de"},{"@type":"Organization","@id":"https:\/\/revolutionpadelstore.com\/de\/#organization","name":"Revolution Padel Store","url":"https:\/\/revolutionpadelstore.com\/de\/","logo":{"@type":"ImageObject","inLanguage":"de","@id":"https:\/\/revolutionpadelstore.com\/de\/#\/schema\/logo\/image\/","url":"https:\/\/revolutionpadelstore.com\/wp-content\/uploads\/2026\/02\/revolution-padel-store.jpg","contentUrl":"https:\/\/revolutionpadelstore.com\/wp-content\/uploads\/2026\/02\/revolution-padel-store.jpg","width":2000,"height":2000,"caption":"Revolution Padel Store"},"image":{"@id":"https:\/\/revolutionpadelstore.com\/de\/#\/schema\/logo\/image\/"},"sameAs":["https:\/\/www.instagram.com\/revolutionpadelstore\/"]}]}},"_links":{"self":[{"href":"https:\/\/revolutionpadelstore.com\/de\/wp-json\/wp\/v2\/product\/128980","targetHints":{"allow":["GET"]}}],"collection":[{"href":"https:\/\/revolutionpadelstore.com\/de\/wp-json\/wp\/v2\/product"}],"about":[{"href":"https:\/\/revolutionpadelstore.com\/de\/wp-json\/wp\/v2\/types\/product"}],"replies":[{"embeddable":true,"href":"https:\/\/revolutionpadelstore.com\/de\/wp-json\/wp\/v2\/comments?post=128980"}],"wp:featuredmedia":[{"embeddable":true,"href":"https:\/\/revolutionpadelstore.com\/de\/wp-json\/wp\/v2\/media\/116102"}],"wp:attachment":[{"href":"https:\/\/revolutionpadelstore.com\/de\/wp-json\/wp\/v2\/media?parent=128980"}],"wp:term":[{"taxonomy":"acabado","embeddable":true,"href":"https:\/\/revolutionpadelstore.com\/de\/wp-json\/wp\/v2\/acabado?post=128980"},{"taxonomy":"balance","embeddable":true,"href":"https:\/\/revolutionpadelstore.com\/de\/wp-json\/wp\/v2\/balance?post=128980"},{"taxonomy":"dureza","embeddable":true,"href":"https:\/\/revolutionpadelstore.com\/de\/wp-json\/wp\/v2\/dureza?post=128980"},{"taxonomy":"forma","embeddable":true,"href":"https:\/\/revolutionpadelstore.com\/de\/wp-json\/wp\/v2\/forma?post=128980"},{"taxonomy":"jugador","embeddable":true,"href":"https:\/\/revolutionpadelstore.com\/de\/wp-json\/wp\/v2\/jugador?post=128980"},{"taxonomy":"marca","embeddable":true,"href":"https:\/\/revolutionpadelstore.com\/de\/wp-json\/wp\/v2\/marca?post=128980"},{"taxonomy":"nivel-de-juego","embeddable":true,"href":"https:\/\/revolutionpadelstore.com\/de\/wp-json\/wp\/v2\/nivel-de-juego?post=128980"},{"taxonomy":"superficie","embeddable":true,"href":"https:\/\/revolutionpadelstore.com\/de\/wp-json\/wp\/v2\/superficie?post=128980"},{"taxonomy":"tipo-de-juego","embeddable":true,"href":"https:\/\/revolutionpadelstore.com\/de\/wp-json\/wp\/v2\/tipo-de-juego?post=128980"},{"taxonomy":"product_brand","embeddable":true,"href":"https:\/\/revolutionpadelstore.com\/de\/wp-json\/wp\/v2\/product_brand?post=128980"},{"taxonomy":"product_cat","embeddable":true,"href":"https:\/\/revolutionpadelstore.com\/de\/wp-json\/wp\/v2\/product_cat?post=128980"},{"taxonomy":"product_tag","embeddable":true,"href":"https:\/\/revolutionpadelstore.com\/de\/wp-json\/wp\/v2\/product_tag?post=128980"}],"curies":[{"name":"wp","href":"https:\/\/api.w.org\/{rel}","templated":true}]}}