{"id":128975,"date":"2024-11-19T19:39:46","date_gmt":"2024-11-19T18:39:46","guid":{"rendered":"https:\/\/revolutionpadelstore.com\/mochila-nox-luxury-master-series\/"},"modified":"2026-04-08T10:18:14","modified_gmt":"2026-04-08T08:18:14","slug":"mochila-nox-luxury-master-series-1","status":"publish","type":"product","link":"https:\/\/revolutionpadelstore.com\/de\/produkt\/mochila-nox-luxury-master-series-1\/","title":{"rendered":"MOCHILA NOX LUXURY MASTER SERIES"},"content":{"rendered":"<p><H2> NOX Luxury Master Series -Rucksack<br \/>\nEntdecken Sie den Rucksack der <strong> nox Luxury Master Series <\/strong>, die beste Option f\u00fcr Paddle -Player, die nach einer perfekten Kombination aus Stil und Funktionalit\u00e4t suchen. Dieser Rucksack wird mit technischen Materialien mit <strong> hoher Qualit\u00e4t und fortschrittlicher Textilien <\/strong> hergestellt und bietet au\u00dfergew\u00f6hnliche Haltbarkeit und unvergleichliche Komfort. Mit seinem Design in elegantem <strong> Schwarz -Wei\u00df <\/strong> ist es sowohl f\u00fcr Tag f\u00fcr Tag als auch f\u00fcr Ihr Training ideal.<\/p>\n<p>Der Rucksack der Nox Luxury Master -Serie ist nicht nur resistent, sondern auch unglaublich leicht, was den Transport ohne Kompromisskapazit\u00e4t erleichtert. Ihr <strong> Hauptfach mit starrer Oberfl\u00e4che <\/strong> bietet einen maximalen Schutz f\u00fcr Ihre Schaufel oder Ihren Laptop, w\u00e4hrend ein <strong> zweites Fach bis zu zwei zus\u00e4tzlichen Schaufeln <\/strong>, Ausr\u00fcstung und Zubeh\u00f6r speichern kann. Dar\u00fcber hinaus verf\u00fcgt es \u00fcber einen <strong> unabh\u00e4ngigen Raum <\/strong> auf der Vorderseite f\u00fcr das <strong> -Stoschwesen <\/strong>, das mit einem L\u00fcftungssystem entworfen wurde, das Ihre frischen Schuhe h\u00e4lt.<\/p>\n<p>Die Organisation ist der Schl\u00fcssel, und dieser Rucksack entt\u00e4uscht nicht: Mehrere vordere und seitliche F\u00e4cher k\u00f6nnen Sie Ihre pers\u00f6nlichen Objekte wie Mobilger\u00e4te, Gl\u00e4ser, Brieftasche, Schl\u00fcssel oder Flasche tragen. Die <strong> gepolsterten Gurte und R\u00fccken bieten eine ergonomische Anpassung <\/strong>, wodurch der Griff und die Luftzirkulation optimiert werden. Mit einer Kapazit\u00e4t <\/strong> und einer Messung von 500 x 330 x 200 mm ist die NOX Luxury Master -Serie der ideale Partner, um Ihr Spiel und Ihren Stil zu erh\u00f6hen.<\/p>\n<h2>Mochila Nox Luxury Master Series<\/h2>\n","protected":false},"excerpt":{"rendered":"<p><b> <span style=\"color: schwarz\"> Die NOX -Luxus -Master -Serie kombiniert Eleganz und Funktionalit\u00e4t mit 30L -Kapazit\u00e4t, ergonomischen Kompartimenten und \u00fcberlegener Haltbarkeit.<b><span style=\"color: black\">La Mochila Nox Luxury Master Series combina elegancia y funcionalidad con capacidad de 30L, compartimentos ergon\u00f3micos y durabilidad superior.<\/span><\/p>\n","protected":false},"featured_media":115927,"comment_status":"open","ping_status":"closed","template":"","meta":{"_acf_changed":false,"_joinchat":[]},"acabado":[],"balance":[],"dureza":[],"forma":[],"jugador":[],"marca":[1259],"nivel-de-juego":[],"superficie":[],"tipo-de-juego":[],"product_brand":[],"product_cat":[314],"product_tag":[],"class_list":{"0":"post-128975","1":"product","2":"type-product","3":"status-publish","4":"has-post-thumbnail","6":"marca-nox-de","7":"product_cat-taschen","9":"first","10":"outofstock","11":"sale","12":"taxable","13":"shipping-taxable","14":"purchasable","15":"product-type-simple"},"acf":[],"yoast_head":"<!-- This site is optimized with the Yoast SEO plugin v27.4 - https:\/\/yoast.com\/product\/yoast-seo-wordpress\/ -->\n<title>MOCHILA NOX LUXURY MASTER SERIES - Revolution Padel Store<\/title>\n<meta name=\"description\" content=\"Descubre la\u00a0Mochila Nox Luxury Master Series, la mejor opci\u00f3n para los jugadores de p\u00e1del que buscan una combinaci\u00f3n perfecta de estilo y funcionalidad. Fabricada con materiales t\u00e9cnicos de\u00a0alta calidad y textiles avanzados, esta mochila ofrece una durabilidad excepcional y una comodidad incomparable. Con su dise\u00f1o en elegante\u00a0color negro y blanco, es ideal tanto para el d\u00eda a d\u00eda como para tus entrenamientos.\" \/>\n<meta name=\"robots\" content=\"index, follow, max-snippet:-1, max-image-preview:large, max-video-preview:-1\" \/>\n<link rel=\"canonical\" href=\"https:\/\/revolutionpadelstore.com\/de\/produkt\/mochila-nox-luxury-master-series-1\/\" \/>\n<meta property=\"og:locale\" content=\"de_DE\" \/>\n<meta property=\"og:type\" content=\"article\" \/>\n<meta property=\"og:title\" content=\"MOCHILA NOX LUXURY MASTER SERIES - Revolution Padel Store\" \/>\n<meta property=\"og:description\" content=\"Descubre la\u00a0Mochila Nox Luxury Master Series, la mejor opci\u00f3n para los jugadores de p\u00e1del que buscan una combinaci\u00f3n perfecta de estilo y funcionalidad. Fabricada con materiales t\u00e9cnicos de\u00a0alta calidad y textiles avanzados, esta mochila ofrece una durabilidad excepcional y una comodidad incomparable. Con su dise\u00f1o en elegante\u00a0color negro y blanco, es ideal tanto para el d\u00eda a d\u00eda como para tus entrenamientos.\" \/>\n<meta property=\"og:url\" content=\"https:\/\/revolutionpadelstore.com\/de\/produkt\/mochila-nox-luxury-master-series-1\/\" \/>\n<meta property=\"og:site_name\" content=\"Revolution Padel Store\" \/>\n<meta property=\"article:modified_time\" content=\"2026-04-08T08:18:14+00:00\" \/>\n<meta property=\"og:image\" content=\"https:\/\/revolutionpadelstore.com\/wp-content\/uploads\/2024\/11\/imagen-1-113145-d250d55b-34100-NORMAL.jpg\" \/>\n\t<meta property=\"og:image:width\" content=\"480\" \/>\n\t<meta property=\"og:image:height\" content=\"600\" \/>\n\t<meta property=\"og:image:type\" content=\"image\/jpeg\" \/>\n<meta name=\"twitter:card\" content=\"summary_large_image\" \/>\n<meta name=\"twitter:label1\" content=\"Gesch\u00e4tzte Lesezeit\" \/>\n\t<meta name=\"twitter:data1\" content=\"1\u00a0Minute\" \/>\n<script type=\"application\/ld+json\" class=\"yoast-schema-graph\">{\"@context\":\"https:\\\/\\\/schema.org\",\"@graph\":[{\"@type\":\"WebPage\",\"@id\":\"https:\\\/\\\/revolutionpadelstore.com\\\/de\\\/produkt\\\/mochila-nox-luxury-master-series-1\\\/\",\"url\":\"https:\\\/\\\/revolutionpadelstore.com\\\/de\\\/produkt\\\/mochila-nox-luxury-master-series-1\\\/\",\"name\":\"MOCHILA NOX LUXURY MASTER SERIES - Revolution Padel Store\",\"isPartOf\":{\"@id\":\"https:\\\/\\\/revolutionpadelstore.com\\\/de\\\/#website\"},\"primaryImageOfPage\":{\"@id\":\"https:\\\/\\\/revolutionpadelstore.com\\\/de\\\/produkt\\\/mochila-nox-luxury-master-series-1\\\/#primaryimage\"},\"image\":{\"@id\":\"https:\\\/\\\/revolutionpadelstore.com\\\/de\\\/produkt\\\/mochila-nox-luxury-master-series-1\\\/#primaryimage\"},\"thumbnailUrl\":\"https:\\\/\\\/revolutionpadelstore.com\\\/wp-content\\\/uploads\\\/2024\\\/11\\\/imagen-1-113145-d250d55b-34100-NORMAL.jpg\",\"datePublished\":\"2024-11-19T18:39:46+00:00\",\"dateModified\":\"2026-04-08T08:18:14+00:00\",\"description\":\"Descubre la\u00a0Mochila Nox Luxury Master Series, la mejor opci\u00f3n para los jugadores de p\u00e1del que buscan una combinaci\u00f3n perfecta de estilo y funcionalidad. Fabricada con materiales t\u00e9cnicos de\u00a0alta calidad y textiles avanzados, esta mochila ofrece una durabilidad excepcional y una comodidad incomparable. Con su dise\u00f1o en elegante\u00a0color negro y blanco, es ideal tanto para el d\u00eda a d\u00eda como para tus entrenamientos.\",\"breadcrumb\":{\"@id\":\"https:\\\/\\\/revolutionpadelstore.com\\\/de\\\/produkt\\\/mochila-nox-luxury-master-series-1\\\/#breadcrumb\"},\"inLanguage\":\"de\",\"potentialAction\":[{\"@type\":\"ReadAction\",\"target\":[\"https:\\\/\\\/revolutionpadelstore.com\\\/de\\\/produkt\\\/mochila-nox-luxury-master-series-1\\\/\"]}]},{\"@type\":\"ImageObject\",\"inLanguage\":\"de\",\"@id\":\"https:\\\/\\\/revolutionpadelstore.com\\\/de\\\/produkt\\\/mochila-nox-luxury-master-series-1\\\/#primaryimage\",\"url\":\"https:\\\/\\\/revolutionpadelstore.com\\\/wp-content\\\/uploads\\\/2024\\\/11\\\/imagen-1-113145-d250d55b-34100-NORMAL.jpg\",\"contentUrl\":\"https:\\\/\\\/revolutionpadelstore.com\\\/wp-content\\\/uploads\\\/2024\\\/11\\\/imagen-1-113145-d250d55b-34100-NORMAL.jpg\",\"width\":480,\"height\":600},{\"@type\":\"BreadcrumbList\",\"@id\":\"https:\\\/\\\/revolutionpadelstore.com\\\/de\\\/produkt\\\/mochila-nox-luxury-master-series-1\\\/#breadcrumb\",\"itemListElement\":[{\"@type\":\"ListItem\",\"position\":1,\"name\":\"Portada\",\"item\":\"https:\\\/\\\/revolutionpadelstore.com\\\/de\\\/\"},{\"@type\":\"ListItem\",\"position\":2,\"name\":\"Shop\",\"item\":\"https:\\\/\\\/revolutionpadelstore.com\\\/de\\\/tienda\\\/\"},{\"@type\":\"ListItem\",\"position\":3,\"name\":\"MOCHILA NOX LUXURY MASTER SERIES\"}]},{\"@type\":\"WebSite\",\"@id\":\"https:\\\/\\\/revolutionpadelstore.com\\\/de\\\/#website\",\"url\":\"https:\\\/\\\/revolutionpadelstore.com\\\/de\\\/\",\"name\":\"Revolution Padel Store\",\"description\":\"\",\"publisher\":{\"@id\":\"https:\\\/\\\/revolutionpadelstore.com\\\/de\\\/#organization\"},\"potentialAction\":[{\"@type\":\"SearchAction\",\"target\":{\"@type\":\"EntryPoint\",\"urlTemplate\":\"https:\\\/\\\/revolutionpadelstore.com\\\/de\\\/?s={search_term_string}\"},\"query-input\":{\"@type\":\"PropertyValueSpecification\",\"valueRequired\":true,\"valueName\":\"search_term_string\"}}],\"inLanguage\":\"de\"},{\"@type\":\"Organization\",\"@id\":\"https:\\\/\\\/revolutionpadelstore.com\\\/de\\\/#organization\",\"name\":\"Revolution Padel Store\",\"url\":\"https:\\\/\\\/revolutionpadelstore.com\\\/de\\\/\",\"logo\":{\"@type\":\"ImageObject\",\"inLanguage\":\"de\",\"@id\":\"https:\\\/\\\/revolutionpadelstore.com\\\/de\\\/#\\\/schema\\\/logo\\\/image\\\/\",\"url\":\"https:\\\/\\\/revolutionpadelstore.com\\\/wp-content\\\/uploads\\\/2026\\\/02\\\/revolution-padel-store.jpg\",\"contentUrl\":\"https:\\\/\\\/revolutionpadelstore.com\\\/wp-content\\\/uploads\\\/2026\\\/02\\\/revolution-padel-store.jpg\",\"width\":2000,\"height\":2000,\"caption\":\"Revolution Padel Store\"},\"image\":{\"@id\":\"https:\\\/\\\/revolutionpadelstore.com\\\/de\\\/#\\\/schema\\\/logo\\\/image\\\/\"},\"sameAs\":[\"https:\\\/\\\/www.instagram.com\\\/revolutionpadelstore\\\/\"]}]}<\/script>\n<!-- \/ Yoast SEO plugin. -->","yoast_head_json":{"title":"MOCHILA NOX LUXURY MASTER SERIES - Revolution Padel Store","description":"Descubre la\u00a0Mochila Nox Luxury Master Series, la mejor opci\u00f3n para los jugadores de p\u00e1del que buscan una combinaci\u00f3n perfecta de estilo y funcionalidad. Fabricada con materiales t\u00e9cnicos de\u00a0alta calidad y textiles avanzados, esta mochila ofrece una durabilidad excepcional y una comodidad incomparable. Con su dise\u00f1o en elegante\u00a0color negro y blanco, es ideal tanto para el d\u00eda a d\u00eda como para tus entrenamientos.","robots":{"index":"index","follow":"follow","max-snippet":"max-snippet:-1","max-image-preview":"max-image-preview:large","max-video-preview":"max-video-preview:-1"},"canonical":"https:\/\/revolutionpadelstore.com\/de\/produkt\/mochila-nox-luxury-master-series-1\/","og_locale":"de_DE","og_type":"article","og_title":"MOCHILA NOX LUXURY MASTER SERIES - Revolution Padel Store","og_description":"Descubre la\u00a0Mochila Nox Luxury Master Series, la mejor opci\u00f3n para los jugadores de p\u00e1del que buscan una combinaci\u00f3n perfecta de estilo y funcionalidad. Fabricada con materiales t\u00e9cnicos de\u00a0alta calidad y textiles avanzados, esta mochila ofrece una durabilidad excepcional y una comodidad incomparable. Con su dise\u00f1o en elegante\u00a0color negro y blanco, es ideal tanto para el d\u00eda a d\u00eda como para tus entrenamientos.","og_url":"https:\/\/revolutionpadelstore.com\/de\/produkt\/mochila-nox-luxury-master-series-1\/","og_site_name":"Revolution Padel Store","article_modified_time":"2026-04-08T08:18:14+00:00","og_image":[{"width":480,"height":600,"url":"https:\/\/revolutionpadelstore.com\/wp-content\/uploads\/2024\/11\/imagen-1-113145-d250d55b-34100-NORMAL.jpg","type":"image\/jpeg"}],"twitter_card":"summary_large_image","twitter_misc":{"Gesch\u00e4tzte Lesezeit":"1\u00a0Minute"},"schema":{"@context":"https:\/\/schema.org","@graph":[{"@type":"WebPage","@id":"https:\/\/revolutionpadelstore.com\/de\/produkt\/mochila-nox-luxury-master-series-1\/","url":"https:\/\/revolutionpadelstore.com\/de\/produkt\/mochila-nox-luxury-master-series-1\/","name":"MOCHILA NOX LUXURY MASTER SERIES - Revolution Padel Store","isPartOf":{"@id":"https:\/\/revolutionpadelstore.com\/de\/#website"},"primaryImageOfPage":{"@id":"https:\/\/revolutionpadelstore.com\/de\/produkt\/mochila-nox-luxury-master-series-1\/#primaryimage"},"image":{"@id":"https:\/\/revolutionpadelstore.com\/de\/produkt\/mochila-nox-luxury-master-series-1\/#primaryimage"},"thumbnailUrl":"https:\/\/revolutionpadelstore.com\/wp-content\/uploads\/2024\/11\/imagen-1-113145-d250d55b-34100-NORMAL.jpg","datePublished":"2024-11-19T18:39:46+00:00","dateModified":"2026-04-08T08:18:14+00:00","description":"Descubre la\u00a0Mochila Nox Luxury Master Series, la mejor opci\u00f3n para los jugadores de p\u00e1del que buscan una combinaci\u00f3n perfecta de estilo y funcionalidad. Fabricada con materiales t\u00e9cnicos de\u00a0alta calidad y textiles avanzados, esta mochila ofrece una durabilidad excepcional y una comodidad incomparable. Con su dise\u00f1o en elegante\u00a0color negro y blanco, es ideal tanto para el d\u00eda a d\u00eda como para tus entrenamientos.","breadcrumb":{"@id":"https:\/\/revolutionpadelstore.com\/de\/produkt\/mochila-nox-luxury-master-series-1\/#breadcrumb"},"inLanguage":"de","potentialAction":[{"@type":"ReadAction","target":["https:\/\/revolutionpadelstore.com\/de\/produkt\/mochila-nox-luxury-master-series-1\/"]}]},{"@type":"ImageObject","inLanguage":"de","@id":"https:\/\/revolutionpadelstore.com\/de\/produkt\/mochila-nox-luxury-master-series-1\/#primaryimage","url":"https:\/\/revolutionpadelstore.com\/wp-content\/uploads\/2024\/11\/imagen-1-113145-d250d55b-34100-NORMAL.jpg","contentUrl":"https:\/\/revolutionpadelstore.com\/wp-content\/uploads\/2024\/11\/imagen-1-113145-d250d55b-34100-NORMAL.jpg","width":480,"height":600},{"@type":"BreadcrumbList","@id":"https:\/\/revolutionpadelstore.com\/de\/produkt\/mochila-nox-luxury-master-series-1\/#breadcrumb","itemListElement":[{"@type":"ListItem","position":1,"name":"Portada","item":"https:\/\/revolutionpadelstore.com\/de\/"},{"@type":"ListItem","position":2,"name":"Shop","item":"https:\/\/revolutionpadelstore.com\/de\/tienda\/"},{"@type":"ListItem","position":3,"name":"MOCHILA NOX LUXURY MASTER SERIES"}]},{"@type":"WebSite","@id":"https:\/\/revolutionpadelstore.com\/de\/#website","url":"https:\/\/revolutionpadelstore.com\/de\/","name":"Revolution Padel Store","description":"","publisher":{"@id":"https:\/\/revolutionpadelstore.com\/de\/#organization"},"potentialAction":[{"@type":"SearchAction","target":{"@type":"EntryPoint","urlTemplate":"https:\/\/revolutionpadelstore.com\/de\/?s={search_term_string}"},"query-input":{"@type":"PropertyValueSpecification","valueRequired":true,"valueName":"search_term_string"}}],"inLanguage":"de"},{"@type":"Organization","@id":"https:\/\/revolutionpadelstore.com\/de\/#organization","name":"Revolution Padel Store","url":"https:\/\/revolutionpadelstore.com\/de\/","logo":{"@type":"ImageObject","inLanguage":"de","@id":"https:\/\/revolutionpadelstore.com\/de\/#\/schema\/logo\/image\/","url":"https:\/\/revolutionpadelstore.com\/wp-content\/uploads\/2026\/02\/revolution-padel-store.jpg","contentUrl":"https:\/\/revolutionpadelstore.com\/wp-content\/uploads\/2026\/02\/revolution-padel-store.jpg","width":2000,"height":2000,"caption":"Revolution Padel Store"},"image":{"@id":"https:\/\/revolutionpadelstore.com\/de\/#\/schema\/logo\/image\/"},"sameAs":["https:\/\/www.instagram.com\/revolutionpadelstore\/"]}]}},"_links":{"self":[{"href":"https:\/\/revolutionpadelstore.com\/de\/wp-json\/wp\/v2\/product\/128975","targetHints":{"allow":["GET"]}}],"collection":[{"href":"https:\/\/revolutionpadelstore.com\/de\/wp-json\/wp\/v2\/product"}],"about":[{"href":"https:\/\/revolutionpadelstore.com\/de\/wp-json\/wp\/v2\/types\/product"}],"replies":[{"embeddable":true,"href":"https:\/\/revolutionpadelstore.com\/de\/wp-json\/wp\/v2\/comments?post=128975"}],"wp:featuredmedia":[{"embeddable":true,"href":"https:\/\/revolutionpadelstore.com\/de\/wp-json\/wp\/v2\/media\/115927"}],"wp:attachment":[{"href":"https:\/\/revolutionpadelstore.com\/de\/wp-json\/wp\/v2\/media?parent=128975"}],"wp:term":[{"taxonomy":"acabado","embeddable":true,"href":"https:\/\/revolutionpadelstore.com\/de\/wp-json\/wp\/v2\/acabado?post=128975"},{"taxonomy":"balance","embeddable":true,"href":"https:\/\/revolutionpadelstore.com\/de\/wp-json\/wp\/v2\/balance?post=128975"},{"taxonomy":"dureza","embeddable":true,"href":"https:\/\/revolutionpadelstore.com\/de\/wp-json\/wp\/v2\/dureza?post=128975"},{"taxonomy":"forma","embeddable":true,"href":"https:\/\/revolutionpadelstore.com\/de\/wp-json\/wp\/v2\/forma?post=128975"},{"taxonomy":"jugador","embeddable":true,"href":"https:\/\/revolutionpadelstore.com\/de\/wp-json\/wp\/v2\/jugador?post=128975"},{"taxonomy":"marca","embeddable":true,"href":"https:\/\/revolutionpadelstore.com\/de\/wp-json\/wp\/v2\/marca?post=128975"},{"taxonomy":"nivel-de-juego","embeddable":true,"href":"https:\/\/revolutionpadelstore.com\/de\/wp-json\/wp\/v2\/nivel-de-juego?post=128975"},{"taxonomy":"superficie","embeddable":true,"href":"https:\/\/revolutionpadelstore.com\/de\/wp-json\/wp\/v2\/superficie?post=128975"},{"taxonomy":"tipo-de-juego","embeddable":true,"href":"https:\/\/revolutionpadelstore.com\/de\/wp-json\/wp\/v2\/tipo-de-juego?post=128975"},{"taxonomy":"product_brand","embeddable":true,"href":"https:\/\/revolutionpadelstore.com\/de\/wp-json\/wp\/v2\/product_brand?post=128975"},{"taxonomy":"product_cat","embeddable":true,"href":"https:\/\/revolutionpadelstore.com\/de\/wp-json\/wp\/v2\/product_cat?post=128975"},{"taxonomy":"product_tag","embeddable":true,"href":"https:\/\/revolutionpadelstore.com\/de\/wp-json\/wp\/v2\/product_tag?post=128975"}],"curies":[{"name":"wp","href":"https:\/\/api.w.org\/{rel}","templated":true}]}}