{"id":128970,"date":"2024-11-21T08:29:41","date_gmt":"2024-11-21T07:29:41","guid":{"rendered":"https:\/\/revolutionpadelstore.com\/paletero-nox-at10-xxl-negro-rojo\/"},"modified":"2026-04-08T10:14:53","modified_gmt":"2026-04-08T08:14:53","slug":"paletero-nox-at10-xxl-negro-rojo-1","status":"publish","type":"product","link":"https:\/\/revolutionpadelstore.com\/de\/produkt\/paletero-nox-at10-xxl-negro-rojo-1\/","title":{"rendered":"PALETERO NOX AT10 XXL NEGRO ROJO"},"content":{"rendered":"<h2> Paletero Nox AT10 XXL, leistungsstarkes Design <\/ H2><br \/>\nMit der neuen <strong> AT10 XXL -Paletero von Nox <\/strong> werden Sie dank seines leistungsstarken Designs und der gro\u00dfartigen Speicherkapazit\u00e4t auf dem Weg zur Strecke abheben, mit der Sie alles tragen k\u00f6nnen, was Sie brauchen, um auf dem Spielfeld erfolgreich zu sein. Dieses Modell wurde speziell f\u00fcr den Player <strong> Agust\u00edn Tapia <\/strong> in Schwarz mit roten Details entwickelt.<\/p>\n<p>Mit Messungen von <strong> 70x30x45 cm <\/strong> und einer <strong> -Kapazit\u00e4t von 90 Litern <\/strong> k\u00f6nnen Sie Ihr gesamtes Team bequem und organisiert f\u00fcr jedes Spiel oder jedes Paddeltraining organisiert. Es hat einen <strong> Haupt -ergonomischen Griff <\/strong> und eine starre Basis, sodass es sichere und komfortable Transportmittel garantiert. Es erm\u00f6glicht die M\u00f6glichkeit, die Griffe f\u00fcr eine alternative Transportform zu entfernen.<\/p>\n<h2> gro\u00dfe Abmessungen <\/H2><br \/>\nAndererseits enth\u00e4lt dieser <strong> NOX -Paletero f\u00fcr M\u00e4nner <\/strong> ein breites Hauptfach mit einer lateralen \u00d6ffnung, die den schnellen und einfachen Zugang zum Innenraum erleichtert. Es hat die F\u00e4higkeit,  5 Paddle Blades <\/strong> und andere Elemente wie Kleidung oder Paddelzubeh\u00f6r zu \u00fcbernehmen.<\/p>\n<p>Dar\u00fcber hinaus enth\u00e4lt es ein <strong> thermischer Kompartiment <\/strong> mit <em> nox Thermotech -Technologie -Wasserflasche oder einem Vier -Ball -Boot. Auf der Seite finden wir einige Taschen f\u00fcr pers\u00f6nliche Objekte und ein Seitenfach mit L\u00fcftungssystem und einem schmutzigen Bekleidungsbeutel<\/p>\n<h2>Paletero Nox AT10 XXL, dise\u00f1o potente<\/h2>\n","protected":false},"excerpt":{"rendered":"<p>Paletero Nox AT10 XXL in Schwarz und Rot f\u00fcr M\u00e4nner, mit Kapazit\u00e4t von 5 Klingen in seinem Hauptfach und 3 Klingen in seinem thermischen Kompartiment mit Nox Thermotch.<\/p>\n","protected":false},"featured_media":124701,"comment_status":"open","ping_status":"closed","template":"","meta":{"_acf_changed":false,"_joinchat":[]},"acabado":[],"balance":[],"dureza":[],"forma":[],"jugador":[],"marca":[1259],"nivel-de-juego":[],"superficie":[],"tipo-de-juego":[],"product_brand":[],"product_cat":[314],"product_tag":[],"class_list":{"0":"post-128970","1":"product","2":"type-product","3":"status-publish","4":"has-post-thumbnail","6":"marca-nox-de","7":"product_cat-taschen","9":"first","10":"outofstock","11":"sale","12":"taxable","13":"shipping-taxable","14":"purchasable","15":"product-type-simple"},"acf":[],"yoast_head":"<!-- This site is optimized with the Yoast SEO plugin v27.4 - https:\/\/yoast.com\/product\/yoast-seo-wordpress\/ -->\n<title>PALETERO NOX AT10 XXL NEGRO ROJO - Revolution Padel Store<\/title>\n<meta name=\"description\" content=\"Con el nuevo paletero AT10 XXL de Nox destacar\u00e1s en tu camino a la pista gracias a su dise\u00f1o potente y gran capacidad de almacenaje, que te permitir\u00e1 llevar todo lo necesario para triunfar en el terreno de juego. Este modelo ha sido espec\u00edficamente dise\u00f1ado para el jugador Agust\u00edn Tapia en color negro con detalles en rojo.\" \/>\n<meta name=\"robots\" content=\"index, follow, max-snippet:-1, max-image-preview:large, max-video-preview:-1\" \/>\n<link rel=\"canonical\" href=\"https:\/\/revolutionpadelstore.com\/de\/produkt\/paletero-nox-at10-xxl-negro-rojo-1\/\" \/>\n<meta property=\"og:locale\" content=\"de_DE\" \/>\n<meta property=\"og:type\" content=\"article\" \/>\n<meta property=\"og:title\" content=\"PALETERO NOX AT10 XXL NEGRO ROJO - Revolution Padel Store\" \/>\n<meta property=\"og:description\" content=\"Con el nuevo paletero AT10 XXL de Nox destacar\u00e1s en tu camino a la pista gracias a su dise\u00f1o potente y gran capacidad de almacenaje, que te permitir\u00e1 llevar todo lo necesario para triunfar en el terreno de juego. Este modelo ha sido espec\u00edficamente dise\u00f1ado para el jugador Agust\u00edn Tapia en color negro con detalles en rojo.\" \/>\n<meta property=\"og:url\" content=\"https:\/\/revolutionpadelstore.com\/de\/produkt\/paletero-nox-at10-xxl-negro-rojo-1\/\" \/>\n<meta property=\"og:site_name\" content=\"Revolution Padel Store\" \/>\n<meta property=\"article:modified_time\" content=\"2026-04-08T08:14:53+00:00\" \/>\n<meta property=\"og:image\" content=\"https:\/\/revolutionpadelstore.com\/wp-content\/uploads\/2024\/11\/113156_paletero_nox_at10_xxl_bpat10xxl24_1500x1500_1_4665.webp\" \/>\n\t<meta property=\"og:image:width\" content=\"1500\" \/>\n\t<meta property=\"og:image:height\" content=\"1500\" \/>\n\t<meta property=\"og:image:type\" content=\"image\/webp\" \/>\n<meta name=\"twitter:card\" content=\"summary_large_image\" \/>\n<meta name=\"twitter:label1\" content=\"Gesch\u00e4tzte Lesezeit\" \/>\n\t<meta name=\"twitter:data1\" content=\"1\u00a0Minute\" \/>\n<script type=\"application\/ld+json\" class=\"yoast-schema-graph\">{\"@context\":\"https:\\\/\\\/schema.org\",\"@graph\":[{\"@type\":\"WebPage\",\"@id\":\"https:\\\/\\\/revolutionpadelstore.com\\\/de\\\/produkt\\\/paletero-nox-at10-xxl-negro-rojo-1\\\/\",\"url\":\"https:\\\/\\\/revolutionpadelstore.com\\\/de\\\/produkt\\\/paletero-nox-at10-xxl-negro-rojo-1\\\/\",\"name\":\"PALETERO NOX AT10 XXL NEGRO ROJO - Revolution Padel Store\",\"isPartOf\":{\"@id\":\"https:\\\/\\\/revolutionpadelstore.com\\\/de\\\/#website\"},\"primaryImageOfPage\":{\"@id\":\"https:\\\/\\\/revolutionpadelstore.com\\\/de\\\/produkt\\\/paletero-nox-at10-xxl-negro-rojo-1\\\/#primaryimage\"},\"image\":{\"@id\":\"https:\\\/\\\/revolutionpadelstore.com\\\/de\\\/produkt\\\/paletero-nox-at10-xxl-negro-rojo-1\\\/#primaryimage\"},\"thumbnailUrl\":\"https:\\\/\\\/revolutionpadelstore.com\\\/wp-content\\\/uploads\\\/2024\\\/11\\\/113156_paletero_nox_at10_xxl_bpat10xxl24_1500x1500_1_4665.webp\",\"datePublished\":\"2024-11-21T07:29:41+00:00\",\"dateModified\":\"2026-04-08T08:14:53+00:00\",\"description\":\"Con el nuevo paletero AT10 XXL de Nox destacar\u00e1s en tu camino a la pista gracias a su dise\u00f1o potente y gran capacidad de almacenaje, que te permitir\u00e1 llevar todo lo necesario para triunfar en el terreno de juego. Este modelo ha sido espec\u00edficamente dise\u00f1ado para el jugador Agust\u00edn Tapia en color negro con detalles en rojo.\",\"breadcrumb\":{\"@id\":\"https:\\\/\\\/revolutionpadelstore.com\\\/de\\\/produkt\\\/paletero-nox-at10-xxl-negro-rojo-1\\\/#breadcrumb\"},\"inLanguage\":\"de\",\"potentialAction\":[{\"@type\":\"ReadAction\",\"target\":[\"https:\\\/\\\/revolutionpadelstore.com\\\/de\\\/produkt\\\/paletero-nox-at10-xxl-negro-rojo-1\\\/\"]}]},{\"@type\":\"ImageObject\",\"inLanguage\":\"de\",\"@id\":\"https:\\\/\\\/revolutionpadelstore.com\\\/de\\\/produkt\\\/paletero-nox-at10-xxl-negro-rojo-1\\\/#primaryimage\",\"url\":\"https:\\\/\\\/revolutionpadelstore.com\\\/wp-content\\\/uploads\\\/2024\\\/11\\\/113156_paletero_nox_at10_xxl_bpat10xxl24_1500x1500_1_4665.webp\",\"contentUrl\":\"https:\\\/\\\/revolutionpadelstore.com\\\/wp-content\\\/uploads\\\/2024\\\/11\\\/113156_paletero_nox_at10_xxl_bpat10xxl24_1500x1500_1_4665.webp\",\"width\":1500,\"height\":1500},{\"@type\":\"BreadcrumbList\",\"@id\":\"https:\\\/\\\/revolutionpadelstore.com\\\/de\\\/produkt\\\/paletero-nox-at10-xxl-negro-rojo-1\\\/#breadcrumb\",\"itemListElement\":[{\"@type\":\"ListItem\",\"position\":1,\"name\":\"Portada\",\"item\":\"https:\\\/\\\/revolutionpadelstore.com\\\/de\\\/\"},{\"@type\":\"ListItem\",\"position\":2,\"name\":\"Shop\",\"item\":\"https:\\\/\\\/revolutionpadelstore.com\\\/de\\\/tienda\\\/\"},{\"@type\":\"ListItem\",\"position\":3,\"name\":\"PALETERO NOX AT10 XXL NEGRO ROJO\"}]},{\"@type\":\"WebSite\",\"@id\":\"https:\\\/\\\/revolutionpadelstore.com\\\/de\\\/#website\",\"url\":\"https:\\\/\\\/revolutionpadelstore.com\\\/de\\\/\",\"name\":\"Revolution Padel Store\",\"description\":\"\",\"publisher\":{\"@id\":\"https:\\\/\\\/revolutionpadelstore.com\\\/de\\\/#organization\"},\"potentialAction\":[{\"@type\":\"SearchAction\",\"target\":{\"@type\":\"EntryPoint\",\"urlTemplate\":\"https:\\\/\\\/revolutionpadelstore.com\\\/de\\\/?s={search_term_string}\"},\"query-input\":{\"@type\":\"PropertyValueSpecification\",\"valueRequired\":true,\"valueName\":\"search_term_string\"}}],\"inLanguage\":\"de\"},{\"@type\":\"Organization\",\"@id\":\"https:\\\/\\\/revolutionpadelstore.com\\\/de\\\/#organization\",\"name\":\"Revolution Padel Store\",\"url\":\"https:\\\/\\\/revolutionpadelstore.com\\\/de\\\/\",\"logo\":{\"@type\":\"ImageObject\",\"inLanguage\":\"de\",\"@id\":\"https:\\\/\\\/revolutionpadelstore.com\\\/de\\\/#\\\/schema\\\/logo\\\/image\\\/\",\"url\":\"https:\\\/\\\/revolutionpadelstore.com\\\/wp-content\\\/uploads\\\/2026\\\/02\\\/revolution-padel-store.jpg\",\"contentUrl\":\"https:\\\/\\\/revolutionpadelstore.com\\\/wp-content\\\/uploads\\\/2026\\\/02\\\/revolution-padel-store.jpg\",\"width\":2000,\"height\":2000,\"caption\":\"Revolution Padel Store\"},\"image\":{\"@id\":\"https:\\\/\\\/revolutionpadelstore.com\\\/de\\\/#\\\/schema\\\/logo\\\/image\\\/\"},\"sameAs\":[\"https:\\\/\\\/www.instagram.com\\\/revolutionpadelstore\\\/\"]}]}<\/script>\n<!-- \/ Yoast SEO plugin. -->","yoast_head_json":{"title":"PALETERO NOX AT10 XXL NEGRO ROJO - Revolution Padel Store","description":"Con el nuevo paletero AT10 XXL de Nox destacar\u00e1s en tu camino a la pista gracias a su dise\u00f1o potente y gran capacidad de almacenaje, que te permitir\u00e1 llevar todo lo necesario para triunfar en el terreno de juego. Este modelo ha sido espec\u00edficamente dise\u00f1ado para el jugador Agust\u00edn Tapia en color negro con detalles en rojo.","robots":{"index":"index","follow":"follow","max-snippet":"max-snippet:-1","max-image-preview":"max-image-preview:large","max-video-preview":"max-video-preview:-1"},"canonical":"https:\/\/revolutionpadelstore.com\/de\/produkt\/paletero-nox-at10-xxl-negro-rojo-1\/","og_locale":"de_DE","og_type":"article","og_title":"PALETERO NOX AT10 XXL NEGRO ROJO - Revolution Padel Store","og_description":"Con el nuevo paletero AT10 XXL de Nox destacar\u00e1s en tu camino a la pista gracias a su dise\u00f1o potente y gran capacidad de almacenaje, que te permitir\u00e1 llevar todo lo necesario para triunfar en el terreno de juego. Este modelo ha sido espec\u00edficamente dise\u00f1ado para el jugador Agust\u00edn Tapia en color negro con detalles en rojo.","og_url":"https:\/\/revolutionpadelstore.com\/de\/produkt\/paletero-nox-at10-xxl-negro-rojo-1\/","og_site_name":"Revolution Padel Store","article_modified_time":"2026-04-08T08:14:53+00:00","og_image":[{"width":1500,"height":1500,"url":"https:\/\/revolutionpadelstore.com\/wp-content\/uploads\/2024\/11\/113156_paletero_nox_at10_xxl_bpat10xxl24_1500x1500_1_4665.webp","type":"image\/webp"}],"twitter_card":"summary_large_image","twitter_misc":{"Gesch\u00e4tzte Lesezeit":"1\u00a0Minute"},"schema":{"@context":"https:\/\/schema.org","@graph":[{"@type":"WebPage","@id":"https:\/\/revolutionpadelstore.com\/de\/produkt\/paletero-nox-at10-xxl-negro-rojo-1\/","url":"https:\/\/revolutionpadelstore.com\/de\/produkt\/paletero-nox-at10-xxl-negro-rojo-1\/","name":"PALETERO NOX AT10 XXL NEGRO ROJO - Revolution Padel Store","isPartOf":{"@id":"https:\/\/revolutionpadelstore.com\/de\/#website"},"primaryImageOfPage":{"@id":"https:\/\/revolutionpadelstore.com\/de\/produkt\/paletero-nox-at10-xxl-negro-rojo-1\/#primaryimage"},"image":{"@id":"https:\/\/revolutionpadelstore.com\/de\/produkt\/paletero-nox-at10-xxl-negro-rojo-1\/#primaryimage"},"thumbnailUrl":"https:\/\/revolutionpadelstore.com\/wp-content\/uploads\/2024\/11\/113156_paletero_nox_at10_xxl_bpat10xxl24_1500x1500_1_4665.webp","datePublished":"2024-11-21T07:29:41+00:00","dateModified":"2026-04-08T08:14:53+00:00","description":"Con el nuevo paletero AT10 XXL de Nox destacar\u00e1s en tu camino a la pista gracias a su dise\u00f1o potente y gran capacidad de almacenaje, que te permitir\u00e1 llevar todo lo necesario para triunfar en el terreno de juego. Este modelo ha sido espec\u00edficamente dise\u00f1ado para el jugador Agust\u00edn Tapia en color negro con detalles en rojo.","breadcrumb":{"@id":"https:\/\/revolutionpadelstore.com\/de\/produkt\/paletero-nox-at10-xxl-negro-rojo-1\/#breadcrumb"},"inLanguage":"de","potentialAction":[{"@type":"ReadAction","target":["https:\/\/revolutionpadelstore.com\/de\/produkt\/paletero-nox-at10-xxl-negro-rojo-1\/"]}]},{"@type":"ImageObject","inLanguage":"de","@id":"https:\/\/revolutionpadelstore.com\/de\/produkt\/paletero-nox-at10-xxl-negro-rojo-1\/#primaryimage","url":"https:\/\/revolutionpadelstore.com\/wp-content\/uploads\/2024\/11\/113156_paletero_nox_at10_xxl_bpat10xxl24_1500x1500_1_4665.webp","contentUrl":"https:\/\/revolutionpadelstore.com\/wp-content\/uploads\/2024\/11\/113156_paletero_nox_at10_xxl_bpat10xxl24_1500x1500_1_4665.webp","width":1500,"height":1500},{"@type":"BreadcrumbList","@id":"https:\/\/revolutionpadelstore.com\/de\/produkt\/paletero-nox-at10-xxl-negro-rojo-1\/#breadcrumb","itemListElement":[{"@type":"ListItem","position":1,"name":"Portada","item":"https:\/\/revolutionpadelstore.com\/de\/"},{"@type":"ListItem","position":2,"name":"Shop","item":"https:\/\/revolutionpadelstore.com\/de\/tienda\/"},{"@type":"ListItem","position":3,"name":"PALETERO NOX AT10 XXL NEGRO ROJO"}]},{"@type":"WebSite","@id":"https:\/\/revolutionpadelstore.com\/de\/#website","url":"https:\/\/revolutionpadelstore.com\/de\/","name":"Revolution Padel Store","description":"","publisher":{"@id":"https:\/\/revolutionpadelstore.com\/de\/#organization"},"potentialAction":[{"@type":"SearchAction","target":{"@type":"EntryPoint","urlTemplate":"https:\/\/revolutionpadelstore.com\/de\/?s={search_term_string}"},"query-input":{"@type":"PropertyValueSpecification","valueRequired":true,"valueName":"search_term_string"}}],"inLanguage":"de"},{"@type":"Organization","@id":"https:\/\/revolutionpadelstore.com\/de\/#organization","name":"Revolution Padel Store","url":"https:\/\/revolutionpadelstore.com\/de\/","logo":{"@type":"ImageObject","inLanguage":"de","@id":"https:\/\/revolutionpadelstore.com\/de\/#\/schema\/logo\/image\/","url":"https:\/\/revolutionpadelstore.com\/wp-content\/uploads\/2026\/02\/revolution-padel-store.jpg","contentUrl":"https:\/\/revolutionpadelstore.com\/wp-content\/uploads\/2026\/02\/revolution-padel-store.jpg","width":2000,"height":2000,"caption":"Revolution Padel Store"},"image":{"@id":"https:\/\/revolutionpadelstore.com\/de\/#\/schema\/logo\/image\/"},"sameAs":["https:\/\/www.instagram.com\/revolutionpadelstore\/"]}]}},"_links":{"self":[{"href":"https:\/\/revolutionpadelstore.com\/de\/wp-json\/wp\/v2\/product\/128970","targetHints":{"allow":["GET"]}}],"collection":[{"href":"https:\/\/revolutionpadelstore.com\/de\/wp-json\/wp\/v2\/product"}],"about":[{"href":"https:\/\/revolutionpadelstore.com\/de\/wp-json\/wp\/v2\/types\/product"}],"replies":[{"embeddable":true,"href":"https:\/\/revolutionpadelstore.com\/de\/wp-json\/wp\/v2\/comments?post=128970"}],"wp:featuredmedia":[{"embeddable":true,"href":"https:\/\/revolutionpadelstore.com\/de\/wp-json\/wp\/v2\/media\/124701"}],"wp:attachment":[{"href":"https:\/\/revolutionpadelstore.com\/de\/wp-json\/wp\/v2\/media?parent=128970"}],"wp:term":[{"taxonomy":"acabado","embeddable":true,"href":"https:\/\/revolutionpadelstore.com\/de\/wp-json\/wp\/v2\/acabado?post=128970"},{"taxonomy":"balance","embeddable":true,"href":"https:\/\/revolutionpadelstore.com\/de\/wp-json\/wp\/v2\/balance?post=128970"},{"taxonomy":"dureza","embeddable":true,"href":"https:\/\/revolutionpadelstore.com\/de\/wp-json\/wp\/v2\/dureza?post=128970"},{"taxonomy":"forma","embeddable":true,"href":"https:\/\/revolutionpadelstore.com\/de\/wp-json\/wp\/v2\/forma?post=128970"},{"taxonomy":"jugador","embeddable":true,"href":"https:\/\/revolutionpadelstore.com\/de\/wp-json\/wp\/v2\/jugador?post=128970"},{"taxonomy":"marca","embeddable":true,"href":"https:\/\/revolutionpadelstore.com\/de\/wp-json\/wp\/v2\/marca?post=128970"},{"taxonomy":"nivel-de-juego","embeddable":true,"href":"https:\/\/revolutionpadelstore.com\/de\/wp-json\/wp\/v2\/nivel-de-juego?post=128970"},{"taxonomy":"superficie","embeddable":true,"href":"https:\/\/revolutionpadelstore.com\/de\/wp-json\/wp\/v2\/superficie?post=128970"},{"taxonomy":"tipo-de-juego","embeddable":true,"href":"https:\/\/revolutionpadelstore.com\/de\/wp-json\/wp\/v2\/tipo-de-juego?post=128970"},{"taxonomy":"product_brand","embeddable":true,"href":"https:\/\/revolutionpadelstore.com\/de\/wp-json\/wp\/v2\/product_brand?post=128970"},{"taxonomy":"product_cat","embeddable":true,"href":"https:\/\/revolutionpadelstore.com\/de\/wp-json\/wp\/v2\/product_cat?post=128970"},{"taxonomy":"product_tag","embeddable":true,"href":"https:\/\/revolutionpadelstore.com\/de\/wp-json\/wp\/v2\/product_tag?post=128970"}],"curies":[{"name":"wp","href":"https:\/\/api.w.org\/{rel}","templated":true}]}}