{"id":128448,"date":"2024-11-25T01:30:23","date_gmt":"2024-11-25T00:30:23","guid":{"rendered":"https:\/\/revolutionpadelstore.com\/mochila-bullpadel-bpm25007-vertex-beige-2\/"},"modified":"2026-04-08T10:08:34","modified_gmt":"2026-04-08T08:08:34","slug":"mochila-bullpadel-bpm25007-vertex-beige-1","status":"publish","type":"product","link":"https:\/\/revolutionpadelstore.com\/de\/produkt\/mochila-bullpadel-bpm25007-vertex-beige-1\/","title":{"rendered":"MOCHILA BULLPADEL BPM25007 VERTEX BEIGE"},"content":{"rendered":"<div class=\"Produktinformationen detailliert\">\n<div class=\"Produktdatenelemente mage-tabs-deaktiviert\">\n<div id=\"product.info.escription.tab\" class=\"data item content\">\n<div class=\"Produktattribut Beschreibung\">\n<div class=\"value\">\n<h2> Bullpadel Backpack Vertex BPM25007 Beige <\/ H2><br \/>\nDer bullpadel vertex beige rucksack <\/strong> ist so konzipiert, dass Sie in jeder Party oder im Training begleitet werden und Ihnen vollst\u00e4ndigen Komfort und modernen Stil bieten. Dieses Modell umfasst ein breites Hauptfach, in dem Sie Ihre Paddelger\u00e4te und andere wesentliche Zubeh\u00f6r speichern k\u00f6nnen. Dar\u00fcber hinaus sch\u00fctzt sein <strong> Thermo -verst\u00e4rktes <\/strong> Kompartiment bis zu zwei Klingen vor extremen Temperaturen und garantiert eine optimale Leistung.<\/p>\n<p>F\u00fcr diejenigen, die eine Organisation suchen, bietet dieser <strong> Bullpadel -Rucksack <\/strong> einen bel\u00fcfteten Raum f\u00fcr Kleidung und Schuhe und h\u00e4lt Ihre gesamte Ausr\u00fcstung sauber, ordentlich und frei von schlechten Ger\u00fcchen. Dar\u00fcber hinaus verf\u00fcgt es \u00fcber eine gepolsterte Tasche, mit der tragbare Tabletten oder andere elektronische Elemente transportiert werden k\u00f6nnen. Daher ist es ideal f\u00fcr diejenigen, die sowohl in Tag f\u00fcr Tag als auch Sport ideal Leistung suchen.<\/p>\n<h3> Ergonomischer und komfortabler Transport <\/ h3><br \/>\nDer R\u00fccken mit ergonomischem Design umfasst Schaumstoffst\u00fccke, die maximale Bel\u00fcftung und au\u00dfergew\u00f6hnlichen Komfort w\u00e4hrend des Transports bieten. Ihr <strong> verstellbares Gurt <\/strong> in der Brust stellt sicher, dass der Rucksack w\u00e4hrend der Bewegung stabil bleibt und eine <strong> feste Anpassung <\/strong> dem K\u00f6rper bietet.<\/p>\n<p>Es enth\u00e4lt auch eine Tasche an der Seite, die ein Ballboot oder eine Flasche Wasser tragen soll, damit Sie immer das Wesentliche haben. Mit seinem technischen und praktischen Design bullt der <strong> Bullpadel <\/strong> <\/strong> eine Kombination zwischen Leistung und Organisation in seiner t\u00e4glichen.<\/p>\n<p><\/ div><br \/>\n<\/ div><br \/>\n<\/ div><br \/>\n<\/ div><br \/>\n<\/ div><\/p>\n<div class=\"cn_content cn_content_type_inline id-3cafe87b-c408-4a41-a07b-5ce73610c176\">\n<div class=\"cn_section id-3E602945-ad00-4Fe4-8997-4A35B19FCE1D\">\n<div class=\"cn_block id-acb030be-85b3-48ec-be0b-1858af56e3e3\">\n<div class=\"cn_cell id-d207f408-5e76-4c36-937d-1faa7859db7e\">\n<div class=\"cn_element cn_html id-EAF6066-CFE3-49A1-860a-053DE7FADB29\">\n<\/ div><br \/>\n<\/ div><br \/>\n<\/ div><br \/>\n<\/ div><\/p>\n","protected":false},"excerpt":{"rendered":"<p>Mit dem Bullpadel BPM 25007 Beige -Rucksack k\u00f6nnen Sie dank seiner gro\u00dfartigen Lagerung und der einfachen und komfortablen Transportkapazit\u00e4t alles tragen, was Sie brauchen.<\/p>\n","protected":false},"featured_media":124751,"comment_status":"open","ping_status":"closed","template":"","meta":{"_acf_changed":false,"_joinchat":[]},"acabado":[],"balance":[],"dureza":[],"forma":[],"jugador":[],"marca":[1254],"nivel-de-juego":[],"superficie":[],"tipo-de-juego":[],"product_brand":[],"product_cat":[314],"product_tag":[],"class_list":{"0":"post-128448","1":"product","2":"type-product","3":"status-publish","4":"has-post-thumbnail","6":"marca-bullpadel-de","7":"product_cat-taschen","9":"first","10":"outofstock","11":"sale","12":"taxable","13":"shipping-taxable","14":"purchasable","15":"product-type-simple"},"acf":[],"yoast_head":"<!-- This site is optimized with the Yoast SEO plugin v27.4 - https:\/\/yoast.com\/product\/yoast-seo-wordpress\/ -->\n<title>MOCHILA BULLPADEL BPM25007 VERTEX BEIGE - Revolution Padel Store<\/title>\n<meta name=\"description\" content=\"La mochila Bullpadel Vertex Beige est\u00e1 pensada para acompa\u00f1arte en cada partido o entrenamiento y brindarte total comodidad y estilo moderno. Este modelo incluye un amplio compartimento principal donde puedes guardar tu equipo de p\u00e1del y otros accesorios esenciales. Adem\u00e1s, su compartimento thermo reforzado protege hasta dos palas de las temperaturas extremas, garantizando un \u00f3ptimo rendimiento.\" \/>\n<meta name=\"robots\" content=\"index, follow, max-snippet:-1, max-image-preview:large, max-video-preview:-1\" \/>\n<link rel=\"canonical\" href=\"https:\/\/revolutionpadelstore.com\/de\/produkt\/mochila-bullpadel-bpm25007-vertex-beige-1\/\" \/>\n<meta property=\"og:locale\" content=\"de_DE\" \/>\n<meta property=\"og:type\" content=\"article\" \/>\n<meta property=\"og:title\" content=\"MOCHILA BULLPADEL BPM25007 VERTEX BEIGE - Revolution Padel Store\" \/>\n<meta property=\"og:description\" content=\"La mochila Bullpadel Vertex Beige est\u00e1 pensada para acompa\u00f1arte en cada partido o entrenamiento y brindarte total comodidad y estilo moderno. Este modelo incluye un amplio compartimento principal donde puedes guardar tu equipo de p\u00e1del y otros accesorios esenciales. Adem\u00e1s, su compartimento thermo reforzado protege hasta dos palas de las temperaturas extremas, garantizando un \u00f3ptimo rendimiento.\" \/>\n<meta property=\"og:url\" content=\"https:\/\/revolutionpadelstore.com\/de\/produkt\/mochila-bullpadel-bpm25007-vertex-beige-1\/\" \/>\n<meta property=\"og:site_name\" content=\"Revolution Padel Store\" \/>\n<meta property=\"article:modified_time\" content=\"2026-04-08T08:08:34+00:00\" \/>\n<meta property=\"og:image\" content=\"https:\/\/revolutionpadelstore.com\/wp-content\/uploads\/2024\/11\/113788-mochila-bullpadel-bpm25007-vertex-448166-1500x1500-1.webp\" \/>\n\t<meta property=\"og:image:width\" content=\"1500\" \/>\n\t<meta property=\"og:image:height\" content=\"1500\" \/>\n\t<meta property=\"og:image:type\" content=\"image\/webp\" \/>\n<meta name=\"twitter:card\" content=\"summary_large_image\" \/>\n<meta name=\"twitter:label1\" content=\"Gesch\u00e4tzte Lesezeit\" \/>\n\t<meta name=\"twitter:data1\" content=\"2\u00a0Minuten\" \/>\n<script type=\"application\/ld+json\" class=\"yoast-schema-graph\">{\"@context\":\"https:\\\/\\\/schema.org\",\"@graph\":[{\"@type\":\"WebPage\",\"@id\":\"https:\\\/\\\/revolutionpadelstore.com\\\/de\\\/produkt\\\/mochila-bullpadel-bpm25007-vertex-beige-1\\\/\",\"url\":\"https:\\\/\\\/revolutionpadelstore.com\\\/de\\\/produkt\\\/mochila-bullpadel-bpm25007-vertex-beige-1\\\/\",\"name\":\"MOCHILA BULLPADEL BPM25007 VERTEX BEIGE - Revolution Padel Store\",\"isPartOf\":{\"@id\":\"https:\\\/\\\/revolutionpadelstore.com\\\/de\\\/#website\"},\"primaryImageOfPage\":{\"@id\":\"https:\\\/\\\/revolutionpadelstore.com\\\/de\\\/produkt\\\/mochila-bullpadel-bpm25007-vertex-beige-1\\\/#primaryimage\"},\"image\":{\"@id\":\"https:\\\/\\\/revolutionpadelstore.com\\\/de\\\/produkt\\\/mochila-bullpadel-bpm25007-vertex-beige-1\\\/#primaryimage\"},\"thumbnailUrl\":\"https:\\\/\\\/revolutionpadelstore.com\\\/wp-content\\\/uploads\\\/2024\\\/11\\\/113788-mochila-bullpadel-bpm25007-vertex-448166-1500x1500-1.webp\",\"datePublished\":\"2024-11-25T00:30:23+00:00\",\"dateModified\":\"2026-04-08T08:08:34+00:00\",\"description\":\"La mochila Bullpadel Vertex Beige est\u00e1 pensada para acompa\u00f1arte en cada partido o entrenamiento y brindarte total comodidad y estilo moderno. Este modelo incluye un amplio compartimento principal donde puedes guardar tu equipo de p\u00e1del y otros accesorios esenciales. Adem\u00e1s, su compartimento thermo reforzado protege hasta dos palas de las temperaturas extremas, garantizando un \u00f3ptimo rendimiento.\",\"breadcrumb\":{\"@id\":\"https:\\\/\\\/revolutionpadelstore.com\\\/de\\\/produkt\\\/mochila-bullpadel-bpm25007-vertex-beige-1\\\/#breadcrumb\"},\"inLanguage\":\"de\",\"potentialAction\":[{\"@type\":\"ReadAction\",\"target\":[\"https:\\\/\\\/revolutionpadelstore.com\\\/de\\\/produkt\\\/mochila-bullpadel-bpm25007-vertex-beige-1\\\/\"]}]},{\"@type\":\"ImageObject\",\"inLanguage\":\"de\",\"@id\":\"https:\\\/\\\/revolutionpadelstore.com\\\/de\\\/produkt\\\/mochila-bullpadel-bpm25007-vertex-beige-1\\\/#primaryimage\",\"url\":\"https:\\\/\\\/revolutionpadelstore.com\\\/wp-content\\\/uploads\\\/2024\\\/11\\\/113788-mochila-bullpadel-bpm25007-vertex-448166-1500x1500-1.webp\",\"contentUrl\":\"https:\\\/\\\/revolutionpadelstore.com\\\/wp-content\\\/uploads\\\/2024\\\/11\\\/113788-mochila-bullpadel-bpm25007-vertex-448166-1500x1500-1.webp\",\"width\":1500,\"height\":1500},{\"@type\":\"BreadcrumbList\",\"@id\":\"https:\\\/\\\/revolutionpadelstore.com\\\/de\\\/produkt\\\/mochila-bullpadel-bpm25007-vertex-beige-1\\\/#breadcrumb\",\"itemListElement\":[{\"@type\":\"ListItem\",\"position\":1,\"name\":\"Portada\",\"item\":\"https:\\\/\\\/revolutionpadelstore.com\\\/de\\\/\"},{\"@type\":\"ListItem\",\"position\":2,\"name\":\"Shop\",\"item\":\"https:\\\/\\\/revolutionpadelstore.com\\\/de\\\/tienda\\\/\"},{\"@type\":\"ListItem\",\"position\":3,\"name\":\"MOCHILA BULLPADEL BPM25007 VERTEX BEIGE\"}]},{\"@type\":\"WebSite\",\"@id\":\"https:\\\/\\\/revolutionpadelstore.com\\\/de\\\/#website\",\"url\":\"https:\\\/\\\/revolutionpadelstore.com\\\/de\\\/\",\"name\":\"Revolution Padel Store\",\"description\":\"\",\"publisher\":{\"@id\":\"https:\\\/\\\/revolutionpadelstore.com\\\/de\\\/#organization\"},\"potentialAction\":[{\"@type\":\"SearchAction\",\"target\":{\"@type\":\"EntryPoint\",\"urlTemplate\":\"https:\\\/\\\/revolutionpadelstore.com\\\/de\\\/?s={search_term_string}\"},\"query-input\":{\"@type\":\"PropertyValueSpecification\",\"valueRequired\":true,\"valueName\":\"search_term_string\"}}],\"inLanguage\":\"de\"},{\"@type\":\"Organization\",\"@id\":\"https:\\\/\\\/revolutionpadelstore.com\\\/de\\\/#organization\",\"name\":\"Revolution Padel Store\",\"url\":\"https:\\\/\\\/revolutionpadelstore.com\\\/de\\\/\",\"logo\":{\"@type\":\"ImageObject\",\"inLanguage\":\"de\",\"@id\":\"https:\\\/\\\/revolutionpadelstore.com\\\/de\\\/#\\\/schema\\\/logo\\\/image\\\/\",\"url\":\"https:\\\/\\\/revolutionpadelstore.com\\\/wp-content\\\/uploads\\\/2026\\\/02\\\/revolution-padel-store.jpg\",\"contentUrl\":\"https:\\\/\\\/revolutionpadelstore.com\\\/wp-content\\\/uploads\\\/2026\\\/02\\\/revolution-padel-store.jpg\",\"width\":2000,\"height\":2000,\"caption\":\"Revolution Padel Store\"},\"image\":{\"@id\":\"https:\\\/\\\/revolutionpadelstore.com\\\/de\\\/#\\\/schema\\\/logo\\\/image\\\/\"},\"sameAs\":[\"https:\\\/\\\/www.instagram.com\\\/revolutionpadelstore\\\/\"]}]}<\/script>\n<!-- \/ Yoast SEO plugin. -->","yoast_head_json":{"title":"MOCHILA BULLPADEL BPM25007 VERTEX BEIGE - Revolution Padel Store","description":"La mochila Bullpadel Vertex Beige est\u00e1 pensada para acompa\u00f1arte en cada partido o entrenamiento y brindarte total comodidad y estilo moderno. Este modelo incluye un amplio compartimento principal donde puedes guardar tu equipo de p\u00e1del y otros accesorios esenciales. Adem\u00e1s, su compartimento thermo reforzado protege hasta dos palas de las temperaturas extremas, garantizando un \u00f3ptimo rendimiento.","robots":{"index":"index","follow":"follow","max-snippet":"max-snippet:-1","max-image-preview":"max-image-preview:large","max-video-preview":"max-video-preview:-1"},"canonical":"https:\/\/revolutionpadelstore.com\/de\/produkt\/mochila-bullpadel-bpm25007-vertex-beige-1\/","og_locale":"de_DE","og_type":"article","og_title":"MOCHILA BULLPADEL BPM25007 VERTEX BEIGE - Revolution Padel Store","og_description":"La mochila Bullpadel Vertex Beige est\u00e1 pensada para acompa\u00f1arte en cada partido o entrenamiento y brindarte total comodidad y estilo moderno. Este modelo incluye un amplio compartimento principal donde puedes guardar tu equipo de p\u00e1del y otros accesorios esenciales. Adem\u00e1s, su compartimento thermo reforzado protege hasta dos palas de las temperaturas extremas, garantizando un \u00f3ptimo rendimiento.","og_url":"https:\/\/revolutionpadelstore.com\/de\/produkt\/mochila-bullpadel-bpm25007-vertex-beige-1\/","og_site_name":"Revolution Padel Store","article_modified_time":"2026-04-08T08:08:34+00:00","og_image":[{"width":1500,"height":1500,"url":"https:\/\/revolutionpadelstore.com\/wp-content\/uploads\/2024\/11\/113788-mochila-bullpadel-bpm25007-vertex-448166-1500x1500-1.webp","type":"image\/webp"}],"twitter_card":"summary_large_image","twitter_misc":{"Gesch\u00e4tzte Lesezeit":"2\u00a0Minuten"},"schema":{"@context":"https:\/\/schema.org","@graph":[{"@type":"WebPage","@id":"https:\/\/revolutionpadelstore.com\/de\/produkt\/mochila-bullpadel-bpm25007-vertex-beige-1\/","url":"https:\/\/revolutionpadelstore.com\/de\/produkt\/mochila-bullpadel-bpm25007-vertex-beige-1\/","name":"MOCHILA BULLPADEL BPM25007 VERTEX BEIGE - Revolution Padel Store","isPartOf":{"@id":"https:\/\/revolutionpadelstore.com\/de\/#website"},"primaryImageOfPage":{"@id":"https:\/\/revolutionpadelstore.com\/de\/produkt\/mochila-bullpadel-bpm25007-vertex-beige-1\/#primaryimage"},"image":{"@id":"https:\/\/revolutionpadelstore.com\/de\/produkt\/mochila-bullpadel-bpm25007-vertex-beige-1\/#primaryimage"},"thumbnailUrl":"https:\/\/revolutionpadelstore.com\/wp-content\/uploads\/2024\/11\/113788-mochila-bullpadel-bpm25007-vertex-448166-1500x1500-1.webp","datePublished":"2024-11-25T00:30:23+00:00","dateModified":"2026-04-08T08:08:34+00:00","description":"La mochila Bullpadel Vertex Beige est\u00e1 pensada para acompa\u00f1arte en cada partido o entrenamiento y brindarte total comodidad y estilo moderno. Este modelo incluye un amplio compartimento principal donde puedes guardar tu equipo de p\u00e1del y otros accesorios esenciales. Adem\u00e1s, su compartimento thermo reforzado protege hasta dos palas de las temperaturas extremas, garantizando un \u00f3ptimo rendimiento.","breadcrumb":{"@id":"https:\/\/revolutionpadelstore.com\/de\/produkt\/mochila-bullpadel-bpm25007-vertex-beige-1\/#breadcrumb"},"inLanguage":"de","potentialAction":[{"@type":"ReadAction","target":["https:\/\/revolutionpadelstore.com\/de\/produkt\/mochila-bullpadel-bpm25007-vertex-beige-1\/"]}]},{"@type":"ImageObject","inLanguage":"de","@id":"https:\/\/revolutionpadelstore.com\/de\/produkt\/mochila-bullpadel-bpm25007-vertex-beige-1\/#primaryimage","url":"https:\/\/revolutionpadelstore.com\/wp-content\/uploads\/2024\/11\/113788-mochila-bullpadel-bpm25007-vertex-448166-1500x1500-1.webp","contentUrl":"https:\/\/revolutionpadelstore.com\/wp-content\/uploads\/2024\/11\/113788-mochila-bullpadel-bpm25007-vertex-448166-1500x1500-1.webp","width":1500,"height":1500},{"@type":"BreadcrumbList","@id":"https:\/\/revolutionpadelstore.com\/de\/produkt\/mochila-bullpadel-bpm25007-vertex-beige-1\/#breadcrumb","itemListElement":[{"@type":"ListItem","position":1,"name":"Portada","item":"https:\/\/revolutionpadelstore.com\/de\/"},{"@type":"ListItem","position":2,"name":"Shop","item":"https:\/\/revolutionpadelstore.com\/de\/tienda\/"},{"@type":"ListItem","position":3,"name":"MOCHILA BULLPADEL BPM25007 VERTEX BEIGE"}]},{"@type":"WebSite","@id":"https:\/\/revolutionpadelstore.com\/de\/#website","url":"https:\/\/revolutionpadelstore.com\/de\/","name":"Revolution Padel Store","description":"","publisher":{"@id":"https:\/\/revolutionpadelstore.com\/de\/#organization"},"potentialAction":[{"@type":"SearchAction","target":{"@type":"EntryPoint","urlTemplate":"https:\/\/revolutionpadelstore.com\/de\/?s={search_term_string}"},"query-input":{"@type":"PropertyValueSpecification","valueRequired":true,"valueName":"search_term_string"}}],"inLanguage":"de"},{"@type":"Organization","@id":"https:\/\/revolutionpadelstore.com\/de\/#organization","name":"Revolution Padel Store","url":"https:\/\/revolutionpadelstore.com\/de\/","logo":{"@type":"ImageObject","inLanguage":"de","@id":"https:\/\/revolutionpadelstore.com\/de\/#\/schema\/logo\/image\/","url":"https:\/\/revolutionpadelstore.com\/wp-content\/uploads\/2026\/02\/revolution-padel-store.jpg","contentUrl":"https:\/\/revolutionpadelstore.com\/wp-content\/uploads\/2026\/02\/revolution-padel-store.jpg","width":2000,"height":2000,"caption":"Revolution Padel Store"},"image":{"@id":"https:\/\/revolutionpadelstore.com\/de\/#\/schema\/logo\/image\/"},"sameAs":["https:\/\/www.instagram.com\/revolutionpadelstore\/"]}]}},"_links":{"self":[{"href":"https:\/\/revolutionpadelstore.com\/de\/wp-json\/wp\/v2\/product\/128448","targetHints":{"allow":["GET"]}}],"collection":[{"href":"https:\/\/revolutionpadelstore.com\/de\/wp-json\/wp\/v2\/product"}],"about":[{"href":"https:\/\/revolutionpadelstore.com\/de\/wp-json\/wp\/v2\/types\/product"}],"replies":[{"embeddable":true,"href":"https:\/\/revolutionpadelstore.com\/de\/wp-json\/wp\/v2\/comments?post=128448"}],"wp:featuredmedia":[{"embeddable":true,"href":"https:\/\/revolutionpadelstore.com\/de\/wp-json\/wp\/v2\/media\/124751"}],"wp:attachment":[{"href":"https:\/\/revolutionpadelstore.com\/de\/wp-json\/wp\/v2\/media?parent=128448"}],"wp:term":[{"taxonomy":"acabado","embeddable":true,"href":"https:\/\/revolutionpadelstore.com\/de\/wp-json\/wp\/v2\/acabado?post=128448"},{"taxonomy":"balance","embeddable":true,"href":"https:\/\/revolutionpadelstore.com\/de\/wp-json\/wp\/v2\/balance?post=128448"},{"taxonomy":"dureza","embeddable":true,"href":"https:\/\/revolutionpadelstore.com\/de\/wp-json\/wp\/v2\/dureza?post=128448"},{"taxonomy":"forma","embeddable":true,"href":"https:\/\/revolutionpadelstore.com\/de\/wp-json\/wp\/v2\/forma?post=128448"},{"taxonomy":"jugador","embeddable":true,"href":"https:\/\/revolutionpadelstore.com\/de\/wp-json\/wp\/v2\/jugador?post=128448"},{"taxonomy":"marca","embeddable":true,"href":"https:\/\/revolutionpadelstore.com\/de\/wp-json\/wp\/v2\/marca?post=128448"},{"taxonomy":"nivel-de-juego","embeddable":true,"href":"https:\/\/revolutionpadelstore.com\/de\/wp-json\/wp\/v2\/nivel-de-juego?post=128448"},{"taxonomy":"superficie","embeddable":true,"href":"https:\/\/revolutionpadelstore.com\/de\/wp-json\/wp\/v2\/superficie?post=128448"},{"taxonomy":"tipo-de-juego","embeddable":true,"href":"https:\/\/revolutionpadelstore.com\/de\/wp-json\/wp\/v2\/tipo-de-juego?post=128448"},{"taxonomy":"product_brand","embeddable":true,"href":"https:\/\/revolutionpadelstore.com\/de\/wp-json\/wp\/v2\/product_brand?post=128448"},{"taxonomy":"product_cat","embeddable":true,"href":"https:\/\/revolutionpadelstore.com\/de\/wp-json\/wp\/v2\/product_cat?post=128448"},{"taxonomy":"product_tag","embeddable":true,"href":"https:\/\/revolutionpadelstore.com\/de\/wp-json\/wp\/v2\/product_tag?post=128448"}],"curies":[{"name":"wp","href":"https:\/\/api.w.org\/{rel}","templated":true}]}}