{"id":128442,"date":"2024-11-21T10:17:02","date_gmt":"2024-11-21T09:17:02","guid":{"rendered":"https:\/\/revolutionpadelstore.com\/mochila-bullpadel-bpm25007-vertex-negro\/"},"modified":"2026-04-01T06:55:38","modified_gmt":"2026-04-01T04:55:38","slug":"mochila-bullpadel-bpm25007-vertex-005-negro-1","status":"publish","type":"product","link":"https:\/\/revolutionpadelstore.com\/de\/produkt\/mochila-bullpadel-bpm25007-vertex-005-negro-1\/","title":{"rendered":"MOCHILA BULLPADEL BPM25007 VERTEX 005 NEGRO"},"content":{"rendered":"<h2> Bullpadel BPM25007 Schwarzer Rucksack <\/ H2><br \/>\nDer technische Rucksack von Bullpadel Vertex in Black wurde entwickelt, um die Anforderungen der fortschrittlichsten Spieler zu erf\u00fcllen und eine Kombination aus Funktionalit\u00e4t, Haltbarkeit und innovativem Design zu bieten. Die Hauptkapazit\u00e4t einer gro\u00dfen Kapazit\u00e4t erm\u00f6glicht das Transport von allem, was f\u00fcr Ihr Training oder Ihre \u00dcbereinstimmungen erforderlich ist, w\u00e4hrend sein verst\u00e4rktes Thermo -Kompartiment bis zu zwei Paddelbl\u00e4tter sparen und sch\u00fctzen soll, wodurch sie vor Temperatur\u00e4nderungen gesch\u00fctzt werden.<\/p>\n<h3> <strong> Effiziente Organisation <\/ strong> <\/ h3><br \/>\nF\u00fcr eine bessere Organisation umfasst es einen separaten Raum mit einem Bel\u00fcftungssystem f\u00fcr Schuhe, das die Anh\u00e4ufung von schlechten Ger\u00fcchen verhindert. Dar\u00fcber hinaus verf\u00fcgt es \u00fcber eine gepolsterte Tasche, die die Sicherheit und den Schutz elektronischer Ger\u00e4te wie Tabletten oder Laptops garantiert.<\/p>\n<p>Mit einem ergonomischen Design auf der R\u00fcckseite verf\u00fcgt es \u00fcber Schaumgummi -St\u00fccke, die die Bel\u00fcftung verbessern und dank seines exzellenten Polsterung auch auf langen Reisen einen au\u00dfergew\u00f6hnlichen Komfort bieten. Der einstellbare Brustgurt sorgt f\u00fcr eine feste und komfortable Einstellung, die die Bewegungsfreiheit und Stabilit\u00e4t erm\u00f6glicht.<\/p>\n<p>Auf einer seiner Seiten verf\u00fcgt es \u00fcber eine zus\u00e4tzliche Tasche, um einen Ball aus Kugeln oder kleinen Accessoires zu tragen. Dieser Bullpadel -Vertex -Rucksack ist nicht nur die perfekte Erg\u00e4nzung zum Bullpadel Vertex 04 -Schaufel, sondern zeichnet sich auch f\u00fcr Stil, Widerstand und Praktikabilit\u00e4t auf und macht es zu einem wesentlichen Accessoire f\u00fcr jeden Paddle -Player.<\/p>\n<h2>Mochila Bullpadel BPM25007 Negro<\/h2>\n","protected":false},"excerpt":{"rendered":"<p>Bullpadel Rucksack Vertex BPM25007 in schwarzer Farbe mit Abteil mit Bel\u00fcftung f\u00fcr Schuhe und Raum mit Thermmo, verst\u00e4rkt mit Kapazit\u00e4t f\u00fcr zwei Klingen. Bequemer und sicherer Transport dank der verstellbaren Gurte.<\/p>\n","protected":false},"featured_media":124819,"comment_status":"open","ping_status":"closed","template":"","meta":{"_acf_changed":false,"_joinchat":[]},"acabado":[],"balance":[],"dureza":[],"forma":[],"jugador":[],"marca":[1254],"nivel-de-juego":[],"superficie":[],"tipo-de-juego":[],"product_brand":[],"product_cat":[314],"product_tag":[],"class_list":{"0":"post-128442","1":"product","2":"type-product","3":"status-publish","4":"has-post-thumbnail","6":"marca-bullpadel-de","7":"product_cat-taschen","9":"first","10":"outofstock","11":"sale","12":"taxable","13":"shipping-taxable","14":"purchasable","15":"product-type-simple"},"acf":[],"yoast_head":"<!-- This site is optimized with the Yoast SEO plugin v27.3 - https:\/\/yoast.com\/product\/yoast-seo-wordpress\/ -->\n<title>MOCHILA BULLPADEL BPM25007 VERTEX 005 NEGRO - Revolution Padel Store<\/title>\n<meta name=\"description\" content=\"La mochila t\u00e9cnica Bullpadel Vertex en color negro ha sido dise\u00f1ada espec\u00edficamente para satisfacer las necesidades de los jugadores m\u00e1s exigentes, ofreciendo funcionalidad, durabilidad y un dise\u00f1o innovador. Con un compartimento principal amplio, esta mochila deportiva para hombre permite transportar todo lo necesario para tus entrenamientos o partidos. Adem\u00e1s, incluye un compartimento con thermo reforzado, con capacidad de guardar y proteger hasta dos palas de p\u00e1del de los cambios bruscos de temperatura.\" \/>\n<meta name=\"robots\" content=\"index, follow, max-snippet:-1, max-image-preview:large, max-video-preview:-1\" \/>\n<link rel=\"canonical\" href=\"https:\/\/revolutionpadelstore.com\/de\/produkt\/mochila-bullpadel-bpm25007-vertex-005-negro-1\/\" \/>\n<meta property=\"og:locale\" content=\"de_DE\" \/>\n<meta property=\"og:type\" content=\"article\" \/>\n<meta property=\"og:title\" content=\"MOCHILA BULLPADEL BPM25007 VERTEX 005 NEGRO - Revolution Padel Store\" \/>\n<meta property=\"og:description\" content=\"La mochila t\u00e9cnica Bullpadel Vertex en color negro ha sido dise\u00f1ada espec\u00edficamente para satisfacer las necesidades de los jugadores m\u00e1s exigentes, ofreciendo funcionalidad, durabilidad y un dise\u00f1o innovador. Con un compartimento principal amplio, esta mochila deportiva para hombre permite transportar todo lo necesario para tus entrenamientos o partidos. Adem\u00e1s, incluye un compartimento con thermo reforzado, con capacidad de guardar y proteger hasta dos palas de p\u00e1del de los cambios bruscos de temperatura.\" \/>\n<meta property=\"og:url\" content=\"https:\/\/revolutionpadelstore.com\/de\/produkt\/mochila-bullpadel-bpm25007-vertex-005-negro-1\/\" \/>\n<meta property=\"og:site_name\" content=\"Revolution Padel Store\" \/>\n<meta property=\"article:modified_time\" content=\"2026-04-01T04:55:38+00:00\" \/>\n<meta property=\"og:image\" content=\"https:\/\/revolutionpadelstore.com\/wp-content\/uploads\/2024\/11\/113787-mochila-bullpadel-bpm25007-vertex-448165-1500x1500-1.webp\" \/>\n\t<meta property=\"og:image:width\" content=\"1500\" \/>\n\t<meta property=\"og:image:height\" content=\"1500\" \/>\n\t<meta property=\"og:image:type\" content=\"image\/webp\" \/>\n<meta name=\"twitter:card\" content=\"summary_large_image\" \/>\n<meta name=\"twitter:label1\" content=\"Gesch\u00e4tzte Lesezeit\" \/>\n\t<meta name=\"twitter:data1\" content=\"2\u00a0Minuten\" \/>\n<script type=\"application\/ld+json\" class=\"yoast-schema-graph\">{\"@context\":\"https:\\\/\\\/schema.org\",\"@graph\":[{\"@type\":\"WebPage\",\"@id\":\"https:\\\/\\\/revolutionpadelstore.com\\\/de\\\/produkt\\\/mochila-bullpadel-bpm25007-vertex-005-negro-1\\\/\",\"url\":\"https:\\\/\\\/revolutionpadelstore.com\\\/de\\\/produkt\\\/mochila-bullpadel-bpm25007-vertex-005-negro-1\\\/\",\"name\":\"MOCHILA BULLPADEL BPM25007 VERTEX 005 NEGRO - Revolution Padel Store\",\"isPartOf\":{\"@id\":\"https:\\\/\\\/revolutionpadelstore.com\\\/de\\\/#website\"},\"primaryImageOfPage\":{\"@id\":\"https:\\\/\\\/revolutionpadelstore.com\\\/de\\\/produkt\\\/mochila-bullpadel-bpm25007-vertex-005-negro-1\\\/#primaryimage\"},\"image\":{\"@id\":\"https:\\\/\\\/revolutionpadelstore.com\\\/de\\\/produkt\\\/mochila-bullpadel-bpm25007-vertex-005-negro-1\\\/#primaryimage\"},\"thumbnailUrl\":\"https:\\\/\\\/revolutionpadelstore.com\\\/wp-content\\\/uploads\\\/2024\\\/11\\\/113787-mochila-bullpadel-bpm25007-vertex-448165-1500x1500-1.webp\",\"datePublished\":\"2024-11-21T09:17:02+00:00\",\"dateModified\":\"2026-04-01T04:55:38+00:00\",\"description\":\"La mochila t\u00e9cnica Bullpadel Vertex en color negro ha sido dise\u00f1ada espec\u00edficamente para satisfacer las necesidades de los jugadores m\u00e1s exigentes, ofreciendo funcionalidad, durabilidad y un dise\u00f1o innovador. Con un compartimento principal amplio, esta mochila deportiva para hombre permite transportar todo lo necesario para tus entrenamientos o partidos. Adem\u00e1s, incluye un compartimento con thermo reforzado, con capacidad de guardar y proteger hasta dos palas de p\u00e1del de los cambios bruscos de temperatura.\",\"breadcrumb\":{\"@id\":\"https:\\\/\\\/revolutionpadelstore.com\\\/de\\\/produkt\\\/mochila-bullpadel-bpm25007-vertex-005-negro-1\\\/#breadcrumb\"},\"inLanguage\":\"de\",\"potentialAction\":[{\"@type\":\"ReadAction\",\"target\":[\"https:\\\/\\\/revolutionpadelstore.com\\\/de\\\/produkt\\\/mochila-bullpadel-bpm25007-vertex-005-negro-1\\\/\"]}]},{\"@type\":\"ImageObject\",\"inLanguage\":\"de\",\"@id\":\"https:\\\/\\\/revolutionpadelstore.com\\\/de\\\/produkt\\\/mochila-bullpadel-bpm25007-vertex-005-negro-1\\\/#primaryimage\",\"url\":\"https:\\\/\\\/revolutionpadelstore.com\\\/wp-content\\\/uploads\\\/2024\\\/11\\\/113787-mochila-bullpadel-bpm25007-vertex-448165-1500x1500-1.webp\",\"contentUrl\":\"https:\\\/\\\/revolutionpadelstore.com\\\/wp-content\\\/uploads\\\/2024\\\/11\\\/113787-mochila-bullpadel-bpm25007-vertex-448165-1500x1500-1.webp\",\"width\":1500,\"height\":1500},{\"@type\":\"BreadcrumbList\",\"@id\":\"https:\\\/\\\/revolutionpadelstore.com\\\/de\\\/produkt\\\/mochila-bullpadel-bpm25007-vertex-005-negro-1\\\/#breadcrumb\",\"itemListElement\":[{\"@type\":\"ListItem\",\"position\":1,\"name\":\"Portada\",\"item\":\"https:\\\/\\\/revolutionpadelstore.com\\\/de\\\/\"},{\"@type\":\"ListItem\",\"position\":2,\"name\":\"Shop\",\"item\":\"https:\\\/\\\/revolutionpadelstore.com\\\/de\\\/tienda\\\/\"},{\"@type\":\"ListItem\",\"position\":3,\"name\":\"MOCHILA BULLPADEL BPM25007 VERTEX 005 NEGRO\"}]},{\"@type\":\"WebSite\",\"@id\":\"https:\\\/\\\/revolutionpadelstore.com\\\/de\\\/#website\",\"url\":\"https:\\\/\\\/revolutionpadelstore.com\\\/de\\\/\",\"name\":\"Revolution Padel Store\",\"description\":\"\",\"publisher\":{\"@id\":\"https:\\\/\\\/revolutionpadelstore.com\\\/de\\\/#organization\"},\"potentialAction\":[{\"@type\":\"SearchAction\",\"target\":{\"@type\":\"EntryPoint\",\"urlTemplate\":\"https:\\\/\\\/revolutionpadelstore.com\\\/de\\\/?s={search_term_string}\"},\"query-input\":{\"@type\":\"PropertyValueSpecification\",\"valueRequired\":true,\"valueName\":\"search_term_string\"}}],\"inLanguage\":\"de\"},{\"@type\":\"Organization\",\"@id\":\"https:\\\/\\\/revolutionpadelstore.com\\\/de\\\/#organization\",\"name\":\"Revolution Padel Store\",\"url\":\"https:\\\/\\\/revolutionpadelstore.com\\\/de\\\/\",\"logo\":{\"@type\":\"ImageObject\",\"inLanguage\":\"de\",\"@id\":\"https:\\\/\\\/revolutionpadelstore.com\\\/de\\\/#\\\/schema\\\/logo\\\/image\\\/\",\"url\":\"https:\\\/\\\/revolutionpadelstore.com\\\/wp-content\\\/uploads\\\/2026\\\/02\\\/revolution-padel-store.jpg\",\"contentUrl\":\"https:\\\/\\\/revolutionpadelstore.com\\\/wp-content\\\/uploads\\\/2026\\\/02\\\/revolution-padel-store.jpg\",\"width\":2000,\"height\":2000,\"caption\":\"Revolution Padel Store\"},\"image\":{\"@id\":\"https:\\\/\\\/revolutionpadelstore.com\\\/de\\\/#\\\/schema\\\/logo\\\/image\\\/\"},\"sameAs\":[\"https:\\\/\\\/www.instagram.com\\\/revolutionpadelstore\\\/\"]}]}<\/script>\n<!-- \/ Yoast SEO plugin. -->","yoast_head_json":{"title":"MOCHILA BULLPADEL BPM25007 VERTEX 005 NEGRO - Revolution Padel Store","description":"La mochila t\u00e9cnica Bullpadel Vertex en color negro ha sido dise\u00f1ada espec\u00edficamente para satisfacer las necesidades de los jugadores m\u00e1s exigentes, ofreciendo funcionalidad, durabilidad y un dise\u00f1o innovador. Con un compartimento principal amplio, esta mochila deportiva para hombre permite transportar todo lo necesario para tus entrenamientos o partidos. Adem\u00e1s, incluye un compartimento con thermo reforzado, con capacidad de guardar y proteger hasta dos palas de p\u00e1del de los cambios bruscos de temperatura.","robots":{"index":"index","follow":"follow","max-snippet":"max-snippet:-1","max-image-preview":"max-image-preview:large","max-video-preview":"max-video-preview:-1"},"canonical":"https:\/\/revolutionpadelstore.com\/de\/produkt\/mochila-bullpadel-bpm25007-vertex-005-negro-1\/","og_locale":"de_DE","og_type":"article","og_title":"MOCHILA BULLPADEL BPM25007 VERTEX 005 NEGRO - Revolution Padel Store","og_description":"La mochila t\u00e9cnica Bullpadel Vertex en color negro ha sido dise\u00f1ada espec\u00edficamente para satisfacer las necesidades de los jugadores m\u00e1s exigentes, ofreciendo funcionalidad, durabilidad y un dise\u00f1o innovador. Con un compartimento principal amplio, esta mochila deportiva para hombre permite transportar todo lo necesario para tus entrenamientos o partidos. Adem\u00e1s, incluye un compartimento con thermo reforzado, con capacidad de guardar y proteger hasta dos palas de p\u00e1del de los cambios bruscos de temperatura.","og_url":"https:\/\/revolutionpadelstore.com\/de\/produkt\/mochila-bullpadel-bpm25007-vertex-005-negro-1\/","og_site_name":"Revolution Padel Store","article_modified_time":"2026-04-01T04:55:38+00:00","og_image":[{"width":1500,"height":1500,"url":"https:\/\/revolutionpadelstore.com\/wp-content\/uploads\/2024\/11\/113787-mochila-bullpadel-bpm25007-vertex-448165-1500x1500-1.webp","type":"image\/webp"}],"twitter_card":"summary_large_image","twitter_misc":{"Gesch\u00e4tzte Lesezeit":"2\u00a0Minuten"},"schema":{"@context":"https:\/\/schema.org","@graph":[{"@type":"WebPage","@id":"https:\/\/revolutionpadelstore.com\/de\/produkt\/mochila-bullpadel-bpm25007-vertex-005-negro-1\/","url":"https:\/\/revolutionpadelstore.com\/de\/produkt\/mochila-bullpadel-bpm25007-vertex-005-negro-1\/","name":"MOCHILA BULLPADEL BPM25007 VERTEX 005 NEGRO - Revolution Padel Store","isPartOf":{"@id":"https:\/\/revolutionpadelstore.com\/de\/#website"},"primaryImageOfPage":{"@id":"https:\/\/revolutionpadelstore.com\/de\/produkt\/mochila-bullpadel-bpm25007-vertex-005-negro-1\/#primaryimage"},"image":{"@id":"https:\/\/revolutionpadelstore.com\/de\/produkt\/mochila-bullpadel-bpm25007-vertex-005-negro-1\/#primaryimage"},"thumbnailUrl":"https:\/\/revolutionpadelstore.com\/wp-content\/uploads\/2024\/11\/113787-mochila-bullpadel-bpm25007-vertex-448165-1500x1500-1.webp","datePublished":"2024-11-21T09:17:02+00:00","dateModified":"2026-04-01T04:55:38+00:00","description":"La mochila t\u00e9cnica Bullpadel Vertex en color negro ha sido dise\u00f1ada espec\u00edficamente para satisfacer las necesidades de los jugadores m\u00e1s exigentes, ofreciendo funcionalidad, durabilidad y un dise\u00f1o innovador. Con un compartimento principal amplio, esta mochila deportiva para hombre permite transportar todo lo necesario para tus entrenamientos o partidos. Adem\u00e1s, incluye un compartimento con thermo reforzado, con capacidad de guardar y proteger hasta dos palas de p\u00e1del de los cambios bruscos de temperatura.","breadcrumb":{"@id":"https:\/\/revolutionpadelstore.com\/de\/produkt\/mochila-bullpadel-bpm25007-vertex-005-negro-1\/#breadcrumb"},"inLanguage":"de","potentialAction":[{"@type":"ReadAction","target":["https:\/\/revolutionpadelstore.com\/de\/produkt\/mochila-bullpadel-bpm25007-vertex-005-negro-1\/"]}]},{"@type":"ImageObject","inLanguage":"de","@id":"https:\/\/revolutionpadelstore.com\/de\/produkt\/mochila-bullpadel-bpm25007-vertex-005-negro-1\/#primaryimage","url":"https:\/\/revolutionpadelstore.com\/wp-content\/uploads\/2024\/11\/113787-mochila-bullpadel-bpm25007-vertex-448165-1500x1500-1.webp","contentUrl":"https:\/\/revolutionpadelstore.com\/wp-content\/uploads\/2024\/11\/113787-mochila-bullpadel-bpm25007-vertex-448165-1500x1500-1.webp","width":1500,"height":1500},{"@type":"BreadcrumbList","@id":"https:\/\/revolutionpadelstore.com\/de\/produkt\/mochila-bullpadel-bpm25007-vertex-005-negro-1\/#breadcrumb","itemListElement":[{"@type":"ListItem","position":1,"name":"Portada","item":"https:\/\/revolutionpadelstore.com\/de\/"},{"@type":"ListItem","position":2,"name":"Shop","item":"https:\/\/revolutionpadelstore.com\/de\/tienda\/"},{"@type":"ListItem","position":3,"name":"MOCHILA BULLPADEL BPM25007 VERTEX 005 NEGRO"}]},{"@type":"WebSite","@id":"https:\/\/revolutionpadelstore.com\/de\/#website","url":"https:\/\/revolutionpadelstore.com\/de\/","name":"Revolution Padel Store","description":"","publisher":{"@id":"https:\/\/revolutionpadelstore.com\/de\/#organization"},"potentialAction":[{"@type":"SearchAction","target":{"@type":"EntryPoint","urlTemplate":"https:\/\/revolutionpadelstore.com\/de\/?s={search_term_string}"},"query-input":{"@type":"PropertyValueSpecification","valueRequired":true,"valueName":"search_term_string"}}],"inLanguage":"de"},{"@type":"Organization","@id":"https:\/\/revolutionpadelstore.com\/de\/#organization","name":"Revolution Padel Store","url":"https:\/\/revolutionpadelstore.com\/de\/","logo":{"@type":"ImageObject","inLanguage":"de","@id":"https:\/\/revolutionpadelstore.com\/de\/#\/schema\/logo\/image\/","url":"https:\/\/revolutionpadelstore.com\/wp-content\/uploads\/2026\/02\/revolution-padel-store.jpg","contentUrl":"https:\/\/revolutionpadelstore.com\/wp-content\/uploads\/2026\/02\/revolution-padel-store.jpg","width":2000,"height":2000,"caption":"Revolution Padel Store"},"image":{"@id":"https:\/\/revolutionpadelstore.com\/de\/#\/schema\/logo\/image\/"},"sameAs":["https:\/\/www.instagram.com\/revolutionpadelstore\/"]}]}},"_links":{"self":[{"href":"https:\/\/revolutionpadelstore.com\/de\/wp-json\/wp\/v2\/product\/128442","targetHints":{"allow":["GET"]}}],"collection":[{"href":"https:\/\/revolutionpadelstore.com\/de\/wp-json\/wp\/v2\/product"}],"about":[{"href":"https:\/\/revolutionpadelstore.com\/de\/wp-json\/wp\/v2\/types\/product"}],"replies":[{"embeddable":true,"href":"https:\/\/revolutionpadelstore.com\/de\/wp-json\/wp\/v2\/comments?post=128442"}],"wp:featuredmedia":[{"embeddable":true,"href":"https:\/\/revolutionpadelstore.com\/de\/wp-json\/wp\/v2\/media\/124819"}],"wp:attachment":[{"href":"https:\/\/revolutionpadelstore.com\/de\/wp-json\/wp\/v2\/media?parent=128442"}],"wp:term":[{"taxonomy":"acabado","embeddable":true,"href":"https:\/\/revolutionpadelstore.com\/de\/wp-json\/wp\/v2\/acabado?post=128442"},{"taxonomy":"balance","embeddable":true,"href":"https:\/\/revolutionpadelstore.com\/de\/wp-json\/wp\/v2\/balance?post=128442"},{"taxonomy":"dureza","embeddable":true,"href":"https:\/\/revolutionpadelstore.com\/de\/wp-json\/wp\/v2\/dureza?post=128442"},{"taxonomy":"forma","embeddable":true,"href":"https:\/\/revolutionpadelstore.com\/de\/wp-json\/wp\/v2\/forma?post=128442"},{"taxonomy":"jugador","embeddable":true,"href":"https:\/\/revolutionpadelstore.com\/de\/wp-json\/wp\/v2\/jugador?post=128442"},{"taxonomy":"marca","embeddable":true,"href":"https:\/\/revolutionpadelstore.com\/de\/wp-json\/wp\/v2\/marca?post=128442"},{"taxonomy":"nivel-de-juego","embeddable":true,"href":"https:\/\/revolutionpadelstore.com\/de\/wp-json\/wp\/v2\/nivel-de-juego?post=128442"},{"taxonomy":"superficie","embeddable":true,"href":"https:\/\/revolutionpadelstore.com\/de\/wp-json\/wp\/v2\/superficie?post=128442"},{"taxonomy":"tipo-de-juego","embeddable":true,"href":"https:\/\/revolutionpadelstore.com\/de\/wp-json\/wp\/v2\/tipo-de-juego?post=128442"},{"taxonomy":"product_brand","embeddable":true,"href":"https:\/\/revolutionpadelstore.com\/de\/wp-json\/wp\/v2\/product_brand?post=128442"},{"taxonomy":"product_cat","embeddable":true,"href":"https:\/\/revolutionpadelstore.com\/de\/wp-json\/wp\/v2\/product_cat?post=128442"},{"taxonomy":"product_tag","embeddable":true,"href":"https:\/\/revolutionpadelstore.com\/de\/wp-json\/wp\/v2\/product_tag?post=128442"}],"curies":[{"name":"wp","href":"https:\/\/api.w.org\/{rel}","templated":true}]}}