{"id":127410,"date":"2024-11-21T10:10:26","date_gmt":"2024-11-21T09:10:26","guid":{"rendered":"https:\/\/revolutionpadelstore.com\/paletero-bullpadel-bpp25021-pearl-blanco-mujer\/"},"modified":"2026-04-01T06:56:04","modified_gmt":"2026-04-01T04:56:04","slug":"paletero-bullpadel-bpp25021-pearl-blanco-mujer-1","status":"publish","type":"product","link":"https:\/\/revolutionpadelstore.com\/de\/produkt\/paletero-bullpadel-bpp25021-pearl-blanco-mujer-1\/","title":{"rendered":"PALETERO BULLPADEL BPP25021 PEARL BLANCO MUJER"},"content":{"rendered":"<p><H2> Paletero Bullpadel BPP25021 Perle White Women <\/ H2><br \/>\nDie Bullpadel Pearl Paletero in White wurde in Zusammenarbeit mit dem Spieler Bea Gonz\u00e1lez geschaffen, wobei hohe Qualit\u00e4t, Funktionalit\u00e4t und Haltbarkeit kombiniert werden. Dieses Modell ist leicht, aber ger\u00e4umig und bietet eine praktische L\u00f6sung, um alles zu transportieren, was Sie f\u00fcr Ihr Training und Ihr Paddeltraining ben\u00f6tigen.<\/p>\n<p>Aus dem 1680D -Polyestergewebe stammt und f\u00e4llt auf seinen Widerstand und seine Langlebigkeit aus. Die Abmessungen von 60 x 30 x 40 cm machen es zu einem kompakten Zubeh\u00f6r und mit ausreichender Kapazit\u00e4t, um Ihre Ger\u00e4te zu organisieren und zu sch\u00fctzen. Das breite Hauptfach ist so konzipiert, dass Kleidung, Handt\u00fccher und andere Accessoires ordentlich aufbewahrt werden. Dar\u00fcber hinaus verf\u00fcgt es \u00fcber zwei Kompartimente mit Thermmo -Technologie, die bis zu vier Klingen abhalten k\u00f6nnen, um einen maximalen Schutz vor Temperatur\u00e4nderungen zu gew\u00e4hrleisten.<\/p>\n<p>Es wurde f\u00fcr einen komfortablen und effizienten Transport ausgelegt und umfasst ein bel\u00fcftetes und separates Fach, um schmutzige Schuhe oder Kleidung zu speichern und den Rest Ihrer Ausr\u00fcstung sauber und frei von schlechten Ger\u00fcchen zu halten. Es verf\u00fcgt auch \u00fcber eine praktische Nebenpasche f\u00fcr einen schnellen Zugang zu essentiellen Elementen wie einer Flasche Wasser oder einem Ballboot. Mit der Firma Bea Gonz\u00e1lez bietet Ihnen die Bullpadel Pearl Paletero f\u00fcr Frauen nicht nur gro\u00dfe Funktionen, sondern auch einen Hauch von Unterscheidung auf und neben der Strecke.<\/p>\n<h2>Paletero Bullpadel BPP25021 Pearl Blanco Mujer<\/h2>\n","protected":false},"excerpt":{"rendered":"<p>Paletero Bullpadel BPP25021 Pearl White Woman, perfekt, um Ihr gesamtes Sportteam organisiert, sauber und sicher zu halten. Kapazit\u00e4t f\u00fcr 4 Schaufeln in seinen beiden Thermo -F\u00e4chern. Bel\u00fcftete Raum f\u00fcr Schuhe.<\/p>\n","protected":false},"featured_media":124788,"comment_status":"open","ping_status":"closed","template":"","meta":{"_acf_changed":false,"_joinchat":[]},"acabado":[],"balance":[],"dureza":[],"forma":[],"jugador":[],"marca":[1254],"nivel-de-juego":[],"superficie":[],"tipo-de-juego":[],"product_brand":[],"product_cat":[314],"product_tag":[],"class_list":{"0":"post-127410","1":"product","2":"type-product","3":"status-publish","4":"has-post-thumbnail","6":"marca-bullpadel-de","7":"product_cat-taschen","9":"first","10":"outofstock","11":"sale","12":"taxable","13":"shipping-taxable","14":"purchasable","15":"product-type-simple"},"acf":[],"yoast_head":"<!-- This site is optimized with the Yoast SEO plugin v27.3 - https:\/\/yoast.com\/product\/yoast-seo-wordpress\/ -->\n<title>PALETERO BULLPADEL BPP25021 PEARL BLANCO MUJER - Revolution Padel Store<\/title>\n<meta name=\"description\" content=\"El paletero Bullpadel Pearl en color blanco ha sido dise\u00f1ado en colaboraci\u00f3n con la jugadora Bea Gonz\u00e1lez, por lo que es un modelo de gran calidad, funcionalidad y durabilidad que combina ligereza y capacidad, ofreciendo una soluci\u00f3n pr\u00e1ctica para transportar todo lo necesario para triunfar en tus partidos o entrenamientos de p\u00e1del\" \/>\n<meta name=\"robots\" content=\"index, follow, max-snippet:-1, max-image-preview:large, max-video-preview:-1\" \/>\n<link rel=\"canonical\" href=\"https:\/\/revolutionpadelstore.com\/de\/produkt\/paletero-bullpadel-bpp25021-pearl-blanco-mujer-1\/\" \/>\n<meta property=\"og:locale\" content=\"de_DE\" \/>\n<meta property=\"og:type\" content=\"article\" \/>\n<meta property=\"og:title\" content=\"PALETERO BULLPADEL BPP25021 PEARL BLANCO MUJER - Revolution Padel Store\" \/>\n<meta property=\"og:description\" content=\"El paletero Bullpadel Pearl en color blanco ha sido dise\u00f1ado en colaboraci\u00f3n con la jugadora Bea Gonz\u00e1lez, por lo que es un modelo de gran calidad, funcionalidad y durabilidad que combina ligereza y capacidad, ofreciendo una soluci\u00f3n pr\u00e1ctica para transportar todo lo necesario para triunfar en tus partidos o entrenamientos de p\u00e1del\" \/>\n<meta property=\"og:url\" content=\"https:\/\/revolutionpadelstore.com\/de\/produkt\/paletero-bullpadel-bpp25021-pearl-blanco-mujer-1\/\" \/>\n<meta property=\"og:site_name\" content=\"Revolution Padel Store\" \/>\n<meta property=\"article:modified_time\" content=\"2026-04-01T04:56:04+00:00\" \/>\n<meta property=\"og:image\" content=\"https:\/\/revolutionpadelstore.com\/wp-content\/uploads\/2024\/11\/113821-paletero-bullpadel-bpp25021-pearl-474976-mujer-1500x1500-1.webp\" \/>\n\t<meta property=\"og:image:width\" content=\"1500\" \/>\n\t<meta property=\"og:image:height\" content=\"1500\" \/>\n\t<meta property=\"og:image:type\" content=\"image\/webp\" \/>\n<meta name=\"twitter:card\" content=\"summary_large_image\" \/>\n<meta name=\"twitter:label1\" content=\"Gesch\u00e4tzte Lesezeit\" \/>\n\t<meta name=\"twitter:data1\" content=\"1\u00a0Minute\" \/>\n<script type=\"application\/ld+json\" class=\"yoast-schema-graph\">{\"@context\":\"https:\\\/\\\/schema.org\",\"@graph\":[{\"@type\":\"WebPage\",\"@id\":\"https:\\\/\\\/revolutionpadelstore.com\\\/de\\\/produkt\\\/paletero-bullpadel-bpp25021-pearl-blanco-mujer-1\\\/\",\"url\":\"https:\\\/\\\/revolutionpadelstore.com\\\/de\\\/produkt\\\/paletero-bullpadel-bpp25021-pearl-blanco-mujer-1\\\/\",\"name\":\"PALETERO BULLPADEL BPP25021 PEARL BLANCO MUJER - Revolution Padel Store\",\"isPartOf\":{\"@id\":\"https:\\\/\\\/revolutionpadelstore.com\\\/de\\\/#website\"},\"primaryImageOfPage\":{\"@id\":\"https:\\\/\\\/revolutionpadelstore.com\\\/de\\\/produkt\\\/paletero-bullpadel-bpp25021-pearl-blanco-mujer-1\\\/#primaryimage\"},\"image\":{\"@id\":\"https:\\\/\\\/revolutionpadelstore.com\\\/de\\\/produkt\\\/paletero-bullpadel-bpp25021-pearl-blanco-mujer-1\\\/#primaryimage\"},\"thumbnailUrl\":\"https:\\\/\\\/revolutionpadelstore.com\\\/wp-content\\\/uploads\\\/2024\\\/11\\\/113821-paletero-bullpadel-bpp25021-pearl-474976-mujer-1500x1500-1.webp\",\"datePublished\":\"2024-11-21T09:10:26+00:00\",\"dateModified\":\"2026-04-01T04:56:04+00:00\",\"description\":\"El paletero Bullpadel Pearl en color blanco ha sido dise\u00f1ado en colaboraci\u00f3n con la jugadora Bea Gonz\u00e1lez, por lo que es un modelo de gran calidad, funcionalidad y durabilidad que combina ligereza y capacidad, ofreciendo una soluci\u00f3n pr\u00e1ctica para transportar todo lo necesario para triunfar en tus partidos o entrenamientos de p\u00e1del\",\"breadcrumb\":{\"@id\":\"https:\\\/\\\/revolutionpadelstore.com\\\/de\\\/produkt\\\/paletero-bullpadel-bpp25021-pearl-blanco-mujer-1\\\/#breadcrumb\"},\"inLanguage\":\"de\",\"potentialAction\":[{\"@type\":\"ReadAction\",\"target\":[\"https:\\\/\\\/revolutionpadelstore.com\\\/de\\\/produkt\\\/paletero-bullpadel-bpp25021-pearl-blanco-mujer-1\\\/\"]}]},{\"@type\":\"ImageObject\",\"inLanguage\":\"de\",\"@id\":\"https:\\\/\\\/revolutionpadelstore.com\\\/de\\\/produkt\\\/paletero-bullpadel-bpp25021-pearl-blanco-mujer-1\\\/#primaryimage\",\"url\":\"https:\\\/\\\/revolutionpadelstore.com\\\/wp-content\\\/uploads\\\/2024\\\/11\\\/113821-paletero-bullpadel-bpp25021-pearl-474976-mujer-1500x1500-1.webp\",\"contentUrl\":\"https:\\\/\\\/revolutionpadelstore.com\\\/wp-content\\\/uploads\\\/2024\\\/11\\\/113821-paletero-bullpadel-bpp25021-pearl-474976-mujer-1500x1500-1.webp\",\"width\":1500,\"height\":1500},{\"@type\":\"BreadcrumbList\",\"@id\":\"https:\\\/\\\/revolutionpadelstore.com\\\/de\\\/produkt\\\/paletero-bullpadel-bpp25021-pearl-blanco-mujer-1\\\/#breadcrumb\",\"itemListElement\":[{\"@type\":\"ListItem\",\"position\":1,\"name\":\"Portada\",\"item\":\"https:\\\/\\\/revolutionpadelstore.com\\\/de\\\/\"},{\"@type\":\"ListItem\",\"position\":2,\"name\":\"Shop\",\"item\":\"https:\\\/\\\/revolutionpadelstore.com\\\/de\\\/tienda\\\/\"},{\"@type\":\"ListItem\",\"position\":3,\"name\":\"PALETERO BULLPADEL BPP25021 PEARL BLANCO MUJER\"}]},{\"@type\":\"WebSite\",\"@id\":\"https:\\\/\\\/revolutionpadelstore.com\\\/de\\\/#website\",\"url\":\"https:\\\/\\\/revolutionpadelstore.com\\\/de\\\/\",\"name\":\"Revolution Padel Store\",\"description\":\"\",\"publisher\":{\"@id\":\"https:\\\/\\\/revolutionpadelstore.com\\\/de\\\/#organization\"},\"potentialAction\":[{\"@type\":\"SearchAction\",\"target\":{\"@type\":\"EntryPoint\",\"urlTemplate\":\"https:\\\/\\\/revolutionpadelstore.com\\\/de\\\/?s={search_term_string}\"},\"query-input\":{\"@type\":\"PropertyValueSpecification\",\"valueRequired\":true,\"valueName\":\"search_term_string\"}}],\"inLanguage\":\"de\"},{\"@type\":\"Organization\",\"@id\":\"https:\\\/\\\/revolutionpadelstore.com\\\/de\\\/#organization\",\"name\":\"Revolution Padel Store\",\"url\":\"https:\\\/\\\/revolutionpadelstore.com\\\/de\\\/\",\"logo\":{\"@type\":\"ImageObject\",\"inLanguage\":\"de\",\"@id\":\"https:\\\/\\\/revolutionpadelstore.com\\\/de\\\/#\\\/schema\\\/logo\\\/image\\\/\",\"url\":\"https:\\\/\\\/revolutionpadelstore.com\\\/wp-content\\\/uploads\\\/2026\\\/02\\\/revolution-padel-store.jpg\",\"contentUrl\":\"https:\\\/\\\/revolutionpadelstore.com\\\/wp-content\\\/uploads\\\/2026\\\/02\\\/revolution-padel-store.jpg\",\"width\":2000,\"height\":2000,\"caption\":\"Revolution Padel Store\"},\"image\":{\"@id\":\"https:\\\/\\\/revolutionpadelstore.com\\\/de\\\/#\\\/schema\\\/logo\\\/image\\\/\"},\"sameAs\":[\"https:\\\/\\\/www.instagram.com\\\/revolutionpadelstore\\\/\"]}]}<\/script>\n<!-- \/ Yoast SEO plugin. -->","yoast_head_json":{"title":"PALETERO BULLPADEL BPP25021 PEARL BLANCO MUJER - Revolution Padel Store","description":"El paletero Bullpadel Pearl en color blanco ha sido dise\u00f1ado en colaboraci\u00f3n con la jugadora Bea Gonz\u00e1lez, por lo que es un modelo de gran calidad, funcionalidad y durabilidad que combina ligereza y capacidad, ofreciendo una soluci\u00f3n pr\u00e1ctica para transportar todo lo necesario para triunfar en tus partidos o entrenamientos de p\u00e1del","robots":{"index":"index","follow":"follow","max-snippet":"max-snippet:-1","max-image-preview":"max-image-preview:large","max-video-preview":"max-video-preview:-1"},"canonical":"https:\/\/revolutionpadelstore.com\/de\/produkt\/paletero-bullpadel-bpp25021-pearl-blanco-mujer-1\/","og_locale":"de_DE","og_type":"article","og_title":"PALETERO BULLPADEL BPP25021 PEARL BLANCO MUJER - Revolution Padel Store","og_description":"El paletero Bullpadel Pearl en color blanco ha sido dise\u00f1ado en colaboraci\u00f3n con la jugadora Bea Gonz\u00e1lez, por lo que es un modelo de gran calidad, funcionalidad y durabilidad que combina ligereza y capacidad, ofreciendo una soluci\u00f3n pr\u00e1ctica para transportar todo lo necesario para triunfar en tus partidos o entrenamientos de p\u00e1del","og_url":"https:\/\/revolutionpadelstore.com\/de\/produkt\/paletero-bullpadel-bpp25021-pearl-blanco-mujer-1\/","og_site_name":"Revolution Padel Store","article_modified_time":"2026-04-01T04:56:04+00:00","og_image":[{"width":1500,"height":1500,"url":"https:\/\/revolutionpadelstore.com\/wp-content\/uploads\/2024\/11\/113821-paletero-bullpadel-bpp25021-pearl-474976-mujer-1500x1500-1.webp","type":"image\/webp"}],"twitter_card":"summary_large_image","twitter_misc":{"Gesch\u00e4tzte Lesezeit":"1\u00a0Minute"},"schema":{"@context":"https:\/\/schema.org","@graph":[{"@type":"WebPage","@id":"https:\/\/revolutionpadelstore.com\/de\/produkt\/paletero-bullpadel-bpp25021-pearl-blanco-mujer-1\/","url":"https:\/\/revolutionpadelstore.com\/de\/produkt\/paletero-bullpadel-bpp25021-pearl-blanco-mujer-1\/","name":"PALETERO BULLPADEL BPP25021 PEARL BLANCO MUJER - Revolution Padel Store","isPartOf":{"@id":"https:\/\/revolutionpadelstore.com\/de\/#website"},"primaryImageOfPage":{"@id":"https:\/\/revolutionpadelstore.com\/de\/produkt\/paletero-bullpadel-bpp25021-pearl-blanco-mujer-1\/#primaryimage"},"image":{"@id":"https:\/\/revolutionpadelstore.com\/de\/produkt\/paletero-bullpadel-bpp25021-pearl-blanco-mujer-1\/#primaryimage"},"thumbnailUrl":"https:\/\/revolutionpadelstore.com\/wp-content\/uploads\/2024\/11\/113821-paletero-bullpadel-bpp25021-pearl-474976-mujer-1500x1500-1.webp","datePublished":"2024-11-21T09:10:26+00:00","dateModified":"2026-04-01T04:56:04+00:00","description":"El paletero Bullpadel Pearl en color blanco ha sido dise\u00f1ado en colaboraci\u00f3n con la jugadora Bea Gonz\u00e1lez, por lo que es un modelo de gran calidad, funcionalidad y durabilidad que combina ligereza y capacidad, ofreciendo una soluci\u00f3n pr\u00e1ctica para transportar todo lo necesario para triunfar en tus partidos o entrenamientos de p\u00e1del","breadcrumb":{"@id":"https:\/\/revolutionpadelstore.com\/de\/produkt\/paletero-bullpadel-bpp25021-pearl-blanco-mujer-1\/#breadcrumb"},"inLanguage":"de","potentialAction":[{"@type":"ReadAction","target":["https:\/\/revolutionpadelstore.com\/de\/produkt\/paletero-bullpadel-bpp25021-pearl-blanco-mujer-1\/"]}]},{"@type":"ImageObject","inLanguage":"de","@id":"https:\/\/revolutionpadelstore.com\/de\/produkt\/paletero-bullpadel-bpp25021-pearl-blanco-mujer-1\/#primaryimage","url":"https:\/\/revolutionpadelstore.com\/wp-content\/uploads\/2024\/11\/113821-paletero-bullpadel-bpp25021-pearl-474976-mujer-1500x1500-1.webp","contentUrl":"https:\/\/revolutionpadelstore.com\/wp-content\/uploads\/2024\/11\/113821-paletero-bullpadel-bpp25021-pearl-474976-mujer-1500x1500-1.webp","width":1500,"height":1500},{"@type":"BreadcrumbList","@id":"https:\/\/revolutionpadelstore.com\/de\/produkt\/paletero-bullpadel-bpp25021-pearl-blanco-mujer-1\/#breadcrumb","itemListElement":[{"@type":"ListItem","position":1,"name":"Portada","item":"https:\/\/revolutionpadelstore.com\/de\/"},{"@type":"ListItem","position":2,"name":"Shop","item":"https:\/\/revolutionpadelstore.com\/de\/tienda\/"},{"@type":"ListItem","position":3,"name":"PALETERO BULLPADEL BPP25021 PEARL BLANCO MUJER"}]},{"@type":"WebSite","@id":"https:\/\/revolutionpadelstore.com\/de\/#website","url":"https:\/\/revolutionpadelstore.com\/de\/","name":"Revolution Padel Store","description":"","publisher":{"@id":"https:\/\/revolutionpadelstore.com\/de\/#organization"},"potentialAction":[{"@type":"SearchAction","target":{"@type":"EntryPoint","urlTemplate":"https:\/\/revolutionpadelstore.com\/de\/?s={search_term_string}"},"query-input":{"@type":"PropertyValueSpecification","valueRequired":true,"valueName":"search_term_string"}}],"inLanguage":"de"},{"@type":"Organization","@id":"https:\/\/revolutionpadelstore.com\/de\/#organization","name":"Revolution Padel Store","url":"https:\/\/revolutionpadelstore.com\/de\/","logo":{"@type":"ImageObject","inLanguage":"de","@id":"https:\/\/revolutionpadelstore.com\/de\/#\/schema\/logo\/image\/","url":"https:\/\/revolutionpadelstore.com\/wp-content\/uploads\/2026\/02\/revolution-padel-store.jpg","contentUrl":"https:\/\/revolutionpadelstore.com\/wp-content\/uploads\/2026\/02\/revolution-padel-store.jpg","width":2000,"height":2000,"caption":"Revolution Padel Store"},"image":{"@id":"https:\/\/revolutionpadelstore.com\/de\/#\/schema\/logo\/image\/"},"sameAs":["https:\/\/www.instagram.com\/revolutionpadelstore\/"]}]}},"_links":{"self":[{"href":"https:\/\/revolutionpadelstore.com\/de\/wp-json\/wp\/v2\/product\/127410","targetHints":{"allow":["GET"]}}],"collection":[{"href":"https:\/\/revolutionpadelstore.com\/de\/wp-json\/wp\/v2\/product"}],"about":[{"href":"https:\/\/revolutionpadelstore.com\/de\/wp-json\/wp\/v2\/types\/product"}],"replies":[{"embeddable":true,"href":"https:\/\/revolutionpadelstore.com\/de\/wp-json\/wp\/v2\/comments?post=127410"}],"wp:featuredmedia":[{"embeddable":true,"href":"https:\/\/revolutionpadelstore.com\/de\/wp-json\/wp\/v2\/media\/124788"}],"wp:attachment":[{"href":"https:\/\/revolutionpadelstore.com\/de\/wp-json\/wp\/v2\/media?parent=127410"}],"wp:term":[{"taxonomy":"acabado","embeddable":true,"href":"https:\/\/revolutionpadelstore.com\/de\/wp-json\/wp\/v2\/acabado?post=127410"},{"taxonomy":"balance","embeddable":true,"href":"https:\/\/revolutionpadelstore.com\/de\/wp-json\/wp\/v2\/balance?post=127410"},{"taxonomy":"dureza","embeddable":true,"href":"https:\/\/revolutionpadelstore.com\/de\/wp-json\/wp\/v2\/dureza?post=127410"},{"taxonomy":"forma","embeddable":true,"href":"https:\/\/revolutionpadelstore.com\/de\/wp-json\/wp\/v2\/forma?post=127410"},{"taxonomy":"jugador","embeddable":true,"href":"https:\/\/revolutionpadelstore.com\/de\/wp-json\/wp\/v2\/jugador?post=127410"},{"taxonomy":"marca","embeddable":true,"href":"https:\/\/revolutionpadelstore.com\/de\/wp-json\/wp\/v2\/marca?post=127410"},{"taxonomy":"nivel-de-juego","embeddable":true,"href":"https:\/\/revolutionpadelstore.com\/de\/wp-json\/wp\/v2\/nivel-de-juego?post=127410"},{"taxonomy":"superficie","embeddable":true,"href":"https:\/\/revolutionpadelstore.com\/de\/wp-json\/wp\/v2\/superficie?post=127410"},{"taxonomy":"tipo-de-juego","embeddable":true,"href":"https:\/\/revolutionpadelstore.com\/de\/wp-json\/wp\/v2\/tipo-de-juego?post=127410"},{"taxonomy":"product_brand","embeddable":true,"href":"https:\/\/revolutionpadelstore.com\/de\/wp-json\/wp\/v2\/product_brand?post=127410"},{"taxonomy":"product_cat","embeddable":true,"href":"https:\/\/revolutionpadelstore.com\/de\/wp-json\/wp\/v2\/product_cat?post=127410"},{"taxonomy":"product_tag","embeddable":true,"href":"https:\/\/revolutionpadelstore.com\/de\/wp-json\/wp\/v2\/product_tag?post=127410"}],"curies":[{"name":"wp","href":"https:\/\/api.w.org\/{rel}","templated":true}]}}