{"id":127329,"date":"2024-11-19T23:57:07","date_gmt":"2024-11-19T22:57:07","guid":{"rendered":"https:\/\/revolutionpadelstore.com\/paletero-bullpadel-bpp25020-neuron\/"},"modified":"2026-04-08T10:17:48","modified_gmt":"2026-04-08T08:17:48","slug":"paletero-bullpadel-bpp25020-neuron-1","status":"publish","type":"product","link":"https:\/\/revolutionpadelstore.com\/de\/produkt\/paletero-bullpadel-bpp25020-neuron-1\/","title":{"rendered":"PALETERO BULLPADEL BPP25020 NEURON"},"content":{"rendered":"<h2> Paletero Bullpadel Neuron BPP25020 Black <\/ H2><br \/>\nDer Bullpadel Paletero Neuron BPP25020 in schwarzer Farbe, das in Zusammenarbeit mit dem Player Fede Chingotto erstellt wurde, ist das perfekte Zubeh\u00f6r, um die Bullpadel -Neuronschaufel zu begleiten. Dieses Modell f\u00fcr M\u00e4nner zeichnet sich durch die Leichtigkeit, Funktionalit\u00e4t und sein exklusives Design mit der Signatur des Spielers auf, um die Anforderungen der Athleten zu erf\u00fcllen, die sich am meisten f\u00fcr ihre Ausr\u00fcstung engagieren.<\/p>\n<p>In Bezug auf seine Kapazit\u00e4t verf\u00fcgt es \u00fcber ein breites Hauptfach, in dem Sie Kleidung, Handt\u00fccher oder Accessoires effizient organisieren k\u00f6nnen. Dar\u00fcber hinaus verf\u00fcgt es \u00fcber zwei Kompartimente mit Thermosetechnologie, die ideal f\u00fcr die Speicherung von bis zu vier Paddelbl\u00e4ttern, wodurch sie vor pl\u00f6tzlichen Temperatur\u00e4nderungen sch\u00fctzt. Es umfasst auch einen bel\u00fcfteten und getrennten Raum f\u00fcr schmutzige Schuhe oder Kleidung, die eine korrekte Organisation garantiert und schlechte Ger\u00fcche oder Feuchtigkeits vermieden wird, die den Rest Ihrer Sachen beeinflussen.<\/p>\n<h3> Schutz und einfache Transport <\/ h3><br \/>\nAu\u00dferhalb der Paletero verf\u00fcgt die Paletero \u00fcber eine praktische Nebenpasche mit Balg, die einen zus\u00e4tzlichen Platz bietet, um schnelle Zugangsobjekte wie Flaschen, Handt\u00fccher oder Kugeln zu speichern. Diese Bullpadel -Paletero aus hochwertigen Materialien ist resistent, langlebig und leicht, was es zu einer komfortablen Option f\u00fcr Ihre Spiele oder Ihr Training macht.<\/p>\n<p>Der Bullpadel Neuron Paletero ist ideal f\u00fcr diejenigen, die ein Accessoire suchen, das Leistung, Ordnung und Stil kombiniert, und ist die perfekte Wahl, um sich auf der Strecke abzuheben, indem ein professionelles Design unterst\u00fctzt wird, das von Fede Chingotto gebilligt wird.<\/p>\n<h2>Paletero Bullpadel Neuron BPP25020 Negro<\/h2>\n","protected":false},"excerpt":{"rendered":"<p>Der Bullpadel Neuron Paletero in Black bietet Ihnen eine optimale Kombination aus Kapazit\u00e4t, Langlebigkeit und einfacher Transport dank seines Thermo -Faches und bel\u00fcfteten Raums f\u00fcr Schuhe. Erstellt in Zusammenarbeit mit Chingotto.<\/p>\n","protected":false},"featured_media":115947,"comment_status":"open","ping_status":"closed","template":"","meta":{"_acf_changed":false,"_joinchat":[]},"acabado":[],"balance":[],"dureza":[],"forma":[],"jugador":[],"marca":[1254],"nivel-de-juego":[],"superficie":[],"tipo-de-juego":[],"product_brand":[],"product_cat":[314],"product_tag":[],"class_list":{"0":"post-127329","1":"product","2":"type-product","3":"status-publish","4":"has-post-thumbnail","6":"marca-bullpadel-de","7":"product_cat-taschen","9":"first","10":"instock","11":"sale","12":"taxable","13":"shipping-taxable","14":"purchasable","15":"product-type-simple"},"acf":[],"yoast_head":"<!-- This site is optimized with the Yoast SEO plugin v27.4 - https:\/\/yoast.com\/product\/yoast-seo-wordpress\/ -->\n<title>PALETERO BULLPADEL BPP25020 NEURON - Revolution Padel Store<\/title>\n<meta name=\"description\" content=\"El paletero Neuron de Bullpadel en color negro, dise\u00f1ado en colaboraci\u00f3n con el jugador Fede Chingotto, es el complemento ideal para la pala Bullpadel Neuron. Este paletero para hombre combina ligereza, practicidad y un dise\u00f1o exclusivo con la firma del jugador, pensado para satisfacer las necesidades de los jugadores de p\u00e1del m\u00e1s exigentes con su equipamiento deportivo.\" \/>\n<meta name=\"robots\" content=\"index, follow, max-snippet:-1, max-image-preview:large, max-video-preview:-1\" \/>\n<link rel=\"canonical\" href=\"https:\/\/revolutionpadelstore.com\/de\/produkt\/paletero-bullpadel-bpp25020-neuron-1\/\" \/>\n<meta property=\"og:locale\" content=\"de_DE\" \/>\n<meta property=\"og:type\" content=\"article\" \/>\n<meta property=\"og:title\" content=\"PALETERO BULLPADEL BPP25020 NEURON - Revolution Padel Store\" \/>\n<meta property=\"og:description\" content=\"El paletero Neuron de Bullpadel en color negro, dise\u00f1ado en colaboraci\u00f3n con el jugador Fede Chingotto, es el complemento ideal para la pala Bullpadel Neuron. Este paletero para hombre combina ligereza, practicidad y un dise\u00f1o exclusivo con la firma del jugador, pensado para satisfacer las necesidades de los jugadores de p\u00e1del m\u00e1s exigentes con su equipamiento deportivo.\" \/>\n<meta property=\"og:url\" content=\"https:\/\/revolutionpadelstore.com\/de\/produkt\/paletero-bullpadel-bpp25020-neuron-1\/\" \/>\n<meta property=\"og:site_name\" content=\"Revolution Padel Store\" \/>\n<meta property=\"article:modified_time\" content=\"2026-04-08T08:17:48+00:00\" \/>\n<meta property=\"og:image\" content=\"https:\/\/revolutionpadelstore.com\/wp-content\/uploads\/2024\/11\/113820-paletero-bullpadel-bpp25020-neuron-448148-1500x1500-1.webp\" \/>\n\t<meta property=\"og:image:width\" content=\"1500\" \/>\n\t<meta property=\"og:image:height\" content=\"1500\" \/>\n\t<meta property=\"og:image:type\" content=\"image\/webp\" \/>\n<meta name=\"twitter:card\" content=\"summary_large_image\" \/>\n<meta name=\"twitter:label1\" content=\"Gesch\u00e4tzte Lesezeit\" \/>\n\t<meta name=\"twitter:data1\" content=\"1\u00a0Minute\" \/>\n<script type=\"application\/ld+json\" class=\"yoast-schema-graph\">{\"@context\":\"https:\\\/\\\/schema.org\",\"@graph\":[{\"@type\":\"WebPage\",\"@id\":\"https:\\\/\\\/revolutionpadelstore.com\\\/de\\\/produkt\\\/paletero-bullpadel-bpp25020-neuron-1\\\/\",\"url\":\"https:\\\/\\\/revolutionpadelstore.com\\\/de\\\/produkt\\\/paletero-bullpadel-bpp25020-neuron-1\\\/\",\"name\":\"PALETERO BULLPADEL BPP25020 NEURON - Revolution Padel Store\",\"isPartOf\":{\"@id\":\"https:\\\/\\\/revolutionpadelstore.com\\\/de\\\/#website\"},\"primaryImageOfPage\":{\"@id\":\"https:\\\/\\\/revolutionpadelstore.com\\\/de\\\/produkt\\\/paletero-bullpadel-bpp25020-neuron-1\\\/#primaryimage\"},\"image\":{\"@id\":\"https:\\\/\\\/revolutionpadelstore.com\\\/de\\\/produkt\\\/paletero-bullpadel-bpp25020-neuron-1\\\/#primaryimage\"},\"thumbnailUrl\":\"https:\\\/\\\/revolutionpadelstore.com\\\/wp-content\\\/uploads\\\/2024\\\/11\\\/113820-paletero-bullpadel-bpp25020-neuron-448148-1500x1500-1.webp\",\"datePublished\":\"2024-11-19T22:57:07+00:00\",\"dateModified\":\"2026-04-08T08:17:48+00:00\",\"description\":\"El paletero Neuron de Bullpadel en color negro, dise\u00f1ado en colaboraci\u00f3n con el jugador Fede Chingotto, es el complemento ideal para la pala Bullpadel Neuron. Este paletero para hombre combina ligereza, practicidad y un dise\u00f1o exclusivo con la firma del jugador, pensado para satisfacer las necesidades de los jugadores de p\u00e1del m\u00e1s exigentes con su equipamiento deportivo.\",\"breadcrumb\":{\"@id\":\"https:\\\/\\\/revolutionpadelstore.com\\\/de\\\/produkt\\\/paletero-bullpadel-bpp25020-neuron-1\\\/#breadcrumb\"},\"inLanguage\":\"de\",\"potentialAction\":[{\"@type\":\"ReadAction\",\"target\":[\"https:\\\/\\\/revolutionpadelstore.com\\\/de\\\/produkt\\\/paletero-bullpadel-bpp25020-neuron-1\\\/\"]}]},{\"@type\":\"ImageObject\",\"inLanguage\":\"de\",\"@id\":\"https:\\\/\\\/revolutionpadelstore.com\\\/de\\\/produkt\\\/paletero-bullpadel-bpp25020-neuron-1\\\/#primaryimage\",\"url\":\"https:\\\/\\\/revolutionpadelstore.com\\\/wp-content\\\/uploads\\\/2024\\\/11\\\/113820-paletero-bullpadel-bpp25020-neuron-448148-1500x1500-1.webp\",\"contentUrl\":\"https:\\\/\\\/revolutionpadelstore.com\\\/wp-content\\\/uploads\\\/2024\\\/11\\\/113820-paletero-bullpadel-bpp25020-neuron-448148-1500x1500-1.webp\",\"width\":1500,\"height\":1500},{\"@type\":\"BreadcrumbList\",\"@id\":\"https:\\\/\\\/revolutionpadelstore.com\\\/de\\\/produkt\\\/paletero-bullpadel-bpp25020-neuron-1\\\/#breadcrumb\",\"itemListElement\":[{\"@type\":\"ListItem\",\"position\":1,\"name\":\"Portada\",\"item\":\"https:\\\/\\\/revolutionpadelstore.com\\\/de\\\/\"},{\"@type\":\"ListItem\",\"position\":2,\"name\":\"Shop\",\"item\":\"https:\\\/\\\/revolutionpadelstore.com\\\/de\\\/tienda\\\/\"},{\"@type\":\"ListItem\",\"position\":3,\"name\":\"PALETERO BULLPADEL BPP25020 NEURON\"}]},{\"@type\":\"WebSite\",\"@id\":\"https:\\\/\\\/revolutionpadelstore.com\\\/de\\\/#website\",\"url\":\"https:\\\/\\\/revolutionpadelstore.com\\\/de\\\/\",\"name\":\"Revolution Padel Store\",\"description\":\"\",\"publisher\":{\"@id\":\"https:\\\/\\\/revolutionpadelstore.com\\\/de\\\/#organization\"},\"potentialAction\":[{\"@type\":\"SearchAction\",\"target\":{\"@type\":\"EntryPoint\",\"urlTemplate\":\"https:\\\/\\\/revolutionpadelstore.com\\\/de\\\/?s={search_term_string}\"},\"query-input\":{\"@type\":\"PropertyValueSpecification\",\"valueRequired\":true,\"valueName\":\"search_term_string\"}}],\"inLanguage\":\"de\"},{\"@type\":\"Organization\",\"@id\":\"https:\\\/\\\/revolutionpadelstore.com\\\/de\\\/#organization\",\"name\":\"Revolution Padel Store\",\"url\":\"https:\\\/\\\/revolutionpadelstore.com\\\/de\\\/\",\"logo\":{\"@type\":\"ImageObject\",\"inLanguage\":\"de\",\"@id\":\"https:\\\/\\\/revolutionpadelstore.com\\\/de\\\/#\\\/schema\\\/logo\\\/image\\\/\",\"url\":\"https:\\\/\\\/revolutionpadelstore.com\\\/wp-content\\\/uploads\\\/2026\\\/02\\\/revolution-padel-store.jpg\",\"contentUrl\":\"https:\\\/\\\/revolutionpadelstore.com\\\/wp-content\\\/uploads\\\/2026\\\/02\\\/revolution-padel-store.jpg\",\"width\":2000,\"height\":2000,\"caption\":\"Revolution Padel Store\"},\"image\":{\"@id\":\"https:\\\/\\\/revolutionpadelstore.com\\\/de\\\/#\\\/schema\\\/logo\\\/image\\\/\"},\"sameAs\":[\"https:\\\/\\\/www.instagram.com\\\/revolutionpadelstore\\\/\"]}]}<\/script>\n<!-- \/ Yoast SEO plugin. -->","yoast_head_json":{"title":"PALETERO BULLPADEL BPP25020 NEURON - Revolution Padel Store","description":"El paletero Neuron de Bullpadel en color negro, dise\u00f1ado en colaboraci\u00f3n con el jugador Fede Chingotto, es el complemento ideal para la pala Bullpadel Neuron. Este paletero para hombre combina ligereza, practicidad y un dise\u00f1o exclusivo con la firma del jugador, pensado para satisfacer las necesidades de los jugadores de p\u00e1del m\u00e1s exigentes con su equipamiento deportivo.","robots":{"index":"index","follow":"follow","max-snippet":"max-snippet:-1","max-image-preview":"max-image-preview:large","max-video-preview":"max-video-preview:-1"},"canonical":"https:\/\/revolutionpadelstore.com\/de\/produkt\/paletero-bullpadel-bpp25020-neuron-1\/","og_locale":"de_DE","og_type":"article","og_title":"PALETERO BULLPADEL BPP25020 NEURON - Revolution Padel Store","og_description":"El paletero Neuron de Bullpadel en color negro, dise\u00f1ado en colaboraci\u00f3n con el jugador Fede Chingotto, es el complemento ideal para la pala Bullpadel Neuron. Este paletero para hombre combina ligereza, practicidad y un dise\u00f1o exclusivo con la firma del jugador, pensado para satisfacer las necesidades de los jugadores de p\u00e1del m\u00e1s exigentes con su equipamiento deportivo.","og_url":"https:\/\/revolutionpadelstore.com\/de\/produkt\/paletero-bullpadel-bpp25020-neuron-1\/","og_site_name":"Revolution Padel Store","article_modified_time":"2026-04-08T08:17:48+00:00","og_image":[{"width":1500,"height":1500,"url":"https:\/\/revolutionpadelstore.com\/wp-content\/uploads\/2024\/11\/113820-paletero-bullpadel-bpp25020-neuron-448148-1500x1500-1.webp","type":"image\/webp"}],"twitter_card":"summary_large_image","twitter_misc":{"Gesch\u00e4tzte Lesezeit":"1\u00a0Minute"},"schema":{"@context":"https:\/\/schema.org","@graph":[{"@type":"WebPage","@id":"https:\/\/revolutionpadelstore.com\/de\/produkt\/paletero-bullpadel-bpp25020-neuron-1\/","url":"https:\/\/revolutionpadelstore.com\/de\/produkt\/paletero-bullpadel-bpp25020-neuron-1\/","name":"PALETERO BULLPADEL BPP25020 NEURON - Revolution Padel Store","isPartOf":{"@id":"https:\/\/revolutionpadelstore.com\/de\/#website"},"primaryImageOfPage":{"@id":"https:\/\/revolutionpadelstore.com\/de\/produkt\/paletero-bullpadel-bpp25020-neuron-1\/#primaryimage"},"image":{"@id":"https:\/\/revolutionpadelstore.com\/de\/produkt\/paletero-bullpadel-bpp25020-neuron-1\/#primaryimage"},"thumbnailUrl":"https:\/\/revolutionpadelstore.com\/wp-content\/uploads\/2024\/11\/113820-paletero-bullpadel-bpp25020-neuron-448148-1500x1500-1.webp","datePublished":"2024-11-19T22:57:07+00:00","dateModified":"2026-04-08T08:17:48+00:00","description":"El paletero Neuron de Bullpadel en color negro, dise\u00f1ado en colaboraci\u00f3n con el jugador Fede Chingotto, es el complemento ideal para la pala Bullpadel Neuron. Este paletero para hombre combina ligereza, practicidad y un dise\u00f1o exclusivo con la firma del jugador, pensado para satisfacer las necesidades de los jugadores de p\u00e1del m\u00e1s exigentes con su equipamiento deportivo.","breadcrumb":{"@id":"https:\/\/revolutionpadelstore.com\/de\/produkt\/paletero-bullpadel-bpp25020-neuron-1\/#breadcrumb"},"inLanguage":"de","potentialAction":[{"@type":"ReadAction","target":["https:\/\/revolutionpadelstore.com\/de\/produkt\/paletero-bullpadel-bpp25020-neuron-1\/"]}]},{"@type":"ImageObject","inLanguage":"de","@id":"https:\/\/revolutionpadelstore.com\/de\/produkt\/paletero-bullpadel-bpp25020-neuron-1\/#primaryimage","url":"https:\/\/revolutionpadelstore.com\/wp-content\/uploads\/2024\/11\/113820-paletero-bullpadel-bpp25020-neuron-448148-1500x1500-1.webp","contentUrl":"https:\/\/revolutionpadelstore.com\/wp-content\/uploads\/2024\/11\/113820-paletero-bullpadel-bpp25020-neuron-448148-1500x1500-1.webp","width":1500,"height":1500},{"@type":"BreadcrumbList","@id":"https:\/\/revolutionpadelstore.com\/de\/produkt\/paletero-bullpadel-bpp25020-neuron-1\/#breadcrumb","itemListElement":[{"@type":"ListItem","position":1,"name":"Portada","item":"https:\/\/revolutionpadelstore.com\/de\/"},{"@type":"ListItem","position":2,"name":"Shop","item":"https:\/\/revolutionpadelstore.com\/de\/tienda\/"},{"@type":"ListItem","position":3,"name":"PALETERO BULLPADEL BPP25020 NEURON"}]},{"@type":"WebSite","@id":"https:\/\/revolutionpadelstore.com\/de\/#website","url":"https:\/\/revolutionpadelstore.com\/de\/","name":"Revolution Padel Store","description":"","publisher":{"@id":"https:\/\/revolutionpadelstore.com\/de\/#organization"},"potentialAction":[{"@type":"SearchAction","target":{"@type":"EntryPoint","urlTemplate":"https:\/\/revolutionpadelstore.com\/de\/?s={search_term_string}"},"query-input":{"@type":"PropertyValueSpecification","valueRequired":true,"valueName":"search_term_string"}}],"inLanguage":"de"},{"@type":"Organization","@id":"https:\/\/revolutionpadelstore.com\/de\/#organization","name":"Revolution Padel Store","url":"https:\/\/revolutionpadelstore.com\/de\/","logo":{"@type":"ImageObject","inLanguage":"de","@id":"https:\/\/revolutionpadelstore.com\/de\/#\/schema\/logo\/image\/","url":"https:\/\/revolutionpadelstore.com\/wp-content\/uploads\/2026\/02\/revolution-padel-store.jpg","contentUrl":"https:\/\/revolutionpadelstore.com\/wp-content\/uploads\/2026\/02\/revolution-padel-store.jpg","width":2000,"height":2000,"caption":"Revolution Padel Store"},"image":{"@id":"https:\/\/revolutionpadelstore.com\/de\/#\/schema\/logo\/image\/"},"sameAs":["https:\/\/www.instagram.com\/revolutionpadelstore\/"]}]}},"_links":{"self":[{"href":"https:\/\/revolutionpadelstore.com\/de\/wp-json\/wp\/v2\/product\/127329","targetHints":{"allow":["GET"]}}],"collection":[{"href":"https:\/\/revolutionpadelstore.com\/de\/wp-json\/wp\/v2\/product"}],"about":[{"href":"https:\/\/revolutionpadelstore.com\/de\/wp-json\/wp\/v2\/types\/product"}],"replies":[{"embeddable":true,"href":"https:\/\/revolutionpadelstore.com\/de\/wp-json\/wp\/v2\/comments?post=127329"}],"wp:featuredmedia":[{"embeddable":true,"href":"https:\/\/revolutionpadelstore.com\/de\/wp-json\/wp\/v2\/media\/115947"}],"wp:attachment":[{"href":"https:\/\/revolutionpadelstore.com\/de\/wp-json\/wp\/v2\/media?parent=127329"}],"wp:term":[{"taxonomy":"acabado","embeddable":true,"href":"https:\/\/revolutionpadelstore.com\/de\/wp-json\/wp\/v2\/acabado?post=127329"},{"taxonomy":"balance","embeddable":true,"href":"https:\/\/revolutionpadelstore.com\/de\/wp-json\/wp\/v2\/balance?post=127329"},{"taxonomy":"dureza","embeddable":true,"href":"https:\/\/revolutionpadelstore.com\/de\/wp-json\/wp\/v2\/dureza?post=127329"},{"taxonomy":"forma","embeddable":true,"href":"https:\/\/revolutionpadelstore.com\/de\/wp-json\/wp\/v2\/forma?post=127329"},{"taxonomy":"jugador","embeddable":true,"href":"https:\/\/revolutionpadelstore.com\/de\/wp-json\/wp\/v2\/jugador?post=127329"},{"taxonomy":"marca","embeddable":true,"href":"https:\/\/revolutionpadelstore.com\/de\/wp-json\/wp\/v2\/marca?post=127329"},{"taxonomy":"nivel-de-juego","embeddable":true,"href":"https:\/\/revolutionpadelstore.com\/de\/wp-json\/wp\/v2\/nivel-de-juego?post=127329"},{"taxonomy":"superficie","embeddable":true,"href":"https:\/\/revolutionpadelstore.com\/de\/wp-json\/wp\/v2\/superficie?post=127329"},{"taxonomy":"tipo-de-juego","embeddable":true,"href":"https:\/\/revolutionpadelstore.com\/de\/wp-json\/wp\/v2\/tipo-de-juego?post=127329"},{"taxonomy":"product_brand","embeddable":true,"href":"https:\/\/revolutionpadelstore.com\/de\/wp-json\/wp\/v2\/product_brand?post=127329"},{"taxonomy":"product_cat","embeddable":true,"href":"https:\/\/revolutionpadelstore.com\/de\/wp-json\/wp\/v2\/product_cat?post=127329"},{"taxonomy":"product_tag","embeddable":true,"href":"https:\/\/revolutionpadelstore.com\/de\/wp-json\/wp\/v2\/product_tag?post=127329"}],"curies":[{"name":"wp","href":"https:\/\/api.w.org\/{rel}","templated":true}]}}