{"id":126099,"date":"2024-11-22T08:08:30","date_gmt":"2024-11-22T07:08:30","guid":{"rendered":"https:\/\/revolutionpadelstore.com\/pack-bullpadel-vertex04-martin-di-nenno-2024\/"},"modified":"2026-04-01T06:54:42","modified_gmt":"2026-04-01T04:54:42","slug":"pack-bullpadel-vertex04-martin-di-nenno-2024","status":"publish","type":"product","link":"https:\/\/revolutionpadelstore.com\/de\/produkt\/pack-bullpadel-vertex04-martin-di-nenno-2024\/","title":{"rendered":"PACK BULLPADEL VERTEX04 MART\u00cdN DI NENNO 2024"},"content":{"rendered":"<p><strong> Bullpadel Pack Vertex 04 Mart\u00edn di Nenno 2024 <\/strong><\/p>\n<p>Der Bullpadel Vertex 04 Man Nenno 2024 ist die ideale Option f\u00fcr Fortgeschrittene oder Fachkr\u00e4fte, die nach einem vollst\u00e4ndigen und hochwertigen Set suchen, um ihre Leistung in jedem Spiel zu maximieren. Dieses Paket enth\u00e4lt den Schaufel mit Schaufel 04, einen Rucksack, ein Ballboot und eine \u00dcbergreifblasse.<\/p>\n<p><strong> Padel Blade Scheitelpunkt 04 Komfort <\/strong><\/p>\n<p>Dieses Paket enth\u00e4lt den herausragenden Vertex 04 Comfort Blade, insbesondere f\u00fcr Spieler, die nach Kraft in ihrem Spiel suchen. Mit einem Diamantformat und einem hohen Gleichgewicht sowie einem Gewicht von 360 und 370 Gramm bietet es einen leistungsstarken und kontrollierten Kleber. Die Blattebenen werden in Fibrix hergestellt, einer Kombination aus X-Glas und Kohlenstoff, die eine gro\u00dfe Haltbarkeit und die Aufprallwiderstand gew\u00e4hrleistet.<\/p>\n<p>Der Multieva -Kern, der aus zwei Schichten verschiedener Dichten besteht, bietet ein perfektes Gleichgewicht zwischen Kontrolle und Leistung in jedem Schlag. Die Topspin -Oberfl\u00e4che mit rauer Textur erm\u00f6glicht es, Effekte mit hoher Pr\u00e4zision auszuf\u00fchren. Dar\u00fcber hinaus erm\u00f6glicht das Customweight -System die Schaufel des Schaufels entsprechend den Vorlieben des Spielers. Der 100% ige Carbon Carbontube -Rahmen und die Curvatik -Technologie garantieren Best\u00e4ndigkeit gegen Torsionen und Stabilit\u00e4t, w\u00e4hrend der Herzscheitel die Vibrationen f\u00fcr einen komfortableren Schlag minimiert.<\/p>\n<p><strong> Paletero Bullpadel -Rucksack von Mart\u00edn di Nenno <\/strong><\/p>\n<p>Dieses Paket enth\u00e4lt auch einen eleganten schwarzen Polypiel -Rucksack mit roten Details und das leere Bullpadel -Logo. Der Rucksack ist ger\u00e4umig und funktionsf\u00e4hig, mit einem breiten Hauptfach, einem thermischen Fach, in dem bis zu zwei Klingen und ein bel\u00fcftetes Schandabteil aufbewahrt werden k\u00f6nnen, um mehr Hygiene aufrechtzuerhalten. Es hat auch eine gepolsterte Tasche f\u00fcr den Laptop und eine Schaumstoffsicherung f\u00fcr den Komfort beim Transport.<\/p>\n<p><strong> Blister -\u00dcberg\u00e4nge von Bullpadel und Ballflasche <\/strong><\/p>\n<p>Dieses Paket wird mit drei \u00dcbergriffen Bullpadel Black Microperforated, sehr saugf\u00e4hig und die Schaufelgr\u00f6\u00dfe sowie ein von der International Paddle Federation zugelassener Bullpadel -n\u00e4chstes Ballboot verbessert. Diese Kugeln werden mit einer Mischung aus nat\u00fcrlichen und synthetischen Pl\u00fcsch hergestellt, die eine hervorragende Geschwindigkeit und Haltbarkeit garantiert.<strong>Pack Bullpadel Vertex 04 Mart\u00edn Di Nenno 2024<\/strong><\/p>\n","protected":false},"excerpt":{"rendered":"<p>Bullpadel Pack Vertex 04 Mart\u00edn di Nenno 2024 mit professioneller Schaufel, praktischer Rucksack und offiziellen hochwertigen B\u00e4llen. Perfekt f\u00fcr fortgeschrittenes Spiel.<\/p>\n","protected":false},"featured_media":124908,"comment_status":"open","ping_status":"closed","template":"","meta":{"_acf_changed":false,"_joinchat":[]},"acabado":[1104],"balance":[1134],"dureza":[1154],"forma":[1169],"jugador":[1189,1199],"marca":[1254],"nivel-de-juego":[1334],"superficie":[1359],"tipo-de-juego":[1374],"product_brand":[],"product_cat":[299],"product_tag":[],"class_list":{"0":"post-126099","1":"product","2":"type-product","3":"status-publish","4":"has-post-thumbnail","6":"acabado-rau","7":"balance-hoch","8":"dureza-media-de","9":"forma-diamante-de","10":"jugador-mann","11":"jugador-mehrzweck","12":"marca-bullpadel-de","13":"superficie-rugosa-de","14":"tipo-de-juego-leistung","15":"product_cat-palas-de-padel-de","17":"first","18":"instock","19":"sale","20":"taxable","21":"shipping-taxable","22":"purchasable","23":"product-type-simple"},"acf":[],"yoast_head":"<!-- This site is optimized with the Yoast SEO plugin v27.3 - https:\/\/yoast.com\/product\/yoast-seo-wordpress\/ -->\n<title>PACK BULLPADEL VERTEX04 MART\u00cdN DI NENNO 2024 - Revolution Padel Store<\/title>\n<meta name=\"description\" content=\"El Pack Bullpadel Vertex 04 Mant\u00edn Di Nenno 2024 es la opci\u00f3n ideal para jugadores de p\u00e1del avanzados o profesionales que buscan un set completo y de alta calidad para rendir al m\u00e1ximo en cada partido. Pack de pala Vertex, una mochila, un bote de pelotas y un bl\u00edster de overgrips.\" \/>\n<meta name=\"robots\" content=\"index, follow, max-snippet:-1, max-image-preview:large, max-video-preview:-1\" \/>\n<link rel=\"canonical\" href=\"https:\/\/revolutionpadelstore.com\/de\/produkt\/pack-bullpadel-vertex04-martin-di-nenno-2024\/\" \/>\n<meta property=\"og:locale\" content=\"de_DE\" \/>\n<meta property=\"og:type\" content=\"article\" \/>\n<meta property=\"og:title\" content=\"PACK BULLPADEL VERTEX04 MART\u00cdN DI NENNO 2024 - Revolution Padel Store\" \/>\n<meta property=\"og:description\" content=\"El Pack Bullpadel Vertex 04 Mant\u00edn Di Nenno 2024 es la opci\u00f3n ideal para jugadores de p\u00e1del avanzados o profesionales que buscan un set completo y de alta calidad para rendir al m\u00e1ximo en cada partido. Pack de pala Vertex, una mochila, un bote de pelotas y un bl\u00edster de overgrips.\" \/>\n<meta property=\"og:url\" content=\"https:\/\/revolutionpadelstore.com\/de\/produkt\/pack-bullpadel-vertex04-martin-di-nenno-2024\/\" \/>\n<meta property=\"og:site_name\" content=\"Revolution Padel Store\" \/>\n<meta property=\"article:modified_time\" content=\"2026-04-01T04:54:42+00:00\" \/>\n<meta property=\"og:image\" content=\"https:\/\/revolutionpadelstore.com\/wp-content\/uploads\/2024\/11\/113006-pack-bullpadel-vertex04-man-448209-1500x1500-1.webp\" \/>\n\t<meta property=\"og:image:width\" content=\"1500\" \/>\n\t<meta property=\"og:image:height\" content=\"1500\" \/>\n\t<meta property=\"og:image:type\" content=\"image\/webp\" \/>\n<meta name=\"twitter:card\" content=\"summary_large_image\" \/>\n<meta name=\"twitter:label1\" content=\"Gesch\u00e4tzte Lesezeit\" \/>\n\t<meta name=\"twitter:data1\" content=\"2\u00a0Minuten\" \/>\n<script type=\"application\/ld+json\" class=\"yoast-schema-graph\">{\"@context\":\"https:\\\/\\\/schema.org\",\"@graph\":[{\"@type\":\"WebPage\",\"@id\":\"https:\\\/\\\/revolutionpadelstore.com\\\/de\\\/produkt\\\/pack-bullpadel-vertex04-martin-di-nenno-2024\\\/\",\"url\":\"https:\\\/\\\/revolutionpadelstore.com\\\/de\\\/produkt\\\/pack-bullpadel-vertex04-martin-di-nenno-2024\\\/\",\"name\":\"PACK BULLPADEL VERTEX04 MART\u00cdN DI NENNO 2024 - Revolution Padel Store\",\"isPartOf\":{\"@id\":\"https:\\\/\\\/revolutionpadelstore.com\\\/de\\\/#website\"},\"primaryImageOfPage\":{\"@id\":\"https:\\\/\\\/revolutionpadelstore.com\\\/de\\\/produkt\\\/pack-bullpadel-vertex04-martin-di-nenno-2024\\\/#primaryimage\"},\"image\":{\"@id\":\"https:\\\/\\\/revolutionpadelstore.com\\\/de\\\/produkt\\\/pack-bullpadel-vertex04-martin-di-nenno-2024\\\/#primaryimage\"},\"thumbnailUrl\":\"https:\\\/\\\/revolutionpadelstore.com\\\/wp-content\\\/uploads\\\/2024\\\/11\\\/113006-pack-bullpadel-vertex04-man-448209-1500x1500-1.webp\",\"datePublished\":\"2024-11-22T07:08:30+00:00\",\"dateModified\":\"2026-04-01T04:54:42+00:00\",\"description\":\"El Pack Bullpadel Vertex 04 Mant\u00edn Di Nenno 2024 es la opci\u00f3n ideal para jugadores de p\u00e1del avanzados o profesionales que buscan un set completo y de alta calidad para rendir al m\u00e1ximo en cada partido. Pack de pala Vertex, una mochila, un bote de pelotas y un bl\u00edster de overgrips.\",\"breadcrumb\":{\"@id\":\"https:\\\/\\\/revolutionpadelstore.com\\\/de\\\/produkt\\\/pack-bullpadel-vertex04-martin-di-nenno-2024\\\/#breadcrumb\"},\"inLanguage\":\"de\",\"potentialAction\":[{\"@type\":\"ReadAction\",\"target\":[\"https:\\\/\\\/revolutionpadelstore.com\\\/de\\\/produkt\\\/pack-bullpadel-vertex04-martin-di-nenno-2024\\\/\"]}]},{\"@type\":\"ImageObject\",\"inLanguage\":\"de\",\"@id\":\"https:\\\/\\\/revolutionpadelstore.com\\\/de\\\/produkt\\\/pack-bullpadel-vertex04-martin-di-nenno-2024\\\/#primaryimage\",\"url\":\"https:\\\/\\\/revolutionpadelstore.com\\\/wp-content\\\/uploads\\\/2024\\\/11\\\/113006-pack-bullpadel-vertex04-man-448209-1500x1500-1.webp\",\"contentUrl\":\"https:\\\/\\\/revolutionpadelstore.com\\\/wp-content\\\/uploads\\\/2024\\\/11\\\/113006-pack-bullpadel-vertex04-man-448209-1500x1500-1.webp\",\"width\":1500,\"height\":1500},{\"@type\":\"BreadcrumbList\",\"@id\":\"https:\\\/\\\/revolutionpadelstore.com\\\/de\\\/produkt\\\/pack-bullpadel-vertex04-martin-di-nenno-2024\\\/#breadcrumb\",\"itemListElement\":[{\"@type\":\"ListItem\",\"position\":1,\"name\":\"Portada\",\"item\":\"https:\\\/\\\/revolutionpadelstore.com\\\/de\\\/\"},{\"@type\":\"ListItem\",\"position\":2,\"name\":\"Shop\",\"item\":\"https:\\\/\\\/revolutionpadelstore.com\\\/de\\\/tienda\\\/\"},{\"@type\":\"ListItem\",\"position\":3,\"name\":\"PACK BULLPADEL VERTEX04 MART\u00cdN DI NENNO 2024\"}]},{\"@type\":\"WebSite\",\"@id\":\"https:\\\/\\\/revolutionpadelstore.com\\\/de\\\/#website\",\"url\":\"https:\\\/\\\/revolutionpadelstore.com\\\/de\\\/\",\"name\":\"Revolution Padel Store\",\"description\":\"\",\"publisher\":{\"@id\":\"https:\\\/\\\/revolutionpadelstore.com\\\/de\\\/#organization\"},\"potentialAction\":[{\"@type\":\"SearchAction\",\"target\":{\"@type\":\"EntryPoint\",\"urlTemplate\":\"https:\\\/\\\/revolutionpadelstore.com\\\/de\\\/?s={search_term_string}\"},\"query-input\":{\"@type\":\"PropertyValueSpecification\",\"valueRequired\":true,\"valueName\":\"search_term_string\"}}],\"inLanguage\":\"de\"},{\"@type\":\"Organization\",\"@id\":\"https:\\\/\\\/revolutionpadelstore.com\\\/de\\\/#organization\",\"name\":\"Revolution Padel Store\",\"url\":\"https:\\\/\\\/revolutionpadelstore.com\\\/de\\\/\",\"logo\":{\"@type\":\"ImageObject\",\"inLanguage\":\"de\",\"@id\":\"https:\\\/\\\/revolutionpadelstore.com\\\/de\\\/#\\\/schema\\\/logo\\\/image\\\/\",\"url\":\"https:\\\/\\\/revolutionpadelstore.com\\\/wp-content\\\/uploads\\\/2026\\\/02\\\/revolution-padel-store.jpg\",\"contentUrl\":\"https:\\\/\\\/revolutionpadelstore.com\\\/wp-content\\\/uploads\\\/2026\\\/02\\\/revolution-padel-store.jpg\",\"width\":2000,\"height\":2000,\"caption\":\"Revolution Padel Store\"},\"image\":{\"@id\":\"https:\\\/\\\/revolutionpadelstore.com\\\/de\\\/#\\\/schema\\\/logo\\\/image\\\/\"},\"sameAs\":[\"https:\\\/\\\/www.instagram.com\\\/revolutionpadelstore\\\/\"]}]}<\/script>\n<!-- \/ Yoast SEO plugin. -->","yoast_head_json":{"title":"PACK BULLPADEL VERTEX04 MART\u00cdN DI NENNO 2024 - Revolution Padel Store","description":"El Pack Bullpadel Vertex 04 Mant\u00edn Di Nenno 2024 es la opci\u00f3n ideal para jugadores de p\u00e1del avanzados o profesionales que buscan un set completo y de alta calidad para rendir al m\u00e1ximo en cada partido. Pack de pala Vertex, una mochila, un bote de pelotas y un bl\u00edster de overgrips.","robots":{"index":"index","follow":"follow","max-snippet":"max-snippet:-1","max-image-preview":"max-image-preview:large","max-video-preview":"max-video-preview:-1"},"canonical":"https:\/\/revolutionpadelstore.com\/de\/produkt\/pack-bullpadel-vertex04-martin-di-nenno-2024\/","og_locale":"de_DE","og_type":"article","og_title":"PACK BULLPADEL VERTEX04 MART\u00cdN DI NENNO 2024 - Revolution Padel Store","og_description":"El Pack Bullpadel Vertex 04 Mant\u00edn Di Nenno 2024 es la opci\u00f3n ideal para jugadores de p\u00e1del avanzados o profesionales que buscan un set completo y de alta calidad para rendir al m\u00e1ximo en cada partido. Pack de pala Vertex, una mochila, un bote de pelotas y un bl\u00edster de overgrips.","og_url":"https:\/\/revolutionpadelstore.com\/de\/produkt\/pack-bullpadel-vertex04-martin-di-nenno-2024\/","og_site_name":"Revolution Padel Store","article_modified_time":"2026-04-01T04:54:42+00:00","og_image":[{"width":1500,"height":1500,"url":"https:\/\/revolutionpadelstore.com\/wp-content\/uploads\/2024\/11\/113006-pack-bullpadel-vertex04-man-448209-1500x1500-1.webp","type":"image\/webp"}],"twitter_card":"summary_large_image","twitter_misc":{"Gesch\u00e4tzte Lesezeit":"2\u00a0Minuten"},"schema":{"@context":"https:\/\/schema.org","@graph":[{"@type":"WebPage","@id":"https:\/\/revolutionpadelstore.com\/de\/produkt\/pack-bullpadel-vertex04-martin-di-nenno-2024\/","url":"https:\/\/revolutionpadelstore.com\/de\/produkt\/pack-bullpadel-vertex04-martin-di-nenno-2024\/","name":"PACK BULLPADEL VERTEX04 MART\u00cdN DI NENNO 2024 - Revolution Padel Store","isPartOf":{"@id":"https:\/\/revolutionpadelstore.com\/de\/#website"},"primaryImageOfPage":{"@id":"https:\/\/revolutionpadelstore.com\/de\/produkt\/pack-bullpadel-vertex04-martin-di-nenno-2024\/#primaryimage"},"image":{"@id":"https:\/\/revolutionpadelstore.com\/de\/produkt\/pack-bullpadel-vertex04-martin-di-nenno-2024\/#primaryimage"},"thumbnailUrl":"https:\/\/revolutionpadelstore.com\/wp-content\/uploads\/2024\/11\/113006-pack-bullpadel-vertex04-man-448209-1500x1500-1.webp","datePublished":"2024-11-22T07:08:30+00:00","dateModified":"2026-04-01T04:54:42+00:00","description":"El Pack Bullpadel Vertex 04 Mant\u00edn Di Nenno 2024 es la opci\u00f3n ideal para jugadores de p\u00e1del avanzados o profesionales que buscan un set completo y de alta calidad para rendir al m\u00e1ximo en cada partido. Pack de pala Vertex, una mochila, un bote de pelotas y un bl\u00edster de overgrips.","breadcrumb":{"@id":"https:\/\/revolutionpadelstore.com\/de\/produkt\/pack-bullpadel-vertex04-martin-di-nenno-2024\/#breadcrumb"},"inLanguage":"de","potentialAction":[{"@type":"ReadAction","target":["https:\/\/revolutionpadelstore.com\/de\/produkt\/pack-bullpadel-vertex04-martin-di-nenno-2024\/"]}]},{"@type":"ImageObject","inLanguage":"de","@id":"https:\/\/revolutionpadelstore.com\/de\/produkt\/pack-bullpadel-vertex04-martin-di-nenno-2024\/#primaryimage","url":"https:\/\/revolutionpadelstore.com\/wp-content\/uploads\/2024\/11\/113006-pack-bullpadel-vertex04-man-448209-1500x1500-1.webp","contentUrl":"https:\/\/revolutionpadelstore.com\/wp-content\/uploads\/2024\/11\/113006-pack-bullpadel-vertex04-man-448209-1500x1500-1.webp","width":1500,"height":1500},{"@type":"BreadcrumbList","@id":"https:\/\/revolutionpadelstore.com\/de\/produkt\/pack-bullpadel-vertex04-martin-di-nenno-2024\/#breadcrumb","itemListElement":[{"@type":"ListItem","position":1,"name":"Portada","item":"https:\/\/revolutionpadelstore.com\/de\/"},{"@type":"ListItem","position":2,"name":"Shop","item":"https:\/\/revolutionpadelstore.com\/de\/tienda\/"},{"@type":"ListItem","position":3,"name":"PACK BULLPADEL VERTEX04 MART\u00cdN DI NENNO 2024"}]},{"@type":"WebSite","@id":"https:\/\/revolutionpadelstore.com\/de\/#website","url":"https:\/\/revolutionpadelstore.com\/de\/","name":"Revolution Padel Store","description":"","publisher":{"@id":"https:\/\/revolutionpadelstore.com\/de\/#organization"},"potentialAction":[{"@type":"SearchAction","target":{"@type":"EntryPoint","urlTemplate":"https:\/\/revolutionpadelstore.com\/de\/?s={search_term_string}"},"query-input":{"@type":"PropertyValueSpecification","valueRequired":true,"valueName":"search_term_string"}}],"inLanguage":"de"},{"@type":"Organization","@id":"https:\/\/revolutionpadelstore.com\/de\/#organization","name":"Revolution Padel Store","url":"https:\/\/revolutionpadelstore.com\/de\/","logo":{"@type":"ImageObject","inLanguage":"de","@id":"https:\/\/revolutionpadelstore.com\/de\/#\/schema\/logo\/image\/","url":"https:\/\/revolutionpadelstore.com\/wp-content\/uploads\/2026\/02\/revolution-padel-store.jpg","contentUrl":"https:\/\/revolutionpadelstore.com\/wp-content\/uploads\/2026\/02\/revolution-padel-store.jpg","width":2000,"height":2000,"caption":"Revolution Padel Store"},"image":{"@id":"https:\/\/revolutionpadelstore.com\/de\/#\/schema\/logo\/image\/"},"sameAs":["https:\/\/www.instagram.com\/revolutionpadelstore\/"]}]}},"_links":{"self":[{"href":"https:\/\/revolutionpadelstore.com\/de\/wp-json\/wp\/v2\/product\/126099","targetHints":{"allow":["GET"]}}],"collection":[{"href":"https:\/\/revolutionpadelstore.com\/de\/wp-json\/wp\/v2\/product"}],"about":[{"href":"https:\/\/revolutionpadelstore.com\/de\/wp-json\/wp\/v2\/types\/product"}],"replies":[{"embeddable":true,"href":"https:\/\/revolutionpadelstore.com\/de\/wp-json\/wp\/v2\/comments?post=126099"}],"wp:featuredmedia":[{"embeddable":true,"href":"https:\/\/revolutionpadelstore.com\/de\/wp-json\/wp\/v2\/media\/124908"}],"wp:attachment":[{"href":"https:\/\/revolutionpadelstore.com\/de\/wp-json\/wp\/v2\/media?parent=126099"}],"wp:term":[{"taxonomy":"acabado","embeddable":true,"href":"https:\/\/revolutionpadelstore.com\/de\/wp-json\/wp\/v2\/acabado?post=126099"},{"taxonomy":"balance","embeddable":true,"href":"https:\/\/revolutionpadelstore.com\/de\/wp-json\/wp\/v2\/balance?post=126099"},{"taxonomy":"dureza","embeddable":true,"href":"https:\/\/revolutionpadelstore.com\/de\/wp-json\/wp\/v2\/dureza?post=126099"},{"taxonomy":"forma","embeddable":true,"href":"https:\/\/revolutionpadelstore.com\/de\/wp-json\/wp\/v2\/forma?post=126099"},{"taxonomy":"jugador","embeddable":true,"href":"https:\/\/revolutionpadelstore.com\/de\/wp-json\/wp\/v2\/jugador?post=126099"},{"taxonomy":"marca","embeddable":true,"href":"https:\/\/revolutionpadelstore.com\/de\/wp-json\/wp\/v2\/marca?post=126099"},{"taxonomy":"nivel-de-juego","embeddable":true,"href":"https:\/\/revolutionpadelstore.com\/de\/wp-json\/wp\/v2\/nivel-de-juego?post=126099"},{"taxonomy":"superficie","embeddable":true,"href":"https:\/\/revolutionpadelstore.com\/de\/wp-json\/wp\/v2\/superficie?post=126099"},{"taxonomy":"tipo-de-juego","embeddable":true,"href":"https:\/\/revolutionpadelstore.com\/de\/wp-json\/wp\/v2\/tipo-de-juego?post=126099"},{"taxonomy":"product_brand","embeddable":true,"href":"https:\/\/revolutionpadelstore.com\/de\/wp-json\/wp\/v2\/product_brand?post=126099"},{"taxonomy":"product_cat","embeddable":true,"href":"https:\/\/revolutionpadelstore.com\/de\/wp-json\/wp\/v2\/product_cat?post=126099"},{"taxonomy":"product_tag","embeddable":true,"href":"https:\/\/revolutionpadelstore.com\/de\/wp-json\/wp\/v2\/product_tag?post=126099"}],"curies":[{"name":"wp","href":"https:\/\/api.w.org\/{rel}","templated":true}]}}