{"id":125469,"date":"2024-11-21T08:41:28","date_gmt":"2024-11-21T07:41:28","guid":{"rendered":"https:\/\/revolutionpadelstore.com\/mochila-siux-fusion-negro-rojo\/"},"modified":"2026-04-08T10:14:28","modified_gmt":"2026-04-08T08:14:28","slug":"mochila-siux-fusion-negro-rojo-1","status":"publish","type":"product","link":"https:\/\/revolutionpadelstore.com\/de\/produkt\/mochila-siux-fusion-negro-rojo-1\/","title":{"rendered":"MOCHILA SIUX FUSION NEGRO ROJO"},"content":{"rendered":"<p><strong> Warum wirst du das Siux -Paddel f\u00fcr Paddel lieben?<br \/>\nDer Siux -Rucksack wird in Polyester hergestellt, ein Material, das durch die einfache Sauberkeit und seinen gro\u00dfen Widerstand sowohl gegen Gewicht als auch bei unterschiedlichen Temperaturen gekennzeichnet ist. Dies stellt sicher, dass Ihre Paddelklingen und andere Accessoires in ausgezeichnetem Zustand bleiben. Dar\u00fcber hinaus bietet es dank des funktionalen Designs einen sicheren Transport. Es verf\u00fcgt \u00fcber mehrere interne F\u00e4cher und externe Taschen, mit denen Sie alles effizient organisieren k\u00f6nnen.<\/p>\n<p><strong> Wer ist der Siux -Paddel -Rucksack?<br \/>\nEs ist f\u00fcr Spieler konzipiert, ob Profis oder Amateure, die es vorziehen, nur das Wesentliche f\u00fcr ihre Spiele zu bringen. Es ist sowohl f\u00fcr M\u00e4nner als auch f\u00fcr Frauen geeignet. Obwohl seine Gr\u00f6\u00dfe kompakt ist, verf\u00fcgt es \u00fcber zwei gro\u00dfe interne F\u00e4cher, die Paddelbl\u00e4tter und andere Objekte erm\u00f6glichen, wie Kleidung, Schuhe, Kugeln und vieles mehr.<\/p>\n<p><strong> Design und Farben <\/strong><br \/>\nDer Siux -Rucksack verf\u00fcgt \u00fcber ein rechteckiges Design und ist in schwarzen und roten Farben erh\u00e4ltlich, mit roten Streifen auf der Vorderseite und dem Logo der Marke in derselben Farbe. Zus\u00e4tzlich zu den beiden internen F\u00e4chern enth\u00e4lt es zwei Seitnetzexterne Taschen, ideal f\u00fcr kleine Objekte wie Mobilger\u00e4te, Schl\u00fcssel oder eine Flasche Wasser.<\/p>\n<p>Es verf\u00fcgt \u00fcber zwei schwarze gepolsterte Griffe, die einen komfortablen Transport garantieren und Unbehagen auf den Schultern vermeiden. Die Klingen k\u00f6nnen vertikal im Inneren gespeichert werden.<\/p>\n<p><strong> Technische Merkmale des Siux -Paddel -Rucksacks<\/p>\n<p>-In attraktives Design in Schwarz und Rot.<\/p>\n<p>-Die hochwertige Materialien, hergestellt in Polyestergewebe.<\/p>\n<p>-Sosinsasy f\u00fcr mehr Komfort.<\/p>\n<p>-Worral -Netzr\u00fccken f\u00fcr kleine Objekte.<\/p>\n<p>-Kompakt und gleichzeitig ger\u00e4umig.<strong>\u00bfPor qu\u00e9 te encantar\u00e1 la mochila de p\u00e1del Siux?<\/strong><\/p>\n","protected":false},"excerpt":{"rendered":"<p>Der <strong> Siux -Paddel -Rucksack <\/strong> in schwarzen und roten Farben ist ein kompaktes, praktisches und leichtes Modell, um alles f\u00fcr Praktiken oder Paddelspiele notwendig zu halten.<strong>mochila de p\u00e1del Siux<\/strong><\/p>\n","protected":false},"featured_media":124744,"comment_status":"open","ping_status":"closed","template":"","meta":{"_acf_changed":false,"_joinchat":[]},"acabado":[],"balance":[],"dureza":[],"forma":[],"jugador":[],"marca":[1304],"nivel-de-juego":[],"superficie":[],"tipo-de-juego":[],"product_brand":[],"product_cat":[314],"product_tag":[],"class_list":{"0":"post-125469","1":"product","2":"type-product","3":"status-publish","4":"has-post-thumbnail","6":"marca-siux-de","7":"product_cat-taschen","9":"first","10":"outofstock","11":"taxable","12":"shipping-taxable","13":"purchasable","14":"product-type-simple"},"acf":[],"yoast_head":"<!-- This site is optimized with the Yoast SEO plugin v27.4 - https:\/\/yoast.com\/product\/yoast-seo-wordpress\/ -->\n<title>MOCHILA SIUX FUSION NEGRO ROJO - Revolution Padel Store<\/title>\n<meta name=\"description\" content=\"La mochila de p\u00e1del Siux est\u00e1 fabricada en tela de poli\u00e9ster, es de f\u00e1cil limpieza y resistente al peso y a diferentes temperaturas. Esto permite que se puedan conservar bien las palas de p\u00e1del y los dem\u00e1s accesorios. Adem\u00e1s, permite transportarlos de forma segura. La mochila de p\u00e1del tiene varios compartimentos internos y bolsillos externos para tener todo en orden.\" \/>\n<meta name=\"robots\" content=\"index, follow, max-snippet:-1, max-image-preview:large, max-video-preview:-1\" \/>\n<link rel=\"canonical\" href=\"https:\/\/revolutionpadelstore.com\/de\/produkt\/mochila-siux-fusion-negro-rojo-1\/\" \/>\n<meta property=\"og:locale\" content=\"de_DE\" \/>\n<meta property=\"og:type\" content=\"article\" \/>\n<meta property=\"og:title\" content=\"MOCHILA SIUX FUSION NEGRO ROJO - Revolution Padel Store\" \/>\n<meta property=\"og:description\" content=\"La mochila de p\u00e1del Siux est\u00e1 fabricada en tela de poli\u00e9ster, es de f\u00e1cil limpieza y resistente al peso y a diferentes temperaturas. Esto permite que se puedan conservar bien las palas de p\u00e1del y los dem\u00e1s accesorios. Adem\u00e1s, permite transportarlos de forma segura. La mochila de p\u00e1del tiene varios compartimentos internos y bolsillos externos para tener todo en orden.\" \/>\n<meta property=\"og:url\" content=\"https:\/\/revolutionpadelstore.com\/de\/produkt\/mochila-siux-fusion-negro-rojo-1\/\" \/>\n<meta property=\"og:site_name\" content=\"Revolution Padel Store\" \/>\n<meta property=\"article:modified_time\" content=\"2026-04-08T08:14:28+00:00\" \/>\n<meta property=\"og:image\" content=\"https:\/\/revolutionpadelstore.com\/wp-content\/uploads\/2024\/11\/SIUX_FUSION_RED_1000_1000_a9e5.webp\" \/>\n\t<meta property=\"og:image:width\" content=\"1000\" \/>\n\t<meta property=\"og:image:height\" content=\"1000\" \/>\n\t<meta property=\"og:image:type\" content=\"image\/webp\" \/>\n<meta name=\"twitter:card\" content=\"summary_large_image\" \/>\n<meta name=\"twitter:label1\" content=\"Gesch\u00e4tzte Lesezeit\" \/>\n\t<meta name=\"twitter:data1\" content=\"1\u00a0Minute\" \/>\n<script type=\"application\/ld+json\" class=\"yoast-schema-graph\">{\"@context\":\"https:\\\/\\\/schema.org\",\"@graph\":[{\"@type\":\"WebPage\",\"@id\":\"https:\\\/\\\/revolutionpadelstore.com\\\/de\\\/produkt\\\/mochila-siux-fusion-negro-rojo-1\\\/\",\"url\":\"https:\\\/\\\/revolutionpadelstore.com\\\/de\\\/produkt\\\/mochila-siux-fusion-negro-rojo-1\\\/\",\"name\":\"MOCHILA SIUX FUSION NEGRO ROJO - Revolution Padel Store\",\"isPartOf\":{\"@id\":\"https:\\\/\\\/revolutionpadelstore.com\\\/de\\\/#website\"},\"primaryImageOfPage\":{\"@id\":\"https:\\\/\\\/revolutionpadelstore.com\\\/de\\\/produkt\\\/mochila-siux-fusion-negro-rojo-1\\\/#primaryimage\"},\"image\":{\"@id\":\"https:\\\/\\\/revolutionpadelstore.com\\\/de\\\/produkt\\\/mochila-siux-fusion-negro-rojo-1\\\/#primaryimage\"},\"thumbnailUrl\":\"https:\\\/\\\/revolutionpadelstore.com\\\/wp-content\\\/uploads\\\/2024\\\/11\\\/SIUX_FUSION_RED_1000_1000_a9e5.webp\",\"datePublished\":\"2024-11-21T07:41:28+00:00\",\"dateModified\":\"2026-04-08T08:14:28+00:00\",\"description\":\"La mochila de p\u00e1del Siux est\u00e1 fabricada en tela de poli\u00e9ster, es de f\u00e1cil limpieza y resistente al peso y a diferentes temperaturas. Esto permite que se puedan conservar bien las palas de p\u00e1del y los dem\u00e1s accesorios. Adem\u00e1s, permite transportarlos de forma segura. La mochila de p\u00e1del tiene varios compartimentos internos y bolsillos externos para tener todo en orden.\",\"breadcrumb\":{\"@id\":\"https:\\\/\\\/revolutionpadelstore.com\\\/de\\\/produkt\\\/mochila-siux-fusion-negro-rojo-1\\\/#breadcrumb\"},\"inLanguage\":\"de\",\"potentialAction\":[{\"@type\":\"ReadAction\",\"target\":[\"https:\\\/\\\/revolutionpadelstore.com\\\/de\\\/produkt\\\/mochila-siux-fusion-negro-rojo-1\\\/\"]}]},{\"@type\":\"ImageObject\",\"inLanguage\":\"de\",\"@id\":\"https:\\\/\\\/revolutionpadelstore.com\\\/de\\\/produkt\\\/mochila-siux-fusion-negro-rojo-1\\\/#primaryimage\",\"url\":\"https:\\\/\\\/revolutionpadelstore.com\\\/wp-content\\\/uploads\\\/2024\\\/11\\\/SIUX_FUSION_RED_1000_1000_a9e5.webp\",\"contentUrl\":\"https:\\\/\\\/revolutionpadelstore.com\\\/wp-content\\\/uploads\\\/2024\\\/11\\\/SIUX_FUSION_RED_1000_1000_a9e5.webp\",\"width\":1000,\"height\":1000},{\"@type\":\"BreadcrumbList\",\"@id\":\"https:\\\/\\\/revolutionpadelstore.com\\\/de\\\/produkt\\\/mochila-siux-fusion-negro-rojo-1\\\/#breadcrumb\",\"itemListElement\":[{\"@type\":\"ListItem\",\"position\":1,\"name\":\"Portada\",\"item\":\"https:\\\/\\\/revolutionpadelstore.com\\\/de\\\/\"},{\"@type\":\"ListItem\",\"position\":2,\"name\":\"Shop\",\"item\":\"https:\\\/\\\/revolutionpadelstore.com\\\/de\\\/tienda\\\/\"},{\"@type\":\"ListItem\",\"position\":3,\"name\":\"MOCHILA SIUX FUSION NEGRO ROJO\"}]},{\"@type\":\"WebSite\",\"@id\":\"https:\\\/\\\/revolutionpadelstore.com\\\/de\\\/#website\",\"url\":\"https:\\\/\\\/revolutionpadelstore.com\\\/de\\\/\",\"name\":\"Revolution Padel Store\",\"description\":\"\",\"publisher\":{\"@id\":\"https:\\\/\\\/revolutionpadelstore.com\\\/de\\\/#organization\"},\"potentialAction\":[{\"@type\":\"SearchAction\",\"target\":{\"@type\":\"EntryPoint\",\"urlTemplate\":\"https:\\\/\\\/revolutionpadelstore.com\\\/de\\\/?s={search_term_string}\"},\"query-input\":{\"@type\":\"PropertyValueSpecification\",\"valueRequired\":true,\"valueName\":\"search_term_string\"}}],\"inLanguage\":\"de\"},{\"@type\":\"Organization\",\"@id\":\"https:\\\/\\\/revolutionpadelstore.com\\\/de\\\/#organization\",\"name\":\"Revolution Padel Store\",\"url\":\"https:\\\/\\\/revolutionpadelstore.com\\\/de\\\/\",\"logo\":{\"@type\":\"ImageObject\",\"inLanguage\":\"de\",\"@id\":\"https:\\\/\\\/revolutionpadelstore.com\\\/de\\\/#\\\/schema\\\/logo\\\/image\\\/\",\"url\":\"https:\\\/\\\/revolutionpadelstore.com\\\/wp-content\\\/uploads\\\/2026\\\/02\\\/revolution-padel-store.jpg\",\"contentUrl\":\"https:\\\/\\\/revolutionpadelstore.com\\\/wp-content\\\/uploads\\\/2026\\\/02\\\/revolution-padel-store.jpg\",\"width\":2000,\"height\":2000,\"caption\":\"Revolution Padel Store\"},\"image\":{\"@id\":\"https:\\\/\\\/revolutionpadelstore.com\\\/de\\\/#\\\/schema\\\/logo\\\/image\\\/\"},\"sameAs\":[\"https:\\\/\\\/www.instagram.com\\\/revolutionpadelstore\\\/\"]}]}<\/script>\n<!-- \/ Yoast SEO plugin. -->","yoast_head_json":{"title":"MOCHILA SIUX FUSION NEGRO ROJO - Revolution Padel Store","description":"La mochila de p\u00e1del Siux est\u00e1 fabricada en tela de poli\u00e9ster, es de f\u00e1cil limpieza y resistente al peso y a diferentes temperaturas. Esto permite que se puedan conservar bien las palas de p\u00e1del y los dem\u00e1s accesorios. Adem\u00e1s, permite transportarlos de forma segura. La mochila de p\u00e1del tiene varios compartimentos internos y bolsillos externos para tener todo en orden.","robots":{"index":"index","follow":"follow","max-snippet":"max-snippet:-1","max-image-preview":"max-image-preview:large","max-video-preview":"max-video-preview:-1"},"canonical":"https:\/\/revolutionpadelstore.com\/de\/produkt\/mochila-siux-fusion-negro-rojo-1\/","og_locale":"de_DE","og_type":"article","og_title":"MOCHILA SIUX FUSION NEGRO ROJO - Revolution Padel Store","og_description":"La mochila de p\u00e1del Siux est\u00e1 fabricada en tela de poli\u00e9ster, es de f\u00e1cil limpieza y resistente al peso y a diferentes temperaturas. Esto permite que se puedan conservar bien las palas de p\u00e1del y los dem\u00e1s accesorios. Adem\u00e1s, permite transportarlos de forma segura. La mochila de p\u00e1del tiene varios compartimentos internos y bolsillos externos para tener todo en orden.","og_url":"https:\/\/revolutionpadelstore.com\/de\/produkt\/mochila-siux-fusion-negro-rojo-1\/","og_site_name":"Revolution Padel Store","article_modified_time":"2026-04-08T08:14:28+00:00","og_image":[{"width":1000,"height":1000,"url":"https:\/\/revolutionpadelstore.com\/wp-content\/uploads\/2024\/11\/SIUX_FUSION_RED_1000_1000_a9e5.webp","type":"image\/webp"}],"twitter_card":"summary_large_image","twitter_misc":{"Gesch\u00e4tzte Lesezeit":"1\u00a0Minute"},"schema":{"@context":"https:\/\/schema.org","@graph":[{"@type":"WebPage","@id":"https:\/\/revolutionpadelstore.com\/de\/produkt\/mochila-siux-fusion-negro-rojo-1\/","url":"https:\/\/revolutionpadelstore.com\/de\/produkt\/mochila-siux-fusion-negro-rojo-1\/","name":"MOCHILA SIUX FUSION NEGRO ROJO - Revolution Padel Store","isPartOf":{"@id":"https:\/\/revolutionpadelstore.com\/de\/#website"},"primaryImageOfPage":{"@id":"https:\/\/revolutionpadelstore.com\/de\/produkt\/mochila-siux-fusion-negro-rojo-1\/#primaryimage"},"image":{"@id":"https:\/\/revolutionpadelstore.com\/de\/produkt\/mochila-siux-fusion-negro-rojo-1\/#primaryimage"},"thumbnailUrl":"https:\/\/revolutionpadelstore.com\/wp-content\/uploads\/2024\/11\/SIUX_FUSION_RED_1000_1000_a9e5.webp","datePublished":"2024-11-21T07:41:28+00:00","dateModified":"2026-04-08T08:14:28+00:00","description":"La mochila de p\u00e1del Siux est\u00e1 fabricada en tela de poli\u00e9ster, es de f\u00e1cil limpieza y resistente al peso y a diferentes temperaturas. Esto permite que se puedan conservar bien las palas de p\u00e1del y los dem\u00e1s accesorios. Adem\u00e1s, permite transportarlos de forma segura. La mochila de p\u00e1del tiene varios compartimentos internos y bolsillos externos para tener todo en orden.","breadcrumb":{"@id":"https:\/\/revolutionpadelstore.com\/de\/produkt\/mochila-siux-fusion-negro-rojo-1\/#breadcrumb"},"inLanguage":"de","potentialAction":[{"@type":"ReadAction","target":["https:\/\/revolutionpadelstore.com\/de\/produkt\/mochila-siux-fusion-negro-rojo-1\/"]}]},{"@type":"ImageObject","inLanguage":"de","@id":"https:\/\/revolutionpadelstore.com\/de\/produkt\/mochila-siux-fusion-negro-rojo-1\/#primaryimage","url":"https:\/\/revolutionpadelstore.com\/wp-content\/uploads\/2024\/11\/SIUX_FUSION_RED_1000_1000_a9e5.webp","contentUrl":"https:\/\/revolutionpadelstore.com\/wp-content\/uploads\/2024\/11\/SIUX_FUSION_RED_1000_1000_a9e5.webp","width":1000,"height":1000},{"@type":"BreadcrumbList","@id":"https:\/\/revolutionpadelstore.com\/de\/produkt\/mochila-siux-fusion-negro-rojo-1\/#breadcrumb","itemListElement":[{"@type":"ListItem","position":1,"name":"Portada","item":"https:\/\/revolutionpadelstore.com\/de\/"},{"@type":"ListItem","position":2,"name":"Shop","item":"https:\/\/revolutionpadelstore.com\/de\/tienda\/"},{"@type":"ListItem","position":3,"name":"MOCHILA SIUX FUSION NEGRO ROJO"}]},{"@type":"WebSite","@id":"https:\/\/revolutionpadelstore.com\/de\/#website","url":"https:\/\/revolutionpadelstore.com\/de\/","name":"Revolution Padel Store","description":"","publisher":{"@id":"https:\/\/revolutionpadelstore.com\/de\/#organization"},"potentialAction":[{"@type":"SearchAction","target":{"@type":"EntryPoint","urlTemplate":"https:\/\/revolutionpadelstore.com\/de\/?s={search_term_string}"},"query-input":{"@type":"PropertyValueSpecification","valueRequired":true,"valueName":"search_term_string"}}],"inLanguage":"de"},{"@type":"Organization","@id":"https:\/\/revolutionpadelstore.com\/de\/#organization","name":"Revolution Padel Store","url":"https:\/\/revolutionpadelstore.com\/de\/","logo":{"@type":"ImageObject","inLanguage":"de","@id":"https:\/\/revolutionpadelstore.com\/de\/#\/schema\/logo\/image\/","url":"https:\/\/revolutionpadelstore.com\/wp-content\/uploads\/2026\/02\/revolution-padel-store.jpg","contentUrl":"https:\/\/revolutionpadelstore.com\/wp-content\/uploads\/2026\/02\/revolution-padel-store.jpg","width":2000,"height":2000,"caption":"Revolution Padel Store"},"image":{"@id":"https:\/\/revolutionpadelstore.com\/de\/#\/schema\/logo\/image\/"},"sameAs":["https:\/\/www.instagram.com\/revolutionpadelstore\/"]}]}},"_links":{"self":[{"href":"https:\/\/revolutionpadelstore.com\/de\/wp-json\/wp\/v2\/product\/125469","targetHints":{"allow":["GET"]}}],"collection":[{"href":"https:\/\/revolutionpadelstore.com\/de\/wp-json\/wp\/v2\/product"}],"about":[{"href":"https:\/\/revolutionpadelstore.com\/de\/wp-json\/wp\/v2\/types\/product"}],"replies":[{"embeddable":true,"href":"https:\/\/revolutionpadelstore.com\/de\/wp-json\/wp\/v2\/comments?post=125469"}],"wp:featuredmedia":[{"embeddable":true,"href":"https:\/\/revolutionpadelstore.com\/de\/wp-json\/wp\/v2\/media\/124744"}],"wp:attachment":[{"href":"https:\/\/revolutionpadelstore.com\/de\/wp-json\/wp\/v2\/media?parent=125469"}],"wp:term":[{"taxonomy":"acabado","embeddable":true,"href":"https:\/\/revolutionpadelstore.com\/de\/wp-json\/wp\/v2\/acabado?post=125469"},{"taxonomy":"balance","embeddable":true,"href":"https:\/\/revolutionpadelstore.com\/de\/wp-json\/wp\/v2\/balance?post=125469"},{"taxonomy":"dureza","embeddable":true,"href":"https:\/\/revolutionpadelstore.com\/de\/wp-json\/wp\/v2\/dureza?post=125469"},{"taxonomy":"forma","embeddable":true,"href":"https:\/\/revolutionpadelstore.com\/de\/wp-json\/wp\/v2\/forma?post=125469"},{"taxonomy":"jugador","embeddable":true,"href":"https:\/\/revolutionpadelstore.com\/de\/wp-json\/wp\/v2\/jugador?post=125469"},{"taxonomy":"marca","embeddable":true,"href":"https:\/\/revolutionpadelstore.com\/de\/wp-json\/wp\/v2\/marca?post=125469"},{"taxonomy":"nivel-de-juego","embeddable":true,"href":"https:\/\/revolutionpadelstore.com\/de\/wp-json\/wp\/v2\/nivel-de-juego?post=125469"},{"taxonomy":"superficie","embeddable":true,"href":"https:\/\/revolutionpadelstore.com\/de\/wp-json\/wp\/v2\/superficie?post=125469"},{"taxonomy":"tipo-de-juego","embeddable":true,"href":"https:\/\/revolutionpadelstore.com\/de\/wp-json\/wp\/v2\/tipo-de-juego?post=125469"},{"taxonomy":"product_brand","embeddable":true,"href":"https:\/\/revolutionpadelstore.com\/de\/wp-json\/wp\/v2\/product_brand?post=125469"},{"taxonomy":"product_cat","embeddable":true,"href":"https:\/\/revolutionpadelstore.com\/de\/wp-json\/wp\/v2\/product_cat?post=125469"},{"taxonomy":"product_tag","embeddable":true,"href":"https:\/\/revolutionpadelstore.com\/de\/wp-json\/wp\/v2\/product_tag?post=125469"}],"curies":[{"name":"wp","href":"https:\/\/api.w.org\/{rel}","templated":true}]}}