{"id":125464,"date":"2024-11-22T08:17:30","date_gmt":"2024-11-22T07:17:30","guid":{"rendered":"https:\/\/revolutionpadelstore.com\/kombat-osorno\/"},"modified":"2026-04-01T06:54:18","modified_gmt":"2026-04-01T04:54:18","slug":"kombat-osorno","status":"publish","type":"product","link":"https:\/\/revolutionpadelstore.com\/de\/produkt\/kombat-osorno\/","title":{"rendered":"KOMBAT OSORNO"},"content":{"rendered":"<p><strong> Kombat Osorno, Tr\u00e4nenschaufelsammlung 2025 <\/strong><br \/>\nDer Kombat Osorno ist f\u00fcr diejenigen konzipiert, die ein perfektes Gleichgewicht zwischen Kraft und Komfort in ihrem Spiel suchen. Inspiriert von der Majest\u00e4t des Osorno -Vulkans in Chile hat diese Schaufel ein abtr\u00fcnniges Design, das eine hervorragende Leistung sowohl bei der Kontrolle als auch im Ball bietet. Der EVA -Gummi -Kern der Doppeldichte sorgt f\u00fcr ein weiches und pr\u00e4zises Gef\u00fchl in jedem Schlag, was agile und genaue Bewegungen erm\u00f6glicht. Wenn Sie eine Schaufel ben\u00f6tigen, die Komfort mit explosiver Leistung kombiniert, ist der Kombat Osorno die ideale Option, um Ihr Spiel auf neue H\u00f6hen zu bringen.<\/p>\n<p><strong> Kombat Osorno f\u00fcr vielseitige Spieler <\/strong><br \/>\nDer Kombat Osorno ist die perfekte Wahl f\u00fcr Spieler, die nach einer Schaufel suchen, die Komfort und exzellentes Ball -Outlet bietet, ohne die Kraft aufzugeben. Der Eva -Gummi -Kern der Doppeldichte ist ideal f\u00fcr diejenigen, die Geschwindigkeit in ihren Schl\u00e4gen erzeugen und immer eine au\u00dfergew\u00f6hnliche Kontrolle aufrechterhalten. Mit einem mittleren Gleichgewicht passt sich diese Schaufel an verschiedene Spielstile an und erleichtert sowohl Angriffe als auch Verteidigung. Sie sind bereits ein fortschrittlicher oder mittlerer Spieler, der Kombat Osorno erm\u00f6glicht es Ihnen, Ihre Leistung auf dem Platz zu verbessern und Ihnen ein komfortables und effizientes Spielerlebnis zu bieten.<\/p>\n<p><strong> Kombat Osorno im Revolution Padel Store <\/strong><\/p>\n<p>Warten Sie nicht l\u00e4nger, um Ihr Spiel mit dem <strong> Kombat Osorno <\/strong> zu verbessern. Mit seinem innovativen Design k\u00f6nnen Sie schnelle und pr\u00e4zise Schl\u00e4ge generieren, ohne die Kontrolle zu verlieren. Holen Sie sich Ihren und erleben Sie den Unterschied in Ihrem Training und Ihren Spielen!<strong>Kombat Osorno, pala de l\u00e1grima Colecci\u00f3n 2025<\/strong><\/p>\n","protected":false},"excerpt":{"rendered":"<p>Der Kombat Osorno bietet ein Gleichgewicht zwischen Kontrolle und Kraft, ideal f\u00fcr Spieler, die nach Komfort suchen, und einen gro\u00dfen Ballauslass in jedem Schlag.<\/p>\n","protected":false},"featured_media":124920,"comment_status":"open","ping_status":"closed","template":"","meta":{"_acf_changed":false,"_joinchat":[]},"acabado":[1089],"balance":[1139],"dureza":[1149],"forma":[1184],"jugador":[1189,1199],"marca":[1703],"nivel-de-juego":[1334],"superficie":[1359],"tipo-de-juego":[1384],"product_brand":[],"product_cat":[299],"product_tag":[],"class_list":{"0":"post-125464","1":"product","2":"type-product","3":"status-publish","4":"has-post-thumbnail","6":"acabado-3d-entlasten","7":"balance-mittel","8":"dureza-blanda-de","9":"forma-lagrima-de","10":"jugador-mann","11":"jugador-mehrzweck","12":"marca-kombat-de","13":"superficie-rugosa-de","14":"tipo-de-juego-mehrzweck","15":"product_cat-palas-de-padel-de","17":"first","18":"instock","19":"taxable","20":"shipping-taxable","21":"purchasable","22":"product-type-simple"},"acf":[],"yoast_head":"<!-- This site is optimized with the Yoast SEO plugin v27.3 - https:\/\/yoast.com\/product\/yoast-seo-wordpress\/ -->\n<title>KOMBAT OSORNO - Revolution Padel Store<\/title>\n<meta name=\"description\" content=\"La Kombat Osorno est\u00e1 pensada para quienes buscan un equilibrio perfecto entre potencia y confort en su juego. Inspirada en la majestuosidad del volc\u00e1n Osorno en Chile, esta pala tiene un dise\u00f1o en forma de l\u00e1grima que ofrece un rendimiento sobresaliente tanto en control como en salida de bola\" \/>\n<meta name=\"robots\" content=\"index, follow, max-snippet:-1, max-image-preview:large, max-video-preview:-1\" \/>\n<link rel=\"canonical\" href=\"https:\/\/revolutionpadelstore.com\/de\/produkt\/kombat-osorno\/\" \/>\n<meta property=\"og:locale\" content=\"de_DE\" \/>\n<meta property=\"og:type\" content=\"article\" \/>\n<meta property=\"og:title\" content=\"KOMBAT OSORNO - Revolution Padel Store\" \/>\n<meta property=\"og:description\" content=\"La Kombat Osorno est\u00e1 pensada para quienes buscan un equilibrio perfecto entre potencia y confort en su juego. Inspirada en la majestuosidad del volc\u00e1n Osorno en Chile, esta pala tiene un dise\u00f1o en forma de l\u00e1grima que ofrece un rendimiento sobresaliente tanto en control como en salida de bola\" \/>\n<meta property=\"og:url\" content=\"https:\/\/revolutionpadelstore.com\/de\/produkt\/kombat-osorno\/\" \/>\n<meta property=\"og:site_name\" content=\"Revolution Padel Store\" \/>\n<meta property=\"article:modified_time\" content=\"2026-04-01T04:54:18+00:00\" \/>\n<meta property=\"og:image\" content=\"https:\/\/revolutionpadelstore.com\/wp-content\/uploads\/2024\/11\/115025_pala_kombat_osorno_1500x1500_1_66f0.webp\" \/>\n\t<meta property=\"og:image:width\" content=\"1500\" \/>\n\t<meta property=\"og:image:height\" content=\"1500\" \/>\n\t<meta property=\"og:image:type\" content=\"image\/webp\" \/>\n<meta name=\"twitter:card\" content=\"summary_large_image\" \/>\n<meta name=\"twitter:label1\" content=\"Gesch\u00e4tzte Lesezeit\" \/>\n\t<meta name=\"twitter:data1\" content=\"2\u00a0Minuten\" \/>\n<script type=\"application\/ld+json\" class=\"yoast-schema-graph\">{\"@context\":\"https:\\\/\\\/schema.org\",\"@graph\":[{\"@type\":\"WebPage\",\"@id\":\"https:\\\/\\\/revolutionpadelstore.com\\\/de\\\/produkt\\\/kombat-osorno\\\/\",\"url\":\"https:\\\/\\\/revolutionpadelstore.com\\\/de\\\/produkt\\\/kombat-osorno\\\/\",\"name\":\"KOMBAT OSORNO - Revolution Padel Store\",\"isPartOf\":{\"@id\":\"https:\\\/\\\/revolutionpadelstore.com\\\/de\\\/#website\"},\"primaryImageOfPage\":{\"@id\":\"https:\\\/\\\/revolutionpadelstore.com\\\/de\\\/produkt\\\/kombat-osorno\\\/#primaryimage\"},\"image\":{\"@id\":\"https:\\\/\\\/revolutionpadelstore.com\\\/de\\\/produkt\\\/kombat-osorno\\\/#primaryimage\"},\"thumbnailUrl\":\"https:\\\/\\\/revolutionpadelstore.com\\\/wp-content\\\/uploads\\\/2024\\\/11\\\/115025_pala_kombat_osorno_1500x1500_1_66f0.webp\",\"datePublished\":\"2024-11-22T07:17:30+00:00\",\"dateModified\":\"2026-04-01T04:54:18+00:00\",\"description\":\"La Kombat Osorno est\u00e1 pensada para quienes buscan un equilibrio perfecto entre potencia y confort en su juego. Inspirada en la majestuosidad del volc\u00e1n Osorno en Chile, esta pala tiene un dise\u00f1o en forma de l\u00e1grima que ofrece un rendimiento sobresaliente tanto en control como en salida de bola\",\"breadcrumb\":{\"@id\":\"https:\\\/\\\/revolutionpadelstore.com\\\/de\\\/produkt\\\/kombat-osorno\\\/#breadcrumb\"},\"inLanguage\":\"de\",\"potentialAction\":[{\"@type\":\"ReadAction\",\"target\":[\"https:\\\/\\\/revolutionpadelstore.com\\\/de\\\/produkt\\\/kombat-osorno\\\/\"]}]},{\"@type\":\"ImageObject\",\"inLanguage\":\"de\",\"@id\":\"https:\\\/\\\/revolutionpadelstore.com\\\/de\\\/produkt\\\/kombat-osorno\\\/#primaryimage\",\"url\":\"https:\\\/\\\/revolutionpadelstore.com\\\/wp-content\\\/uploads\\\/2024\\\/11\\\/115025_pala_kombat_osorno_1500x1500_1_66f0.webp\",\"contentUrl\":\"https:\\\/\\\/revolutionpadelstore.com\\\/wp-content\\\/uploads\\\/2024\\\/11\\\/115025_pala_kombat_osorno_1500x1500_1_66f0.webp\",\"width\":1500,\"height\":1500},{\"@type\":\"BreadcrumbList\",\"@id\":\"https:\\\/\\\/revolutionpadelstore.com\\\/de\\\/produkt\\\/kombat-osorno\\\/#breadcrumb\",\"itemListElement\":[{\"@type\":\"ListItem\",\"position\":1,\"name\":\"Portada\",\"item\":\"https:\\\/\\\/revolutionpadelstore.com\\\/de\\\/\"},{\"@type\":\"ListItem\",\"position\":2,\"name\":\"Shop\",\"item\":\"https:\\\/\\\/revolutionpadelstore.com\\\/de\\\/tienda\\\/\"},{\"@type\":\"ListItem\",\"position\":3,\"name\":\"KOMBAT OSORNO\"}]},{\"@type\":\"WebSite\",\"@id\":\"https:\\\/\\\/revolutionpadelstore.com\\\/de\\\/#website\",\"url\":\"https:\\\/\\\/revolutionpadelstore.com\\\/de\\\/\",\"name\":\"Revolution Padel Store\",\"description\":\"\",\"publisher\":{\"@id\":\"https:\\\/\\\/revolutionpadelstore.com\\\/de\\\/#organization\"},\"potentialAction\":[{\"@type\":\"SearchAction\",\"target\":{\"@type\":\"EntryPoint\",\"urlTemplate\":\"https:\\\/\\\/revolutionpadelstore.com\\\/de\\\/?s={search_term_string}\"},\"query-input\":{\"@type\":\"PropertyValueSpecification\",\"valueRequired\":true,\"valueName\":\"search_term_string\"}}],\"inLanguage\":\"de\"},{\"@type\":\"Organization\",\"@id\":\"https:\\\/\\\/revolutionpadelstore.com\\\/de\\\/#organization\",\"name\":\"Revolution Padel Store\",\"url\":\"https:\\\/\\\/revolutionpadelstore.com\\\/de\\\/\",\"logo\":{\"@type\":\"ImageObject\",\"inLanguage\":\"de\",\"@id\":\"https:\\\/\\\/revolutionpadelstore.com\\\/de\\\/#\\\/schema\\\/logo\\\/image\\\/\",\"url\":\"https:\\\/\\\/revolutionpadelstore.com\\\/wp-content\\\/uploads\\\/2026\\\/02\\\/revolution-padel-store.jpg\",\"contentUrl\":\"https:\\\/\\\/revolutionpadelstore.com\\\/wp-content\\\/uploads\\\/2026\\\/02\\\/revolution-padel-store.jpg\",\"width\":2000,\"height\":2000,\"caption\":\"Revolution Padel Store\"},\"image\":{\"@id\":\"https:\\\/\\\/revolutionpadelstore.com\\\/de\\\/#\\\/schema\\\/logo\\\/image\\\/\"},\"sameAs\":[\"https:\\\/\\\/www.instagram.com\\\/revolutionpadelstore\\\/\"]}]}<\/script>\n<!-- \/ Yoast SEO plugin. -->","yoast_head_json":{"title":"KOMBAT OSORNO - Revolution Padel Store","description":"La Kombat Osorno est\u00e1 pensada para quienes buscan un equilibrio perfecto entre potencia y confort en su juego. Inspirada en la majestuosidad del volc\u00e1n Osorno en Chile, esta pala tiene un dise\u00f1o en forma de l\u00e1grima que ofrece un rendimiento sobresaliente tanto en control como en salida de bola","robots":{"index":"index","follow":"follow","max-snippet":"max-snippet:-1","max-image-preview":"max-image-preview:large","max-video-preview":"max-video-preview:-1"},"canonical":"https:\/\/revolutionpadelstore.com\/de\/produkt\/kombat-osorno\/","og_locale":"de_DE","og_type":"article","og_title":"KOMBAT OSORNO - Revolution Padel Store","og_description":"La Kombat Osorno est\u00e1 pensada para quienes buscan un equilibrio perfecto entre potencia y confort en su juego. Inspirada en la majestuosidad del volc\u00e1n Osorno en Chile, esta pala tiene un dise\u00f1o en forma de l\u00e1grima que ofrece un rendimiento sobresaliente tanto en control como en salida de bola","og_url":"https:\/\/revolutionpadelstore.com\/de\/produkt\/kombat-osorno\/","og_site_name":"Revolution Padel Store","article_modified_time":"2026-04-01T04:54:18+00:00","og_image":[{"width":1500,"height":1500,"url":"https:\/\/revolutionpadelstore.com\/wp-content\/uploads\/2024\/11\/115025_pala_kombat_osorno_1500x1500_1_66f0.webp","type":"image\/webp"}],"twitter_card":"summary_large_image","twitter_misc":{"Gesch\u00e4tzte Lesezeit":"2\u00a0Minuten"},"schema":{"@context":"https:\/\/schema.org","@graph":[{"@type":"WebPage","@id":"https:\/\/revolutionpadelstore.com\/de\/produkt\/kombat-osorno\/","url":"https:\/\/revolutionpadelstore.com\/de\/produkt\/kombat-osorno\/","name":"KOMBAT OSORNO - Revolution Padel Store","isPartOf":{"@id":"https:\/\/revolutionpadelstore.com\/de\/#website"},"primaryImageOfPage":{"@id":"https:\/\/revolutionpadelstore.com\/de\/produkt\/kombat-osorno\/#primaryimage"},"image":{"@id":"https:\/\/revolutionpadelstore.com\/de\/produkt\/kombat-osorno\/#primaryimage"},"thumbnailUrl":"https:\/\/revolutionpadelstore.com\/wp-content\/uploads\/2024\/11\/115025_pala_kombat_osorno_1500x1500_1_66f0.webp","datePublished":"2024-11-22T07:17:30+00:00","dateModified":"2026-04-01T04:54:18+00:00","description":"La Kombat Osorno est\u00e1 pensada para quienes buscan un equilibrio perfecto entre potencia y confort en su juego. Inspirada en la majestuosidad del volc\u00e1n Osorno en Chile, esta pala tiene un dise\u00f1o en forma de l\u00e1grima que ofrece un rendimiento sobresaliente tanto en control como en salida de bola","breadcrumb":{"@id":"https:\/\/revolutionpadelstore.com\/de\/produkt\/kombat-osorno\/#breadcrumb"},"inLanguage":"de","potentialAction":[{"@type":"ReadAction","target":["https:\/\/revolutionpadelstore.com\/de\/produkt\/kombat-osorno\/"]}]},{"@type":"ImageObject","inLanguage":"de","@id":"https:\/\/revolutionpadelstore.com\/de\/produkt\/kombat-osorno\/#primaryimage","url":"https:\/\/revolutionpadelstore.com\/wp-content\/uploads\/2024\/11\/115025_pala_kombat_osorno_1500x1500_1_66f0.webp","contentUrl":"https:\/\/revolutionpadelstore.com\/wp-content\/uploads\/2024\/11\/115025_pala_kombat_osorno_1500x1500_1_66f0.webp","width":1500,"height":1500},{"@type":"BreadcrumbList","@id":"https:\/\/revolutionpadelstore.com\/de\/produkt\/kombat-osorno\/#breadcrumb","itemListElement":[{"@type":"ListItem","position":1,"name":"Portada","item":"https:\/\/revolutionpadelstore.com\/de\/"},{"@type":"ListItem","position":2,"name":"Shop","item":"https:\/\/revolutionpadelstore.com\/de\/tienda\/"},{"@type":"ListItem","position":3,"name":"KOMBAT OSORNO"}]},{"@type":"WebSite","@id":"https:\/\/revolutionpadelstore.com\/de\/#website","url":"https:\/\/revolutionpadelstore.com\/de\/","name":"Revolution Padel Store","description":"","publisher":{"@id":"https:\/\/revolutionpadelstore.com\/de\/#organization"},"potentialAction":[{"@type":"SearchAction","target":{"@type":"EntryPoint","urlTemplate":"https:\/\/revolutionpadelstore.com\/de\/?s={search_term_string}"},"query-input":{"@type":"PropertyValueSpecification","valueRequired":true,"valueName":"search_term_string"}}],"inLanguage":"de"},{"@type":"Organization","@id":"https:\/\/revolutionpadelstore.com\/de\/#organization","name":"Revolution Padel Store","url":"https:\/\/revolutionpadelstore.com\/de\/","logo":{"@type":"ImageObject","inLanguage":"de","@id":"https:\/\/revolutionpadelstore.com\/de\/#\/schema\/logo\/image\/","url":"https:\/\/revolutionpadelstore.com\/wp-content\/uploads\/2026\/02\/revolution-padel-store.jpg","contentUrl":"https:\/\/revolutionpadelstore.com\/wp-content\/uploads\/2026\/02\/revolution-padel-store.jpg","width":2000,"height":2000,"caption":"Revolution Padel Store"},"image":{"@id":"https:\/\/revolutionpadelstore.com\/de\/#\/schema\/logo\/image\/"},"sameAs":["https:\/\/www.instagram.com\/revolutionpadelstore\/"]}]}},"_links":{"self":[{"href":"https:\/\/revolutionpadelstore.com\/de\/wp-json\/wp\/v2\/product\/125464","targetHints":{"allow":["GET"]}}],"collection":[{"href":"https:\/\/revolutionpadelstore.com\/de\/wp-json\/wp\/v2\/product"}],"about":[{"href":"https:\/\/revolutionpadelstore.com\/de\/wp-json\/wp\/v2\/types\/product"}],"replies":[{"embeddable":true,"href":"https:\/\/revolutionpadelstore.com\/de\/wp-json\/wp\/v2\/comments?post=125464"}],"wp:featuredmedia":[{"embeddable":true,"href":"https:\/\/revolutionpadelstore.com\/de\/wp-json\/wp\/v2\/media\/124920"}],"wp:attachment":[{"href":"https:\/\/revolutionpadelstore.com\/de\/wp-json\/wp\/v2\/media?parent=125464"}],"wp:term":[{"taxonomy":"acabado","embeddable":true,"href":"https:\/\/revolutionpadelstore.com\/de\/wp-json\/wp\/v2\/acabado?post=125464"},{"taxonomy":"balance","embeddable":true,"href":"https:\/\/revolutionpadelstore.com\/de\/wp-json\/wp\/v2\/balance?post=125464"},{"taxonomy":"dureza","embeddable":true,"href":"https:\/\/revolutionpadelstore.com\/de\/wp-json\/wp\/v2\/dureza?post=125464"},{"taxonomy":"forma","embeddable":true,"href":"https:\/\/revolutionpadelstore.com\/de\/wp-json\/wp\/v2\/forma?post=125464"},{"taxonomy":"jugador","embeddable":true,"href":"https:\/\/revolutionpadelstore.com\/de\/wp-json\/wp\/v2\/jugador?post=125464"},{"taxonomy":"marca","embeddable":true,"href":"https:\/\/revolutionpadelstore.com\/de\/wp-json\/wp\/v2\/marca?post=125464"},{"taxonomy":"nivel-de-juego","embeddable":true,"href":"https:\/\/revolutionpadelstore.com\/de\/wp-json\/wp\/v2\/nivel-de-juego?post=125464"},{"taxonomy":"superficie","embeddable":true,"href":"https:\/\/revolutionpadelstore.com\/de\/wp-json\/wp\/v2\/superficie?post=125464"},{"taxonomy":"tipo-de-juego","embeddable":true,"href":"https:\/\/revolutionpadelstore.com\/de\/wp-json\/wp\/v2\/tipo-de-juego?post=125464"},{"taxonomy":"product_brand","embeddable":true,"href":"https:\/\/revolutionpadelstore.com\/de\/wp-json\/wp\/v2\/product_brand?post=125464"},{"taxonomy":"product_cat","embeddable":true,"href":"https:\/\/revolutionpadelstore.com\/de\/wp-json\/wp\/v2\/product_cat?post=125464"},{"taxonomy":"product_tag","embeddable":true,"href":"https:\/\/revolutionpadelstore.com\/de\/wp-json\/wp\/v2\/product_tag?post=125464"}],"curies":[{"name":"wp","href":"https:\/\/api.w.org\/{rel}","templated":true}]}}