{"id":125459,"date":"2024-11-22T08:29:02","date_gmt":"2024-11-22T07:29:02","guid":{"rendered":"https:\/\/revolutionpadelstore.com\/kombat-fuji\/"},"modified":"2026-04-01T06:53:52","modified_gmt":"2026-04-01T04:53:52","slug":"kombat-fuji-1","status":"publish","type":"product","link":"https:\/\/revolutionpadelstore.com\/de\/produkt\/kombat-fuji-1\/","title":{"rendered":"KOMBAT FUJI"},"content":{"rendered":"<h2> <strong> Kombat Fuji, maximale Vielseitigkeit <\/ strong> <\/ h2><br \/>\nKombats Fuji -Paddelschaufel ist das Modell, das von Manu Mart\u00edn in der Vulcano -Kollektion bevorzugt wurde, dank seiner au\u00dfergew\u00f6hnlichen Eigenschaften und seiner robusten Konstruktion, die auf der Strecke eine \u00fcberlegene Leistung garantiert. Sein Design ist von der Majest\u00e4t des Mount Fuji inspiriert.<\/p>\n<p>Mit einer tr\u00e4nenf\u00f6rmigen Form, einem mittleren Gleichgewicht und einem zentrierten s\u00fc\u00dfen Punkt sticht der Fuji Kombat durch seine Vielseitigkeit und F\u00e4higkeit, sich an jede Spielsituation anzupassen. Das mittlere Gleichgewicht verteilt das Gewicht ausgewogen, w\u00e4hrend der s\u00fc\u00dfe Punkt in der Mitte die beste Leistung in einer Vielzahl von Schl\u00e4gen erzielt.<\/p>\n<h2> <strong> Pala Fuji, ideal f\u00fcr die fordernen Spieler <\/ strong> <\/ h2><br \/>\nDiese Schaufel wurde speziell f\u00fcr Paddelspieler entwickelt, die nach mehr Vielseitigkeit in ihrem Spiel suchen und mehr Effekte auf den Ball drucken m\u00f6chten, sodass sie eine breitere Auswahl an Schl\u00e4gen ausf\u00fchren k\u00f6nnen. Es ist perfekt, um Spieler zu fordern, die nach einem Gleichgewicht zwischen Kontrolle und Leistung suchen und einen au\u00dfergew\u00f6hnlichen Ballauslass bieten.<\/p>\n<h2> <strong> Kombat Fuji Schaufeleigenschaften <\/ strong> <\/ h2><br \/>\n<strong> -Black Eva Eva Nugen Nightness Nightness <\/strong>: Es vermittelt ein pr\u00e4zises Gef\u00fchl und ein ausgezeichnetes Ballausgang.<\/p>\n<p><strong> -Barco Carbonfaser tubul\u00e4re 100%<\/strong>: Verbessert die Haltbarkeit dank seiner gro\u00dfartigen Verschlei\u00dffestigkeit.<\/p>\n<p><strong> -Carbon-Pl\u00e4ne 18K Aluminisierte <\/strong>: Sie bieten Flexibilit\u00e4t und verbesserte Kontrolle.<\/p>\n<p><strong> -Uperficie rugosa <\/strong>: Erm\u00f6glicht einen gr\u00f6\u00dferen Griff des Balls, was es einfacher macht, ihn mit gr\u00f6\u00dferer Wirkung zu treffen.<br \/>\n&lt;In<br \/>\nVerpassen Sie nicht die Gelegenheit, mit dem Kombat Fuji, der ausgewogensten Tr\u00e4nenschaufel in der Kombat Vulcan -Kollektion, Ihr maximales Level auf der Strecke zu erreichen. Mit 18 Karat Kohlenstoffpl\u00e4nen und schwarzem EVA -Kern bietet diese Schaufel jederzeit au\u00dfergew\u00f6hnliche Leistung.<\/p>\n<h2><strong>Kombat Fuji, m\u00e1xima versatilidad<\/strong><\/p>\n","protected":false},"excerpt":{"rendered":"<p>Kombat Fuji, Tr\u00e4nenschaufel mit mittlerem Gleichgewicht f\u00fcr Spieler, die eine zus\u00e4tzliche Vielseitigkeit ben\u00f6tigen, um ihre Leistung auf der Strecke zu verbessern. Schwarzer EVA -Kern und raue Kohlenstoffebenen 18K.<\/p>\n","protected":false},"featured_media":124951,"comment_status":"open","ping_status":"closed","template":"","meta":{"_acf_changed":false,"_joinchat":[]},"acabado":[1089,1079,1084],"balance":[1139],"dureza":[1154],"forma":[1184],"jugador":[1189,1199],"marca":[1703],"nivel-de-juego":[1334,1339],"superficie":[1359],"tipo-de-juego":[1384],"product_brand":[],"product_cat":[299],"product_tag":[],"class_list":{"0":"post-125459","1":"product","2":"type-product","3":"status-publish","4":"has-post-thumbnail","6":"acabado-3d-entlasten","7":"acabado-helligkeit","8":"acabado-kumpel","9":"balance-mittel","10":"dureza-media-de","11":"forma-lagrima-de","12":"jugador-mann","13":"jugador-mehrzweck","14":"marca-kombat-de","15":"superficie-rugosa-de","16":"tipo-de-juego-mehrzweck","17":"product_cat-palas-de-padel-de","19":"first","20":"instock","21":"taxable","22":"shipping-taxable","23":"purchasable","24":"product-type-simple"},"acf":[],"yoast_head":"<!-- This site is optimized with the Yoast SEO plugin v27.3 - https:\/\/yoast.com\/product\/yoast-seo-wordpress\/ -->\n<title>KOMBAT FUJI - Revolution Padel Store<\/title>\n<meta name=\"description\" content=\"La pala de p\u00e1del Fuji de Kombat es el modelo favorito de Manu Mart\u00edn de la colecci\u00f3n Vulcano por sus incre\u00edbles prestaciones y construcci\u00f3n robusta, que la convierten en una opci\u00f3n que garantiza un gran rendimiento en el terreno de juego. Inspirada en la majestuosidad del monte Fuji.\" \/>\n<meta name=\"robots\" content=\"index, follow, max-snippet:-1, max-image-preview:large, max-video-preview:-1\" \/>\n<link rel=\"canonical\" href=\"https:\/\/revolutionpadelstore.com\/de\/produkt\/kombat-fuji-1\/\" \/>\n<meta property=\"og:locale\" content=\"de_DE\" \/>\n<meta property=\"og:type\" content=\"article\" \/>\n<meta property=\"og:title\" content=\"KOMBAT FUJI - Revolution Padel Store\" \/>\n<meta property=\"og:description\" content=\"La pala de p\u00e1del Fuji de Kombat es el modelo favorito de Manu Mart\u00edn de la colecci\u00f3n Vulcano por sus incre\u00edbles prestaciones y construcci\u00f3n robusta, que la convierten en una opci\u00f3n que garantiza un gran rendimiento en el terreno de juego. Inspirada en la majestuosidad del monte Fuji.\" \/>\n<meta property=\"og:url\" content=\"https:\/\/revolutionpadelstore.com\/de\/produkt\/kombat-fuji-1\/\" \/>\n<meta property=\"og:site_name\" content=\"Revolution Padel Store\" \/>\n<meta property=\"article:modified_time\" content=\"2026-04-01T04:53:52+00:00\" \/>\n<meta property=\"og:image\" content=\"https:\/\/revolutionpadelstore.com\/wp-content\/uploads\/2024\/11\/115022_pala_kombat_fuji_1500x1500_1_b0e5.webp\" \/>\n\t<meta property=\"og:image:width\" content=\"1500\" \/>\n\t<meta property=\"og:image:height\" content=\"1500\" \/>\n\t<meta property=\"og:image:type\" content=\"image\/webp\" \/>\n<meta name=\"twitter:card\" content=\"summary_large_image\" \/>\n<meta name=\"twitter:label1\" content=\"Gesch\u00e4tzte Lesezeit\" \/>\n\t<meta name=\"twitter:data1\" content=\"2\u00a0Minuten\" \/>\n<script type=\"application\/ld+json\" class=\"yoast-schema-graph\">{\"@context\":\"https:\\\/\\\/schema.org\",\"@graph\":[{\"@type\":\"WebPage\",\"@id\":\"https:\\\/\\\/revolutionpadelstore.com\\\/de\\\/produkt\\\/kombat-fuji-1\\\/\",\"url\":\"https:\\\/\\\/revolutionpadelstore.com\\\/de\\\/produkt\\\/kombat-fuji-1\\\/\",\"name\":\"KOMBAT FUJI - Revolution Padel Store\",\"isPartOf\":{\"@id\":\"https:\\\/\\\/revolutionpadelstore.com\\\/de\\\/#website\"},\"primaryImageOfPage\":{\"@id\":\"https:\\\/\\\/revolutionpadelstore.com\\\/de\\\/produkt\\\/kombat-fuji-1\\\/#primaryimage\"},\"image\":{\"@id\":\"https:\\\/\\\/revolutionpadelstore.com\\\/de\\\/produkt\\\/kombat-fuji-1\\\/#primaryimage\"},\"thumbnailUrl\":\"https:\\\/\\\/revolutionpadelstore.com\\\/wp-content\\\/uploads\\\/2024\\\/11\\\/115022_pala_kombat_fuji_1500x1500_1_b0e5.webp\",\"datePublished\":\"2024-11-22T07:29:02+00:00\",\"dateModified\":\"2026-04-01T04:53:52+00:00\",\"description\":\"La pala de p\u00e1del Fuji de Kombat es el modelo favorito de Manu Mart\u00edn de la colecci\u00f3n Vulcano por sus incre\u00edbles prestaciones y construcci\u00f3n robusta, que la convierten en una opci\u00f3n que garantiza un gran rendimiento en el terreno de juego. Inspirada en la majestuosidad del monte Fuji.\",\"breadcrumb\":{\"@id\":\"https:\\\/\\\/revolutionpadelstore.com\\\/de\\\/produkt\\\/kombat-fuji-1\\\/#breadcrumb\"},\"inLanguage\":\"de\",\"potentialAction\":[{\"@type\":\"ReadAction\",\"target\":[\"https:\\\/\\\/revolutionpadelstore.com\\\/de\\\/produkt\\\/kombat-fuji-1\\\/\"]}]},{\"@type\":\"ImageObject\",\"inLanguage\":\"de\",\"@id\":\"https:\\\/\\\/revolutionpadelstore.com\\\/de\\\/produkt\\\/kombat-fuji-1\\\/#primaryimage\",\"url\":\"https:\\\/\\\/revolutionpadelstore.com\\\/wp-content\\\/uploads\\\/2024\\\/11\\\/115022_pala_kombat_fuji_1500x1500_1_b0e5.webp\",\"contentUrl\":\"https:\\\/\\\/revolutionpadelstore.com\\\/wp-content\\\/uploads\\\/2024\\\/11\\\/115022_pala_kombat_fuji_1500x1500_1_b0e5.webp\",\"width\":1500,\"height\":1500},{\"@type\":\"BreadcrumbList\",\"@id\":\"https:\\\/\\\/revolutionpadelstore.com\\\/de\\\/produkt\\\/kombat-fuji-1\\\/#breadcrumb\",\"itemListElement\":[{\"@type\":\"ListItem\",\"position\":1,\"name\":\"Portada\",\"item\":\"https:\\\/\\\/revolutionpadelstore.com\\\/de\\\/\"},{\"@type\":\"ListItem\",\"position\":2,\"name\":\"Shop\",\"item\":\"https:\\\/\\\/revolutionpadelstore.com\\\/de\\\/tienda\\\/\"},{\"@type\":\"ListItem\",\"position\":3,\"name\":\"KOMBAT FUJI\"}]},{\"@type\":\"WebSite\",\"@id\":\"https:\\\/\\\/revolutionpadelstore.com\\\/de\\\/#website\",\"url\":\"https:\\\/\\\/revolutionpadelstore.com\\\/de\\\/\",\"name\":\"Revolution Padel Store\",\"description\":\"\",\"publisher\":{\"@id\":\"https:\\\/\\\/revolutionpadelstore.com\\\/de\\\/#organization\"},\"potentialAction\":[{\"@type\":\"SearchAction\",\"target\":{\"@type\":\"EntryPoint\",\"urlTemplate\":\"https:\\\/\\\/revolutionpadelstore.com\\\/de\\\/?s={search_term_string}\"},\"query-input\":{\"@type\":\"PropertyValueSpecification\",\"valueRequired\":true,\"valueName\":\"search_term_string\"}}],\"inLanguage\":\"de\"},{\"@type\":\"Organization\",\"@id\":\"https:\\\/\\\/revolutionpadelstore.com\\\/de\\\/#organization\",\"name\":\"Revolution Padel Store\",\"url\":\"https:\\\/\\\/revolutionpadelstore.com\\\/de\\\/\",\"logo\":{\"@type\":\"ImageObject\",\"inLanguage\":\"de\",\"@id\":\"https:\\\/\\\/revolutionpadelstore.com\\\/de\\\/#\\\/schema\\\/logo\\\/image\\\/\",\"url\":\"https:\\\/\\\/revolutionpadelstore.com\\\/wp-content\\\/uploads\\\/2026\\\/02\\\/revolution-padel-store.jpg\",\"contentUrl\":\"https:\\\/\\\/revolutionpadelstore.com\\\/wp-content\\\/uploads\\\/2026\\\/02\\\/revolution-padel-store.jpg\",\"width\":2000,\"height\":2000,\"caption\":\"Revolution Padel Store\"},\"image\":{\"@id\":\"https:\\\/\\\/revolutionpadelstore.com\\\/de\\\/#\\\/schema\\\/logo\\\/image\\\/\"},\"sameAs\":[\"https:\\\/\\\/www.instagram.com\\\/revolutionpadelstore\\\/\"]}]}<\/script>\n<!-- \/ Yoast SEO plugin. -->","yoast_head_json":{"title":"KOMBAT FUJI - Revolution Padel Store","description":"La pala de p\u00e1del Fuji de Kombat es el modelo favorito de Manu Mart\u00edn de la colecci\u00f3n Vulcano por sus incre\u00edbles prestaciones y construcci\u00f3n robusta, que la convierten en una opci\u00f3n que garantiza un gran rendimiento en el terreno de juego. Inspirada en la majestuosidad del monte Fuji.","robots":{"index":"index","follow":"follow","max-snippet":"max-snippet:-1","max-image-preview":"max-image-preview:large","max-video-preview":"max-video-preview:-1"},"canonical":"https:\/\/revolutionpadelstore.com\/de\/produkt\/kombat-fuji-1\/","og_locale":"de_DE","og_type":"article","og_title":"KOMBAT FUJI - Revolution Padel Store","og_description":"La pala de p\u00e1del Fuji de Kombat es el modelo favorito de Manu Mart\u00edn de la colecci\u00f3n Vulcano por sus incre\u00edbles prestaciones y construcci\u00f3n robusta, que la convierten en una opci\u00f3n que garantiza un gran rendimiento en el terreno de juego. Inspirada en la majestuosidad del monte Fuji.","og_url":"https:\/\/revolutionpadelstore.com\/de\/produkt\/kombat-fuji-1\/","og_site_name":"Revolution Padel Store","article_modified_time":"2026-04-01T04:53:52+00:00","og_image":[{"width":1500,"height":1500,"url":"https:\/\/revolutionpadelstore.com\/wp-content\/uploads\/2024\/11\/115022_pala_kombat_fuji_1500x1500_1_b0e5.webp","type":"image\/webp"}],"twitter_card":"summary_large_image","twitter_misc":{"Gesch\u00e4tzte Lesezeit":"2\u00a0Minuten"},"schema":{"@context":"https:\/\/schema.org","@graph":[{"@type":"WebPage","@id":"https:\/\/revolutionpadelstore.com\/de\/produkt\/kombat-fuji-1\/","url":"https:\/\/revolutionpadelstore.com\/de\/produkt\/kombat-fuji-1\/","name":"KOMBAT FUJI - Revolution Padel Store","isPartOf":{"@id":"https:\/\/revolutionpadelstore.com\/de\/#website"},"primaryImageOfPage":{"@id":"https:\/\/revolutionpadelstore.com\/de\/produkt\/kombat-fuji-1\/#primaryimage"},"image":{"@id":"https:\/\/revolutionpadelstore.com\/de\/produkt\/kombat-fuji-1\/#primaryimage"},"thumbnailUrl":"https:\/\/revolutionpadelstore.com\/wp-content\/uploads\/2024\/11\/115022_pala_kombat_fuji_1500x1500_1_b0e5.webp","datePublished":"2024-11-22T07:29:02+00:00","dateModified":"2026-04-01T04:53:52+00:00","description":"La pala de p\u00e1del Fuji de Kombat es el modelo favorito de Manu Mart\u00edn de la colecci\u00f3n Vulcano por sus incre\u00edbles prestaciones y construcci\u00f3n robusta, que la convierten en una opci\u00f3n que garantiza un gran rendimiento en el terreno de juego. Inspirada en la majestuosidad del monte Fuji.","breadcrumb":{"@id":"https:\/\/revolutionpadelstore.com\/de\/produkt\/kombat-fuji-1\/#breadcrumb"},"inLanguage":"de","potentialAction":[{"@type":"ReadAction","target":["https:\/\/revolutionpadelstore.com\/de\/produkt\/kombat-fuji-1\/"]}]},{"@type":"ImageObject","inLanguage":"de","@id":"https:\/\/revolutionpadelstore.com\/de\/produkt\/kombat-fuji-1\/#primaryimage","url":"https:\/\/revolutionpadelstore.com\/wp-content\/uploads\/2024\/11\/115022_pala_kombat_fuji_1500x1500_1_b0e5.webp","contentUrl":"https:\/\/revolutionpadelstore.com\/wp-content\/uploads\/2024\/11\/115022_pala_kombat_fuji_1500x1500_1_b0e5.webp","width":1500,"height":1500},{"@type":"BreadcrumbList","@id":"https:\/\/revolutionpadelstore.com\/de\/produkt\/kombat-fuji-1\/#breadcrumb","itemListElement":[{"@type":"ListItem","position":1,"name":"Portada","item":"https:\/\/revolutionpadelstore.com\/de\/"},{"@type":"ListItem","position":2,"name":"Shop","item":"https:\/\/revolutionpadelstore.com\/de\/tienda\/"},{"@type":"ListItem","position":3,"name":"KOMBAT FUJI"}]},{"@type":"WebSite","@id":"https:\/\/revolutionpadelstore.com\/de\/#website","url":"https:\/\/revolutionpadelstore.com\/de\/","name":"Revolution Padel Store","description":"","publisher":{"@id":"https:\/\/revolutionpadelstore.com\/de\/#organization"},"potentialAction":[{"@type":"SearchAction","target":{"@type":"EntryPoint","urlTemplate":"https:\/\/revolutionpadelstore.com\/de\/?s={search_term_string}"},"query-input":{"@type":"PropertyValueSpecification","valueRequired":true,"valueName":"search_term_string"}}],"inLanguage":"de"},{"@type":"Organization","@id":"https:\/\/revolutionpadelstore.com\/de\/#organization","name":"Revolution Padel Store","url":"https:\/\/revolutionpadelstore.com\/de\/","logo":{"@type":"ImageObject","inLanguage":"de","@id":"https:\/\/revolutionpadelstore.com\/de\/#\/schema\/logo\/image\/","url":"https:\/\/revolutionpadelstore.com\/wp-content\/uploads\/2026\/02\/revolution-padel-store.jpg","contentUrl":"https:\/\/revolutionpadelstore.com\/wp-content\/uploads\/2026\/02\/revolution-padel-store.jpg","width":2000,"height":2000,"caption":"Revolution Padel Store"},"image":{"@id":"https:\/\/revolutionpadelstore.com\/de\/#\/schema\/logo\/image\/"},"sameAs":["https:\/\/www.instagram.com\/revolutionpadelstore\/"]}]}},"_links":{"self":[{"href":"https:\/\/revolutionpadelstore.com\/de\/wp-json\/wp\/v2\/product\/125459","targetHints":{"allow":["GET"]}}],"collection":[{"href":"https:\/\/revolutionpadelstore.com\/de\/wp-json\/wp\/v2\/product"}],"about":[{"href":"https:\/\/revolutionpadelstore.com\/de\/wp-json\/wp\/v2\/types\/product"}],"replies":[{"embeddable":true,"href":"https:\/\/revolutionpadelstore.com\/de\/wp-json\/wp\/v2\/comments?post=125459"}],"wp:featuredmedia":[{"embeddable":true,"href":"https:\/\/revolutionpadelstore.com\/de\/wp-json\/wp\/v2\/media\/124951"}],"wp:attachment":[{"href":"https:\/\/revolutionpadelstore.com\/de\/wp-json\/wp\/v2\/media?parent=125459"}],"wp:term":[{"taxonomy":"acabado","embeddable":true,"href":"https:\/\/revolutionpadelstore.com\/de\/wp-json\/wp\/v2\/acabado?post=125459"},{"taxonomy":"balance","embeddable":true,"href":"https:\/\/revolutionpadelstore.com\/de\/wp-json\/wp\/v2\/balance?post=125459"},{"taxonomy":"dureza","embeddable":true,"href":"https:\/\/revolutionpadelstore.com\/de\/wp-json\/wp\/v2\/dureza?post=125459"},{"taxonomy":"forma","embeddable":true,"href":"https:\/\/revolutionpadelstore.com\/de\/wp-json\/wp\/v2\/forma?post=125459"},{"taxonomy":"jugador","embeddable":true,"href":"https:\/\/revolutionpadelstore.com\/de\/wp-json\/wp\/v2\/jugador?post=125459"},{"taxonomy":"marca","embeddable":true,"href":"https:\/\/revolutionpadelstore.com\/de\/wp-json\/wp\/v2\/marca?post=125459"},{"taxonomy":"nivel-de-juego","embeddable":true,"href":"https:\/\/revolutionpadelstore.com\/de\/wp-json\/wp\/v2\/nivel-de-juego?post=125459"},{"taxonomy":"superficie","embeddable":true,"href":"https:\/\/revolutionpadelstore.com\/de\/wp-json\/wp\/v2\/superficie?post=125459"},{"taxonomy":"tipo-de-juego","embeddable":true,"href":"https:\/\/revolutionpadelstore.com\/de\/wp-json\/wp\/v2\/tipo-de-juego?post=125459"},{"taxonomy":"product_brand","embeddable":true,"href":"https:\/\/revolutionpadelstore.com\/de\/wp-json\/wp\/v2\/product_brand?post=125459"},{"taxonomy":"product_cat","embeddable":true,"href":"https:\/\/revolutionpadelstore.com\/de\/wp-json\/wp\/v2\/product_cat?post=125459"},{"taxonomy":"product_tag","embeddable":true,"href":"https:\/\/revolutionpadelstore.com\/de\/wp-json\/wp\/v2\/product_tag?post=125459"}],"curies":[{"name":"wp","href":"https:\/\/api.w.org\/{rel}","templated":true}]}}