{"id":125454,"date":"2024-11-23T00:58:34","date_gmt":"2024-11-22T23:58:34","guid":{"rendered":"https:\/\/revolutionpadelstore.com\/kombat-etna\/"},"modified":"2026-04-01T06:53:28","modified_gmt":"2026-04-01T04:53:28","slug":"kombat-etna","status":"publish","type":"product","link":"https:\/\/revolutionpadelstore.com\/de\/produkt\/kombat-etna\/","title":{"rendered":"KOMBAT ETNA"},"content":{"rendered":"<p><strong> Kombat etna 2025: Maximale Leistung <\/strong><\/p>\n<p>Die Kombat Etna Paddle Blade, Teil des Vulcano von Manu Mart\u00edn Collection, hat eine Diamantform mit hohem Gleichgewicht und einen s\u00fc\u00dfen Punkt, der in den oberen Teil ausgerichtet ist, was es zu einer perfekten Option f\u00fcr Spieler macht, die nach au\u00dfergew\u00f6hnlicher Kraft in ihren Schl\u00e4gen suchen. Dominieren Sie jeden Punkt im Netzwerk mit der St\u00e4rke und Stabilit\u00e4t Ihrer Aufnahmen. Sein Design ist von der imposanten Energie des ETNA -Vulkans inspiriert.<\/p>\n<p><strong> Pala Fuji: F\u00fcr ehrgeizige Spieler <\/strong><\/p>\n<p>Die Fuji -Schaufel ist f\u00fcr offensive Spieler ausgelegt, die jedes Spiel in der N\u00e4he des Netzwerks dominieren m\u00f6chten, um die Leistung und Geschwindigkeit in ihren Schl\u00e4gen zu erh\u00f6hen, ohne die Kontrolle in den dezentralen Sch\u00fcssen zu verlieren. Es ist die ideale Option f\u00fcr ehrgeizige Spieler, die versuchen, ihre maximale Leistung auf dem Platz zu erzielen.<\/p>\n<p><strong> Eigenschaften der Kombat etna <\/strong><\/p>\n<p>-12K CO2 -Pl\u00e4ne, die in jedem Schlag eine solide und schnelle Reaktion liefern<\/p>\n<p>-Adkars mit grobem Finish f\u00fcr eine gr\u00f6\u00dfere Pr\u00e4zision beim Treffer mit Wirkung<\/p>\n<p>-100%Kohlefaser tubul\u00e4re Marco, was ihm Leichtigkeit und Widerstand verleiht<\/p>\n<p>-Die schwarze Eva -Gummi -Substantiv mit hoher Dichte, die einen hervorragenden Energie\u00fcbertragung und eine feste Note gew\u00e4hrleistet<\/p>\n<p>-Diamondform mit hohem Gleichgewicht f\u00fcr einen leistungsstarken Angriff im Netzwerk<\/p>\n<p>-Sistema Sharp Loch, das den s\u00fc\u00dfen Punkt ausdehnt und beim Schlagen eine gr\u00f6\u00dfere Pr\u00e4zision bietet<\/p>\n<p><strong> erh\u00e4ltlich im Revolution Padel Store <\/strong><\/p>\n<p>Wenn Sie ein anspruchsvoller Spieler sind, der an offensiven Austausch in der N\u00e4he des Netzwerks mehr Leistung anstrebt, bietet Ihnen die Kombat -Etna mit seiner Diamantform und einem hohen Gleichgewicht eine herausragende Leistung und eine gro\u00dfartige Ballausstellung und verbessert Ihr Spiel schnell.<strong>Kombat Etna 2025: Potencia al m\u00e1ximo<\/strong><\/p>\n","protected":false},"excerpt":{"rendered":"<p>Kombat etna 2025 der Manu Mart\u00edn Vulcano Collection. Diamond -Schaufel mit hohem Gleichgewicht f\u00fcr Druckeffekte und Leistung in jedem Schlag. F\u00fcr offensive Spieler entworfen.<\/p>\n","protected":false},"featured_media":125036,"comment_status":"open","ping_status":"closed","template":"","meta":{"_acf_changed":false,"_joinchat":[]},"acabado":[1079,1084],"balance":[1134],"dureza":[1159],"forma":[1169],"jugador":[1189,1199],"marca":[1703],"nivel-de-juego":[1334],"superficie":[1359],"tipo-de-juego":[1374],"product_brand":[],"product_cat":[299],"product_tag":[],"class_list":{"0":"post-125454","1":"product","2":"type-product","3":"status-publish","4":"has-post-thumbnail","6":"acabado-helligkeit","7":"acabado-kumpel","8":"balance-hoch","9":"dureza-dura-de","10":"forma-diamante-de","11":"jugador-mann","12":"jugador-mehrzweck","13":"marca-kombat-de","14":"superficie-rugosa-de","15":"tipo-de-juego-leistung","16":"product_cat-palas-de-padel-de","18":"first","19":"instock","20":"taxable","21":"shipping-taxable","22":"purchasable","23":"product-type-simple"},"acf":[],"yoast_head":"<!-- This site is optimized with the Yoast SEO plugin v27.3 - https:\/\/yoast.com\/product\/yoast-seo-wordpress\/ -->\n<title>KOMBAT ETNA - Revolution Padel Store<\/title>\n<meta name=\"description\" content=\"La pala de p\u00e1del Kombat Etna, que pertenece a la colecci\u00f3n Vulcano by Manu Mart\u00edn, presenta una forma de diamante con un balance alto y punto dulce inclinado hacia la cabeza, por lo que es una opci\u00f3n que garantiza una espectacular potencia en el ataque. Podr\u00e1s dominar cada punto desde la red gracias a la magn\u00edfica potencia y solidez de tus golpes. Su dise\u00f1o se inspira en la incre\u00edble fuerza del volc\u00e1n Etna\" \/>\n<meta name=\"robots\" content=\"index, follow, max-snippet:-1, max-image-preview:large, max-video-preview:-1\" \/>\n<link rel=\"canonical\" href=\"https:\/\/revolutionpadelstore.com\/de\/produkt\/kombat-etna\/\" \/>\n<meta property=\"og:locale\" content=\"de_DE\" \/>\n<meta property=\"og:type\" content=\"article\" \/>\n<meta property=\"og:title\" content=\"KOMBAT ETNA - Revolution Padel Store\" \/>\n<meta property=\"og:description\" content=\"La pala de p\u00e1del Kombat Etna, que pertenece a la colecci\u00f3n Vulcano by Manu Mart\u00edn, presenta una forma de diamante con un balance alto y punto dulce inclinado hacia la cabeza, por lo que es una opci\u00f3n que garantiza una espectacular potencia en el ataque. Podr\u00e1s dominar cada punto desde la red gracias a la magn\u00edfica potencia y solidez de tus golpes. Su dise\u00f1o se inspira en la incre\u00edble fuerza del volc\u00e1n Etna\" \/>\n<meta property=\"og:url\" content=\"https:\/\/revolutionpadelstore.com\/de\/produkt\/kombat-etna\/\" \/>\n<meta property=\"og:site_name\" content=\"Revolution Padel Store\" \/>\n<meta property=\"article:modified_time\" content=\"2026-04-01T04:53:28+00:00\" \/>\n<meta property=\"og:image\" content=\"https:\/\/revolutionpadelstore.com\/wp-content\/uploads\/2024\/11\/115021_pala_kombat_etna_1500x1500_1_fc5d.webp\" \/>\n\t<meta property=\"og:image:width\" content=\"1500\" \/>\n\t<meta property=\"og:image:height\" content=\"1500\" \/>\n\t<meta property=\"og:image:type\" content=\"image\/webp\" \/>\n<meta name=\"twitter:card\" content=\"summary_large_image\" \/>\n<meta name=\"twitter:label1\" content=\"Gesch\u00e4tzte Lesezeit\" \/>\n\t<meta name=\"twitter:data1\" content=\"2\u00a0Minuten\" \/>\n<script type=\"application\/ld+json\" class=\"yoast-schema-graph\">{\"@context\":\"https:\\\/\\\/schema.org\",\"@graph\":[{\"@type\":\"WebPage\",\"@id\":\"https:\\\/\\\/revolutionpadelstore.com\\\/de\\\/produkt\\\/kombat-etna\\\/\",\"url\":\"https:\\\/\\\/revolutionpadelstore.com\\\/de\\\/produkt\\\/kombat-etna\\\/\",\"name\":\"KOMBAT ETNA - Revolution Padel Store\",\"isPartOf\":{\"@id\":\"https:\\\/\\\/revolutionpadelstore.com\\\/de\\\/#website\"},\"primaryImageOfPage\":{\"@id\":\"https:\\\/\\\/revolutionpadelstore.com\\\/de\\\/produkt\\\/kombat-etna\\\/#primaryimage\"},\"image\":{\"@id\":\"https:\\\/\\\/revolutionpadelstore.com\\\/de\\\/produkt\\\/kombat-etna\\\/#primaryimage\"},\"thumbnailUrl\":\"https:\\\/\\\/revolutionpadelstore.com\\\/wp-content\\\/uploads\\\/2024\\\/11\\\/115021_pala_kombat_etna_1500x1500_1_fc5d.webp\",\"datePublished\":\"2024-11-22T23:58:34+00:00\",\"dateModified\":\"2026-04-01T04:53:28+00:00\",\"description\":\"La pala de p\u00e1del Kombat Etna, que pertenece a la colecci\u00f3n Vulcano by Manu Mart\u00edn, presenta una forma de diamante con un balance alto y punto dulce inclinado hacia la cabeza, por lo que es una opci\u00f3n que garantiza una espectacular potencia en el ataque. Podr\u00e1s dominar cada punto desde la red gracias a la magn\u00edfica potencia y solidez de tus golpes. Su dise\u00f1o se inspira en la incre\u00edble fuerza del volc\u00e1n Etna\",\"breadcrumb\":{\"@id\":\"https:\\\/\\\/revolutionpadelstore.com\\\/de\\\/produkt\\\/kombat-etna\\\/#breadcrumb\"},\"inLanguage\":\"de\",\"potentialAction\":[{\"@type\":\"ReadAction\",\"target\":[\"https:\\\/\\\/revolutionpadelstore.com\\\/de\\\/produkt\\\/kombat-etna\\\/\"]}]},{\"@type\":\"ImageObject\",\"inLanguage\":\"de\",\"@id\":\"https:\\\/\\\/revolutionpadelstore.com\\\/de\\\/produkt\\\/kombat-etna\\\/#primaryimage\",\"url\":\"https:\\\/\\\/revolutionpadelstore.com\\\/wp-content\\\/uploads\\\/2024\\\/11\\\/115021_pala_kombat_etna_1500x1500_1_fc5d.webp\",\"contentUrl\":\"https:\\\/\\\/revolutionpadelstore.com\\\/wp-content\\\/uploads\\\/2024\\\/11\\\/115021_pala_kombat_etna_1500x1500_1_fc5d.webp\",\"width\":1500,\"height\":1500},{\"@type\":\"BreadcrumbList\",\"@id\":\"https:\\\/\\\/revolutionpadelstore.com\\\/de\\\/produkt\\\/kombat-etna\\\/#breadcrumb\",\"itemListElement\":[{\"@type\":\"ListItem\",\"position\":1,\"name\":\"Portada\",\"item\":\"https:\\\/\\\/revolutionpadelstore.com\\\/de\\\/\"},{\"@type\":\"ListItem\",\"position\":2,\"name\":\"Shop\",\"item\":\"https:\\\/\\\/revolutionpadelstore.com\\\/de\\\/tienda\\\/\"},{\"@type\":\"ListItem\",\"position\":3,\"name\":\"KOMBAT ETNA\"}]},{\"@type\":\"WebSite\",\"@id\":\"https:\\\/\\\/revolutionpadelstore.com\\\/de\\\/#website\",\"url\":\"https:\\\/\\\/revolutionpadelstore.com\\\/de\\\/\",\"name\":\"Revolution Padel Store\",\"description\":\"\",\"publisher\":{\"@id\":\"https:\\\/\\\/revolutionpadelstore.com\\\/de\\\/#organization\"},\"potentialAction\":[{\"@type\":\"SearchAction\",\"target\":{\"@type\":\"EntryPoint\",\"urlTemplate\":\"https:\\\/\\\/revolutionpadelstore.com\\\/de\\\/?s={search_term_string}\"},\"query-input\":{\"@type\":\"PropertyValueSpecification\",\"valueRequired\":true,\"valueName\":\"search_term_string\"}}],\"inLanguage\":\"de\"},{\"@type\":\"Organization\",\"@id\":\"https:\\\/\\\/revolutionpadelstore.com\\\/de\\\/#organization\",\"name\":\"Revolution Padel Store\",\"url\":\"https:\\\/\\\/revolutionpadelstore.com\\\/de\\\/\",\"logo\":{\"@type\":\"ImageObject\",\"inLanguage\":\"de\",\"@id\":\"https:\\\/\\\/revolutionpadelstore.com\\\/de\\\/#\\\/schema\\\/logo\\\/image\\\/\",\"url\":\"https:\\\/\\\/revolutionpadelstore.com\\\/wp-content\\\/uploads\\\/2026\\\/02\\\/revolution-padel-store.jpg\",\"contentUrl\":\"https:\\\/\\\/revolutionpadelstore.com\\\/wp-content\\\/uploads\\\/2026\\\/02\\\/revolution-padel-store.jpg\",\"width\":2000,\"height\":2000,\"caption\":\"Revolution Padel Store\"},\"image\":{\"@id\":\"https:\\\/\\\/revolutionpadelstore.com\\\/de\\\/#\\\/schema\\\/logo\\\/image\\\/\"},\"sameAs\":[\"https:\\\/\\\/www.instagram.com\\\/revolutionpadelstore\\\/\"]}]}<\/script>\n<!-- \/ Yoast SEO plugin. -->","yoast_head_json":{"title":"KOMBAT ETNA - Revolution Padel Store","description":"La pala de p\u00e1del Kombat Etna, que pertenece a la colecci\u00f3n Vulcano by Manu Mart\u00edn, presenta una forma de diamante con un balance alto y punto dulce inclinado hacia la cabeza, por lo que es una opci\u00f3n que garantiza una espectacular potencia en el ataque. Podr\u00e1s dominar cada punto desde la red gracias a la magn\u00edfica potencia y solidez de tus golpes. Su dise\u00f1o se inspira en la incre\u00edble fuerza del volc\u00e1n Etna","robots":{"index":"index","follow":"follow","max-snippet":"max-snippet:-1","max-image-preview":"max-image-preview:large","max-video-preview":"max-video-preview:-1"},"canonical":"https:\/\/revolutionpadelstore.com\/de\/produkt\/kombat-etna\/","og_locale":"de_DE","og_type":"article","og_title":"KOMBAT ETNA - Revolution Padel Store","og_description":"La pala de p\u00e1del Kombat Etna, que pertenece a la colecci\u00f3n Vulcano by Manu Mart\u00edn, presenta una forma de diamante con un balance alto y punto dulce inclinado hacia la cabeza, por lo que es una opci\u00f3n que garantiza una espectacular potencia en el ataque. Podr\u00e1s dominar cada punto desde la red gracias a la magn\u00edfica potencia y solidez de tus golpes. Su dise\u00f1o se inspira en la incre\u00edble fuerza del volc\u00e1n Etna","og_url":"https:\/\/revolutionpadelstore.com\/de\/produkt\/kombat-etna\/","og_site_name":"Revolution Padel Store","article_modified_time":"2026-04-01T04:53:28+00:00","og_image":[{"width":1500,"height":1500,"url":"https:\/\/revolutionpadelstore.com\/wp-content\/uploads\/2024\/11\/115021_pala_kombat_etna_1500x1500_1_fc5d.webp","type":"image\/webp"}],"twitter_card":"summary_large_image","twitter_misc":{"Gesch\u00e4tzte Lesezeit":"2\u00a0Minuten"},"schema":{"@context":"https:\/\/schema.org","@graph":[{"@type":"WebPage","@id":"https:\/\/revolutionpadelstore.com\/de\/produkt\/kombat-etna\/","url":"https:\/\/revolutionpadelstore.com\/de\/produkt\/kombat-etna\/","name":"KOMBAT ETNA - Revolution Padel Store","isPartOf":{"@id":"https:\/\/revolutionpadelstore.com\/de\/#website"},"primaryImageOfPage":{"@id":"https:\/\/revolutionpadelstore.com\/de\/produkt\/kombat-etna\/#primaryimage"},"image":{"@id":"https:\/\/revolutionpadelstore.com\/de\/produkt\/kombat-etna\/#primaryimage"},"thumbnailUrl":"https:\/\/revolutionpadelstore.com\/wp-content\/uploads\/2024\/11\/115021_pala_kombat_etna_1500x1500_1_fc5d.webp","datePublished":"2024-11-22T23:58:34+00:00","dateModified":"2026-04-01T04:53:28+00:00","description":"La pala de p\u00e1del Kombat Etna, que pertenece a la colecci\u00f3n Vulcano by Manu Mart\u00edn, presenta una forma de diamante con un balance alto y punto dulce inclinado hacia la cabeza, por lo que es una opci\u00f3n que garantiza una espectacular potencia en el ataque. Podr\u00e1s dominar cada punto desde la red gracias a la magn\u00edfica potencia y solidez de tus golpes. Su dise\u00f1o se inspira en la incre\u00edble fuerza del volc\u00e1n Etna","breadcrumb":{"@id":"https:\/\/revolutionpadelstore.com\/de\/produkt\/kombat-etna\/#breadcrumb"},"inLanguage":"de","potentialAction":[{"@type":"ReadAction","target":["https:\/\/revolutionpadelstore.com\/de\/produkt\/kombat-etna\/"]}]},{"@type":"ImageObject","inLanguage":"de","@id":"https:\/\/revolutionpadelstore.com\/de\/produkt\/kombat-etna\/#primaryimage","url":"https:\/\/revolutionpadelstore.com\/wp-content\/uploads\/2024\/11\/115021_pala_kombat_etna_1500x1500_1_fc5d.webp","contentUrl":"https:\/\/revolutionpadelstore.com\/wp-content\/uploads\/2024\/11\/115021_pala_kombat_etna_1500x1500_1_fc5d.webp","width":1500,"height":1500},{"@type":"BreadcrumbList","@id":"https:\/\/revolutionpadelstore.com\/de\/produkt\/kombat-etna\/#breadcrumb","itemListElement":[{"@type":"ListItem","position":1,"name":"Portada","item":"https:\/\/revolutionpadelstore.com\/de\/"},{"@type":"ListItem","position":2,"name":"Shop","item":"https:\/\/revolutionpadelstore.com\/de\/tienda\/"},{"@type":"ListItem","position":3,"name":"KOMBAT ETNA"}]},{"@type":"WebSite","@id":"https:\/\/revolutionpadelstore.com\/de\/#website","url":"https:\/\/revolutionpadelstore.com\/de\/","name":"Revolution Padel Store","description":"","publisher":{"@id":"https:\/\/revolutionpadelstore.com\/de\/#organization"},"potentialAction":[{"@type":"SearchAction","target":{"@type":"EntryPoint","urlTemplate":"https:\/\/revolutionpadelstore.com\/de\/?s={search_term_string}"},"query-input":{"@type":"PropertyValueSpecification","valueRequired":true,"valueName":"search_term_string"}}],"inLanguage":"de"},{"@type":"Organization","@id":"https:\/\/revolutionpadelstore.com\/de\/#organization","name":"Revolution Padel Store","url":"https:\/\/revolutionpadelstore.com\/de\/","logo":{"@type":"ImageObject","inLanguage":"de","@id":"https:\/\/revolutionpadelstore.com\/de\/#\/schema\/logo\/image\/","url":"https:\/\/revolutionpadelstore.com\/wp-content\/uploads\/2026\/02\/revolution-padel-store.jpg","contentUrl":"https:\/\/revolutionpadelstore.com\/wp-content\/uploads\/2026\/02\/revolution-padel-store.jpg","width":2000,"height":2000,"caption":"Revolution Padel Store"},"image":{"@id":"https:\/\/revolutionpadelstore.com\/de\/#\/schema\/logo\/image\/"},"sameAs":["https:\/\/www.instagram.com\/revolutionpadelstore\/"]}]}},"_links":{"self":[{"href":"https:\/\/revolutionpadelstore.com\/de\/wp-json\/wp\/v2\/product\/125454","targetHints":{"allow":["GET"]}}],"collection":[{"href":"https:\/\/revolutionpadelstore.com\/de\/wp-json\/wp\/v2\/product"}],"about":[{"href":"https:\/\/revolutionpadelstore.com\/de\/wp-json\/wp\/v2\/types\/product"}],"replies":[{"embeddable":true,"href":"https:\/\/revolutionpadelstore.com\/de\/wp-json\/wp\/v2\/comments?post=125454"}],"wp:featuredmedia":[{"embeddable":true,"href":"https:\/\/revolutionpadelstore.com\/de\/wp-json\/wp\/v2\/media\/125036"}],"wp:attachment":[{"href":"https:\/\/revolutionpadelstore.com\/de\/wp-json\/wp\/v2\/media?parent=125454"}],"wp:term":[{"taxonomy":"acabado","embeddable":true,"href":"https:\/\/revolutionpadelstore.com\/de\/wp-json\/wp\/v2\/acabado?post=125454"},{"taxonomy":"balance","embeddable":true,"href":"https:\/\/revolutionpadelstore.com\/de\/wp-json\/wp\/v2\/balance?post=125454"},{"taxonomy":"dureza","embeddable":true,"href":"https:\/\/revolutionpadelstore.com\/de\/wp-json\/wp\/v2\/dureza?post=125454"},{"taxonomy":"forma","embeddable":true,"href":"https:\/\/revolutionpadelstore.com\/de\/wp-json\/wp\/v2\/forma?post=125454"},{"taxonomy":"jugador","embeddable":true,"href":"https:\/\/revolutionpadelstore.com\/de\/wp-json\/wp\/v2\/jugador?post=125454"},{"taxonomy":"marca","embeddable":true,"href":"https:\/\/revolutionpadelstore.com\/de\/wp-json\/wp\/v2\/marca?post=125454"},{"taxonomy":"nivel-de-juego","embeddable":true,"href":"https:\/\/revolutionpadelstore.com\/de\/wp-json\/wp\/v2\/nivel-de-juego?post=125454"},{"taxonomy":"superficie","embeddable":true,"href":"https:\/\/revolutionpadelstore.com\/de\/wp-json\/wp\/v2\/superficie?post=125454"},{"taxonomy":"tipo-de-juego","embeddable":true,"href":"https:\/\/revolutionpadelstore.com\/de\/wp-json\/wp\/v2\/tipo-de-juego?post=125454"},{"taxonomy":"product_brand","embeddable":true,"href":"https:\/\/revolutionpadelstore.com\/de\/wp-json\/wp\/v2\/product_brand?post=125454"},{"taxonomy":"product_cat","embeddable":true,"href":"https:\/\/revolutionpadelstore.com\/de\/wp-json\/wp\/v2\/product_cat?post=125454"},{"taxonomy":"product_tag","embeddable":true,"href":"https:\/\/revolutionpadelstore.com\/de\/wp-json\/wp\/v2\/product_tag?post=125454"}],"curies":[{"name":"wp","href":"https:\/\/api.w.org\/{rel}","templated":true}]}}