{"id":125449,"date":"2024-11-23T01:07:17","date_gmt":"2024-11-23T00:07:17","guid":{"rendered":"https:\/\/revolutionpadelstore.com\/kombat-teide\/"},"modified":"2026-04-01T06:53:04","modified_gmt":"2026-04-01T04:53:04","slug":"kombat-teide","status":"publish","type":"product","link":"https:\/\/revolutionpadelstore.com\/de\/produkt\/kombat-teide\/","title":{"rendered":"KOMBAT TEIDE"},"content":{"rendered":"<p><strong> Kombat Teide 2025: Diamond Power and Control Shovel <\/strong><\/p>\n<p>Der Kombat Teidide ist die ideale Schaufel f\u00fcr diejenigen, die eine perfekte Balance zwischen Kraft und Pr\u00e4zision suchen. Inspiriert von der Majest\u00e4t des Teide -Vulkans in Spanien pr\u00e4sentiert es eine Diamantform, die den Schlag ohne Opfergenauigkeit optimiert. Das Design und seine Konstruktion erm\u00f6glichen leistungsstarke Schl\u00e4ge und halten gleichzeitig eine au\u00dfergew\u00f6hnliche Kontrolle. Mit mittlerer H\u00e4rte ist der Kombat Teide ideal f\u00fcr offensive und defensive Spieler und bietet eine herausragende Leistung in jeder Spielsituation.<\/p>\n<p><strong> Kombat Teide: F\u00fcr Offensivtechnikspieler <\/strong><\/p>\n<p>Der Kombat Teide f\u00fcr vielseitige Spieler ist perfekt f\u00fcr diejenigen, die das Gericht mit einer Kombination aus Macht und Kontrolle dominieren m\u00f6chten. Der mittelschwere, hart blaue Eva -Kern bietet ein ausgezeichnetes Ballempfindlichkeit, das in jedem Schlag Komfort und feste Reaktion bietet. Diese Schaufel ist f\u00fcr Spieler aller Ebenen geeignet, von Anf\u00e4ngern bis zu Experten, was es zu einer vielseitigen Option zur Verbesserung der Spurleistung macht. Die leichte und ausgewogene Struktur erm\u00f6glicht es, eine Vielzahl von Schl\u00e4gen mit Zuversicht auszuf\u00fchren, sowohl in Angriff als auch in der Verteidigung.<\/p>\n<p><strong> Eigenschaften des Kombat Teides <\/strong><\/p>\n<p><strong> -Forma <\/strong>: Diamant mit hohem Gleichgewicht<\/p>\n<p><strong> -Nucole <\/strong>: blaue Eva der mittleren H\u00e4rte<\/p>\n<p><strong> -Tubular <\/strong>: 100% Kohlefaser<\/p>\n<p><strong> -Plano <\/strong>: Ruglous blauer Kohlenstoff<\/p>\n<p><strong> -Ambrado <\/strong>: Glanz und Kumpel<\/p>\n<p><strong> -zone s\u00fc\u00df <\/strong>: breit<\/p>\n<p><strong> -Pence <\/strong>: 9\/10<\/p>\n<p><strong> -Control <\/strong>: 9\/10<\/p>\n<p><strong> -Bolaida <\/strong>: 9\/10<\/p>\n<p><strong> Kombat Teide im Revolution Padel Store <\/strong> erh\u00e4ltlich<\/p>\n<p>Verpassen Sie nicht die Gelegenheit, Ihr Spiel mit dem Kombat Teide zu verbessern. Diese Schaufel bietet Ihnen die ideale Balance zwischen Strom und Kontrolle und erm\u00f6glicht es Ihnen, Ihre Schl\u00e4ge vorab auszuf\u00fchren. Machen Sie Ihre Bestellung noch heute und verbessern Sie Ihre Leistung auf dem Platz!<strong>Kombat Teide 2025: Pala Diamante de Potencia y Control<\/strong><\/p>\n","protected":false},"excerpt":{"rendered":"<p>Der Kombat Teidide ist eine Paddelschaufel, die ein Gleichgewicht zwischen Kraft und Kontrolle bietet, ideal f\u00fcr vielseitige Spieler, die bei jedem Schlag eine au\u00dfergew\u00f6hnliche Leistung suchen.<\/p>\n","protected":false},"featured_media":125068,"comment_status":"open","ping_status":"closed","template":"","meta":{"_acf_changed":false,"_joinchat":[]},"acabado":[1089],"balance":[1134],"dureza":[1154],"forma":[1169],"jugador":[1189,1199],"marca":[1703],"nivel-de-juego":[1334],"superficie":[1359],"tipo-de-juego":[1374],"product_brand":[],"product_cat":[299],"product_tag":[],"class_list":{"0":"post-125449","1":"product","2":"type-product","3":"status-publish","4":"has-post-thumbnail","6":"acabado-3d-entlasten","7":"balance-hoch","8":"dureza-media-de","9":"forma-diamante-de","10":"jugador-mann","11":"jugador-mehrzweck","12":"marca-kombat-de","13":"superficie-rugosa-de","14":"tipo-de-juego-leistung","15":"product_cat-palas-de-padel-de","17":"first","18":"instock","19":"taxable","20":"shipping-taxable","21":"purchasable","22":"product-type-simple"},"acf":[],"yoast_head":"<!-- This site is optimized with the Yoast SEO plugin v27.3 - https:\/\/yoast.com\/product\/yoast-seo-wordpress\/ -->\n<title>KOMBAT TEIDE - Revolution Padel Store<\/title>\n<meta name=\"description\" content=\"La Kombat Teide es la pala ideal para quienes buscan un equilibrio perfecto entre potencia y calidad. Inspirada en la grandeza del volc\u00e1n Teide en Espa\u00f1a, esta pala tiene una forma de diamante que maximiza la pegada sin comprometer la precisi\u00f3n. Su dise\u00f1o y construcci\u00f3n permiten a los jugadores ejecutar golpes contundentes y a la vez mantener un control excepcional. Con un tacto de dureza media, la Kombat Teide es perfecta para aquellos que desean destacarse en la red y en la defensa, ofreciendo un rendimiento sobresaliente en cada situaci\u00f3n de juego.\" \/>\n<meta name=\"robots\" content=\"index, follow, max-snippet:-1, max-image-preview:large, max-video-preview:-1\" \/>\n<link rel=\"canonical\" href=\"https:\/\/revolutionpadelstore.com\/de\/produkt\/kombat-teide\/\" \/>\n<meta property=\"og:locale\" content=\"de_DE\" \/>\n<meta property=\"og:type\" content=\"article\" \/>\n<meta property=\"og:title\" content=\"KOMBAT TEIDE - Revolution Padel Store\" \/>\n<meta property=\"og:description\" content=\"La Kombat Teide es la pala ideal para quienes buscan un equilibrio perfecto entre potencia y calidad. Inspirada en la grandeza del volc\u00e1n Teide en Espa\u00f1a, esta pala tiene una forma de diamante que maximiza la pegada sin comprometer la precisi\u00f3n. Su dise\u00f1o y construcci\u00f3n permiten a los jugadores ejecutar golpes contundentes y a la vez mantener un control excepcional. Con un tacto de dureza media, la Kombat Teide es perfecta para aquellos que desean destacarse en la red y en la defensa, ofreciendo un rendimiento sobresaliente en cada situaci\u00f3n de juego.\" \/>\n<meta property=\"og:url\" content=\"https:\/\/revolutionpadelstore.com\/de\/produkt\/kombat-teide\/\" \/>\n<meta property=\"og:site_name\" content=\"Revolution Padel Store\" \/>\n<meta property=\"article:modified_time\" content=\"2026-04-01T04:53:04+00:00\" \/>\n<meta property=\"og:image\" content=\"https:\/\/revolutionpadelstore.com\/wp-content\/uploads\/2024\/11\/115026_pala_kombat_teide_1500x1500_1_a7c3.webp\" \/>\n\t<meta property=\"og:image:width\" content=\"1500\" \/>\n\t<meta property=\"og:image:height\" content=\"1500\" \/>\n\t<meta property=\"og:image:type\" content=\"image\/webp\" \/>\n<meta name=\"twitter:card\" content=\"summary_large_image\" \/>\n<meta name=\"twitter:label1\" content=\"Gesch\u00e4tzte Lesezeit\" \/>\n\t<meta name=\"twitter:data1\" content=\"2\u00a0Minuten\" \/>\n<script type=\"application\/ld+json\" class=\"yoast-schema-graph\">{\"@context\":\"https:\\\/\\\/schema.org\",\"@graph\":[{\"@type\":\"WebPage\",\"@id\":\"https:\\\/\\\/revolutionpadelstore.com\\\/de\\\/produkt\\\/kombat-teide\\\/\",\"url\":\"https:\\\/\\\/revolutionpadelstore.com\\\/de\\\/produkt\\\/kombat-teide\\\/\",\"name\":\"KOMBAT TEIDE - Revolution Padel Store\",\"isPartOf\":{\"@id\":\"https:\\\/\\\/revolutionpadelstore.com\\\/de\\\/#website\"},\"primaryImageOfPage\":{\"@id\":\"https:\\\/\\\/revolutionpadelstore.com\\\/de\\\/produkt\\\/kombat-teide\\\/#primaryimage\"},\"image\":{\"@id\":\"https:\\\/\\\/revolutionpadelstore.com\\\/de\\\/produkt\\\/kombat-teide\\\/#primaryimage\"},\"thumbnailUrl\":\"https:\\\/\\\/revolutionpadelstore.com\\\/wp-content\\\/uploads\\\/2024\\\/11\\\/115026_pala_kombat_teide_1500x1500_1_a7c3.webp\",\"datePublished\":\"2024-11-23T00:07:17+00:00\",\"dateModified\":\"2026-04-01T04:53:04+00:00\",\"description\":\"La Kombat Teide es la pala ideal para quienes buscan un equilibrio perfecto entre potencia y calidad. Inspirada en la grandeza del volc\u00e1n Teide en Espa\u00f1a, esta pala tiene una forma de diamante que maximiza la pegada sin comprometer la precisi\u00f3n. Su dise\u00f1o y construcci\u00f3n permiten a los jugadores ejecutar golpes contundentes y a la vez mantener un control excepcional. Con un tacto de dureza media, la Kombat Teide es perfecta para aquellos que desean destacarse en la red y en la defensa, ofreciendo un rendimiento sobresaliente en cada situaci\u00f3n de juego.\",\"breadcrumb\":{\"@id\":\"https:\\\/\\\/revolutionpadelstore.com\\\/de\\\/produkt\\\/kombat-teide\\\/#breadcrumb\"},\"inLanguage\":\"de\",\"potentialAction\":[{\"@type\":\"ReadAction\",\"target\":[\"https:\\\/\\\/revolutionpadelstore.com\\\/de\\\/produkt\\\/kombat-teide\\\/\"]}]},{\"@type\":\"ImageObject\",\"inLanguage\":\"de\",\"@id\":\"https:\\\/\\\/revolutionpadelstore.com\\\/de\\\/produkt\\\/kombat-teide\\\/#primaryimage\",\"url\":\"https:\\\/\\\/revolutionpadelstore.com\\\/wp-content\\\/uploads\\\/2024\\\/11\\\/115026_pala_kombat_teide_1500x1500_1_a7c3.webp\",\"contentUrl\":\"https:\\\/\\\/revolutionpadelstore.com\\\/wp-content\\\/uploads\\\/2024\\\/11\\\/115026_pala_kombat_teide_1500x1500_1_a7c3.webp\",\"width\":1500,\"height\":1500},{\"@type\":\"BreadcrumbList\",\"@id\":\"https:\\\/\\\/revolutionpadelstore.com\\\/de\\\/produkt\\\/kombat-teide\\\/#breadcrumb\",\"itemListElement\":[{\"@type\":\"ListItem\",\"position\":1,\"name\":\"Portada\",\"item\":\"https:\\\/\\\/revolutionpadelstore.com\\\/de\\\/\"},{\"@type\":\"ListItem\",\"position\":2,\"name\":\"Shop\",\"item\":\"https:\\\/\\\/revolutionpadelstore.com\\\/de\\\/tienda\\\/\"},{\"@type\":\"ListItem\",\"position\":3,\"name\":\"KOMBAT TEIDE\"}]},{\"@type\":\"WebSite\",\"@id\":\"https:\\\/\\\/revolutionpadelstore.com\\\/de\\\/#website\",\"url\":\"https:\\\/\\\/revolutionpadelstore.com\\\/de\\\/\",\"name\":\"Revolution Padel Store\",\"description\":\"\",\"publisher\":{\"@id\":\"https:\\\/\\\/revolutionpadelstore.com\\\/de\\\/#organization\"},\"potentialAction\":[{\"@type\":\"SearchAction\",\"target\":{\"@type\":\"EntryPoint\",\"urlTemplate\":\"https:\\\/\\\/revolutionpadelstore.com\\\/de\\\/?s={search_term_string}\"},\"query-input\":{\"@type\":\"PropertyValueSpecification\",\"valueRequired\":true,\"valueName\":\"search_term_string\"}}],\"inLanguage\":\"de\"},{\"@type\":\"Organization\",\"@id\":\"https:\\\/\\\/revolutionpadelstore.com\\\/de\\\/#organization\",\"name\":\"Revolution Padel Store\",\"url\":\"https:\\\/\\\/revolutionpadelstore.com\\\/de\\\/\",\"logo\":{\"@type\":\"ImageObject\",\"inLanguage\":\"de\",\"@id\":\"https:\\\/\\\/revolutionpadelstore.com\\\/de\\\/#\\\/schema\\\/logo\\\/image\\\/\",\"url\":\"https:\\\/\\\/revolutionpadelstore.com\\\/wp-content\\\/uploads\\\/2026\\\/02\\\/revolution-padel-store.jpg\",\"contentUrl\":\"https:\\\/\\\/revolutionpadelstore.com\\\/wp-content\\\/uploads\\\/2026\\\/02\\\/revolution-padel-store.jpg\",\"width\":2000,\"height\":2000,\"caption\":\"Revolution Padel Store\"},\"image\":{\"@id\":\"https:\\\/\\\/revolutionpadelstore.com\\\/de\\\/#\\\/schema\\\/logo\\\/image\\\/\"},\"sameAs\":[\"https:\\\/\\\/www.instagram.com\\\/revolutionpadelstore\\\/\"]}]}<\/script>\n<!-- \/ Yoast SEO plugin. -->","yoast_head_json":{"title":"KOMBAT TEIDE - Revolution Padel Store","description":"La Kombat Teide es la pala ideal para quienes buscan un equilibrio perfecto entre potencia y calidad. Inspirada en la grandeza del volc\u00e1n Teide en Espa\u00f1a, esta pala tiene una forma de diamante que maximiza la pegada sin comprometer la precisi\u00f3n. Su dise\u00f1o y construcci\u00f3n permiten a los jugadores ejecutar golpes contundentes y a la vez mantener un control excepcional. Con un tacto de dureza media, la Kombat Teide es perfecta para aquellos que desean destacarse en la red y en la defensa, ofreciendo un rendimiento sobresaliente en cada situaci\u00f3n de juego.","robots":{"index":"index","follow":"follow","max-snippet":"max-snippet:-1","max-image-preview":"max-image-preview:large","max-video-preview":"max-video-preview:-1"},"canonical":"https:\/\/revolutionpadelstore.com\/de\/produkt\/kombat-teide\/","og_locale":"de_DE","og_type":"article","og_title":"KOMBAT TEIDE - Revolution Padel Store","og_description":"La Kombat Teide es la pala ideal para quienes buscan un equilibrio perfecto entre potencia y calidad. Inspirada en la grandeza del volc\u00e1n Teide en Espa\u00f1a, esta pala tiene una forma de diamante que maximiza la pegada sin comprometer la precisi\u00f3n. Su dise\u00f1o y construcci\u00f3n permiten a los jugadores ejecutar golpes contundentes y a la vez mantener un control excepcional. Con un tacto de dureza media, la Kombat Teide es perfecta para aquellos que desean destacarse en la red y en la defensa, ofreciendo un rendimiento sobresaliente en cada situaci\u00f3n de juego.","og_url":"https:\/\/revolutionpadelstore.com\/de\/produkt\/kombat-teide\/","og_site_name":"Revolution Padel Store","article_modified_time":"2026-04-01T04:53:04+00:00","og_image":[{"width":1500,"height":1500,"url":"https:\/\/revolutionpadelstore.com\/wp-content\/uploads\/2024\/11\/115026_pala_kombat_teide_1500x1500_1_a7c3.webp","type":"image\/webp"}],"twitter_card":"summary_large_image","twitter_misc":{"Gesch\u00e4tzte Lesezeit":"2\u00a0Minuten"},"schema":{"@context":"https:\/\/schema.org","@graph":[{"@type":"WebPage","@id":"https:\/\/revolutionpadelstore.com\/de\/produkt\/kombat-teide\/","url":"https:\/\/revolutionpadelstore.com\/de\/produkt\/kombat-teide\/","name":"KOMBAT TEIDE - Revolution Padel Store","isPartOf":{"@id":"https:\/\/revolutionpadelstore.com\/de\/#website"},"primaryImageOfPage":{"@id":"https:\/\/revolutionpadelstore.com\/de\/produkt\/kombat-teide\/#primaryimage"},"image":{"@id":"https:\/\/revolutionpadelstore.com\/de\/produkt\/kombat-teide\/#primaryimage"},"thumbnailUrl":"https:\/\/revolutionpadelstore.com\/wp-content\/uploads\/2024\/11\/115026_pala_kombat_teide_1500x1500_1_a7c3.webp","datePublished":"2024-11-23T00:07:17+00:00","dateModified":"2026-04-01T04:53:04+00:00","description":"La Kombat Teide es la pala ideal para quienes buscan un equilibrio perfecto entre potencia y calidad. Inspirada en la grandeza del volc\u00e1n Teide en Espa\u00f1a, esta pala tiene una forma de diamante que maximiza la pegada sin comprometer la precisi\u00f3n. Su dise\u00f1o y construcci\u00f3n permiten a los jugadores ejecutar golpes contundentes y a la vez mantener un control excepcional. Con un tacto de dureza media, la Kombat Teide es perfecta para aquellos que desean destacarse en la red y en la defensa, ofreciendo un rendimiento sobresaliente en cada situaci\u00f3n de juego.","breadcrumb":{"@id":"https:\/\/revolutionpadelstore.com\/de\/produkt\/kombat-teide\/#breadcrumb"},"inLanguage":"de","potentialAction":[{"@type":"ReadAction","target":["https:\/\/revolutionpadelstore.com\/de\/produkt\/kombat-teide\/"]}]},{"@type":"ImageObject","inLanguage":"de","@id":"https:\/\/revolutionpadelstore.com\/de\/produkt\/kombat-teide\/#primaryimage","url":"https:\/\/revolutionpadelstore.com\/wp-content\/uploads\/2024\/11\/115026_pala_kombat_teide_1500x1500_1_a7c3.webp","contentUrl":"https:\/\/revolutionpadelstore.com\/wp-content\/uploads\/2024\/11\/115026_pala_kombat_teide_1500x1500_1_a7c3.webp","width":1500,"height":1500},{"@type":"BreadcrumbList","@id":"https:\/\/revolutionpadelstore.com\/de\/produkt\/kombat-teide\/#breadcrumb","itemListElement":[{"@type":"ListItem","position":1,"name":"Portada","item":"https:\/\/revolutionpadelstore.com\/de\/"},{"@type":"ListItem","position":2,"name":"Shop","item":"https:\/\/revolutionpadelstore.com\/de\/tienda\/"},{"@type":"ListItem","position":3,"name":"KOMBAT TEIDE"}]},{"@type":"WebSite","@id":"https:\/\/revolutionpadelstore.com\/de\/#website","url":"https:\/\/revolutionpadelstore.com\/de\/","name":"Revolution Padel Store","description":"","publisher":{"@id":"https:\/\/revolutionpadelstore.com\/de\/#organization"},"potentialAction":[{"@type":"SearchAction","target":{"@type":"EntryPoint","urlTemplate":"https:\/\/revolutionpadelstore.com\/de\/?s={search_term_string}"},"query-input":{"@type":"PropertyValueSpecification","valueRequired":true,"valueName":"search_term_string"}}],"inLanguage":"de"},{"@type":"Organization","@id":"https:\/\/revolutionpadelstore.com\/de\/#organization","name":"Revolution Padel Store","url":"https:\/\/revolutionpadelstore.com\/de\/","logo":{"@type":"ImageObject","inLanguage":"de","@id":"https:\/\/revolutionpadelstore.com\/de\/#\/schema\/logo\/image\/","url":"https:\/\/revolutionpadelstore.com\/wp-content\/uploads\/2026\/02\/revolution-padel-store.jpg","contentUrl":"https:\/\/revolutionpadelstore.com\/wp-content\/uploads\/2026\/02\/revolution-padel-store.jpg","width":2000,"height":2000,"caption":"Revolution Padel Store"},"image":{"@id":"https:\/\/revolutionpadelstore.com\/de\/#\/schema\/logo\/image\/"},"sameAs":["https:\/\/www.instagram.com\/revolutionpadelstore\/"]}]}},"_links":{"self":[{"href":"https:\/\/revolutionpadelstore.com\/de\/wp-json\/wp\/v2\/product\/125449","targetHints":{"allow":["GET"]}}],"collection":[{"href":"https:\/\/revolutionpadelstore.com\/de\/wp-json\/wp\/v2\/product"}],"about":[{"href":"https:\/\/revolutionpadelstore.com\/de\/wp-json\/wp\/v2\/types\/product"}],"replies":[{"embeddable":true,"href":"https:\/\/revolutionpadelstore.com\/de\/wp-json\/wp\/v2\/comments?post=125449"}],"wp:featuredmedia":[{"embeddable":true,"href":"https:\/\/revolutionpadelstore.com\/de\/wp-json\/wp\/v2\/media\/125068"}],"wp:attachment":[{"href":"https:\/\/revolutionpadelstore.com\/de\/wp-json\/wp\/v2\/media?parent=125449"}],"wp:term":[{"taxonomy":"acabado","embeddable":true,"href":"https:\/\/revolutionpadelstore.com\/de\/wp-json\/wp\/v2\/acabado?post=125449"},{"taxonomy":"balance","embeddable":true,"href":"https:\/\/revolutionpadelstore.com\/de\/wp-json\/wp\/v2\/balance?post=125449"},{"taxonomy":"dureza","embeddable":true,"href":"https:\/\/revolutionpadelstore.com\/de\/wp-json\/wp\/v2\/dureza?post=125449"},{"taxonomy":"forma","embeddable":true,"href":"https:\/\/revolutionpadelstore.com\/de\/wp-json\/wp\/v2\/forma?post=125449"},{"taxonomy":"jugador","embeddable":true,"href":"https:\/\/revolutionpadelstore.com\/de\/wp-json\/wp\/v2\/jugador?post=125449"},{"taxonomy":"marca","embeddable":true,"href":"https:\/\/revolutionpadelstore.com\/de\/wp-json\/wp\/v2\/marca?post=125449"},{"taxonomy":"nivel-de-juego","embeddable":true,"href":"https:\/\/revolutionpadelstore.com\/de\/wp-json\/wp\/v2\/nivel-de-juego?post=125449"},{"taxonomy":"superficie","embeddable":true,"href":"https:\/\/revolutionpadelstore.com\/de\/wp-json\/wp\/v2\/superficie?post=125449"},{"taxonomy":"tipo-de-juego","embeddable":true,"href":"https:\/\/revolutionpadelstore.com\/de\/wp-json\/wp\/v2\/tipo-de-juego?post=125449"},{"taxonomy":"product_brand","embeddable":true,"href":"https:\/\/revolutionpadelstore.com\/de\/wp-json\/wp\/v2\/product_brand?post=125449"},{"taxonomy":"product_cat","embeddable":true,"href":"https:\/\/revolutionpadelstore.com\/de\/wp-json\/wp\/v2\/product_cat?post=125449"},{"taxonomy":"product_tag","embeddable":true,"href":"https:\/\/revolutionpadelstore.com\/de\/wp-json\/wp\/v2\/product_tag?post=125449"}],"curies":[{"name":"wp","href":"https:\/\/api.w.org\/{rel}","templated":true}]}}