{"id":125444,"date":"2024-11-23T11:16:46","date_gmt":"2024-11-23T10:16:46","guid":{"rendered":"https:\/\/revolutionpadelstore.com\/kombat-vesubio\/"},"modified":"2026-04-01T06:52:42","modified_gmt":"2026-04-01T04:52:42","slug":"kombat-vesubio-1","status":"publish","type":"product","link":"https:\/\/revolutionpadelstore.com\/de\/produkt\/kombat-vesubio-1\/","title":{"rendered":"KOMBAT VESUBIO"},"content":{"rendered":"<h2> <strong> Kombat vesubio, Sammlung 2025 <\/ strong> <\/ h2><br \/>\nEntdecken Sie den Kombat Vesubio, eine ideale Schaufel f\u00fcr diejenigen, die nach einem weichen Gef\u00fchl suchen, ohne in jedem Schlag eine explosive Leistung aufzugeben. Das Design, das von der St\u00e4rke des Vesubio -Vulkans inspiriert ist, macht es zu einem au\u00dfergew\u00f6hnlichen Werkzeug f\u00fcr Spieler, die eine einzigartige Mischung aus Komfort und Kraft w\u00fcnschen. Mit seiner Diamantform und einem hohen Gleichgewicht soll diese Schaufel sowohl in Angriff als auch in der Verteidigung eine hervorragende Leistung bieten und in jedem Schlag Pr\u00e4zision garantieren.<\/p>\n<h2> <strong> Kombat Vesubio, Diamantschaufel<br \/>\nDer Kombat Vesubio eignet sich perfekt f\u00fcr Spieler, die eine weichere Ber\u00fchrung bevorzugen, aber auch Kraft ben\u00f6tigen, um zum richtigen Zeitpunkt starke Schl\u00e4ge auszuf\u00fchren. Der Eva -Gummi -Kern der Doppeldichte optimiert den Komfort, w\u00e4hrend seine leichte und dauerhafte Struktur einen hervorragenden Ballauslass bietet. Diese Schaufel ist ideal f\u00fcr diejenigen, die eine perfekte Balance zwischen Kontrolle und Leistung suchen, was sie zu einer hervorragenden Option f\u00fcr Spieler aller Ebenen macht.<\/p>\n<p><strong> Kombat Vesubio 2025 <\/strong> Kombat -Eigenschaften<\/p>\n<p> <strong> -Form: <\/strong> Diamant mit hohem Gleichgewicht, ideal f\u00fcr die Leistung<br \/>\n<P> <strong> -Nucole: <\/strong> schwarzer EVA der Doppeldichte, Optimierung der schnellen Ausgabe und Reaktion<\/p>\n<p> <strong> -Tubular: <\/strong> 100% Kohlefaser, Licht und resistent<\/p>\n<p> <strong> -Plano: <\/strong> 3D -Rohkohlenstoff, um in jedem Schlag Effekteffekte zu spielen.<br \/>\n<P> <strong> -Wolving: <\/strong> gl\u00e4nzend und matt<\/p>\n<p> <strong> -Sweet-Zone: <\/strong> Halbhoch.<\/p>\n<p> <strong> -Bolida: <\/strong> 10\/10<br \/>\n<P> <strong> -Pectionce: <\/strong> 8\/10<br \/>\n<P> <strong> -Control: <\/strong> 9\/10<br \/>\n<strong> Kombat Vesubio 2025 im Revolution Padel Store <\/strong><\/p>\n<p>Verpassen Sie nicht die Gelegenheit, Ihre Leistung mit dem Kombat Vesubio zu verbessern. Das innovative Design und die au\u00dfergew\u00f6hnliche Kombination von Funktionen werden f\u00fcr jeden Spieler eine wesentliche Schaufel gemacht. Wagen Sie es, die Kraft des Vesubio -Vulkans in jedem Schlag zu sp\u00fcren. Holen Sie sich jetzt Ihr und bringen Sie Ihr Spiel auf das n\u00e4chste Level!<\/p>\n<h2><strong>Kombat Vesubio, colecci\u00f3n 2025<\/strong><\/p>\n","protected":false},"excerpt":{"rendered":"<p>Der Kombat Vesubio ist eine ideale Paddelschaufel f\u00fcr Spieler, die nach einer weichen und explosiven Note suchen und eine perfekte Balance zwischen Komfort und Kraft bieten.<\/p>\n","protected":false},"featured_media":125101,"comment_status":"open","ping_status":"closed","template":"","meta":{"_acf_changed":false,"_joinchat":[]},"acabado":[1089],"balance":[1134],"dureza":[1149],"forma":[1169],"jugador":[1189,1199],"marca":[1703],"nivel-de-juego":[1334],"superficie":[1359],"tipo-de-juego":[1374],"product_brand":[],"product_cat":[299],"product_tag":[],"class_list":{"0":"post-125444","1":"product","2":"type-product","3":"status-publish","4":"has-post-thumbnail","6":"acabado-3d-entlasten","7":"balance-hoch","8":"dureza-blanda-de","9":"forma-diamante-de","10":"jugador-mann","11":"jugador-mehrzweck","12":"marca-kombat-de","13":"superficie-rugosa-de","14":"tipo-de-juego-leistung","15":"product_cat-palas-de-padel-de","17":"first","18":"instock","19":"taxable","20":"shipping-taxable","21":"purchasable","22":"product-type-simple"},"acf":[],"yoast_head":"<!-- This site is optimized with the Yoast SEO plugin v27.3 - https:\/\/yoast.com\/product\/yoast-seo-wordpress\/ -->\n<title>KOMBAT VESUBIO - Revolution Padel Store<\/title>\n<meta name=\"description\" content=\"Descubre la Kombat Vesubio, la pala perfecta para aquellos que buscan un tacto blando sin sacrificar el rendimiento explosivo en cada golpe. Su dise\u00f1o inspirado en el poder del volc\u00e1n Vesubio la convierte en una herramienta excepcional para los jugadores que desean una combinaci\u00f3n \u00fanica de comodidad y potencia. Con su forma de diamante y un balance alto, esta pala est\u00e1 dise\u00f1ada para ofrecer un desempe\u00f1o sobresaliente tanto en ataque como en defensa, garantizando precisi\u00f3n en cada golpe.\" \/>\n<meta name=\"robots\" content=\"index, follow, max-snippet:-1, max-image-preview:large, max-video-preview:-1\" \/>\n<link rel=\"canonical\" href=\"https:\/\/revolutionpadelstore.com\/de\/produkt\/kombat-vesubio-1\/\" \/>\n<meta property=\"og:locale\" content=\"de_DE\" \/>\n<meta property=\"og:type\" content=\"article\" \/>\n<meta property=\"og:title\" content=\"KOMBAT VESUBIO - Revolution Padel Store\" \/>\n<meta property=\"og:description\" content=\"Descubre la Kombat Vesubio, la pala perfecta para aquellos que buscan un tacto blando sin sacrificar el rendimiento explosivo en cada golpe. Su dise\u00f1o inspirado en el poder del volc\u00e1n Vesubio la convierte en una herramienta excepcional para los jugadores que desean una combinaci\u00f3n \u00fanica de comodidad y potencia. Con su forma de diamante y un balance alto, esta pala est\u00e1 dise\u00f1ada para ofrecer un desempe\u00f1o sobresaliente tanto en ataque como en defensa, garantizando precisi\u00f3n en cada golpe.\" \/>\n<meta property=\"og:url\" content=\"https:\/\/revolutionpadelstore.com\/de\/produkt\/kombat-vesubio-1\/\" \/>\n<meta property=\"og:site_name\" content=\"Revolution Padel Store\" \/>\n<meta property=\"article:modified_time\" content=\"2026-04-01T04:52:42+00:00\" \/>\n<meta property=\"og:image\" content=\"https:\/\/revolutionpadelstore.com\/wp-content\/uploads\/2024\/11\/115027_pala_kombat_vesubio_1500x1500_1_684b.webp\" \/>\n\t<meta property=\"og:image:width\" content=\"1500\" \/>\n\t<meta property=\"og:image:height\" content=\"1500\" \/>\n\t<meta property=\"og:image:type\" content=\"image\/webp\" \/>\n<meta name=\"twitter:card\" content=\"summary_large_image\" \/>\n<meta name=\"twitter:label1\" content=\"Gesch\u00e4tzte Lesezeit\" \/>\n\t<meta name=\"twitter:data1\" content=\"2\u00a0Minuten\" \/>\n<script type=\"application\/ld+json\" class=\"yoast-schema-graph\">{\"@context\":\"https:\\\/\\\/schema.org\",\"@graph\":[{\"@type\":\"WebPage\",\"@id\":\"https:\\\/\\\/revolutionpadelstore.com\\\/de\\\/produkt\\\/kombat-vesubio-1\\\/\",\"url\":\"https:\\\/\\\/revolutionpadelstore.com\\\/de\\\/produkt\\\/kombat-vesubio-1\\\/\",\"name\":\"KOMBAT VESUBIO - Revolution Padel Store\",\"isPartOf\":{\"@id\":\"https:\\\/\\\/revolutionpadelstore.com\\\/de\\\/#website\"},\"primaryImageOfPage\":{\"@id\":\"https:\\\/\\\/revolutionpadelstore.com\\\/de\\\/produkt\\\/kombat-vesubio-1\\\/#primaryimage\"},\"image\":{\"@id\":\"https:\\\/\\\/revolutionpadelstore.com\\\/de\\\/produkt\\\/kombat-vesubio-1\\\/#primaryimage\"},\"thumbnailUrl\":\"https:\\\/\\\/revolutionpadelstore.com\\\/wp-content\\\/uploads\\\/2024\\\/11\\\/115027_pala_kombat_vesubio_1500x1500_1_684b.webp\",\"datePublished\":\"2024-11-23T10:16:46+00:00\",\"dateModified\":\"2026-04-01T04:52:42+00:00\",\"description\":\"Descubre la Kombat Vesubio, la pala perfecta para aquellos que buscan un tacto blando sin sacrificar el rendimiento explosivo en cada golpe. Su dise\u00f1o inspirado en el poder del volc\u00e1n Vesubio la convierte en una herramienta excepcional para los jugadores que desean una combinaci\u00f3n \u00fanica de comodidad y potencia. Con su forma de diamante y un balance alto, esta pala est\u00e1 dise\u00f1ada para ofrecer un desempe\u00f1o sobresaliente tanto en ataque como en defensa, garantizando precisi\u00f3n en cada golpe.\",\"breadcrumb\":{\"@id\":\"https:\\\/\\\/revolutionpadelstore.com\\\/de\\\/produkt\\\/kombat-vesubio-1\\\/#breadcrumb\"},\"inLanguage\":\"de\",\"potentialAction\":[{\"@type\":\"ReadAction\",\"target\":[\"https:\\\/\\\/revolutionpadelstore.com\\\/de\\\/produkt\\\/kombat-vesubio-1\\\/\"]}]},{\"@type\":\"ImageObject\",\"inLanguage\":\"de\",\"@id\":\"https:\\\/\\\/revolutionpadelstore.com\\\/de\\\/produkt\\\/kombat-vesubio-1\\\/#primaryimage\",\"url\":\"https:\\\/\\\/revolutionpadelstore.com\\\/wp-content\\\/uploads\\\/2024\\\/11\\\/115027_pala_kombat_vesubio_1500x1500_1_684b.webp\",\"contentUrl\":\"https:\\\/\\\/revolutionpadelstore.com\\\/wp-content\\\/uploads\\\/2024\\\/11\\\/115027_pala_kombat_vesubio_1500x1500_1_684b.webp\",\"width\":1500,\"height\":1500},{\"@type\":\"BreadcrumbList\",\"@id\":\"https:\\\/\\\/revolutionpadelstore.com\\\/de\\\/produkt\\\/kombat-vesubio-1\\\/#breadcrumb\",\"itemListElement\":[{\"@type\":\"ListItem\",\"position\":1,\"name\":\"Portada\",\"item\":\"https:\\\/\\\/revolutionpadelstore.com\\\/de\\\/\"},{\"@type\":\"ListItem\",\"position\":2,\"name\":\"Shop\",\"item\":\"https:\\\/\\\/revolutionpadelstore.com\\\/de\\\/tienda\\\/\"},{\"@type\":\"ListItem\",\"position\":3,\"name\":\"KOMBAT VESUBIO\"}]},{\"@type\":\"WebSite\",\"@id\":\"https:\\\/\\\/revolutionpadelstore.com\\\/de\\\/#website\",\"url\":\"https:\\\/\\\/revolutionpadelstore.com\\\/de\\\/\",\"name\":\"Revolution Padel Store\",\"description\":\"\",\"publisher\":{\"@id\":\"https:\\\/\\\/revolutionpadelstore.com\\\/de\\\/#organization\"},\"potentialAction\":[{\"@type\":\"SearchAction\",\"target\":{\"@type\":\"EntryPoint\",\"urlTemplate\":\"https:\\\/\\\/revolutionpadelstore.com\\\/de\\\/?s={search_term_string}\"},\"query-input\":{\"@type\":\"PropertyValueSpecification\",\"valueRequired\":true,\"valueName\":\"search_term_string\"}}],\"inLanguage\":\"de\"},{\"@type\":\"Organization\",\"@id\":\"https:\\\/\\\/revolutionpadelstore.com\\\/de\\\/#organization\",\"name\":\"Revolution Padel Store\",\"url\":\"https:\\\/\\\/revolutionpadelstore.com\\\/de\\\/\",\"logo\":{\"@type\":\"ImageObject\",\"inLanguage\":\"de\",\"@id\":\"https:\\\/\\\/revolutionpadelstore.com\\\/de\\\/#\\\/schema\\\/logo\\\/image\\\/\",\"url\":\"https:\\\/\\\/revolutionpadelstore.com\\\/wp-content\\\/uploads\\\/2026\\\/02\\\/revolution-padel-store.jpg\",\"contentUrl\":\"https:\\\/\\\/revolutionpadelstore.com\\\/wp-content\\\/uploads\\\/2026\\\/02\\\/revolution-padel-store.jpg\",\"width\":2000,\"height\":2000,\"caption\":\"Revolution Padel Store\"},\"image\":{\"@id\":\"https:\\\/\\\/revolutionpadelstore.com\\\/de\\\/#\\\/schema\\\/logo\\\/image\\\/\"},\"sameAs\":[\"https:\\\/\\\/www.instagram.com\\\/revolutionpadelstore\\\/\"]}]}<\/script>\n<!-- \/ Yoast SEO plugin. -->","yoast_head_json":{"title":"KOMBAT VESUBIO - Revolution Padel Store","description":"Descubre la Kombat Vesubio, la pala perfecta para aquellos que buscan un tacto blando sin sacrificar el rendimiento explosivo en cada golpe. Su dise\u00f1o inspirado en el poder del volc\u00e1n Vesubio la convierte en una herramienta excepcional para los jugadores que desean una combinaci\u00f3n \u00fanica de comodidad y potencia. Con su forma de diamante y un balance alto, esta pala est\u00e1 dise\u00f1ada para ofrecer un desempe\u00f1o sobresaliente tanto en ataque como en defensa, garantizando precisi\u00f3n en cada golpe.","robots":{"index":"index","follow":"follow","max-snippet":"max-snippet:-1","max-image-preview":"max-image-preview:large","max-video-preview":"max-video-preview:-1"},"canonical":"https:\/\/revolutionpadelstore.com\/de\/produkt\/kombat-vesubio-1\/","og_locale":"de_DE","og_type":"article","og_title":"KOMBAT VESUBIO - Revolution Padel Store","og_description":"Descubre la Kombat Vesubio, la pala perfecta para aquellos que buscan un tacto blando sin sacrificar el rendimiento explosivo en cada golpe. Su dise\u00f1o inspirado en el poder del volc\u00e1n Vesubio la convierte en una herramienta excepcional para los jugadores que desean una combinaci\u00f3n \u00fanica de comodidad y potencia. Con su forma de diamante y un balance alto, esta pala est\u00e1 dise\u00f1ada para ofrecer un desempe\u00f1o sobresaliente tanto en ataque como en defensa, garantizando precisi\u00f3n en cada golpe.","og_url":"https:\/\/revolutionpadelstore.com\/de\/produkt\/kombat-vesubio-1\/","og_site_name":"Revolution Padel Store","article_modified_time":"2026-04-01T04:52:42+00:00","og_image":[{"width":1500,"height":1500,"url":"https:\/\/revolutionpadelstore.com\/wp-content\/uploads\/2024\/11\/115027_pala_kombat_vesubio_1500x1500_1_684b.webp","type":"image\/webp"}],"twitter_card":"summary_large_image","twitter_misc":{"Gesch\u00e4tzte Lesezeit":"2\u00a0Minuten"},"schema":{"@context":"https:\/\/schema.org","@graph":[{"@type":"WebPage","@id":"https:\/\/revolutionpadelstore.com\/de\/produkt\/kombat-vesubio-1\/","url":"https:\/\/revolutionpadelstore.com\/de\/produkt\/kombat-vesubio-1\/","name":"KOMBAT VESUBIO - Revolution Padel Store","isPartOf":{"@id":"https:\/\/revolutionpadelstore.com\/de\/#website"},"primaryImageOfPage":{"@id":"https:\/\/revolutionpadelstore.com\/de\/produkt\/kombat-vesubio-1\/#primaryimage"},"image":{"@id":"https:\/\/revolutionpadelstore.com\/de\/produkt\/kombat-vesubio-1\/#primaryimage"},"thumbnailUrl":"https:\/\/revolutionpadelstore.com\/wp-content\/uploads\/2024\/11\/115027_pala_kombat_vesubio_1500x1500_1_684b.webp","datePublished":"2024-11-23T10:16:46+00:00","dateModified":"2026-04-01T04:52:42+00:00","description":"Descubre la Kombat Vesubio, la pala perfecta para aquellos que buscan un tacto blando sin sacrificar el rendimiento explosivo en cada golpe. Su dise\u00f1o inspirado en el poder del volc\u00e1n Vesubio la convierte en una herramienta excepcional para los jugadores que desean una combinaci\u00f3n \u00fanica de comodidad y potencia. Con su forma de diamante y un balance alto, esta pala est\u00e1 dise\u00f1ada para ofrecer un desempe\u00f1o sobresaliente tanto en ataque como en defensa, garantizando precisi\u00f3n en cada golpe.","breadcrumb":{"@id":"https:\/\/revolutionpadelstore.com\/de\/produkt\/kombat-vesubio-1\/#breadcrumb"},"inLanguage":"de","potentialAction":[{"@type":"ReadAction","target":["https:\/\/revolutionpadelstore.com\/de\/produkt\/kombat-vesubio-1\/"]}]},{"@type":"ImageObject","inLanguage":"de","@id":"https:\/\/revolutionpadelstore.com\/de\/produkt\/kombat-vesubio-1\/#primaryimage","url":"https:\/\/revolutionpadelstore.com\/wp-content\/uploads\/2024\/11\/115027_pala_kombat_vesubio_1500x1500_1_684b.webp","contentUrl":"https:\/\/revolutionpadelstore.com\/wp-content\/uploads\/2024\/11\/115027_pala_kombat_vesubio_1500x1500_1_684b.webp","width":1500,"height":1500},{"@type":"BreadcrumbList","@id":"https:\/\/revolutionpadelstore.com\/de\/produkt\/kombat-vesubio-1\/#breadcrumb","itemListElement":[{"@type":"ListItem","position":1,"name":"Portada","item":"https:\/\/revolutionpadelstore.com\/de\/"},{"@type":"ListItem","position":2,"name":"Shop","item":"https:\/\/revolutionpadelstore.com\/de\/tienda\/"},{"@type":"ListItem","position":3,"name":"KOMBAT VESUBIO"}]},{"@type":"WebSite","@id":"https:\/\/revolutionpadelstore.com\/de\/#website","url":"https:\/\/revolutionpadelstore.com\/de\/","name":"Revolution Padel Store","description":"","publisher":{"@id":"https:\/\/revolutionpadelstore.com\/de\/#organization"},"potentialAction":[{"@type":"SearchAction","target":{"@type":"EntryPoint","urlTemplate":"https:\/\/revolutionpadelstore.com\/de\/?s={search_term_string}"},"query-input":{"@type":"PropertyValueSpecification","valueRequired":true,"valueName":"search_term_string"}}],"inLanguage":"de"},{"@type":"Organization","@id":"https:\/\/revolutionpadelstore.com\/de\/#organization","name":"Revolution Padel Store","url":"https:\/\/revolutionpadelstore.com\/de\/","logo":{"@type":"ImageObject","inLanguage":"de","@id":"https:\/\/revolutionpadelstore.com\/de\/#\/schema\/logo\/image\/","url":"https:\/\/revolutionpadelstore.com\/wp-content\/uploads\/2026\/02\/revolution-padel-store.jpg","contentUrl":"https:\/\/revolutionpadelstore.com\/wp-content\/uploads\/2026\/02\/revolution-padel-store.jpg","width":2000,"height":2000,"caption":"Revolution Padel Store"},"image":{"@id":"https:\/\/revolutionpadelstore.com\/de\/#\/schema\/logo\/image\/"},"sameAs":["https:\/\/www.instagram.com\/revolutionpadelstore\/"]}]}},"_links":{"self":[{"href":"https:\/\/revolutionpadelstore.com\/de\/wp-json\/wp\/v2\/product\/125444","targetHints":{"allow":["GET"]}}],"collection":[{"href":"https:\/\/revolutionpadelstore.com\/de\/wp-json\/wp\/v2\/product"}],"about":[{"href":"https:\/\/revolutionpadelstore.com\/de\/wp-json\/wp\/v2\/types\/product"}],"replies":[{"embeddable":true,"href":"https:\/\/revolutionpadelstore.com\/de\/wp-json\/wp\/v2\/comments?post=125444"}],"wp:featuredmedia":[{"embeddable":true,"href":"https:\/\/revolutionpadelstore.com\/de\/wp-json\/wp\/v2\/media\/125101"}],"wp:attachment":[{"href":"https:\/\/revolutionpadelstore.com\/de\/wp-json\/wp\/v2\/media?parent=125444"}],"wp:term":[{"taxonomy":"acabado","embeddable":true,"href":"https:\/\/revolutionpadelstore.com\/de\/wp-json\/wp\/v2\/acabado?post=125444"},{"taxonomy":"balance","embeddable":true,"href":"https:\/\/revolutionpadelstore.com\/de\/wp-json\/wp\/v2\/balance?post=125444"},{"taxonomy":"dureza","embeddable":true,"href":"https:\/\/revolutionpadelstore.com\/de\/wp-json\/wp\/v2\/dureza?post=125444"},{"taxonomy":"forma","embeddable":true,"href":"https:\/\/revolutionpadelstore.com\/de\/wp-json\/wp\/v2\/forma?post=125444"},{"taxonomy":"jugador","embeddable":true,"href":"https:\/\/revolutionpadelstore.com\/de\/wp-json\/wp\/v2\/jugador?post=125444"},{"taxonomy":"marca","embeddable":true,"href":"https:\/\/revolutionpadelstore.com\/de\/wp-json\/wp\/v2\/marca?post=125444"},{"taxonomy":"nivel-de-juego","embeddable":true,"href":"https:\/\/revolutionpadelstore.com\/de\/wp-json\/wp\/v2\/nivel-de-juego?post=125444"},{"taxonomy":"superficie","embeddable":true,"href":"https:\/\/revolutionpadelstore.com\/de\/wp-json\/wp\/v2\/superficie?post=125444"},{"taxonomy":"tipo-de-juego","embeddable":true,"href":"https:\/\/revolutionpadelstore.com\/de\/wp-json\/wp\/v2\/tipo-de-juego?post=125444"},{"taxonomy":"product_brand","embeddable":true,"href":"https:\/\/revolutionpadelstore.com\/de\/wp-json\/wp\/v2\/product_brand?post=125444"},{"taxonomy":"product_cat","embeddable":true,"href":"https:\/\/revolutionpadelstore.com\/de\/wp-json\/wp\/v2\/product_cat?post=125444"},{"taxonomy":"product_tag","embeddable":true,"href":"https:\/\/revolutionpadelstore.com\/de\/wp-json\/wp\/v2\/product_tag?post=125444"}],"curies":[{"name":"wp","href":"https:\/\/api.w.org\/{rel}","templated":true}]}}