{"id":125439,"date":"2024-11-23T11:23:50","date_gmt":"2024-11-23T10:23:50","guid":{"rendered":"https:\/\/revolutionpadelstore.com\/kombat-arenal-mujer\/"},"modified":"2026-04-01T06:52:20","modified_gmt":"2026-04-01T04:52:20","slug":"kombat-arenal-mujer-1","status":"publish","type":"product","link":"https:\/\/revolutionpadelstore.com\/de\/produkt\/kombat-arenal-mujer-1\/","title":{"rendered":"KOMBAT ARENAL MUJER"},"content":{"rendered":"<h2> <strong> Kombat Arenal Woman 2025, Kraft und Pr\u00e4zision <\/ strong> <\/ h2><br \/>\nDer Arenal von Kombat, Teil der Vulcano -Sammlung, die in Zusammenarbeit mit Manu Mart\u00edn erstellt wurde, ist ein Modell, das eine explosive Kraft anbietet, ohne die notwendige Kontrolle zu beeintr\u00e4chtigen, um pr\u00e4zise Angriffe auszuf\u00fchren. Seine Diamantform, hohe Balance und ein s\u00fc\u00dfer Punkt am Kopf des Klingens sorgen f\u00fcr einen gro\u00dfen Schlag in jedem Schlag.<\/p>\n<p>Mit einem leichten Gewicht von 355 Gramm f\u00e4llt diese Schaufel aus, ohne die charakteristische Kraft der Diamantform zu verlieren. Dar\u00fcber hinaus hilft das Propuitsystem von Vibrationen Propuitsystem bei der Minimierung der Auswirkungen auf die Gelenke und verbessert die Stabilit\u00e4t.<\/p>\n<h2> <strong> Pala Arenal, ideal f\u00fcr aggressive Spieler <\/ strong> <\/ h2><br \/>\nKombat Arenal 2025 f\u00fcr Frauen hat sich speziell f\u00fcr Offensivspieler entwickelt. Es ist das perfekte Modell f\u00fcr diejenigen, die beim Schlagen des Balls ein solides und stabileres Gef\u00fchl w\u00fcnschen.<\/p>\n<p>Dar\u00fcber hinaus k\u00f6nnen Sie mit seiner rauen Oberfl\u00e4che Effekte mit v\u00f6lliger Pr\u00e4zision anwenden, die Ihren Gegnern leicht \u00fcberraschend sind.<\/p>\n<p><strong> Eigenschaften und Technologien der Kombat Arenal Shovel <\/strong><\/p>\n<p>-leichtere und leichtere Struktur dank des 100% igen Kohlefaserrahmens<\/p>\n<p>-18K CO2-Pl\u00e4ne mit hellem Finish und Matt, was einen gr\u00f6\u00dferen Widerstand bietet<\/p>\n<p>-raue Oberfl\u00e4che f\u00fcr einen Schlag mit Effekt<br \/>\n<P>-schwarzes Eva-Gummiherz der mittleren H\u00e4rte, die die Ber\u00fchrung ausbalanciert und in jedem Aufprall die Solidit\u00e4t liefert.<\/p>\n<p>-enth\u00e4lt das <strong> scharfe Lochsystem <\/strong>, das den s\u00fc\u00dfen Punkt erweitert und einen genaueren Treffer erm\u00f6glicht.<br \/>\n<P>-Stabilit\u00e4t und Festigkeit verbessert sich mit dem <strong> Protuneed-System <\/strong>, wodurch die Vibrationen reduziert werden<br \/>\n<strong> Kaufen Sie im Revolution Padel Store The Shovel f\u00fcr Frauen Kombat Arenal 2025 <\/strong><\/p>\n<p>Perfekt f\u00fcr Spieler, die das Netzwerk aggressiv dominieren wollen, bietet ein hohes Blatt mit hohem Balkungsbetrieb eine hohe Kontrolle und Leistung des oberen Balls, um eine optimale Leistung in jeder Spielsituation zu gew\u00e4hrleisten.<\/p>\n<h2><strong>Kombat Arenal Mujer 2025, potencia y precisi\u00f3n<\/strong><\/p>\n","protected":false},"excerpt":{"rendered":"<p>Diamond Shovel mit hohem Gleichgewicht f\u00fcr Frauen Kombat Arenal f\u00fcr aggressive Offensivspiele. Mit rauen Ebenen aus 18 Karat Kohlenstoff und schwarzem Eva -Gummikern.<\/p>\n","protected":false},"featured_media":125132,"comment_status":"open","ping_status":"closed","template":"","meta":{"_acf_changed":false,"_joinchat":[]},"acabado":[1079,1084],"balance":[1134],"dureza":[1154],"forma":[1169],"jugador":[1194],"marca":[1703],"nivel-de-juego":[1334,1339],"superficie":[1359],"tipo-de-juego":[1374],"product_brand":[],"product_cat":[299],"product_tag":[],"class_list":{"0":"post-125439","1":"product","2":"type-product","3":"status-publish","4":"has-post-thumbnail","6":"acabado-helligkeit","7":"acabado-kumpel","8":"balance-hoch","9":"dureza-media-de","10":"forma-diamante-de","11":"jugador-frau","12":"marca-kombat-de","13":"superficie-rugosa-de","14":"tipo-de-juego-leistung","15":"product_cat-palas-de-padel-de","17":"first","18":"instock","19":"taxable","20":"shipping-taxable","21":"purchasable","22":"product-type-simple"},"acf":[],"yoast_head":"<!-- This site is optimized with the Yoast SEO plugin v27.3 - https:\/\/yoast.com\/product\/yoast-seo-wordpress\/ -->\n<title>KOMBAT ARENAL MUJER - Revolution Padel Store<\/title>\n<meta name=\"description\" content=\"La pala de p\u00e1del Arenal de Kombat es un modelo que pertenece a la colecci\u00f3n Vulcano dise\u00f1ada en colaboraci\u00f3n con Manu Mart\u00edn. Esta pala con forma de diamante, balance alto y punto dulce en la cabeza garantiza una potencia explosiva en cada golpe, sin perder un control sobresaliente para atacar con precisi\u00f3n.\" \/>\n<meta name=\"robots\" content=\"index, follow, max-snippet:-1, max-image-preview:large, max-video-preview:-1\" \/>\n<link rel=\"canonical\" href=\"https:\/\/revolutionpadelstore.com\/de\/produkt\/kombat-arenal-mujer-1\/\" \/>\n<meta property=\"og:locale\" content=\"de_DE\" \/>\n<meta property=\"og:type\" content=\"article\" \/>\n<meta property=\"og:title\" content=\"KOMBAT ARENAL MUJER - Revolution Padel Store\" \/>\n<meta property=\"og:description\" content=\"La pala de p\u00e1del Arenal de Kombat es un modelo que pertenece a la colecci\u00f3n Vulcano dise\u00f1ada en colaboraci\u00f3n con Manu Mart\u00edn. Esta pala con forma de diamante, balance alto y punto dulce en la cabeza garantiza una potencia explosiva en cada golpe, sin perder un control sobresaliente para atacar con precisi\u00f3n.\" \/>\n<meta property=\"og:url\" content=\"https:\/\/revolutionpadelstore.com\/de\/produkt\/kombat-arenal-mujer-1\/\" \/>\n<meta property=\"og:site_name\" content=\"Revolution Padel Store\" \/>\n<meta property=\"article:modified_time\" content=\"2026-04-01T04:52:20+00:00\" \/>\n<meta property=\"og:image\" content=\"https:\/\/revolutionpadelstore.com\/wp-content\/uploads\/2024\/11\/115020_pala_kombat_arenal_1500x1500_1_141c-1.webp\" \/>\n\t<meta property=\"og:image:width\" content=\"1500\" \/>\n\t<meta property=\"og:image:height\" content=\"1500\" \/>\n\t<meta property=\"og:image:type\" content=\"image\/webp\" \/>\n<meta name=\"twitter:card\" content=\"summary_large_image\" \/>\n<meta name=\"twitter:label1\" content=\"Gesch\u00e4tzte Lesezeit\" \/>\n\t<meta name=\"twitter:data1\" content=\"2\u00a0Minuten\" \/>\n<script type=\"application\/ld+json\" class=\"yoast-schema-graph\">{\"@context\":\"https:\\\/\\\/schema.org\",\"@graph\":[{\"@type\":\"WebPage\",\"@id\":\"https:\\\/\\\/revolutionpadelstore.com\\\/de\\\/produkt\\\/kombat-arenal-mujer-1\\\/\",\"url\":\"https:\\\/\\\/revolutionpadelstore.com\\\/de\\\/produkt\\\/kombat-arenal-mujer-1\\\/\",\"name\":\"KOMBAT ARENAL MUJER - Revolution Padel Store\",\"isPartOf\":{\"@id\":\"https:\\\/\\\/revolutionpadelstore.com\\\/de\\\/#website\"},\"primaryImageOfPage\":{\"@id\":\"https:\\\/\\\/revolutionpadelstore.com\\\/de\\\/produkt\\\/kombat-arenal-mujer-1\\\/#primaryimage\"},\"image\":{\"@id\":\"https:\\\/\\\/revolutionpadelstore.com\\\/de\\\/produkt\\\/kombat-arenal-mujer-1\\\/#primaryimage\"},\"thumbnailUrl\":\"https:\\\/\\\/revolutionpadelstore.com\\\/wp-content\\\/uploads\\\/2024\\\/11\\\/115020_pala_kombat_arenal_1500x1500_1_141c-1.webp\",\"datePublished\":\"2024-11-23T10:23:50+00:00\",\"dateModified\":\"2026-04-01T04:52:20+00:00\",\"description\":\"La pala de p\u00e1del Arenal de Kombat es un modelo que pertenece a la colecci\u00f3n Vulcano dise\u00f1ada en colaboraci\u00f3n con Manu Mart\u00edn. Esta pala con forma de diamante, balance alto y punto dulce en la cabeza garantiza una potencia explosiva en cada golpe, sin perder un control sobresaliente para atacar con precisi\u00f3n.\",\"breadcrumb\":{\"@id\":\"https:\\\/\\\/revolutionpadelstore.com\\\/de\\\/produkt\\\/kombat-arenal-mujer-1\\\/#breadcrumb\"},\"inLanguage\":\"de\",\"potentialAction\":[{\"@type\":\"ReadAction\",\"target\":[\"https:\\\/\\\/revolutionpadelstore.com\\\/de\\\/produkt\\\/kombat-arenal-mujer-1\\\/\"]}]},{\"@type\":\"ImageObject\",\"inLanguage\":\"de\",\"@id\":\"https:\\\/\\\/revolutionpadelstore.com\\\/de\\\/produkt\\\/kombat-arenal-mujer-1\\\/#primaryimage\",\"url\":\"https:\\\/\\\/revolutionpadelstore.com\\\/wp-content\\\/uploads\\\/2024\\\/11\\\/115020_pala_kombat_arenal_1500x1500_1_141c-1.webp\",\"contentUrl\":\"https:\\\/\\\/revolutionpadelstore.com\\\/wp-content\\\/uploads\\\/2024\\\/11\\\/115020_pala_kombat_arenal_1500x1500_1_141c-1.webp\",\"width\":1500,\"height\":1500},{\"@type\":\"BreadcrumbList\",\"@id\":\"https:\\\/\\\/revolutionpadelstore.com\\\/de\\\/produkt\\\/kombat-arenal-mujer-1\\\/#breadcrumb\",\"itemListElement\":[{\"@type\":\"ListItem\",\"position\":1,\"name\":\"Portada\",\"item\":\"https:\\\/\\\/revolutionpadelstore.com\\\/de\\\/\"},{\"@type\":\"ListItem\",\"position\":2,\"name\":\"Shop\",\"item\":\"https:\\\/\\\/revolutionpadelstore.com\\\/de\\\/tienda\\\/\"},{\"@type\":\"ListItem\",\"position\":3,\"name\":\"KOMBAT ARENAL MUJER\"}]},{\"@type\":\"WebSite\",\"@id\":\"https:\\\/\\\/revolutionpadelstore.com\\\/de\\\/#website\",\"url\":\"https:\\\/\\\/revolutionpadelstore.com\\\/de\\\/\",\"name\":\"Revolution Padel Store\",\"description\":\"\",\"publisher\":{\"@id\":\"https:\\\/\\\/revolutionpadelstore.com\\\/de\\\/#organization\"},\"potentialAction\":[{\"@type\":\"SearchAction\",\"target\":{\"@type\":\"EntryPoint\",\"urlTemplate\":\"https:\\\/\\\/revolutionpadelstore.com\\\/de\\\/?s={search_term_string}\"},\"query-input\":{\"@type\":\"PropertyValueSpecification\",\"valueRequired\":true,\"valueName\":\"search_term_string\"}}],\"inLanguage\":\"de\"},{\"@type\":\"Organization\",\"@id\":\"https:\\\/\\\/revolutionpadelstore.com\\\/de\\\/#organization\",\"name\":\"Revolution Padel Store\",\"url\":\"https:\\\/\\\/revolutionpadelstore.com\\\/de\\\/\",\"logo\":{\"@type\":\"ImageObject\",\"inLanguage\":\"de\",\"@id\":\"https:\\\/\\\/revolutionpadelstore.com\\\/de\\\/#\\\/schema\\\/logo\\\/image\\\/\",\"url\":\"https:\\\/\\\/revolutionpadelstore.com\\\/wp-content\\\/uploads\\\/2026\\\/02\\\/revolution-padel-store.jpg\",\"contentUrl\":\"https:\\\/\\\/revolutionpadelstore.com\\\/wp-content\\\/uploads\\\/2026\\\/02\\\/revolution-padel-store.jpg\",\"width\":2000,\"height\":2000,\"caption\":\"Revolution Padel Store\"},\"image\":{\"@id\":\"https:\\\/\\\/revolutionpadelstore.com\\\/de\\\/#\\\/schema\\\/logo\\\/image\\\/\"},\"sameAs\":[\"https:\\\/\\\/www.instagram.com\\\/revolutionpadelstore\\\/\"]}]}<\/script>\n<!-- \/ Yoast SEO plugin. -->","yoast_head_json":{"title":"KOMBAT ARENAL MUJER - Revolution Padel Store","description":"La pala de p\u00e1del Arenal de Kombat es un modelo que pertenece a la colecci\u00f3n Vulcano dise\u00f1ada en colaboraci\u00f3n con Manu Mart\u00edn. Esta pala con forma de diamante, balance alto y punto dulce en la cabeza garantiza una potencia explosiva en cada golpe, sin perder un control sobresaliente para atacar con precisi\u00f3n.","robots":{"index":"index","follow":"follow","max-snippet":"max-snippet:-1","max-image-preview":"max-image-preview:large","max-video-preview":"max-video-preview:-1"},"canonical":"https:\/\/revolutionpadelstore.com\/de\/produkt\/kombat-arenal-mujer-1\/","og_locale":"de_DE","og_type":"article","og_title":"KOMBAT ARENAL MUJER - Revolution Padel Store","og_description":"La pala de p\u00e1del Arenal de Kombat es un modelo que pertenece a la colecci\u00f3n Vulcano dise\u00f1ada en colaboraci\u00f3n con Manu Mart\u00edn. Esta pala con forma de diamante, balance alto y punto dulce en la cabeza garantiza una potencia explosiva en cada golpe, sin perder un control sobresaliente para atacar con precisi\u00f3n.","og_url":"https:\/\/revolutionpadelstore.com\/de\/produkt\/kombat-arenal-mujer-1\/","og_site_name":"Revolution Padel Store","article_modified_time":"2026-04-01T04:52:20+00:00","og_image":[{"width":1500,"height":1500,"url":"https:\/\/revolutionpadelstore.com\/wp-content\/uploads\/2024\/11\/115020_pala_kombat_arenal_1500x1500_1_141c-1.webp","type":"image\/webp"}],"twitter_card":"summary_large_image","twitter_misc":{"Gesch\u00e4tzte Lesezeit":"2\u00a0Minuten"},"schema":{"@context":"https:\/\/schema.org","@graph":[{"@type":"WebPage","@id":"https:\/\/revolutionpadelstore.com\/de\/produkt\/kombat-arenal-mujer-1\/","url":"https:\/\/revolutionpadelstore.com\/de\/produkt\/kombat-arenal-mujer-1\/","name":"KOMBAT ARENAL MUJER - Revolution Padel Store","isPartOf":{"@id":"https:\/\/revolutionpadelstore.com\/de\/#website"},"primaryImageOfPage":{"@id":"https:\/\/revolutionpadelstore.com\/de\/produkt\/kombat-arenal-mujer-1\/#primaryimage"},"image":{"@id":"https:\/\/revolutionpadelstore.com\/de\/produkt\/kombat-arenal-mujer-1\/#primaryimage"},"thumbnailUrl":"https:\/\/revolutionpadelstore.com\/wp-content\/uploads\/2024\/11\/115020_pala_kombat_arenal_1500x1500_1_141c-1.webp","datePublished":"2024-11-23T10:23:50+00:00","dateModified":"2026-04-01T04:52:20+00:00","description":"La pala de p\u00e1del Arenal de Kombat es un modelo que pertenece a la colecci\u00f3n Vulcano dise\u00f1ada en colaboraci\u00f3n con Manu Mart\u00edn. Esta pala con forma de diamante, balance alto y punto dulce en la cabeza garantiza una potencia explosiva en cada golpe, sin perder un control sobresaliente para atacar con precisi\u00f3n.","breadcrumb":{"@id":"https:\/\/revolutionpadelstore.com\/de\/produkt\/kombat-arenal-mujer-1\/#breadcrumb"},"inLanguage":"de","potentialAction":[{"@type":"ReadAction","target":["https:\/\/revolutionpadelstore.com\/de\/produkt\/kombat-arenal-mujer-1\/"]}]},{"@type":"ImageObject","inLanguage":"de","@id":"https:\/\/revolutionpadelstore.com\/de\/produkt\/kombat-arenal-mujer-1\/#primaryimage","url":"https:\/\/revolutionpadelstore.com\/wp-content\/uploads\/2024\/11\/115020_pala_kombat_arenal_1500x1500_1_141c-1.webp","contentUrl":"https:\/\/revolutionpadelstore.com\/wp-content\/uploads\/2024\/11\/115020_pala_kombat_arenal_1500x1500_1_141c-1.webp","width":1500,"height":1500},{"@type":"BreadcrumbList","@id":"https:\/\/revolutionpadelstore.com\/de\/produkt\/kombat-arenal-mujer-1\/#breadcrumb","itemListElement":[{"@type":"ListItem","position":1,"name":"Portada","item":"https:\/\/revolutionpadelstore.com\/de\/"},{"@type":"ListItem","position":2,"name":"Shop","item":"https:\/\/revolutionpadelstore.com\/de\/tienda\/"},{"@type":"ListItem","position":3,"name":"KOMBAT ARENAL MUJER"}]},{"@type":"WebSite","@id":"https:\/\/revolutionpadelstore.com\/de\/#website","url":"https:\/\/revolutionpadelstore.com\/de\/","name":"Revolution Padel Store","description":"","publisher":{"@id":"https:\/\/revolutionpadelstore.com\/de\/#organization"},"potentialAction":[{"@type":"SearchAction","target":{"@type":"EntryPoint","urlTemplate":"https:\/\/revolutionpadelstore.com\/de\/?s={search_term_string}"},"query-input":{"@type":"PropertyValueSpecification","valueRequired":true,"valueName":"search_term_string"}}],"inLanguage":"de"},{"@type":"Organization","@id":"https:\/\/revolutionpadelstore.com\/de\/#organization","name":"Revolution Padel Store","url":"https:\/\/revolutionpadelstore.com\/de\/","logo":{"@type":"ImageObject","inLanguage":"de","@id":"https:\/\/revolutionpadelstore.com\/de\/#\/schema\/logo\/image\/","url":"https:\/\/revolutionpadelstore.com\/wp-content\/uploads\/2026\/02\/revolution-padel-store.jpg","contentUrl":"https:\/\/revolutionpadelstore.com\/wp-content\/uploads\/2026\/02\/revolution-padel-store.jpg","width":2000,"height":2000,"caption":"Revolution Padel Store"},"image":{"@id":"https:\/\/revolutionpadelstore.com\/de\/#\/schema\/logo\/image\/"},"sameAs":["https:\/\/www.instagram.com\/revolutionpadelstore\/"]}]}},"_links":{"self":[{"href":"https:\/\/revolutionpadelstore.com\/de\/wp-json\/wp\/v2\/product\/125439","targetHints":{"allow":["GET"]}}],"collection":[{"href":"https:\/\/revolutionpadelstore.com\/de\/wp-json\/wp\/v2\/product"}],"about":[{"href":"https:\/\/revolutionpadelstore.com\/de\/wp-json\/wp\/v2\/types\/product"}],"replies":[{"embeddable":true,"href":"https:\/\/revolutionpadelstore.com\/de\/wp-json\/wp\/v2\/comments?post=125439"}],"wp:featuredmedia":[{"embeddable":true,"href":"https:\/\/revolutionpadelstore.com\/de\/wp-json\/wp\/v2\/media\/125132"}],"wp:attachment":[{"href":"https:\/\/revolutionpadelstore.com\/de\/wp-json\/wp\/v2\/media?parent=125439"}],"wp:term":[{"taxonomy":"acabado","embeddable":true,"href":"https:\/\/revolutionpadelstore.com\/de\/wp-json\/wp\/v2\/acabado?post=125439"},{"taxonomy":"balance","embeddable":true,"href":"https:\/\/revolutionpadelstore.com\/de\/wp-json\/wp\/v2\/balance?post=125439"},{"taxonomy":"dureza","embeddable":true,"href":"https:\/\/revolutionpadelstore.com\/de\/wp-json\/wp\/v2\/dureza?post=125439"},{"taxonomy":"forma","embeddable":true,"href":"https:\/\/revolutionpadelstore.com\/de\/wp-json\/wp\/v2\/forma?post=125439"},{"taxonomy":"jugador","embeddable":true,"href":"https:\/\/revolutionpadelstore.com\/de\/wp-json\/wp\/v2\/jugador?post=125439"},{"taxonomy":"marca","embeddable":true,"href":"https:\/\/revolutionpadelstore.com\/de\/wp-json\/wp\/v2\/marca?post=125439"},{"taxonomy":"nivel-de-juego","embeddable":true,"href":"https:\/\/revolutionpadelstore.com\/de\/wp-json\/wp\/v2\/nivel-de-juego?post=125439"},{"taxonomy":"superficie","embeddable":true,"href":"https:\/\/revolutionpadelstore.com\/de\/wp-json\/wp\/v2\/superficie?post=125439"},{"taxonomy":"tipo-de-juego","embeddable":true,"href":"https:\/\/revolutionpadelstore.com\/de\/wp-json\/wp\/v2\/tipo-de-juego?post=125439"},{"taxonomy":"product_brand","embeddable":true,"href":"https:\/\/revolutionpadelstore.com\/de\/wp-json\/wp\/v2\/product_brand?post=125439"},{"taxonomy":"product_cat","embeddable":true,"href":"https:\/\/revolutionpadelstore.com\/de\/wp-json\/wp\/v2\/product_cat?post=125439"},{"taxonomy":"product_tag","embeddable":true,"href":"https:\/\/revolutionpadelstore.com\/de\/wp-json\/wp\/v2\/product_tag?post=125439"}],"curies":[{"name":"wp","href":"https:\/\/api.w.org\/{rel}","templated":true}]}}