{"id":125413,"date":"2024-11-24T09:53:30","date_gmt":"2024-11-24T08:53:30","guid":{"rendered":"https:\/\/revolutionpadelstore.com\/paletero-bullpadel-bpp25019-elite-rosa-pastel\/"},"modified":"2026-04-08T10:08:59","modified_gmt":"2026-04-08T08:08:59","slug":"paletero-bullpadel-bpp25019-elite-029-rosa-pastel-1","status":"publish","type":"product","link":"https:\/\/revolutionpadelstore.com\/de\/produkt\/paletero-bullpadel-bpp25019-elite-029-rosa-pastel-1\/","title":{"rendered":"PALETERO BULLPADEL BPP25019 ELITE 029 ROSA PASTEL"},"content":{"rendered":"<p>Der neue Elite -Paletero ist eine n\u00fcchterne Designpaletero und eine mittelgro\u00dfe Kapazit\u00e4t, die ein Hauptfach f\u00fcr alles aufbewahrt, was Sie ben\u00f6tigen. Dar\u00fcber hinaus verf\u00fcgt er \u00fcber zwei Thermof\u00e4cher mit Kapazit\u00e4t f\u00fcr vier Schaufeln. Es verf\u00fcgt Es hat eine kleine Au\u00dfentasche und einen oberen Griff. Personalisiert mit der Firma des <strong> Gemma -Triay -Spielers<strong>Gemma Triay.<\/strong><\/p>\n","protected":false},"excerpt":{"rendered":"<p>Der neue Elite -Paletero ist eine n\u00fcchterne Designpaletero und eine mittelgro\u00dfe Kapazit\u00e4t, die ein Hauptfach f\u00fcr alles aufbewahrt, was Sie ben\u00f6tigen. Dar\u00fcber hinaus verf\u00fcgt er \u00fcber zwei Thermof\u00e4cher mit Kapazit\u00e4t f\u00fcr vier Schaufeln. Es verf\u00fcgt Es hat eine kleine Au\u00dfentasche und einen oberen Griff. Personalisiert mit der Firma des Gemma -Triay -SpielersGemma Triay.<\/p>\n","protected":false},"featured_media":125408,"comment_status":"open","ping_status":"closed","template":"","meta":{"_acf_changed":false,"_joinchat":[]},"acabado":[],"balance":[],"dureza":[],"forma":[],"jugador":[],"marca":[1254],"nivel-de-juego":[],"superficie":[],"tipo-de-juego":[],"product_brand":[],"product_cat":[314],"product_tag":[],"class_list":{"0":"post-125413","1":"product","2":"type-product","3":"status-publish","4":"has-post-thumbnail","6":"marca-bullpadel-de","7":"product_cat-taschen","9":"first","10":"outofstock","11":"sale","12":"taxable","13":"shipping-taxable","14":"purchasable","15":"product-type-simple"},"acf":[],"yoast_head":"<!-- This site is optimized with the Yoast SEO plugin v27.4 - https:\/\/yoast.com\/product\/yoast-seo-wordpress\/ -->\n<title>PALETERO BULLPADEL BPP25019 ELITE 029 ROSA PASTEL - Revolution Padel Store<\/title>\n<meta name=\"description\" content=\"El nuevo paletero ELITE es un paletero de dise\u00f1o sobrio y capacidad media que tiene un compartimento principal para guardar todo lo que necesites, adem\u00e1s, dispone de dos compartimentos thermo con capacidad para cuatro palas, cuenta un compartimento separado y ventilado para ropa y calzado, y dispone de un peque\u00f1o bolsillo lateral exterior y un asa superior. Personalizado con la firma de nuestra jugadora Gemma Triay.\" \/>\n<meta name=\"robots\" content=\"index, follow, max-snippet:-1, max-image-preview:large, max-video-preview:-1\" \/>\n<link rel=\"canonical\" href=\"https:\/\/revolutionpadelstore.com\/de\/produkt\/paletero-bullpadel-bpp25019-elite-029-rosa-pastel-1\/\" \/>\n<meta property=\"og:locale\" content=\"de_DE\" \/>\n<meta property=\"og:type\" content=\"article\" \/>\n<meta property=\"og:title\" content=\"PALETERO BULLPADEL BPP25019 ELITE 029 ROSA PASTEL - Revolution Padel Store\" \/>\n<meta property=\"og:description\" content=\"El nuevo paletero ELITE es un paletero de dise\u00f1o sobrio y capacidad media que tiene un compartimento principal para guardar todo lo que necesites, adem\u00e1s, dispone de dos compartimentos thermo con capacidad para cuatro palas, cuenta un compartimento separado y ventilado para ropa y calzado, y dispone de un peque\u00f1o bolsillo lateral exterior y un asa superior. Personalizado con la firma de nuestra jugadora Gemma Triay.\" \/>\n<meta property=\"og:url\" content=\"https:\/\/revolutionpadelstore.com\/de\/produkt\/paletero-bullpadel-bpp25019-elite-029-rosa-pastel-1\/\" \/>\n<meta property=\"og:site_name\" content=\"Revolution Padel Store\" \/>\n<meta property=\"article:modified_time\" content=\"2026-04-08T08:08:59+00:00\" \/>\n<meta property=\"og:image\" content=\"https:\/\/revolutionpadelstore.com\/wp-content\/uploads\/2024\/11\/179E.png\" \/>\n\t<meta property=\"og:image:width\" content=\"1500\" \/>\n\t<meta property=\"og:image:height\" content=\"1500\" \/>\n\t<meta property=\"og:image:type\" content=\"image\/png\" \/>\n<meta name=\"twitter:card\" content=\"summary_large_image\" \/>\n<script type=\"application\/ld+json\" class=\"yoast-schema-graph\">{\"@context\":\"https:\\\/\\\/schema.org\",\"@graph\":[{\"@type\":\"WebPage\",\"@id\":\"https:\\\/\\\/revolutionpadelstore.com\\\/de\\\/produkt\\\/paletero-bullpadel-bpp25019-elite-029-rosa-pastel-1\\\/\",\"url\":\"https:\\\/\\\/revolutionpadelstore.com\\\/de\\\/produkt\\\/paletero-bullpadel-bpp25019-elite-029-rosa-pastel-1\\\/\",\"name\":\"PALETERO BULLPADEL BPP25019 ELITE 029 ROSA PASTEL - Revolution Padel Store\",\"isPartOf\":{\"@id\":\"https:\\\/\\\/revolutionpadelstore.com\\\/de\\\/#website\"},\"primaryImageOfPage\":{\"@id\":\"https:\\\/\\\/revolutionpadelstore.com\\\/de\\\/produkt\\\/paletero-bullpadel-bpp25019-elite-029-rosa-pastel-1\\\/#primaryimage\"},\"image\":{\"@id\":\"https:\\\/\\\/revolutionpadelstore.com\\\/de\\\/produkt\\\/paletero-bullpadel-bpp25019-elite-029-rosa-pastel-1\\\/#primaryimage\"},\"thumbnailUrl\":\"https:\\\/\\\/revolutionpadelstore.com\\\/wp-content\\\/uploads\\\/2024\\\/11\\\/179E.png\",\"datePublished\":\"2024-11-24T08:53:30+00:00\",\"dateModified\":\"2026-04-08T08:08:59+00:00\",\"description\":\"El nuevo paletero ELITE es un paletero de dise\u00f1o sobrio y capacidad media que tiene un compartimento principal para guardar todo lo que necesites, adem\u00e1s, dispone de dos compartimentos thermo con capacidad para cuatro palas, cuenta un compartimento separado y ventilado para ropa y calzado, y dispone de un peque\u00f1o bolsillo lateral exterior y un asa superior. Personalizado con la firma de nuestra jugadora Gemma Triay.\",\"breadcrumb\":{\"@id\":\"https:\\\/\\\/revolutionpadelstore.com\\\/de\\\/produkt\\\/paletero-bullpadel-bpp25019-elite-029-rosa-pastel-1\\\/#breadcrumb\"},\"inLanguage\":\"de\",\"potentialAction\":[{\"@type\":\"ReadAction\",\"target\":[\"https:\\\/\\\/revolutionpadelstore.com\\\/de\\\/produkt\\\/paletero-bullpadel-bpp25019-elite-029-rosa-pastel-1\\\/\"]}]},{\"@type\":\"ImageObject\",\"inLanguage\":\"de\",\"@id\":\"https:\\\/\\\/revolutionpadelstore.com\\\/de\\\/produkt\\\/paletero-bullpadel-bpp25019-elite-029-rosa-pastel-1\\\/#primaryimage\",\"url\":\"https:\\\/\\\/revolutionpadelstore.com\\\/wp-content\\\/uploads\\\/2024\\\/11\\\/179E.png\",\"contentUrl\":\"https:\\\/\\\/revolutionpadelstore.com\\\/wp-content\\\/uploads\\\/2024\\\/11\\\/179E.png\",\"width\":1500,\"height\":1500},{\"@type\":\"BreadcrumbList\",\"@id\":\"https:\\\/\\\/revolutionpadelstore.com\\\/de\\\/produkt\\\/paletero-bullpadel-bpp25019-elite-029-rosa-pastel-1\\\/#breadcrumb\",\"itemListElement\":[{\"@type\":\"ListItem\",\"position\":1,\"name\":\"Portada\",\"item\":\"https:\\\/\\\/revolutionpadelstore.com\\\/de\\\/\"},{\"@type\":\"ListItem\",\"position\":2,\"name\":\"Shop\",\"item\":\"https:\\\/\\\/revolutionpadelstore.com\\\/de\\\/tienda\\\/\"},{\"@type\":\"ListItem\",\"position\":3,\"name\":\"PALETERO BULLPADEL BPP25019 ELITE 029 ROSA PASTEL\"}]},{\"@type\":\"WebSite\",\"@id\":\"https:\\\/\\\/revolutionpadelstore.com\\\/de\\\/#website\",\"url\":\"https:\\\/\\\/revolutionpadelstore.com\\\/de\\\/\",\"name\":\"Revolution Padel Store\",\"description\":\"\",\"publisher\":{\"@id\":\"https:\\\/\\\/revolutionpadelstore.com\\\/de\\\/#organization\"},\"potentialAction\":[{\"@type\":\"SearchAction\",\"target\":{\"@type\":\"EntryPoint\",\"urlTemplate\":\"https:\\\/\\\/revolutionpadelstore.com\\\/de\\\/?s={search_term_string}\"},\"query-input\":{\"@type\":\"PropertyValueSpecification\",\"valueRequired\":true,\"valueName\":\"search_term_string\"}}],\"inLanguage\":\"de\"},{\"@type\":\"Organization\",\"@id\":\"https:\\\/\\\/revolutionpadelstore.com\\\/de\\\/#organization\",\"name\":\"Revolution Padel Store\",\"url\":\"https:\\\/\\\/revolutionpadelstore.com\\\/de\\\/\",\"logo\":{\"@type\":\"ImageObject\",\"inLanguage\":\"de\",\"@id\":\"https:\\\/\\\/revolutionpadelstore.com\\\/de\\\/#\\\/schema\\\/logo\\\/image\\\/\",\"url\":\"https:\\\/\\\/revolutionpadelstore.com\\\/wp-content\\\/uploads\\\/2026\\\/02\\\/revolution-padel-store.jpg\",\"contentUrl\":\"https:\\\/\\\/revolutionpadelstore.com\\\/wp-content\\\/uploads\\\/2026\\\/02\\\/revolution-padel-store.jpg\",\"width\":2000,\"height\":2000,\"caption\":\"Revolution Padel Store\"},\"image\":{\"@id\":\"https:\\\/\\\/revolutionpadelstore.com\\\/de\\\/#\\\/schema\\\/logo\\\/image\\\/\"},\"sameAs\":[\"https:\\\/\\\/www.instagram.com\\\/revolutionpadelstore\\\/\"]}]}<\/script>\n<!-- \/ Yoast SEO plugin. -->","yoast_head_json":{"title":"PALETERO BULLPADEL BPP25019 ELITE 029 ROSA PASTEL - Revolution Padel Store","description":"El nuevo paletero ELITE es un paletero de dise\u00f1o sobrio y capacidad media que tiene un compartimento principal para guardar todo lo que necesites, adem\u00e1s, dispone de dos compartimentos thermo con capacidad para cuatro palas, cuenta un compartimento separado y ventilado para ropa y calzado, y dispone de un peque\u00f1o bolsillo lateral exterior y un asa superior. Personalizado con la firma de nuestra jugadora Gemma Triay.","robots":{"index":"index","follow":"follow","max-snippet":"max-snippet:-1","max-image-preview":"max-image-preview:large","max-video-preview":"max-video-preview:-1"},"canonical":"https:\/\/revolutionpadelstore.com\/de\/produkt\/paletero-bullpadel-bpp25019-elite-029-rosa-pastel-1\/","og_locale":"de_DE","og_type":"article","og_title":"PALETERO BULLPADEL BPP25019 ELITE 029 ROSA PASTEL - Revolution Padel Store","og_description":"El nuevo paletero ELITE es un paletero de dise\u00f1o sobrio y capacidad media que tiene un compartimento principal para guardar todo lo que necesites, adem\u00e1s, dispone de dos compartimentos thermo con capacidad para cuatro palas, cuenta un compartimento separado y ventilado para ropa y calzado, y dispone de un peque\u00f1o bolsillo lateral exterior y un asa superior. Personalizado con la firma de nuestra jugadora Gemma Triay.","og_url":"https:\/\/revolutionpadelstore.com\/de\/produkt\/paletero-bullpadel-bpp25019-elite-029-rosa-pastel-1\/","og_site_name":"Revolution Padel Store","article_modified_time":"2026-04-08T08:08:59+00:00","og_image":[{"width":1500,"height":1500,"url":"https:\/\/revolutionpadelstore.com\/wp-content\/uploads\/2024\/11\/179E.png","type":"image\/png"}],"twitter_card":"summary_large_image","schema":{"@context":"https:\/\/schema.org","@graph":[{"@type":"WebPage","@id":"https:\/\/revolutionpadelstore.com\/de\/produkt\/paletero-bullpadel-bpp25019-elite-029-rosa-pastel-1\/","url":"https:\/\/revolutionpadelstore.com\/de\/produkt\/paletero-bullpadel-bpp25019-elite-029-rosa-pastel-1\/","name":"PALETERO BULLPADEL BPP25019 ELITE 029 ROSA PASTEL - Revolution Padel Store","isPartOf":{"@id":"https:\/\/revolutionpadelstore.com\/de\/#website"},"primaryImageOfPage":{"@id":"https:\/\/revolutionpadelstore.com\/de\/produkt\/paletero-bullpadel-bpp25019-elite-029-rosa-pastel-1\/#primaryimage"},"image":{"@id":"https:\/\/revolutionpadelstore.com\/de\/produkt\/paletero-bullpadel-bpp25019-elite-029-rosa-pastel-1\/#primaryimage"},"thumbnailUrl":"https:\/\/revolutionpadelstore.com\/wp-content\/uploads\/2024\/11\/179E.png","datePublished":"2024-11-24T08:53:30+00:00","dateModified":"2026-04-08T08:08:59+00:00","description":"El nuevo paletero ELITE es un paletero de dise\u00f1o sobrio y capacidad media que tiene un compartimento principal para guardar todo lo que necesites, adem\u00e1s, dispone de dos compartimentos thermo con capacidad para cuatro palas, cuenta un compartimento separado y ventilado para ropa y calzado, y dispone de un peque\u00f1o bolsillo lateral exterior y un asa superior. Personalizado con la firma de nuestra jugadora Gemma Triay.","breadcrumb":{"@id":"https:\/\/revolutionpadelstore.com\/de\/produkt\/paletero-bullpadel-bpp25019-elite-029-rosa-pastel-1\/#breadcrumb"},"inLanguage":"de","potentialAction":[{"@type":"ReadAction","target":["https:\/\/revolutionpadelstore.com\/de\/produkt\/paletero-bullpadel-bpp25019-elite-029-rosa-pastel-1\/"]}]},{"@type":"ImageObject","inLanguage":"de","@id":"https:\/\/revolutionpadelstore.com\/de\/produkt\/paletero-bullpadel-bpp25019-elite-029-rosa-pastel-1\/#primaryimage","url":"https:\/\/revolutionpadelstore.com\/wp-content\/uploads\/2024\/11\/179E.png","contentUrl":"https:\/\/revolutionpadelstore.com\/wp-content\/uploads\/2024\/11\/179E.png","width":1500,"height":1500},{"@type":"BreadcrumbList","@id":"https:\/\/revolutionpadelstore.com\/de\/produkt\/paletero-bullpadel-bpp25019-elite-029-rosa-pastel-1\/#breadcrumb","itemListElement":[{"@type":"ListItem","position":1,"name":"Portada","item":"https:\/\/revolutionpadelstore.com\/de\/"},{"@type":"ListItem","position":2,"name":"Shop","item":"https:\/\/revolutionpadelstore.com\/de\/tienda\/"},{"@type":"ListItem","position":3,"name":"PALETERO BULLPADEL BPP25019 ELITE 029 ROSA PASTEL"}]},{"@type":"WebSite","@id":"https:\/\/revolutionpadelstore.com\/de\/#website","url":"https:\/\/revolutionpadelstore.com\/de\/","name":"Revolution Padel Store","description":"","publisher":{"@id":"https:\/\/revolutionpadelstore.com\/de\/#organization"},"potentialAction":[{"@type":"SearchAction","target":{"@type":"EntryPoint","urlTemplate":"https:\/\/revolutionpadelstore.com\/de\/?s={search_term_string}"},"query-input":{"@type":"PropertyValueSpecification","valueRequired":true,"valueName":"search_term_string"}}],"inLanguage":"de"},{"@type":"Organization","@id":"https:\/\/revolutionpadelstore.com\/de\/#organization","name":"Revolution Padel Store","url":"https:\/\/revolutionpadelstore.com\/de\/","logo":{"@type":"ImageObject","inLanguage":"de","@id":"https:\/\/revolutionpadelstore.com\/de\/#\/schema\/logo\/image\/","url":"https:\/\/revolutionpadelstore.com\/wp-content\/uploads\/2026\/02\/revolution-padel-store.jpg","contentUrl":"https:\/\/revolutionpadelstore.com\/wp-content\/uploads\/2026\/02\/revolution-padel-store.jpg","width":2000,"height":2000,"caption":"Revolution Padel Store"},"image":{"@id":"https:\/\/revolutionpadelstore.com\/de\/#\/schema\/logo\/image\/"},"sameAs":["https:\/\/www.instagram.com\/revolutionpadelstore\/"]}]}},"_links":{"self":[{"href":"https:\/\/revolutionpadelstore.com\/de\/wp-json\/wp\/v2\/product\/125413","targetHints":{"allow":["GET"]}}],"collection":[{"href":"https:\/\/revolutionpadelstore.com\/de\/wp-json\/wp\/v2\/product"}],"about":[{"href":"https:\/\/revolutionpadelstore.com\/de\/wp-json\/wp\/v2\/types\/product"}],"replies":[{"embeddable":true,"href":"https:\/\/revolutionpadelstore.com\/de\/wp-json\/wp\/v2\/comments?post=125413"}],"wp:featuredmedia":[{"embeddable":true,"href":"https:\/\/revolutionpadelstore.com\/de\/wp-json\/wp\/v2\/media\/125408"}],"wp:attachment":[{"href":"https:\/\/revolutionpadelstore.com\/de\/wp-json\/wp\/v2\/media?parent=125413"}],"wp:term":[{"taxonomy":"acabado","embeddable":true,"href":"https:\/\/revolutionpadelstore.com\/de\/wp-json\/wp\/v2\/acabado?post=125413"},{"taxonomy":"balance","embeddable":true,"href":"https:\/\/revolutionpadelstore.com\/de\/wp-json\/wp\/v2\/balance?post=125413"},{"taxonomy":"dureza","embeddable":true,"href":"https:\/\/revolutionpadelstore.com\/de\/wp-json\/wp\/v2\/dureza?post=125413"},{"taxonomy":"forma","embeddable":true,"href":"https:\/\/revolutionpadelstore.com\/de\/wp-json\/wp\/v2\/forma?post=125413"},{"taxonomy":"jugador","embeddable":true,"href":"https:\/\/revolutionpadelstore.com\/de\/wp-json\/wp\/v2\/jugador?post=125413"},{"taxonomy":"marca","embeddable":true,"href":"https:\/\/revolutionpadelstore.com\/de\/wp-json\/wp\/v2\/marca?post=125413"},{"taxonomy":"nivel-de-juego","embeddable":true,"href":"https:\/\/revolutionpadelstore.com\/de\/wp-json\/wp\/v2\/nivel-de-juego?post=125413"},{"taxonomy":"superficie","embeddable":true,"href":"https:\/\/revolutionpadelstore.com\/de\/wp-json\/wp\/v2\/superficie?post=125413"},{"taxonomy":"tipo-de-juego","embeddable":true,"href":"https:\/\/revolutionpadelstore.com\/de\/wp-json\/wp\/v2\/tipo-de-juego?post=125413"},{"taxonomy":"product_brand","embeddable":true,"href":"https:\/\/revolutionpadelstore.com\/de\/wp-json\/wp\/v2\/product_brand?post=125413"},{"taxonomy":"product_cat","embeddable":true,"href":"https:\/\/revolutionpadelstore.com\/de\/wp-json\/wp\/v2\/product_cat?post=125413"},{"taxonomy":"product_tag","embeddable":true,"href":"https:\/\/revolutionpadelstore.com\/de\/wp-json\/wp\/v2\/product_tag?post=125413"}],"curies":[{"name":"wp","href":"https:\/\/api.w.org\/{rel}","templated":true}]}}