{"id":125228,"date":"2024-11-23T12:02:11","date_gmt":"2024-11-23T11:02:11","guid":{"rendered":"https:\/\/revolutionpadelstore.com\/kombat-galeras-mujer\/"},"modified":"2026-04-01T06:51:32","modified_gmt":"2026-04-01T04:51:32","slug":"kombat-galeras-mujer-1","status":"publish","type":"product","link":"https:\/\/revolutionpadelstore.com\/de\/produkt\/kombat-galeras-mujer-1\/","title":{"rendered":"KOMBAT GALERAS MUJER"},"content":{"rendered":"<p>&lt;Il<br \/>\nInspiriert von der St\u00e4rke des Galeras -Vulkans ist die Kombat -Galeere -Paddelschaufel f\u00fcr extreme Leichtigkeit, hervorragende Verwaltbarkeit und hohe Leistung in jedem Schlag.<\/p>\n<p>Mit einer Tr\u00e4nenform, einer mittleren Balance und einem zentrierten s\u00fc\u00dfen Punkt bietet diese Schaufel ein perfektes Gleichgewicht zwischen Kontrolle und Kraft, was sie zu einer sehr ausgewogenen Option macht. Der durchschnittliche s\u00fc\u00dfe Punkt sorgt f\u00fcr einen ausstehenden Ballauslass, w\u00e4hrend die Zwischenbilanz die Gewichtsuniform verteilt und die Verwaltbarkeit verbessert.<\/p>\n<h2> <strong> Pala Galeras, ideal f\u00fcr dynamische Spieler <\/ strong> <\/ h2><br \/>\nDie Kombat Galeras Shovel wurde f\u00fcr Spieler nach einer leichten Option angesehen, die leicht zu handhaben und ausbalanciert zu werden. Es ist perfekt f\u00fcr diejenigen, die eine schnelle Antwort und pr\u00e4zise Schl\u00e4ge w\u00fcnschen.<\/p>\n<p>Dieses Modell ist ideal f\u00fcr technische Spieler, die die beste Leistung in jedem Schlag suchen. Das grobe Finish bei den Pl\u00e4nen erm\u00f6glicht es, Effekte mit gr\u00f6\u00dferer Pr\u00e4zision auf den Ball anzuwenden, sodass Sie Ihre Rivalen \u00fcberraschen und eine Vielzahl von Schl\u00e4gen vornehmen k\u00f6nnen.<\/p>\n<h2> <strong> Eigenschaften der Kombat Galeras Schaufel <\/ strong> <\/ h2><\/p>\n<p>-hoher H\u00e4rte schwarzer Eva-Gummi-Kern, eine feste Note und einen guten R\u00fcckprall<\/p>\n<p>-18K CO2-Pl\u00e4ne, das ein Gef\u00fchl von gr\u00f6\u00dferer Starrheit bietet<br \/>\n<P>-Raue Oberfl\u00e4che auf den Gesichtern, sodass Effekte mit gr\u00f6\u00dferer Pr\u00e4zision drucken k\u00f6nnen<\/p>\n<p>-100% Kohlefaser-R\u00f6hrenrahmen, wodurch ein gr\u00f6\u00dferer Widerstand und Haltbarkeit garantiert<\/p>\n<p>-355 Gramm Leichtgewicht, was \u00fcberlegene Verwaltbarkeit und Beweglichkeit bietet.<\/p>\n<p>-Anti-Vibrationen-Technologie, um einen st\u00e4rkeren und stabileren Treffer zu erzielen<\/p>\n<h2> <strong> Holen Sie sich den Kombat Galeras 2025 im Revolution Padel Store.<br \/>\nDie Kombat -Galeras ist eine Tr\u00e4nenschaufel mit durchschnittlichem Gleichgewicht f\u00fcr Frauen, bestehend aus Kohlenstoff und einem harten Gummis -Kernschwarz -Eva. Es garantiert konsistente Schl\u00e4ge und ein explosives und pr\u00e4zises Spiel, ideal f\u00fcr Spieler, die in allen Spielsituationen Vielseitigkeit und Leistung suchen.<\/p>\n<h2><strong>Kombat Galeras Mujer 2025, explosividad y precisi\u00f3n<\/strong><\/p>\n","protected":false},"excerpt":{"rendered":"<p>Tr\u00e4nenschaufel und halb Kombat Galeras 2025, die anspruchsvolle Paddelspieler Pr\u00e4zision und Explosivit\u00e4t bieten. Mit Rufo -Kohlenstoffebenen 18K und schwarzer EVA -Kern.<\/p>\n","protected":false},"featured_media":125199,"comment_status":"open","ping_status":"closed","template":"","meta":{"_acf_changed":false,"_joinchat":[]},"acabado":[1079,1084],"balance":[1139],"dureza":[1159],"forma":[1184],"jugador":[1194],"marca":[1703],"nivel-de-juego":[1334,1339],"superficie":[1359],"tipo-de-juego":[1384],"product_brand":[],"product_cat":[299],"product_tag":[],"class_list":{"0":"post-125228","1":"product","2":"type-product","3":"status-publish","4":"has-post-thumbnail","6":"acabado-helligkeit","7":"acabado-kumpel","8":"balance-mittel","9":"dureza-dura-de","10":"forma-lagrima-de","11":"jugador-frau","12":"marca-kombat-de","13":"superficie-rugosa-de","14":"tipo-de-juego-mehrzweck","15":"product_cat-palas-de-padel-de","17":"first","18":"instock","19":"taxable","20":"shipping-taxable","21":"purchasable","22":"product-type-simple"},"acf":[],"yoast_head":"<!-- This site is optimized with the Yoast SEO plugin v27.3 - https:\/\/yoast.com\/product\/yoast-seo-wordpress\/ -->\n<title>KOMBAT GALERAS MUJER - Revolution Padel Store<\/title>\n<meta name=\"description\" content=\"Dise\u00f1ada para brindar una extrema ligereza, f\u00e1cil manejabilidad y alto rendimiento en cada golpe, la pala de p\u00e1del Galeras de Kombat est\u00e1 inspirada en la fuerza del volc\u00e1n Galeras. Presenta una forma de l\u00e1grima, un balance medio y punto dulce centrado, por lo que concede un equilibrio superior entre control y potencia. Se considera una pala muy equilibrada. Gracias al punto dulce medio se consigue una salida de bola sobresaliente, mientras que el balance intermedio distribuye el peso uniformemente para una mejor manejabilidad.\" \/>\n<meta name=\"robots\" content=\"index, follow, max-snippet:-1, max-image-preview:large, max-video-preview:-1\" \/>\n<link rel=\"canonical\" href=\"https:\/\/revolutionpadelstore.com\/de\/produkt\/kombat-galeras-mujer-1\/\" \/>\n<meta property=\"og:locale\" content=\"de_DE\" \/>\n<meta property=\"og:type\" content=\"article\" \/>\n<meta property=\"og:title\" content=\"KOMBAT GALERAS MUJER - Revolution Padel Store\" \/>\n<meta property=\"og:description\" content=\"Dise\u00f1ada para brindar una extrema ligereza, f\u00e1cil manejabilidad y alto rendimiento en cada golpe, la pala de p\u00e1del Galeras de Kombat est\u00e1 inspirada en la fuerza del volc\u00e1n Galeras. Presenta una forma de l\u00e1grima, un balance medio y punto dulce centrado, por lo que concede un equilibrio superior entre control y potencia. Se considera una pala muy equilibrada. Gracias al punto dulce medio se consigue una salida de bola sobresaliente, mientras que el balance intermedio distribuye el peso uniformemente para una mejor manejabilidad.\" \/>\n<meta property=\"og:url\" content=\"https:\/\/revolutionpadelstore.com\/de\/produkt\/kombat-galeras-mujer-1\/\" \/>\n<meta property=\"og:site_name\" content=\"Revolution Padel Store\" \/>\n<meta property=\"article:modified_time\" content=\"2026-04-01T04:51:32+00:00\" \/>\n<meta property=\"og:image\" content=\"https:\/\/revolutionpadelstore.com\/wp-content\/uploads\/2024\/11\/115023_pala_kombat_galeras_1500x1500_1_19bf.webp\" \/>\n\t<meta property=\"og:image:width\" content=\"1500\" \/>\n\t<meta property=\"og:image:height\" content=\"1500\" \/>\n\t<meta property=\"og:image:type\" content=\"image\/webp\" \/>\n<meta name=\"twitter:card\" content=\"summary_large_image\" \/>\n<meta name=\"twitter:label1\" content=\"Gesch\u00e4tzte Lesezeit\" \/>\n\t<meta name=\"twitter:data1\" content=\"2\u00a0Minuten\" \/>\n<script type=\"application\/ld+json\" class=\"yoast-schema-graph\">{\"@context\":\"https:\\\/\\\/schema.org\",\"@graph\":[{\"@type\":\"WebPage\",\"@id\":\"https:\\\/\\\/revolutionpadelstore.com\\\/de\\\/produkt\\\/kombat-galeras-mujer-1\\\/\",\"url\":\"https:\\\/\\\/revolutionpadelstore.com\\\/de\\\/produkt\\\/kombat-galeras-mujer-1\\\/\",\"name\":\"KOMBAT GALERAS MUJER - Revolution Padel Store\",\"isPartOf\":{\"@id\":\"https:\\\/\\\/revolutionpadelstore.com\\\/de\\\/#website\"},\"primaryImageOfPage\":{\"@id\":\"https:\\\/\\\/revolutionpadelstore.com\\\/de\\\/produkt\\\/kombat-galeras-mujer-1\\\/#primaryimage\"},\"image\":{\"@id\":\"https:\\\/\\\/revolutionpadelstore.com\\\/de\\\/produkt\\\/kombat-galeras-mujer-1\\\/#primaryimage\"},\"thumbnailUrl\":\"https:\\\/\\\/revolutionpadelstore.com\\\/wp-content\\\/uploads\\\/2024\\\/11\\\/115023_pala_kombat_galeras_1500x1500_1_19bf.webp\",\"datePublished\":\"2024-11-23T11:02:11+00:00\",\"dateModified\":\"2026-04-01T04:51:32+00:00\",\"description\":\"Dise\u00f1ada para brindar una extrema ligereza, f\u00e1cil manejabilidad y alto rendimiento en cada golpe, la pala de p\u00e1del Galeras de Kombat est\u00e1 inspirada en la fuerza del volc\u00e1n Galeras. Presenta una forma de l\u00e1grima, un balance medio y punto dulce centrado, por lo que concede un equilibrio superior entre control y potencia. Se considera una pala muy equilibrada. Gracias al punto dulce medio se consigue una salida de bola sobresaliente, mientras que el balance intermedio distribuye el peso uniformemente para una mejor manejabilidad.\",\"breadcrumb\":{\"@id\":\"https:\\\/\\\/revolutionpadelstore.com\\\/de\\\/produkt\\\/kombat-galeras-mujer-1\\\/#breadcrumb\"},\"inLanguage\":\"de\",\"potentialAction\":[{\"@type\":\"ReadAction\",\"target\":[\"https:\\\/\\\/revolutionpadelstore.com\\\/de\\\/produkt\\\/kombat-galeras-mujer-1\\\/\"]}]},{\"@type\":\"ImageObject\",\"inLanguage\":\"de\",\"@id\":\"https:\\\/\\\/revolutionpadelstore.com\\\/de\\\/produkt\\\/kombat-galeras-mujer-1\\\/#primaryimage\",\"url\":\"https:\\\/\\\/revolutionpadelstore.com\\\/wp-content\\\/uploads\\\/2024\\\/11\\\/115023_pala_kombat_galeras_1500x1500_1_19bf.webp\",\"contentUrl\":\"https:\\\/\\\/revolutionpadelstore.com\\\/wp-content\\\/uploads\\\/2024\\\/11\\\/115023_pala_kombat_galeras_1500x1500_1_19bf.webp\",\"width\":1500,\"height\":1500},{\"@type\":\"BreadcrumbList\",\"@id\":\"https:\\\/\\\/revolutionpadelstore.com\\\/de\\\/produkt\\\/kombat-galeras-mujer-1\\\/#breadcrumb\",\"itemListElement\":[{\"@type\":\"ListItem\",\"position\":1,\"name\":\"Portada\",\"item\":\"https:\\\/\\\/revolutionpadelstore.com\\\/de\\\/\"},{\"@type\":\"ListItem\",\"position\":2,\"name\":\"Shop\",\"item\":\"https:\\\/\\\/revolutionpadelstore.com\\\/de\\\/tienda\\\/\"},{\"@type\":\"ListItem\",\"position\":3,\"name\":\"KOMBAT GALERAS MUJER\"}]},{\"@type\":\"WebSite\",\"@id\":\"https:\\\/\\\/revolutionpadelstore.com\\\/de\\\/#website\",\"url\":\"https:\\\/\\\/revolutionpadelstore.com\\\/de\\\/\",\"name\":\"Revolution Padel Store\",\"description\":\"\",\"publisher\":{\"@id\":\"https:\\\/\\\/revolutionpadelstore.com\\\/de\\\/#organization\"},\"potentialAction\":[{\"@type\":\"SearchAction\",\"target\":{\"@type\":\"EntryPoint\",\"urlTemplate\":\"https:\\\/\\\/revolutionpadelstore.com\\\/de\\\/?s={search_term_string}\"},\"query-input\":{\"@type\":\"PropertyValueSpecification\",\"valueRequired\":true,\"valueName\":\"search_term_string\"}}],\"inLanguage\":\"de\"},{\"@type\":\"Organization\",\"@id\":\"https:\\\/\\\/revolutionpadelstore.com\\\/de\\\/#organization\",\"name\":\"Revolution Padel Store\",\"url\":\"https:\\\/\\\/revolutionpadelstore.com\\\/de\\\/\",\"logo\":{\"@type\":\"ImageObject\",\"inLanguage\":\"de\",\"@id\":\"https:\\\/\\\/revolutionpadelstore.com\\\/de\\\/#\\\/schema\\\/logo\\\/image\\\/\",\"url\":\"https:\\\/\\\/revolutionpadelstore.com\\\/wp-content\\\/uploads\\\/2026\\\/02\\\/revolution-padel-store.jpg\",\"contentUrl\":\"https:\\\/\\\/revolutionpadelstore.com\\\/wp-content\\\/uploads\\\/2026\\\/02\\\/revolution-padel-store.jpg\",\"width\":2000,\"height\":2000,\"caption\":\"Revolution Padel Store\"},\"image\":{\"@id\":\"https:\\\/\\\/revolutionpadelstore.com\\\/de\\\/#\\\/schema\\\/logo\\\/image\\\/\"},\"sameAs\":[\"https:\\\/\\\/www.instagram.com\\\/revolutionpadelstore\\\/\"]}]}<\/script>\n<!-- \/ Yoast SEO plugin. -->","yoast_head_json":{"title":"KOMBAT GALERAS MUJER - Revolution Padel Store","description":"Dise\u00f1ada para brindar una extrema ligereza, f\u00e1cil manejabilidad y alto rendimiento en cada golpe, la pala de p\u00e1del Galeras de Kombat est\u00e1 inspirada en la fuerza del volc\u00e1n Galeras. Presenta una forma de l\u00e1grima, un balance medio y punto dulce centrado, por lo que concede un equilibrio superior entre control y potencia. Se considera una pala muy equilibrada. Gracias al punto dulce medio se consigue una salida de bola sobresaliente, mientras que el balance intermedio distribuye el peso uniformemente para una mejor manejabilidad.","robots":{"index":"index","follow":"follow","max-snippet":"max-snippet:-1","max-image-preview":"max-image-preview:large","max-video-preview":"max-video-preview:-1"},"canonical":"https:\/\/revolutionpadelstore.com\/de\/produkt\/kombat-galeras-mujer-1\/","og_locale":"de_DE","og_type":"article","og_title":"KOMBAT GALERAS MUJER - Revolution Padel Store","og_description":"Dise\u00f1ada para brindar una extrema ligereza, f\u00e1cil manejabilidad y alto rendimiento en cada golpe, la pala de p\u00e1del Galeras de Kombat est\u00e1 inspirada en la fuerza del volc\u00e1n Galeras. Presenta una forma de l\u00e1grima, un balance medio y punto dulce centrado, por lo que concede un equilibrio superior entre control y potencia. Se considera una pala muy equilibrada. Gracias al punto dulce medio se consigue una salida de bola sobresaliente, mientras que el balance intermedio distribuye el peso uniformemente para una mejor manejabilidad.","og_url":"https:\/\/revolutionpadelstore.com\/de\/produkt\/kombat-galeras-mujer-1\/","og_site_name":"Revolution Padel Store","article_modified_time":"2026-04-01T04:51:32+00:00","og_image":[{"width":1500,"height":1500,"url":"https:\/\/revolutionpadelstore.com\/wp-content\/uploads\/2024\/11\/115023_pala_kombat_galeras_1500x1500_1_19bf.webp","type":"image\/webp"}],"twitter_card":"summary_large_image","twitter_misc":{"Gesch\u00e4tzte Lesezeit":"2\u00a0Minuten"},"schema":{"@context":"https:\/\/schema.org","@graph":[{"@type":"WebPage","@id":"https:\/\/revolutionpadelstore.com\/de\/produkt\/kombat-galeras-mujer-1\/","url":"https:\/\/revolutionpadelstore.com\/de\/produkt\/kombat-galeras-mujer-1\/","name":"KOMBAT GALERAS MUJER - Revolution Padel Store","isPartOf":{"@id":"https:\/\/revolutionpadelstore.com\/de\/#website"},"primaryImageOfPage":{"@id":"https:\/\/revolutionpadelstore.com\/de\/produkt\/kombat-galeras-mujer-1\/#primaryimage"},"image":{"@id":"https:\/\/revolutionpadelstore.com\/de\/produkt\/kombat-galeras-mujer-1\/#primaryimage"},"thumbnailUrl":"https:\/\/revolutionpadelstore.com\/wp-content\/uploads\/2024\/11\/115023_pala_kombat_galeras_1500x1500_1_19bf.webp","datePublished":"2024-11-23T11:02:11+00:00","dateModified":"2026-04-01T04:51:32+00:00","description":"Dise\u00f1ada para brindar una extrema ligereza, f\u00e1cil manejabilidad y alto rendimiento en cada golpe, la pala de p\u00e1del Galeras de Kombat est\u00e1 inspirada en la fuerza del volc\u00e1n Galeras. Presenta una forma de l\u00e1grima, un balance medio y punto dulce centrado, por lo que concede un equilibrio superior entre control y potencia. Se considera una pala muy equilibrada. Gracias al punto dulce medio se consigue una salida de bola sobresaliente, mientras que el balance intermedio distribuye el peso uniformemente para una mejor manejabilidad.","breadcrumb":{"@id":"https:\/\/revolutionpadelstore.com\/de\/produkt\/kombat-galeras-mujer-1\/#breadcrumb"},"inLanguage":"de","potentialAction":[{"@type":"ReadAction","target":["https:\/\/revolutionpadelstore.com\/de\/produkt\/kombat-galeras-mujer-1\/"]}]},{"@type":"ImageObject","inLanguage":"de","@id":"https:\/\/revolutionpadelstore.com\/de\/produkt\/kombat-galeras-mujer-1\/#primaryimage","url":"https:\/\/revolutionpadelstore.com\/wp-content\/uploads\/2024\/11\/115023_pala_kombat_galeras_1500x1500_1_19bf.webp","contentUrl":"https:\/\/revolutionpadelstore.com\/wp-content\/uploads\/2024\/11\/115023_pala_kombat_galeras_1500x1500_1_19bf.webp","width":1500,"height":1500},{"@type":"BreadcrumbList","@id":"https:\/\/revolutionpadelstore.com\/de\/produkt\/kombat-galeras-mujer-1\/#breadcrumb","itemListElement":[{"@type":"ListItem","position":1,"name":"Portada","item":"https:\/\/revolutionpadelstore.com\/de\/"},{"@type":"ListItem","position":2,"name":"Shop","item":"https:\/\/revolutionpadelstore.com\/de\/tienda\/"},{"@type":"ListItem","position":3,"name":"KOMBAT GALERAS MUJER"}]},{"@type":"WebSite","@id":"https:\/\/revolutionpadelstore.com\/de\/#website","url":"https:\/\/revolutionpadelstore.com\/de\/","name":"Revolution Padel Store","description":"","publisher":{"@id":"https:\/\/revolutionpadelstore.com\/de\/#organization"},"potentialAction":[{"@type":"SearchAction","target":{"@type":"EntryPoint","urlTemplate":"https:\/\/revolutionpadelstore.com\/de\/?s={search_term_string}"},"query-input":{"@type":"PropertyValueSpecification","valueRequired":true,"valueName":"search_term_string"}}],"inLanguage":"de"},{"@type":"Organization","@id":"https:\/\/revolutionpadelstore.com\/de\/#organization","name":"Revolution Padel Store","url":"https:\/\/revolutionpadelstore.com\/de\/","logo":{"@type":"ImageObject","inLanguage":"de","@id":"https:\/\/revolutionpadelstore.com\/de\/#\/schema\/logo\/image\/","url":"https:\/\/revolutionpadelstore.com\/wp-content\/uploads\/2026\/02\/revolution-padel-store.jpg","contentUrl":"https:\/\/revolutionpadelstore.com\/wp-content\/uploads\/2026\/02\/revolution-padel-store.jpg","width":2000,"height":2000,"caption":"Revolution Padel Store"},"image":{"@id":"https:\/\/revolutionpadelstore.com\/de\/#\/schema\/logo\/image\/"},"sameAs":["https:\/\/www.instagram.com\/revolutionpadelstore\/"]}]}},"_links":{"self":[{"href":"https:\/\/revolutionpadelstore.com\/de\/wp-json\/wp\/v2\/product\/125228","targetHints":{"allow":["GET"]}}],"collection":[{"href":"https:\/\/revolutionpadelstore.com\/de\/wp-json\/wp\/v2\/product"}],"about":[{"href":"https:\/\/revolutionpadelstore.com\/de\/wp-json\/wp\/v2\/types\/product"}],"replies":[{"embeddable":true,"href":"https:\/\/revolutionpadelstore.com\/de\/wp-json\/wp\/v2\/comments?post=125228"}],"wp:featuredmedia":[{"embeddable":true,"href":"https:\/\/revolutionpadelstore.com\/de\/wp-json\/wp\/v2\/media\/125199"}],"wp:attachment":[{"href":"https:\/\/revolutionpadelstore.com\/de\/wp-json\/wp\/v2\/media?parent=125228"}],"wp:term":[{"taxonomy":"acabado","embeddable":true,"href":"https:\/\/revolutionpadelstore.com\/de\/wp-json\/wp\/v2\/acabado?post=125228"},{"taxonomy":"balance","embeddable":true,"href":"https:\/\/revolutionpadelstore.com\/de\/wp-json\/wp\/v2\/balance?post=125228"},{"taxonomy":"dureza","embeddable":true,"href":"https:\/\/revolutionpadelstore.com\/de\/wp-json\/wp\/v2\/dureza?post=125228"},{"taxonomy":"forma","embeddable":true,"href":"https:\/\/revolutionpadelstore.com\/de\/wp-json\/wp\/v2\/forma?post=125228"},{"taxonomy":"jugador","embeddable":true,"href":"https:\/\/revolutionpadelstore.com\/de\/wp-json\/wp\/v2\/jugador?post=125228"},{"taxonomy":"marca","embeddable":true,"href":"https:\/\/revolutionpadelstore.com\/de\/wp-json\/wp\/v2\/marca?post=125228"},{"taxonomy":"nivel-de-juego","embeddable":true,"href":"https:\/\/revolutionpadelstore.com\/de\/wp-json\/wp\/v2\/nivel-de-juego?post=125228"},{"taxonomy":"superficie","embeddable":true,"href":"https:\/\/revolutionpadelstore.com\/de\/wp-json\/wp\/v2\/superficie?post=125228"},{"taxonomy":"tipo-de-juego","embeddable":true,"href":"https:\/\/revolutionpadelstore.com\/de\/wp-json\/wp\/v2\/tipo-de-juego?post=125228"},{"taxonomy":"product_brand","embeddable":true,"href":"https:\/\/revolutionpadelstore.com\/de\/wp-json\/wp\/v2\/product_brand?post=125228"},{"taxonomy":"product_cat","embeddable":true,"href":"https:\/\/revolutionpadelstore.com\/de\/wp-json\/wp\/v2\/product_cat?post=125228"},{"taxonomy":"product_tag","embeddable":true,"href":"https:\/\/revolutionpadelstore.com\/de\/wp-json\/wp\/v2\/product_tag?post=125228"}],"curies":[{"name":"wp","href":"https:\/\/api.w.org\/{rel}","templated":true}]}}