{"id":125192,"date":"2024-11-23T11:51:43","date_gmt":"2024-11-23T10:51:43","guid":{"rendered":"https:\/\/revolutionpadelstore.com\/kombat-krakatoa\/"},"modified":"2026-04-01T06:51:57","modified_gmt":"2026-04-01T04:51:57","slug":"kombat-krakatoa","status":"publish","type":"product","link":"https:\/\/revolutionpadelstore.com\/de\/produkt\/kombat-krakatoa\/","title":{"rendered":"KOMBAT KRAKATOA"},"content":{"rendered":"<p><H2> Kombat Krakatoa, Rundpadel Pala<br \/>\nDer <strong> Kombat Krakatoa <\/strong> ist eine Schaufel aus <strong> Form <\/strong> <strong> rund <\/strong>, die in der Vulcano -Sammlung auff\u00e4llt, inspiriert von der Kraft und Stabilit\u00e4t des Krakatoa -Vulkans. Diese Schaufel entworfen, um die absolute Kontrolle in jedem Schlag zu bieten, kombiniert Pr\u00e4zision und Beweglichkeit und bietet einen perfekt zentrierten s\u00fc\u00dfen Bereich. Mit einem Gleichgewicht, das dank seines innovativen L\u00f6chermusters auf den Griff orientiert ist, bietet der Kombat Krakatoa eine au\u00dfergew\u00f6hnlich komfortable Handhabung. Wenn Sie nach einer Schaufel suchen, die an jedem Punkt und der Stabilit\u00e4t im Spiel Pr\u00e4zision bietet, ist die Krakatoa f\u00fcr Sie ausgelegt.<\/p>\n<h2> Kombat Krakatoa f\u00fcr Kontrollspieler <\/ h2><br \/>\nDer <strong> Kombat Krakatoa <\/strong> ist eine Idee <strong> l f\u00fcr Spieler, die die Kontrolle <\/strong> f\u00fcr die Macht sch\u00e4tzen. Perfekt f\u00fcr diejenigen, die im Paddel oder f\u00fcr Amateurspieler anfangen, die einen technischen und genauen Ansatz bevorzugen. Die Schaufel bietet einen unvergleichlichen Komfort, ohne die notwendige Kraft in wichtigen Momenten des Spiels zu beeintr\u00e4chtigen. Dank seines schwarzen EVA -Kerns mit mittlerer H\u00e4rte erm\u00f6glicht es ein Gleichgewicht zwischen der weichen Ber\u00fchrung und der schnellen Reaktion, die in jedem Schlag ein gro\u00dfes Gef\u00fchl verleiht. Mit einem vielseitigen Design passt es sich sowohl an neue Spieler als auch an diejenigen an, die versuchen, ihren Stil zu perfektionieren.<\/p>\n<h2> Kombat Krakatoa und seine Eigenschaften <\/ H2><\/p>\n<p>-Form: <strong> rund <\/strong> mit niedrigem Gleichgewicht<br \/>\n<P> <strong> -Nucole <\/strong>: schwarz <strong> eva <\/strong> der durchschnittlichen H\u00e4rte <\/strong><\/p>\n<p>-tubular: 100% Kohlefaser<\/p>\n<p>-Ebene: <strong> carbon 12k <\/strong> rau<\/p>\n<p>-Finish: Helligkeit\/Mate <\/p>\n<p>-power: 8\/10 <\/p>\n<p>-Steuerung: 10\/10 <\/p>\n<p>-Ballausgabe: 9\/10 <\/p>\n<h2> Kombat Krakatoa im Revolution Padel Store <\/H2> erh\u00e4ltlich<br \/>\nVerpassen Sie nicht die Gelegenheit, Ihr Spiel mit dem <strong> kombat krakatoa <\/strong> auf das n\u00e4chste Level zu bringen. Ihr \u00fcberlegenes Design und Ihre Kontrolle helfen Ihnen, jeden Punkt zu meistern. Kaufen Sie jetzt Ihre und verbessern Sie Ihre Pr\u00e4zision auf der Strecke!<\/p>\n<h2>Kombat Krakatoa, pala de p\u00e1del redonda colecci\u00f3n 2025<\/h2>\n","protected":false},"excerpt":{"rendered":"<p>Der Krakatoa Kombat bietet dank seiner runden Design und der zentrierten s\u00fc\u00dfen Zone eine \u00fcberlegene Kontrolle, die sich ideal f\u00fcr technische Spieler, die Pr\u00e4zision priorisieren.<\/p>\n","protected":false},"featured_media":125163,"comment_status":"open","ping_status":"closed","template":"","meta":{"_acf_changed":false,"_joinchat":[]},"acabado":[1089],"balance":[1144],"dureza":[1154],"forma":[1179],"jugador":[1189,1199],"marca":[1703],"nivel-de-juego":[1334,1339],"superficie":[1359],"tipo-de-juego":[1369],"product_brand":[],"product_cat":[299],"product_tag":[],"class_list":{"0":"post-125192","1":"product","2":"type-product","3":"status-publish","4":"has-post-thumbnail","6":"acabado-3d-entlasten","7":"balance-niedrig","8":"dureza-media-de","9":"forma-rund","10":"jugador-mann","11":"jugador-mehrzweck","12":"marca-kombat-de","13":"superficie-rugosa-de","14":"tipo-de-juego-kontrolle","15":"product_cat-palas-de-padel-de","17":"first","18":"instock","19":"taxable","20":"shipping-taxable","21":"purchasable","22":"product-type-simple"},"acf":[],"yoast_head":"<!-- This site is optimized with the Yoast SEO plugin v27.3 - https:\/\/yoast.com\/product\/yoast-seo-wordpress\/ -->\n<title>KOMBAT KRAKATOA - Revolution Padel Store<\/title>\n<meta name=\"description\" content=\"La Kombat Krakatoa es una pala de molde redondo que destaca dentro de la colecci\u00f3n Vulcano, inspirada en la potencia y estabilidad del volc\u00e1n Krakatoa. Dise\u00f1ada para proporcionar un control absoluto en cada golpe, esta pala combina precisi\u00f3n y agilidad, ofreciendo una zona dulce perfectamente centrada. Con un balance orientado hacia la empu\u00f1adura, gracias a su innovador patr\u00f3n de agujeros, la Kombat Krakatoa proporciona un manejo excepcionalmente c\u00f3modo. Si buscas una pala que ofrezca precisi\u00f3n en cada punto y estabilidad en el juego, la Krakatoa est\u00e1 pensada para ti.\" \/>\n<meta name=\"robots\" content=\"index, follow, max-snippet:-1, max-image-preview:large, max-video-preview:-1\" \/>\n<link rel=\"canonical\" href=\"https:\/\/revolutionpadelstore.com\/de\/produkt\/kombat-krakatoa\/\" \/>\n<meta property=\"og:locale\" content=\"de_DE\" \/>\n<meta property=\"og:type\" content=\"article\" \/>\n<meta property=\"og:title\" content=\"KOMBAT KRAKATOA - Revolution Padel Store\" \/>\n<meta property=\"og:description\" content=\"La Kombat Krakatoa es una pala de molde redondo que destaca dentro de la colecci\u00f3n Vulcano, inspirada en la potencia y estabilidad del volc\u00e1n Krakatoa. Dise\u00f1ada para proporcionar un control absoluto en cada golpe, esta pala combina precisi\u00f3n y agilidad, ofreciendo una zona dulce perfectamente centrada. Con un balance orientado hacia la empu\u00f1adura, gracias a su innovador patr\u00f3n de agujeros, la Kombat Krakatoa proporciona un manejo excepcionalmente c\u00f3modo. Si buscas una pala que ofrezca precisi\u00f3n en cada punto y estabilidad en el juego, la Krakatoa est\u00e1 pensada para ti.\" \/>\n<meta property=\"og:url\" content=\"https:\/\/revolutionpadelstore.com\/de\/produkt\/kombat-krakatoa\/\" \/>\n<meta property=\"og:site_name\" content=\"Revolution Padel Store\" \/>\n<meta property=\"article:modified_time\" content=\"2026-04-01T04:51:57+00:00\" \/>\n<meta property=\"og:image\" content=\"https:\/\/revolutionpadelstore.com\/wp-content\/uploads\/2024\/11\/115024_pala_kombat_krakatoa_1500x1500_1_7937.webp\" \/>\n\t<meta property=\"og:image:width\" content=\"1500\" \/>\n\t<meta property=\"og:image:height\" content=\"1500\" \/>\n\t<meta property=\"og:image:type\" content=\"image\/webp\" \/>\n<meta name=\"twitter:card\" content=\"summary_large_image\" \/>\n<meta name=\"twitter:label1\" content=\"Gesch\u00e4tzte Lesezeit\" \/>\n\t<meta name=\"twitter:data1\" content=\"2\u00a0Minuten\" \/>\n<script type=\"application\/ld+json\" class=\"yoast-schema-graph\">{\"@context\":\"https:\\\/\\\/schema.org\",\"@graph\":[{\"@type\":\"WebPage\",\"@id\":\"https:\\\/\\\/revolutionpadelstore.com\\\/de\\\/produkt\\\/kombat-krakatoa\\\/\",\"url\":\"https:\\\/\\\/revolutionpadelstore.com\\\/de\\\/produkt\\\/kombat-krakatoa\\\/\",\"name\":\"KOMBAT KRAKATOA - Revolution Padel Store\",\"isPartOf\":{\"@id\":\"https:\\\/\\\/revolutionpadelstore.com\\\/de\\\/#website\"},\"primaryImageOfPage\":{\"@id\":\"https:\\\/\\\/revolutionpadelstore.com\\\/de\\\/produkt\\\/kombat-krakatoa\\\/#primaryimage\"},\"image\":{\"@id\":\"https:\\\/\\\/revolutionpadelstore.com\\\/de\\\/produkt\\\/kombat-krakatoa\\\/#primaryimage\"},\"thumbnailUrl\":\"https:\\\/\\\/revolutionpadelstore.com\\\/wp-content\\\/uploads\\\/2024\\\/11\\\/115024_pala_kombat_krakatoa_1500x1500_1_7937.webp\",\"datePublished\":\"2024-11-23T10:51:43+00:00\",\"dateModified\":\"2026-04-01T04:51:57+00:00\",\"description\":\"La Kombat Krakatoa es una pala de molde redondo que destaca dentro de la colecci\u00f3n Vulcano, inspirada en la potencia y estabilidad del volc\u00e1n Krakatoa. Dise\u00f1ada para proporcionar un control absoluto en cada golpe, esta pala combina precisi\u00f3n y agilidad, ofreciendo una zona dulce perfectamente centrada. Con un balance orientado hacia la empu\u00f1adura, gracias a su innovador patr\u00f3n de agujeros, la Kombat Krakatoa proporciona un manejo excepcionalmente c\u00f3modo. Si buscas una pala que ofrezca precisi\u00f3n en cada punto y estabilidad en el juego, la Krakatoa est\u00e1 pensada para ti.\",\"breadcrumb\":{\"@id\":\"https:\\\/\\\/revolutionpadelstore.com\\\/de\\\/produkt\\\/kombat-krakatoa\\\/#breadcrumb\"},\"inLanguage\":\"de\",\"potentialAction\":[{\"@type\":\"ReadAction\",\"target\":[\"https:\\\/\\\/revolutionpadelstore.com\\\/de\\\/produkt\\\/kombat-krakatoa\\\/\"]}]},{\"@type\":\"ImageObject\",\"inLanguage\":\"de\",\"@id\":\"https:\\\/\\\/revolutionpadelstore.com\\\/de\\\/produkt\\\/kombat-krakatoa\\\/#primaryimage\",\"url\":\"https:\\\/\\\/revolutionpadelstore.com\\\/wp-content\\\/uploads\\\/2024\\\/11\\\/115024_pala_kombat_krakatoa_1500x1500_1_7937.webp\",\"contentUrl\":\"https:\\\/\\\/revolutionpadelstore.com\\\/wp-content\\\/uploads\\\/2024\\\/11\\\/115024_pala_kombat_krakatoa_1500x1500_1_7937.webp\",\"width\":1500,\"height\":1500},{\"@type\":\"BreadcrumbList\",\"@id\":\"https:\\\/\\\/revolutionpadelstore.com\\\/de\\\/produkt\\\/kombat-krakatoa\\\/#breadcrumb\",\"itemListElement\":[{\"@type\":\"ListItem\",\"position\":1,\"name\":\"Portada\",\"item\":\"https:\\\/\\\/revolutionpadelstore.com\\\/de\\\/\"},{\"@type\":\"ListItem\",\"position\":2,\"name\":\"Shop\",\"item\":\"https:\\\/\\\/revolutionpadelstore.com\\\/de\\\/tienda\\\/\"},{\"@type\":\"ListItem\",\"position\":3,\"name\":\"KOMBAT KRAKATOA\"}]},{\"@type\":\"WebSite\",\"@id\":\"https:\\\/\\\/revolutionpadelstore.com\\\/de\\\/#website\",\"url\":\"https:\\\/\\\/revolutionpadelstore.com\\\/de\\\/\",\"name\":\"Revolution Padel Store\",\"description\":\"\",\"publisher\":{\"@id\":\"https:\\\/\\\/revolutionpadelstore.com\\\/de\\\/#organization\"},\"potentialAction\":[{\"@type\":\"SearchAction\",\"target\":{\"@type\":\"EntryPoint\",\"urlTemplate\":\"https:\\\/\\\/revolutionpadelstore.com\\\/de\\\/?s={search_term_string}\"},\"query-input\":{\"@type\":\"PropertyValueSpecification\",\"valueRequired\":true,\"valueName\":\"search_term_string\"}}],\"inLanguage\":\"de\"},{\"@type\":\"Organization\",\"@id\":\"https:\\\/\\\/revolutionpadelstore.com\\\/de\\\/#organization\",\"name\":\"Revolution Padel Store\",\"url\":\"https:\\\/\\\/revolutionpadelstore.com\\\/de\\\/\",\"logo\":{\"@type\":\"ImageObject\",\"inLanguage\":\"de\",\"@id\":\"https:\\\/\\\/revolutionpadelstore.com\\\/de\\\/#\\\/schema\\\/logo\\\/image\\\/\",\"url\":\"https:\\\/\\\/revolutionpadelstore.com\\\/wp-content\\\/uploads\\\/2026\\\/02\\\/revolution-padel-store.jpg\",\"contentUrl\":\"https:\\\/\\\/revolutionpadelstore.com\\\/wp-content\\\/uploads\\\/2026\\\/02\\\/revolution-padel-store.jpg\",\"width\":2000,\"height\":2000,\"caption\":\"Revolution Padel Store\"},\"image\":{\"@id\":\"https:\\\/\\\/revolutionpadelstore.com\\\/de\\\/#\\\/schema\\\/logo\\\/image\\\/\"},\"sameAs\":[\"https:\\\/\\\/www.instagram.com\\\/revolutionpadelstore\\\/\"]}]}<\/script>\n<!-- \/ Yoast SEO plugin. -->","yoast_head_json":{"title":"KOMBAT KRAKATOA - Revolution Padel Store","description":"La Kombat Krakatoa es una pala de molde redondo que destaca dentro de la colecci\u00f3n Vulcano, inspirada en la potencia y estabilidad del volc\u00e1n Krakatoa. Dise\u00f1ada para proporcionar un control absoluto en cada golpe, esta pala combina precisi\u00f3n y agilidad, ofreciendo una zona dulce perfectamente centrada. Con un balance orientado hacia la empu\u00f1adura, gracias a su innovador patr\u00f3n de agujeros, la Kombat Krakatoa proporciona un manejo excepcionalmente c\u00f3modo. Si buscas una pala que ofrezca precisi\u00f3n en cada punto y estabilidad en el juego, la Krakatoa est\u00e1 pensada para ti.","robots":{"index":"index","follow":"follow","max-snippet":"max-snippet:-1","max-image-preview":"max-image-preview:large","max-video-preview":"max-video-preview:-1"},"canonical":"https:\/\/revolutionpadelstore.com\/de\/produkt\/kombat-krakatoa\/","og_locale":"de_DE","og_type":"article","og_title":"KOMBAT KRAKATOA - Revolution Padel Store","og_description":"La Kombat Krakatoa es una pala de molde redondo que destaca dentro de la colecci\u00f3n Vulcano, inspirada en la potencia y estabilidad del volc\u00e1n Krakatoa. Dise\u00f1ada para proporcionar un control absoluto en cada golpe, esta pala combina precisi\u00f3n y agilidad, ofreciendo una zona dulce perfectamente centrada. Con un balance orientado hacia la empu\u00f1adura, gracias a su innovador patr\u00f3n de agujeros, la Kombat Krakatoa proporciona un manejo excepcionalmente c\u00f3modo. Si buscas una pala que ofrezca precisi\u00f3n en cada punto y estabilidad en el juego, la Krakatoa est\u00e1 pensada para ti.","og_url":"https:\/\/revolutionpadelstore.com\/de\/produkt\/kombat-krakatoa\/","og_site_name":"Revolution Padel Store","article_modified_time":"2026-04-01T04:51:57+00:00","og_image":[{"width":1500,"height":1500,"url":"https:\/\/revolutionpadelstore.com\/wp-content\/uploads\/2024\/11\/115024_pala_kombat_krakatoa_1500x1500_1_7937.webp","type":"image\/webp"}],"twitter_card":"summary_large_image","twitter_misc":{"Gesch\u00e4tzte Lesezeit":"2\u00a0Minuten"},"schema":{"@context":"https:\/\/schema.org","@graph":[{"@type":"WebPage","@id":"https:\/\/revolutionpadelstore.com\/de\/produkt\/kombat-krakatoa\/","url":"https:\/\/revolutionpadelstore.com\/de\/produkt\/kombat-krakatoa\/","name":"KOMBAT KRAKATOA - Revolution Padel Store","isPartOf":{"@id":"https:\/\/revolutionpadelstore.com\/de\/#website"},"primaryImageOfPage":{"@id":"https:\/\/revolutionpadelstore.com\/de\/produkt\/kombat-krakatoa\/#primaryimage"},"image":{"@id":"https:\/\/revolutionpadelstore.com\/de\/produkt\/kombat-krakatoa\/#primaryimage"},"thumbnailUrl":"https:\/\/revolutionpadelstore.com\/wp-content\/uploads\/2024\/11\/115024_pala_kombat_krakatoa_1500x1500_1_7937.webp","datePublished":"2024-11-23T10:51:43+00:00","dateModified":"2026-04-01T04:51:57+00:00","description":"La Kombat Krakatoa es una pala de molde redondo que destaca dentro de la colecci\u00f3n Vulcano, inspirada en la potencia y estabilidad del volc\u00e1n Krakatoa. Dise\u00f1ada para proporcionar un control absoluto en cada golpe, esta pala combina precisi\u00f3n y agilidad, ofreciendo una zona dulce perfectamente centrada. Con un balance orientado hacia la empu\u00f1adura, gracias a su innovador patr\u00f3n de agujeros, la Kombat Krakatoa proporciona un manejo excepcionalmente c\u00f3modo. Si buscas una pala que ofrezca precisi\u00f3n en cada punto y estabilidad en el juego, la Krakatoa est\u00e1 pensada para ti.","breadcrumb":{"@id":"https:\/\/revolutionpadelstore.com\/de\/produkt\/kombat-krakatoa\/#breadcrumb"},"inLanguage":"de","potentialAction":[{"@type":"ReadAction","target":["https:\/\/revolutionpadelstore.com\/de\/produkt\/kombat-krakatoa\/"]}]},{"@type":"ImageObject","inLanguage":"de","@id":"https:\/\/revolutionpadelstore.com\/de\/produkt\/kombat-krakatoa\/#primaryimage","url":"https:\/\/revolutionpadelstore.com\/wp-content\/uploads\/2024\/11\/115024_pala_kombat_krakatoa_1500x1500_1_7937.webp","contentUrl":"https:\/\/revolutionpadelstore.com\/wp-content\/uploads\/2024\/11\/115024_pala_kombat_krakatoa_1500x1500_1_7937.webp","width":1500,"height":1500},{"@type":"BreadcrumbList","@id":"https:\/\/revolutionpadelstore.com\/de\/produkt\/kombat-krakatoa\/#breadcrumb","itemListElement":[{"@type":"ListItem","position":1,"name":"Portada","item":"https:\/\/revolutionpadelstore.com\/de\/"},{"@type":"ListItem","position":2,"name":"Shop","item":"https:\/\/revolutionpadelstore.com\/de\/tienda\/"},{"@type":"ListItem","position":3,"name":"KOMBAT KRAKATOA"}]},{"@type":"WebSite","@id":"https:\/\/revolutionpadelstore.com\/de\/#website","url":"https:\/\/revolutionpadelstore.com\/de\/","name":"Revolution Padel Store","description":"","publisher":{"@id":"https:\/\/revolutionpadelstore.com\/de\/#organization"},"potentialAction":[{"@type":"SearchAction","target":{"@type":"EntryPoint","urlTemplate":"https:\/\/revolutionpadelstore.com\/de\/?s={search_term_string}"},"query-input":{"@type":"PropertyValueSpecification","valueRequired":true,"valueName":"search_term_string"}}],"inLanguage":"de"},{"@type":"Organization","@id":"https:\/\/revolutionpadelstore.com\/de\/#organization","name":"Revolution Padel Store","url":"https:\/\/revolutionpadelstore.com\/de\/","logo":{"@type":"ImageObject","inLanguage":"de","@id":"https:\/\/revolutionpadelstore.com\/de\/#\/schema\/logo\/image\/","url":"https:\/\/revolutionpadelstore.com\/wp-content\/uploads\/2026\/02\/revolution-padel-store.jpg","contentUrl":"https:\/\/revolutionpadelstore.com\/wp-content\/uploads\/2026\/02\/revolution-padel-store.jpg","width":2000,"height":2000,"caption":"Revolution Padel Store"},"image":{"@id":"https:\/\/revolutionpadelstore.com\/de\/#\/schema\/logo\/image\/"},"sameAs":["https:\/\/www.instagram.com\/revolutionpadelstore\/"]}]}},"_links":{"self":[{"href":"https:\/\/revolutionpadelstore.com\/de\/wp-json\/wp\/v2\/product\/125192","targetHints":{"allow":["GET"]}}],"collection":[{"href":"https:\/\/revolutionpadelstore.com\/de\/wp-json\/wp\/v2\/product"}],"about":[{"href":"https:\/\/revolutionpadelstore.com\/de\/wp-json\/wp\/v2\/types\/product"}],"replies":[{"embeddable":true,"href":"https:\/\/revolutionpadelstore.com\/de\/wp-json\/wp\/v2\/comments?post=125192"}],"wp:featuredmedia":[{"embeddable":true,"href":"https:\/\/revolutionpadelstore.com\/de\/wp-json\/wp\/v2\/media\/125163"}],"wp:attachment":[{"href":"https:\/\/revolutionpadelstore.com\/de\/wp-json\/wp\/v2\/media?parent=125192"}],"wp:term":[{"taxonomy":"acabado","embeddable":true,"href":"https:\/\/revolutionpadelstore.com\/de\/wp-json\/wp\/v2\/acabado?post=125192"},{"taxonomy":"balance","embeddable":true,"href":"https:\/\/revolutionpadelstore.com\/de\/wp-json\/wp\/v2\/balance?post=125192"},{"taxonomy":"dureza","embeddable":true,"href":"https:\/\/revolutionpadelstore.com\/de\/wp-json\/wp\/v2\/dureza?post=125192"},{"taxonomy":"forma","embeddable":true,"href":"https:\/\/revolutionpadelstore.com\/de\/wp-json\/wp\/v2\/forma?post=125192"},{"taxonomy":"jugador","embeddable":true,"href":"https:\/\/revolutionpadelstore.com\/de\/wp-json\/wp\/v2\/jugador?post=125192"},{"taxonomy":"marca","embeddable":true,"href":"https:\/\/revolutionpadelstore.com\/de\/wp-json\/wp\/v2\/marca?post=125192"},{"taxonomy":"nivel-de-juego","embeddable":true,"href":"https:\/\/revolutionpadelstore.com\/de\/wp-json\/wp\/v2\/nivel-de-juego?post=125192"},{"taxonomy":"superficie","embeddable":true,"href":"https:\/\/revolutionpadelstore.com\/de\/wp-json\/wp\/v2\/superficie?post=125192"},{"taxonomy":"tipo-de-juego","embeddable":true,"href":"https:\/\/revolutionpadelstore.com\/de\/wp-json\/wp\/v2\/tipo-de-juego?post=125192"},{"taxonomy":"product_brand","embeddable":true,"href":"https:\/\/revolutionpadelstore.com\/de\/wp-json\/wp\/v2\/product_brand?post=125192"},{"taxonomy":"product_cat","embeddable":true,"href":"https:\/\/revolutionpadelstore.com\/de\/wp-json\/wp\/v2\/product_cat?post=125192"},{"taxonomy":"product_tag","embeddable":true,"href":"https:\/\/revolutionpadelstore.com\/de\/wp-json\/wp\/v2\/product_tag?post=125192"}],"curies":[{"name":"wp","href":"https:\/\/api.w.org\/{rel}","templated":true}]}}