{"id":12271,"date":"2024-04-22T15:26:27","date_gmt":"2024-04-22T13:26:27","guid":{"rendered":"https:\/\/revolutionpadelstore.com\/bolsa-bullpadel-bpp-22005-apa\/"},"modified":"2026-04-08T11:24:14","modified_gmt":"2026-04-08T09:24:14","slug":"bolsa-bullpadel-bpp-22005-apa-1","status":"publish","type":"product","link":"https:\/\/revolutionpadelstore.com\/de\/produkt\/bolsa-bullpadel-bpp-22005-apa-1\/","title":{"rendered":"BOLSA BULLPADEL BPP 22005 APA"},"content":{"rendered":"<p>Suchen Sie eine hochwertige Padel-Tasche, die Sie bei Ihren Padel-Matches begleitet? Dann suchen Sie nicht weiter! Im Revolution Padel Store haben wir das perfekte Accessoire f\u00fcr Sie: die BULLPADEL BPP 22005 APA BAG, die offizielle Padel-Tasche des argentinischen Verbandes.<\/p>\n<p> Diese Padel-Tasche wurde speziell f\u00fcr Padel-Liebhaber entwickelt und verf\u00fcgt \u00fcber ein gro\u00dfes Hauptfach, in dem Sie alles verstauen k\u00f6nnen, was Sie f\u00fcr Ihre Spiele ben\u00f6tigen. Dar\u00fcber hinaus verf\u00fcgt er \u00fcber zwei Thermof\u00e4cher mit Platz f\u00fcr vier Schl\u00e4ger, ein separates und bel\u00fcftetes Fach f\u00fcr schmutzige Kleidung und Schuhe sowie eine seitliche Au\u00dfentasche f\u00fcr Kleinteile.<\/p>\n<p> Mit den Ma\u00dfen 60 x 30 x 40 cm und Riemen, die es Ihnen erm\u00f6glichen, sie bequem als Rucksack zu tragen, ist diese Padel-Tasche perfekt, um alles, was Sie brauchen, auf den Platz zu transportieren. Und das Beste daran ist, dass Sie es im Revolution Padel Store kaufen k\u00f6nnen, dem f\u00fchrenden Gesch\u00e4ft f\u00fcr Padel-Artikel.<\/p>\n<p> Warten Sie nicht l\u00e4nger und holen Sie sich die Padel-Tasche der Argentinischen F\u00f6deration im Revolution Padel Store. Sie werden es nicht bereuen! Kaufen Sie jetzt die BULLPADEL BPP 22005 APA BAG und tragen Sie den Geist der Argentinischen F\u00f6deration bei jedem Spiel bei sich.<\/p>\n","protected":false},"excerpt":{"rendered":"<p>Kaufen Sie die BULLPADEL BPP 22005 APA-Tasche im Revolution Padel Store. Padel-Tasche des argentinischen Verbandes mit viel Platz und F\u00e4chern.<\/p>\n","protected":false},"featured_media":31992,"comment_status":"closed","ping_status":"closed","template":"","meta":{"_acf_changed":false,"_joinchat":[]},"acabado":[],"balance":[],"dureza":[],"forma":[],"jugador":[],"marca":[1254],"nivel-de-juego":[],"superficie":[],"tipo-de-juego":[],"product_brand":[],"product_cat":[314],"product_tag":[],"class_list":{"0":"post-12271","1":"product","2":"type-product","3":"status-publish","4":"has-post-thumbnail","6":"marca-bullpadel-de","7":"product_cat-taschen","9":"first","10":"outofstock","11":"sale","12":"taxable","13":"shipping-taxable","14":"purchasable","15":"product-type-simple"},"acf":[],"yoast_head":"<!-- This site is optimized with the Yoast SEO plugin v27.4 - https:\/\/yoast.com\/product\/yoast-seo-wordpress\/ -->\n<title>BOLSA BULLPADEL BPP 22005 APA - Revolution Padel Store<\/title>\n<meta name=\"description\" content=\"Compra la bolsa BULLPADEL BPP 22005 APA en Revolution Padel Store. Paletero de la Federaci\u00f3n Argentina con amplio espacio y compartimentos.\" \/>\n<meta name=\"robots\" content=\"index, follow, max-snippet:-1, max-image-preview:large, max-video-preview:-1\" \/>\n<link rel=\"canonical\" href=\"https:\/\/revolutionpadelstore.com\/de\/produkt\/bolsa-bullpadel-bpp-22005-apa-1\/\" \/>\n<meta property=\"og:locale\" content=\"de_DE\" \/>\n<meta property=\"og:type\" content=\"article\" \/>\n<meta property=\"og:title\" content=\"BOLSA BULLPADEL BPP 22005 APA - Revolution Padel Store\" \/>\n<meta property=\"og:description\" content=\"Compra la bolsa BULLPADEL BPP 22005 APA en Revolution Padel Store. Paletero de la Federaci\u00f3n Argentina con amplio espacio y compartimentos.\" \/>\n<meta property=\"og:url\" content=\"https:\/\/revolutionpadelstore.com\/de\/produkt\/bolsa-bullpadel-bpp-22005-apa-1\/\" \/>\n<meta property=\"og:site_name\" content=\"Revolution Padel Store\" \/>\n<meta property=\"article:modified_time\" content=\"2026-04-08T09:24:14+00:00\" \/>\n<meta property=\"og:image\" content=\"https:\/\/revolutionpadelstore.com\/wp-content\/uploads\/2024\/04\/BM41004000-0-4.jpg\" \/>\n\t<meta property=\"og:image:width\" content=\"1000\" \/>\n\t<meta property=\"og:image:height\" content=\"1188\" \/>\n\t<meta property=\"og:image:type\" content=\"image\/png\" \/>\n<meta name=\"twitter:card\" content=\"summary_large_image\" \/>\n<meta name=\"twitter:label1\" content=\"Gesch\u00e4tzte Lesezeit\" \/>\n\t<meta name=\"twitter:data1\" content=\"1\u00a0Minute\" \/>\n<script type=\"application\/ld+json\" class=\"yoast-schema-graph\">{\"@context\":\"https:\\\/\\\/schema.org\",\"@graph\":[{\"@type\":\"WebPage\",\"@id\":\"https:\\\/\\\/revolutionpadelstore.com\\\/de\\\/produkt\\\/bolsa-bullpadel-bpp-22005-apa-1\\\/\",\"url\":\"https:\\\/\\\/revolutionpadelstore.com\\\/de\\\/produkt\\\/bolsa-bullpadel-bpp-22005-apa-1\\\/\",\"name\":\"BOLSA BULLPADEL BPP 22005 APA - Revolution Padel Store\",\"isPartOf\":{\"@id\":\"https:\\\/\\\/revolutionpadelstore.com\\\/de\\\/#website\"},\"primaryImageOfPage\":{\"@id\":\"https:\\\/\\\/revolutionpadelstore.com\\\/de\\\/produkt\\\/bolsa-bullpadel-bpp-22005-apa-1\\\/#primaryimage\"},\"image\":{\"@id\":\"https:\\\/\\\/revolutionpadelstore.com\\\/de\\\/produkt\\\/bolsa-bullpadel-bpp-22005-apa-1\\\/#primaryimage\"},\"thumbnailUrl\":\"https:\\\/\\\/revolutionpadelstore.com\\\/wp-content\\\/uploads\\\/2024\\\/04\\\/BM41004000-0-4.jpg\",\"datePublished\":\"2024-04-22T13:26:27+00:00\",\"dateModified\":\"2026-04-08T09:24:14+00:00\",\"description\":\"Compra la bolsa BULLPADEL BPP 22005 APA en Revolution Padel Store. Paletero de la Federaci\u00f3n Argentina con amplio espacio y compartimentos.\",\"breadcrumb\":{\"@id\":\"https:\\\/\\\/revolutionpadelstore.com\\\/de\\\/produkt\\\/bolsa-bullpadel-bpp-22005-apa-1\\\/#breadcrumb\"},\"inLanguage\":\"de\",\"potentialAction\":[{\"@type\":\"ReadAction\",\"target\":[\"https:\\\/\\\/revolutionpadelstore.com\\\/de\\\/produkt\\\/bolsa-bullpadel-bpp-22005-apa-1\\\/\"]}]},{\"@type\":\"ImageObject\",\"inLanguage\":\"de\",\"@id\":\"https:\\\/\\\/revolutionpadelstore.com\\\/de\\\/produkt\\\/bolsa-bullpadel-bpp-22005-apa-1\\\/#primaryimage\",\"url\":\"https:\\\/\\\/revolutionpadelstore.com\\\/wp-content\\\/uploads\\\/2024\\\/04\\\/BM41004000-0-4.jpg\",\"contentUrl\":\"https:\\\/\\\/revolutionpadelstore.com\\\/wp-content\\\/uploads\\\/2024\\\/04\\\/BM41004000-0-4.jpg\",\"width\":1000,\"height\":1188},{\"@type\":\"BreadcrumbList\",\"@id\":\"https:\\\/\\\/revolutionpadelstore.com\\\/de\\\/produkt\\\/bolsa-bullpadel-bpp-22005-apa-1\\\/#breadcrumb\",\"itemListElement\":[{\"@type\":\"ListItem\",\"position\":1,\"name\":\"Portada\",\"item\":\"https:\\\/\\\/revolutionpadelstore.com\\\/de\\\/\"},{\"@type\":\"ListItem\",\"position\":2,\"name\":\"Shop\",\"item\":\"https:\\\/\\\/revolutionpadelstore.com\\\/de\\\/tienda\\\/\"},{\"@type\":\"ListItem\",\"position\":3,\"name\":\"BOLSA BULLPADEL BPP 22005 APA\"}]},{\"@type\":\"WebSite\",\"@id\":\"https:\\\/\\\/revolutionpadelstore.com\\\/de\\\/#website\",\"url\":\"https:\\\/\\\/revolutionpadelstore.com\\\/de\\\/\",\"name\":\"Revolution Padel Store\",\"description\":\"\",\"publisher\":{\"@id\":\"https:\\\/\\\/revolutionpadelstore.com\\\/de\\\/#organization\"},\"potentialAction\":[{\"@type\":\"SearchAction\",\"target\":{\"@type\":\"EntryPoint\",\"urlTemplate\":\"https:\\\/\\\/revolutionpadelstore.com\\\/de\\\/?s={search_term_string}\"},\"query-input\":{\"@type\":\"PropertyValueSpecification\",\"valueRequired\":true,\"valueName\":\"search_term_string\"}}],\"inLanguage\":\"de\"},{\"@type\":\"Organization\",\"@id\":\"https:\\\/\\\/revolutionpadelstore.com\\\/de\\\/#organization\",\"name\":\"Revolution Padel Store\",\"url\":\"https:\\\/\\\/revolutionpadelstore.com\\\/de\\\/\",\"logo\":{\"@type\":\"ImageObject\",\"inLanguage\":\"de\",\"@id\":\"https:\\\/\\\/revolutionpadelstore.com\\\/de\\\/#\\\/schema\\\/logo\\\/image\\\/\",\"url\":\"https:\\\/\\\/revolutionpadelstore.com\\\/wp-content\\\/uploads\\\/2026\\\/02\\\/revolution-padel-store.jpg\",\"contentUrl\":\"https:\\\/\\\/revolutionpadelstore.com\\\/wp-content\\\/uploads\\\/2026\\\/02\\\/revolution-padel-store.jpg\",\"width\":2000,\"height\":2000,\"caption\":\"Revolution Padel Store\"},\"image\":{\"@id\":\"https:\\\/\\\/revolutionpadelstore.com\\\/de\\\/#\\\/schema\\\/logo\\\/image\\\/\"},\"sameAs\":[\"https:\\\/\\\/www.instagram.com\\\/revolutionpadelstore\\\/\"]}]}<\/script>\n<!-- \/ Yoast SEO plugin. -->","yoast_head_json":{"title":"BOLSA BULLPADEL BPP 22005 APA - Revolution Padel Store","description":"Compra la bolsa BULLPADEL BPP 22005 APA en Revolution Padel Store. Paletero de la Federaci\u00f3n Argentina con amplio espacio y compartimentos.","robots":{"index":"index","follow":"follow","max-snippet":"max-snippet:-1","max-image-preview":"max-image-preview:large","max-video-preview":"max-video-preview:-1"},"canonical":"https:\/\/revolutionpadelstore.com\/de\/produkt\/bolsa-bullpadel-bpp-22005-apa-1\/","og_locale":"de_DE","og_type":"article","og_title":"BOLSA BULLPADEL BPP 22005 APA - Revolution Padel Store","og_description":"Compra la bolsa BULLPADEL BPP 22005 APA en Revolution Padel Store. Paletero de la Federaci\u00f3n Argentina con amplio espacio y compartimentos.","og_url":"https:\/\/revolutionpadelstore.com\/de\/produkt\/bolsa-bullpadel-bpp-22005-apa-1\/","og_site_name":"Revolution Padel Store","article_modified_time":"2026-04-08T09:24:14+00:00","og_image":[{"width":1000,"height":1188,"url":"https:\/\/revolutionpadelstore.com\/wp-content\/uploads\/2024\/04\/BM41004000-0-4.jpg","type":"image\/png"}],"twitter_card":"summary_large_image","twitter_misc":{"Gesch\u00e4tzte Lesezeit":"1\u00a0Minute"},"schema":{"@context":"https:\/\/schema.org","@graph":[{"@type":"WebPage","@id":"https:\/\/revolutionpadelstore.com\/de\/produkt\/bolsa-bullpadel-bpp-22005-apa-1\/","url":"https:\/\/revolutionpadelstore.com\/de\/produkt\/bolsa-bullpadel-bpp-22005-apa-1\/","name":"BOLSA BULLPADEL BPP 22005 APA - Revolution Padel Store","isPartOf":{"@id":"https:\/\/revolutionpadelstore.com\/de\/#website"},"primaryImageOfPage":{"@id":"https:\/\/revolutionpadelstore.com\/de\/produkt\/bolsa-bullpadel-bpp-22005-apa-1\/#primaryimage"},"image":{"@id":"https:\/\/revolutionpadelstore.com\/de\/produkt\/bolsa-bullpadel-bpp-22005-apa-1\/#primaryimage"},"thumbnailUrl":"https:\/\/revolutionpadelstore.com\/wp-content\/uploads\/2024\/04\/BM41004000-0-4.jpg","datePublished":"2024-04-22T13:26:27+00:00","dateModified":"2026-04-08T09:24:14+00:00","description":"Compra la bolsa BULLPADEL BPP 22005 APA en Revolution Padel Store. Paletero de la Federaci\u00f3n Argentina con amplio espacio y compartimentos.","breadcrumb":{"@id":"https:\/\/revolutionpadelstore.com\/de\/produkt\/bolsa-bullpadel-bpp-22005-apa-1\/#breadcrumb"},"inLanguage":"de","potentialAction":[{"@type":"ReadAction","target":["https:\/\/revolutionpadelstore.com\/de\/produkt\/bolsa-bullpadel-bpp-22005-apa-1\/"]}]},{"@type":"ImageObject","inLanguage":"de","@id":"https:\/\/revolutionpadelstore.com\/de\/produkt\/bolsa-bullpadel-bpp-22005-apa-1\/#primaryimage","url":"https:\/\/revolutionpadelstore.com\/wp-content\/uploads\/2024\/04\/BM41004000-0-4.jpg","contentUrl":"https:\/\/revolutionpadelstore.com\/wp-content\/uploads\/2024\/04\/BM41004000-0-4.jpg","width":1000,"height":1188},{"@type":"BreadcrumbList","@id":"https:\/\/revolutionpadelstore.com\/de\/produkt\/bolsa-bullpadel-bpp-22005-apa-1\/#breadcrumb","itemListElement":[{"@type":"ListItem","position":1,"name":"Portada","item":"https:\/\/revolutionpadelstore.com\/de\/"},{"@type":"ListItem","position":2,"name":"Shop","item":"https:\/\/revolutionpadelstore.com\/de\/tienda\/"},{"@type":"ListItem","position":3,"name":"BOLSA BULLPADEL BPP 22005 APA"}]},{"@type":"WebSite","@id":"https:\/\/revolutionpadelstore.com\/de\/#website","url":"https:\/\/revolutionpadelstore.com\/de\/","name":"Revolution Padel Store","description":"","publisher":{"@id":"https:\/\/revolutionpadelstore.com\/de\/#organization"},"potentialAction":[{"@type":"SearchAction","target":{"@type":"EntryPoint","urlTemplate":"https:\/\/revolutionpadelstore.com\/de\/?s={search_term_string}"},"query-input":{"@type":"PropertyValueSpecification","valueRequired":true,"valueName":"search_term_string"}}],"inLanguage":"de"},{"@type":"Organization","@id":"https:\/\/revolutionpadelstore.com\/de\/#organization","name":"Revolution Padel Store","url":"https:\/\/revolutionpadelstore.com\/de\/","logo":{"@type":"ImageObject","inLanguage":"de","@id":"https:\/\/revolutionpadelstore.com\/de\/#\/schema\/logo\/image\/","url":"https:\/\/revolutionpadelstore.com\/wp-content\/uploads\/2026\/02\/revolution-padel-store.jpg","contentUrl":"https:\/\/revolutionpadelstore.com\/wp-content\/uploads\/2026\/02\/revolution-padel-store.jpg","width":2000,"height":2000,"caption":"Revolution Padel Store"},"image":{"@id":"https:\/\/revolutionpadelstore.com\/de\/#\/schema\/logo\/image\/"},"sameAs":["https:\/\/www.instagram.com\/revolutionpadelstore\/"]}]}},"_links":{"self":[{"href":"https:\/\/revolutionpadelstore.com\/de\/wp-json\/wp\/v2\/product\/12271","targetHints":{"allow":["GET"]}}],"collection":[{"href":"https:\/\/revolutionpadelstore.com\/de\/wp-json\/wp\/v2\/product"}],"about":[{"href":"https:\/\/revolutionpadelstore.com\/de\/wp-json\/wp\/v2\/types\/product"}],"replies":[{"embeddable":true,"href":"https:\/\/revolutionpadelstore.com\/de\/wp-json\/wp\/v2\/comments?post=12271"}],"wp:featuredmedia":[{"embeddable":true,"href":"https:\/\/revolutionpadelstore.com\/de\/wp-json\/wp\/v2\/media\/31992"}],"wp:attachment":[{"href":"https:\/\/revolutionpadelstore.com\/de\/wp-json\/wp\/v2\/media?parent=12271"}],"wp:term":[{"taxonomy":"acabado","embeddable":true,"href":"https:\/\/revolutionpadelstore.com\/de\/wp-json\/wp\/v2\/acabado?post=12271"},{"taxonomy":"balance","embeddable":true,"href":"https:\/\/revolutionpadelstore.com\/de\/wp-json\/wp\/v2\/balance?post=12271"},{"taxonomy":"dureza","embeddable":true,"href":"https:\/\/revolutionpadelstore.com\/de\/wp-json\/wp\/v2\/dureza?post=12271"},{"taxonomy":"forma","embeddable":true,"href":"https:\/\/revolutionpadelstore.com\/de\/wp-json\/wp\/v2\/forma?post=12271"},{"taxonomy":"jugador","embeddable":true,"href":"https:\/\/revolutionpadelstore.com\/de\/wp-json\/wp\/v2\/jugador?post=12271"},{"taxonomy":"marca","embeddable":true,"href":"https:\/\/revolutionpadelstore.com\/de\/wp-json\/wp\/v2\/marca?post=12271"},{"taxonomy":"nivel-de-juego","embeddable":true,"href":"https:\/\/revolutionpadelstore.com\/de\/wp-json\/wp\/v2\/nivel-de-juego?post=12271"},{"taxonomy":"superficie","embeddable":true,"href":"https:\/\/revolutionpadelstore.com\/de\/wp-json\/wp\/v2\/superficie?post=12271"},{"taxonomy":"tipo-de-juego","embeddable":true,"href":"https:\/\/revolutionpadelstore.com\/de\/wp-json\/wp\/v2\/tipo-de-juego?post=12271"},{"taxonomy":"product_brand","embeddable":true,"href":"https:\/\/revolutionpadelstore.com\/de\/wp-json\/wp\/v2\/product_brand?post=12271"},{"taxonomy":"product_cat","embeddable":true,"href":"https:\/\/revolutionpadelstore.com\/de\/wp-json\/wp\/v2\/product_cat?post=12271"},{"taxonomy":"product_tag","embeddable":true,"href":"https:\/\/revolutionpadelstore.com\/de\/wp-json\/wp\/v2\/product_tag?post=12271"}],"curies":[{"name":"wp","href":"https:\/\/api.w.org\/{rel}","templated":true}]}}