{"id":12061,"date":"2024-02-29T15:14:09","date_gmt":"2024-02-29T14:14:09","guid":{"rendered":"https:\/\/revolutionpadelstore.com\/adidas-adipower-multiweight-3-3\/"},"modified":"2026-04-08T16:15:13","modified_gmt":"2026-04-08T14:15:13","slug":"adidas-adipower-multiweight-3-3","status":"publish","type":"product","link":"https:\/\/revolutionpadelstore.com\/de\/produkt\/adidas-adipower-multiweight-3-3\/","title":{"rendered":"ADIDAS ADIPOWER MULTIWEIGHT 3.3"},"content":{"rendered":"<h2>Adidas Adipower Multiweight 3.3, mehr Geschwindigkeit und Kontrolle<\/h2>\n<p>Der <strong>Adidas Adipower Multiweight 3.3<\/strong> wurde f\u00fcr erfahrene Padelspieler entwickelt, die diesen Sport h\u00e4ufig und intensiv aus\u00fcben, und bietet hervorragende Kontrolle bei schnellen Bewegungen.<\/p>\n<p>Es hat eine runde Form, eine niedrige Balance und einen zentrierten Sweetspot, was es ideal macht, wenn Sie das Gef\u00fchl der Kontrolle und die einfache Handhabung verbessern m\u00f6chten.<\/p>\n<p>Aufgrund des an der Randschiene angebrachten Gewichtssystems <strong>Weight &amp; Balance System Multiweight<\/strong> verf\u00fcgt dieser Schl\u00e4ger \u00fcber die Besonderheit, dass er sein Gewicht ver\u00e4ndern kann, indem er bis zu 9 Gramm \u00fcber 7 Schrauben verteilt addiert, um die Balance anzupassen auf die Bed\u00fcrfnisse des Augenblicks.<\/p>\n<h3>Optimierter Widerstand<\/h3>\n<p>Was die Materialien betrifft, so besteht der Rahmen aus Kohlefaser, w\u00e4hrend f\u00fcr die Schlagfl\u00e4chen ineinander verschlungene 18K-Kohlefaserfilamente verwendet wurden. Dieses Material garantiert gro\u00dfe Haltbarkeit, Steifigkeit und Widerstandsf\u00e4higkeit.<\/p>\n<p>Im Kern hingegen finden wir hochdichten Gummi <strong>EVA High Memory<\/strong>, einen Schaumstoff, der sich durch h\u00f6chste Kraft bei schnellsten Schl\u00e4gen auszeichnet.<\/p>\n<h3>Schl\u00e4ge voller Wirbel<\/h3>\n<p>Ebenso verf\u00fcgt es \u00fcber eine interne Carbonrippe im Rahmen namens <strong>Power Embossed Ridge<\/strong>, die f\u00fcr die Erh\u00f6hung der Steifigkeit der Struktur verantwortlich ist. Dank des <strong>Dual Exoskeleton<\/strong> sind Rahmen und Kern des Schl\u00e4gers verst\u00e4rkt, sodass der Spieler bei jedem Schlag mehr Kraft aus\u00fcbt.<\/p>\n<p>Um die Haltbarkeit zu verbessern, enth\u00e4lt es au\u00dferdem eine <strong>Strukturverst\u00e4rkung<\/strong>, die aus Randverst\u00e4rkungen besteht, die hoher Torsion standhalten.<\/p>\n<p>Und mit der Absicht, dass der Spieler den Ball mit viel mehr Spin schlagen und seine Gegner leichter \u00fcberraschen kann, sind das <strong>Spin Blade Decal<\/strong>-Relief und die <strong>Smart Holes Curve<\/strong> integriert &gt;, eine Lochanordnung, die den Einsatz von Effekten erleichtern soll.<\/p>\n<h2>Adidas Adipower Multiweight 3.3, m\u00e1s velocidad y control<\/h2>\n","protected":false},"excerpt":{"rendered":"<p>Adidas Adipower Multiweight 3.3: Kraft und Kontrolle bei jedem Schlag. Mit einem einstellbaren Weight &amp; Balance-System bietet dieser Hochleistungsschl\u00e4ger optimalen Widerstand und Schl\u00e4ge voller Spin. Entwickelt f\u00fcr fortgeschrittene Spieler im Wettkampf.<\/p>\n","protected":false},"featured_media":62109,"comment_status":"open","ping_status":"closed","template":"","meta":{"_acf_changed":false,"_joinchat":[]},"acabado":[1084],"balance":[1134],"dureza":[1154],"forma":[1169],"jugador":[1189,1199],"marca":[1229],"nivel-de-juego":[1334],"superficie":[1359],"tipo-de-juego":[1369],"product_brand":[],"product_cat":[299],"product_tag":[],"class_list":{"0":"post-12061","1":"product","2":"type-product","3":"status-publish","4":"has-post-thumbnail","6":"acabado-kumpel","7":"balance-hoch","8":"dureza-media-de","9":"forma-diamante-de","10":"jugador-mann","11":"jugador-mehrzweck","12":"marca-adidas-de","13":"superficie-rugosa-de","14":"tipo-de-juego-kontrolle","15":"product_cat-palas-de-padel-de","17":"first","18":"instock","19":"sale","20":"taxable","21":"shipping-taxable","22":"purchasable","23":"product-type-simple"},"acf":[],"yoast_head":"<!-- This site is optimized with the Yoast SEO plugin v27.4 - https:\/\/yoast.com\/product\/yoast-seo-wordpress\/ -->\n<title>ADIDAS ADIPOWER MULTIWEIGHT 3.3 - Revolution Padel Store<\/title>\n<meta name=\"description\" content=\"Adidas Adipower Multiweight 3.3: Potencia y control en cada golpe. Con sistema Weight &amp; Balance ajustable, esta pala de alto rendimiento ofrece resistencia \u00f3ptima y golpes llenos de efecto. Dise\u00f1ada para jugadores avanzados en competici\u00f3n.\" \/>\n<meta name=\"robots\" content=\"index, follow, max-snippet:-1, max-image-preview:large, max-video-preview:-1\" \/>\n<link rel=\"canonical\" href=\"https:\/\/revolutionpadelstore.com\/de\/produkt\/adidas-adipower-multiweight-3-3\/\" \/>\n<meta property=\"og:locale\" content=\"de_DE\" \/>\n<meta property=\"og:type\" content=\"article\" \/>\n<meta property=\"og:title\" content=\"Adidas Adipower Multiweight 3.3\" \/>\n<meta property=\"og:description\" content=\"Adidas Adipower Multiweight 3.3: Potencia y control en cada golpe. Con sistema Weight &amp; Balance ajustable, esta pala de alto rendimiento ofrece resistencia \u00f3ptima y golpes llenos de efecto. Dise\u00f1ada para jugadores avanzados en competici\u00f3n.\" \/>\n<meta property=\"og:url\" content=\"https:\/\/revolutionpadelstore.com\/de\/produkt\/adidas-adipower-multiweight-3-3\/\" \/>\n<meta property=\"og:site_name\" content=\"Revolution Padel Store\" \/>\n<meta property=\"article:modified_time\" content=\"2026-04-08T14:15:13+00:00\" \/>\n<meta property=\"og:image\" content=\"https:\/\/revolutionpadelstore.com\/wp-content\/uploads\/2024\/02\/110129_padel_webs_padel_y_grupo_pala_adidas_adipower_multiweight_3_3_adrk1aa2u0_835a-4.webp\" \/>\n\t<meta property=\"og:image:width\" content=\"1500\" \/>\n\t<meta property=\"og:image:height\" content=\"1500\" \/>\n\t<meta property=\"og:image:type\" content=\"image\/webp\" \/>\n<meta name=\"twitter:card\" content=\"summary_large_image\" \/>\n<meta name=\"twitter:label1\" content=\"Gesch\u00e4tzte Lesezeit\" \/>\n\t<meta name=\"twitter:data1\" content=\"2\u00a0Minuten\" \/>\n<script type=\"application\/ld+json\" class=\"yoast-schema-graph\">{\"@context\":\"https:\\\/\\\/schema.org\",\"@graph\":[{\"@type\":\"WebPage\",\"@id\":\"https:\\\/\\\/revolutionpadelstore.com\\\/de\\\/produkt\\\/adidas-adipower-multiweight-3-3\\\/\",\"url\":\"https:\\\/\\\/revolutionpadelstore.com\\\/de\\\/produkt\\\/adidas-adipower-multiweight-3-3\\\/\",\"name\":\"ADIDAS ADIPOWER MULTIWEIGHT 3.3 - Revolution Padel Store\",\"isPartOf\":{\"@id\":\"https:\\\/\\\/revolutionpadelstore.com\\\/de\\\/#website\"},\"primaryImageOfPage\":{\"@id\":\"https:\\\/\\\/revolutionpadelstore.com\\\/de\\\/produkt\\\/adidas-adipower-multiweight-3-3\\\/#primaryimage\"},\"image\":{\"@id\":\"https:\\\/\\\/revolutionpadelstore.com\\\/de\\\/produkt\\\/adidas-adipower-multiweight-3-3\\\/#primaryimage\"},\"thumbnailUrl\":\"https:\\\/\\\/revolutionpadelstore.com\\\/wp-content\\\/uploads\\\/2024\\\/02\\\/110129_padel_webs_padel_y_grupo_pala_adidas_adipower_multiweight_3_3_adrk1aa2u0_835a-1.webp\",\"datePublished\":\"2024-02-29T14:14:09+00:00\",\"dateModified\":\"2026-04-08T14:15:13+00:00\",\"description\":\"Adidas Adipower Multiweight 3.3: Potencia y control en cada golpe. Con sistema Weight & Balance ajustable, esta pala de alto rendimiento ofrece resistencia \u00f3ptima y golpes llenos de efecto. Dise\u00f1ada para jugadores avanzados en competici\u00f3n.\",\"breadcrumb\":{\"@id\":\"https:\\\/\\\/revolutionpadelstore.com\\\/de\\\/produkt\\\/adidas-adipower-multiweight-3-3\\\/#breadcrumb\"},\"inLanguage\":\"de\",\"potentialAction\":[{\"@type\":\"ReadAction\",\"target\":[\"https:\\\/\\\/revolutionpadelstore.com\\\/de\\\/produkt\\\/adidas-adipower-multiweight-3-3\\\/\"]}]},{\"@type\":\"ImageObject\",\"inLanguage\":\"de\",\"@id\":\"https:\\\/\\\/revolutionpadelstore.com\\\/de\\\/produkt\\\/adidas-adipower-multiweight-3-3\\\/#primaryimage\",\"url\":\"https:\\\/\\\/revolutionpadelstore.com\\\/wp-content\\\/uploads\\\/2024\\\/02\\\/110129_padel_webs_padel_y_grupo_pala_adidas_adipower_multiweight_3_3_adrk1aa2u0_835a-1.webp\",\"contentUrl\":\"https:\\\/\\\/revolutionpadelstore.com\\\/wp-content\\\/uploads\\\/2024\\\/02\\\/110129_padel_webs_padel_y_grupo_pala_adidas_adipower_multiweight_3_3_adrk1aa2u0_835a-1.webp\",\"width\":1500,\"height\":1500},{\"@type\":\"BreadcrumbList\",\"@id\":\"https:\\\/\\\/revolutionpadelstore.com\\\/de\\\/produkt\\\/adidas-adipower-multiweight-3-3\\\/#breadcrumb\",\"itemListElement\":[{\"@type\":\"ListItem\",\"position\":1,\"name\":\"Portada\",\"item\":\"https:\\\/\\\/revolutionpadelstore.com\\\/de\\\/\"},{\"@type\":\"ListItem\",\"position\":2,\"name\":\"Shop\",\"item\":\"https:\\\/\\\/revolutionpadelstore.com\\\/de\\\/tienda\\\/\"},{\"@type\":\"ListItem\",\"position\":3,\"name\":\"ADIDAS ADIPOWER MULTIWEIGHT 3.3\"}]},{\"@type\":\"WebSite\",\"@id\":\"https:\\\/\\\/revolutionpadelstore.com\\\/de\\\/#website\",\"url\":\"https:\\\/\\\/revolutionpadelstore.com\\\/de\\\/\",\"name\":\"Revolution Padel Store\",\"description\":\"\",\"publisher\":{\"@id\":\"https:\\\/\\\/revolutionpadelstore.com\\\/de\\\/#organization\"},\"potentialAction\":[{\"@type\":\"SearchAction\",\"target\":{\"@type\":\"EntryPoint\",\"urlTemplate\":\"https:\\\/\\\/revolutionpadelstore.com\\\/de\\\/?s={search_term_string}\"},\"query-input\":{\"@type\":\"PropertyValueSpecification\",\"valueRequired\":true,\"valueName\":\"search_term_string\"}}],\"inLanguage\":\"de\"},{\"@type\":\"Organization\",\"@id\":\"https:\\\/\\\/revolutionpadelstore.com\\\/de\\\/#organization\",\"name\":\"Revolution Padel Store\",\"url\":\"https:\\\/\\\/revolutionpadelstore.com\\\/de\\\/\",\"logo\":{\"@type\":\"ImageObject\",\"inLanguage\":\"de\",\"@id\":\"https:\\\/\\\/revolutionpadelstore.com\\\/de\\\/#\\\/schema\\\/logo\\\/image\\\/\",\"url\":\"https:\\\/\\\/revolutionpadelstore.com\\\/wp-content\\\/uploads\\\/2026\\\/02\\\/revolution-padel-store.jpg\",\"contentUrl\":\"https:\\\/\\\/revolutionpadelstore.com\\\/wp-content\\\/uploads\\\/2026\\\/02\\\/revolution-padel-store.jpg\",\"width\":2000,\"height\":2000,\"caption\":\"Revolution Padel Store\"},\"image\":{\"@id\":\"https:\\\/\\\/revolutionpadelstore.com\\\/de\\\/#\\\/schema\\\/logo\\\/image\\\/\"},\"sameAs\":[\"https:\\\/\\\/www.instagram.com\\\/revolutionpadelstore\\\/\"]}]}<\/script>\n<!-- \/ Yoast SEO plugin. -->","yoast_head_json":{"title":"ADIDAS ADIPOWER MULTIWEIGHT 3.3 - Revolution Padel Store","description":"Adidas Adipower Multiweight 3.3: Potencia y control en cada golpe. Con sistema Weight & Balance ajustable, esta pala de alto rendimiento ofrece resistencia \u00f3ptima y golpes llenos de efecto. Dise\u00f1ada para jugadores avanzados en competici\u00f3n.","robots":{"index":"index","follow":"follow","max-snippet":"max-snippet:-1","max-image-preview":"max-image-preview:large","max-video-preview":"max-video-preview:-1"},"canonical":"https:\/\/revolutionpadelstore.com\/de\/produkt\/adidas-adipower-multiweight-3-3\/","og_locale":"de_DE","og_type":"article","og_title":"Adidas Adipower Multiweight 3.3","og_description":"Adidas Adipower Multiweight 3.3: Potencia y control en cada golpe. Con sistema Weight & Balance ajustable, esta pala de alto rendimiento ofrece resistencia \u00f3ptima y golpes llenos de efecto. Dise\u00f1ada para jugadores avanzados en competici\u00f3n.","og_url":"https:\/\/revolutionpadelstore.com\/de\/produkt\/adidas-adipower-multiweight-3-3\/","og_site_name":"Revolution Padel Store","article_modified_time":"2026-04-08T14:15:13+00:00","og_image":[{"width":1500,"height":1500,"url":"https:\/\/revolutionpadelstore.com\/wp-content\/uploads\/2024\/02\/110129_padel_webs_padel_y_grupo_pala_adidas_adipower_multiweight_3_3_adrk1aa2u0_835a-4.webp","type":"image\/webp"}],"twitter_card":"summary_large_image","twitter_misc":{"Gesch\u00e4tzte Lesezeit":"2\u00a0Minuten"},"schema":{"@context":"https:\/\/schema.org","@graph":[{"@type":"WebPage","@id":"https:\/\/revolutionpadelstore.com\/de\/produkt\/adidas-adipower-multiweight-3-3\/","url":"https:\/\/revolutionpadelstore.com\/de\/produkt\/adidas-adipower-multiweight-3-3\/","name":"ADIDAS ADIPOWER MULTIWEIGHT 3.3 - Revolution Padel Store","isPartOf":{"@id":"https:\/\/revolutionpadelstore.com\/de\/#website"},"primaryImageOfPage":{"@id":"https:\/\/revolutionpadelstore.com\/de\/produkt\/adidas-adipower-multiweight-3-3\/#primaryimage"},"image":{"@id":"https:\/\/revolutionpadelstore.com\/de\/produkt\/adidas-adipower-multiweight-3-3\/#primaryimage"},"thumbnailUrl":"https:\/\/revolutionpadelstore.com\/wp-content\/uploads\/2024\/02\/110129_padel_webs_padel_y_grupo_pala_adidas_adipower_multiweight_3_3_adrk1aa2u0_835a-1.webp","datePublished":"2024-02-29T14:14:09+00:00","dateModified":"2026-04-08T14:15:13+00:00","description":"Adidas Adipower Multiweight 3.3: Potencia y control en cada golpe. Con sistema Weight & Balance ajustable, esta pala de alto rendimiento ofrece resistencia \u00f3ptima y golpes llenos de efecto. Dise\u00f1ada para jugadores avanzados en competici\u00f3n.","breadcrumb":{"@id":"https:\/\/revolutionpadelstore.com\/de\/produkt\/adidas-adipower-multiweight-3-3\/#breadcrumb"},"inLanguage":"de","potentialAction":[{"@type":"ReadAction","target":["https:\/\/revolutionpadelstore.com\/de\/produkt\/adidas-adipower-multiweight-3-3\/"]}]},{"@type":"ImageObject","inLanguage":"de","@id":"https:\/\/revolutionpadelstore.com\/de\/produkt\/adidas-adipower-multiweight-3-3\/#primaryimage","url":"https:\/\/revolutionpadelstore.com\/wp-content\/uploads\/2024\/02\/110129_padel_webs_padel_y_grupo_pala_adidas_adipower_multiweight_3_3_adrk1aa2u0_835a-1.webp","contentUrl":"https:\/\/revolutionpadelstore.com\/wp-content\/uploads\/2024\/02\/110129_padel_webs_padel_y_grupo_pala_adidas_adipower_multiweight_3_3_adrk1aa2u0_835a-1.webp","width":1500,"height":1500},{"@type":"BreadcrumbList","@id":"https:\/\/revolutionpadelstore.com\/de\/produkt\/adidas-adipower-multiweight-3-3\/#breadcrumb","itemListElement":[{"@type":"ListItem","position":1,"name":"Portada","item":"https:\/\/revolutionpadelstore.com\/de\/"},{"@type":"ListItem","position":2,"name":"Shop","item":"https:\/\/revolutionpadelstore.com\/de\/tienda\/"},{"@type":"ListItem","position":3,"name":"ADIDAS ADIPOWER MULTIWEIGHT 3.3"}]},{"@type":"WebSite","@id":"https:\/\/revolutionpadelstore.com\/de\/#website","url":"https:\/\/revolutionpadelstore.com\/de\/","name":"Revolution Padel Store","description":"","publisher":{"@id":"https:\/\/revolutionpadelstore.com\/de\/#organization"},"potentialAction":[{"@type":"SearchAction","target":{"@type":"EntryPoint","urlTemplate":"https:\/\/revolutionpadelstore.com\/de\/?s={search_term_string}"},"query-input":{"@type":"PropertyValueSpecification","valueRequired":true,"valueName":"search_term_string"}}],"inLanguage":"de"},{"@type":"Organization","@id":"https:\/\/revolutionpadelstore.com\/de\/#organization","name":"Revolution Padel Store","url":"https:\/\/revolutionpadelstore.com\/de\/","logo":{"@type":"ImageObject","inLanguage":"de","@id":"https:\/\/revolutionpadelstore.com\/de\/#\/schema\/logo\/image\/","url":"https:\/\/revolutionpadelstore.com\/wp-content\/uploads\/2026\/02\/revolution-padel-store.jpg","contentUrl":"https:\/\/revolutionpadelstore.com\/wp-content\/uploads\/2026\/02\/revolution-padel-store.jpg","width":2000,"height":2000,"caption":"Revolution Padel Store"},"image":{"@id":"https:\/\/revolutionpadelstore.com\/de\/#\/schema\/logo\/image\/"},"sameAs":["https:\/\/www.instagram.com\/revolutionpadelstore\/"]}]}},"_links":{"self":[{"href":"https:\/\/revolutionpadelstore.com\/de\/wp-json\/wp\/v2\/product\/12061","targetHints":{"allow":["GET"]}}],"collection":[{"href":"https:\/\/revolutionpadelstore.com\/de\/wp-json\/wp\/v2\/product"}],"about":[{"href":"https:\/\/revolutionpadelstore.com\/de\/wp-json\/wp\/v2\/types\/product"}],"replies":[{"embeddable":true,"href":"https:\/\/revolutionpadelstore.com\/de\/wp-json\/wp\/v2\/comments?post=12061"}],"wp:featuredmedia":[{"embeddable":true,"href":"https:\/\/revolutionpadelstore.com\/de\/wp-json\/wp\/v2\/media\/62109"}],"wp:attachment":[{"href":"https:\/\/revolutionpadelstore.com\/de\/wp-json\/wp\/v2\/media?parent=12061"}],"wp:term":[{"taxonomy":"acabado","embeddable":true,"href":"https:\/\/revolutionpadelstore.com\/de\/wp-json\/wp\/v2\/acabado?post=12061"},{"taxonomy":"balance","embeddable":true,"href":"https:\/\/revolutionpadelstore.com\/de\/wp-json\/wp\/v2\/balance?post=12061"},{"taxonomy":"dureza","embeddable":true,"href":"https:\/\/revolutionpadelstore.com\/de\/wp-json\/wp\/v2\/dureza?post=12061"},{"taxonomy":"forma","embeddable":true,"href":"https:\/\/revolutionpadelstore.com\/de\/wp-json\/wp\/v2\/forma?post=12061"},{"taxonomy":"jugador","embeddable":true,"href":"https:\/\/revolutionpadelstore.com\/de\/wp-json\/wp\/v2\/jugador?post=12061"},{"taxonomy":"marca","embeddable":true,"href":"https:\/\/revolutionpadelstore.com\/de\/wp-json\/wp\/v2\/marca?post=12061"},{"taxonomy":"nivel-de-juego","embeddable":true,"href":"https:\/\/revolutionpadelstore.com\/de\/wp-json\/wp\/v2\/nivel-de-juego?post=12061"},{"taxonomy":"superficie","embeddable":true,"href":"https:\/\/revolutionpadelstore.com\/de\/wp-json\/wp\/v2\/superficie?post=12061"},{"taxonomy":"tipo-de-juego","embeddable":true,"href":"https:\/\/revolutionpadelstore.com\/de\/wp-json\/wp\/v2\/tipo-de-juego?post=12061"},{"taxonomy":"product_brand","embeddable":true,"href":"https:\/\/revolutionpadelstore.com\/de\/wp-json\/wp\/v2\/product_brand?post=12061"},{"taxonomy":"product_cat","embeddable":true,"href":"https:\/\/revolutionpadelstore.com\/de\/wp-json\/wp\/v2\/product_cat?post=12061"},{"taxonomy":"product_tag","embeddable":true,"href":"https:\/\/revolutionpadelstore.com\/de\/wp-json\/wp\/v2\/product_tag?post=12061"}],"curies":[{"name":"wp","href":"https:\/\/api.w.org\/{rel}","templated":true}]}}