{"id":12056,"date":"2024-03-01T14:20:01","date_gmt":"2024-03-01T13:20:01","guid":{"rendered":"https:\/\/revolutionpadelstore.com\/adidas-metalbone-hrd-2024\/"},"modified":"2026-04-08T16:14:31","modified_gmt":"2026-04-08T14:14:31","slug":"adidas-metalbone-hrd-2024","status":"publish","type":"product","link":"https:\/\/revolutionpadelstore.com\/de\/produkt\/adidas-metalbone-hrd-2024\/","title":{"rendered":"ADIDAS METALBONE HRD+ 2024"},"content":{"rendered":"<h2>Adidas Metalbone HRD+ Kollektion 2024<\/h2>\n<p><strong>Adidas Metalbone HRD+<\/strong>, dieses Adidas-Schl\u00e4germodell stammt aus der <strong>2024<\/strong>-Kollektion. Es handelt sich um einen Schl\u00e4ger mit einem \u00fcbergro\u00dfen, rautenf\u00f6rmigen K\u00f6rper, der sich perfekt f\u00fcr Spieler auf professionellem Niveau eignet. Deshalb ist es der offizielle Schl\u00e4ger von <strong>Ale Gal\u00e1n<\/strong>.<\/p>\n<p>Mit dem \u00fcbergro\u00dfen Diamantk\u00f6rper und der hohen Balance spielt es mit Kraft. Es hat mehr Kontaktfl\u00e4che. Besiege deinen Rivalen mit <strong>Kraft und Aggressivit\u00e4t<\/strong>, um den entscheidenden Punkt zu erzielen.<\/p>\n<p><strong>Weight &amp; Balance System<\/em><\/strong>-Technologie exklusiv f\u00fcr Adidas. F\u00fcgen Sie dem Schl\u00e4ger anpassbare Gewichte hinzu oder entfernen Sie sie, um sein Gewicht und die Richtung seiner Balance zu \u00e4ndern und so Ihre Spieltechnik zu modifizieren.<\/p>\n<h2>Rennen f\u00fcr Spieler mit kraftvoller Technik<\/h2>\n<p>Der Rahmen besteht aus Kohlefaser mit ausgezeichneter Festigkeit und Haltbarkeit. Die Gesichter wurden mit <strong><em>Carbon Aluminized 2 to 1<\/em><\/strong> hergestellt. 2 zu 1 verwobene aluminisierte Kohlefaser, die eine harte und unflexible Oberfl\u00e4che erzeugt, auf der Sie mit gro\u00dfer Kraft treffen k\u00f6nnen.<\/p>\n<p>Im Kern befindet sich das<strong>EVA-Gummi<em>High Memory<\/em><\/strong>. Dieser hochdichte Gummi erm\u00f6glicht das Spielen mit B\u00e4llen, die sich mit hoher Geschwindigkeit bewegen. Sp\u00fcren Sie auch, wie Sie mit maximaler Kraft zuschlagen.<\/p>\n<p>Erzielen Sie unglaubliche Effekte mit den Technologien <strong>Spin Blade Decal<\/em> und <em>Smart Holes Curve<\/em><\/strong>. Eine raue Oberfl\u00e4che, die den Spin erh\u00f6ht und das Gef\u00fchl der Ballkontrolle erh\u00f6ht. Und erzielen Sie durch die Anordnung der W\u00fcrfel Effekte bei allen Treffern.<\/p>\n<h3>Ein solider und starker Schl\u00e4ger<\/h3>\n<p>Ein widerstandsf\u00e4higer und solider Schl\u00e4ger mit <strong>Octagonal Structure<\/em>&#8211; und <em>Structural Reinforcement<\/em><\/strong>-Technologie. Ein achteckiges Carbonrohr und eine Umfangsverst\u00e4rkung machen diesen Schl\u00e4ger verwindungssteif und weisen eine hervorragende Haltbarkeit auf. Und mit Metalbone Protector Tape, einem speziell entwickelten 3M-Klebeschutz, der den Schl\u00e4ger beim Spielen sch\u00fctzt.<\/p>\n<p>Es hat ein makelloses und minimalistisches Design mit dem Geh\u00e4use in Schwarz, dem Logo auf den Ebenen, der Br\u00fccke und dem Griff in Wei\u00df und Gal\u00e1ns Unterschrift in Rot.<\/p>\n<h2>Adidas Metalbone HRD+ colecci\u00f3n 2024<\/h2>\n","protected":false},"excerpt":{"rendered":"<p>Adidas Metalbone HRD+: Power und Kontrolle in einem Schl\u00e4ger, der f\u00fcr Profispieler entwickelt wurde. Kollektion 2024, mit \u00fcbergro\u00dfer Rautenform und exklusiven Technologien f\u00fcr \u00fcberraschende Effekte.<\/p>\n","protected":false},"featured_media":62117,"comment_status":"open","ping_status":"closed","template":"","meta":{"_acf_changed":false,"_joinchat":[]},"acabado":[1099],"balance":[1134],"dureza":[1159],"forma":[1169],"jugador":[1189,1199],"marca":[1229],"nivel-de-juego":[1334],"superficie":[1359],"tipo-de-juego":[1389],"product_brand":[],"product_cat":[299],"product_tag":[],"class_list":{"0":"post-12056","1":"product","2":"type-product","3":"status-publish","4":"has-post-thumbnail","6":"acabado-aluminium-carbon","7":"balance-hoch","8":"dureza-dura-de","9":"forma-diamante-de","10":"jugador-mann","11":"jugador-mehrzweck","12":"marca-adidas-de","13":"superficie-rugosa-de","14":"tipo-de-juego-avanzado-competicion-de","15":"product_cat-palas-de-padel-de","17":"first","18":"outofstock","19":"sale","20":"taxable","21":"shipping-taxable","22":"purchasable","23":"product-type-simple"},"acf":[],"yoast_head":"<!-- This site is optimized with the Yoast SEO plugin v27.4 - https:\/\/yoast.com\/product\/yoast-seo-wordpress\/ -->\n<title>ADIDAS METALBONE HRD+ 2024 - Revolution Padel Store<\/title>\n<meta name=\"description\" content=\"Adidas Metalbone HRD+: Potencia y control en una pala dise\u00f1ada para jugadores de nivel profesional. Colecci\u00f3n 2024, con forma de diamante oversize y tecnolog\u00edas exclusivas para efectos sorprendentes.\" \/>\n<meta name=\"robots\" content=\"index, follow, max-snippet:-1, max-image-preview:large, max-video-preview:-1\" \/>\n<link rel=\"canonical\" href=\"https:\/\/revolutionpadelstore.com\/de\/produkt\/adidas-metalbone-hrd-2024\/\" \/>\n<meta property=\"og:locale\" content=\"de_DE\" \/>\n<meta property=\"og:type\" content=\"article\" \/>\n<meta property=\"og:title\" content=\"ADIDAS METALBONE HRD+ 2024\" \/>\n<meta property=\"og:description\" content=\"Adidas Metalbone HRD+: Potencia y control en una pala dise\u00f1ada para jugadores de nivel profesional. Colecci\u00f3n 2024, con forma de diamante oversize y tecnolog\u00edas exclusivas para efectos sorprendentes.\" \/>\n<meta property=\"og:url\" content=\"https:\/\/revolutionpadelstore.com\/de\/produkt\/adidas-metalbone-hrd-2024\/\" \/>\n<meta property=\"og:site_name\" content=\"Revolution Padel Store\" \/>\n<meta property=\"article:modified_time\" content=\"2026-04-08T14:14:31+00:00\" \/>\n<meta property=\"og:image\" content=\"https:\/\/revolutionpadelstore.com\/wp-content\/uploads\/2024\/03\/110145_padel_webs_padel_y_grupo_pala_adidas_metalbone_hrd_adrk1aa1u0016f_1500x1_9bd9.webp\" \/>\n\t<meta property=\"og:image:width\" content=\"1500\" \/>\n\t<meta property=\"og:image:height\" content=\"1500\" \/>\n\t<meta property=\"og:image:type\" content=\"image\/webp\" \/>\n<meta name=\"twitter:card\" content=\"summary_large_image\" \/>\n<meta name=\"twitter:label1\" content=\"Gesch\u00e4tzte Lesezeit\" \/>\n\t<meta name=\"twitter:data1\" content=\"2\u00a0Minuten\" \/>\n<script type=\"application\/ld+json\" class=\"yoast-schema-graph\">{\"@context\":\"https:\\\/\\\/schema.org\",\"@graph\":[{\"@type\":\"WebPage\",\"@id\":\"https:\\\/\\\/revolutionpadelstore.com\\\/de\\\/produkt\\\/adidas-metalbone-hrd-2024\\\/\",\"url\":\"https:\\\/\\\/revolutionpadelstore.com\\\/de\\\/produkt\\\/adidas-metalbone-hrd-2024\\\/\",\"name\":\"ADIDAS METALBONE HRD+ 2024 - Revolution Padel Store\",\"isPartOf\":{\"@id\":\"https:\\\/\\\/revolutionpadelstore.com\\\/de\\\/#website\"},\"primaryImageOfPage\":{\"@id\":\"https:\\\/\\\/revolutionpadelstore.com\\\/de\\\/produkt\\\/adidas-metalbone-hrd-2024\\\/#primaryimage\"},\"image\":{\"@id\":\"https:\\\/\\\/revolutionpadelstore.com\\\/de\\\/produkt\\\/adidas-metalbone-hrd-2024\\\/#primaryimage\"},\"thumbnailUrl\":\"https:\\\/\\\/revolutionpadelstore.com\\\/wp-content\\\/uploads\\\/2024\\\/03\\\/110145_padel_webs_padel_y_grupo_pala_adidas_metalbone_hrd_adrk1aa1u0016f_1500x1_9bd9.webp\",\"datePublished\":\"2024-03-01T13:20:01+00:00\",\"dateModified\":\"2026-04-08T14:14:31+00:00\",\"description\":\"Adidas Metalbone HRD+: Potencia y control en una pala dise\u00f1ada para jugadores de nivel profesional. Colecci\u00f3n 2024, con forma de diamante oversize y tecnolog\u00edas exclusivas para efectos sorprendentes.\",\"breadcrumb\":{\"@id\":\"https:\\\/\\\/revolutionpadelstore.com\\\/de\\\/produkt\\\/adidas-metalbone-hrd-2024\\\/#breadcrumb\"},\"inLanguage\":\"de\",\"potentialAction\":[{\"@type\":\"ReadAction\",\"target\":[\"https:\\\/\\\/revolutionpadelstore.com\\\/de\\\/produkt\\\/adidas-metalbone-hrd-2024\\\/\"]}]},{\"@type\":\"ImageObject\",\"inLanguage\":\"de\",\"@id\":\"https:\\\/\\\/revolutionpadelstore.com\\\/de\\\/produkt\\\/adidas-metalbone-hrd-2024\\\/#primaryimage\",\"url\":\"https:\\\/\\\/revolutionpadelstore.com\\\/wp-content\\\/uploads\\\/2024\\\/03\\\/110145_padel_webs_padel_y_grupo_pala_adidas_metalbone_hrd_adrk1aa1u0016f_1500x1_9bd9.webp\",\"contentUrl\":\"https:\\\/\\\/revolutionpadelstore.com\\\/wp-content\\\/uploads\\\/2024\\\/03\\\/110145_padel_webs_padel_y_grupo_pala_adidas_metalbone_hrd_adrk1aa1u0016f_1500x1_9bd9.webp\",\"width\":1500,\"height\":1500},{\"@type\":\"BreadcrumbList\",\"@id\":\"https:\\\/\\\/revolutionpadelstore.com\\\/de\\\/produkt\\\/adidas-metalbone-hrd-2024\\\/#breadcrumb\",\"itemListElement\":[{\"@type\":\"ListItem\",\"position\":1,\"name\":\"Portada\",\"item\":\"https:\\\/\\\/revolutionpadelstore.com\\\/de\\\/\"},{\"@type\":\"ListItem\",\"position\":2,\"name\":\"Shop\",\"item\":\"https:\\\/\\\/revolutionpadelstore.com\\\/de\\\/tienda\\\/\"},{\"@type\":\"ListItem\",\"position\":3,\"name\":\"ADIDAS METALBONE HRD+ 2024\"}]},{\"@type\":\"WebSite\",\"@id\":\"https:\\\/\\\/revolutionpadelstore.com\\\/de\\\/#website\",\"url\":\"https:\\\/\\\/revolutionpadelstore.com\\\/de\\\/\",\"name\":\"Revolution Padel Store\",\"description\":\"\",\"publisher\":{\"@id\":\"https:\\\/\\\/revolutionpadelstore.com\\\/de\\\/#organization\"},\"potentialAction\":[{\"@type\":\"SearchAction\",\"target\":{\"@type\":\"EntryPoint\",\"urlTemplate\":\"https:\\\/\\\/revolutionpadelstore.com\\\/de\\\/?s={search_term_string}\"},\"query-input\":{\"@type\":\"PropertyValueSpecification\",\"valueRequired\":true,\"valueName\":\"search_term_string\"}}],\"inLanguage\":\"de\"},{\"@type\":\"Organization\",\"@id\":\"https:\\\/\\\/revolutionpadelstore.com\\\/de\\\/#organization\",\"name\":\"Revolution Padel Store\",\"url\":\"https:\\\/\\\/revolutionpadelstore.com\\\/de\\\/\",\"logo\":{\"@type\":\"ImageObject\",\"inLanguage\":\"de\",\"@id\":\"https:\\\/\\\/revolutionpadelstore.com\\\/de\\\/#\\\/schema\\\/logo\\\/image\\\/\",\"url\":\"https:\\\/\\\/revolutionpadelstore.com\\\/wp-content\\\/uploads\\\/2026\\\/02\\\/revolution-padel-store.jpg\",\"contentUrl\":\"https:\\\/\\\/revolutionpadelstore.com\\\/wp-content\\\/uploads\\\/2026\\\/02\\\/revolution-padel-store.jpg\",\"width\":2000,\"height\":2000,\"caption\":\"Revolution Padel Store\"},\"image\":{\"@id\":\"https:\\\/\\\/revolutionpadelstore.com\\\/de\\\/#\\\/schema\\\/logo\\\/image\\\/\"},\"sameAs\":[\"https:\\\/\\\/www.instagram.com\\\/revolutionpadelstore\\\/\"]}]}<\/script>\n<!-- \/ Yoast SEO plugin. -->","yoast_head_json":{"title":"ADIDAS METALBONE HRD+ 2024 - Revolution Padel Store","description":"Adidas Metalbone HRD+: Potencia y control en una pala dise\u00f1ada para jugadores de nivel profesional. Colecci\u00f3n 2024, con forma de diamante oversize y tecnolog\u00edas exclusivas para efectos sorprendentes.","robots":{"index":"index","follow":"follow","max-snippet":"max-snippet:-1","max-image-preview":"max-image-preview:large","max-video-preview":"max-video-preview:-1"},"canonical":"https:\/\/revolutionpadelstore.com\/de\/produkt\/adidas-metalbone-hrd-2024\/","og_locale":"de_DE","og_type":"article","og_title":"ADIDAS METALBONE HRD+ 2024","og_description":"Adidas Metalbone HRD+: Potencia y control en una pala dise\u00f1ada para jugadores de nivel profesional. Colecci\u00f3n 2024, con forma de diamante oversize y tecnolog\u00edas exclusivas para efectos sorprendentes.","og_url":"https:\/\/revolutionpadelstore.com\/de\/produkt\/adidas-metalbone-hrd-2024\/","og_site_name":"Revolution Padel Store","article_modified_time":"2026-04-08T14:14:31+00:00","og_image":[{"width":1500,"height":1500,"url":"https:\/\/revolutionpadelstore.com\/wp-content\/uploads\/2024\/03\/110145_padel_webs_padel_y_grupo_pala_adidas_metalbone_hrd_adrk1aa1u0016f_1500x1_9bd9.webp","type":"image\/webp"}],"twitter_card":"summary_large_image","twitter_misc":{"Gesch\u00e4tzte Lesezeit":"2\u00a0Minuten"},"schema":{"@context":"https:\/\/schema.org","@graph":[{"@type":"WebPage","@id":"https:\/\/revolutionpadelstore.com\/de\/produkt\/adidas-metalbone-hrd-2024\/","url":"https:\/\/revolutionpadelstore.com\/de\/produkt\/adidas-metalbone-hrd-2024\/","name":"ADIDAS METALBONE HRD+ 2024 - Revolution Padel Store","isPartOf":{"@id":"https:\/\/revolutionpadelstore.com\/de\/#website"},"primaryImageOfPage":{"@id":"https:\/\/revolutionpadelstore.com\/de\/produkt\/adidas-metalbone-hrd-2024\/#primaryimage"},"image":{"@id":"https:\/\/revolutionpadelstore.com\/de\/produkt\/adidas-metalbone-hrd-2024\/#primaryimage"},"thumbnailUrl":"https:\/\/revolutionpadelstore.com\/wp-content\/uploads\/2024\/03\/110145_padel_webs_padel_y_grupo_pala_adidas_metalbone_hrd_adrk1aa1u0016f_1500x1_9bd9.webp","datePublished":"2024-03-01T13:20:01+00:00","dateModified":"2026-04-08T14:14:31+00:00","description":"Adidas Metalbone HRD+: Potencia y control en una pala dise\u00f1ada para jugadores de nivel profesional. Colecci\u00f3n 2024, con forma de diamante oversize y tecnolog\u00edas exclusivas para efectos sorprendentes.","breadcrumb":{"@id":"https:\/\/revolutionpadelstore.com\/de\/produkt\/adidas-metalbone-hrd-2024\/#breadcrumb"},"inLanguage":"de","potentialAction":[{"@type":"ReadAction","target":["https:\/\/revolutionpadelstore.com\/de\/produkt\/adidas-metalbone-hrd-2024\/"]}]},{"@type":"ImageObject","inLanguage":"de","@id":"https:\/\/revolutionpadelstore.com\/de\/produkt\/adidas-metalbone-hrd-2024\/#primaryimage","url":"https:\/\/revolutionpadelstore.com\/wp-content\/uploads\/2024\/03\/110145_padel_webs_padel_y_grupo_pala_adidas_metalbone_hrd_adrk1aa1u0016f_1500x1_9bd9.webp","contentUrl":"https:\/\/revolutionpadelstore.com\/wp-content\/uploads\/2024\/03\/110145_padel_webs_padel_y_grupo_pala_adidas_metalbone_hrd_adrk1aa1u0016f_1500x1_9bd9.webp","width":1500,"height":1500},{"@type":"BreadcrumbList","@id":"https:\/\/revolutionpadelstore.com\/de\/produkt\/adidas-metalbone-hrd-2024\/#breadcrumb","itemListElement":[{"@type":"ListItem","position":1,"name":"Portada","item":"https:\/\/revolutionpadelstore.com\/de\/"},{"@type":"ListItem","position":2,"name":"Shop","item":"https:\/\/revolutionpadelstore.com\/de\/tienda\/"},{"@type":"ListItem","position":3,"name":"ADIDAS METALBONE HRD+ 2024"}]},{"@type":"WebSite","@id":"https:\/\/revolutionpadelstore.com\/de\/#website","url":"https:\/\/revolutionpadelstore.com\/de\/","name":"Revolution Padel Store","description":"","publisher":{"@id":"https:\/\/revolutionpadelstore.com\/de\/#organization"},"potentialAction":[{"@type":"SearchAction","target":{"@type":"EntryPoint","urlTemplate":"https:\/\/revolutionpadelstore.com\/de\/?s={search_term_string}"},"query-input":{"@type":"PropertyValueSpecification","valueRequired":true,"valueName":"search_term_string"}}],"inLanguage":"de"},{"@type":"Organization","@id":"https:\/\/revolutionpadelstore.com\/de\/#organization","name":"Revolution Padel Store","url":"https:\/\/revolutionpadelstore.com\/de\/","logo":{"@type":"ImageObject","inLanguage":"de","@id":"https:\/\/revolutionpadelstore.com\/de\/#\/schema\/logo\/image\/","url":"https:\/\/revolutionpadelstore.com\/wp-content\/uploads\/2026\/02\/revolution-padel-store.jpg","contentUrl":"https:\/\/revolutionpadelstore.com\/wp-content\/uploads\/2026\/02\/revolution-padel-store.jpg","width":2000,"height":2000,"caption":"Revolution Padel Store"},"image":{"@id":"https:\/\/revolutionpadelstore.com\/de\/#\/schema\/logo\/image\/"},"sameAs":["https:\/\/www.instagram.com\/revolutionpadelstore\/"]}]}},"_links":{"self":[{"href":"https:\/\/revolutionpadelstore.com\/de\/wp-json\/wp\/v2\/product\/12056","targetHints":{"allow":["GET"]}}],"collection":[{"href":"https:\/\/revolutionpadelstore.com\/de\/wp-json\/wp\/v2\/product"}],"about":[{"href":"https:\/\/revolutionpadelstore.com\/de\/wp-json\/wp\/v2\/types\/product"}],"replies":[{"embeddable":true,"href":"https:\/\/revolutionpadelstore.com\/de\/wp-json\/wp\/v2\/comments?post=12056"}],"wp:featuredmedia":[{"embeddable":true,"href":"https:\/\/revolutionpadelstore.com\/de\/wp-json\/wp\/v2\/media\/62117"}],"wp:attachment":[{"href":"https:\/\/revolutionpadelstore.com\/de\/wp-json\/wp\/v2\/media?parent=12056"}],"wp:term":[{"taxonomy":"acabado","embeddable":true,"href":"https:\/\/revolutionpadelstore.com\/de\/wp-json\/wp\/v2\/acabado?post=12056"},{"taxonomy":"balance","embeddable":true,"href":"https:\/\/revolutionpadelstore.com\/de\/wp-json\/wp\/v2\/balance?post=12056"},{"taxonomy":"dureza","embeddable":true,"href":"https:\/\/revolutionpadelstore.com\/de\/wp-json\/wp\/v2\/dureza?post=12056"},{"taxonomy":"forma","embeddable":true,"href":"https:\/\/revolutionpadelstore.com\/de\/wp-json\/wp\/v2\/forma?post=12056"},{"taxonomy":"jugador","embeddable":true,"href":"https:\/\/revolutionpadelstore.com\/de\/wp-json\/wp\/v2\/jugador?post=12056"},{"taxonomy":"marca","embeddable":true,"href":"https:\/\/revolutionpadelstore.com\/de\/wp-json\/wp\/v2\/marca?post=12056"},{"taxonomy":"nivel-de-juego","embeddable":true,"href":"https:\/\/revolutionpadelstore.com\/de\/wp-json\/wp\/v2\/nivel-de-juego?post=12056"},{"taxonomy":"superficie","embeddable":true,"href":"https:\/\/revolutionpadelstore.com\/de\/wp-json\/wp\/v2\/superficie?post=12056"},{"taxonomy":"tipo-de-juego","embeddable":true,"href":"https:\/\/revolutionpadelstore.com\/de\/wp-json\/wp\/v2\/tipo-de-juego?post=12056"},{"taxonomy":"product_brand","embeddable":true,"href":"https:\/\/revolutionpadelstore.com\/de\/wp-json\/wp\/v2\/product_brand?post=12056"},{"taxonomy":"product_cat","embeddable":true,"href":"https:\/\/revolutionpadelstore.com\/de\/wp-json\/wp\/v2\/product_cat?post=12056"},{"taxonomy":"product_tag","embeddable":true,"href":"https:\/\/revolutionpadelstore.com\/de\/wp-json\/wp\/v2\/product_tag?post=12056"}],"curies":[{"name":"wp","href":"https:\/\/api.w.org\/{rel}","templated":true}]}}